{"id":27054,"date":"2023-03-29T13:06:20","date_gmt":"2023-03-29T13:06:20","guid":{"rendered":"https:\/\/ton.connectingminds.net\/?page_id=27054"},"modified":"2024-02-22T13:33:40","modified_gmt":"2024-02-22T12:33:40","slug":"kundendienst","status":"publish","type":"page","link":"https:\/\/tonmerckxwielershirts.nl\/de\/klantenservice\/","title":{"rendered":"Kundendienst"},"content":{"rendered":"<div data-elementor-type=\"wp-page\" data-elementor-id=\"27054\" class=\"elementor elementor-27054\">\n\t\t\t\t\t\t<section class=\"elementor-section elementor-top-section elementor-element elementor-element-49048cd elementor-section-boxed elementor-section-height-default elementor-section-height-default\" data-id=\"49048cd\" data-element_type=\"section\" data-e-type=\"section\">\n\t\t\t\t\t\t<div class=\"elementor-container elementor-column-gap-default\">\n\t\t\t\t\t<div class=\"elementor-column elementor-col-100 elementor-top-column elementor-element elementor-element-50aa614\" data-id=\"50aa614\" data-element_type=\"column\" data-e-type=\"column\">\n\t\t\t<div class=\"elementor-widget-wrap elementor-element-populated\">\n\t\t\t\t\t\t<div class=\"elementor-element elementor-element-14eeed3 elementor-widget elementor-widget-heading\" data-id=\"14eeed3\" data-element_type=\"widget\" data-e-type=\"widget\" id=\"terms-conditions\" data-widget_type=\"heading.default\">\n\t\t\t\t<div class=\"elementor-widget-container\">\n\t\t\t\t\t<h2 class=\"elementor-heading-title elementor-size-default\">Gesch\u00e4ftsbedingungen<\/h2>\t\t\t\t<\/div>\n\t\t\t\t<\/div>\n\t\t\t\t<div class=\"elementor-element elementor-element-bcd8cf9 elementor-widget elementor-widget-text-editor\" data-id=\"bcd8cf9\" data-element_type=\"widget\" data-e-type=\"widget\" data-widget_type=\"text-editor.default\">\n\t\t\t\t<div class=\"elementor-widget-container\">\n\t\t\t\t\t\t\t\t\t<p>Bei der Bestellung bestellen Sie eine Nachbildung einer Original-Fahrradbekleidung. Dabei wird sowohl durch eine fotografische Kopie als auch durch manuelle Bearbeitung eine passende Vorlage f\u00fcr die Rad-Grundbekleidung erstellt. Dabei spielen verschiedene Aspekte wie abweichende Grundmodelle, Umwandlung grafischer Elemente, Entfernung von Kleidungsspuren und Verf\u00e4rbungen eine Rolle und f\u00fchren zu einem <strong>kundenspezifisches Produkt<\/strong>.<\/p><p>Bei Sonderanfertigungen besteht kein Widerrufsrecht. Dies bedeutet, dass eine R\u00fcckgabe individuell gestalteter Produkte nicht m\u00f6glich ist. Nur im Falle von <b>offensichtliche Fahrl\u00e4ssigkeit<\/b> Der Auftragsverarbeiter kann in Verzug mit der Auftragsbearbeitung geraten, Sie k\u00f6nnen dann \u00fcber dieses Formular eine Beschwerde einreichen.<\/p><p>Wir empfehlen Ihnen, die Prozessbeschreibung sorgf\u00e4ltig zu lesen, bevor Sie ein individuelles Produkt bestellen. Wenn Sie Fragen zu unseren ma\u00dfgeschneiderten Produkten haben, k\u00f6nnen Sie sich gerne an uns wenden.<\/p><p>Unsere AGB k\u00f6nnen Sie hier &gt;&gt;&gt; herunterladen<\/p>\t\t\t\t\t\t\t\t<\/div>\n\t\t\t\t<\/div>\n\t\t\t\t<div class=\"elementor-element elementor-element-290d4d9 elementor-widget elementor-widget-heading\" data-id=\"290d4d9\" data-element_type=\"widget\" data-e-type=\"widget\" id=\"delivery-conditions\" data-widget_type=\"heading.default\">\n\t\t\t\t<div class=\"elementor-widget-container\">\n\t\t\t\t\t<h2 class=\"elementor-heading-title elementor-size-default\">Lieferzeiten<\/h2>\t\t\t\t<\/div>\n\t\t\t\t<\/div>\n\t\t\t\t<div class=\"elementor-element elementor-element-d03a63d elementor-widget elementor-widget-text-editor\" data-id=\"d03a63d\" data-element_type=\"widget\" data-e-type=\"widget\" data-widget_type=\"text-editor.default\">\n\t\t\t\t<div class=\"elementor-widget-container\">\n\t\t\t\t\t\t\t\t\t<p>Die Lieferung erfolgt weltweit und auf fast allen offiziellen und <a href=\"https:\/\/developers.google.com\/maps\/documentation\/address-validation\">nachweisbare Wohnadressen<\/a>.<br \/>Die Lieferzeiten k\u00f6nnen je nach Land unterschiedlich sein. Im Durchschnitt betr\u00e4gt die Lieferzeit nach Auftragserteilung 3-4 Wochen.<\/p>\t\t\t\t\t\t\t\t<\/div>\n\t\t\t\t<\/div>\n\t\t\t\t<div class=\"elementor-element elementor-element-d7e30ca elementor-widget elementor-widget-heading\" data-id=\"d7e30ca\" data-element_type=\"widget\" data-e-type=\"widget\" id=\"not-satisfied\" data-widget_type=\"heading.default\">\n\t\t\t\t<div class=\"elementor-widget-container\">\n\t\t\t\t\t<h2 class=\"elementor-heading-title elementor-size-default\">Unzufrieden?<\/h2>\t\t\t\t<\/div>\n\t\t\t\t<\/div>\n\t\t\t\t<div class=\"elementor-element elementor-element-40deb68 elementor-widget elementor-widget-text-editor\" data-id=\"40deb68\" data-element_type=\"widget\" data-e-type=\"widget\" data-widget_type=\"text-editor.default\">\n\t\t\t\t<div class=\"elementor-widget-container\">\n\t\t\t\t\t\t\t\t\t<p>Wenn Sie nicht zufrieden sind oder eine Beschwerde haben, melden Sie dies bitte unserem Kundenservice. Das geht am besten \u00fcber uns <a href=\"https:\/\/tonmerckxwielershirts.nl\/de\/beschwerdeformular\/\">Beschwerdeformular<\/a>. Sie erhalten dann innerhalb von sieben Werktagen eine Antwort.<\/p><p><b><a href=\"https:\/\/tonmerckxwielershirts.nl\/de\/beschwerdeformular\/\">Reklamationsformular \/ Kundenservice &gt;&gt;&gt;<\/a><\/b><\/p><p>Wurde Ihre Beschwerde nach der Kontaktaufnahme mit unserem Kundenservice nicht gel\u00f6st? Dann k\u00f6nnen Sie dies schriftlich einreichen an:<\/p><p>Connecting Minds BV<br \/>Achtung: Vintage Cycling Replica Service<br \/>Uhrengeb\u00e4ude 254<br \/>5617AC Eindhoven<\/p><p>Senden Sie Ihre Beschwerde unter Angabe Ihres Namens, Ihrer Adresse, Ihres Wohnortes und Ihrer Bestellnummer an:<\/p><p>Eine definitive Antwort erhalten Sie innerhalb von sieben Werktagen nach der Eingangsbest\u00e4tigung.<\/p><p>Dar\u00fcber hinaus k\u00f6nnen Verbraucher etwaige Streitigkeiten online und in ihrer eigenen Sprache beim Europ\u00e4ischen Streitbeilegungsausschuss einreichen. Zu diesem Zweck hat die Europ\u00e4ische Kommission die Plattform zur Online-Streitbeilegung (OS) eingerichtet. \u00dcber diesen Link k\u00f6nnen Sie Ihre Beschwerde einreichen <a href=\"http:\/\/ec.europa.eu\/consumers\/odr\/\" target=\"_blank\" rel=\"noopener\">H<\/a><a href=\"http:\/\/ec.europa.eu\/consumers\/odr\/\" target=\"_blank\" rel=\"noopener\">ttp:\/\/ec.europa.eu\/consumers\/odr\/<\/a>.<\/p><p>Schauen Sie auch mal vorbei <a href=\"https:\/\/tonmerckxwielershirts.nl\/de\/methode\/\" target=\"_blank\" rel=\"noopener\">Methode und Bedingungen &gt;&gt;&gt;<\/a><\/p>\t\t\t\t\t\t\t\t<\/div>\n\t\t\t\t<\/div>\n\t\t\t\t<div class=\"elementor-element elementor-element-dacb4fe elementor-widget elementor-widget-spacer\" data-id=\"dacb4fe\" data-element_type=\"widget\" data-e-type=\"widget\" data-widget_type=\"spacer.default\">\n\t\t\t\t<div class=\"elementor-widget-container\">\n\t\t\t\t\t\t\t<div class=\"elementor-spacer\">\n\t\t\t<div class=\"elementor-spacer-inner\"><\/div>\n\t\t<\/div>\n\t\t\t\t\t\t<\/div>\n\t\t\t\t<\/div>\n\t\t\t\t\t<\/div>\n\t\t<\/div>\n\t\t\t\t\t<\/div>\n\t\t<\/section>\n\t\t\t\t<\/div>","protected":false},"excerpt":{"rendered":"<p>Algemene voorwaarden Je geeft bij een bestelling opdracht om een replica te vervaardigen van een originele wielerkleding. In dit proces wordt zowel een fotografische kopie als handmatige verwerking gebruikt om een geschikt template te maken voor de basis wielerkleding. Verschillende aspecten, zoals afwijkende basismodellen, omzetting van grafische elementen, verwijdering van kledingmerken en verkleuring, spelen hierbij [&hellip;]<\/p>\n","protected":false},"author":1,"featured_media":0,"parent":0,"menu_order":0,"comment_status":"closed","ping_status":"closed","template":"","meta":{"footnotes":""},"class_list":["post-27054","page","type-page","status-publish","hentry"],"yoast_head":"<!-- This site is optimized with the Yoast SEO plugin v27.3 - https:\/\/yoast.com\/product\/yoast-seo-wordpress\/ -->\n<title>Klantenservice - Ton Merckx Wielershirts - Rondreis door de wereld van wielershirts<\/title>\n<meta name=\"robots\" content=\"index, follow, max-snippet:-1, max-image-preview:large, max-video-preview:-1\" \/>\n<link rel=\"canonical\" href=\"https:\/\/ton.connectingminds.net\/ja\/\u9867\u5ba2\u30b5\u30fc\u30d3\u30b9\/\" \/>\n<meta property=\"og:locale\" content=\"de_DE\" \/>\n<meta property=\"og:type\" content=\"article\" \/>\n<meta property=\"og:title\" content=\"Klantenservice - Ton Merckx Wielershirts - Rondreis door de wereld van wielershirts\" \/>\n<meta property=\"og:description\" content=\"Algemene voorwaarden Je geeft bij een bestelling opdracht om een replica te vervaardigen van een originele wielerkleding. In dit proces wordt zowel een fotografische kopie als handmatige verwerking gebruikt om een geschikt template te maken voor de basis wielerkleding. Verschillende aspecten, zoals afwijkende basismodellen, omzetting van grafische elementen, verwijdering van kledingmerken en verkleuring, spelen hierbij [&hellip;]\" \/>\n<meta property=\"og:url\" content=\"https:\/\/ton.connectingminds.net\/ja\/\u9867\u5ba2\u30b5\u30fc\u30d3\u30b9\/\" \/>\n<meta property=\"og:site_name\" content=\"Ton Merckx Wielershirts - Rondreis door de wereld van wielershirts\" \/>\n<meta property=\"article:modified_time\" content=\"2024-02-22T12:33:40+00:00\" \/>\n<meta name=\"twitter:card\" content=\"summary_large_image\" \/>\n<meta name=\"twitter:label1\" content=\"Gesch\u00e4tzte Lesezeit\" \/>\n\t<meta name=\"twitter:data1\" content=\"2\u00a0Minuten\" \/>\n<script type=\"application\/ld+json\" class=\"yoast-schema-graph\">{\"@context\":\"https:\\\/\\\/schema.org\",\"@graph\":[{\"@type\":\"WebPage\",\"@id\":\"https:\\\/\\\/ton.connectingminds.net\\\/ja\\\/%e9%a1%a7%e5%ae%a2%e3%82%b5%e3%83%bc%e3%83%93%e3%82%b9\\\/\",\"url\":\"https:\\\/\\\/ton.connectingminds.net\\\/ja\\\/%e9%a1%a7%e5%ae%a2%e3%82%b5%e3%83%bc%e3%83%93%e3%82%b9\\\/\",\"name\":\"Klantenservice - Ton Merckx Wielershirts - Rondreis door de wereld van wielershirts\",\"isPartOf\":{\"@id\":\"https:\\\/\\\/tonmerckxwielershirts.nl\\\/es\\\/#website\"},\"datePublished\":\"2023-03-29T13:06:20+00:00\",\"dateModified\":\"2024-02-22T12:33:40+00:00\",\"breadcrumb\":{\"@id\":\"https:\\\/\\\/ton.connectingminds.net\\\/ja\\\/%e9%a1%a7%e5%ae%a2%e3%82%b5%e3%83%bc%e3%83%93%e3%82%b9\\\/#breadcrumb\"},\"inLanguage\":\"de\",\"potentialAction\":[{\"@type\":\"ReadAction\",\"target\":[\"https:\\\/\\\/ton.connectingminds.net\\\/ja\\\/%e9%a1%a7%e5%ae%a2%e3%82%b5%e3%83%bc%e3%83%93%e3%82%b9\\\/\"]}]},{\"@type\":\"BreadcrumbList\",\"@id\":\"https:\\\/\\\/ton.connectingminds.net\\\/ja\\\/%e9%a1%a7%e5%ae%a2%e3%82%b5%e3%83%bc%e3%83%93%e3%82%b9\\\/#breadcrumb\",\"itemListElement\":[{\"@type\":\"ListItem\",\"position\":1,\"name\":\"Home\",\"item\":\"https:\\\/\\\/tonmerckxwielershirts.nl\\\/es\\\/\"},{\"@type\":\"ListItem\",\"position\":2,\"name\":\"Klantenservice\"}]},{\"@type\":\"WebSite\",\"@id\":\"https:\\\/\\\/tonmerckxwielershirts.nl\\\/es\\\/#website\",\"url\":\"https:\\\/\\\/tonmerckxwielershirts.nl\\\/es\\\/\",\"name\":\"Ton Merckx Wielershirts - Rondreis door de wereld van wielershirts\",\"description\":\"thousands of original cycling jerseys - order your replica!\",\"publisher\":{\"@id\":\"https:\\\/\\\/tonmerckxwielershirts.nl\\\/es\\\/#organization\"},\"potentialAction\":[{\"@type\":\"SearchAction\",\"target\":{\"@type\":\"EntryPoint\",\"urlTemplate\":\"https:\\\/\\\/tonmerckxwielershirts.nl\\\/es\\\/?s={search_term_string}\"},\"query-input\":{\"@type\":\"PropertyValueSpecification\",\"valueRequired\":true,\"valueName\":\"search_term_string\"}}],\"inLanguage\":\"de\"},{\"@type\":\"Organization\",\"@id\":\"https:\\\/\\\/tonmerckxwielershirts.nl\\\/es\\\/#organization\",\"name\":\"Ton Merckx Wielershirts - Rondreis door de wereld van wielershirts\",\"url\":\"https:\\\/\\\/tonmerckxwielershirts.nl\\\/es\\\/\",\"logo\":{\"@type\":\"ImageObject\",\"inLanguage\":\"de\",\"@id\":\"https:\\\/\\\/tonmerckxwielershirts.nl\\\/es\\\/#\\\/schema\\\/logo\\\/image\\\/\",\"url\":\"https:\\\/\\\/tonmerckxwielershirts.nl\\\/wp-content\\\/uploads\\\/2023\\\/03\\\/ton-merckx-logo.jpg\",\"contentUrl\":\"https:\\\/\\\/tonmerckxwielershirts.nl\\\/wp-content\\\/uploads\\\/2023\\\/03\\\/ton-merckx-logo.jpg\",\"width\":391,\"height\":57,\"caption\":\"Ton Merckx Wielershirts - Rondreis door de wereld van wielershirts\"},\"image\":{\"@id\":\"https:\\\/\\\/tonmerckxwielershirts.nl\\\/es\\\/#\\\/schema\\\/logo\\\/image\\\/\"}}]}<\/script>\n<!-- \/ Yoast SEO plugin. -->","yoast_head_json":{"title":"Kundenservice \u2013 Ton Merckx Radsport-Shirts \u2013 Tour durch die Welt der Radsport-Shirts","robots":{"index":"index","follow":"follow","max-snippet":"max-snippet:-1","max-image-preview":"max-image-preview:large","max-video-preview":"max-video-preview:-1"},"canonical":"https:\/\/ton.connectingminds.net\/ja\/\u9867\u5ba2\u30b5\u30fc\u30d3\u30b9\/","og_locale":"de_DE","og_type":"article","og_title":"Klantenservice - Ton Merckx Wielershirts - Rondreis door de wereld van wielershirts","og_description":"Algemene voorwaarden Je geeft bij een bestelling opdracht om een replica te vervaardigen van een originele wielerkleding. In dit proces wordt zowel een fotografische kopie als handmatige verwerking gebruikt om een geschikt template te maken voor de basis wielerkleding. Verschillende aspecten, zoals afwijkende basismodellen, omzetting van grafische elementen, verwijdering van kledingmerken en verkleuring, spelen hierbij [&hellip;]","og_url":"https:\/\/ton.connectingminds.net\/ja\/\u9867\u5ba2\u30b5\u30fc\u30d3\u30b9\/","og_site_name":"Ton Merckx Wielershirts - Rondreis door de wereld van wielershirts","article_modified_time":"2024-02-22T12:33:40+00:00","twitter_card":"summary_large_image","twitter_misc":{"Gesch\u00e4tzte Lesezeit":"2\u00a0Minuten"},"schema":{"@context":"https:\/\/schema.org","@graph":[{"@type":"WebPage","@id":"https:\/\/ton.connectingminds.net\/ja\/%e9%a1%a7%e5%ae%a2%e3%82%b5%e3%83%bc%e3%83%93%e3%82%b9\/","url":"https:\/\/ton.connectingminds.net\/ja\/%e9%a1%a7%e5%ae%a2%e3%82%b5%e3%83%bc%e3%83%93%e3%82%b9\/","name":"Kundenservice \u2013 Ton Merckx Radsport-Shirts \u2013 Tour durch die Welt der Radsport-Shirts","isPartOf":{"@id":"https:\/\/tonmerckxwielershirts.nl\/es\/#website"},"datePublished":"2023-03-29T13:06:20+00:00","dateModified":"2024-02-22T12:33:40+00:00","breadcrumb":{"@id":"https:\/\/ton.connectingminds.net\/ja\/%e9%a1%a7%e5%ae%a2%e3%82%b5%e3%83%bc%e3%83%93%e3%82%b9\/#breadcrumb"},"inLanguage":"de","potentialAction":[{"@type":"ReadAction","target":["https:\/\/ton.connectingminds.net\/ja\/%e9%a1%a7%e5%ae%a2%e3%82%b5%e3%83%bc%e3%83%93%e3%82%b9\/"]}]},{"@type":"BreadcrumbList","@id":"https:\/\/ton.connectingminds.net\/ja\/%e9%a1%a7%e5%ae%a2%e3%82%b5%e3%83%bc%e3%83%93%e3%82%b9\/#breadcrumb","itemListElement":[{"@type":"ListItem","position":1,"name":"Home","item":"https:\/\/tonmerckxwielershirts.nl\/es\/"},{"@type":"ListItem","position":2,"name":"Klantenservice"}]},{"@type":"WebSite","@id":"https:\/\/tonmerckxwielershirts.nl\/es\/#website","url":"https:\/\/tonmerckxwielershirts.nl\/es\/","name":"Ton Merckx Radsport-Shirts \u2013 Tour durch die Welt der Radsport-Shirts","description":"Tausende originale Radtrikots \u2013 bestellen Sie Ihr Replikat!","publisher":{"@id":"https:\/\/tonmerckxwielershirts.nl\/es\/#organization"},"potentialAction":[{"@type":"SearchAction","target":{"@type":"EntryPoint","urlTemplate":"https:\/\/tonmerckxwielershirts.nl\/es\/?s={search_term_string}"},"query-input":{"@type":"PropertyValueSpecification","valueRequired":true,"valueName":"search_term_string"}}],"inLanguage":"de"},{"@type":"Organization","@id":"https:\/\/tonmerckxwielershirts.nl\/es\/#organization","name":"Ton Merckx Radsport-Shirts \u2013 Tour durch die Welt der Radsport-Shirts","url":"https:\/\/tonmerckxwielershirts.nl\/es\/","logo":{"@type":"ImageObject","inLanguage":"de","@id":"https:\/\/tonmerckxwielershirts.nl\/es\/#\/schema\/logo\/image\/","url":"https:\/\/tonmerckxwielershirts.nl\/wp-content\/uploads\/2023\/03\/ton-merckx-logo.jpg","contentUrl":"https:\/\/tonmerckxwielershirts.nl\/wp-content\/uploads\/2023\/03\/ton-merckx-logo.jpg","width":391,"height":57,"caption":"Ton Merckx Wielershirts - Rondreis door de wereld van wielershirts"},"image":{"@id":"https:\/\/tonmerckxwielershirts.nl\/es\/#\/schema\/logo\/image\/"}}]}},"_links":{"self":[{"href":"https:\/\/tonmerckxwielershirts.nl\/de\/wp-json\/wp\/v2\/pages\/27054","targetHints":{"allow":["GET"]}}],"collection":[{"href":"https:\/\/tonmerckxwielershirts.nl\/de\/wp-json\/wp\/v2\/pages"}],"about":[{"href":"https:\/\/tonmerckxwielershirts.nl\/de\/wp-json\/wp\/v2\/types\/page"}],"author":[{"embeddable":true,"href":"https:\/\/tonmerckxwielershirts.nl\/de\/wp-json\/wp\/v2\/users\/1"}],"replies":[{"embeddable":true,"href":"https:\/\/tonmerckxwielershirts.nl\/de\/wp-json\/wp\/v2\/comments?post=27054"}],"version-history":[{"count":59,"href":"https:\/\/tonmerckxwielershirts.nl\/de\/wp-json\/wp\/v2\/pages\/27054\/revisions"}],"predecessor-version":[{"id":29207,"href":"https:\/\/tonmerckxwielershirts.nl\/de\/wp-json\/wp\/v2\/pages\/27054\/revisions\/29207"}],"wp:attachment":[{"href":"https:\/\/tonmerckxwielershirts.nl\/de\/wp-json\/wp\/v2\/media?parent=27054"}],"curies":[{"name":"wp","href":"https:\/\/api.w.org\/{rel}","templated":true}]}}