{"id":2416,"date":"2023-01-24T17:49:36","date_gmt":"2023-01-24T17:49:36","guid":{"rendered":"https:\/\/ton.connectingminds.net\/product\/sunweb-cervelo-2\/"},"modified":"2026-01-28T12:03:37","modified_gmt":"2026-01-28T11:03:37","slug":"sunweb-cervelo-2","status":"publish","type":"product","link":"https:\/\/tonmerckxwielershirts.nl\/de\/retro-wielershirt\/sunweb-cervelo-2\/","title":{"rendered":"SUNWEB (f)-CERVELO TOUR DE FRANCE 2020 ZEITFAHRANZUG"},"content":{"rendered":"<p>Der Schweizer Marc Hirschi wird im September 2020 f\u00fcr SUNWEB an der Tour de France teilnehmen.<\/p>\n<p>Er ist in Topform und nach einigen Ehrenpl\u00e4tzen gewinnt er schlie\u00dflich die 12. Etappe nach Sarran.<\/p>\n<p>Wenige Tage sp\u00e4ter st\u00fcrzte Hirschi bei einem Abstieg schwer, konnte aber gl\u00fccklicherweise unverletzt davonkommen.<\/p>\n<p>Dieser Anzug ist der stille Zeuge dieses Herbstes.<\/p>\n<p>&nbsp;<\/p>","protected":false},"excerpt":{"rendered":"<p>De Zwitser Marc Hirschi rijdt in September 2020 voor SUNWEB in de Tour de France. Hij is in een bloedvorm en wint na enkele ereplaatsen uiteindelijk de 12e etappe naar Sarran. Enkele dagen later komt Hirschi zwaar ten val in een afdaling, hij komt gelukkig met de schrik vrij. Dit pak is de stille getuige [&hellip;]<\/p>\n","protected":false},"featured_media":2415,"template":"","meta":[],"product_brand":[],"product_cat":[151],"product_tag":[],"class_list":{"0":"post-2416","1":"product","2":"type-product","3":"status-publish","4":"has-post-thumbnail","6":"product_cat-pro-team","8":"first","9":"outofstock","10":"taxable","11":"shipping-taxable","12":"purchasable","13":"product-type-variable"},"yoast_head":"<!-- This site is optimized with the Yoast SEO plugin v27.3 - https:\/\/yoast.com\/product\/yoast-seo-wordpress\/ -->\n<title>SUNWEB (f)-CERVELO  TOUR DE FRANCE 2020  TIJDRITPAK - Ton Merckx Wielershirts - Rondreis door de wereld van wielershirts<\/title>\n<meta name=\"robots\" content=\"index, follow, max-snippet:-1, max-image-preview:large, max-video-preview:-1\" \/>\n<link rel=\"canonical\" href=\"https:\/\/tonmerckxwielershirts.nl\/de\/retro-radtrikot\/sunweb-cervelo-2\/\" \/>\n<meta property=\"og:locale\" content=\"de_DE\" \/>\n<meta property=\"og:type\" content=\"article\" \/>\n<meta property=\"og:title\" content=\"SUNWEB (f)-CERVELO  TOUR DE FRANCE 2020  TIJDRITPAK - Ton Merckx Wielershirts - Rondreis door de wereld van wielershirts\" \/>\n<meta property=\"og:description\" content=\"De Zwitser Marc Hirschi rijdt in September 2020 voor SUNWEB in de Tour de France. Hij is in een bloedvorm en wint na enkele ereplaatsen uiteindelijk de 12e etappe naar Sarran. Enkele dagen later komt Hirschi zwaar ten val in een afdaling, hij komt gelukkig met de schrik vrij. Dit pak is de stille getuige [&hellip;]\" \/>\n<meta property=\"og:url\" content=\"https:\/\/tonmerckxwielershirts.nl\/de\/retro-radtrikot\/sunweb-cervelo-2\/\" \/>\n<meta property=\"og:site_name\" content=\"Ton Merckx Wielershirts - Rondreis door de wereld van wielershirts\" \/>\n<meta property=\"article:modified_time\" content=\"2026-01-28T11:03:37+00:00\" \/>\n<meta property=\"og:image\" content=\"https:\/\/tonmerckxwielershirts.nl\/wp-content\/uploads\/2023\/01\/IMG_0671-scaled.jpg\" \/>\n\t<meta property=\"og:image:width\" content=\"1920\" \/>\n\t<meta property=\"og:image:height\" content=\"2560\" \/>\n\t<meta property=\"og:image:type\" content=\"image\/jpeg\" \/>\n<meta name=\"twitter:card\" content=\"summary_large_image\" \/>\n<meta name=\"twitter:label1\" content=\"Gesch\u00e4tzte Lesezeit\" \/>\n\t<meta name=\"twitter:data1\" content=\"1\u00a0Minute\" \/>\n<script type=\"application\/ld+json\" class=\"yoast-schema-graph\">{\"@context\":\"https:\\\/\\\/schema.org\",\"@graph\":[{\"@type\":\"WebPage\",\"@id\":\"https:\\\/\\\/tonmerckxwielershirts.nl\\\/retro-wielershirt\\\/sunweb-cervelo-2\\\/\",\"url\":\"https:\\\/\\\/tonmerckxwielershirts.nl\\\/retro-wielershirt\\\/sunweb-cervelo-2\\\/\",\"name\":\"SUNWEB (f)-CERVELO TOUR DE FRANCE 2020 TIJDRITPAK - Ton Merckx Wielershirts - Rondreis door de wereld van wielershirts\",\"isPartOf\":{\"@id\":\"https:\\\/\\\/vintagecycling.store\\\/pt\\\/#website\"},\"primaryImageOfPage\":{\"@id\":\"https:\\\/\\\/tonmerckxwielershirts.nl\\\/retro-wielershirt\\\/sunweb-cervelo-2\\\/#primaryimage\"},\"image\":{\"@id\":\"https:\\\/\\\/tonmerckxwielershirts.nl\\\/retro-wielershirt\\\/sunweb-cervelo-2\\\/#primaryimage\"},\"thumbnailUrl\":\"https:\\\/\\\/tonmerckxwielershirts.nl\\\/wp-content\\\/uploads\\\/2023\\\/01\\\/IMG_0671-scaled.jpg\",\"datePublished\":\"2023-01-24T17:49:36+00:00\",\"dateModified\":\"2026-01-28T11:03:37+00:00\",\"breadcrumb\":{\"@id\":\"https:\\\/\\\/tonmerckxwielershirts.nl\\\/retro-wielershirt\\\/sunweb-cervelo-2\\\/#breadcrumb\"},\"inLanguage\":\"de\",\"potentialAction\":[{\"@type\":\"ReadAction\",\"target\":[\"https:\\\/\\\/tonmerckxwielershirts.nl\\\/retro-wielershirt\\\/sunweb-cervelo-2\\\/\"]}]},{\"@type\":\"ImageObject\",\"inLanguage\":\"de\",\"@id\":\"https:\\\/\\\/tonmerckxwielershirts.nl\\\/retro-wielershirt\\\/sunweb-cervelo-2\\\/#primaryimage\",\"url\":\"https:\\\/\\\/tonmerckxwielershirts.nl\\\/wp-content\\\/uploads\\\/2023\\\/01\\\/IMG_0671-scaled.jpg\",\"contentUrl\":\"https:\\\/\\\/tonmerckxwielershirts.nl\\\/wp-content\\\/uploads\\\/2023\\\/01\\\/IMG_0671-scaled.jpg\",\"width\":1920,\"height\":2560},{\"@type\":\"BreadcrumbList\",\"@id\":\"https:\\\/\\\/tonmerckxwielershirts.nl\\\/retro-wielershirt\\\/sunweb-cervelo-2\\\/#breadcrumb\",\"itemListElement\":[{\"@type\":\"ListItem\",\"position\":1,\"name\":\"Home\",\"item\":\"https:\\\/\\\/vintagecycling.store\\\/pt\\\/\"},{\"@type\":\"ListItem\",\"position\":2,\"name\":\"Retro wielershirts\",\"item\":\"https:\\\/\\\/vintagecycling.store\\\/pt\\\/retro-wielershirts\\\/\"},{\"@type\":\"ListItem\",\"position\":3,\"name\":\"SUNWEB (f)-CERVELO TOUR DE FRANCE 2020 TIJDRITPAK\"}]},{\"@type\":\"WebSite\",\"@id\":\"https:\\\/\\\/vintagecycling.store\\\/pt\\\/#website\",\"url\":\"https:\\\/\\\/vintagecycling.store\\\/pt\\\/\",\"name\":\"Ton Merckx Wielershirts - Rondreis door de wereld van wielershirts\",\"description\":\"thousands of original cycling jerseys - order your replica!\",\"publisher\":{\"@id\":\"https:\\\/\\\/vintagecycling.store\\\/pt\\\/#organization\"},\"potentialAction\":[{\"@type\":\"SearchAction\",\"target\":{\"@type\":\"EntryPoint\",\"urlTemplate\":\"https:\\\/\\\/vintagecycling.store\\\/pt\\\/?s={search_term_string}\"},\"query-input\":{\"@type\":\"PropertyValueSpecification\",\"valueRequired\":true,\"valueName\":\"search_term_string\"}}],\"inLanguage\":\"de\"},{\"@type\":\"Organization\",\"@id\":\"https:\\\/\\\/vintagecycling.store\\\/pt\\\/#organization\",\"name\":\"Ton Merckx Wielershirts - Rondreis door de wereld van wielershirts\",\"url\":\"https:\\\/\\\/vintagecycling.store\\\/pt\\\/\",\"logo\":{\"@type\":\"ImageObject\",\"inLanguage\":\"de\",\"@id\":\"https:\\\/\\\/vintagecycling.store\\\/pt\\\/#\\\/schema\\\/logo\\\/image\\\/\",\"url\":\"https:\\\/\\\/tonmerckxwielershirts.nl\\\/wp-content\\\/uploads\\\/2023\\\/03\\\/ton-merckx-logo.jpg\",\"contentUrl\":\"https:\\\/\\\/tonmerckxwielershirts.nl\\\/wp-content\\\/uploads\\\/2023\\\/03\\\/ton-merckx-logo.jpg\",\"width\":391,\"height\":57,\"caption\":\"Ton Merckx Wielershirts - Rondreis door de wereld van wielershirts\"},\"image\":{\"@id\":\"https:\\\/\\\/vintagecycling.store\\\/pt\\\/#\\\/schema\\\/logo\\\/image\\\/\"}}]}<\/script>\n<!-- \/ Yoast SEO plugin. -->","yoast_head_json":{"title":"SUNWEB (f)-CERVELO TOUR DE FRANCE 2020 ZEITFAHRANZUG \u2013 Ton Merckx Radtrikots \u2013 Tour durch die Welt der Radtrikots","robots":{"index":"index","follow":"follow","max-snippet":"max-snippet:-1","max-image-preview":"max-image-preview:large","max-video-preview":"max-video-preview:-1"},"canonical":"https:\/\/tonmerckxwielershirts.nl\/de\/retro-radtrikot\/sunweb-cervelo-2\/","og_locale":"de_DE","og_type":"article","og_title":"SUNWEB (f)-CERVELO  TOUR DE FRANCE 2020  TIJDRITPAK - Ton Merckx Wielershirts - Rondreis door de wereld van wielershirts","og_description":"De Zwitser Marc Hirschi rijdt in September 2020 voor SUNWEB in de Tour de France. Hij is in een bloedvorm en wint na enkele ereplaatsen uiteindelijk de 12e etappe naar Sarran. Enkele dagen later komt Hirschi zwaar ten val in een afdaling, hij komt gelukkig met de schrik vrij. Dit pak is de stille getuige [&hellip;]","og_url":"https:\/\/tonmerckxwielershirts.nl\/de\/retro-radtrikot\/sunweb-cervelo-2\/","og_site_name":"Ton Merckx Wielershirts - Rondreis door de wereld van wielershirts","article_modified_time":"2026-01-28T11:03:37+00:00","og_image":[{"width":1920,"height":2560,"url":"https:\/\/tonmerckxwielershirts.nl\/wp-content\/uploads\/2023\/01\/IMG_0671-scaled.jpg","type":"image\/jpeg"}],"twitter_card":"summary_large_image","twitter_misc":{"Gesch\u00e4tzte Lesezeit":"1\u00a0Minute"},"schema":{"@context":"https:\/\/schema.org","@graph":[{"@type":"WebPage","@id":"https:\/\/tonmerckxwielershirts.nl\/retro-wielershirt\/sunweb-cervelo-2\/","url":"https:\/\/tonmerckxwielershirts.nl\/retro-wielershirt\/sunweb-cervelo-2\/","name":"SUNWEB (f)-CERVELO TOUR DE FRANCE 2020 ZEITFAHRANZUG \u2013 Ton Merckx Radtrikots \u2013 Tour durch die Welt der Radtrikots","isPartOf":{"@id":"https:\/\/vintagecycling.store\/pt\/#website"},"primaryImageOfPage":{"@id":"https:\/\/tonmerckxwielershirts.nl\/retro-wielershirt\/sunweb-cervelo-2\/#primaryimage"},"image":{"@id":"https:\/\/tonmerckxwielershirts.nl\/retro-wielershirt\/sunweb-cervelo-2\/#primaryimage"},"thumbnailUrl":"https:\/\/tonmerckxwielershirts.nl\/wp-content\/uploads\/2023\/01\/IMG_0671-scaled.jpg","datePublished":"2023-01-24T17:49:36+00:00","dateModified":"2026-01-28T11:03:37+00:00","breadcrumb":{"@id":"https:\/\/tonmerckxwielershirts.nl\/retro-wielershirt\/sunweb-cervelo-2\/#breadcrumb"},"inLanguage":"de","potentialAction":[{"@type":"ReadAction","target":["https:\/\/tonmerckxwielershirts.nl\/retro-wielershirt\/sunweb-cervelo-2\/"]}]},{"@type":"ImageObject","inLanguage":"de","@id":"https:\/\/tonmerckxwielershirts.nl\/retro-wielershirt\/sunweb-cervelo-2\/#primaryimage","url":"https:\/\/tonmerckxwielershirts.nl\/wp-content\/uploads\/2023\/01\/IMG_0671-scaled.jpg","contentUrl":"https:\/\/tonmerckxwielershirts.nl\/wp-content\/uploads\/2023\/01\/IMG_0671-scaled.jpg","width":1920,"height":2560},{"@type":"BreadcrumbList","@id":"https:\/\/tonmerckxwielershirts.nl\/retro-wielershirt\/sunweb-cervelo-2\/#breadcrumb","itemListElement":[{"@type":"ListItem","position":1,"name":"Home","item":"https:\/\/vintagecycling.store\/pt\/"},{"@type":"ListItem","position":2,"name":"Retro wielershirts","item":"https:\/\/vintagecycling.store\/pt\/retro-wielershirts\/"},{"@type":"ListItem","position":3,"name":"SUNWEB (f)-CERVELO TOUR DE FRANCE 2020 TIJDRITPAK"}]},{"@type":"WebSite","@id":"https:\/\/vintagecycling.store\/pt\/#website","url":"https:\/\/vintagecycling.store\/pt\/","name":"Ton Merckx Radsport-Shirts \u2013 Tour durch die Welt der Radsport-Shirts","description":"Tausende originale Radtrikots \u2013 bestellen Sie Ihr Replikat!","publisher":{"@id":"https:\/\/vintagecycling.store\/pt\/#organization"},"potentialAction":[{"@type":"SearchAction","target":{"@type":"EntryPoint","urlTemplate":"https:\/\/vintagecycling.store\/pt\/?s={search_term_string}"},"query-input":{"@type":"PropertyValueSpecification","valueRequired":true,"valueName":"search_term_string"}}],"inLanguage":"de"},{"@type":"Organization","@id":"https:\/\/vintagecycling.store\/pt\/#organization","name":"Ton Merckx Radsport-Shirts \u2013 Tour durch die Welt der Radsport-Shirts","url":"https:\/\/vintagecycling.store\/pt\/","logo":{"@type":"ImageObject","inLanguage":"de","@id":"https:\/\/vintagecycling.store\/pt\/#\/schema\/logo\/image\/","url":"https:\/\/tonmerckxwielershirts.nl\/wp-content\/uploads\/2023\/03\/ton-merckx-logo.jpg","contentUrl":"https:\/\/tonmerckxwielershirts.nl\/wp-content\/uploads\/2023\/03\/ton-merckx-logo.jpg","width":391,"height":57,"caption":"Ton Merckx Wielershirts - Rondreis door de wereld van wielershirts"},"image":{"@id":"https:\/\/vintagecycling.store\/pt\/#\/schema\/logo\/image\/"}}]}},"_links":{"self":[{"href":"https:\/\/tonmerckxwielershirts.nl\/de\/wp-json\/wp\/v2\/product\/2416","targetHints":{"allow":["GET"]}}],"collection":[{"href":"https:\/\/tonmerckxwielershirts.nl\/de\/wp-json\/wp\/v2\/product"}],"about":[{"href":"https:\/\/tonmerckxwielershirts.nl\/de\/wp-json\/wp\/v2\/types\/product"}],"wp:featuredmedia":[{"embeddable":true,"href":"https:\/\/tonmerckxwielershirts.nl\/de\/wp-json\/wp\/v2\/media\/2415"}],"wp:attachment":[{"href":"https:\/\/tonmerckxwielershirts.nl\/de\/wp-json\/wp\/v2\/media?parent=2416"}],"wp:term":[{"taxonomy":"product_brand","embeddable":true,"href":"https:\/\/tonmerckxwielershirts.nl\/de\/wp-json\/wp\/v2\/product_brand?post=2416"},{"taxonomy":"product_cat","embeddable":true,"href":"https:\/\/tonmerckxwielershirts.nl\/de\/wp-json\/wp\/v2\/product_cat?post=2416"},{"taxonomy":"product_tag","embeddable":true,"href":"https:\/\/tonmerckxwielershirts.nl\/de\/wp-json\/wp\/v2\/product_tag?post=2416"}],"curies":[{"name":"wp","href":"https:\/\/api.w.org\/{rel}","templated":true}]}}