{"id":29255,"date":"2024-05-24T10:20:52","date_gmt":"2024-05-24T08:20:52","guid":{"rendered":"https:\/\/tonmerckxwielershirts.nl\/?post_type=product&#038;p=29255"},"modified":"2026-01-28T12:00:40","modified_gmt":"2026-01-28T11:00:40","slug":"hagens-berman-neon-2020","status":"publish","type":"product","link":"https:\/\/tonmerckxwielershirts.nl\/de\/retro-wielershirt\/hagens-berman-neon-2020\/","title":{"rendered":"HAGENS BERMAN-NEON \u2013 2020 \u2013 Radsport-Shirt"},"content":{"rendered":"<p>Hagens BERMAN-NEON war ein amerikanisches Radsportteam, das im Jahr 2020 als eines der f\u00fchrenden Entwicklungsteams aktiv war. Das Team konzentrierte sich auf die Ausbildung und Entwicklung junger, vielversprechender Fahrer mit dem Ziel, sie auf die Welt des professionellen Radsports vorzubereiten. Das Team war f\u00fcr seinen starken Fokus auf Teamarbeit und Ethik im Sport bekannt. Im Jahr 2020 nahm das Team an mehreren nationalen und internationalen Wettbewerben teil und zeichnete sich dabei h\u00e4ufig durch einen aggressiven und offensiven Fahrstil aus.<\/p>\n<p>Einer der H\u00f6hepunkte f\u00fcr HAGENS BERMAN-NEON im Jahr 2020 war die starke Leistung mehrerer Fahrer bei der Tour of Utah und der Colorado Classic. Unterst\u00fctzt wurde das Team von Hagens Berman, einer auf Sammelklagen spezialisierten Anwaltskanzlei, und Neon Adventures, einem Abenteuerreiseunternehmen. Die Kombination dieser Sponsoren verschaffte dem Team eine solide finanzielle Basis und die Ressourcen, junge Talente zu f\u00f6rdern. Das Team wurde von erfahrenen Trainern geleitet, die selbst \u00fcber einen Radsport-Hintergrund verf\u00fcgten, was zur professionellen Entwicklung der Fahrer beitrug. Hagens BERMAN-NEON war ein N\u00e4hrboden f\u00fcr zuk\u00fcnftige Radsportstars und spielte eine entscheidende Rolle in der Radsportgemeinschaft.<\/p>","protected":false},"excerpt":{"rendered":"<p>Radtrikot des amerikanischen Radsportteams HAGENS BERMAN-NEON aus dem Jahr 2020.<\/p>","protected":false},"featured_media":29256,"template":"","meta":[],"product_brand":[],"product_cat":[151],"product_tag":[],"class_list":{"0":"post-29255","1":"product","2":"type-product","3":"status-publish","4":"has-post-thumbnail","6":"product_cat-pro-team","8":"first","9":"outofstock","10":"taxable","11":"shipping-taxable","12":"purchasable","13":"product-type-simple"},"yoast_head":"<!-- This site is optimized with the Yoast SEO plugin v27.3 - https:\/\/yoast.com\/product\/yoast-seo-wordpress\/ -->\n<title>HAGENS BERMAN-NEON - 2020 - Wielershirt - Ton Merckx Wielershirts - Rondreis door de wereld van wielershirts<\/title>\n<meta name=\"robots\" content=\"index, follow, max-snippet:-1, max-image-preview:large, max-video-preview:-1\" \/>\n<link rel=\"canonical\" href=\"https:\/\/mail.tonmerckxwielershirts.nl\/it\/maglia-da-ciclismo-retro\/hagens-berman-neon-2020\/\" \/>\n<meta property=\"og:locale\" content=\"de_DE\" \/>\n<meta property=\"og:type\" content=\"article\" \/>\n<meta property=\"og:title\" content=\"HAGENS BERMAN-NEON - 2020 - Wielershirt - Ton Merckx Wielershirts - Rondreis door de wereld van wielershirts\" \/>\n<meta property=\"og:description\" content=\"Wielershirt van het Amerikaans wielerteam HAGENS BERMAN-NEON uit 2020.\" \/>\n<meta property=\"og:url\" content=\"https:\/\/mail.tonmerckxwielershirts.nl\/it\/maglia-da-ciclismo-retro\/hagens-berman-neon-2020\/\" \/>\n<meta property=\"og:site_name\" content=\"Ton Merckx Wielershirts - Rondreis door de wereld van wielershirts\" \/>\n<meta property=\"article:modified_time\" content=\"2026-01-28T11:00:40+00:00\" \/>\n<meta property=\"og:image\" content=\"https:\/\/mail.tonmerckxwielershirts.nl\/wp-content\/uploads\/2024\/05\/HAGENS-BERMAN-NEON-2020-scaled.jpg\" \/>\n\t<meta property=\"og:image:width\" content=\"1920\" \/>\n\t<meta property=\"og:image:height\" content=\"2560\" \/>\n\t<meta property=\"og:image:type\" content=\"image\/jpeg\" \/>\n<meta name=\"twitter:card\" content=\"summary_large_image\" \/>\n<meta name=\"twitter:label1\" content=\"Gesch\u00e4tzte Lesezeit\" \/>\n\t<meta name=\"twitter:data1\" content=\"2\u00a0Minuten\" \/>\n<script type=\"application\/ld+json\" class=\"yoast-schema-graph\">{\"@context\":\"https:\\\/\\\/schema.org\",\"@graph\":[{\"@type\":\"WebPage\",\"@id\":\"https:\\\/\\\/mail.tonmerckxwielershirts.nl\\\/it\\\/maglia-da-ciclismo-retro\\\/hagens-berman-neon-2020\\\/\",\"url\":\"https:\\\/\\\/mail.tonmerckxwielershirts.nl\\\/it\\\/maglia-da-ciclismo-retro\\\/hagens-berman-neon-2020\\\/\",\"name\":\"HAGENS BERMAN-NEON - 2020 - Wielershirt - Ton Merckx Wielershirts - Rondreis door de wereld van wielershirts\",\"isPartOf\":{\"@id\":\"https:\\\/\\\/mail.tonmerckxwielershirts.nl\\\/de\\\/#website\"},\"primaryImageOfPage\":{\"@id\":\"https:\\\/\\\/mail.tonmerckxwielershirts.nl\\\/it\\\/maglia-da-ciclismo-retro\\\/hagens-berman-neon-2020\\\/#primaryimage\"},\"image\":{\"@id\":\"https:\\\/\\\/mail.tonmerckxwielershirts.nl\\\/it\\\/maglia-da-ciclismo-retro\\\/hagens-berman-neon-2020\\\/#primaryimage\"},\"thumbnailUrl\":\"https:\\\/\\\/tonmerckxwielershirts.nl\\\/wp-content\\\/uploads\\\/2024\\\/05\\\/HAGENS-BERMAN-NEON-2020-scaled.jpg\",\"datePublished\":\"2024-05-24T08:20:52+00:00\",\"dateModified\":\"2026-01-28T11:00:40+00:00\",\"breadcrumb\":{\"@id\":\"https:\\\/\\\/mail.tonmerckxwielershirts.nl\\\/it\\\/maglia-da-ciclismo-retro\\\/hagens-berman-neon-2020\\\/#breadcrumb\"},\"inLanguage\":\"de\",\"potentialAction\":[{\"@type\":\"ReadAction\",\"target\":[\"https:\\\/\\\/mail.tonmerckxwielershirts.nl\\\/it\\\/maglia-da-ciclismo-retro\\\/hagens-berman-neon-2020\\\/\"]}]},{\"@type\":\"ImageObject\",\"inLanguage\":\"de\",\"@id\":\"https:\\\/\\\/mail.tonmerckxwielershirts.nl\\\/it\\\/maglia-da-ciclismo-retro\\\/hagens-berman-neon-2020\\\/#primaryimage\",\"url\":\"https:\\\/\\\/tonmerckxwielershirts.nl\\\/wp-content\\\/uploads\\\/2024\\\/05\\\/HAGENS-BERMAN-NEON-2020-scaled.jpg\",\"contentUrl\":\"https:\\\/\\\/tonmerckxwielershirts.nl\\\/wp-content\\\/uploads\\\/2024\\\/05\\\/HAGENS-BERMAN-NEON-2020-scaled.jpg\",\"width\":1920,\"height\":2560,\"caption\":\"HAGENS BERMAN-NEON-2020\"},{\"@type\":\"BreadcrumbList\",\"@id\":\"https:\\\/\\\/mail.tonmerckxwielershirts.nl\\\/it\\\/maglia-da-ciclismo-retro\\\/hagens-berman-neon-2020\\\/#breadcrumb\",\"itemListElement\":[{\"@type\":\"ListItem\",\"position\":1,\"name\":\"Home\",\"item\":\"https:\\\/\\\/mail.tonmerckxwielershirts.nl\\\/de\\\/\"},{\"@type\":\"ListItem\",\"position\":2,\"name\":\"Retro wielershirts\",\"item\":\"https:\\\/\\\/mail.tonmerckxwielershirts.nl\\\/de\\\/retro-radtrikots\\\/\"},{\"@type\":\"ListItem\",\"position\":3,\"name\":\"HAGENS BERMAN-NEON &#8211; 2020 &#8211; Wielershirt\"}]},{\"@type\":\"WebSite\",\"@id\":\"https:\\\/\\\/mail.tonmerckxwielershirts.nl\\\/de\\\/#website\",\"url\":\"https:\\\/\\\/mail.tonmerckxwielershirts.nl\\\/de\\\/\",\"name\":\"Ton Merckx Wielershirts - Rondreis door de wereld van wielershirts\",\"description\":\"thousands of original cycling jerseys - order your replica!\",\"publisher\":{\"@id\":\"https:\\\/\\\/mail.tonmerckxwielershirts.nl\\\/de\\\/#organization\"},\"potentialAction\":[{\"@type\":\"SearchAction\",\"target\":{\"@type\":\"EntryPoint\",\"urlTemplate\":\"https:\\\/\\\/mail.tonmerckxwielershirts.nl\\\/de\\\/?s={search_term_string}\"},\"query-input\":{\"@type\":\"PropertyValueSpecification\",\"valueRequired\":true,\"valueName\":\"search_term_string\"}}],\"inLanguage\":\"de\"},{\"@type\":\"Organization\",\"@id\":\"https:\\\/\\\/mail.tonmerckxwielershirts.nl\\\/de\\\/#organization\",\"name\":\"Ton Merckx Wielershirts - Rondreis door de wereld van wielershirts\",\"url\":\"https:\\\/\\\/mail.tonmerckxwielershirts.nl\\\/de\\\/\",\"logo\":{\"@type\":\"ImageObject\",\"inLanguage\":\"de\",\"@id\":\"https:\\\/\\\/mail.tonmerckxwielershirts.nl\\\/de\\\/#\\\/schema\\\/logo\\\/image\\\/\",\"url\":\"https:\\\/\\\/tonmerckxwielershirts.nl\\\/wp-content\\\/uploads\\\/2023\\\/03\\\/ton-merckx-logo.jpg\",\"contentUrl\":\"https:\\\/\\\/tonmerckxwielershirts.nl\\\/wp-content\\\/uploads\\\/2023\\\/03\\\/ton-merckx-logo.jpg\",\"width\":391,\"height\":57,\"caption\":\"Ton Merckx Wielershirts - Rondreis door de wereld van wielershirts\"},\"image\":{\"@id\":\"https:\\\/\\\/mail.tonmerckxwielershirts.nl\\\/de\\\/#\\\/schema\\\/logo\\\/image\\\/\"}}]}<\/script>\n<!-- \/ Yoast SEO plugin. -->","yoast_head_json":{"title":"HAGENS BERMAN-NEON - 2020 - Radtrikot - Ton Merckx Radtrikots - Tour durch die Welt der Radtrikots","robots":{"index":"index","follow":"follow","max-snippet":"max-snippet:-1","max-image-preview":"max-image-preview:large","max-video-preview":"max-video-preview:-1"},"canonical":"https:\/\/mail.tonmerckxwielershirts.nl\/it\/maglia-da-ciclismo-retro\/hagens-berman-neon-2020\/","og_locale":"de_DE","og_type":"article","og_title":"HAGENS BERMAN-NEON - 2020 - Wielershirt - Ton Merckx Wielershirts - Rondreis door de wereld van wielershirts","og_description":"Wielershirt van het Amerikaans wielerteam HAGENS BERMAN-NEON uit 2020.","og_url":"https:\/\/mail.tonmerckxwielershirts.nl\/it\/maglia-da-ciclismo-retro\/hagens-berman-neon-2020\/","og_site_name":"Ton Merckx Wielershirts - Rondreis door de wereld van wielershirts","article_modified_time":"2026-01-28T11:00:40+00:00","og_image":[{"width":1920,"height":2560,"url":"https:\/\/mail.tonmerckxwielershirts.nl\/wp-content\/uploads\/2024\/05\/HAGENS-BERMAN-NEON-2020-scaled.jpg","type":"image\/jpeg"}],"twitter_card":"summary_large_image","twitter_misc":{"Gesch\u00e4tzte Lesezeit":"2\u00a0Minuten"},"schema":{"@context":"https:\/\/schema.org","@graph":[{"@type":"WebPage","@id":"https:\/\/mail.tonmerckxwielershirts.nl\/it\/maglia-da-ciclismo-retro\/hagens-berman-neon-2020\/","url":"https:\/\/mail.tonmerckxwielershirts.nl\/it\/maglia-da-ciclismo-retro\/hagens-berman-neon-2020\/","name":"HAGENS BERMAN-NEON - 2020 - Radtrikot - Ton Merckx Radtrikots - Tour durch die Welt der Radtrikots","isPartOf":{"@id":"https:\/\/mail.tonmerckxwielershirts.nl\/de\/#website"},"primaryImageOfPage":{"@id":"https:\/\/mail.tonmerckxwielershirts.nl\/it\/maglia-da-ciclismo-retro\/hagens-berman-neon-2020\/#primaryimage"},"image":{"@id":"https:\/\/mail.tonmerckxwielershirts.nl\/it\/maglia-da-ciclismo-retro\/hagens-berman-neon-2020\/#primaryimage"},"thumbnailUrl":"https:\/\/tonmerckxwielershirts.nl\/wp-content\/uploads\/2024\/05\/HAGENS-BERMAN-NEON-2020-scaled.jpg","datePublished":"2024-05-24T08:20:52+00:00","dateModified":"2026-01-28T11:00:40+00:00","breadcrumb":{"@id":"https:\/\/mail.tonmerckxwielershirts.nl\/it\/maglia-da-ciclismo-retro\/hagens-berman-neon-2020\/#breadcrumb"},"inLanguage":"de","potentialAction":[{"@type":"ReadAction","target":["https:\/\/mail.tonmerckxwielershirts.nl\/it\/maglia-da-ciclismo-retro\/hagens-berman-neon-2020\/"]}]},{"@type":"ImageObject","inLanguage":"de","@id":"https:\/\/mail.tonmerckxwielershirts.nl\/it\/maglia-da-ciclismo-retro\/hagens-berman-neon-2020\/#primaryimage","url":"https:\/\/tonmerckxwielershirts.nl\/wp-content\/uploads\/2024\/05\/HAGENS-BERMAN-NEON-2020-scaled.jpg","contentUrl":"https:\/\/tonmerckxwielershirts.nl\/wp-content\/uploads\/2024\/05\/HAGENS-BERMAN-NEON-2020-scaled.jpg","width":1920,"height":2560,"caption":"HAGENS BERMAN-NEON-2020"},{"@type":"BreadcrumbList","@id":"https:\/\/mail.tonmerckxwielershirts.nl\/it\/maglia-da-ciclismo-retro\/hagens-berman-neon-2020\/#breadcrumb","itemListElement":[{"@type":"ListItem","position":1,"name":"Home","item":"https:\/\/mail.tonmerckxwielershirts.nl\/de\/"},{"@type":"ListItem","position":2,"name":"Retro wielershirts","item":"https:\/\/mail.tonmerckxwielershirts.nl\/de\/retro-radtrikots\/"},{"@type":"ListItem","position":3,"name":"HAGENS BERMAN-NEON &#8211; 2020 &#8211; Wielershirt"}]},{"@type":"WebSite","@id":"https:\/\/mail.tonmerckxwielershirts.nl\/de\/#website","url":"https:\/\/mail.tonmerckxwielershirts.nl\/de\/","name":"Ton Merckx Radsport-Shirts \u2013 Tour durch die Welt der Radsport-Shirts","description":"Tausende originale Radtrikots \u2013 bestellen Sie Ihr Replikat!","publisher":{"@id":"https:\/\/mail.tonmerckxwielershirts.nl\/de\/#organization"},"potentialAction":[{"@type":"SearchAction","target":{"@type":"EntryPoint","urlTemplate":"https:\/\/mail.tonmerckxwielershirts.nl\/de\/?s={search_term_string}"},"query-input":{"@type":"PropertyValueSpecification","valueRequired":true,"valueName":"search_term_string"}}],"inLanguage":"de"},{"@type":"Organization","@id":"https:\/\/mail.tonmerckxwielershirts.nl\/de\/#organization","name":"Ton Merckx Radsport-Shirts \u2013 Tour durch die Welt der Radsport-Shirts","url":"https:\/\/mail.tonmerckxwielershirts.nl\/de\/","logo":{"@type":"ImageObject","inLanguage":"de","@id":"https:\/\/mail.tonmerckxwielershirts.nl\/de\/#\/schema\/logo\/image\/","url":"https:\/\/tonmerckxwielershirts.nl\/wp-content\/uploads\/2023\/03\/ton-merckx-logo.jpg","contentUrl":"https:\/\/tonmerckxwielershirts.nl\/wp-content\/uploads\/2023\/03\/ton-merckx-logo.jpg","width":391,"height":57,"caption":"Ton Merckx Wielershirts - Rondreis door de wereld van wielershirts"},"image":{"@id":"https:\/\/mail.tonmerckxwielershirts.nl\/de\/#\/schema\/logo\/image\/"}}]}},"_links":{"self":[{"href":"https:\/\/tonmerckxwielershirts.nl\/de\/wp-json\/wp\/v2\/product\/29255","targetHints":{"allow":["GET"]}}],"collection":[{"href":"https:\/\/tonmerckxwielershirts.nl\/de\/wp-json\/wp\/v2\/product"}],"about":[{"href":"https:\/\/tonmerckxwielershirts.nl\/de\/wp-json\/wp\/v2\/types\/product"}],"wp:featuredmedia":[{"embeddable":true,"href":"https:\/\/tonmerckxwielershirts.nl\/de\/wp-json\/wp\/v2\/media\/29256"}],"wp:attachment":[{"href":"https:\/\/tonmerckxwielershirts.nl\/de\/wp-json\/wp\/v2\/media?parent=29255"}],"wp:term":[{"taxonomy":"product_brand","embeddable":true,"href":"https:\/\/tonmerckxwielershirts.nl\/de\/wp-json\/wp\/v2\/product_brand?post=29255"},{"taxonomy":"product_cat","embeddable":true,"href":"https:\/\/tonmerckxwielershirts.nl\/de\/wp-json\/wp\/v2\/product_cat?post=29255"},{"taxonomy":"product_tag","embeddable":true,"href":"https:\/\/tonmerckxwielershirts.nl\/de\/wp-json\/wp\/v2\/product_tag?post=29255"}],"curies":[{"name":"wp","href":"https:\/\/api.w.org\/{rel}","templated":true}]}}