{"id":32616,"date":"2025-06-27T19:02:25","date_gmt":"2025-06-27T17:02:25","guid":{"rendered":"https:\/\/tonmerckxwielershirts.nl\/?post_type=product&#038;p=32616"},"modified":"2026-01-28T12:00:23","modified_gmt":"2026-01-28T11:00:23","slug":"lotto-sa-caps-orbea-2025-radtrikot","status":"publish","type":"product","link":"https:\/\/tonmerckxwielershirts.nl\/de\/retro-wielershirt\/lotto-sa-caps-orbea-2025-wielershirt\/","title":{"rendered":"LOTTO (sb)-CAPS-ORBEA 2025 RADSHIRT"},"content":{"rendered":"<p>LOTTO-CAPS-ORBEA 2025.<\/p>\n<p>Um das 40-j\u00e4hrige Jubil\u00e4um des LOTTO-Teams zu feiern, fuhren sie am Sonntag, den 6. April 2025, bei der Flandern-Rundfahrt in diesem speziellen Jubil\u00e4umstrikot.<\/p>\n<p>Lennert van Eetveldt, Joshua Giddings, Brent van Moer, Jenno Berckmoes, Sebastien Grignard, Arjen Livyns und Alec Segaert fuhren an diesem Tag in diesem Jubil\u00e4umstrikot bei der Flandern-Rundfahrt.<\/p>\n<p>Segaert wurde 32., van Moer 39. und Grignard 70.<\/p>\n<p>Da das Trikot des Vuelta a Espa\u00f1a-F\u00fchrenden ROT ist, musste das LOTTO-Team im Jahr 2025 ein anderes Trikot w\u00e4hlen als das rote LOTTO-Shirt, das 2025 verwendet wurde.<\/p>\n<p>Man entschied sich, auch bei der Vuelta das spezielle Jubil\u00e4umstrikot der Flandern-Rundfahrt zu tragen.<\/p>\n<p>Die folgenden Fahrer trugen dieses Trikot bei der Vuelta: Lars Craps, Jasper de Buyst, Arjen Livyns, Alec Segaert, Eduardo Sepulveda, Liam Slock, Elia Viviani und Jonas Gregaard Wilsly.<\/p>","protected":false},"excerpt":{"rendered":"<p>LOTTO-CAPS-ORBEA 2025. Ter gelegenheid van het 40 jarig bestaan van de LOTTO ploeg reed men tijdens de Ronde van Vlaanderen op Zondag 6 April 2025 in dit speciale jubileumshirt. Lennert van Eetveldt, Joshua Giddings, Brent van Moer, Jenno Berckmoes, Sebastien Grignard, Arjen Livyns en Alec Segaert reden die dag in de Ronde van Vlaanderen in [&hellip;]<\/p>\n","protected":false},"featured_media":32617,"template":"","meta":[],"product_brand":[],"product_cat":[151],"product_tag":[],"class_list":{"0":"post-32616","1":"product","2":"type-product","3":"status-publish","4":"has-post-thumbnail","6":"product_cat-pro-team","8":"first","9":"outofstock","10":"taxable","11":"shipping-taxable","12":"product-type-simple"},"yoast_head":"<!-- This site is optimized with the Yoast SEO plugin v27.4 - https:\/\/yoast.com\/product\/yoast-seo-wordpress\/ -->\n<title>LOTTO (sb)-CAPS-ORBEA 2025 WIELERSHIRT - Ton Merckx Wielershirts - Rondreis door de wereld van wielershirts<\/title>\n<meta name=\"robots\" content=\"index, follow, max-snippet:-1, max-image-preview:large, max-video-preview:-1\" \/>\n<link rel=\"canonical\" href=\"https:\/\/tonmerckxwielershirts.nl\/de\/retro-radtrikot\/lotto-sa-caps-orbea-2025-radtrikot\/\" \/>\n<meta property=\"og:locale\" content=\"de_DE\" \/>\n<meta property=\"og:type\" content=\"article\" \/>\n<meta property=\"og:title\" content=\"LOTTO (sb)-CAPS-ORBEA 2025 WIELERSHIRT - Ton Merckx Wielershirts - Rondreis door de wereld van wielershirts\" \/>\n<meta property=\"og:description\" content=\"LOTTO-CAPS-ORBEA 2025. Ter gelegenheid van het 40 jarig bestaan van de LOTTO ploeg reed men tijdens de Ronde van Vlaanderen op Zondag 6 April 2025 in dit speciale jubileumshirt. Lennert van Eetveldt, Joshua Giddings, Brent van Moer, Jenno Berckmoes, Sebastien Grignard, Arjen Livyns en Alec Segaert reden die dag in de Ronde van Vlaanderen in [&hellip;]\" \/>\n<meta property=\"og:url\" content=\"https:\/\/tonmerckxwielershirts.nl\/de\/retro-radtrikot\/lotto-sa-caps-orbea-2025-radtrikot\/\" \/>\n<meta property=\"og:site_name\" content=\"Ton Merckx Wielershirts - Rondreis door de wereld van wielershirts\" \/>\n<meta property=\"article:modified_time\" content=\"2026-01-28T11:00:23+00:00\" \/>\n<meta property=\"og:image\" content=\"https:\/\/tonmerckxwielershirts.nl\/wp-content\/uploads\/2025\/06\/IMG_3689-scaled.jpg\" \/>\n\t<meta property=\"og:image:width\" content=\"1920\" \/>\n\t<meta property=\"og:image:height\" content=\"2560\" \/>\n\t<meta property=\"og:image:type\" content=\"image\/jpeg\" \/>\n<meta name=\"twitter:card\" content=\"summary_large_image\" \/>\n<meta name=\"twitter:label1\" content=\"Gesch\u00e4tzte Lesezeit\" \/>\n\t<meta name=\"twitter:data1\" content=\"1\u00a0Minute\" \/>\n<script type=\"application\/ld+json\" class=\"yoast-schema-graph\">{\"@context\":\"https:\\\/\\\/schema.org\",\"@graph\":[{\"@type\":\"WebPage\",\"@id\":\"https:\\\/\\\/tonmerckxwielershirts.nl\\\/es\\\/maillot-ciclista-retro\\\/maillot-ciclista-orbea-lotto-sa-caps-2025\\\/\",\"url\":\"https:\\\/\\\/tonmerckxwielershirts.nl\\\/es\\\/maillot-ciclista-retro\\\/maillot-ciclista-orbea-lotto-sa-caps-2025\\\/\",\"name\":\"LOTTO (sb)-CAPS-ORBEA 2025 WIELERSHIRT - Ton Merckx Wielershirts - Rondreis door de wereld van wielershirts\",\"isPartOf\":{\"@id\":\"https:\\\/\\\/tonmerckxwielershirts.nl\\\/de\\\/#website\"},\"primaryImageOfPage\":{\"@id\":\"https:\\\/\\\/tonmerckxwielershirts.nl\\\/es\\\/maillot-ciclista-retro\\\/maillot-ciclista-orbea-lotto-sa-caps-2025\\\/#primaryimage\"},\"image\":{\"@id\":\"https:\\\/\\\/tonmerckxwielershirts.nl\\\/es\\\/maillot-ciclista-retro\\\/maillot-ciclista-orbea-lotto-sa-caps-2025\\\/#primaryimage\"},\"thumbnailUrl\":\"https:\\\/\\\/tonmerckxwielershirts.nl\\\/wp-content\\\/uploads\\\/2025\\\/06\\\/IMG_3689-scaled.jpg\",\"datePublished\":\"2025-06-27T17:02:25+00:00\",\"dateModified\":\"2026-01-28T11:00:23+00:00\",\"breadcrumb\":{\"@id\":\"https:\\\/\\\/tonmerckxwielershirts.nl\\\/es\\\/maillot-ciclista-retro\\\/maillot-ciclista-orbea-lotto-sa-caps-2025\\\/#breadcrumb\"},\"inLanguage\":\"de\",\"potentialAction\":[{\"@type\":\"ReadAction\",\"target\":[\"https:\\\/\\\/tonmerckxwielershirts.nl\\\/es\\\/maillot-ciclista-retro\\\/maillot-ciclista-orbea-lotto-sa-caps-2025\\\/\"]}]},{\"@type\":\"ImageObject\",\"inLanguage\":\"de\",\"@id\":\"https:\\\/\\\/tonmerckxwielershirts.nl\\\/es\\\/maillot-ciclista-retro\\\/maillot-ciclista-orbea-lotto-sa-caps-2025\\\/#primaryimage\",\"url\":\"https:\\\/\\\/tonmerckxwielershirts.nl\\\/wp-content\\\/uploads\\\/2025\\\/06\\\/IMG_3689-scaled.jpg\",\"contentUrl\":\"https:\\\/\\\/tonmerckxwielershirts.nl\\\/wp-content\\\/uploads\\\/2025\\\/06\\\/IMG_3689-scaled.jpg\",\"width\":1920,\"height\":2560,\"caption\":\"LOTTO-CAPS-ORBEA 2025\"},{\"@type\":\"BreadcrumbList\",\"@id\":\"https:\\\/\\\/tonmerckxwielershirts.nl\\\/es\\\/maillot-ciclista-retro\\\/maillot-ciclista-orbea-lotto-sa-caps-2025\\\/#breadcrumb\",\"itemListElement\":[{\"@type\":\"ListItem\",\"position\":1,\"name\":\"Home\",\"item\":\"https:\\\/\\\/tonmerckxwielershirts.nl\\\/de\\\/\"},{\"@type\":\"ListItem\",\"position\":2,\"name\":\"Retro wielershirts\",\"item\":\"https:\\\/\\\/tonmerckxwielershirts.nl\\\/de\\\/retro-radtrikots\\\/\"},{\"@type\":\"ListItem\",\"position\":3,\"name\":\"LOTTO (sb)-CAPS-ORBEA 2025 WIELERSHIRT\"}]},{\"@type\":\"WebSite\",\"@id\":\"https:\\\/\\\/tonmerckxwielershirts.nl\\\/de\\\/#website\",\"url\":\"https:\\\/\\\/tonmerckxwielershirts.nl\\\/de\\\/\",\"name\":\"Ton Merckx Wielershirts - Rondreis door de wereld van wielershirts\",\"description\":\"thousands of original cycling jerseys - order your replica!\",\"publisher\":{\"@id\":\"https:\\\/\\\/tonmerckxwielershirts.nl\\\/de\\\/#organization\"},\"potentialAction\":[{\"@type\":\"SearchAction\",\"target\":{\"@type\":\"EntryPoint\",\"urlTemplate\":\"https:\\\/\\\/tonmerckxwielershirts.nl\\\/de\\\/?s={search_term_string}\"},\"query-input\":{\"@type\":\"PropertyValueSpecification\",\"valueRequired\":true,\"valueName\":\"search_term_string\"}}],\"inLanguage\":\"de\"},{\"@type\":\"Organization\",\"@id\":\"https:\\\/\\\/tonmerckxwielershirts.nl\\\/de\\\/#organization\",\"name\":\"Ton Merckx Wielershirts - Rondreis door de wereld van wielershirts\",\"url\":\"https:\\\/\\\/tonmerckxwielershirts.nl\\\/de\\\/\",\"logo\":{\"@type\":\"ImageObject\",\"inLanguage\":\"de\",\"@id\":\"https:\\\/\\\/tonmerckxwielershirts.nl\\\/de\\\/#\\\/schema\\\/logo\\\/image\\\/\",\"url\":\"https:\\\/\\\/tonmerckxwielershirts.nl\\\/wp-content\\\/uploads\\\/2023\\\/03\\\/ton-merckx-logo.jpg\",\"contentUrl\":\"https:\\\/\\\/tonmerckxwielershirts.nl\\\/wp-content\\\/uploads\\\/2023\\\/03\\\/ton-merckx-logo.jpg\",\"width\":391,\"height\":57,\"caption\":\"Ton Merckx Wielershirts - Rondreis door de wereld van wielershirts\"},\"image\":{\"@id\":\"https:\\\/\\\/tonmerckxwielershirts.nl\\\/de\\\/#\\\/schema\\\/logo\\\/image\\\/\"}}]}<\/script>\n<!-- \/ Yoast SEO plugin. -->","yoast_head_json":{"title":"LOTTO (sb)-CAPS-ORBEA 2025 RADTRIKOT - Ton Merckx Radtrikots - Tour durch die Welt der Radtrikots","robots":{"index":"index","follow":"follow","max-snippet":"max-snippet:-1","max-image-preview":"max-image-preview:large","max-video-preview":"max-video-preview:-1"},"canonical":"https:\/\/tonmerckxwielershirts.nl\/de\/retro-radtrikot\/lotto-sa-caps-orbea-2025-radtrikot\/","og_locale":"de_DE","og_type":"article","og_title":"LOTTO (sb)-CAPS-ORBEA 2025 WIELERSHIRT - Ton Merckx Wielershirts - Rondreis door de wereld van wielershirts","og_description":"LOTTO-CAPS-ORBEA 2025. Ter gelegenheid van het 40 jarig bestaan van de LOTTO ploeg reed men tijdens de Ronde van Vlaanderen op Zondag 6 April 2025 in dit speciale jubileumshirt. Lennert van Eetveldt, Joshua Giddings, Brent van Moer, Jenno Berckmoes, Sebastien Grignard, Arjen Livyns en Alec Segaert reden die dag in de Ronde van Vlaanderen in [&hellip;]","og_url":"https:\/\/tonmerckxwielershirts.nl\/de\/retro-radtrikot\/lotto-sa-caps-orbea-2025-radtrikot\/","og_site_name":"Ton Merckx Wielershirts - Rondreis door de wereld van wielershirts","article_modified_time":"2026-01-28T11:00:23+00:00","og_image":[{"width":1920,"height":2560,"url":"https:\/\/tonmerckxwielershirts.nl\/wp-content\/uploads\/2025\/06\/IMG_3689-scaled.jpg","type":"image\/jpeg"}],"twitter_card":"summary_large_image","twitter_misc":{"Gesch\u00e4tzte Lesezeit":"1\u00a0Minute"},"schema":{"@context":"https:\/\/schema.org","@graph":[{"@type":"WebPage","@id":"https:\/\/tonmerckxwielershirts.nl\/es\/maillot-ciclista-retro\/maillot-ciclista-orbea-lotto-sa-caps-2025\/","url":"https:\/\/tonmerckxwielershirts.nl\/es\/maillot-ciclista-retro\/maillot-ciclista-orbea-lotto-sa-caps-2025\/","name":"LOTTO (sb)-CAPS-ORBEA 2025 RADTRIKOT - Ton Merckx Radtrikots - Tour durch die Welt der Radtrikots","isPartOf":{"@id":"https:\/\/tonmerckxwielershirts.nl\/de\/#website"},"primaryImageOfPage":{"@id":"https:\/\/tonmerckxwielershirts.nl\/es\/maillot-ciclista-retro\/maillot-ciclista-orbea-lotto-sa-caps-2025\/#primaryimage"},"image":{"@id":"https:\/\/tonmerckxwielershirts.nl\/es\/maillot-ciclista-retro\/maillot-ciclista-orbea-lotto-sa-caps-2025\/#primaryimage"},"thumbnailUrl":"https:\/\/tonmerckxwielershirts.nl\/wp-content\/uploads\/2025\/06\/IMG_3689-scaled.jpg","datePublished":"2025-06-27T17:02:25+00:00","dateModified":"2026-01-28T11:00:23+00:00","breadcrumb":{"@id":"https:\/\/tonmerckxwielershirts.nl\/es\/maillot-ciclista-retro\/maillot-ciclista-orbea-lotto-sa-caps-2025\/#breadcrumb"},"inLanguage":"de","potentialAction":[{"@type":"ReadAction","target":["https:\/\/tonmerckxwielershirts.nl\/es\/maillot-ciclista-retro\/maillot-ciclista-orbea-lotto-sa-caps-2025\/"]}]},{"@type":"ImageObject","inLanguage":"de","@id":"https:\/\/tonmerckxwielershirts.nl\/es\/maillot-ciclista-retro\/maillot-ciclista-orbea-lotto-sa-caps-2025\/#primaryimage","url":"https:\/\/tonmerckxwielershirts.nl\/wp-content\/uploads\/2025\/06\/IMG_3689-scaled.jpg","contentUrl":"https:\/\/tonmerckxwielershirts.nl\/wp-content\/uploads\/2025\/06\/IMG_3689-scaled.jpg","width":1920,"height":2560,"caption":"LOTTO-CAPS-ORBEA 2025"},{"@type":"BreadcrumbList","@id":"https:\/\/tonmerckxwielershirts.nl\/es\/maillot-ciclista-retro\/maillot-ciclista-orbea-lotto-sa-caps-2025\/#breadcrumb","itemListElement":[{"@type":"ListItem","position":1,"name":"Home","item":"https:\/\/tonmerckxwielershirts.nl\/de\/"},{"@type":"ListItem","position":2,"name":"Retro wielershirts","item":"https:\/\/tonmerckxwielershirts.nl\/de\/retro-radtrikots\/"},{"@type":"ListItem","position":3,"name":"LOTTO (sb)-CAPS-ORBEA 2025 WIELERSHIRT"}]},{"@type":"WebSite","@id":"https:\/\/tonmerckxwielershirts.nl\/de\/#website","url":"https:\/\/tonmerckxwielershirts.nl\/de\/","name":"Ton Merckx Radsport-Shirts \u2013 Tour durch die Welt der Radsport-Shirts","description":"Tausende originale Radtrikots \u2013 bestellen Sie Ihr Replikat!","publisher":{"@id":"https:\/\/tonmerckxwielershirts.nl\/de\/#organization"},"potentialAction":[{"@type":"SearchAction","target":{"@type":"EntryPoint","urlTemplate":"https:\/\/tonmerckxwielershirts.nl\/de\/?s={search_term_string}"},"query-input":{"@type":"PropertyValueSpecification","valueRequired":true,"valueName":"search_term_string"}}],"inLanguage":"de"},{"@type":"Organization","@id":"https:\/\/tonmerckxwielershirts.nl\/de\/#organization","name":"Ton Merckx Radsport-Shirts \u2013 Tour durch die Welt der Radsport-Shirts","url":"https:\/\/tonmerckxwielershirts.nl\/de\/","logo":{"@type":"ImageObject","inLanguage":"de","@id":"https:\/\/tonmerckxwielershirts.nl\/de\/#\/schema\/logo\/image\/","url":"https:\/\/tonmerckxwielershirts.nl\/wp-content\/uploads\/2023\/03\/ton-merckx-logo.jpg","contentUrl":"https:\/\/tonmerckxwielershirts.nl\/wp-content\/uploads\/2023\/03\/ton-merckx-logo.jpg","width":391,"height":57,"caption":"Ton Merckx Wielershirts - Rondreis door de wereld van wielershirts"},"image":{"@id":"https:\/\/tonmerckxwielershirts.nl\/de\/#\/schema\/logo\/image\/"}}]}},"_links":{"self":[{"href":"https:\/\/tonmerckxwielershirts.nl\/de\/wp-json\/wp\/v2\/product\/32616","targetHints":{"allow":["GET"]}}],"collection":[{"href":"https:\/\/tonmerckxwielershirts.nl\/de\/wp-json\/wp\/v2\/product"}],"about":[{"href":"https:\/\/tonmerckxwielershirts.nl\/de\/wp-json\/wp\/v2\/types\/product"}],"wp:featuredmedia":[{"embeddable":true,"href":"https:\/\/tonmerckxwielershirts.nl\/de\/wp-json\/wp\/v2\/media\/32617"}],"wp:attachment":[{"href":"https:\/\/tonmerckxwielershirts.nl\/de\/wp-json\/wp\/v2\/media?parent=32616"}],"wp:term":[{"taxonomy":"product_brand","embeddable":true,"href":"https:\/\/tonmerckxwielershirts.nl\/de\/wp-json\/wp\/v2\/product_brand?post=32616"},{"taxonomy":"product_cat","embeddable":true,"href":"https:\/\/tonmerckxwielershirts.nl\/de\/wp-json\/wp\/v2\/product_cat?post=32616"},{"taxonomy":"product_tag","embeddable":true,"href":"https:\/\/tonmerckxwielershirts.nl\/de\/wp-json\/wp\/v2\/product_tag?post=32616"}],"curies":[{"name":"wp","href":"https:\/\/api.w.org\/{rel}","templated":true}]}}