{"id":3801,"date":"2023-01-24T18:06:51","date_gmt":"2023-01-24T18:06:51","guid":{"rendered":"https:\/\/ton.connectingminds.net\/product\/marco-polo\/"},"modified":"2026-01-28T12:02:14","modified_gmt":"2026-01-28T11:02:14","slug":"marco-polo","status":"publish","type":"product","link":"https:\/\/tonmerckxwielershirts.nl\/de\/retro-wielershirt\/marco-polo\/","title":{"rendered":"MARCO POLO 2001-2002 RADFAHREN-HEMD"},"content":{"rendered":"<p>Das MARCO POLO-Team gab niederl\u00e4ndischen Fahrern die M\u00f6glichkeit, an Rennen im Ausland, oft in exotischen L\u00e4ndern, teilzunehmen. Sp\u00e4ter gab MARCO POLO vor allem exotischen Fahrern die M\u00f6glichkeit, hier in Europa Rennen zu fahren, und sie fuhren fort, Rennen in exotischen L\u00e4ndern zu fahren. 2001 und 2002 fuhren sie mit einem niederl\u00e4ndischen F\u00fchrerschein, sp\u00e4ter hatten sie F\u00fchrerscheine in Hongkong, China und Eritrea.<\/p>\n<p>Dieses Trikot geh\u00f6rte Bram de Waard, bei der Kalifornien-Rundfahrt lag er auf dem 2. Platz im Hauptfeld, als der Fahrer vor ihm eine Essenst\u00fcte in sein Rad bekam. Bei dem daraus resultierenden Sturz brach sich Bram den Ellbogen.<\/p>\n<p>Im Krankenhaus wurde das Hemd aufgeschnitten (was die vielen Sicherheitsnadeln im Hemd erkl\u00e4rt), um Bram zu helfen. Er litt lange Zeit unter Ellenbogenproblemen und konnte seinen Arm nie vollst\u00e4ndig strecken.<\/p>","protected":false},"excerpt":{"rendered":"<p>Het MARCO POLO team gaf Nederlandse renners de kans om in buitenlandse koersen te rijden, vaak in exotische landen.\u00a0 Later gaf MARCO POLO vooral exotische renners de kans om hier in Europa te koersen en bleef men nog steeds ook in exotische landen koersen. in 2001, 2002 reed men onder Nederlandse licentie later had men [&hellip;]<\/p>\n","protected":false},"featured_media":3800,"template":"","meta":[],"product_brand":[],"product_cat":[151],"product_tag":[],"class_list":{"0":"post-3801","1":"product","2":"type-product","3":"status-publish","4":"has-post-thumbnail","6":"product_cat-pro-team","8":"first","9":"onbackorder","10":"taxable","11":"shipping-taxable","12":"purchasable","13":"product-type-variable"},"yoast_head":"<!-- This site is optimized with the Yoast SEO plugin v27.4 - https:\/\/yoast.com\/product\/yoast-seo-wordpress\/ -->\n<title>MARCO POLO  2001-2002   WIELERSHIRT - Ton Merckx Wielershirts - Rondreis door de wereld van wielershirts<\/title>\n<meta name=\"robots\" content=\"index, follow, max-snippet:-1, max-image-preview:large, max-video-preview:-1\" \/>\n<link rel=\"canonical\" href=\"https:\/\/vintagecycling.store\/es\/retro-wielershirt\/marco-polo\/\" \/>\n<meta property=\"og:locale\" content=\"de_DE\" \/>\n<meta property=\"og:type\" content=\"article\" \/>\n<meta property=\"og:title\" content=\"MARCO POLO  2001-2002   WIELERSHIRT - Ton Merckx Wielershirts - Rondreis door de wereld van wielershirts\" \/>\n<meta property=\"og:description\" content=\"Het MARCO POLO team gaf Nederlandse renners de kans om in buitenlandse koersen te rijden, vaak in exotische landen.\u00a0 Later gaf MARCO POLO vooral exotische renners de kans om hier in Europa te koersen en bleef men nog steeds ook in exotische landen koersen. in 2001, 2002 reed men onder Nederlandse licentie later had men [&hellip;]\" \/>\n<meta property=\"og:url\" content=\"https:\/\/vintagecycling.store\/es\/retro-wielershirt\/marco-polo\/\" \/>\n<meta property=\"og:site_name\" content=\"Ton Merckx Wielershirts - Rondreis door de wereld van wielershirts\" \/>\n<meta property=\"article:modified_time\" content=\"2026-01-28T11:02:14+00:00\" \/>\n<meta property=\"og:image\" content=\"https:\/\/vintagecycling.store\/wp-content\/uploads\/2023\/01\/SSA42644.jpg\" \/>\n\t<meta property=\"og:image:width\" content=\"1704\" \/>\n\t<meta property=\"og:image:height\" content=\"2272\" \/>\n\t<meta property=\"og:image:type\" content=\"image\/jpeg\" \/>\n<meta name=\"twitter:card\" content=\"summary_large_image\" \/>\n<meta name=\"twitter:label1\" content=\"Gesch\u00e4tzte Lesezeit\" \/>\n\t<meta name=\"twitter:data1\" content=\"1\u00a0Minute\" \/>\n<script type=\"application\/ld+json\" class=\"yoast-schema-graph\">{\"@context\":\"https:\\\/\\\/schema.org\",\"@graph\":[{\"@type\":\"WebPage\",\"@id\":\"https:\\\/\\\/vintagecycling.store\\\/es\\\/retro-wielershirt\\\/marco-polo\\\/\",\"url\":\"https:\\\/\\\/vintagecycling.store\\\/es\\\/retro-wielershirt\\\/marco-polo\\\/\",\"name\":\"MARCO POLO 2001-2002 WIELERSHIRT - Ton Merckx Wielershirts - Rondreis door de wereld van wielershirts\",\"isPartOf\":{\"@id\":\"https:\\\/\\\/mail.ton-merckx-wielershirts.nl\\\/#website\"},\"primaryImageOfPage\":{\"@id\":\"https:\\\/\\\/vintagecycling.store\\\/es\\\/retro-wielershirt\\\/marco-polo\\\/#primaryimage\"},\"image\":{\"@id\":\"https:\\\/\\\/vintagecycling.store\\\/es\\\/retro-wielershirt\\\/marco-polo\\\/#primaryimage\"},\"thumbnailUrl\":\"https:\\\/\\\/tonmerckxwielershirts.nl\\\/wp-content\\\/uploads\\\/2023\\\/01\\\/SSA42644.jpg\",\"datePublished\":\"2023-01-24T18:06:51+00:00\",\"dateModified\":\"2026-01-28T11:02:14+00:00\",\"breadcrumb\":{\"@id\":\"https:\\\/\\\/vintagecycling.store\\\/es\\\/retro-wielershirt\\\/marco-polo\\\/#breadcrumb\"},\"inLanguage\":\"de\",\"potentialAction\":[{\"@type\":\"ReadAction\",\"target\":[\"https:\\\/\\\/vintagecycling.store\\\/es\\\/retro-wielershirt\\\/marco-polo\\\/\"]}]},{\"@type\":\"ImageObject\",\"inLanguage\":\"de\",\"@id\":\"https:\\\/\\\/vintagecycling.store\\\/es\\\/retro-wielershirt\\\/marco-polo\\\/#primaryimage\",\"url\":\"https:\\\/\\\/tonmerckxwielershirts.nl\\\/wp-content\\\/uploads\\\/2023\\\/01\\\/SSA42644.jpg\",\"contentUrl\":\"https:\\\/\\\/tonmerckxwielershirts.nl\\\/wp-content\\\/uploads\\\/2023\\\/01\\\/SSA42644.jpg\",\"width\":1704,\"height\":2272},{\"@type\":\"BreadcrumbList\",\"@id\":\"https:\\\/\\\/vintagecycling.store\\\/es\\\/retro-wielershirt\\\/marco-polo\\\/#breadcrumb\",\"itemListElement\":[{\"@type\":\"ListItem\",\"position\":1,\"name\":\"Home\",\"item\":\"https:\\\/\\\/mail.ton-merckx-wielershirts.nl\\\/\"},{\"@type\":\"ListItem\",\"position\":2,\"name\":\"Retro wielershirts\",\"item\":\"https:\\\/\\\/mail.cyclingoriginals.com\\\/it\\\/maglie-da-ciclismo-retro\\\/\"},{\"@type\":\"ListItem\",\"position\":3,\"name\":\"MARCO POLO 2001-2002 WIELERSHIRT\"}]},{\"@type\":\"WebSite\",\"@id\":\"https:\\\/\\\/mail.ton-merckx-wielershirts.nl\\\/#website\",\"url\":\"https:\\\/\\\/mail.ton-merckx-wielershirts.nl\\\/\",\"name\":\"Ton Merckx Wielershirts - Rondreis door de wereld van wielershirts\",\"description\":\"thousands of original cycling jerseys - order your replica!\",\"publisher\":{\"@id\":\"https:\\\/\\\/mail.ton-merckx-wielershirts.nl\\\/#organization\"},\"potentialAction\":[{\"@type\":\"SearchAction\",\"target\":{\"@type\":\"EntryPoint\",\"urlTemplate\":\"https:\\\/\\\/mail.ton-merckx-wielershirts.nl\\\/?s={search_term_string}\"},\"query-input\":{\"@type\":\"PropertyValueSpecification\",\"valueRequired\":true,\"valueName\":\"search_term_string\"}}],\"inLanguage\":\"de\"},{\"@type\":\"Organization\",\"@id\":\"https:\\\/\\\/mail.ton-merckx-wielershirts.nl\\\/#organization\",\"name\":\"Ton Merckx Wielershirts - Rondreis door de wereld van wielershirts\",\"url\":\"https:\\\/\\\/mail.ton-merckx-wielershirts.nl\\\/\",\"logo\":{\"@type\":\"ImageObject\",\"inLanguage\":\"de\",\"@id\":\"https:\\\/\\\/mail.ton-merckx-wielershirts.nl\\\/#\\\/schema\\\/logo\\\/image\\\/\",\"url\":\"https:\\\/\\\/tonmerckxwielershirts.nl\\\/wp-content\\\/uploads\\\/2023\\\/03\\\/ton-merckx-logo.jpg\",\"contentUrl\":\"https:\\\/\\\/tonmerckxwielershirts.nl\\\/wp-content\\\/uploads\\\/2023\\\/03\\\/ton-merckx-logo.jpg\",\"width\":391,\"height\":57,\"caption\":\"Ton Merckx Wielershirts - Rondreis door de wereld van wielershirts\"},\"image\":{\"@id\":\"https:\\\/\\\/mail.ton-merckx-wielershirts.nl\\\/#\\\/schema\\\/logo\\\/image\\\/\"}}]}<\/script>\n<!-- \/ Yoast SEO plugin. -->","yoast_head_json":{"title":"MARCO POLO 2001\u20132002 Radtrikot \u2013 Ton Merckx Radtrikots \u2013 Tour durch die Welt der Radtrikots","robots":{"index":"index","follow":"follow","max-snippet":"max-snippet:-1","max-image-preview":"max-image-preview:large","max-video-preview":"max-video-preview:-1"},"canonical":"https:\/\/vintagecycling.store\/es\/retro-wielershirt\/marco-polo\/","og_locale":"de_DE","og_type":"article","og_title":"MARCO POLO  2001-2002   WIELERSHIRT - Ton Merckx Wielershirts - Rondreis door de wereld van wielershirts","og_description":"Het MARCO POLO team gaf Nederlandse renners de kans om in buitenlandse koersen te rijden, vaak in exotische landen.\u00a0 Later gaf MARCO POLO vooral exotische renners de kans om hier in Europa te koersen en bleef men nog steeds ook in exotische landen koersen. in 2001, 2002 reed men onder Nederlandse licentie later had men [&hellip;]","og_url":"https:\/\/vintagecycling.store\/es\/retro-wielershirt\/marco-polo\/","og_site_name":"Ton Merckx Wielershirts - Rondreis door de wereld van wielershirts","article_modified_time":"2026-01-28T11:02:14+00:00","og_image":[{"width":1704,"height":2272,"url":"https:\/\/vintagecycling.store\/wp-content\/uploads\/2023\/01\/SSA42644.jpg","type":"image\/jpeg"}],"twitter_card":"summary_large_image","twitter_misc":{"Gesch\u00e4tzte Lesezeit":"1\u00a0Minute"},"schema":{"@context":"https:\/\/schema.org","@graph":[{"@type":"WebPage","@id":"https:\/\/vintagecycling.store\/es\/retro-wielershirt\/marco-polo\/","url":"https:\/\/vintagecycling.store\/es\/retro-wielershirt\/marco-polo\/","name":"MARCO POLO 2001\u20132002 Radtrikot \u2013 Ton Merckx Radtrikots \u2013 Tour durch die Welt der Radtrikots","isPartOf":{"@id":"https:\/\/mail.ton-merckx-wielershirts.nl\/#website"},"primaryImageOfPage":{"@id":"https:\/\/vintagecycling.store\/es\/retro-wielershirt\/marco-polo\/#primaryimage"},"image":{"@id":"https:\/\/vintagecycling.store\/es\/retro-wielershirt\/marco-polo\/#primaryimage"},"thumbnailUrl":"https:\/\/tonmerckxwielershirts.nl\/wp-content\/uploads\/2023\/01\/SSA42644.jpg","datePublished":"2023-01-24T18:06:51+00:00","dateModified":"2026-01-28T11:02:14+00:00","breadcrumb":{"@id":"https:\/\/vintagecycling.store\/es\/retro-wielershirt\/marco-polo\/#breadcrumb"},"inLanguage":"de","potentialAction":[{"@type":"ReadAction","target":["https:\/\/vintagecycling.store\/es\/retro-wielershirt\/marco-polo\/"]}]},{"@type":"ImageObject","inLanguage":"de","@id":"https:\/\/vintagecycling.store\/es\/retro-wielershirt\/marco-polo\/#primaryimage","url":"https:\/\/tonmerckxwielershirts.nl\/wp-content\/uploads\/2023\/01\/SSA42644.jpg","contentUrl":"https:\/\/tonmerckxwielershirts.nl\/wp-content\/uploads\/2023\/01\/SSA42644.jpg","width":1704,"height":2272},{"@type":"BreadcrumbList","@id":"https:\/\/vintagecycling.store\/es\/retro-wielershirt\/marco-polo\/#breadcrumb","itemListElement":[{"@type":"ListItem","position":1,"name":"Home","item":"https:\/\/mail.ton-merckx-wielershirts.nl\/"},{"@type":"ListItem","position":2,"name":"Retro wielershirts","item":"https:\/\/mail.cyclingoriginals.com\/it\/maglie-da-ciclismo-retro\/"},{"@type":"ListItem","position":3,"name":"MARCO POLO 2001-2002 WIELERSHIRT"}]},{"@type":"WebSite","@id":"https:\/\/mail.ton-merckx-wielershirts.nl\/#website","url":"https:\/\/mail.ton-merckx-wielershirts.nl\/","name":"Ton Merckx Radsport-Shirts \u2013 Tour durch die Welt der Radsport-Shirts","description":"Tausende originale Radtrikots \u2013 bestellen Sie Ihr Replikat!","publisher":{"@id":"https:\/\/mail.ton-merckx-wielershirts.nl\/#organization"},"potentialAction":[{"@type":"SearchAction","target":{"@type":"EntryPoint","urlTemplate":"https:\/\/mail.ton-merckx-wielershirts.nl\/?s={search_term_string}"},"query-input":{"@type":"PropertyValueSpecification","valueRequired":true,"valueName":"search_term_string"}}],"inLanguage":"de"},{"@type":"Organization","@id":"https:\/\/mail.ton-merckx-wielershirts.nl\/#organization","name":"Ton Merckx Radsport-Shirts \u2013 Tour durch die Welt der Radsport-Shirts","url":"https:\/\/mail.ton-merckx-wielershirts.nl\/","logo":{"@type":"ImageObject","inLanguage":"de","@id":"https:\/\/mail.ton-merckx-wielershirts.nl\/#\/schema\/logo\/image\/","url":"https:\/\/tonmerckxwielershirts.nl\/wp-content\/uploads\/2023\/03\/ton-merckx-logo.jpg","contentUrl":"https:\/\/tonmerckxwielershirts.nl\/wp-content\/uploads\/2023\/03\/ton-merckx-logo.jpg","width":391,"height":57,"caption":"Ton Merckx Wielershirts - Rondreis door de wereld van wielershirts"},"image":{"@id":"https:\/\/mail.ton-merckx-wielershirts.nl\/#\/schema\/logo\/image\/"}}]}},"_links":{"self":[{"href":"https:\/\/tonmerckxwielershirts.nl\/de\/wp-json\/wp\/v2\/product\/3801","targetHints":{"allow":["GET"]}}],"collection":[{"href":"https:\/\/tonmerckxwielershirts.nl\/de\/wp-json\/wp\/v2\/product"}],"about":[{"href":"https:\/\/tonmerckxwielershirts.nl\/de\/wp-json\/wp\/v2\/types\/product"}],"wp:featuredmedia":[{"embeddable":true,"href":"https:\/\/tonmerckxwielershirts.nl\/de\/wp-json\/wp\/v2\/media\/3800"}],"wp:attachment":[{"href":"https:\/\/tonmerckxwielershirts.nl\/de\/wp-json\/wp\/v2\/media?parent=3801"}],"wp:term":[{"taxonomy":"product_brand","embeddable":true,"href":"https:\/\/tonmerckxwielershirts.nl\/de\/wp-json\/wp\/v2\/product_brand?post=3801"},{"taxonomy":"product_cat","embeddable":true,"href":"https:\/\/tonmerckxwielershirts.nl\/de\/wp-json\/wp\/v2\/product_cat?post=3801"},{"taxonomy":"product_tag","embeddable":true,"href":"https:\/\/tonmerckxwielershirts.nl\/de\/wp-json\/wp\/v2\/product_tag?post=3801"}],"curies":[{"name":"wp","href":"https:\/\/api.w.org\/{rel}","templated":true}]}}