{"id":3957,"date":"2023-01-24T18:09:01","date_gmt":"2023-01-24T18:09:01","guid":{"rendered":"https:\/\/ton.connectingminds.net\/product\/nederlands-kampioensshirt-wim-dielissen\/"},"modified":"2026-01-28T12:02:06","modified_gmt":"2026-01-28T11:02:06","slug":"trikot-des-niederlandischen-meisters-wim-dielissen","status":"publish","type":"product","link":"https:\/\/tonmerckxwielershirts.nl\/de\/retro-wielershirt\/nederlands-kampioensshirt-wim-dielissen\/","title":{"rendered":"NIEDERL\u00c4NDISCHER MEISTER (a) 1950 RADFAHREN-HEMD"},"content":{"rendered":"<p>Trikot des niederl\u00e4ndischen Meisters von Wim Dielissen.<\/p>\n<p>In der damaligen Vereinszeitschrift des WV De Dommelstreek las ich einen Artikel von einem unserer Mitglieder, der als Klempner arbeitete (ich habe seinen Namen vergessen). W\u00e4hrend eines Einsatzes im Huize Engelsbergen sah er im Wohnzimmer ein Foto eines Radfahrers h\u00e4ngen. Als Radfahrer war er nat\u00fcrlich neugierig, es stellte sich heraus, dass es sich um den Ehemann von Frau Dielissen handelte.<\/p>\n<p>Ein paar Wochen sp\u00e4ter interviewte er sie f\u00fcr das Clubmagazin, als ich las, dass es als Postbote nicht sehr schwierig sei, Frau Dielissen aufzusp\u00fcren, insbesondere weil ich die Post regelm\u00e4\u00dfig im Huize Engelsbergen ablieferte. Also schickte ich eine Notiz mit einer Geschichte \u00fcber meine Sammlung und dass mein Vater mit ihrem Mann ein Rennen gefahren war.<\/p>\n<p>Nach ein paar Wochen erhielt ich eine nette Antwort und kurz darauf trank ich Kaffee mit Frau Dielissen, nette Geschichten usw. usw. Ich schaute mir Fotos \u00fcber den Werdegang ihres Mannes an. Nach anderthalb Stunden kam die gro\u00dfe \u00dcberraschung, sie hatte immer noch zwei Meisterschaftstrikots von 1950 von ihrem Mann WIM DIELISSEN und ich bekam eines f\u00fcr meine Sammlung!!!!!!!!!!!!!<\/p>\n<p>Bisher immer noch das \u00e4lteste Shirt in meiner Sammlung.<\/p>","protected":false},"excerpt":{"rendered":"<p>Nederlands Kampioenshirt van Wim Dielissen. In het toenmalige clubblad van WV De Dommelstreek las ik een artikel van een van onze leden die werkzaam was als loodgieter (ben zijn naam even vergeten). Bij een klus in Huize Engelsbergen zag hij in de huiskamer een foto hangen van een wielrenner.\u00a0 Als wielrenner was hij daar natuurlijk [&hellip;]<\/p>\n","protected":false},"featured_media":3956,"template":"","meta":[],"product_brand":[],"product_cat":[151],"product_tag":[],"class_list":{"0":"post-3957","1":"product","2":"type-product","3":"status-publish","4":"has-post-thumbnail","6":"product_cat-pro-team","8":"first","9":"onbackorder","10":"taxable","11":"shipping-taxable","12":"purchasable","13":"product-type-variable"},"yoast_head":"<!-- This site is optimized with the Yoast SEO plugin v27.4 - https:\/\/yoast.com\/product\/yoast-seo-wordpress\/ -->\n<title>NEDERLANDS KAMPIOEN (a) 1950  WIELERSHIRT - Ton Merckx Wielershirts - Rondreis door de wereld van wielershirts<\/title>\n<meta name=\"robots\" content=\"index, follow, max-snippet:-1, max-image-preview:large, max-video-preview:-1\" \/>\n<link rel=\"canonical\" href=\"https:\/\/mail.originalcyclingjerseys.com\/retro-wielershirt\/nederlands-kampioensshirt-wim-dielissen\/\" \/>\n<meta property=\"og:locale\" content=\"de_DE\" \/>\n<meta property=\"og:type\" content=\"article\" \/>\n<meta property=\"og:title\" content=\"NEDERLANDS KAMPIOEN (a) 1950  WIELERSHIRT - Ton Merckx Wielershirts - Rondreis door de wereld van wielershirts\" \/>\n<meta property=\"og:description\" content=\"Nederlands Kampioenshirt van Wim Dielissen. In het toenmalige clubblad van WV De Dommelstreek las ik een artikel van een van onze leden die werkzaam was als loodgieter (ben zijn naam even vergeten). Bij een klus in Huize Engelsbergen zag hij in de huiskamer een foto hangen van een wielrenner.\u00a0 Als wielrenner was hij daar natuurlijk [&hellip;]\" \/>\n<meta property=\"og:url\" content=\"https:\/\/mail.originalcyclingjerseys.com\/retro-wielershirt\/nederlands-kampioensshirt-wim-dielissen\/\" \/>\n<meta property=\"og:site_name\" content=\"Ton Merckx Wielershirts - Rondreis door de wereld van wielershirts\" \/>\n<meta property=\"article:modified_time\" content=\"2026-01-28T11:02:06+00:00\" \/>\n<meta property=\"og:image\" content=\"https:\/\/mail.originalcyclingjerseys.com\/wp-content\/uploads\/2023\/01\/SSA42821.jpg\" \/>\n\t<meta property=\"og:image:width\" content=\"1704\" \/>\n\t<meta property=\"og:image:height\" content=\"2272\" \/>\n\t<meta property=\"og:image:type\" content=\"image\/jpeg\" \/>\n<meta name=\"twitter:card\" content=\"summary_large_image\" \/>\n<meta name=\"twitter:label1\" content=\"Gesch\u00e4tzte Lesezeit\" \/>\n\t<meta name=\"twitter:data1\" content=\"2\u00a0Minuten\" \/>\n<script type=\"application\/ld+json\" class=\"yoast-schema-graph\">{\"@context\":\"https:\\\/\\\/schema.org\",\"@graph\":[{\"@type\":\"WebPage\",\"@id\":\"https:\\\/\\\/mail.originalcyclingjerseys.com\\\/retro-wielershirt\\\/nederlands-kampioensshirt-wim-dielissen\\\/\",\"url\":\"https:\\\/\\\/mail.originalcyclingjerseys.com\\\/retro-wielershirt\\\/nederlands-kampioensshirt-wim-dielissen\\\/\",\"name\":\"NEDERLANDS KAMPIOEN (a) 1950 WIELERSHIRT - Ton Merckx Wielershirts - Rondreis door de wereld van wielershirts\",\"isPartOf\":{\"@id\":\"https:\\\/\\\/mail.ton-merckx-wielershirts.nl\\\/#website\"},\"primaryImageOfPage\":{\"@id\":\"https:\\\/\\\/mail.originalcyclingjerseys.com\\\/retro-wielershirt\\\/nederlands-kampioensshirt-wim-dielissen\\\/#primaryimage\"},\"image\":{\"@id\":\"https:\\\/\\\/mail.originalcyclingjerseys.com\\\/retro-wielershirt\\\/nederlands-kampioensshirt-wim-dielissen\\\/#primaryimage\"},\"thumbnailUrl\":\"https:\\\/\\\/tonmerckxwielershirts.nl\\\/wp-content\\\/uploads\\\/2023\\\/01\\\/SSA42821.jpg\",\"datePublished\":\"2023-01-24T18:09:01+00:00\",\"dateModified\":\"2026-01-28T11:02:06+00:00\",\"breadcrumb\":{\"@id\":\"https:\\\/\\\/mail.originalcyclingjerseys.com\\\/retro-wielershirt\\\/nederlands-kampioensshirt-wim-dielissen\\\/#breadcrumb\"},\"inLanguage\":\"de\",\"potentialAction\":[{\"@type\":\"ReadAction\",\"target\":[\"https:\\\/\\\/mail.originalcyclingjerseys.com\\\/retro-wielershirt\\\/nederlands-kampioensshirt-wim-dielissen\\\/\"]}]},{\"@type\":\"ImageObject\",\"inLanguage\":\"de\",\"@id\":\"https:\\\/\\\/mail.originalcyclingjerseys.com\\\/retro-wielershirt\\\/nederlands-kampioensshirt-wim-dielissen\\\/#primaryimage\",\"url\":\"https:\\\/\\\/tonmerckxwielershirts.nl\\\/wp-content\\\/uploads\\\/2023\\\/01\\\/SSA42821.jpg\",\"contentUrl\":\"https:\\\/\\\/tonmerckxwielershirts.nl\\\/wp-content\\\/uploads\\\/2023\\\/01\\\/SSA42821.jpg\",\"width\":1704,\"height\":2272},{\"@type\":\"BreadcrumbList\",\"@id\":\"https:\\\/\\\/mail.originalcyclingjerseys.com\\\/retro-wielershirt\\\/nederlands-kampioensshirt-wim-dielissen\\\/#breadcrumb\",\"itemListElement\":[{\"@type\":\"ListItem\",\"position\":1,\"name\":\"Home\",\"item\":\"https:\\\/\\\/mail.ton-merckx-wielershirts.nl\\\/\"},{\"@type\":\"ListItem\",\"position\":2,\"name\":\"Retro wielershirts\",\"item\":\"https:\\\/\\\/mail.cyclingoriginals.com\\\/it\\\/maglie-da-ciclismo-retro\\\/\"},{\"@type\":\"ListItem\",\"position\":3,\"name\":\"NEDERLANDS KAMPIOEN (a) 1950 WIELERSHIRT\"}]},{\"@type\":\"WebSite\",\"@id\":\"https:\\\/\\\/mail.ton-merckx-wielershirts.nl\\\/#website\",\"url\":\"https:\\\/\\\/mail.ton-merckx-wielershirts.nl\\\/\",\"name\":\"Ton Merckx Wielershirts - Rondreis door de wereld van wielershirts\",\"description\":\"thousands of original cycling jerseys - order your replica!\",\"publisher\":{\"@id\":\"https:\\\/\\\/mail.ton-merckx-wielershirts.nl\\\/#organization\"},\"potentialAction\":[{\"@type\":\"SearchAction\",\"target\":{\"@type\":\"EntryPoint\",\"urlTemplate\":\"https:\\\/\\\/mail.ton-merckx-wielershirts.nl\\\/?s={search_term_string}\"},\"query-input\":{\"@type\":\"PropertyValueSpecification\",\"valueRequired\":true,\"valueName\":\"search_term_string\"}}],\"inLanguage\":\"de\"},{\"@type\":\"Organization\",\"@id\":\"https:\\\/\\\/mail.ton-merckx-wielershirts.nl\\\/#organization\",\"name\":\"Ton Merckx Wielershirts - Rondreis door de wereld van wielershirts\",\"url\":\"https:\\\/\\\/mail.ton-merckx-wielershirts.nl\\\/\",\"logo\":{\"@type\":\"ImageObject\",\"inLanguage\":\"de\",\"@id\":\"https:\\\/\\\/mail.ton-merckx-wielershirts.nl\\\/#\\\/schema\\\/logo\\\/image\\\/\",\"url\":\"https:\\\/\\\/tonmerckxwielershirts.nl\\\/wp-content\\\/uploads\\\/2023\\\/03\\\/ton-merckx-logo.jpg\",\"contentUrl\":\"https:\\\/\\\/tonmerckxwielershirts.nl\\\/wp-content\\\/uploads\\\/2023\\\/03\\\/ton-merckx-logo.jpg\",\"width\":391,\"height\":57,\"caption\":\"Ton Merckx Wielershirts - Rondreis door de wereld van wielershirts\"},\"image\":{\"@id\":\"https:\\\/\\\/mail.ton-merckx-wielershirts.nl\\\/#\\\/schema\\\/logo\\\/image\\\/\"}}]}<\/script>\n<!-- \/ Yoast SEO plugin. -->","yoast_head_json":{"title":"NIEDERL\u00c4NDISCHER MEISTER (a) 1950 RADFAHREN-HEMD \u2013 Ton Merckx Radtrikots \u2013 Tour durch die Welt der Radtrikots","robots":{"index":"index","follow":"follow","max-snippet":"max-snippet:-1","max-image-preview":"max-image-preview:large","max-video-preview":"max-video-preview:-1"},"canonical":"https:\/\/mail.originalcyclingjerseys.com\/retro-wielershirt\/nederlands-kampioensshirt-wim-dielissen\/","og_locale":"de_DE","og_type":"article","og_title":"NEDERLANDS KAMPIOEN (a) 1950  WIELERSHIRT - Ton Merckx Wielershirts - Rondreis door de wereld van wielershirts","og_description":"Nederlands Kampioenshirt van Wim Dielissen. In het toenmalige clubblad van WV De Dommelstreek las ik een artikel van een van onze leden die werkzaam was als loodgieter (ben zijn naam even vergeten). Bij een klus in Huize Engelsbergen zag hij in de huiskamer een foto hangen van een wielrenner.\u00a0 Als wielrenner was hij daar natuurlijk [&hellip;]","og_url":"https:\/\/mail.originalcyclingjerseys.com\/retro-wielershirt\/nederlands-kampioensshirt-wim-dielissen\/","og_site_name":"Ton Merckx Wielershirts - Rondreis door de wereld van wielershirts","article_modified_time":"2026-01-28T11:02:06+00:00","og_image":[{"width":1704,"height":2272,"url":"https:\/\/mail.originalcyclingjerseys.com\/wp-content\/uploads\/2023\/01\/SSA42821.jpg","type":"image\/jpeg"}],"twitter_card":"summary_large_image","twitter_misc":{"Gesch\u00e4tzte Lesezeit":"2\u00a0Minuten"},"schema":{"@context":"https:\/\/schema.org","@graph":[{"@type":"WebPage","@id":"https:\/\/mail.originalcyclingjerseys.com\/retro-wielershirt\/nederlands-kampioensshirt-wim-dielissen\/","url":"https:\/\/mail.originalcyclingjerseys.com\/retro-wielershirt\/nederlands-kampioensshirt-wim-dielissen\/","name":"NIEDERL\u00c4NDISCHER MEISTER (a) 1950 RADFAHREN-HEMD \u2013 Ton Merckx Radtrikots \u2013 Tour durch die Welt der Radtrikots","isPartOf":{"@id":"https:\/\/mail.ton-merckx-wielershirts.nl\/#website"},"primaryImageOfPage":{"@id":"https:\/\/mail.originalcyclingjerseys.com\/retro-wielershirt\/nederlands-kampioensshirt-wim-dielissen\/#primaryimage"},"image":{"@id":"https:\/\/mail.originalcyclingjerseys.com\/retro-wielershirt\/nederlands-kampioensshirt-wim-dielissen\/#primaryimage"},"thumbnailUrl":"https:\/\/tonmerckxwielershirts.nl\/wp-content\/uploads\/2023\/01\/SSA42821.jpg","datePublished":"2023-01-24T18:09:01+00:00","dateModified":"2026-01-28T11:02:06+00:00","breadcrumb":{"@id":"https:\/\/mail.originalcyclingjerseys.com\/retro-wielershirt\/nederlands-kampioensshirt-wim-dielissen\/#breadcrumb"},"inLanguage":"de","potentialAction":[{"@type":"ReadAction","target":["https:\/\/mail.originalcyclingjerseys.com\/retro-wielershirt\/nederlands-kampioensshirt-wim-dielissen\/"]}]},{"@type":"ImageObject","inLanguage":"de","@id":"https:\/\/mail.originalcyclingjerseys.com\/retro-wielershirt\/nederlands-kampioensshirt-wim-dielissen\/#primaryimage","url":"https:\/\/tonmerckxwielershirts.nl\/wp-content\/uploads\/2023\/01\/SSA42821.jpg","contentUrl":"https:\/\/tonmerckxwielershirts.nl\/wp-content\/uploads\/2023\/01\/SSA42821.jpg","width":1704,"height":2272},{"@type":"BreadcrumbList","@id":"https:\/\/mail.originalcyclingjerseys.com\/retro-wielershirt\/nederlands-kampioensshirt-wim-dielissen\/#breadcrumb","itemListElement":[{"@type":"ListItem","position":1,"name":"Home","item":"https:\/\/mail.ton-merckx-wielershirts.nl\/"},{"@type":"ListItem","position":2,"name":"Retro wielershirts","item":"https:\/\/mail.cyclingoriginals.com\/it\/maglie-da-ciclismo-retro\/"},{"@type":"ListItem","position":3,"name":"NEDERLANDS KAMPIOEN (a) 1950 WIELERSHIRT"}]},{"@type":"WebSite","@id":"https:\/\/mail.ton-merckx-wielershirts.nl\/#website","url":"https:\/\/mail.ton-merckx-wielershirts.nl\/","name":"Ton Merckx Radsport-Shirts \u2013 Tour durch die Welt der Radsport-Shirts","description":"Tausende originale Radtrikots \u2013 bestellen Sie Ihr Replikat!","publisher":{"@id":"https:\/\/mail.ton-merckx-wielershirts.nl\/#organization"},"potentialAction":[{"@type":"SearchAction","target":{"@type":"EntryPoint","urlTemplate":"https:\/\/mail.ton-merckx-wielershirts.nl\/?s={search_term_string}"},"query-input":{"@type":"PropertyValueSpecification","valueRequired":true,"valueName":"search_term_string"}}],"inLanguage":"de"},{"@type":"Organization","@id":"https:\/\/mail.ton-merckx-wielershirts.nl\/#organization","name":"Ton Merckx Radsport-Shirts \u2013 Tour durch die Welt der Radsport-Shirts","url":"https:\/\/mail.ton-merckx-wielershirts.nl\/","logo":{"@type":"ImageObject","inLanguage":"de","@id":"https:\/\/mail.ton-merckx-wielershirts.nl\/#\/schema\/logo\/image\/","url":"https:\/\/tonmerckxwielershirts.nl\/wp-content\/uploads\/2023\/03\/ton-merckx-logo.jpg","contentUrl":"https:\/\/tonmerckxwielershirts.nl\/wp-content\/uploads\/2023\/03\/ton-merckx-logo.jpg","width":391,"height":57,"caption":"Ton Merckx Wielershirts - Rondreis door de wereld van wielershirts"},"image":{"@id":"https:\/\/mail.ton-merckx-wielershirts.nl\/#\/schema\/logo\/image\/"}}]}},"_links":{"self":[{"href":"https:\/\/tonmerckxwielershirts.nl\/de\/wp-json\/wp\/v2\/product\/3957","targetHints":{"allow":["GET"]}}],"collection":[{"href":"https:\/\/tonmerckxwielershirts.nl\/de\/wp-json\/wp\/v2\/product"}],"about":[{"href":"https:\/\/tonmerckxwielershirts.nl\/de\/wp-json\/wp\/v2\/types\/product"}],"wp:featuredmedia":[{"embeddable":true,"href":"https:\/\/tonmerckxwielershirts.nl\/de\/wp-json\/wp\/v2\/media\/3956"}],"wp:attachment":[{"href":"https:\/\/tonmerckxwielershirts.nl\/de\/wp-json\/wp\/v2\/media?parent=3957"}],"wp:term":[{"taxonomy":"product_brand","embeddable":true,"href":"https:\/\/tonmerckxwielershirts.nl\/de\/wp-json\/wp\/v2\/product_brand?post=3957"},{"taxonomy":"product_cat","embeddable":true,"href":"https:\/\/tonmerckxwielershirts.nl\/de\/wp-json\/wp\/v2\/product_cat?post=3957"},{"taxonomy":"product_tag","embeddable":true,"href":"https:\/\/tonmerckxwielershirts.nl\/de\/wp-json\/wp\/v2\/product_tag?post=3957"}],"curies":[{"name":"wp","href":"https:\/\/api.w.org\/{rel}","templated":true}]}}