{"id":1758,"date":"2023-01-24T17:41:46","date_gmt":"2023-01-24T17:41:46","guid":{"rendered":"https:\/\/ton.connectingminds.net\/product\/zwarte-trui-zomercross-zolder-8-8-2004\/"},"modified":"2026-01-28T12:04:12","modified_gmt":"2026-01-28T11:04:12","slug":"camiseta-negra-de-summercross-attic-8-8-2004","status":"publish","type":"product","link":"https:\/\/tonmerckxwielershirts.nl\/es\/retro-wielershirt\/zwarte-trui-zomercross-zolder-8-8-2004\/","title":{"rendered":"SPAARSELECT (j) - CAMISETA NEGRA SUMMER CROSS ZOLDER 8 de agosto de 2004 CAMISETA DE CICLISMO"},"content":{"rendered":"<p>En la primavera de 2004 la sucursal holandesa de SPAARSELECT quebr\u00f3.<\/p>\n<p>Como resultado, el equipo de patinaje, incluido el campe\u00f3n ol\u00edmpico Gianni Romme, se disuelve.<\/p>\n<p>Poco despu\u00e9s, en el verano de 2004, cay\u00f3 el tel\u00f3n para la filial belga de SPAARSELECT, as\u00ed como para el equipo de ciclocross SPAARSELECT.<\/p>\n<p>El 8 de agosto de ese a\u00f1o se organiz\u00f3 por primera vez un Summer Cross en el circuito de Zolder.<\/p>\n<p>Los corredores de SPAARSELECT aparecen all\u00ed con un traje negro, el campe\u00f3n mundial Bart Wellens viaja con su traje arco\u00edris SPAARSELECT, pero los nombres de los patrocinadores de SPAARSELECT est\u00e1n cubiertos con cinta negra.<\/p>\n<p>Un final triste para el exitoso equipo de ciclocross SPAARSELECT.  Poco despu\u00e9s, Fidea se hace cargo del patrocinio.<\/p>","protected":false},"excerpt":{"rendered":"<p>In het voorjaar van 2004 gaat de Nederlandse tak van SPAARSELECT failliet. Dien ten gevolge wordt de schaatsploeg met oa Olympisch kampioen Gianni Romme opgedoekt. Niet veel later in de zomer van 2004 valt ook het doek voor Belgische tak van SPAARSELECT alsmede dus ook de SPAARSELECT cyclocrossploeg. Op 8 Augustus van dat jaar wordt [&hellip;]<\/p>\n","protected":false},"featured_media":177544,"template":"","meta":[],"product_brand":[],"product_cat":[151],"product_tag":[],"class_list":{"0":"post-1758","1":"product","2":"type-product","3":"status-publish","4":"has-post-thumbnail","6":"product_cat-pro-team","8":"first","9":"onbackorder","10":"taxable","11":"shipping-taxable","12":"purchasable","13":"product-type-variable"},"yoast_head":"<!-- This site is optimized with the Yoast SEO plugin v27.5 - https:\/\/yoast.com\/product\/yoast-seo-wordpress\/ -->\n<title>SPAARSELECT (j) - ZWARTE TRUI ZOMERCROSS ZOLDER 8 Augustus 2004  WIELERSHIRT - Ton Merckx Wielershirts - Rondreis door de wereld van wielershirts<\/title>\n<meta name=\"robots\" content=\"index, follow, max-snippet:-1, max-image-preview:large, max-video-preview:-1\" \/>\n<link rel=\"canonical\" href=\"https:\/\/tonmerckxwielershirts.nl\/es\/maillot-ciclista-retro\/camiseta-negra-de-summercross-attic-8-8-2004\/\" \/>\n<meta property=\"og:locale\" content=\"es_ES\" \/>\n<meta property=\"og:type\" content=\"article\" \/>\n<meta property=\"og:title\" content=\"SPAARSELECT (j) - ZWARTE TRUI ZOMERCROSS ZOLDER 8 Augustus 2004  WIELERSHIRT - Ton Merckx Wielershirts - Rondreis door de wereld van wielershirts\" \/>\n<meta property=\"og:description\" content=\"In het voorjaar van 2004 gaat de Nederlandse tak van SPAARSELECT failliet. Dien ten gevolge wordt de schaatsploeg met oa Olympisch kampioen Gianni Romme opgedoekt. Niet veel later in de zomer van 2004 valt ook het doek voor Belgische tak van SPAARSELECT alsmede dus ook de SPAARSELECT cyclocrossploeg. Op 8 Augustus van dat jaar wordt [&hellip;]\" \/>\n<meta property=\"og:url\" content=\"https:\/\/tonmerckxwielershirts.nl\/es\/maillot-ciclista-retro\/camiseta-negra-de-summercross-attic-8-8-2004\/\" \/>\n<meta property=\"og:site_name\" content=\"Ton Merckx Wielershirts - Rondreis door de wereld van wielershirts\" \/>\n<meta property=\"article:modified_time\" content=\"2026-01-28T11:04:12+00:00\" \/>\n<meta property=\"og:image\" content=\"https:\/\/tonmerckxwielershirts.nl\/wp-content\/uploads\/2023\/01\/IMG_4637-scaled.jpg\" \/>\n\t<meta property=\"og:image:width\" content=\"1920\" \/>\n\t<meta property=\"og:image:height\" content=\"2560\" \/>\n\t<meta property=\"og:image:type\" content=\"image\/jpeg\" \/>\n<meta name=\"twitter:card\" content=\"summary_large_image\" \/>\n<meta name=\"twitter:label1\" content=\"Tiempo de lectura\" \/>\n\t<meta name=\"twitter:data1\" content=\"1 minuto\" \/>\n<script type=\"application\/ld+json\" class=\"yoast-schema-graph\">{\"@context\":\"https:\\\/\\\/schema.org\",\"@graph\":[{\"@type\":\"WebPage\",\"@id\":\"https:\\\/\\\/tonmerckxwielershirts.nl\\\/retro-wielershirt\\\/zwarte-trui-zomercross-zolder-8-8-2004\\\/\",\"url\":\"https:\\\/\\\/tonmerckxwielershirts.nl\\\/retro-wielershirt\\\/zwarte-trui-zomercross-zolder-8-8-2004\\\/\",\"name\":\"SPAARSELECT (j) - ZWARTE TRUI ZOMERCROSS ZOLDER 8 Augustus 2004 WIELERSHIRT - Ton Merckx Wielershirts - Rondreis door de wereld van wielershirts\",\"isPartOf\":{\"@id\":\"https:\\\/\\\/www.tonmerckxwielershirts.nl\\\/es\\\/#website\"},\"primaryImageOfPage\":{\"@id\":\"https:\\\/\\\/tonmerckxwielershirts.nl\\\/retro-wielershirt\\\/zwarte-trui-zomercross-zolder-8-8-2004\\\/#primaryimage\"},\"image\":{\"@id\":\"https:\\\/\\\/tonmerckxwielershirts.nl\\\/retro-wielershirt\\\/zwarte-trui-zomercross-zolder-8-8-2004\\\/#primaryimage\"},\"thumbnailUrl\":\"https:\\\/\\\/tonmerckxwielershirts.nl\\\/wp-content\\\/uploads\\\/2023\\\/01\\\/IMG_4637-scaled.jpg\",\"datePublished\":\"2023-01-24T17:41:46+00:00\",\"dateModified\":\"2026-01-28T11:04:12+00:00\",\"breadcrumb\":{\"@id\":\"https:\\\/\\\/tonmerckxwielershirts.nl\\\/retro-wielershirt\\\/zwarte-trui-zomercross-zolder-8-8-2004\\\/#breadcrumb\"},\"inLanguage\":\"es\",\"potentialAction\":[{\"@type\":\"ReadAction\",\"target\":[\"https:\\\/\\\/tonmerckxwielershirts.nl\\\/retro-wielershirt\\\/zwarte-trui-zomercross-zolder-8-8-2004\\\/\"]}]},{\"@type\":\"ImageObject\",\"inLanguage\":\"es\",\"@id\":\"https:\\\/\\\/tonmerckxwielershirts.nl\\\/retro-wielershirt\\\/zwarte-trui-zomercross-zolder-8-8-2004\\\/#primaryimage\",\"url\":\"https:\\\/\\\/tonmerckxwielershirts.nl\\\/wp-content\\\/uploads\\\/2023\\\/01\\\/IMG_4637-scaled.jpg\",\"contentUrl\":\"https:\\\/\\\/tonmerckxwielershirts.nl\\\/wp-content\\\/uploads\\\/2023\\\/01\\\/IMG_4637-scaled.jpg\",\"width\":1920,\"height\":2560},{\"@type\":\"BreadcrumbList\",\"@id\":\"https:\\\/\\\/tonmerckxwielershirts.nl\\\/retro-wielershirt\\\/zwarte-trui-zomercross-zolder-8-8-2004\\\/#breadcrumb\",\"itemListElement\":[{\"@type\":\"ListItem\",\"position\":1,\"name\":\"Home\",\"item\":\"https:\\\/\\\/www.tonmerckxwielershirts.nl\\\/es\\\/\"},{\"@type\":\"ListItem\",\"position\":2,\"name\":\"Retro wielershirts\",\"item\":\"https:\\\/\\\/www.tonmerckxwielershirts.nl\\\/es\\\/camisetas-de-ciclismo-retro\\\/\"},{\"@type\":\"ListItem\",\"position\":3,\"name\":\"SPAARSELECT (j) &#8211; ZWARTE TRUI ZOMERCROSS ZOLDER 8 Augustus 2004 WIELERSHIRT\"}]},{\"@type\":\"WebSite\",\"@id\":\"https:\\\/\\\/www.tonmerckxwielershirts.nl\\\/es\\\/#website\",\"url\":\"https:\\\/\\\/www.tonmerckxwielershirts.nl\\\/es\\\/\",\"name\":\"Ton Merckx Wielershirts - Rondreis door de wereld van wielershirts\",\"description\":\"thousands of original cycling jerseys - order your replica!\",\"publisher\":{\"@id\":\"https:\\\/\\\/www.tonmerckxwielershirts.nl\\\/es\\\/#organization\"},\"potentialAction\":[{\"@type\":\"SearchAction\",\"target\":{\"@type\":\"EntryPoint\",\"urlTemplate\":\"https:\\\/\\\/www.tonmerckxwielershirts.nl\\\/es\\\/?s={search_term_string}\"},\"query-input\":{\"@type\":\"PropertyValueSpecification\",\"valueRequired\":true,\"valueName\":\"search_term_string\"}}],\"inLanguage\":\"es\"},{\"@type\":\"Organization\",\"@id\":\"https:\\\/\\\/www.tonmerckxwielershirts.nl\\\/es\\\/#organization\",\"name\":\"Ton Merckx Wielershirts - Rondreis door de wereld van wielershirts\",\"url\":\"https:\\\/\\\/www.tonmerckxwielershirts.nl\\\/es\\\/\",\"logo\":{\"@type\":\"ImageObject\",\"inLanguage\":\"es\",\"@id\":\"https:\\\/\\\/www.tonmerckxwielershirts.nl\\\/es\\\/#\\\/schema\\\/logo\\\/image\\\/\",\"url\":\"https:\\\/\\\/tonmerckxwielershirts.nl\\\/wp-content\\\/uploads\\\/2023\\\/03\\\/ton-merckx-logo.jpg\",\"contentUrl\":\"https:\\\/\\\/tonmerckxwielershirts.nl\\\/wp-content\\\/uploads\\\/2023\\\/03\\\/ton-merckx-logo.jpg\",\"width\":391,\"height\":57,\"caption\":\"Ton Merckx Wielershirts - Rondreis door de wereld van wielershirts\"},\"image\":{\"@id\":\"https:\\\/\\\/www.tonmerckxwielershirts.nl\\\/es\\\/#\\\/schema\\\/logo\\\/image\\\/\"}}]}<\/script>\n<!-- \/ Yoast SEO plugin. -->","yoast_head_json":{"title":"SPAARSELECT (j) - CAMISETA NEGRA SUMMER CROSS ZOLDER 8 de agosto de 2004 CAMISETA CICLISMO - Ton Merckx Camisetas ciclistas - Recorrido por el mundo de las camisetas ciclistas","robots":{"index":"index","follow":"follow","max-snippet":"max-snippet:-1","max-image-preview":"max-image-preview:large","max-video-preview":"max-video-preview:-1"},"canonical":"https:\/\/tonmerckxwielershirts.nl\/es\/maillot-ciclista-retro\/camiseta-negra-de-summercross-attic-8-8-2004\/","og_locale":"es_ES","og_type":"article","og_title":"SPAARSELECT (j) - ZWARTE TRUI ZOMERCROSS ZOLDER 8 Augustus 2004  WIELERSHIRT - Ton Merckx Wielershirts - Rondreis door de wereld van wielershirts","og_description":"In het voorjaar van 2004 gaat de Nederlandse tak van SPAARSELECT failliet. Dien ten gevolge wordt de schaatsploeg met oa Olympisch kampioen Gianni Romme opgedoekt. Niet veel later in de zomer van 2004 valt ook het doek voor Belgische tak van SPAARSELECT alsmede dus ook de SPAARSELECT cyclocrossploeg. Op 8 Augustus van dat jaar wordt [&hellip;]","og_url":"https:\/\/tonmerckxwielershirts.nl\/es\/maillot-ciclista-retro\/camiseta-negra-de-summercross-attic-8-8-2004\/","og_site_name":"Ton Merckx Wielershirts - Rondreis door de wereld van wielershirts","article_modified_time":"2026-01-28T11:04:12+00:00","og_image":[{"width":1920,"height":2560,"url":"https:\/\/tonmerckxwielershirts.nl\/wp-content\/uploads\/2023\/01\/IMG_4637-scaled.jpg","type":"image\/jpeg"}],"twitter_card":"summary_large_image","twitter_misc":{"Tiempo de lectura":"1 minuto"},"schema":{"@context":"https:\/\/schema.org","@graph":[{"@type":"WebPage","@id":"https:\/\/tonmerckxwielershirts.nl\/retro-wielershirt\/zwarte-trui-zomercross-zolder-8-8-2004\/","url":"https:\/\/tonmerckxwielershirts.nl\/retro-wielershirt\/zwarte-trui-zomercross-zolder-8-8-2004\/","name":"SPAARSELECT (j) - CAMISETA NEGRA SUMMER CROSS ZOLDER 8 de agosto de 2004 CAMISETA CICLISMO - Ton Merckx Camisetas ciclistas - Recorrido por el mundo de las camisetas ciclistas","isPartOf":{"@id":"https:\/\/www.tonmerckxwielershirts.nl\/es\/#website"},"primaryImageOfPage":{"@id":"https:\/\/tonmerckxwielershirts.nl\/retro-wielershirt\/zwarte-trui-zomercross-zolder-8-8-2004\/#primaryimage"},"image":{"@id":"https:\/\/tonmerckxwielershirts.nl\/retro-wielershirt\/zwarte-trui-zomercross-zolder-8-8-2004\/#primaryimage"},"thumbnailUrl":"https:\/\/tonmerckxwielershirts.nl\/wp-content\/uploads\/2023\/01\/IMG_4637-scaled.jpg","datePublished":"2023-01-24T17:41:46+00:00","dateModified":"2026-01-28T11:04:12+00:00","breadcrumb":{"@id":"https:\/\/tonmerckxwielershirts.nl\/retro-wielershirt\/zwarte-trui-zomercross-zolder-8-8-2004\/#breadcrumb"},"inLanguage":"es","potentialAction":[{"@type":"ReadAction","target":["https:\/\/tonmerckxwielershirts.nl\/retro-wielershirt\/zwarte-trui-zomercross-zolder-8-8-2004\/"]}]},{"@type":"ImageObject","inLanguage":"es","@id":"https:\/\/tonmerckxwielershirts.nl\/retro-wielershirt\/zwarte-trui-zomercross-zolder-8-8-2004\/#primaryimage","url":"https:\/\/tonmerckxwielershirts.nl\/wp-content\/uploads\/2023\/01\/IMG_4637-scaled.jpg","contentUrl":"https:\/\/tonmerckxwielershirts.nl\/wp-content\/uploads\/2023\/01\/IMG_4637-scaled.jpg","width":1920,"height":2560},{"@type":"BreadcrumbList","@id":"https:\/\/tonmerckxwielershirts.nl\/retro-wielershirt\/zwarte-trui-zomercross-zolder-8-8-2004\/#breadcrumb","itemListElement":[{"@type":"ListItem","position":1,"name":"Home","item":"https:\/\/www.tonmerckxwielershirts.nl\/es\/"},{"@type":"ListItem","position":2,"name":"Retro wielershirts","item":"https:\/\/www.tonmerckxwielershirts.nl\/es\/camisetas-de-ciclismo-retro\/"},{"@type":"ListItem","position":3,"name":"SPAARSELECT (j) &#8211; ZWARTE TRUI ZOMERCROSS ZOLDER 8 Augustus 2004 WIELERSHIRT"}]},{"@type":"WebSite","@id":"https:\/\/www.tonmerckxwielershirts.nl\/es\/#website","url":"https:\/\/www.tonmerckxwielershirts.nl\/es\/","name":"Camisetas ciclistas Ton Merckx - Recorrido por el mundo de las camisetas ciclistas","description":"miles de maillots ciclistas originales - \u00a1pide tu r\u00e9plica!","publisher":{"@id":"https:\/\/www.tonmerckxwielershirts.nl\/es\/#organization"},"potentialAction":[{"@type":"SearchAction","target":{"@type":"EntryPoint","urlTemplate":"https:\/\/www.tonmerckxwielershirts.nl\/es\/?s={search_term_string}"},"query-input":{"@type":"PropertyValueSpecification","valueRequired":true,"valueName":"search_term_string"}}],"inLanguage":"es"},{"@type":"Organization","@id":"https:\/\/www.tonmerckxwielershirts.nl\/es\/#organization","name":"Camisetas ciclistas Ton Merckx - Recorrido por el mundo de las camisetas ciclistas","url":"https:\/\/www.tonmerckxwielershirts.nl\/es\/","logo":{"@type":"ImageObject","inLanguage":"es","@id":"https:\/\/www.tonmerckxwielershirts.nl\/es\/#\/schema\/logo\/image\/","url":"https:\/\/tonmerckxwielershirts.nl\/wp-content\/uploads\/2023\/03\/ton-merckx-logo.jpg","contentUrl":"https:\/\/tonmerckxwielershirts.nl\/wp-content\/uploads\/2023\/03\/ton-merckx-logo.jpg","width":391,"height":57,"caption":"Ton Merckx Wielershirts - Rondreis door de wereld van wielershirts"},"image":{"@id":"https:\/\/www.tonmerckxwielershirts.nl\/es\/#\/schema\/logo\/image\/"}}]}},"_links":{"self":[{"href":"https:\/\/tonmerckxwielershirts.nl\/es\/wp-json\/wp\/v2\/product\/1758","targetHints":{"allow":["GET"]}}],"collection":[{"href":"https:\/\/tonmerckxwielershirts.nl\/es\/wp-json\/wp\/v2\/product"}],"about":[{"href":"https:\/\/tonmerckxwielershirts.nl\/es\/wp-json\/wp\/v2\/types\/product"}],"wp:featuredmedia":[{"embeddable":true,"href":"https:\/\/tonmerckxwielershirts.nl\/es\/wp-json\/wp\/v2\/media\/177544"}],"wp:attachment":[{"href":"https:\/\/tonmerckxwielershirts.nl\/es\/wp-json\/wp\/v2\/media?parent=1758"}],"wp:term":[{"taxonomy":"product_brand","embeddable":true,"href":"https:\/\/tonmerckxwielershirts.nl\/es\/wp-json\/wp\/v2\/product_brand?post=1758"},{"taxonomy":"product_cat","embeddable":true,"href":"https:\/\/tonmerckxwielershirts.nl\/es\/wp-json\/wp\/v2\/product_cat?post=1758"},{"taxonomy":"product_tag","embeddable":true,"href":"https:\/\/tonmerckxwielershirts.nl\/es\/wp-json\/wp\/v2\/product_tag?post=1758"}],"curies":[{"name":"gracias","href":"https:\/\/api.w.org\/{rel}","templated":true}]}}