{"id":2730,"date":"2023-01-24T17:53:28","date_gmt":"2023-01-24T17:53:28","guid":{"rendered":"https:\/\/ton.connectingminds.net\/product\/le-groupement\/"},"modified":"2026-01-28T12:03:18","modified_gmt":"2026-01-28T11:03:18","slug":"la-agrupacion","status":"publish","type":"product","link":"https:\/\/tonmerckxwielershirts.nl\/es\/retro-wielershirt\/le-groupement\/","title":{"rendered":"LE GROUPEMENT (a)-CAMISETA CICLISMO BIANCHI 1995"},"content":{"rendered":"<p>\u00a1\u00a1\u00a1Muy bonita camiseta de ciclismo!!! Uno de los 10 mejores de mi colecci\u00f3n.<\/p>\n<p>Desafortunadamente, el equipo de LE GROUPEMENT no tuvo mucho \u00e9xito.<\/p>\n<p>Desde el principio hubo dudas sobre la empresa y el propietario de LE GROUPEMENT.<\/p>\n<p>Los problemas econ\u00f3micos eran constantes y cuatro d\u00edas antes del inicio del Tour de Francia de 1995, LE GROUPEMENT se retir\u00f3 o desconect\u00f3 el equipo.<\/p>\n<p>Fin de LE GROUPEMENT y, para algunos ciclistas mayores, tambi\u00e9n el final de su carrera ciclista.<\/p>\n<p>A pesar de todos los problemas, los corredores lograron 9 victorias.<\/p>","protected":false},"excerpt":{"rendered":"<p>Ontzettend mooi wielershirt !!!\u00a0 Behoort tot de top 10 in mijn verzameling. Helaas was de LE GROUPEMENT ploeg niet een heel groot succes. Vanaf het begin waren er twijfels over het bedrijf en de eigenaar van LE GROUPEMENT. Er waren dan ook constant financiele problemen, 4 dagen voor de start van de Tour de France [&hellip;]<\/p>\n","protected":false},"featured_media":2729,"template":"","meta":[],"product_brand":[],"product_cat":[151],"product_tag":[],"class_list":{"0":"post-2730","1":"product","2":"type-product","3":"status-publish","4":"has-post-thumbnail","6":"product_cat-pro-team","8":"first","9":"onbackorder","10":"taxable","11":"shipping-taxable","12":"purchasable","13":"product-type-variable"},"yoast_head":"<!-- This site is optimized with the Yoast SEO plugin v27.5 - https:\/\/yoast.com\/product\/yoast-seo-wordpress\/ -->\n<title>LE GROUPEMENT (a)-BIANCHI  1995  WIELERSHIRT - Ton Merckx Wielershirts - Rondreis door de wereld van wielershirts<\/title>\n<meta name=\"robots\" content=\"index, follow, max-snippet:-1, max-image-preview:large, max-video-preview:-1\" \/>\n<link rel=\"canonical\" href=\"https:\/\/ton.connectingminds.net\/en\/retro-cycling-jersey\/the-grouping\/\" \/>\n<meta property=\"og:locale\" content=\"es_ES\" \/>\n<meta property=\"og:type\" content=\"article\" \/>\n<meta property=\"og:title\" content=\"LE GROUPEMENT (a)-BIANCHI  1995  WIELERSHIRT - Ton Merckx Wielershirts - Rondreis door de wereld van wielershirts\" \/>\n<meta property=\"og:description\" content=\"Ontzettend mooi wielershirt !!!\u00a0 Behoort tot de top 10 in mijn verzameling. Helaas was de LE GROUPEMENT ploeg niet een heel groot succes. Vanaf het begin waren er twijfels over het bedrijf en de eigenaar van LE GROUPEMENT. Er waren dan ook constant financiele problemen, 4 dagen voor de start van de Tour de France [&hellip;]\" \/>\n<meta property=\"og:url\" content=\"https:\/\/ton.connectingminds.net\/en\/retro-cycling-jersey\/the-grouping\/\" \/>\n<meta property=\"og:site_name\" content=\"Ton Merckx Wielershirts - Rondreis door de wereld van wielershirts\" \/>\n<meta property=\"article:modified_time\" content=\"2026-01-28T11:03:18+00:00\" \/>\n<meta property=\"og:image\" content=\"https:\/\/ton.connectingminds.net\/wp-content\/uploads\/2023\/01\/SSA43513.jpg\" \/>\n\t<meta property=\"og:image:width\" content=\"1704\" \/>\n\t<meta property=\"og:image:height\" content=\"2272\" \/>\n\t<meta property=\"og:image:type\" content=\"image\/jpeg\" \/>\n<meta name=\"twitter:card\" content=\"summary_large_image\" \/>\n<meta name=\"twitter:label1\" content=\"Tiempo de lectura\" \/>\n\t<meta name=\"twitter:data1\" content=\"1 minuto\" \/>\n<script type=\"application\/ld+json\" class=\"yoast-schema-graph\">{\"@context\":\"https:\\\/\\\/schema.org\",\"@graph\":[{\"@type\":\"WebPage\",\"@id\":\"https:\\\/\\\/ton.connectingminds.net\\\/en\\\/retro-cycling-jersey\\\/the-grouping\\\/\",\"url\":\"https:\\\/\\\/ton.connectingminds.net\\\/en\\\/retro-cycling-jersey\\\/the-grouping\\\/\",\"name\":\"LE GROUPEMENT (a)-BIANCHI 1995 WIELERSHIRT - Ton Merckx Wielershirts - Rondreis door de wereld van wielershirts\",\"isPartOf\":{\"@id\":\"https:\\\/\\\/www.tonmerckxwielershirts.nl\\\/es\\\/#website\"},\"primaryImageOfPage\":{\"@id\":\"https:\\\/\\\/ton.connectingminds.net\\\/en\\\/retro-cycling-jersey\\\/the-grouping\\\/#primaryimage\"},\"image\":{\"@id\":\"https:\\\/\\\/ton.connectingminds.net\\\/en\\\/retro-cycling-jersey\\\/the-grouping\\\/#primaryimage\"},\"thumbnailUrl\":\"https:\\\/\\\/tonmerckxwielershirts.nl\\\/wp-content\\\/uploads\\\/2023\\\/01\\\/SSA43513.jpg\",\"datePublished\":\"2023-01-24T17:53:28+00:00\",\"dateModified\":\"2026-01-28T11:03:18+00:00\",\"breadcrumb\":{\"@id\":\"https:\\\/\\\/ton.connectingminds.net\\\/en\\\/retro-cycling-jersey\\\/the-grouping\\\/#breadcrumb\"},\"inLanguage\":\"es\",\"potentialAction\":[{\"@type\":\"ReadAction\",\"target\":[\"https:\\\/\\\/ton.connectingminds.net\\\/en\\\/retro-cycling-jersey\\\/the-grouping\\\/\"]}]},{\"@type\":\"ImageObject\",\"inLanguage\":\"es\",\"@id\":\"https:\\\/\\\/ton.connectingminds.net\\\/en\\\/retro-cycling-jersey\\\/the-grouping\\\/#primaryimage\",\"url\":\"https:\\\/\\\/tonmerckxwielershirts.nl\\\/wp-content\\\/uploads\\\/2023\\\/01\\\/SSA43513.jpg\",\"contentUrl\":\"https:\\\/\\\/tonmerckxwielershirts.nl\\\/wp-content\\\/uploads\\\/2023\\\/01\\\/SSA43513.jpg\",\"width\":1704,\"height\":2272},{\"@type\":\"BreadcrumbList\",\"@id\":\"https:\\\/\\\/ton.connectingminds.net\\\/en\\\/retro-cycling-jersey\\\/the-grouping\\\/#breadcrumb\",\"itemListElement\":[{\"@type\":\"ListItem\",\"position\":1,\"name\":\"Home\",\"item\":\"https:\\\/\\\/www.tonmerckxwielershirts.nl\\\/es\\\/\"},{\"@type\":\"ListItem\",\"position\":2,\"name\":\"Retro wielershirts\",\"item\":\"https:\\\/\\\/www.tonmerckxwielershirts.nl\\\/es\\\/camisetas-de-ciclismo-retro\\\/\"},{\"@type\":\"ListItem\",\"position\":3,\"name\":\"LE GROUPEMENT (a)-BIANCHI 1995 WIELERSHIRT\"}]},{\"@type\":\"WebSite\",\"@id\":\"https:\\\/\\\/www.tonmerckxwielershirts.nl\\\/es\\\/#website\",\"url\":\"https:\\\/\\\/www.tonmerckxwielershirts.nl\\\/es\\\/\",\"name\":\"Ton Merckx Wielershirts - Rondreis door de wereld van wielershirts\",\"description\":\"thousands of original cycling jerseys - order your replica!\",\"publisher\":{\"@id\":\"https:\\\/\\\/www.tonmerckxwielershirts.nl\\\/es\\\/#organization\"},\"potentialAction\":[{\"@type\":\"SearchAction\",\"target\":{\"@type\":\"EntryPoint\",\"urlTemplate\":\"https:\\\/\\\/www.tonmerckxwielershirts.nl\\\/es\\\/?s={search_term_string}\"},\"query-input\":{\"@type\":\"PropertyValueSpecification\",\"valueRequired\":true,\"valueName\":\"search_term_string\"}}],\"inLanguage\":\"es\"},{\"@type\":\"Organization\",\"@id\":\"https:\\\/\\\/www.tonmerckxwielershirts.nl\\\/es\\\/#organization\",\"name\":\"Ton Merckx Wielershirts - Rondreis door de wereld van wielershirts\",\"url\":\"https:\\\/\\\/www.tonmerckxwielershirts.nl\\\/es\\\/\",\"logo\":{\"@type\":\"ImageObject\",\"inLanguage\":\"es\",\"@id\":\"https:\\\/\\\/www.tonmerckxwielershirts.nl\\\/es\\\/#\\\/schema\\\/logo\\\/image\\\/\",\"url\":\"https:\\\/\\\/tonmerckxwielershirts.nl\\\/wp-content\\\/uploads\\\/2023\\\/03\\\/ton-merckx-logo.jpg\",\"contentUrl\":\"https:\\\/\\\/tonmerckxwielershirts.nl\\\/wp-content\\\/uploads\\\/2023\\\/03\\\/ton-merckx-logo.jpg\",\"width\":391,\"height\":57,\"caption\":\"Ton Merckx Wielershirts - Rondreis door de wereld van wielershirts\"},\"image\":{\"@id\":\"https:\\\/\\\/www.tonmerckxwielershirts.nl\\\/es\\\/#\\\/schema\\\/logo\\\/image\\\/\"}}]}<\/script>\n<!-- \/ Yoast SEO plugin. -->","yoast_head_json":{"title":"CAMISETA DE CICLISMO DEL GRUPO (a)-BIANCHI 1995 - Maillots de ciclismo Ton Merckx - Recorrido por el mundo de los maillots de ciclismo","robots":{"index":"index","follow":"follow","max-snippet":"max-snippet:-1","max-image-preview":"max-image-preview:large","max-video-preview":"max-video-preview:-1"},"canonical":"https:\/\/ton.connectingminds.net\/en\/retro-cycling-jersey\/the-grouping\/","og_locale":"es_ES","og_type":"article","og_title":"LE GROUPEMENT (a)-BIANCHI  1995  WIELERSHIRT - Ton Merckx Wielershirts - Rondreis door de wereld van wielershirts","og_description":"Ontzettend mooi wielershirt !!!\u00a0 Behoort tot de top 10 in mijn verzameling. Helaas was de LE GROUPEMENT ploeg niet een heel groot succes. Vanaf het begin waren er twijfels over het bedrijf en de eigenaar van LE GROUPEMENT. Er waren dan ook constant financiele problemen, 4 dagen voor de start van de Tour de France [&hellip;]","og_url":"https:\/\/ton.connectingminds.net\/en\/retro-cycling-jersey\/the-grouping\/","og_site_name":"Ton Merckx Wielershirts - Rondreis door de wereld van wielershirts","article_modified_time":"2026-01-28T11:03:18+00:00","og_image":[{"width":1704,"height":2272,"url":"https:\/\/ton.connectingminds.net\/wp-content\/uploads\/2023\/01\/SSA43513.jpg","type":"image\/jpeg"}],"twitter_card":"summary_large_image","twitter_misc":{"Tiempo de lectura":"1 minuto"},"schema":{"@context":"https:\/\/schema.org","@graph":[{"@type":"WebPage","@id":"https:\/\/ton.connectingminds.net\/en\/retro-cycling-jersey\/the-grouping\/","url":"https:\/\/ton.connectingminds.net\/en\/retro-cycling-jersey\/the-grouping\/","name":"CAMISETA DE CICLISMO DEL GRUPO (a)-BIANCHI 1995 - Maillots de ciclismo Ton Merckx - Recorrido por el mundo de los maillots de ciclismo","isPartOf":{"@id":"https:\/\/www.tonmerckxwielershirts.nl\/es\/#website"},"primaryImageOfPage":{"@id":"https:\/\/ton.connectingminds.net\/en\/retro-cycling-jersey\/the-grouping\/#primaryimage"},"image":{"@id":"https:\/\/ton.connectingminds.net\/en\/retro-cycling-jersey\/the-grouping\/#primaryimage"},"thumbnailUrl":"https:\/\/tonmerckxwielershirts.nl\/wp-content\/uploads\/2023\/01\/SSA43513.jpg","datePublished":"2023-01-24T17:53:28+00:00","dateModified":"2026-01-28T11:03:18+00:00","breadcrumb":{"@id":"https:\/\/ton.connectingminds.net\/en\/retro-cycling-jersey\/the-grouping\/#breadcrumb"},"inLanguage":"es","potentialAction":[{"@type":"ReadAction","target":["https:\/\/ton.connectingminds.net\/en\/retro-cycling-jersey\/the-grouping\/"]}]},{"@type":"ImageObject","inLanguage":"es","@id":"https:\/\/ton.connectingminds.net\/en\/retro-cycling-jersey\/the-grouping\/#primaryimage","url":"https:\/\/tonmerckxwielershirts.nl\/wp-content\/uploads\/2023\/01\/SSA43513.jpg","contentUrl":"https:\/\/tonmerckxwielershirts.nl\/wp-content\/uploads\/2023\/01\/SSA43513.jpg","width":1704,"height":2272},{"@type":"BreadcrumbList","@id":"https:\/\/ton.connectingminds.net\/en\/retro-cycling-jersey\/the-grouping\/#breadcrumb","itemListElement":[{"@type":"ListItem","position":1,"name":"Home","item":"https:\/\/www.tonmerckxwielershirts.nl\/es\/"},{"@type":"ListItem","position":2,"name":"Retro wielershirts","item":"https:\/\/www.tonmerckxwielershirts.nl\/es\/camisetas-de-ciclismo-retro\/"},{"@type":"ListItem","position":3,"name":"LE GROUPEMENT (a)-BIANCHI 1995 WIELERSHIRT"}]},{"@type":"WebSite","@id":"https:\/\/www.tonmerckxwielershirts.nl\/es\/#website","url":"https:\/\/www.tonmerckxwielershirts.nl\/es\/","name":"Camisetas ciclistas Ton Merckx - Recorrido por el mundo de las camisetas ciclistas","description":"miles de maillots ciclistas originales - \u00a1pide tu r\u00e9plica!","publisher":{"@id":"https:\/\/www.tonmerckxwielershirts.nl\/es\/#organization"},"potentialAction":[{"@type":"SearchAction","target":{"@type":"EntryPoint","urlTemplate":"https:\/\/www.tonmerckxwielershirts.nl\/es\/?s={search_term_string}"},"query-input":{"@type":"PropertyValueSpecification","valueRequired":true,"valueName":"search_term_string"}}],"inLanguage":"es"},{"@type":"Organization","@id":"https:\/\/www.tonmerckxwielershirts.nl\/es\/#organization","name":"Camisetas ciclistas Ton Merckx - Recorrido por el mundo de las camisetas ciclistas","url":"https:\/\/www.tonmerckxwielershirts.nl\/es\/","logo":{"@type":"ImageObject","inLanguage":"es","@id":"https:\/\/www.tonmerckxwielershirts.nl\/es\/#\/schema\/logo\/image\/","url":"https:\/\/tonmerckxwielershirts.nl\/wp-content\/uploads\/2023\/03\/ton-merckx-logo.jpg","contentUrl":"https:\/\/tonmerckxwielershirts.nl\/wp-content\/uploads\/2023\/03\/ton-merckx-logo.jpg","width":391,"height":57,"caption":"Ton Merckx Wielershirts - Rondreis door de wereld van wielershirts"},"image":{"@id":"https:\/\/www.tonmerckxwielershirts.nl\/es\/#\/schema\/logo\/image\/"}}]}},"_links":{"self":[{"href":"https:\/\/tonmerckxwielershirts.nl\/es\/wp-json\/wp\/v2\/product\/2730","targetHints":{"allow":["GET"]}}],"collection":[{"href":"https:\/\/tonmerckxwielershirts.nl\/es\/wp-json\/wp\/v2\/product"}],"about":[{"href":"https:\/\/tonmerckxwielershirts.nl\/es\/wp-json\/wp\/v2\/types\/product"}],"wp:featuredmedia":[{"embeddable":true,"href":"https:\/\/tonmerckxwielershirts.nl\/es\/wp-json\/wp\/v2\/media\/2729"}],"wp:attachment":[{"href":"https:\/\/tonmerckxwielershirts.nl\/es\/wp-json\/wp\/v2\/media?parent=2730"}],"wp:term":[{"taxonomy":"product_brand","embeddable":true,"href":"https:\/\/tonmerckxwielershirts.nl\/es\/wp-json\/wp\/v2\/product_brand?post=2730"},{"taxonomy":"product_cat","embeddable":true,"href":"https:\/\/tonmerckxwielershirts.nl\/es\/wp-json\/wp\/v2\/product_cat?post=2730"},{"taxonomy":"product_tag","embeddable":true,"href":"https:\/\/tonmerckxwielershirts.nl\/es\/wp-json\/wp\/v2\/product_tag?post=2730"}],"curies":[{"name":"gracias","href":"https:\/\/api.w.org\/{rel}","templated":true}]}}