{"id":27784,"date":"2023-09-29T12:00:24","date_gmt":"2023-09-29T10:00:24","guid":{"rendered":"https:\/\/tonmerckxwielershirts.nl\/?post_type=product&#038;p=27784"},"modified":"2026-01-28T12:00:50","modified_gmt":"2026-01-28T11:00:50","slug":"aa-bebidas-leontien-nl-12","status":"publish","type":"product","link":"https:\/\/tonmerckxwielershirts.nl\/es\/retro-wielershirt\/wielershirt-algemeen-klassement\/","title":{"rendered":"TOUR DE FRANCIA \u2013 CLASIFICACI\u00d3N GENERAL \u2013 2001 \u2013 MAILLOT DE CICLISMO"},"content":{"rendered":"<p>Durante el TOUR DE FRANCIA 2001, Marc Wauters gana la 2\u00aa etapa de Calais a Amberes.<\/p>\n<p>Conquista as\u00ed el JERSEY AMARILLO, lo bueno de esta historia es que la siguiente etapa va de Amberes a Seraing.<\/p>\n<p>Y el viaje pasa por la ciudad natal del usuario de la JERSEY AMARILLA, Lummen.<\/p>\n<p>As\u00ed que un d\u00eda memorable para Marc Wauters sigue siendo s\u00f3lo este, porque despu\u00e9s de la etapa en Seraing volvi\u00f3 a perder el maillot amarillo. Ese d\u00eda, tras bastantes subidas en las Ardenas, acab\u00f3 152\u00ba, a 10 minutos 58 del ganador de la etapa.<\/p>\n<p>Pero no te lo quitar\u00e1n ese d\u00eda en AMARILLO.<\/p>","protected":false},"excerpt":{"rendered":"<p>Tijdens de TOUR DE FRANCE van 2001 wint Marc Wauters de 2e Etappe van Calais naar Antwerpen. Hij verovert daarmee de GELE TRUI, het mooie van dit verhaal is dat de volgende etappe van Antwerpen naar Seraing voert. En de rit gaat door de woonplaats van de GELE TRUI drager Lummen. Dus een memorabele dag [&hellip;]<\/p>\n","protected":false},"featured_media":28316,"template":"","meta":[],"product_brand":[],"product_cat":[54],"product_tag":[],"class_list":{"0":"post-27784","1":"product","2":"type-product","3":"status-publish","4":"has-post-thumbnail","6":"product_cat-leiderstruien","8":"first","9":"onbackorder","10":"taxable","11":"shipping-taxable","12":"purchasable","13":"product-type-variable"},"yoast_head":"<!-- This site is optimized with the Yoast SEO plugin v27.3 - https:\/\/yoast.com\/product\/yoast-seo-wordpress\/ -->\n<title>TOUR DE FRANCE - ALGEMEEN KLASSEMENT - 2001 - WIELERSHIRT - Ton Merckx Wielershirts - Rondreis door de wereld van wielershirts<\/title>\n<meta name=\"robots\" content=\"index, follow, max-snippet:-1, max-image-preview:large, max-video-preview:-1\" \/>\n<link rel=\"canonical\" href=\"https:\/\/mail.ton.connectingminds.net\/en\/retro-cycling-jersey\/aa-drinks-leontien-nl-12\/\" \/>\n<meta property=\"og:locale\" content=\"es_ES\" \/>\n<meta property=\"og:type\" content=\"article\" \/>\n<meta property=\"og:title\" content=\"TOUR DE FRANCE - ALGEMEEN KLASSEMENT - 2001 - WIELERSHIRT - Ton Merckx Wielershirts - Rondreis door de wereld van wielershirts\" \/>\n<meta property=\"og:description\" content=\"Tijdens de TOUR DE FRANCE van 2001 wint Marc Wauters de 2e Etappe van Calais naar Antwerpen. Hij verovert daarmee de GELE TRUI, het mooie van dit verhaal is dat de volgende etappe van Antwerpen naar Seraing voert. En de rit gaat door de woonplaats van de GELE TRUI drager Lummen. Dus een memorabele dag [&hellip;]\" \/>\n<meta property=\"og:url\" content=\"https:\/\/mail.ton.connectingminds.net\/en\/retro-cycling-jersey\/aa-drinks-leontien-nl-12\/\" \/>\n<meta property=\"og:site_name\" content=\"Ton Merckx Wielershirts - Rondreis door de wereld van wielershirts\" \/>\n<meta property=\"article:modified_time\" content=\"2026-01-28T11:00:50+00:00\" \/>\n<meta property=\"og:image\" content=\"https:\/\/mail.ton.connectingminds.net\/wp-content\/uploads\/2023\/09\/SSA45342-1.png\" \/>\n\t<meta property=\"og:image:width\" content=\"240\" \/>\n\t<meta property=\"og:image:height\" content=\"320\" \/>\n\t<meta property=\"og:image:type\" content=\"image\/png\" \/>\n<meta name=\"twitter:card\" content=\"summary_large_image\" \/>\n<meta name=\"twitter:label1\" content=\"Tiempo de lectura\" \/>\n\t<meta name=\"twitter:data1\" content=\"1 minuto\" \/>\n<script type=\"application\/ld+json\" class=\"yoast-schema-graph\">{\"@context\":\"https:\\\/\\\/schema.org\",\"@graph\":[{\"@type\":\"WebPage\",\"@id\":\"https:\\\/\\\/mail.ton.connectingminds.net\\\/en\\\/retro-cycling-jersey\\\/aa-drinks-leontien-nl-12\\\/\",\"url\":\"https:\\\/\\\/mail.ton.connectingminds.net\\\/en\\\/retro-cycling-jersey\\\/aa-drinks-leontien-nl-12\\\/\",\"name\":\"TOUR DE FRANCE - ALGEMEEN KLASSEMENT - 2001 - WIELERSHIRT - Ton Merckx Wielershirts - Rondreis door de wereld van wielershirts\",\"isPartOf\":{\"@id\":\"https:\\\/\\\/mail.tonmerckxwielershirts.nl\\\/de\\\/#website\"},\"primaryImageOfPage\":{\"@id\":\"https:\\\/\\\/mail.ton.connectingminds.net\\\/en\\\/retro-cycling-jersey\\\/aa-drinks-leontien-nl-12\\\/#primaryimage\"},\"image\":{\"@id\":\"https:\\\/\\\/mail.ton.connectingminds.net\\\/en\\\/retro-cycling-jersey\\\/aa-drinks-leontien-nl-12\\\/#primaryimage\"},\"thumbnailUrl\":\"https:\\\/\\\/tonmerckxwielershirts.nl\\\/wp-content\\\/uploads\\\/2023\\\/09\\\/SSA45342-1.png\",\"datePublished\":\"2023-09-29T10:00:24+00:00\",\"dateModified\":\"2026-01-28T11:00:50+00:00\",\"breadcrumb\":{\"@id\":\"https:\\\/\\\/mail.ton.connectingminds.net\\\/en\\\/retro-cycling-jersey\\\/aa-drinks-leontien-nl-12\\\/#breadcrumb\"},\"inLanguage\":\"es\",\"potentialAction\":[{\"@type\":\"ReadAction\",\"target\":[\"https:\\\/\\\/mail.ton.connectingminds.net\\\/en\\\/retro-cycling-jersey\\\/aa-drinks-leontien-nl-12\\\/\"]}]},{\"@type\":\"ImageObject\",\"inLanguage\":\"es\",\"@id\":\"https:\\\/\\\/mail.ton.connectingminds.net\\\/en\\\/retro-cycling-jersey\\\/aa-drinks-leontien-nl-12\\\/#primaryimage\",\"url\":\"https:\\\/\\\/tonmerckxwielershirts.nl\\\/wp-content\\\/uploads\\\/2023\\\/09\\\/SSA45342-1.png\",\"contentUrl\":\"https:\\\/\\\/tonmerckxwielershirts.nl\\\/wp-content\\\/uploads\\\/2023\\\/09\\\/SSA45342-1.png\",\"width\":240,\"height\":320},{\"@type\":\"BreadcrumbList\",\"@id\":\"https:\\\/\\\/mail.ton.connectingminds.net\\\/en\\\/retro-cycling-jersey\\\/aa-drinks-leontien-nl-12\\\/#breadcrumb\",\"itemListElement\":[{\"@type\":\"ListItem\",\"position\":1,\"name\":\"Home\",\"item\":\"https:\\\/\\\/mail.tonmerckxwielershirts.nl\\\/de\\\/\"},{\"@type\":\"ListItem\",\"position\":2,\"name\":\"Retro wielershirts\",\"item\":\"https:\\\/\\\/mail.tonmerckxwielershirts.nl\\\/de\\\/retro-radtrikots\\\/\"},{\"@type\":\"ListItem\",\"position\":3,\"name\":\"TOUR DE FRANCE &#8211; ALGEMEEN KLASSEMENT &#8211; 2001 &#8211; WIELERSHIRT\"}]},{\"@type\":\"WebSite\",\"@id\":\"https:\\\/\\\/mail.tonmerckxwielershirts.nl\\\/de\\\/#website\",\"url\":\"https:\\\/\\\/mail.tonmerckxwielershirts.nl\\\/de\\\/\",\"name\":\"Ton Merckx Wielershirts - Rondreis door de wereld van wielershirts\",\"description\":\"thousands of original cycling jerseys - order your replica!\",\"publisher\":{\"@id\":\"https:\\\/\\\/mail.tonmerckxwielershirts.nl\\\/de\\\/#organization\"},\"potentialAction\":[{\"@type\":\"SearchAction\",\"target\":{\"@type\":\"EntryPoint\",\"urlTemplate\":\"https:\\\/\\\/mail.tonmerckxwielershirts.nl\\\/de\\\/?s={search_term_string}\"},\"query-input\":{\"@type\":\"PropertyValueSpecification\",\"valueRequired\":true,\"valueName\":\"search_term_string\"}}],\"inLanguage\":\"es\"},{\"@type\":\"Organization\",\"@id\":\"https:\\\/\\\/mail.tonmerckxwielershirts.nl\\\/de\\\/#organization\",\"name\":\"Ton Merckx Wielershirts - Rondreis door de wereld van wielershirts\",\"url\":\"https:\\\/\\\/mail.tonmerckxwielershirts.nl\\\/de\\\/\",\"logo\":{\"@type\":\"ImageObject\",\"inLanguage\":\"es\",\"@id\":\"https:\\\/\\\/mail.tonmerckxwielershirts.nl\\\/de\\\/#\\\/schema\\\/logo\\\/image\\\/\",\"url\":\"https:\\\/\\\/tonmerckxwielershirts.nl\\\/wp-content\\\/uploads\\\/2023\\\/03\\\/ton-merckx-logo.jpg\",\"contentUrl\":\"https:\\\/\\\/tonmerckxwielershirts.nl\\\/wp-content\\\/uploads\\\/2023\\\/03\\\/ton-merckx-logo.jpg\",\"width\":391,\"height\":57,\"caption\":\"Ton Merckx Wielershirts - Rondreis door de wereld van wielershirts\"},\"image\":{\"@id\":\"https:\\\/\\\/mail.tonmerckxwielershirts.nl\\\/de\\\/#\\\/schema\\\/logo\\\/image\\\/\"}}]}<\/script>\n<!-- \/ Yoast SEO plugin. -->","yoast_head_json":{"title":"TOUR DE FRANCIA - CLASIFICACI\u00d3N GENERAL - 2001 - CAMISETA DE CICLISMO - Maillots de ciclismo Ton Merckx - Recorrido por el mundo de los maillots de ciclismo","robots":{"index":"index","follow":"follow","max-snippet":"max-snippet:-1","max-image-preview":"max-image-preview:large","max-video-preview":"max-video-preview:-1"},"canonical":"https:\/\/mail.ton.connectingminds.net\/en\/retro-cycling-jersey\/aa-drinks-leontien-nl-12\/","og_locale":"es_ES","og_type":"article","og_title":"TOUR DE FRANCE - ALGEMEEN KLASSEMENT - 2001 - WIELERSHIRT - Ton Merckx Wielershirts - Rondreis door de wereld van wielershirts","og_description":"Tijdens de TOUR DE FRANCE van 2001 wint Marc Wauters de 2e Etappe van Calais naar Antwerpen. Hij verovert daarmee de GELE TRUI, het mooie van dit verhaal is dat de volgende etappe van Antwerpen naar Seraing voert. En de rit gaat door de woonplaats van de GELE TRUI drager Lummen. Dus een memorabele dag [&hellip;]","og_url":"https:\/\/mail.ton.connectingminds.net\/en\/retro-cycling-jersey\/aa-drinks-leontien-nl-12\/","og_site_name":"Ton Merckx Wielershirts - Rondreis door de wereld van wielershirts","article_modified_time":"2026-01-28T11:00:50+00:00","og_image":[{"width":240,"height":320,"url":"https:\/\/mail.ton.connectingminds.net\/wp-content\/uploads\/2023\/09\/SSA45342-1.png","type":"image\/png"}],"twitter_card":"summary_large_image","twitter_misc":{"Tiempo de lectura":"1 minuto"},"schema":{"@context":"https:\/\/schema.org","@graph":[{"@type":"WebPage","@id":"https:\/\/mail.ton.connectingminds.net\/en\/retro-cycling-jersey\/aa-drinks-leontien-nl-12\/","url":"https:\/\/mail.ton.connectingminds.net\/en\/retro-cycling-jersey\/aa-drinks-leontien-nl-12\/","name":"TOUR DE FRANCIA - CLASIFICACI\u00d3N GENERAL - 2001 - CAMISETA DE CICLISMO - Maillots de ciclismo Ton Merckx - Recorrido por el mundo de los maillots de ciclismo","isPartOf":{"@id":"https:\/\/mail.tonmerckxwielershirts.nl\/de\/#website"},"primaryImageOfPage":{"@id":"https:\/\/mail.ton.connectingminds.net\/en\/retro-cycling-jersey\/aa-drinks-leontien-nl-12\/#primaryimage"},"image":{"@id":"https:\/\/mail.ton.connectingminds.net\/en\/retro-cycling-jersey\/aa-drinks-leontien-nl-12\/#primaryimage"},"thumbnailUrl":"https:\/\/tonmerckxwielershirts.nl\/wp-content\/uploads\/2023\/09\/SSA45342-1.png","datePublished":"2023-09-29T10:00:24+00:00","dateModified":"2026-01-28T11:00:50+00:00","breadcrumb":{"@id":"https:\/\/mail.ton.connectingminds.net\/en\/retro-cycling-jersey\/aa-drinks-leontien-nl-12\/#breadcrumb"},"inLanguage":"es","potentialAction":[{"@type":"ReadAction","target":["https:\/\/mail.ton.connectingminds.net\/en\/retro-cycling-jersey\/aa-drinks-leontien-nl-12\/"]}]},{"@type":"ImageObject","inLanguage":"es","@id":"https:\/\/mail.ton.connectingminds.net\/en\/retro-cycling-jersey\/aa-drinks-leontien-nl-12\/#primaryimage","url":"https:\/\/tonmerckxwielershirts.nl\/wp-content\/uploads\/2023\/09\/SSA45342-1.png","contentUrl":"https:\/\/tonmerckxwielershirts.nl\/wp-content\/uploads\/2023\/09\/SSA45342-1.png","width":240,"height":320},{"@type":"BreadcrumbList","@id":"https:\/\/mail.ton.connectingminds.net\/en\/retro-cycling-jersey\/aa-drinks-leontien-nl-12\/#breadcrumb","itemListElement":[{"@type":"ListItem","position":1,"name":"Home","item":"https:\/\/mail.tonmerckxwielershirts.nl\/de\/"},{"@type":"ListItem","position":2,"name":"Retro wielershirts","item":"https:\/\/mail.tonmerckxwielershirts.nl\/de\/retro-radtrikots\/"},{"@type":"ListItem","position":3,"name":"TOUR DE FRANCE &#8211; ALGEMEEN KLASSEMENT &#8211; 2001 &#8211; WIELERSHIRT"}]},{"@type":"WebSite","@id":"https:\/\/mail.tonmerckxwielershirts.nl\/de\/#website","url":"https:\/\/mail.tonmerckxwielershirts.nl\/de\/","name":"Camisetas ciclistas Ton Merckx - Recorrido por el mundo de las camisetas ciclistas","description":"miles de maillots ciclistas originales - \u00a1pide tu r\u00e9plica!","publisher":{"@id":"https:\/\/mail.tonmerckxwielershirts.nl\/de\/#organization"},"potentialAction":[{"@type":"SearchAction","target":{"@type":"EntryPoint","urlTemplate":"https:\/\/mail.tonmerckxwielershirts.nl\/de\/?s={search_term_string}"},"query-input":{"@type":"PropertyValueSpecification","valueRequired":true,"valueName":"search_term_string"}}],"inLanguage":"es"},{"@type":"Organization","@id":"https:\/\/mail.tonmerckxwielershirts.nl\/de\/#organization","name":"Camisetas ciclistas Ton Merckx - Recorrido por el mundo de las camisetas ciclistas","url":"https:\/\/mail.tonmerckxwielershirts.nl\/de\/","logo":{"@type":"ImageObject","inLanguage":"es","@id":"https:\/\/mail.tonmerckxwielershirts.nl\/de\/#\/schema\/logo\/image\/","url":"https:\/\/tonmerckxwielershirts.nl\/wp-content\/uploads\/2023\/03\/ton-merckx-logo.jpg","contentUrl":"https:\/\/tonmerckxwielershirts.nl\/wp-content\/uploads\/2023\/03\/ton-merckx-logo.jpg","width":391,"height":57,"caption":"Ton Merckx Wielershirts - Rondreis door de wereld van wielershirts"},"image":{"@id":"https:\/\/mail.tonmerckxwielershirts.nl\/de\/#\/schema\/logo\/image\/"}}]}},"_links":{"self":[{"href":"https:\/\/tonmerckxwielershirts.nl\/es\/wp-json\/wp\/v2\/product\/27784","targetHints":{"allow":["GET"]}}],"collection":[{"href":"https:\/\/tonmerckxwielershirts.nl\/es\/wp-json\/wp\/v2\/product"}],"about":[{"href":"https:\/\/tonmerckxwielershirts.nl\/es\/wp-json\/wp\/v2\/types\/product"}],"wp:featuredmedia":[{"embeddable":true,"href":"https:\/\/tonmerckxwielershirts.nl\/es\/wp-json\/wp\/v2\/media\/28316"}],"wp:attachment":[{"href":"https:\/\/tonmerckxwielershirts.nl\/es\/wp-json\/wp\/v2\/media?parent=27784"}],"wp:term":[{"taxonomy":"product_brand","embeddable":true,"href":"https:\/\/tonmerckxwielershirts.nl\/es\/wp-json\/wp\/v2\/product_brand?post=27784"},{"taxonomy":"product_cat","embeddable":true,"href":"https:\/\/tonmerckxwielershirts.nl\/es\/wp-json\/wp\/v2\/product_cat?post=27784"},{"taxonomy":"product_tag","embeddable":true,"href":"https:\/\/tonmerckxwielershirts.nl\/es\/wp-json\/wp\/v2\/product_tag?post=27784"}],"curies":[{"name":"gracias","href":"https:\/\/api.w.org\/{rel}","templated":true}]}}