{"id":29253,"date":"2024-05-23T21:16:39","date_gmt":"2024-05-23T19:16:39","guid":{"rendered":"https:\/\/tonmerckxwielershirts.nl\/?post_type=product&#038;p=29253"},"modified":"2026-01-28T12:00:40","modified_gmt":"2026-01-28T11:00:40","slug":"garmin-agudo-2014","status":"publish","type":"product","link":"https:\/\/tonmerckxwielershirts.nl\/es\/retro-wielershirt\/garmin-sharp-2014\/","title":{"rendered":"GARMIN-SHARP \u2013 2014 \u2013 Maillot ciclista"},"content":{"rendered":"<p>GARMIN-SHARP era un equipo ciclista profesional activo en 2014. El equipo era conocido por su fuerte enfoque en el deporte limpio y las pol\u00edticas antidopaje. GARMIN-SHARP cont\u00f3 con una variada selecci\u00f3n de ciclistas de diferentes pa\u00edses, incluidos algunos grandes nombres del ciclismo. En 2014, el equipo particip\u00f3 en las carreras ciclistas m\u00e1s importantes como el Tour de Francia, el Giro de Italia y la Vuelta a Espa\u00f1a. Uno de los logros notables del equipo ese a\u00f1o fue la victoria de Daniel Mart\u00edn en el Tour de Lombard\u00eda. El equipo estaba dirigido por Jonathan Vaughters, ex ciclista profesional. GARMIN-SHARP tambi\u00e9n era conocido por su enfoque innovador en materia de formaci\u00f3n y tecnolog\u00eda. El patrocinador, Garmin, proporcion\u00f3 equipos GPS avanzados y Sharp fue un socio clave en la industria de la tecnolog\u00eda y las comunicaciones. El equipo ten\u00eda una gran base de seguidores y era apreciado por su deportividad y perseverancia.<\/p>","protected":false},"excerpt":{"rendered":"<p>GARMIN-SHARP era un equipo ciclista profesional activo en 2014. El equipo era conocido por su fuerte enfoque en el deporte limpio y las pol\u00edticas antidopaje.<\/p>","protected":false},"featured_media":29254,"template":"","meta":[],"product_brand":[],"product_cat":[151],"product_tag":[],"class_list":{"0":"post-29253","1":"product","2":"type-product","3":"status-publish","4":"has-post-thumbnail","6":"product_cat-pro-team","8":"first","9":"onbackorder","10":"taxable","11":"shipping-taxable","12":"purchasable","13":"product-type-variable"},"yoast_head":"<!-- This site is optimized with the Yoast SEO plugin v27.4 - https:\/\/yoast.com\/product\/yoast-seo-wordpress\/ -->\n<title>GARMIN-SHARP - 2014 - Wielershirt - Ton Merckx Wielershirts - Rondreis door de wereld van wielershirts<\/title>\n<meta name=\"description\" content=\"Wielershirt GARMIN-SHARP was een professioneel wielerteam dat actief was in 2014. Het team stond bekend om zijn sterke focus op schone sport en anti-dopingbeleid\" \/>\n<meta name=\"robots\" content=\"index, follow, max-snippet:-1, max-image-preview:large, max-video-preview:-1\" \/>\n<link rel=\"canonical\" href=\"https:\/\/mail.ton-merckx-wielershirts.nl\/it\/maglia-da-ciclismo-retro\/garmin-sharp-2014\/\" \/>\n<meta property=\"og:locale\" content=\"es_ES\" \/>\n<meta property=\"og:type\" content=\"article\" \/>\n<meta property=\"og:title\" content=\"GARMIN-SHARP - 2014 - Wielershirt - Ton Merckx Wielershirts - Rondreis door de wereld van wielershirts\" \/>\n<meta property=\"og:description\" content=\"Wielershirt GARMIN-SHARP was een professioneel wielerteam dat actief was in 2014. Het team stond bekend om zijn sterke focus op schone sport en anti-dopingbeleid\" \/>\n<meta property=\"og:url\" content=\"https:\/\/mail.ton-merckx-wielershirts.nl\/it\/maglia-da-ciclismo-retro\/garmin-sharp-2014\/\" \/>\n<meta property=\"og:site_name\" content=\"Ton Merckx Wielershirts - Rondreis door de wereld van wielershirts\" \/>\n<meta property=\"article:modified_time\" content=\"2026-01-28T11:00:40+00:00\" \/>\n<meta property=\"og:image\" content=\"https:\/\/mail.ton-merckx-wielershirts.nl\/wp-content\/uploads\/2024\/05\/GARMIN-SHARP-2014-scaled.jpg\" \/>\n\t<meta property=\"og:image:width\" content=\"1920\" \/>\n\t<meta property=\"og:image:height\" content=\"2560\" \/>\n\t<meta property=\"og:image:type\" content=\"image\/jpeg\" \/>\n<meta name=\"twitter:card\" content=\"summary_large_image\" \/>\n<meta name=\"twitter:label1\" content=\"Tiempo de lectura\" \/>\n\t<meta name=\"twitter:data1\" content=\"1 minuto\" \/>\n<script type=\"application\/ld+json\" class=\"yoast-schema-graph\">{\"@context\":\"https:\\\/\\\/schema.org\",\"@graph\":[{\"@type\":\"WebPage\",\"@id\":\"https:\\\/\\\/mail.ton-merckx-wielershirts.nl\\\/it\\\/maglia-da-ciclismo-retro\\\/garmin-sharp-2014\\\/\",\"url\":\"https:\\\/\\\/mail.ton-merckx-wielershirts.nl\\\/it\\\/maglia-da-ciclismo-retro\\\/garmin-sharp-2014\\\/\",\"name\":\"GARMIN-SHARP - 2014 - Wielershirt - Ton Merckx Wielershirts - Rondreis door de wereld van wielershirts\",\"isPartOf\":{\"@id\":\"https:\\\/\\\/mail.ton-merckx-wielershirts.nl\\\/#website\"},\"primaryImageOfPage\":{\"@id\":\"https:\\\/\\\/mail.ton-merckx-wielershirts.nl\\\/it\\\/maglia-da-ciclismo-retro\\\/garmin-sharp-2014\\\/#primaryimage\"},\"image\":{\"@id\":\"https:\\\/\\\/mail.ton-merckx-wielershirts.nl\\\/it\\\/maglia-da-ciclismo-retro\\\/garmin-sharp-2014\\\/#primaryimage\"},\"thumbnailUrl\":\"https:\\\/\\\/tonmerckxwielershirts.nl\\\/wp-content\\\/uploads\\\/2024\\\/05\\\/GARMIN-SHARP-2014-scaled.jpg\",\"datePublished\":\"2024-05-23T19:16:39+00:00\",\"dateModified\":\"2026-01-28T11:00:40+00:00\",\"description\":\"Wielershirt GARMIN-SHARP was een professioneel wielerteam dat actief was in 2014. Het team stond bekend om zijn sterke focus op schone sport en anti-dopingbeleid\",\"breadcrumb\":{\"@id\":\"https:\\\/\\\/mail.ton-merckx-wielershirts.nl\\\/it\\\/maglia-da-ciclismo-retro\\\/garmin-sharp-2014\\\/#breadcrumb\"},\"inLanguage\":\"es\",\"potentialAction\":[{\"@type\":\"ReadAction\",\"target\":[\"https:\\\/\\\/mail.ton-merckx-wielershirts.nl\\\/it\\\/maglia-da-ciclismo-retro\\\/garmin-sharp-2014\\\/\"]}]},{\"@type\":\"ImageObject\",\"inLanguage\":\"es\",\"@id\":\"https:\\\/\\\/mail.ton-merckx-wielershirts.nl\\\/it\\\/maglia-da-ciclismo-retro\\\/garmin-sharp-2014\\\/#primaryimage\",\"url\":\"https:\\\/\\\/tonmerckxwielershirts.nl\\\/wp-content\\\/uploads\\\/2024\\\/05\\\/GARMIN-SHARP-2014-scaled.jpg\",\"contentUrl\":\"https:\\\/\\\/tonmerckxwielershirts.nl\\\/wp-content\\\/uploads\\\/2024\\\/05\\\/GARMIN-SHARP-2014-scaled.jpg\",\"width\":1920,\"height\":2560},{\"@type\":\"BreadcrumbList\",\"@id\":\"https:\\\/\\\/mail.ton-merckx-wielershirts.nl\\\/it\\\/maglia-da-ciclismo-retro\\\/garmin-sharp-2014\\\/#breadcrumb\",\"itemListElement\":[{\"@type\":\"ListItem\",\"position\":1,\"name\":\"Home\",\"item\":\"https:\\\/\\\/mail.ton-merckx-wielershirts.nl\\\/\"},{\"@type\":\"ListItem\",\"position\":2,\"name\":\"Retro wielershirts\",\"item\":\"https:\\\/\\\/mail.cyclingoriginals.com\\\/it\\\/maglie-da-ciclismo-retro\\\/\"},{\"@type\":\"ListItem\",\"position\":3,\"name\":\"GARMIN-SHARP &#8211; 2014 &#8211; Wielershirt\"}]},{\"@type\":\"WebSite\",\"@id\":\"https:\\\/\\\/mail.ton-merckx-wielershirts.nl\\\/#website\",\"url\":\"https:\\\/\\\/mail.ton-merckx-wielershirts.nl\\\/\",\"name\":\"Ton Merckx Wielershirts - Rondreis door de wereld van wielershirts\",\"description\":\"thousands of original cycling jerseys - order your replica!\",\"publisher\":{\"@id\":\"https:\\\/\\\/mail.ton-merckx-wielershirts.nl\\\/#organization\"},\"potentialAction\":[{\"@type\":\"SearchAction\",\"target\":{\"@type\":\"EntryPoint\",\"urlTemplate\":\"https:\\\/\\\/mail.ton-merckx-wielershirts.nl\\\/?s={search_term_string}\"},\"query-input\":{\"@type\":\"PropertyValueSpecification\",\"valueRequired\":true,\"valueName\":\"search_term_string\"}}],\"inLanguage\":\"es\"},{\"@type\":\"Organization\",\"@id\":\"https:\\\/\\\/mail.ton-merckx-wielershirts.nl\\\/#organization\",\"name\":\"Ton Merckx Wielershirts - Rondreis door de wereld van wielershirts\",\"url\":\"https:\\\/\\\/mail.ton-merckx-wielershirts.nl\\\/\",\"logo\":{\"@type\":\"ImageObject\",\"inLanguage\":\"es\",\"@id\":\"https:\\\/\\\/mail.ton-merckx-wielershirts.nl\\\/#\\\/schema\\\/logo\\\/image\\\/\",\"url\":\"https:\\\/\\\/tonmerckxwielershirts.nl\\\/wp-content\\\/uploads\\\/2023\\\/03\\\/ton-merckx-logo.jpg\",\"contentUrl\":\"https:\\\/\\\/tonmerckxwielershirts.nl\\\/wp-content\\\/uploads\\\/2023\\\/03\\\/ton-merckx-logo.jpg\",\"width\":391,\"height\":57,\"caption\":\"Ton Merckx Wielershirts - Rondreis door de wereld van wielershirts\"},\"image\":{\"@id\":\"https:\\\/\\\/mail.ton-merckx-wielershirts.nl\\\/#\\\/schema\\\/logo\\\/image\\\/\"}}]}<\/script>\n<!-- \/ Yoast SEO plugin. -->","yoast_head_json":{"title":"GARMIN-SHARP - 2014 - Maillot ciclista - Maillots ciclista Ton Merckx - Tour por el mundo del maillot ciclista","description":"Maillot ciclista GARMIN-SHARP era un equipo ciclista profesional que estuvo activo en 2014. El equipo era conocido por su fuerte enfoque en el deporte limpio y las pol\u00edticas antidopaje.","robots":{"index":"index","follow":"follow","max-snippet":"max-snippet:-1","max-image-preview":"max-image-preview:large","max-video-preview":"max-video-preview:-1"},"canonical":"https:\/\/mail.ton-merckx-wielershirts.nl\/it\/maglia-da-ciclismo-retro\/garmin-sharp-2014\/","og_locale":"es_ES","og_type":"article","og_title":"GARMIN-SHARP - 2014 - Wielershirt - Ton Merckx Wielershirts - Rondreis door de wereld van wielershirts","og_description":"Wielershirt GARMIN-SHARP was een professioneel wielerteam dat actief was in 2014. Het team stond bekend om zijn sterke focus op schone sport en anti-dopingbeleid","og_url":"https:\/\/mail.ton-merckx-wielershirts.nl\/it\/maglia-da-ciclismo-retro\/garmin-sharp-2014\/","og_site_name":"Ton Merckx Wielershirts - Rondreis door de wereld van wielershirts","article_modified_time":"2026-01-28T11:00:40+00:00","og_image":[{"width":1920,"height":2560,"url":"https:\/\/mail.ton-merckx-wielershirts.nl\/wp-content\/uploads\/2024\/05\/GARMIN-SHARP-2014-scaled.jpg","type":"image\/jpeg"}],"twitter_card":"summary_large_image","twitter_misc":{"Tiempo de lectura":"1 minuto"},"schema":{"@context":"https:\/\/schema.org","@graph":[{"@type":"WebPage","@id":"https:\/\/mail.ton-merckx-wielershirts.nl\/it\/maglia-da-ciclismo-retro\/garmin-sharp-2014\/","url":"https:\/\/mail.ton-merckx-wielershirts.nl\/it\/maglia-da-ciclismo-retro\/garmin-sharp-2014\/","name":"GARMIN-SHARP - 2014 - Maillot ciclista - Maillots ciclista Ton Merckx - Tour por el mundo del maillot ciclista","isPartOf":{"@id":"https:\/\/mail.ton-merckx-wielershirts.nl\/#website"},"primaryImageOfPage":{"@id":"https:\/\/mail.ton-merckx-wielershirts.nl\/it\/maglia-da-ciclismo-retro\/garmin-sharp-2014\/#primaryimage"},"image":{"@id":"https:\/\/mail.ton-merckx-wielershirts.nl\/it\/maglia-da-ciclismo-retro\/garmin-sharp-2014\/#primaryimage"},"thumbnailUrl":"https:\/\/tonmerckxwielershirts.nl\/wp-content\/uploads\/2024\/05\/GARMIN-SHARP-2014-scaled.jpg","datePublished":"2024-05-23T19:16:39+00:00","dateModified":"2026-01-28T11:00:40+00:00","description":"Maillot ciclista GARMIN-SHARP era un equipo ciclista profesional que estuvo activo en 2014. El equipo era conocido por su fuerte enfoque en el deporte limpio y las pol\u00edticas antidopaje.","breadcrumb":{"@id":"https:\/\/mail.ton-merckx-wielershirts.nl\/it\/maglia-da-ciclismo-retro\/garmin-sharp-2014\/#breadcrumb"},"inLanguage":"es","potentialAction":[{"@type":"ReadAction","target":["https:\/\/mail.ton-merckx-wielershirts.nl\/it\/maglia-da-ciclismo-retro\/garmin-sharp-2014\/"]}]},{"@type":"ImageObject","inLanguage":"es","@id":"https:\/\/mail.ton-merckx-wielershirts.nl\/it\/maglia-da-ciclismo-retro\/garmin-sharp-2014\/#primaryimage","url":"https:\/\/tonmerckxwielershirts.nl\/wp-content\/uploads\/2024\/05\/GARMIN-SHARP-2014-scaled.jpg","contentUrl":"https:\/\/tonmerckxwielershirts.nl\/wp-content\/uploads\/2024\/05\/GARMIN-SHARP-2014-scaled.jpg","width":1920,"height":2560},{"@type":"BreadcrumbList","@id":"https:\/\/mail.ton-merckx-wielershirts.nl\/it\/maglia-da-ciclismo-retro\/garmin-sharp-2014\/#breadcrumb","itemListElement":[{"@type":"ListItem","position":1,"name":"Home","item":"https:\/\/mail.ton-merckx-wielershirts.nl\/"},{"@type":"ListItem","position":2,"name":"Retro wielershirts","item":"https:\/\/mail.cyclingoriginals.com\/it\/maglie-da-ciclismo-retro\/"},{"@type":"ListItem","position":3,"name":"GARMIN-SHARP &#8211; 2014 &#8211; Wielershirt"}]},{"@type":"WebSite","@id":"https:\/\/mail.ton-merckx-wielershirts.nl\/#website","url":"https:\/\/mail.ton-merckx-wielershirts.nl\/","name":"Camisetas ciclistas Ton Merckx - Recorrido por el mundo de las camisetas ciclistas","description":"miles de maillots ciclistas originales - \u00a1pide tu r\u00e9plica!","publisher":{"@id":"https:\/\/mail.ton-merckx-wielershirts.nl\/#organization"},"potentialAction":[{"@type":"SearchAction","target":{"@type":"EntryPoint","urlTemplate":"https:\/\/mail.ton-merckx-wielershirts.nl\/?s={search_term_string}"},"query-input":{"@type":"PropertyValueSpecification","valueRequired":true,"valueName":"search_term_string"}}],"inLanguage":"es"},{"@type":"Organization","@id":"https:\/\/mail.ton-merckx-wielershirts.nl\/#organization","name":"Camisetas ciclistas Ton Merckx - Recorrido por el mundo de las camisetas ciclistas","url":"https:\/\/mail.ton-merckx-wielershirts.nl\/","logo":{"@type":"ImageObject","inLanguage":"es","@id":"https:\/\/mail.ton-merckx-wielershirts.nl\/#\/schema\/logo\/image\/","url":"https:\/\/tonmerckxwielershirts.nl\/wp-content\/uploads\/2023\/03\/ton-merckx-logo.jpg","contentUrl":"https:\/\/tonmerckxwielershirts.nl\/wp-content\/uploads\/2023\/03\/ton-merckx-logo.jpg","width":391,"height":57,"caption":"Ton Merckx Wielershirts - Rondreis door de wereld van wielershirts"},"image":{"@id":"https:\/\/mail.ton-merckx-wielershirts.nl\/#\/schema\/logo\/image\/"}}]}},"_links":{"self":[{"href":"https:\/\/tonmerckxwielershirts.nl\/es\/wp-json\/wp\/v2\/product\/29253","targetHints":{"allow":["GET"]}}],"collection":[{"href":"https:\/\/tonmerckxwielershirts.nl\/es\/wp-json\/wp\/v2\/product"}],"about":[{"href":"https:\/\/tonmerckxwielershirts.nl\/es\/wp-json\/wp\/v2\/types\/product"}],"wp:featuredmedia":[{"embeddable":true,"href":"https:\/\/tonmerckxwielershirts.nl\/es\/wp-json\/wp\/v2\/media\/29254"}],"wp:attachment":[{"href":"https:\/\/tonmerckxwielershirts.nl\/es\/wp-json\/wp\/v2\/media?parent=29253"}],"wp:term":[{"taxonomy":"product_brand","embeddable":true,"href":"https:\/\/tonmerckxwielershirts.nl\/es\/wp-json\/wp\/v2\/product_brand?post=29253"},{"taxonomy":"product_cat","embeddable":true,"href":"https:\/\/tonmerckxwielershirts.nl\/es\/wp-json\/wp\/v2\/product_cat?post=29253"},{"taxonomy":"product_tag","embeddable":true,"href":"https:\/\/tonmerckxwielershirts.nl\/es\/wp-json\/wp\/v2\/product_tag?post=29253"}],"curies":[{"name":"gracias","href":"https:\/\/api.w.org\/{rel}","templated":true}]}}