{"id":3287,"date":"2023-01-24T18:00:50","date_gmt":"2023-01-24T18:00:50","guid":{"rendered":"https:\/\/ton.connectingminds.net\/product\/ukyo-zenrin-yokohama\/"},"modified":"2026-03-11T07:19:07","modified_gmt":"2026-03-11T06:19:07","slug":"ukyo-zenrin-yokohama","status":"publish","type":"product","link":"https:\/\/tonmerckxwielershirts.nl\/es\/retro-wielershirt\/ukyo-zenrin-yokohama\/","title":{"rendered":"CAMISETA CICLISMO EQUIPO UKYO (a)-ZENRIN-YOKOHAMA 2018"},"content":{"rendered":"<p>EQUIPO UKYO-ZENRIN-YOKOHAMA 2018<\/p>\n<p>El equipo UKYO es el equipo fundado en 2012 por UKYO KATAYAMA.<\/p>\n<p>Ukyo Katayama fue un famoso piloto de carreras japon\u00e9s, que compiti\u00f3 en la F\u00f3rmula 1 entre 1992 y 1997.<\/p>\n<p>En 2011, Ukyo tambi\u00e9n fue ciclista profesional durante un a\u00f1o con el equipo Utsunomiya Blitzen.<\/p>","protected":false},"excerpt":{"rendered":"<p>EQUIPO UKYO-ZENRIN-YOKOHAMA 2018. El equipo UKYO fue fundado en 2012 por UKYO KATAYAMA. Ukyo Katayama fue un famoso piloto japon\u00e9s que compiti\u00f3 en la F\u00f3rmula 1 entre 1992 y 1997. En 2011, Ukyo tambi\u00e9n pas\u00f3 un a\u00f1o como ciclista profesional con el equipo Utsunomiya Blitzen.<\/p>","protected":false},"featured_media":3286,"template":"","meta":[],"product_brand":[],"product_cat":[151],"product_tag":[],"class_list":{"0":"post-3287","1":"product","2":"type-product","3":"status-publish","4":"has-post-thumbnail","6":"product_cat-pro-team","8":"first","9":"outofstock","10":"taxable","11":"shipping-taxable","12":"purchasable","13":"product-type-variable"},"yoast_head":"<!-- This site is optimized with the Yoast SEO plugin v27.4 - https:\/\/yoast.com\/product\/yoast-seo-wordpress\/ -->\n<title>TEAM UKYO (a)-ZENRIN-YOKOHAMA  2018  WIELERSHIRT - Ton Merckx Wielershirts - Rondreis door de wereld van wielershirts<\/title>\n<meta name=\"robots\" content=\"index, follow, max-snippet:-1, max-image-preview:large, max-video-preview:-1\" \/>\n<link rel=\"canonical\" href=\"https:\/\/tonmerckxwielershirts.nl\/es\/maillot-ciclista-retro\/ukyo-zenrin-yokohama\/\" \/>\n<meta property=\"og:locale\" content=\"es_ES\" \/>\n<meta property=\"og:type\" content=\"article\" \/>\n<meta property=\"og:title\" content=\"TEAM UKYO (a)-ZENRIN-YOKOHAMA  2018  WIELERSHIRT - Ton Merckx Wielershirts - Rondreis door de wereld van wielershirts\" \/>\n<meta property=\"og:description\" content=\"TEAM UKYO-ZENRIN-YOKOHAMA 2018 Team UKYO is de ploeg die in 2012 is opgericht door UKYO KATAYAMA. Ukyo Katayama was een bekende Japanse autocoureur, en reed tussen 1992 en 1997 in de Formule 1. In 2011 was Ukyo ook nog 1 jaar profwielrenner bij de ploeg Utsunomiya Blitzen.\" \/>\n<meta property=\"og:url\" content=\"https:\/\/tonmerckxwielershirts.nl\/es\/maillot-ciclista-retro\/ukyo-zenrin-yokohama\/\" \/>\n<meta property=\"og:site_name\" content=\"Ton Merckx Wielershirts - Rondreis door de wereld van wielershirts\" \/>\n<meta property=\"article:modified_time\" content=\"2026-03-11T06:19:07+00:00\" \/>\n<meta property=\"og:image\" content=\"https:\/\/tonmerckxwielershirts.nl\/wp-content\/uploads\/2023\/01\/IMG_0454-scaled.jpg\" \/>\n\t<meta property=\"og:image:width\" content=\"1920\" \/>\n\t<meta property=\"og:image:height\" content=\"2560\" \/>\n\t<meta property=\"og:image:type\" content=\"image\/jpeg\" \/>\n<meta name=\"twitter:card\" content=\"summary_large_image\" \/>\n<meta name=\"twitter:label1\" content=\"Tiempo de lectura\" \/>\n\t<meta name=\"twitter:data1\" content=\"1 minuto\" \/>\n<script type=\"application\/ld+json\" class=\"yoast-schema-graph\">{\"@context\":\"https:\\\/\\\/schema.org\",\"@graph\":[{\"@type\":\"WebPage\",\"@id\":\"https:\\\/\\\/tonmerckxwielershirts.nl\\\/es\\\/maillot-ciclista-retro\\\/ukyo-zenrin-yokohama\\\/\",\"url\":\"https:\\\/\\\/tonmerckxwielershirts.nl\\\/es\\\/maillot-ciclista-retro\\\/ukyo-zenrin-yokohama\\\/\",\"name\":\"TEAM UKYO (a)-ZENRIN-YOKOHAMA 2018 WIELERSHIRT - Ton Merckx Wielershirts - Rondreis door de wereld van wielershirts\",\"isPartOf\":{\"@id\":\"https:\\\/\\\/mail.ton-merckx-wielershirts.nl\\\/#website\"},\"primaryImageOfPage\":{\"@id\":\"https:\\\/\\\/tonmerckxwielershirts.nl\\\/es\\\/maillot-ciclista-retro\\\/ukyo-zenrin-yokohama\\\/#primaryimage\"},\"image\":{\"@id\":\"https:\\\/\\\/tonmerckxwielershirts.nl\\\/es\\\/maillot-ciclista-retro\\\/ukyo-zenrin-yokohama\\\/#primaryimage\"},\"thumbnailUrl\":\"https:\\\/\\\/tonmerckxwielershirts.nl\\\/wp-content\\\/uploads\\\/2023\\\/01\\\/IMG_0454-scaled.jpg\",\"datePublished\":\"2023-01-24T18:00:50+00:00\",\"dateModified\":\"2026-03-11T06:19:07+00:00\",\"breadcrumb\":{\"@id\":\"https:\\\/\\\/tonmerckxwielershirts.nl\\\/es\\\/maillot-ciclista-retro\\\/ukyo-zenrin-yokohama\\\/#breadcrumb\"},\"inLanguage\":\"es\",\"potentialAction\":[{\"@type\":\"ReadAction\",\"target\":[\"https:\\\/\\\/tonmerckxwielershirts.nl\\\/es\\\/maillot-ciclista-retro\\\/ukyo-zenrin-yokohama\\\/\"]}]},{\"@type\":\"ImageObject\",\"inLanguage\":\"es\",\"@id\":\"https:\\\/\\\/tonmerckxwielershirts.nl\\\/es\\\/maillot-ciclista-retro\\\/ukyo-zenrin-yokohama\\\/#primaryimage\",\"url\":\"https:\\\/\\\/tonmerckxwielershirts.nl\\\/wp-content\\\/uploads\\\/2023\\\/01\\\/IMG_0454-scaled.jpg\",\"contentUrl\":\"https:\\\/\\\/tonmerckxwielershirts.nl\\\/wp-content\\\/uploads\\\/2023\\\/01\\\/IMG_0454-scaled.jpg\",\"width\":1920,\"height\":2560},{\"@type\":\"BreadcrumbList\",\"@id\":\"https:\\\/\\\/tonmerckxwielershirts.nl\\\/es\\\/maillot-ciclista-retro\\\/ukyo-zenrin-yokohama\\\/#breadcrumb\",\"itemListElement\":[{\"@type\":\"ListItem\",\"position\":1,\"name\":\"Home\",\"item\":\"https:\\\/\\\/mail.ton-merckx-wielershirts.nl\\\/\"},{\"@type\":\"ListItem\",\"position\":2,\"name\":\"Retro wielershirts\",\"item\":\"https:\\\/\\\/mail.cyclingoriginals.com\\\/it\\\/maglie-da-ciclismo-retro\\\/\"},{\"@type\":\"ListItem\",\"position\":3,\"name\":\"TEAM UKYO (a)-ZENRIN-YOKOHAMA 2018 WIELERSHIRT\"}]},{\"@type\":\"WebSite\",\"@id\":\"https:\\\/\\\/mail.ton-merckx-wielershirts.nl\\\/#website\",\"url\":\"https:\\\/\\\/mail.ton-merckx-wielershirts.nl\\\/\",\"name\":\"Ton Merckx Wielershirts - Rondreis door de wereld van wielershirts\",\"description\":\"thousands of original cycling jerseys - order your replica!\",\"publisher\":{\"@id\":\"https:\\\/\\\/mail.ton-merckx-wielershirts.nl\\\/#organization\"},\"potentialAction\":[{\"@type\":\"SearchAction\",\"target\":{\"@type\":\"EntryPoint\",\"urlTemplate\":\"https:\\\/\\\/mail.ton-merckx-wielershirts.nl\\\/?s={search_term_string}\"},\"query-input\":{\"@type\":\"PropertyValueSpecification\",\"valueRequired\":true,\"valueName\":\"search_term_string\"}}],\"inLanguage\":\"es\"},{\"@type\":\"Organization\",\"@id\":\"https:\\\/\\\/mail.ton-merckx-wielershirts.nl\\\/#organization\",\"name\":\"Ton Merckx Wielershirts - Rondreis door de wereld van wielershirts\",\"url\":\"https:\\\/\\\/mail.ton-merckx-wielershirts.nl\\\/\",\"logo\":{\"@type\":\"ImageObject\",\"inLanguage\":\"es\",\"@id\":\"https:\\\/\\\/mail.ton-merckx-wielershirts.nl\\\/#\\\/schema\\\/logo\\\/image\\\/\",\"url\":\"https:\\\/\\\/tonmerckxwielershirts.nl\\\/wp-content\\\/uploads\\\/2023\\\/03\\\/ton-merckx-logo.jpg\",\"contentUrl\":\"https:\\\/\\\/tonmerckxwielershirts.nl\\\/wp-content\\\/uploads\\\/2023\\\/03\\\/ton-merckx-logo.jpg\",\"width\":391,\"height\":57,\"caption\":\"Ton Merckx Wielershirts - Rondreis door de wereld van wielershirts\"},\"image\":{\"@id\":\"https:\\\/\\\/mail.ton-merckx-wielershirts.nl\\\/#\\\/schema\\\/logo\\\/image\\\/\"}}]}<\/script>\n<!-- \/ Yoast SEO plugin. -->","yoast_head_json":{"title":"MAILLOT DE CICLISMO TEAM UKYO (a)-ZENRIN-YOKOHAMA 2018 - Maillots de ciclismo Ton Merckx - Recorrido por el mundo de los maillots de ciclismo","robots":{"index":"index","follow":"follow","max-snippet":"max-snippet:-1","max-image-preview":"max-image-preview:large","max-video-preview":"max-video-preview:-1"},"canonical":"https:\/\/tonmerckxwielershirts.nl\/es\/maillot-ciclista-retro\/ukyo-zenrin-yokohama\/","og_locale":"es_ES","og_type":"article","og_title":"TEAM UKYO (a)-ZENRIN-YOKOHAMA  2018  WIELERSHIRT - Ton Merckx Wielershirts - Rondreis door de wereld van wielershirts","og_description":"TEAM UKYO-ZENRIN-YOKOHAMA 2018 Team UKYO is de ploeg die in 2012 is opgericht door UKYO KATAYAMA. Ukyo Katayama was een bekende Japanse autocoureur, en reed tussen 1992 en 1997 in de Formule 1. In 2011 was Ukyo ook nog 1 jaar profwielrenner bij de ploeg Utsunomiya Blitzen.","og_url":"https:\/\/tonmerckxwielershirts.nl\/es\/maillot-ciclista-retro\/ukyo-zenrin-yokohama\/","og_site_name":"Ton Merckx Wielershirts - Rondreis door de wereld van wielershirts","article_modified_time":"2026-03-11T06:19:07+00:00","og_image":[{"width":1920,"height":2560,"url":"https:\/\/tonmerckxwielershirts.nl\/wp-content\/uploads\/2023\/01\/IMG_0454-scaled.jpg","type":"image\/jpeg"}],"twitter_card":"summary_large_image","twitter_misc":{"Tiempo de lectura":"1 minuto"},"schema":{"@context":"https:\/\/schema.org","@graph":[{"@type":"WebPage","@id":"https:\/\/tonmerckxwielershirts.nl\/es\/maillot-ciclista-retro\/ukyo-zenrin-yokohama\/","url":"https:\/\/tonmerckxwielershirts.nl\/es\/maillot-ciclista-retro\/ukyo-zenrin-yokohama\/","name":"MAILLOT DE CICLISMO TEAM UKYO (a)-ZENRIN-YOKOHAMA 2018 - Maillots de ciclismo Ton Merckx - Recorrido por el mundo de los maillots de ciclismo","isPartOf":{"@id":"https:\/\/mail.ton-merckx-wielershirts.nl\/#website"},"primaryImageOfPage":{"@id":"https:\/\/tonmerckxwielershirts.nl\/es\/maillot-ciclista-retro\/ukyo-zenrin-yokohama\/#primaryimage"},"image":{"@id":"https:\/\/tonmerckxwielershirts.nl\/es\/maillot-ciclista-retro\/ukyo-zenrin-yokohama\/#primaryimage"},"thumbnailUrl":"https:\/\/tonmerckxwielershirts.nl\/wp-content\/uploads\/2023\/01\/IMG_0454-scaled.jpg","datePublished":"2023-01-24T18:00:50+00:00","dateModified":"2026-03-11T06:19:07+00:00","breadcrumb":{"@id":"https:\/\/tonmerckxwielershirts.nl\/es\/maillot-ciclista-retro\/ukyo-zenrin-yokohama\/#breadcrumb"},"inLanguage":"es","potentialAction":[{"@type":"ReadAction","target":["https:\/\/tonmerckxwielershirts.nl\/es\/maillot-ciclista-retro\/ukyo-zenrin-yokohama\/"]}]},{"@type":"ImageObject","inLanguage":"es","@id":"https:\/\/tonmerckxwielershirts.nl\/es\/maillot-ciclista-retro\/ukyo-zenrin-yokohama\/#primaryimage","url":"https:\/\/tonmerckxwielershirts.nl\/wp-content\/uploads\/2023\/01\/IMG_0454-scaled.jpg","contentUrl":"https:\/\/tonmerckxwielershirts.nl\/wp-content\/uploads\/2023\/01\/IMG_0454-scaled.jpg","width":1920,"height":2560},{"@type":"BreadcrumbList","@id":"https:\/\/tonmerckxwielershirts.nl\/es\/maillot-ciclista-retro\/ukyo-zenrin-yokohama\/#breadcrumb","itemListElement":[{"@type":"ListItem","position":1,"name":"Home","item":"https:\/\/mail.ton-merckx-wielershirts.nl\/"},{"@type":"ListItem","position":2,"name":"Retro wielershirts","item":"https:\/\/mail.cyclingoriginals.com\/it\/maglie-da-ciclismo-retro\/"},{"@type":"ListItem","position":3,"name":"TEAM UKYO (a)-ZENRIN-YOKOHAMA 2018 WIELERSHIRT"}]},{"@type":"WebSite","@id":"https:\/\/mail.ton-merckx-wielershirts.nl\/#website","url":"https:\/\/mail.ton-merckx-wielershirts.nl\/","name":"Camisetas ciclistas Ton Merckx - Recorrido por el mundo de las camisetas ciclistas","description":"miles de maillots ciclistas originales - \u00a1pide tu r\u00e9plica!","publisher":{"@id":"https:\/\/mail.ton-merckx-wielershirts.nl\/#organization"},"potentialAction":[{"@type":"SearchAction","target":{"@type":"EntryPoint","urlTemplate":"https:\/\/mail.ton-merckx-wielershirts.nl\/?s={search_term_string}"},"query-input":{"@type":"PropertyValueSpecification","valueRequired":true,"valueName":"search_term_string"}}],"inLanguage":"es"},{"@type":"Organization","@id":"https:\/\/mail.ton-merckx-wielershirts.nl\/#organization","name":"Camisetas ciclistas Ton Merckx - Recorrido por el mundo de las camisetas ciclistas","url":"https:\/\/mail.ton-merckx-wielershirts.nl\/","logo":{"@type":"ImageObject","inLanguage":"es","@id":"https:\/\/mail.ton-merckx-wielershirts.nl\/#\/schema\/logo\/image\/","url":"https:\/\/tonmerckxwielershirts.nl\/wp-content\/uploads\/2023\/03\/ton-merckx-logo.jpg","contentUrl":"https:\/\/tonmerckxwielershirts.nl\/wp-content\/uploads\/2023\/03\/ton-merckx-logo.jpg","width":391,"height":57,"caption":"Ton Merckx Wielershirts - Rondreis door de wereld van wielershirts"},"image":{"@id":"https:\/\/mail.ton-merckx-wielershirts.nl\/#\/schema\/logo\/image\/"}}]}},"_links":{"self":[{"href":"https:\/\/tonmerckxwielershirts.nl\/es\/wp-json\/wp\/v2\/product\/3287","targetHints":{"allow":["GET"]}}],"collection":[{"href":"https:\/\/tonmerckxwielershirts.nl\/es\/wp-json\/wp\/v2\/product"}],"about":[{"href":"https:\/\/tonmerckxwielershirts.nl\/es\/wp-json\/wp\/v2\/types\/product"}],"wp:featuredmedia":[{"embeddable":true,"href":"https:\/\/tonmerckxwielershirts.nl\/es\/wp-json\/wp\/v2\/media\/3286"}],"wp:attachment":[{"href":"https:\/\/tonmerckxwielershirts.nl\/es\/wp-json\/wp\/v2\/media?parent=3287"}],"wp:term":[{"taxonomy":"product_brand","embeddable":true,"href":"https:\/\/tonmerckxwielershirts.nl\/es\/wp-json\/wp\/v2\/product_brand?post=3287"},{"taxonomy":"product_cat","embeddable":true,"href":"https:\/\/tonmerckxwielershirts.nl\/es\/wp-json\/wp\/v2\/product_cat?post=3287"},{"taxonomy":"product_tag","embeddable":true,"href":"https:\/\/tonmerckxwielershirts.nl\/es\/wp-json\/wp\/v2\/product_tag?post=3287"}],"curies":[{"name":"gracias","href":"https:\/\/api.w.org\/{rel}","templated":true}]}}