{"id":3567,"date":"2023-01-24T18:04:09","date_gmt":"2023-01-24T18:04:09","guid":{"rendered":"https:\/\/ton.connectingminds.net\/product\/canada-dry-gazelle\/"},"modified":"2026-01-28T12:02:29","modified_gmt":"2026-01-28T11:02:29","slug":"canada-dry-gazelle","status":"publish","type":"product","link":"https:\/\/tonmerckxwielershirts.nl\/es\/retro-wielershirt\/canada-dry-gazelle\/","title":{"rendered":"CAMISETA CICLISMO CANADA DRY-GAZELLE 1973"},"content":{"rendered":"<p>CANADA DRY-GAZELLE 1973<\/p>\n<p>Esta camiseta ciclista es del equipo ciclista holand\u00e9s Canada Dry \u2013 Gazelle. Este equipo ciclista profesional fue fundado en 1973 con la marca de refrescos Canada Dry y la marca de bicicletas Gazelle como patrocinadores. El equipo estuvo activo en el pelot\u00f3n profesional durante una temporada y, bajo la direcci\u00f3n del director deportivo Ton Vissers, particip\u00f3 en competiciones importantes, incluidas las cl\u00e1sicas y el Tour de Francia. El equipo estaba formado por una mezcla de corredores prometedores y experimentados. Entre ellos, el exitoso corredor Rini Wagtmans (victoria de etapa en el Tour de Francia) y Jan Krekels (victoria de etapa en el Tour de Francia 1971).<\/p>\n<p>En 1973 participaron en el Tour de Francia, pero en realidad no ten\u00edan suficientes (buenos) corredores para el Tour. Por eso se contrataron 2 corredores en Portugal solo para el Tour de Francia, nadie pod\u00eda hablarlos, no hablaban ingl\u00e9s y eso no fue un gran \u00e9xito. Despu\u00e9s del Tour desaparecieron nuevamente en el Anonimato. Ellos fueron: Herculano de Oliveira y Jos\u00e9 Martins.<\/p>\n<p>A pesar de una buena mezcla de corredores, el equipo ciclista Canada Dry \u2013 Gazelle s\u00f3lo logr\u00f3 6 victorias.<\/p>\n<p><img fetchpriority=\"high\" decoding=\"async\" class=\"wp-image-29178 size-full aligncenter\" src=\"https:\/\/tonmerckxwielershirts.nl\/wp-content\/uploads\/2023\/01\/canadadry-gazelle-team-1973.jpg\" alt=\"Equipo ciclista Canada Dry - Gazelle - 1973\" width=\"709\" height=\"455\" srcset=\"https:\/\/tonmerckxwielershirts.nl\/wp-content\/uploads\/2023\/01\/canadadry-gazelle-team-1973.jpg 709w, https:\/\/tonmerckxwielershirts.nl\/wp-content\/uploads\/2023\/01\/canadadry-gazelle-team-1973-300x193.jpg 300w, https:\/\/tonmerckxwielershirts.nl\/wp-content\/uploads\/2023\/01\/canadadry-gazelle-team-1973-18x12.jpg 18w, https:\/\/tonmerckxwielershirts.nl\/wp-content\/uploads\/2023\/01\/canadadry-gazelle-team-1973-600x385.jpg 600w\" sizes=\"(max-width: 709px) 100vw, 709px\" \/><\/p>\n<p>Ciclistas:<\/p>\n<ul>\n<li>BRINKMAN Enero \u2013 23\/04\/1952<\/li>\n<li>BRUESSING Jules \u2013 11\/10\/1949<\/li>\n<li>EL REY Mathijs \u2013 18\/03\/1949<br \/>\nEL OLIVEIRA Herculano FERREIRA (Por ) \u2013 20\/04\/1946<\/li>\n<li>HARINGS Gerard \u201cGer\u201d \u2013 25\/05\/1948<\/li>\n<li>HORDIJK Bas \u2013 25\/02\/1952<\/li>\n<li>JANBROERS Ben (Bernardus) \u2013 09\/09\/1948<\/li>\n<li>KELLENERS Wim \u2013 05\/09\/1950<\/li>\n<li>COCINERO Cees (Cornelis Catharina Adrianus) \u2013 29\/10\/1948<\/li>\n<li>COCINAR Ben (Hubertus Theodorus Marie) \u2013 08\/09\/1950<\/li>\n<li>GRILLOS Jan (Jan Jozef Alfons Franciscus) \u2013 26\/08\/1947<\/li>\n<li>MARTINS Jos\u00e9 FREITAS (Por ) \u2013 19\/09\/1951<\/li>\n<li>NOELS Ludovicus \u201cLudo\u201d (Bel ) \u2013 22\/12\/1951<\/li>\n<li>PR\u00cdNCIPES Wim \u2013 03\/08\/1945<\/li>\n<li>PUSTJENS Johannes \u201cMathieu\u201d (Johannes Mathias Gerardus) \u2013 20\/02\/1948<\/li>\n<li>SPETGENS Johan \u201cJan\u201d \u2013 31\/01\/1947<\/li>\n<li>VAN DER LEEUW Theo \u2013 04\/09\/1949<\/li>\n<li>VAN DER LOO Theo \u2013 27\/04\/1949<\/li>\n<li>VAN LEEUWEN Harry \u2013 29\/07\/1945<\/li>\n<li>DESDE MIDDEN Albert \u2013 22\/01\/1948<\/li>\n<li>DE POL Jo \u2013 19\/01\/1948<\/li>\n<li>VRANCKEN Jo \u2013 20\/11\/1948<\/li>\n<li>WAGTMANS Marinus \u201cRini\u201d \u2013 26\/12\/1946<\/li>\n<li>WANDERS Wim \u2013 06\/06\/1944<\/li>\n<\/ul>","protected":false},"excerpt":{"rendered":"<p>CANADA DRY-GAZELLE 1973 Dit wielershirt is van de Nederlandse wielerploeg Canada Dry &#8211; Gazelle. Dit professionele wielerteam ontstond 1973 met als sponsors het frisdrankenmerk Canada Dry en het fietsenmerk Gazelle. De ploeg was 1 seizoen actief in het profpeloton en nam onder de leiding van ploegleider Ton Vissers deel aan de grote wedstrijden, waaronder de [&hellip;]<\/p>\n","protected":false},"featured_media":33349,"template":"","meta":[],"product_brand":[],"product_cat":[151],"product_tag":[],"class_list":{"0":"post-3567","1":"product","2":"type-product","3":"status-publish","4":"has-post-thumbnail","6":"product_cat-pro-team","8":"first","9":"onbackorder","10":"taxable","11":"shipping-taxable","12":"purchasable","13":"product-type-variable"},"yoast_head":"<!-- This site is optimized with the Yoast SEO plugin v27.4 - https:\/\/yoast.com\/product\/yoast-seo-wordpress\/ -->\n<title>CANADA DRY-GAZELLE  1973  WIELERSHIRT - Ton Merckx Wielershirts - Rondreis door de wereld van wielershirts<\/title>\n<meta name=\"robots\" content=\"index, follow, max-snippet:-1, max-image-preview:large, max-video-preview:-1\" \/>\n<link rel=\"canonical\" href=\"https:\/\/mail.cyclingoriginals.com\/es\/maillot-ciclista-retro\/canada-dry-gazelle\/\" \/>\n<meta property=\"og:locale\" content=\"es_ES\" \/>\n<meta property=\"og:type\" content=\"article\" \/>\n<meta property=\"og:title\" content=\"CANADA DRY-GAZELLE  1973  WIELERSHIRT - Ton Merckx Wielershirts - Rondreis door de wereld van wielershirts\" \/>\n<meta property=\"og:description\" content=\"CANADA DRY-GAZELLE 1973 Dit wielershirt is van de Nederlandse wielerploeg Canada Dry &#8211; Gazelle. Dit professionele wielerteam ontstond 1973 met als sponsors het frisdrankenmerk Canada Dry en het fietsenmerk Gazelle. De ploeg was 1 seizoen actief in het profpeloton en nam onder de leiding van ploegleider Ton Vissers deel aan de grote wedstrijden, waaronder de [&hellip;]\" \/>\n<meta property=\"og:url\" content=\"https:\/\/mail.cyclingoriginals.com\/es\/maillot-ciclista-retro\/canada-dry-gazelle\/\" \/>\n<meta property=\"og:site_name\" content=\"Ton Merckx Wielershirts - Rondreis door de wereld van wielershirts\" \/>\n<meta property=\"article:modified_time\" content=\"2026-01-28T11:02:29+00:00\" \/>\n<meta property=\"og:image\" content=\"https:\/\/mail.cyclingoriginals.com\/wp-content\/uploads\/2023\/01\/IMG_2195-scaled.jpg\" \/>\n\t<meta property=\"og:image:width\" content=\"1920\" \/>\n\t<meta property=\"og:image:height\" content=\"2560\" \/>\n\t<meta property=\"og:image:type\" content=\"image\/jpeg\" \/>\n<meta name=\"twitter:card\" content=\"summary_large_image\" \/>\n<meta name=\"twitter:label1\" content=\"Tiempo de lectura\" \/>\n\t<meta name=\"twitter:data1\" content=\"2 minutos\" \/>\n<script type=\"application\/ld+json\" class=\"yoast-schema-graph\">{\"@context\":\"https:\\\/\\\/schema.org\",\"@graph\":[{\"@type\":\"WebPage\",\"@id\":\"https:\\\/\\\/mail.cyclingoriginals.com\\\/es\\\/maillot-ciclista-retro\\\/canada-dry-gazelle\\\/\",\"url\":\"https:\\\/\\\/mail.cyclingoriginals.com\\\/es\\\/maillot-ciclista-retro\\\/canada-dry-gazelle\\\/\",\"name\":\"CANADA DRY-GAZELLE 1973 WIELERSHIRT - Ton Merckx Wielershirts - Rondreis door de wereld van wielershirts\",\"isPartOf\":{\"@id\":\"https:\\\/\\\/mail.ton-merckx-wielershirts.nl\\\/#website\"},\"primaryImageOfPage\":{\"@id\":\"https:\\\/\\\/mail.cyclingoriginals.com\\\/es\\\/maillot-ciclista-retro\\\/canada-dry-gazelle\\\/#primaryimage\"},\"image\":{\"@id\":\"https:\\\/\\\/mail.cyclingoriginals.com\\\/es\\\/maillot-ciclista-retro\\\/canada-dry-gazelle\\\/#primaryimage\"},\"thumbnailUrl\":\"https:\\\/\\\/tonmerckxwielershirts.nl\\\/wp-content\\\/uploads\\\/2023\\\/01\\\/IMG_2195-scaled.jpg\",\"datePublished\":\"2023-01-24T18:04:09+00:00\",\"dateModified\":\"2026-01-28T11:02:29+00:00\",\"breadcrumb\":{\"@id\":\"https:\\\/\\\/mail.cyclingoriginals.com\\\/es\\\/maillot-ciclista-retro\\\/canada-dry-gazelle\\\/#breadcrumb\"},\"inLanguage\":\"es\",\"potentialAction\":[{\"@type\":\"ReadAction\",\"target\":[\"https:\\\/\\\/mail.cyclingoriginals.com\\\/es\\\/maillot-ciclista-retro\\\/canada-dry-gazelle\\\/\"]}]},{\"@type\":\"ImageObject\",\"inLanguage\":\"es\",\"@id\":\"https:\\\/\\\/mail.cyclingoriginals.com\\\/es\\\/maillot-ciclista-retro\\\/canada-dry-gazelle\\\/#primaryimage\",\"url\":\"https:\\\/\\\/tonmerckxwielershirts.nl\\\/wp-content\\\/uploads\\\/2023\\\/01\\\/IMG_2195-scaled.jpg\",\"contentUrl\":\"https:\\\/\\\/tonmerckxwielershirts.nl\\\/wp-content\\\/uploads\\\/2023\\\/01\\\/IMG_2195-scaled.jpg\",\"width\":1920,\"height\":2560,\"caption\":\"CANADA DRY-GAZELLE 1973\"},{\"@type\":\"BreadcrumbList\",\"@id\":\"https:\\\/\\\/mail.cyclingoriginals.com\\\/es\\\/maillot-ciclista-retro\\\/canada-dry-gazelle\\\/#breadcrumb\",\"itemListElement\":[{\"@type\":\"ListItem\",\"position\":1,\"name\":\"Home\",\"item\":\"https:\\\/\\\/mail.ton-merckx-wielershirts.nl\\\/\"},{\"@type\":\"ListItem\",\"position\":2,\"name\":\"Retro wielershirts\",\"item\":\"https:\\\/\\\/mail.cyclingoriginals.com\\\/it\\\/maglie-da-ciclismo-retro\\\/\"},{\"@type\":\"ListItem\",\"position\":3,\"name\":\"CANADA DRY-GAZELLE 1973 WIELERSHIRT\"}]},{\"@type\":\"WebSite\",\"@id\":\"https:\\\/\\\/mail.ton-merckx-wielershirts.nl\\\/#website\",\"url\":\"https:\\\/\\\/mail.ton-merckx-wielershirts.nl\\\/\",\"name\":\"Ton Merckx Wielershirts - Rondreis door de wereld van wielershirts\",\"description\":\"thousands of original cycling jerseys - order your replica!\",\"publisher\":{\"@id\":\"https:\\\/\\\/mail.ton-merckx-wielershirts.nl\\\/#organization\"},\"potentialAction\":[{\"@type\":\"SearchAction\",\"target\":{\"@type\":\"EntryPoint\",\"urlTemplate\":\"https:\\\/\\\/mail.ton-merckx-wielershirts.nl\\\/?s={search_term_string}\"},\"query-input\":{\"@type\":\"PropertyValueSpecification\",\"valueRequired\":true,\"valueName\":\"search_term_string\"}}],\"inLanguage\":\"es\"},{\"@type\":\"Organization\",\"@id\":\"https:\\\/\\\/mail.ton-merckx-wielershirts.nl\\\/#organization\",\"name\":\"Ton Merckx Wielershirts - Rondreis door de wereld van wielershirts\",\"url\":\"https:\\\/\\\/mail.ton-merckx-wielershirts.nl\\\/\",\"logo\":{\"@type\":\"ImageObject\",\"inLanguage\":\"es\",\"@id\":\"https:\\\/\\\/mail.ton-merckx-wielershirts.nl\\\/#\\\/schema\\\/logo\\\/image\\\/\",\"url\":\"https:\\\/\\\/tonmerckxwielershirts.nl\\\/wp-content\\\/uploads\\\/2023\\\/03\\\/ton-merckx-logo.jpg\",\"contentUrl\":\"https:\\\/\\\/tonmerckxwielershirts.nl\\\/wp-content\\\/uploads\\\/2023\\\/03\\\/ton-merckx-logo.jpg\",\"width\":391,\"height\":57,\"caption\":\"Ton Merckx Wielershirts - Rondreis door de wereld van wielershirts\"},\"image\":{\"@id\":\"https:\\\/\\\/mail.ton-merckx-wielershirts.nl\\\/#\\\/schema\\\/logo\\\/image\\\/\"}}]}<\/script>\n<!-- \/ Yoast SEO plugin. -->","yoast_head_json":{"title":"CAMISETA CICLISMO CANADA DRY-GAZELLE 1973 - Maillots ciclistas Ton Merckx - Recorrido por el mundo del maillot ciclista","robots":{"index":"index","follow":"follow","max-snippet":"max-snippet:-1","max-image-preview":"max-image-preview:large","max-video-preview":"max-video-preview:-1"},"canonical":"https:\/\/mail.cyclingoriginals.com\/es\/maillot-ciclista-retro\/canada-dry-gazelle\/","og_locale":"es_ES","og_type":"article","og_title":"CANADA DRY-GAZELLE  1973  WIELERSHIRT - Ton Merckx Wielershirts - Rondreis door de wereld van wielershirts","og_description":"CANADA DRY-GAZELLE 1973 Dit wielershirt is van de Nederlandse wielerploeg Canada Dry &#8211; Gazelle. Dit professionele wielerteam ontstond 1973 met als sponsors het frisdrankenmerk Canada Dry en het fietsenmerk Gazelle. De ploeg was 1 seizoen actief in het profpeloton en nam onder de leiding van ploegleider Ton Vissers deel aan de grote wedstrijden, waaronder de [&hellip;]","og_url":"https:\/\/mail.cyclingoriginals.com\/es\/maillot-ciclista-retro\/canada-dry-gazelle\/","og_site_name":"Ton Merckx Wielershirts - Rondreis door de wereld van wielershirts","article_modified_time":"2026-01-28T11:02:29+00:00","og_image":[{"width":1920,"height":2560,"url":"https:\/\/mail.cyclingoriginals.com\/wp-content\/uploads\/2023\/01\/IMG_2195-scaled.jpg","type":"image\/jpeg"}],"twitter_card":"summary_large_image","twitter_misc":{"Tiempo de lectura":"2 minutos"},"schema":{"@context":"https:\/\/schema.org","@graph":[{"@type":"WebPage","@id":"https:\/\/mail.cyclingoriginals.com\/es\/maillot-ciclista-retro\/canada-dry-gazelle\/","url":"https:\/\/mail.cyclingoriginals.com\/es\/maillot-ciclista-retro\/canada-dry-gazelle\/","name":"CAMISETA CICLISMO CANADA DRY-GAZELLE 1973 - Maillots ciclistas Ton Merckx - Recorrido por el mundo del maillot ciclista","isPartOf":{"@id":"https:\/\/mail.ton-merckx-wielershirts.nl\/#website"},"primaryImageOfPage":{"@id":"https:\/\/mail.cyclingoriginals.com\/es\/maillot-ciclista-retro\/canada-dry-gazelle\/#primaryimage"},"image":{"@id":"https:\/\/mail.cyclingoriginals.com\/es\/maillot-ciclista-retro\/canada-dry-gazelle\/#primaryimage"},"thumbnailUrl":"https:\/\/tonmerckxwielershirts.nl\/wp-content\/uploads\/2023\/01\/IMG_2195-scaled.jpg","datePublished":"2023-01-24T18:04:09+00:00","dateModified":"2026-01-28T11:02:29+00:00","breadcrumb":{"@id":"https:\/\/mail.cyclingoriginals.com\/es\/maillot-ciclista-retro\/canada-dry-gazelle\/#breadcrumb"},"inLanguage":"es","potentialAction":[{"@type":"ReadAction","target":["https:\/\/mail.cyclingoriginals.com\/es\/maillot-ciclista-retro\/canada-dry-gazelle\/"]}]},{"@type":"ImageObject","inLanguage":"es","@id":"https:\/\/mail.cyclingoriginals.com\/es\/maillot-ciclista-retro\/canada-dry-gazelle\/#primaryimage","url":"https:\/\/tonmerckxwielershirts.nl\/wp-content\/uploads\/2023\/01\/IMG_2195-scaled.jpg","contentUrl":"https:\/\/tonmerckxwielershirts.nl\/wp-content\/uploads\/2023\/01\/IMG_2195-scaled.jpg","width":1920,"height":2560,"caption":"CANADA DRY-GAZELLE 1973"},{"@type":"BreadcrumbList","@id":"https:\/\/mail.cyclingoriginals.com\/es\/maillot-ciclista-retro\/canada-dry-gazelle\/#breadcrumb","itemListElement":[{"@type":"ListItem","position":1,"name":"Home","item":"https:\/\/mail.ton-merckx-wielershirts.nl\/"},{"@type":"ListItem","position":2,"name":"Retro wielershirts","item":"https:\/\/mail.cyclingoriginals.com\/it\/maglie-da-ciclismo-retro\/"},{"@type":"ListItem","position":3,"name":"CANADA DRY-GAZELLE 1973 WIELERSHIRT"}]},{"@type":"WebSite","@id":"https:\/\/mail.ton-merckx-wielershirts.nl\/#website","url":"https:\/\/mail.ton-merckx-wielershirts.nl\/","name":"Camisetas ciclistas Ton Merckx - Recorrido por el mundo de las camisetas ciclistas","description":"miles de maillots ciclistas originales - \u00a1pide tu r\u00e9plica!","publisher":{"@id":"https:\/\/mail.ton-merckx-wielershirts.nl\/#organization"},"potentialAction":[{"@type":"SearchAction","target":{"@type":"EntryPoint","urlTemplate":"https:\/\/mail.ton-merckx-wielershirts.nl\/?s={search_term_string}"},"query-input":{"@type":"PropertyValueSpecification","valueRequired":true,"valueName":"search_term_string"}}],"inLanguage":"es"},{"@type":"Organization","@id":"https:\/\/mail.ton-merckx-wielershirts.nl\/#organization","name":"Camisetas ciclistas Ton Merckx - Recorrido por el mundo de las camisetas ciclistas","url":"https:\/\/mail.ton-merckx-wielershirts.nl\/","logo":{"@type":"ImageObject","inLanguage":"es","@id":"https:\/\/mail.ton-merckx-wielershirts.nl\/#\/schema\/logo\/image\/","url":"https:\/\/tonmerckxwielershirts.nl\/wp-content\/uploads\/2023\/03\/ton-merckx-logo.jpg","contentUrl":"https:\/\/tonmerckxwielershirts.nl\/wp-content\/uploads\/2023\/03\/ton-merckx-logo.jpg","width":391,"height":57,"caption":"Ton Merckx Wielershirts - Rondreis door de wereld van wielershirts"},"image":{"@id":"https:\/\/mail.ton-merckx-wielershirts.nl\/#\/schema\/logo\/image\/"}}]}},"_links":{"self":[{"href":"https:\/\/tonmerckxwielershirts.nl\/es\/wp-json\/wp\/v2\/product\/3567","targetHints":{"allow":["GET"]}}],"collection":[{"href":"https:\/\/tonmerckxwielershirts.nl\/es\/wp-json\/wp\/v2\/product"}],"about":[{"href":"https:\/\/tonmerckxwielershirts.nl\/es\/wp-json\/wp\/v2\/types\/product"}],"wp:featuredmedia":[{"embeddable":true,"href":"https:\/\/tonmerckxwielershirts.nl\/es\/wp-json\/wp\/v2\/media\/33349"}],"wp:attachment":[{"href":"https:\/\/tonmerckxwielershirts.nl\/es\/wp-json\/wp\/v2\/media?parent=3567"}],"wp:term":[{"taxonomy":"product_brand","embeddable":true,"href":"https:\/\/tonmerckxwielershirts.nl\/es\/wp-json\/wp\/v2\/product_brand?post=3567"},{"taxonomy":"product_cat","embeddable":true,"href":"https:\/\/tonmerckxwielershirts.nl\/es\/wp-json\/wp\/v2\/product_cat?post=3567"},{"taxonomy":"product_tag","embeddable":true,"href":"https:\/\/tonmerckxwielershirts.nl\/es\/wp-json\/wp\/v2\/product_tag?post=3567"}],"curies":[{"name":"gracias","href":"https:\/\/api.w.org\/{rel}","templated":true}]}}