{"id":3957,"date":"2023-01-24T18:09:01","date_gmt":"2023-01-24T18:09:01","guid":{"rendered":"https:\/\/ton.connectingminds.net\/product\/nederlands-kampioensshirt-wim-dielissen\/"},"modified":"2026-01-28T12:02:06","modified_gmt":"2026-01-28T11:02:06","slug":"camiseta-campeona-holandesa-wim-dielissen","status":"publish","type":"product","link":"https:\/\/tonmerckxwielershirts.nl\/es\/retro-wielershirt\/nederlands-kampioensshirt-wim-dielissen\/","title":{"rendered":"CAMPE\u00d3N DE HOLANDIA (a) 1950 CAMISETA DE CICLISMO"},"content":{"rendered":"<p>Camiseta del campe\u00f3n holand\u00e9s de Wim Dielissen.<\/p>\n<p>En la entonces revista del club WV De Dommelstreek le\u00ed un art\u00edculo de uno de nuestros socios que trabajaba como fontanero (he olvidado su nombre). Mientras trabajaba en Huize Engelsbergen, vio una fotograf\u00eda de un ciclista colgada en el sal\u00f3n. Como ciclista, por supuesto ten\u00eda curiosidad, result\u00f3 ser el marido de la se\u00f1ora Dielissen.<\/p>\n<p>Unas semanas m\u00e1s tarde la entrevist\u00f3 para la revista del club, cuando le\u00ed que como cartero no era muy dif\u00edcil localizar a la se\u00f1ora Dielissen, sobre todo porque yo entregaba regularmente el correo a Huize Engelsbergen. As\u00ed que envi\u00e9 una nota al correo con una historia sobre mi colecci\u00f3n y que mi padre hab\u00eda corrido con su marido.<\/p>\n<p>Al cabo de unas semanas recib\u00ed una agradable respuesta y poco despu\u00e9s tom\u00e9 un caf\u00e9 con la se\u00f1ora Dielissen, bonitas historias, etc., etc. Mir\u00e9 fotos sobre la carrera de su marido. Despu\u00e9s de una hora y media lleg\u00f3 la gran sorpresa: ella todav\u00eda ten\u00eda 2 camisetas del campeonato de 1950 de su marido WIM DIELISSEN y yo consegu\u00ed 1 para mi colecci\u00f3n!!!!!!!!!!!!!<\/p>\n<p>Hasta ahora sigue siendo la camiseta m\u00e1s antigua de mi colecci\u00f3n.<\/p>","protected":false},"excerpt":{"rendered":"<p>Nederlands Kampioenshirt van Wim Dielissen. In het toenmalige clubblad van WV De Dommelstreek las ik een artikel van een van onze leden die werkzaam was als loodgieter (ben zijn naam even vergeten). Bij een klus in Huize Engelsbergen zag hij in de huiskamer een foto hangen van een wielrenner.\u00a0 Als wielrenner was hij daar natuurlijk [&hellip;]<\/p>\n","protected":false},"featured_media":3956,"template":"","meta":[],"product_brand":[],"product_cat":[151],"product_tag":[],"class_list":{"0":"post-3957","1":"product","2":"type-product","3":"status-publish","4":"has-post-thumbnail","6":"product_cat-pro-team","8":"first","9":"onbackorder","10":"taxable","11":"shipping-taxable","12":"purchasable","13":"product-type-variable"},"yoast_head":"<!-- This site is optimized with the Yoast SEO plugin v27.4 - https:\/\/yoast.com\/product\/yoast-seo-wordpress\/ -->\n<title>NEDERLANDS KAMPIOEN (a) 1950  WIELERSHIRT - Ton Merckx Wielershirts - Rondreis door de wereld van wielershirts<\/title>\n<meta name=\"robots\" content=\"index, follow, max-snippet:-1, max-image-preview:large, max-video-preview:-1\" \/>\n<link rel=\"canonical\" href=\"https:\/\/mail.originalcyclingjerseys.com\/retro-wielershirt\/nederlands-kampioensshirt-wim-dielissen\/\" \/>\n<meta property=\"og:locale\" content=\"es_ES\" \/>\n<meta property=\"og:type\" content=\"article\" \/>\n<meta property=\"og:title\" content=\"NEDERLANDS KAMPIOEN (a) 1950  WIELERSHIRT - Ton Merckx Wielershirts - Rondreis door de wereld van wielershirts\" \/>\n<meta property=\"og:description\" content=\"Nederlands Kampioenshirt van Wim Dielissen. In het toenmalige clubblad van WV De Dommelstreek las ik een artikel van een van onze leden die werkzaam was als loodgieter (ben zijn naam even vergeten). Bij een klus in Huize Engelsbergen zag hij in de huiskamer een foto hangen van een wielrenner.\u00a0 Als wielrenner was hij daar natuurlijk [&hellip;]\" \/>\n<meta property=\"og:url\" content=\"https:\/\/mail.originalcyclingjerseys.com\/retro-wielershirt\/nederlands-kampioensshirt-wim-dielissen\/\" \/>\n<meta property=\"og:site_name\" content=\"Ton Merckx Wielershirts - Rondreis door de wereld van wielershirts\" \/>\n<meta property=\"article:modified_time\" content=\"2026-01-28T11:02:06+00:00\" \/>\n<meta property=\"og:image\" content=\"https:\/\/mail.originalcyclingjerseys.com\/wp-content\/uploads\/2023\/01\/SSA42821.jpg\" \/>\n\t<meta property=\"og:image:width\" content=\"1704\" \/>\n\t<meta property=\"og:image:height\" content=\"2272\" \/>\n\t<meta property=\"og:image:type\" content=\"image\/jpeg\" \/>\n<meta name=\"twitter:card\" content=\"summary_large_image\" \/>\n<meta name=\"twitter:label1\" content=\"Tiempo de lectura\" \/>\n\t<meta name=\"twitter:data1\" content=\"2 minutos\" \/>\n<script type=\"application\/ld+json\" class=\"yoast-schema-graph\">{\"@context\":\"https:\\\/\\\/schema.org\",\"@graph\":[{\"@type\":\"WebPage\",\"@id\":\"https:\\\/\\\/mail.originalcyclingjerseys.com\\\/retro-wielershirt\\\/nederlands-kampioensshirt-wim-dielissen\\\/\",\"url\":\"https:\\\/\\\/mail.originalcyclingjerseys.com\\\/retro-wielershirt\\\/nederlands-kampioensshirt-wim-dielissen\\\/\",\"name\":\"NEDERLANDS KAMPIOEN (a) 1950 WIELERSHIRT - Ton Merckx Wielershirts - Rondreis door de wereld van wielershirts\",\"isPartOf\":{\"@id\":\"https:\\\/\\\/mail.ton-merckx-wielershirts.nl\\\/#website\"},\"primaryImageOfPage\":{\"@id\":\"https:\\\/\\\/mail.originalcyclingjerseys.com\\\/retro-wielershirt\\\/nederlands-kampioensshirt-wim-dielissen\\\/#primaryimage\"},\"image\":{\"@id\":\"https:\\\/\\\/mail.originalcyclingjerseys.com\\\/retro-wielershirt\\\/nederlands-kampioensshirt-wim-dielissen\\\/#primaryimage\"},\"thumbnailUrl\":\"https:\\\/\\\/tonmerckxwielershirts.nl\\\/wp-content\\\/uploads\\\/2023\\\/01\\\/SSA42821.jpg\",\"datePublished\":\"2023-01-24T18:09:01+00:00\",\"dateModified\":\"2026-01-28T11:02:06+00:00\",\"breadcrumb\":{\"@id\":\"https:\\\/\\\/mail.originalcyclingjerseys.com\\\/retro-wielershirt\\\/nederlands-kampioensshirt-wim-dielissen\\\/#breadcrumb\"},\"inLanguage\":\"es\",\"potentialAction\":[{\"@type\":\"ReadAction\",\"target\":[\"https:\\\/\\\/mail.originalcyclingjerseys.com\\\/retro-wielershirt\\\/nederlands-kampioensshirt-wim-dielissen\\\/\"]}]},{\"@type\":\"ImageObject\",\"inLanguage\":\"es\",\"@id\":\"https:\\\/\\\/mail.originalcyclingjerseys.com\\\/retro-wielershirt\\\/nederlands-kampioensshirt-wim-dielissen\\\/#primaryimage\",\"url\":\"https:\\\/\\\/tonmerckxwielershirts.nl\\\/wp-content\\\/uploads\\\/2023\\\/01\\\/SSA42821.jpg\",\"contentUrl\":\"https:\\\/\\\/tonmerckxwielershirts.nl\\\/wp-content\\\/uploads\\\/2023\\\/01\\\/SSA42821.jpg\",\"width\":1704,\"height\":2272},{\"@type\":\"BreadcrumbList\",\"@id\":\"https:\\\/\\\/mail.originalcyclingjerseys.com\\\/retro-wielershirt\\\/nederlands-kampioensshirt-wim-dielissen\\\/#breadcrumb\",\"itemListElement\":[{\"@type\":\"ListItem\",\"position\":1,\"name\":\"Home\",\"item\":\"https:\\\/\\\/mail.ton-merckx-wielershirts.nl\\\/\"},{\"@type\":\"ListItem\",\"position\":2,\"name\":\"Retro wielershirts\",\"item\":\"https:\\\/\\\/mail.cyclingoriginals.com\\\/it\\\/maglie-da-ciclismo-retro\\\/\"},{\"@type\":\"ListItem\",\"position\":3,\"name\":\"NEDERLANDS KAMPIOEN (a) 1950 WIELERSHIRT\"}]},{\"@type\":\"WebSite\",\"@id\":\"https:\\\/\\\/mail.ton-merckx-wielershirts.nl\\\/#website\",\"url\":\"https:\\\/\\\/mail.ton-merckx-wielershirts.nl\\\/\",\"name\":\"Ton Merckx Wielershirts - Rondreis door de wereld van wielershirts\",\"description\":\"thousands of original cycling jerseys - order your replica!\",\"publisher\":{\"@id\":\"https:\\\/\\\/mail.ton-merckx-wielershirts.nl\\\/#organization\"},\"potentialAction\":[{\"@type\":\"SearchAction\",\"target\":{\"@type\":\"EntryPoint\",\"urlTemplate\":\"https:\\\/\\\/mail.ton-merckx-wielershirts.nl\\\/?s={search_term_string}\"},\"query-input\":{\"@type\":\"PropertyValueSpecification\",\"valueRequired\":true,\"valueName\":\"search_term_string\"}}],\"inLanguage\":\"es\"},{\"@type\":\"Organization\",\"@id\":\"https:\\\/\\\/mail.ton-merckx-wielershirts.nl\\\/#organization\",\"name\":\"Ton Merckx Wielershirts - Rondreis door de wereld van wielershirts\",\"url\":\"https:\\\/\\\/mail.ton-merckx-wielershirts.nl\\\/\",\"logo\":{\"@type\":\"ImageObject\",\"inLanguage\":\"es\",\"@id\":\"https:\\\/\\\/mail.ton-merckx-wielershirts.nl\\\/#\\\/schema\\\/logo\\\/image\\\/\",\"url\":\"https:\\\/\\\/tonmerckxwielershirts.nl\\\/wp-content\\\/uploads\\\/2023\\\/03\\\/ton-merckx-logo.jpg\",\"contentUrl\":\"https:\\\/\\\/tonmerckxwielershirts.nl\\\/wp-content\\\/uploads\\\/2023\\\/03\\\/ton-merckx-logo.jpg\",\"width\":391,\"height\":57,\"caption\":\"Ton Merckx Wielershirts - Rondreis door de wereld van wielershirts\"},\"image\":{\"@id\":\"https:\\\/\\\/mail.ton-merckx-wielershirts.nl\\\/#\\\/schema\\\/logo\\\/image\\\/\"}}]}<\/script>\n<!-- \/ Yoast SEO plugin. -->","yoast_head_json":{"title":"CAMPE\u00d3N DE HOLANDIA (a) 1950 CAMISETA CICLISMO - Maillots ciclistas Ton Merckx - Tour por el mundo del maillot ciclista","robots":{"index":"index","follow":"follow","max-snippet":"max-snippet:-1","max-image-preview":"max-image-preview:large","max-video-preview":"max-video-preview:-1"},"canonical":"https:\/\/mail.originalcyclingjerseys.com\/retro-wielershirt\/nederlands-kampioensshirt-wim-dielissen\/","og_locale":"es_ES","og_type":"article","og_title":"NEDERLANDS KAMPIOEN (a) 1950  WIELERSHIRT - Ton Merckx Wielershirts - Rondreis door de wereld van wielershirts","og_description":"Nederlands Kampioenshirt van Wim Dielissen. In het toenmalige clubblad van WV De Dommelstreek las ik een artikel van een van onze leden die werkzaam was als loodgieter (ben zijn naam even vergeten). Bij een klus in Huize Engelsbergen zag hij in de huiskamer een foto hangen van een wielrenner.\u00a0 Als wielrenner was hij daar natuurlijk [&hellip;]","og_url":"https:\/\/mail.originalcyclingjerseys.com\/retro-wielershirt\/nederlands-kampioensshirt-wim-dielissen\/","og_site_name":"Ton Merckx Wielershirts - Rondreis door de wereld van wielershirts","article_modified_time":"2026-01-28T11:02:06+00:00","og_image":[{"width":1704,"height":2272,"url":"https:\/\/mail.originalcyclingjerseys.com\/wp-content\/uploads\/2023\/01\/SSA42821.jpg","type":"image\/jpeg"}],"twitter_card":"summary_large_image","twitter_misc":{"Tiempo de lectura":"2 minutos"},"schema":{"@context":"https:\/\/schema.org","@graph":[{"@type":"WebPage","@id":"https:\/\/mail.originalcyclingjerseys.com\/retro-wielershirt\/nederlands-kampioensshirt-wim-dielissen\/","url":"https:\/\/mail.originalcyclingjerseys.com\/retro-wielershirt\/nederlands-kampioensshirt-wim-dielissen\/","name":"CAMPE\u00d3N DE HOLANDIA (a) 1950 CAMISETA CICLISMO - Maillots ciclistas Ton Merckx - Tour por el mundo del maillot ciclista","isPartOf":{"@id":"https:\/\/mail.ton-merckx-wielershirts.nl\/#website"},"primaryImageOfPage":{"@id":"https:\/\/mail.originalcyclingjerseys.com\/retro-wielershirt\/nederlands-kampioensshirt-wim-dielissen\/#primaryimage"},"image":{"@id":"https:\/\/mail.originalcyclingjerseys.com\/retro-wielershirt\/nederlands-kampioensshirt-wim-dielissen\/#primaryimage"},"thumbnailUrl":"https:\/\/tonmerckxwielershirts.nl\/wp-content\/uploads\/2023\/01\/SSA42821.jpg","datePublished":"2023-01-24T18:09:01+00:00","dateModified":"2026-01-28T11:02:06+00:00","breadcrumb":{"@id":"https:\/\/mail.originalcyclingjerseys.com\/retro-wielershirt\/nederlands-kampioensshirt-wim-dielissen\/#breadcrumb"},"inLanguage":"es","potentialAction":[{"@type":"ReadAction","target":["https:\/\/mail.originalcyclingjerseys.com\/retro-wielershirt\/nederlands-kampioensshirt-wim-dielissen\/"]}]},{"@type":"ImageObject","inLanguage":"es","@id":"https:\/\/mail.originalcyclingjerseys.com\/retro-wielershirt\/nederlands-kampioensshirt-wim-dielissen\/#primaryimage","url":"https:\/\/tonmerckxwielershirts.nl\/wp-content\/uploads\/2023\/01\/SSA42821.jpg","contentUrl":"https:\/\/tonmerckxwielershirts.nl\/wp-content\/uploads\/2023\/01\/SSA42821.jpg","width":1704,"height":2272},{"@type":"BreadcrumbList","@id":"https:\/\/mail.originalcyclingjerseys.com\/retro-wielershirt\/nederlands-kampioensshirt-wim-dielissen\/#breadcrumb","itemListElement":[{"@type":"ListItem","position":1,"name":"Home","item":"https:\/\/mail.ton-merckx-wielershirts.nl\/"},{"@type":"ListItem","position":2,"name":"Retro wielershirts","item":"https:\/\/mail.cyclingoriginals.com\/it\/maglie-da-ciclismo-retro\/"},{"@type":"ListItem","position":3,"name":"NEDERLANDS KAMPIOEN (a) 1950 WIELERSHIRT"}]},{"@type":"WebSite","@id":"https:\/\/mail.ton-merckx-wielershirts.nl\/#website","url":"https:\/\/mail.ton-merckx-wielershirts.nl\/","name":"Camisetas ciclistas Ton Merckx - Recorrido por el mundo de las camisetas ciclistas","description":"miles de maillots ciclistas originales - \u00a1pide tu r\u00e9plica!","publisher":{"@id":"https:\/\/mail.ton-merckx-wielershirts.nl\/#organization"},"potentialAction":[{"@type":"SearchAction","target":{"@type":"EntryPoint","urlTemplate":"https:\/\/mail.ton-merckx-wielershirts.nl\/?s={search_term_string}"},"query-input":{"@type":"PropertyValueSpecification","valueRequired":true,"valueName":"search_term_string"}}],"inLanguage":"es"},{"@type":"Organization","@id":"https:\/\/mail.ton-merckx-wielershirts.nl\/#organization","name":"Camisetas ciclistas Ton Merckx - Recorrido por el mundo de las camisetas ciclistas","url":"https:\/\/mail.ton-merckx-wielershirts.nl\/","logo":{"@type":"ImageObject","inLanguage":"es","@id":"https:\/\/mail.ton-merckx-wielershirts.nl\/#\/schema\/logo\/image\/","url":"https:\/\/tonmerckxwielershirts.nl\/wp-content\/uploads\/2023\/03\/ton-merckx-logo.jpg","contentUrl":"https:\/\/tonmerckxwielershirts.nl\/wp-content\/uploads\/2023\/03\/ton-merckx-logo.jpg","width":391,"height":57,"caption":"Ton Merckx Wielershirts - Rondreis door de wereld van wielershirts"},"image":{"@id":"https:\/\/mail.ton-merckx-wielershirts.nl\/#\/schema\/logo\/image\/"}}]}},"_links":{"self":[{"href":"https:\/\/tonmerckxwielershirts.nl\/es\/wp-json\/wp\/v2\/product\/3957","targetHints":{"allow":["GET"]}}],"collection":[{"href":"https:\/\/tonmerckxwielershirts.nl\/es\/wp-json\/wp\/v2\/product"}],"about":[{"href":"https:\/\/tonmerckxwielershirts.nl\/es\/wp-json\/wp\/v2\/types\/product"}],"wp:featuredmedia":[{"embeddable":true,"href":"https:\/\/tonmerckxwielershirts.nl\/es\/wp-json\/wp\/v2\/media\/3956"}],"wp:attachment":[{"href":"https:\/\/tonmerckxwielershirts.nl\/es\/wp-json\/wp\/v2\/media?parent=3957"}],"wp:term":[{"taxonomy":"product_brand","embeddable":true,"href":"https:\/\/tonmerckxwielershirts.nl\/es\/wp-json\/wp\/v2\/product_brand?post=3957"},{"taxonomy":"product_cat","embeddable":true,"href":"https:\/\/tonmerckxwielershirts.nl\/es\/wp-json\/wp\/v2\/product_cat?post=3957"},{"taxonomy":"product_tag","embeddable":true,"href":"https:\/\/tonmerckxwielershirts.nl\/es\/wp-json\/wp\/v2\/product_tag?post=3957"}],"curies":[{"name":"gracias","href":"https:\/\/api.w.org\/{rel}","templated":true}]}}