{"id":4725,"date":"2023-01-24T18:17:54","date_gmt":"2023-01-24T18:17:54","guid":{"rendered":"https:\/\/ton.connectingminds.net\/product\/liberty-seguros-wurth\/"},"modified":"2026-01-28T12:01:21","modified_gmt":"2026-01-28T11:01:21","slug":"razones-de-seguridad-de-la-libertad","status":"publish","type":"product","link":"https:\/\/tonmerckxwielershirts.nl\/es\/retro-wielershirt\/liberty-seguros-wurth\/","title":{"rendered":"CAMISETA CICLISMO LIBERTY SEGUROS (d)-WURTH-BH 2006"},"content":{"rendered":"<p>&nbsp;<\/p>\n<p>En el periodo comprendido entre el Giro de Italia y el Tour de Francia, el director deportivo Manolo Saiz qued\u00f3 desprestigiado, todo ello debido a un reconocimiento realizado por el doctor Fuentes que suministr\u00f3 EPO a muchos corredores.<\/p>\n<p>Saiz era un buen conocido de Fuentes y varios corredores de Liberty Seguros tambi\u00e9n aparec\u00edan en la lista de Fuentes. Por lo tanto, LIBERTY SEGUROS retir\u00f3 su patrocinio.<\/p>\n<p>En la Vuelta a Suiza y tambi\u00e9n en la contrarreloj por equipos Pro-tour en Eindhoven, la gente corri\u00f3 con camisetas de WURTH. Poco antes del inicio del Tour de Francia, el kazajo ASTANA se hizo cargo del equipo.<\/p>\n<p>El equipo ASTANA ya estuvo presente en Estrasburgo antes del inicio del TOUR DE FRANCIA cuando el viernes se anunciaron los nombres del esc\u00e1ndalo FUENTES: Jan Ullrich, Ivan Basso, Francisco Mancebo, Oscar Sevilla y los corredores de ASTANA Joseba Beloki, Allan Davis, Sergio Paulinho, Isidro Nozal y Alberto Contador. Al final, al equipo ASTANA s\u00f3lo le quedaban 4 corredores para empezar el TOUR DE FRANCIA. Seg\u00fan el reglamento, ya no estaba permitido inscribir nuevos corredores y 4 corredores tambi\u00e9n era demasiado poco para comenzar el Tour. Por lo tanto, a los 4 corredores restantes, incluido el favorito del Tour, Alexandre Vinokourov, no se les permiti\u00f3 tomar la salida.<\/p>\n<p>En el periodo comprendido entre el Giro de Italia y el Tour de Francia, el director deportivo Manolo Saiz qued\u00f3 desprestigiado, todo ello debido a un reconocimiento realizado por el doctor Fuentes que suministr\u00f3 EPO a muchos corredores.<\/p>\n<p>Saiz era un buen conocido de Fuentes y varios corredores de Liberty Seguros tambi\u00e9n aparec\u00edan en la lista de Fuentes. Por lo tanto, LIBERTY SEGUROS retir\u00f3 su patrocinio.<\/p>\n<p>En la Vuelta a Suiza y tambi\u00e9n en la contrarreloj por equipos Pro-tour en Eindhoven, la gente corri\u00f3 con camisetas de WURTH. Poco antes del inicio del Tour de Francia, el kazajo ASTANA se hizo cargo del equipo.<\/p>\n<p>El equipo ASTANA ya estuvo presente en Estrasburgo antes del inicio del TOUR DE FRANCIA cuando el viernes se anunciaron los nombres del esc\u00e1ndalo FUENTES: Jan Ullrich, Ivan Basso, Francisco Mancebo, Oscar Sevilla y los corredores de ASTANA Joseba Beloki, Allan Davis, Sergio Paulinho, Isidro Nozal y Alberto Contador. Al final, al equipo ASTANA s\u00f3lo le quedaban 4 corredores para empezar el TOUR DE FRANCIA. Seg\u00fan el reglamento, ya no se permit\u00eda inscribir a nuevos corredores y 4 corredores tambi\u00e9n era demasiado poco para comenzar el Tour. Por lo tanto, a los 4 corredores restantes, incluido el favorito del Tour, Alexandre Vinokourov, no se les permiti\u00f3 tomar la salida.<\/p>","protected":false},"excerpt":{"rendered":"<p>&nbsp; In de periode tussen de Giro d Italia en de Tour de France komt ploegleider Manolo saiz in opspraak, dit alles ivm een onderzoek bij dokter Fuentes die vele renners van EPO voorzag. Saiz was een goede bekende van Fuentes en ook enkele renners van Liberty Seguros kwamen op een lijst van Fuentes voor.\u00a0 [&hellip;]<\/p>\n","protected":false},"featured_media":4724,"template":"","meta":[],"product_brand":[],"product_cat":[151],"product_tag":[],"class_list":{"0":"post-4725","1":"product","2":"type-product","3":"status-publish","4":"has-post-thumbnail","6":"product_cat-pro-team","8":"first","9":"onbackorder","10":"taxable","11":"shipping-taxable","12":"purchasable","13":"product-type-variable"},"yoast_head":"<!-- This site is optimized with the Yoast SEO plugin v27.4 - https:\/\/yoast.com\/product\/yoast-seo-wordpress\/ -->\n<title>LIBERTY SEGUROS (d)-WURTH-BH   2006   WIELERSHIRT - Ton Merckx Wielershirts - Rondreis door de wereld van wielershirts<\/title>\n<meta name=\"robots\" content=\"index, follow, max-snippet:-1, max-image-preview:large, max-video-preview:-1\" \/>\n<link rel=\"canonical\" href=\"https:\/\/vintagecycling.store\/it\/maglia-da-ciclismo-retro\/la-liberta-protegge-wurth\/\" \/>\n<meta property=\"og:locale\" content=\"es_ES\" \/>\n<meta property=\"og:type\" content=\"article\" \/>\n<meta property=\"og:title\" content=\"LIBERTY SEGUROS (d)-WURTH-BH   2006   WIELERSHIRT - Ton Merckx Wielershirts - Rondreis door de wereld van wielershirts\" \/>\n<meta property=\"og:description\" content=\"&nbsp; In de periode tussen de Giro d Italia en de Tour de France komt ploegleider Manolo saiz in opspraak, dit alles ivm een onderzoek bij dokter Fuentes die vele renners van EPO voorzag. Saiz was een goede bekende van Fuentes en ook enkele renners van Liberty Seguros kwamen op een lijst van Fuentes voor.\u00a0 [&hellip;]\" \/>\n<meta property=\"og:url\" content=\"https:\/\/vintagecycling.store\/it\/maglia-da-ciclismo-retro\/la-liberta-protegge-wurth\/\" \/>\n<meta property=\"og:site_name\" content=\"Ton Merckx Wielershirts - Rondreis door de wereld van wielershirts\" \/>\n<meta property=\"article:modified_time\" content=\"2026-01-28T11:01:21+00:00\" \/>\n<meta property=\"og:image\" content=\"https:\/\/vintagecycling.store\/wp-content\/uploads\/2023\/01\/SSA43794.jpg\" \/>\n\t<meta property=\"og:image:width\" content=\"1704\" \/>\n\t<meta property=\"og:image:height\" content=\"2272\" \/>\n\t<meta property=\"og:image:type\" content=\"image\/jpeg\" \/>\n<meta name=\"twitter:card\" content=\"summary_large_image\" \/>\n<meta name=\"twitter:label1\" content=\"Tiempo de lectura\" \/>\n\t<meta name=\"twitter:data1\" content=\"3 minutos\" \/>\n<script type=\"application\/ld+json\" class=\"yoast-schema-graph\">{\"@context\":\"https:\\\/\\\/schema.org\",\"@graph\":[{\"@type\":\"WebPage\",\"@id\":\"https:\\\/\\\/vintagecycling.store\\\/it\\\/maglia-da-ciclismo-retro\\\/la-liberta-protegge-wurth\\\/\",\"url\":\"https:\\\/\\\/vintagecycling.store\\\/it\\\/maglia-da-ciclismo-retro\\\/la-liberta-protegge-wurth\\\/\",\"name\":\"LIBERTY SEGUROS (d)-WURTH-BH 2006 WIELERSHIRT - Ton Merckx Wielershirts - Rondreis door de wereld van wielershirts\",\"isPartOf\":{\"@id\":\"https:\\\/\\\/tonmerckxwielershirts.nl\\\/de\\\/#website\"},\"primaryImageOfPage\":{\"@id\":\"https:\\\/\\\/vintagecycling.store\\\/it\\\/maglia-da-ciclismo-retro\\\/la-liberta-protegge-wurth\\\/#primaryimage\"},\"image\":{\"@id\":\"https:\\\/\\\/vintagecycling.store\\\/it\\\/maglia-da-ciclismo-retro\\\/la-liberta-protegge-wurth\\\/#primaryimage\"},\"thumbnailUrl\":\"https:\\\/\\\/tonmerckxwielershirts.nl\\\/wp-content\\\/uploads\\\/2023\\\/01\\\/SSA43794.jpg\",\"datePublished\":\"2023-01-24T18:17:54+00:00\",\"dateModified\":\"2026-01-28T11:01:21+00:00\",\"breadcrumb\":{\"@id\":\"https:\\\/\\\/vintagecycling.store\\\/it\\\/maglia-da-ciclismo-retro\\\/la-liberta-protegge-wurth\\\/#breadcrumb\"},\"inLanguage\":\"es\",\"potentialAction\":[{\"@type\":\"ReadAction\",\"target\":[\"https:\\\/\\\/vintagecycling.store\\\/it\\\/maglia-da-ciclismo-retro\\\/la-liberta-protegge-wurth\\\/\"]}]},{\"@type\":\"ImageObject\",\"inLanguage\":\"es\",\"@id\":\"https:\\\/\\\/vintagecycling.store\\\/it\\\/maglia-da-ciclismo-retro\\\/la-liberta-protegge-wurth\\\/#primaryimage\",\"url\":\"https:\\\/\\\/tonmerckxwielershirts.nl\\\/wp-content\\\/uploads\\\/2023\\\/01\\\/SSA43794.jpg\",\"contentUrl\":\"https:\\\/\\\/tonmerckxwielershirts.nl\\\/wp-content\\\/uploads\\\/2023\\\/01\\\/SSA43794.jpg\",\"width\":1704,\"height\":2272},{\"@type\":\"BreadcrumbList\",\"@id\":\"https:\\\/\\\/vintagecycling.store\\\/it\\\/maglia-da-ciclismo-retro\\\/la-liberta-protegge-wurth\\\/#breadcrumb\",\"itemListElement\":[{\"@type\":\"ListItem\",\"position\":1,\"name\":\"Home\",\"item\":\"https:\\\/\\\/tonmerckxwielershirts.nl\\\/de\\\/\"},{\"@type\":\"ListItem\",\"position\":2,\"name\":\"Retro wielershirts\",\"item\":\"https:\\\/\\\/tonmerckxwielershirts.nl\\\/de\\\/retro-radtrikots\\\/\"},{\"@type\":\"ListItem\",\"position\":3,\"name\":\"LIBERTY SEGUROS (d)-WURTH-BH 2006 WIELERSHIRT\"}]},{\"@type\":\"WebSite\",\"@id\":\"https:\\\/\\\/tonmerckxwielershirts.nl\\\/de\\\/#website\",\"url\":\"https:\\\/\\\/tonmerckxwielershirts.nl\\\/de\\\/\",\"name\":\"Ton Merckx Wielershirts - Rondreis door de wereld van wielershirts\",\"description\":\"thousands of original cycling jerseys - order your replica!\",\"publisher\":{\"@id\":\"https:\\\/\\\/tonmerckxwielershirts.nl\\\/de\\\/#organization\"},\"potentialAction\":[{\"@type\":\"SearchAction\",\"target\":{\"@type\":\"EntryPoint\",\"urlTemplate\":\"https:\\\/\\\/tonmerckxwielershirts.nl\\\/de\\\/?s={search_term_string}\"},\"query-input\":{\"@type\":\"PropertyValueSpecification\",\"valueRequired\":true,\"valueName\":\"search_term_string\"}}],\"inLanguage\":\"es\"},{\"@type\":\"Organization\",\"@id\":\"https:\\\/\\\/tonmerckxwielershirts.nl\\\/de\\\/#organization\",\"name\":\"Ton Merckx Wielershirts - Rondreis door de wereld van wielershirts\",\"url\":\"https:\\\/\\\/tonmerckxwielershirts.nl\\\/de\\\/\",\"logo\":{\"@type\":\"ImageObject\",\"inLanguage\":\"es\",\"@id\":\"https:\\\/\\\/tonmerckxwielershirts.nl\\\/de\\\/#\\\/schema\\\/logo\\\/image\\\/\",\"url\":\"https:\\\/\\\/tonmerckxwielershirts.nl\\\/wp-content\\\/uploads\\\/2023\\\/03\\\/ton-merckx-logo.jpg\",\"contentUrl\":\"https:\\\/\\\/tonmerckxwielershirts.nl\\\/wp-content\\\/uploads\\\/2023\\\/03\\\/ton-merckx-logo.jpg\",\"width\":391,\"height\":57,\"caption\":\"Ton Merckx Wielershirts - Rondreis door de wereld van wielershirts\"},\"image\":{\"@id\":\"https:\\\/\\\/tonmerckxwielershirts.nl\\\/de\\\/#\\\/schema\\\/logo\\\/image\\\/\"}}]}<\/script>\n<!-- \/ Yoast SEO plugin. -->","yoast_head_json":{"title":"CAMISETA CICLISMO LIBERTY SEGUROS (d)-WURTH-BH 2006 - Maillots ciclistas Ton Merckx - Recorrido por el mundo del maillot ciclista","robots":{"index":"index","follow":"follow","max-snippet":"max-snippet:-1","max-image-preview":"max-image-preview:large","max-video-preview":"max-video-preview:-1"},"canonical":"https:\/\/vintagecycling.store\/it\/maglia-da-ciclismo-retro\/la-liberta-protegge-wurth\/","og_locale":"es_ES","og_type":"article","og_title":"LIBERTY SEGUROS (d)-WURTH-BH   2006   WIELERSHIRT - Ton Merckx Wielershirts - Rondreis door de wereld van wielershirts","og_description":"&nbsp; In de periode tussen de Giro d Italia en de Tour de France komt ploegleider Manolo saiz in opspraak, dit alles ivm een onderzoek bij dokter Fuentes die vele renners van EPO voorzag. Saiz was een goede bekende van Fuentes en ook enkele renners van Liberty Seguros kwamen op een lijst van Fuentes voor.\u00a0 [&hellip;]","og_url":"https:\/\/vintagecycling.store\/it\/maglia-da-ciclismo-retro\/la-liberta-protegge-wurth\/","og_site_name":"Ton Merckx Wielershirts - Rondreis door de wereld van wielershirts","article_modified_time":"2026-01-28T11:01:21+00:00","og_image":[{"width":1704,"height":2272,"url":"https:\/\/vintagecycling.store\/wp-content\/uploads\/2023\/01\/SSA43794.jpg","type":"image\/jpeg"}],"twitter_card":"summary_large_image","twitter_misc":{"Tiempo de lectura":"3 minutos"},"schema":{"@context":"https:\/\/schema.org","@graph":[{"@type":"WebPage","@id":"https:\/\/vintagecycling.store\/it\/maglia-da-ciclismo-retro\/la-liberta-protegge-wurth\/","url":"https:\/\/vintagecycling.store\/it\/maglia-da-ciclismo-retro\/la-liberta-protegge-wurth\/","name":"CAMISETA CICLISMO LIBERTY SEGUROS (d)-WURTH-BH 2006 - Maillots ciclistas Ton Merckx - Recorrido por el mundo del maillot ciclista","isPartOf":{"@id":"https:\/\/tonmerckxwielershirts.nl\/de\/#website"},"primaryImageOfPage":{"@id":"https:\/\/vintagecycling.store\/it\/maglia-da-ciclismo-retro\/la-liberta-protegge-wurth\/#primaryimage"},"image":{"@id":"https:\/\/vintagecycling.store\/it\/maglia-da-ciclismo-retro\/la-liberta-protegge-wurth\/#primaryimage"},"thumbnailUrl":"https:\/\/tonmerckxwielershirts.nl\/wp-content\/uploads\/2023\/01\/SSA43794.jpg","datePublished":"2023-01-24T18:17:54+00:00","dateModified":"2026-01-28T11:01:21+00:00","breadcrumb":{"@id":"https:\/\/vintagecycling.store\/it\/maglia-da-ciclismo-retro\/la-liberta-protegge-wurth\/#breadcrumb"},"inLanguage":"es","potentialAction":[{"@type":"ReadAction","target":["https:\/\/vintagecycling.store\/it\/maglia-da-ciclismo-retro\/la-liberta-protegge-wurth\/"]}]},{"@type":"ImageObject","inLanguage":"es","@id":"https:\/\/vintagecycling.store\/it\/maglia-da-ciclismo-retro\/la-liberta-protegge-wurth\/#primaryimage","url":"https:\/\/tonmerckxwielershirts.nl\/wp-content\/uploads\/2023\/01\/SSA43794.jpg","contentUrl":"https:\/\/tonmerckxwielershirts.nl\/wp-content\/uploads\/2023\/01\/SSA43794.jpg","width":1704,"height":2272},{"@type":"BreadcrumbList","@id":"https:\/\/vintagecycling.store\/it\/maglia-da-ciclismo-retro\/la-liberta-protegge-wurth\/#breadcrumb","itemListElement":[{"@type":"ListItem","position":1,"name":"Home","item":"https:\/\/tonmerckxwielershirts.nl\/de\/"},{"@type":"ListItem","position":2,"name":"Retro wielershirts","item":"https:\/\/tonmerckxwielershirts.nl\/de\/retro-radtrikots\/"},{"@type":"ListItem","position":3,"name":"LIBERTY SEGUROS (d)-WURTH-BH 2006 WIELERSHIRT"}]},{"@type":"WebSite","@id":"https:\/\/tonmerckxwielershirts.nl\/de\/#website","url":"https:\/\/tonmerckxwielershirts.nl\/de\/","name":"Camisetas ciclistas Ton Merckx - Recorrido por el mundo de las camisetas ciclistas","description":"miles de maillots ciclistas originales - \u00a1pide tu r\u00e9plica!","publisher":{"@id":"https:\/\/tonmerckxwielershirts.nl\/de\/#organization"},"potentialAction":[{"@type":"SearchAction","target":{"@type":"EntryPoint","urlTemplate":"https:\/\/tonmerckxwielershirts.nl\/de\/?s={search_term_string}"},"query-input":{"@type":"PropertyValueSpecification","valueRequired":true,"valueName":"search_term_string"}}],"inLanguage":"es"},{"@type":"Organization","@id":"https:\/\/tonmerckxwielershirts.nl\/de\/#organization","name":"Camisetas ciclistas Ton Merckx - Recorrido por el mundo de las camisetas ciclistas","url":"https:\/\/tonmerckxwielershirts.nl\/de\/","logo":{"@type":"ImageObject","inLanguage":"es","@id":"https:\/\/tonmerckxwielershirts.nl\/de\/#\/schema\/logo\/image\/","url":"https:\/\/tonmerckxwielershirts.nl\/wp-content\/uploads\/2023\/03\/ton-merckx-logo.jpg","contentUrl":"https:\/\/tonmerckxwielershirts.nl\/wp-content\/uploads\/2023\/03\/ton-merckx-logo.jpg","width":391,"height":57,"caption":"Ton Merckx Wielershirts - Rondreis door de wereld van wielershirts"},"image":{"@id":"https:\/\/tonmerckxwielershirts.nl\/de\/#\/schema\/logo\/image\/"}}]}},"_links":{"self":[{"href":"https:\/\/tonmerckxwielershirts.nl\/es\/wp-json\/wp\/v2\/product\/4725","targetHints":{"allow":["GET"]}}],"collection":[{"href":"https:\/\/tonmerckxwielershirts.nl\/es\/wp-json\/wp\/v2\/product"}],"about":[{"href":"https:\/\/tonmerckxwielershirts.nl\/es\/wp-json\/wp\/v2\/types\/product"}],"wp:featuredmedia":[{"embeddable":true,"href":"https:\/\/tonmerckxwielershirts.nl\/es\/wp-json\/wp\/v2\/media\/4724"}],"wp:attachment":[{"href":"https:\/\/tonmerckxwielershirts.nl\/es\/wp-json\/wp\/v2\/media?parent=4725"}],"wp:term":[{"taxonomy":"product_brand","embeddable":true,"href":"https:\/\/tonmerckxwielershirts.nl\/es\/wp-json\/wp\/v2\/product_brand?post=4725"},{"taxonomy":"product_cat","embeddable":true,"href":"https:\/\/tonmerckxwielershirts.nl\/es\/wp-json\/wp\/v2\/product_cat?post=4725"},{"taxonomy":"product_tag","embeddable":true,"href":"https:\/\/tonmerckxwielershirts.nl\/es\/wp-json\/wp\/v2\/product_tag?post=4725"}],"curies":[{"name":"gracias","href":"https:\/\/api.w.org\/{rel}","templated":true}]}}