{"id":5012,"date":"2023-01-24T18:22:00","date_gmt":"2023-01-24T18:22:00","guid":{"rendered":"https:\/\/ton.connectingminds.net\/product\/radioshack-trek-nissan-finish-tour-de-france-25-7-10\/"},"modified":"2026-01-28T12:01:05","modified_gmt":"2026-01-28T11:01:05","slug":"radioshack-trek-nissan-terminar-tour-de-francia-25-7-10","status":"publish","type":"product","link":"https:\/\/tonmerckxwielershirts.nl\/es\/retro-wielershirt\/radioshack-trek-nissan-finish-tour-de-france-25-7-10\/","title":{"rendered":"CAMISETA CICLISMO RADIOSHACK (b)-TREK-NISSAN 2010"},"content":{"rendered":"<p>Camiseta especial para la \u00faltima etapa del TOUR DE FRANCIA 2010 (25 de julio).<\/p>\n<p>El siete veces ganador del Tour, Lance Armstrong, quiso poner fin a su segunda vida ciclista con una declaraci\u00f3n.<\/p>\n<p>Sin embargo, esto no fue apreciado por los funcionarios de la UCI.<\/p>\n<p>El RADIOSHACK sali\u00f3 a la salida con una camiseta negra con el n\u00famero 28 en la espalda.<\/p>\n<p>El n\u00famero 28 hace referencia a los 28 millones de personas que padecen c\u00e1ncer, al lado el nombre de la fundaci\u00f3n LIVESTRONG, organizaci\u00f3n con la que Armstrong lucha contra el c\u00e1ncer.<\/p>\n<p>Las camisetas tuvieron que quitarse antes del inicio y reemplazarse con las camisetas originales del equipo, las reglas son las reglas, se le dijo al equipo.<\/p>\n<p>Debido a todas las discusiones, el escenario sali\u00f3 quince minutos tarde.<\/p>\n<p>Los usuarios de RADIOSHACK fueron multados con 200 francos suizos por persona y el equipo de RADIOSHACK con una multa adicional de 4.500 francos suizos. La UCI anunci\u00f3 que donar\u00e1 el equivalente a 4.000 euros a la lucha contra el c\u00e1ncer.<\/p>","protected":false},"excerpt":{"rendered":"<p>Speciaal shirt voor de laatste etappe van de TOUR DE FRANCE 2010\u00a0 (25 Juli). 7 voudig tourwinnaar Lance Armstrong wilde zijn 2e wielerleven afsluiten met een statement. Dat werd echter niet op prijs gesteld door de officials van de UCI. De RADIOSHACK kwam aan de start met een zwart shirt met daarop het cijfer 28 [&hellip;]<\/p>\n","protected":false},"featured_media":5011,"template":"","meta":[],"product_brand":[],"product_cat":[151],"product_tag":[],"class_list":{"0":"post-5012","1":"product","2":"type-product","3":"status-publish","4":"has-post-thumbnail","6":"product_cat-pro-team","8":"first","9":"onbackorder","10":"taxable","11":"shipping-taxable","12":"purchasable","13":"product-type-variable"},"yoast_head":"<!-- This site is optimized with the Yoast SEO plugin v27.4 - https:\/\/yoast.com\/product\/yoast-seo-wordpress\/ -->\n<title>RADIOSHACK (b)-TREK-NISSAN  2010  WIELERSHIRT - Ton Merckx Wielershirts - Rondreis door de wereld van wielershirts<\/title>\n<meta name=\"robots\" content=\"index, follow, max-snippet:-1, max-image-preview:large, max-video-preview:-1\" \/>\n<link rel=\"canonical\" href=\"https:\/\/vintagecycling.store\/fr\/maillot-de-cyclisme-retro\/radioshack-trek-nissan-finition-tour-de-france-25-7-10\/\" \/>\n<meta property=\"og:locale\" content=\"es_ES\" \/>\n<meta property=\"og:type\" content=\"article\" \/>\n<meta property=\"og:title\" content=\"RADIOSHACK (b)-TREK-NISSAN  2010  WIELERSHIRT - Ton Merckx Wielershirts - Rondreis door de wereld van wielershirts\" \/>\n<meta property=\"og:description\" content=\"Speciaal shirt voor de laatste etappe van de TOUR DE FRANCE 2010\u00a0 (25 Juli). 7 voudig tourwinnaar Lance Armstrong wilde zijn 2e wielerleven afsluiten met een statement. Dat werd echter niet op prijs gesteld door de officials van de UCI. De RADIOSHACK kwam aan de start met een zwart shirt met daarop het cijfer 28 [&hellip;]\" \/>\n<meta property=\"og:url\" content=\"https:\/\/vintagecycling.store\/fr\/maillot-de-cyclisme-retro\/radioshack-trek-nissan-finition-tour-de-france-25-7-10\/\" \/>\n<meta property=\"og:site_name\" content=\"Ton Merckx Wielershirts - Rondreis door de wereld van wielershirts\" \/>\n<meta property=\"article:modified_time\" content=\"2026-01-28T11:01:05+00:00\" \/>\n<meta property=\"og:image\" content=\"https:\/\/vintagecycling.store\/wp-content\/uploads\/2023\/01\/SSA44893.jpg\" \/>\n\t<meta property=\"og:image:width\" content=\"1704\" \/>\n\t<meta property=\"og:image:height\" content=\"2272\" \/>\n\t<meta property=\"og:image:type\" content=\"image\/jpeg\" \/>\n<meta name=\"twitter:card\" content=\"summary_large_image\" \/>\n<meta name=\"twitter:label1\" content=\"Tiempo de lectura\" \/>\n\t<meta name=\"twitter:data1\" content=\"1 minuto\" \/>\n<script type=\"application\/ld+json\" class=\"yoast-schema-graph\">{\"@context\":\"https:\\\/\\\/schema.org\",\"@graph\":[{\"@type\":\"WebPage\",\"@id\":\"https:\\\/\\\/vintagecycling.store\\\/fr\\\/maillot-de-cyclisme-retro\\\/radioshack-trek-nissan-finition-tour-de-france-25-7-10\\\/\",\"url\":\"https:\\\/\\\/vintagecycling.store\\\/fr\\\/maillot-de-cyclisme-retro\\\/radioshack-trek-nissan-finition-tour-de-france-25-7-10\\\/\",\"name\":\"RADIOSHACK (b)-TREK-NISSAN 2010 WIELERSHIRT - Ton Merckx Wielershirts - Rondreis door de wereld van wielershirts\",\"isPartOf\":{\"@id\":\"https:\\\/\\\/tonmerckxwielershirts.nl\\\/es\\\/#website\"},\"primaryImageOfPage\":{\"@id\":\"https:\\\/\\\/vintagecycling.store\\\/fr\\\/maillot-de-cyclisme-retro\\\/radioshack-trek-nissan-finition-tour-de-france-25-7-10\\\/#primaryimage\"},\"image\":{\"@id\":\"https:\\\/\\\/vintagecycling.store\\\/fr\\\/maillot-de-cyclisme-retro\\\/radioshack-trek-nissan-finition-tour-de-france-25-7-10\\\/#primaryimage\"},\"thumbnailUrl\":\"https:\\\/\\\/tonmerckxwielershirts.nl\\\/wp-content\\\/uploads\\\/2023\\\/01\\\/SSA44893.jpg\",\"datePublished\":\"2023-01-24T18:22:00+00:00\",\"dateModified\":\"2026-01-28T11:01:05+00:00\",\"breadcrumb\":{\"@id\":\"https:\\\/\\\/vintagecycling.store\\\/fr\\\/maillot-de-cyclisme-retro\\\/radioshack-trek-nissan-finition-tour-de-france-25-7-10\\\/#breadcrumb\"},\"inLanguage\":\"es\",\"potentialAction\":[{\"@type\":\"ReadAction\",\"target\":[\"https:\\\/\\\/vintagecycling.store\\\/fr\\\/maillot-de-cyclisme-retro\\\/radioshack-trek-nissan-finition-tour-de-france-25-7-10\\\/\"]}]},{\"@type\":\"ImageObject\",\"inLanguage\":\"es\",\"@id\":\"https:\\\/\\\/vintagecycling.store\\\/fr\\\/maillot-de-cyclisme-retro\\\/radioshack-trek-nissan-finition-tour-de-france-25-7-10\\\/#primaryimage\",\"url\":\"https:\\\/\\\/tonmerckxwielershirts.nl\\\/wp-content\\\/uploads\\\/2023\\\/01\\\/SSA44893.jpg\",\"contentUrl\":\"https:\\\/\\\/tonmerckxwielershirts.nl\\\/wp-content\\\/uploads\\\/2023\\\/01\\\/SSA44893.jpg\",\"width\":1704,\"height\":2272},{\"@type\":\"BreadcrumbList\",\"@id\":\"https:\\\/\\\/vintagecycling.store\\\/fr\\\/maillot-de-cyclisme-retro\\\/radioshack-trek-nissan-finition-tour-de-france-25-7-10\\\/#breadcrumb\",\"itemListElement\":[{\"@type\":\"ListItem\",\"position\":1,\"name\":\"Home\",\"item\":\"https:\\\/\\\/tonmerckxwielershirts.nl\\\/es\\\/\"},{\"@type\":\"ListItem\",\"position\":2,\"name\":\"Retro wielershirts\",\"item\":\"https:\\\/\\\/tonmerckxwielershirts.nl\\\/es\\\/camisetas-de-ciclismo-retro\\\/\"},{\"@type\":\"ListItem\",\"position\":3,\"name\":\"RADIOSHACK (b)-TREK-NISSAN 2010 WIELERSHIRT\"}]},{\"@type\":\"WebSite\",\"@id\":\"https:\\\/\\\/tonmerckxwielershirts.nl\\\/es\\\/#website\",\"url\":\"https:\\\/\\\/tonmerckxwielershirts.nl\\\/es\\\/\",\"name\":\"Ton Merckx Wielershirts - Rondreis door de wereld van wielershirts\",\"description\":\"thousands of original cycling jerseys - order your replica!\",\"publisher\":{\"@id\":\"https:\\\/\\\/tonmerckxwielershirts.nl\\\/es\\\/#organization\"},\"potentialAction\":[{\"@type\":\"SearchAction\",\"target\":{\"@type\":\"EntryPoint\",\"urlTemplate\":\"https:\\\/\\\/tonmerckxwielershirts.nl\\\/es\\\/?s={search_term_string}\"},\"query-input\":{\"@type\":\"PropertyValueSpecification\",\"valueRequired\":true,\"valueName\":\"search_term_string\"}}],\"inLanguage\":\"es\"},{\"@type\":\"Organization\",\"@id\":\"https:\\\/\\\/tonmerckxwielershirts.nl\\\/es\\\/#organization\",\"name\":\"Ton Merckx Wielershirts - Rondreis door de wereld van wielershirts\",\"url\":\"https:\\\/\\\/tonmerckxwielershirts.nl\\\/es\\\/\",\"logo\":{\"@type\":\"ImageObject\",\"inLanguage\":\"es\",\"@id\":\"https:\\\/\\\/tonmerckxwielershirts.nl\\\/es\\\/#\\\/schema\\\/logo\\\/image\\\/\",\"url\":\"https:\\\/\\\/tonmerckxwielershirts.nl\\\/wp-content\\\/uploads\\\/2023\\\/03\\\/ton-merckx-logo.jpg\",\"contentUrl\":\"https:\\\/\\\/tonmerckxwielershirts.nl\\\/wp-content\\\/uploads\\\/2023\\\/03\\\/ton-merckx-logo.jpg\",\"width\":391,\"height\":57,\"caption\":\"Ton Merckx Wielershirts - Rondreis door de wereld van wielershirts\"},\"image\":{\"@id\":\"https:\\\/\\\/tonmerckxwielershirts.nl\\\/es\\\/#\\\/schema\\\/logo\\\/image\\\/\"}}]}<\/script>\n<!-- \/ Yoast SEO plugin. -->","yoast_head_json":{"title":"CAMISETA CICLISMO RADIOSHACK (b)-TREK-NISSAN 2010 - Maillots ciclistas Ton Merckx - Recorrido por el mundo del maillot ciclista","robots":{"index":"index","follow":"follow","max-snippet":"max-snippet:-1","max-image-preview":"max-image-preview:large","max-video-preview":"max-video-preview:-1"},"canonical":"https:\/\/vintagecycling.store\/fr\/maillot-de-cyclisme-retro\/radioshack-trek-nissan-finition-tour-de-france-25-7-10\/","og_locale":"es_ES","og_type":"article","og_title":"RADIOSHACK (b)-TREK-NISSAN  2010  WIELERSHIRT - Ton Merckx Wielershirts - Rondreis door de wereld van wielershirts","og_description":"Speciaal shirt voor de laatste etappe van de TOUR DE FRANCE 2010\u00a0 (25 Juli). 7 voudig tourwinnaar Lance Armstrong wilde zijn 2e wielerleven afsluiten met een statement. Dat werd echter niet op prijs gesteld door de officials van de UCI. De RADIOSHACK kwam aan de start met een zwart shirt met daarop het cijfer 28 [&hellip;]","og_url":"https:\/\/vintagecycling.store\/fr\/maillot-de-cyclisme-retro\/radioshack-trek-nissan-finition-tour-de-france-25-7-10\/","og_site_name":"Ton Merckx Wielershirts - Rondreis door de wereld van wielershirts","article_modified_time":"2026-01-28T11:01:05+00:00","og_image":[{"width":1704,"height":2272,"url":"https:\/\/vintagecycling.store\/wp-content\/uploads\/2023\/01\/SSA44893.jpg","type":"image\/jpeg"}],"twitter_card":"summary_large_image","twitter_misc":{"Tiempo de lectura":"1 minuto"},"schema":{"@context":"https:\/\/schema.org","@graph":[{"@type":"WebPage","@id":"https:\/\/vintagecycling.store\/fr\/maillot-de-cyclisme-retro\/radioshack-trek-nissan-finition-tour-de-france-25-7-10\/","url":"https:\/\/vintagecycling.store\/fr\/maillot-de-cyclisme-retro\/radioshack-trek-nissan-finition-tour-de-france-25-7-10\/","name":"CAMISETA CICLISMO RADIOSHACK (b)-TREK-NISSAN 2010 - Maillots ciclistas Ton Merckx - Recorrido por el mundo del maillot ciclista","isPartOf":{"@id":"https:\/\/tonmerckxwielershirts.nl\/es\/#website"},"primaryImageOfPage":{"@id":"https:\/\/vintagecycling.store\/fr\/maillot-de-cyclisme-retro\/radioshack-trek-nissan-finition-tour-de-france-25-7-10\/#primaryimage"},"image":{"@id":"https:\/\/vintagecycling.store\/fr\/maillot-de-cyclisme-retro\/radioshack-trek-nissan-finition-tour-de-france-25-7-10\/#primaryimage"},"thumbnailUrl":"https:\/\/tonmerckxwielershirts.nl\/wp-content\/uploads\/2023\/01\/SSA44893.jpg","datePublished":"2023-01-24T18:22:00+00:00","dateModified":"2026-01-28T11:01:05+00:00","breadcrumb":{"@id":"https:\/\/vintagecycling.store\/fr\/maillot-de-cyclisme-retro\/radioshack-trek-nissan-finition-tour-de-france-25-7-10\/#breadcrumb"},"inLanguage":"es","potentialAction":[{"@type":"ReadAction","target":["https:\/\/vintagecycling.store\/fr\/maillot-de-cyclisme-retro\/radioshack-trek-nissan-finition-tour-de-france-25-7-10\/"]}]},{"@type":"ImageObject","inLanguage":"es","@id":"https:\/\/vintagecycling.store\/fr\/maillot-de-cyclisme-retro\/radioshack-trek-nissan-finition-tour-de-france-25-7-10\/#primaryimage","url":"https:\/\/tonmerckxwielershirts.nl\/wp-content\/uploads\/2023\/01\/SSA44893.jpg","contentUrl":"https:\/\/tonmerckxwielershirts.nl\/wp-content\/uploads\/2023\/01\/SSA44893.jpg","width":1704,"height":2272},{"@type":"BreadcrumbList","@id":"https:\/\/vintagecycling.store\/fr\/maillot-de-cyclisme-retro\/radioshack-trek-nissan-finition-tour-de-france-25-7-10\/#breadcrumb","itemListElement":[{"@type":"ListItem","position":1,"name":"Home","item":"https:\/\/tonmerckxwielershirts.nl\/es\/"},{"@type":"ListItem","position":2,"name":"Retro wielershirts","item":"https:\/\/tonmerckxwielershirts.nl\/es\/camisetas-de-ciclismo-retro\/"},{"@type":"ListItem","position":3,"name":"RADIOSHACK (b)-TREK-NISSAN 2010 WIELERSHIRT"}]},{"@type":"WebSite","@id":"https:\/\/tonmerckxwielershirts.nl\/es\/#website","url":"https:\/\/tonmerckxwielershirts.nl\/es\/","name":"Camisetas ciclistas Ton Merckx - Recorrido por el mundo de las camisetas ciclistas","description":"miles de maillots ciclistas originales - \u00a1pide tu r\u00e9plica!","publisher":{"@id":"https:\/\/tonmerckxwielershirts.nl\/es\/#organization"},"potentialAction":[{"@type":"SearchAction","target":{"@type":"EntryPoint","urlTemplate":"https:\/\/tonmerckxwielershirts.nl\/es\/?s={search_term_string}"},"query-input":{"@type":"PropertyValueSpecification","valueRequired":true,"valueName":"search_term_string"}}],"inLanguage":"es"},{"@type":"Organization","@id":"https:\/\/tonmerckxwielershirts.nl\/es\/#organization","name":"Camisetas ciclistas Ton Merckx - Recorrido por el mundo de las camisetas ciclistas","url":"https:\/\/tonmerckxwielershirts.nl\/es\/","logo":{"@type":"ImageObject","inLanguage":"es","@id":"https:\/\/tonmerckxwielershirts.nl\/es\/#\/schema\/logo\/image\/","url":"https:\/\/tonmerckxwielershirts.nl\/wp-content\/uploads\/2023\/03\/ton-merckx-logo.jpg","contentUrl":"https:\/\/tonmerckxwielershirts.nl\/wp-content\/uploads\/2023\/03\/ton-merckx-logo.jpg","width":391,"height":57,"caption":"Ton Merckx Wielershirts - Rondreis door de wereld van wielershirts"},"image":{"@id":"https:\/\/tonmerckxwielershirts.nl\/es\/#\/schema\/logo\/image\/"}}]}},"_links":{"self":[{"href":"https:\/\/tonmerckxwielershirts.nl\/es\/wp-json\/wp\/v2\/product\/5012","targetHints":{"allow":["GET"]}}],"collection":[{"href":"https:\/\/tonmerckxwielershirts.nl\/es\/wp-json\/wp\/v2\/product"}],"about":[{"href":"https:\/\/tonmerckxwielershirts.nl\/es\/wp-json\/wp\/v2\/types\/product"}],"wp:featuredmedia":[{"embeddable":true,"href":"https:\/\/tonmerckxwielershirts.nl\/es\/wp-json\/wp\/v2\/media\/5011"}],"wp:attachment":[{"href":"https:\/\/tonmerckxwielershirts.nl\/es\/wp-json\/wp\/v2\/media?parent=5012"}],"wp:term":[{"taxonomy":"product_brand","embeddable":true,"href":"https:\/\/tonmerckxwielershirts.nl\/es\/wp-json\/wp\/v2\/product_brand?post=5012"},{"taxonomy":"product_cat","embeddable":true,"href":"https:\/\/tonmerckxwielershirts.nl\/es\/wp-json\/wp\/v2\/product_cat?post=5012"},{"taxonomy":"product_tag","embeddable":true,"href":"https:\/\/tonmerckxwielershirts.nl\/es\/wp-json\/wp\/v2\/product_tag?post=5012"}],"curies":[{"name":"gracias","href":"https:\/\/api.w.org\/{rel}","templated":true}]}}