{"id":27592,"date":"2023-08-17T16:32:07","date_gmt":"2023-08-17T14:32:07","guid":{"rendered":"https:\/\/tonmerckxwielershirts.nl\/?page_id=27592"},"modified":"2023-08-17T16:51:46","modified_gmt":"2023-08-17T14:51:46","slug":"formulaire-de-reclamation","status":"publish","type":"page","link":"https:\/\/tonmerckxwielershirts.nl\/fr\/klachtenformulier\/","title":{"rendered":"Formulaire de r\u00e9clamation"},"content":{"rendered":"<div data-elementor-type=\"wp-page\" data-elementor-id=\"27592\" class=\"elementor elementor-27592\">\n\t\t\t\t\t\t<section class=\"elementor-section elementor-top-section elementor-element elementor-element-72693be elementor-section-boxed elementor-section-height-default elementor-section-height-default\" data-id=\"72693be\" data-element_type=\"section\" data-e-type=\"section\">\n\t\t\t\t\t\t<div class=\"elementor-container elementor-column-gap-default\">\n\t\t\t\t\t<div class=\"elementor-column elementor-col-100 elementor-top-column elementor-element elementor-element-e7bdcd5\" data-id=\"e7bdcd5\" data-element_type=\"column\" data-e-type=\"column\">\n\t\t\t<div class=\"elementor-widget-wrap elementor-element-populated\">\n\t\t\t\t\t\t<div class=\"elementor-element elementor-element-08c39b4 elementor-widget elementor-widget-text-editor\" data-id=\"08c39b4\" data-element_type=\"widget\" data-e-type=\"widget\" data-widget_type=\"text-editor.default\">\n\t\t\t\t<div class=\"elementor-widget-container\">\n\t\t\t\t\t\t\t\t\t<p><b>FORMULAIRE DE R\u00c9CLAMATION<\/b><\/p><p>\u00a0<\/p><p><span style=\"font-weight: 400;\">Ici, vous pouvez d\u00e9poser une r\u00e9clamation concernant votre commande d&#039;une r\u00e9plique des v\u00eatements de cyclisme originaux. Nous nous excusons pour tout probl\u00e8me que vous avez rencontr\u00e9 avec votre achat.<\/span><\/p><p>\u00a0<\/p><p><span style=\"font-weight: 400;\">Afin de traiter votre r\u00e9clamation, nous vous demandons de bien vouloir remplir le formulaire ci-dessous. Veuillez remplir tous les champs obligatoires et t\u00e9l\u00e9charger des photos pour \u00e9tayer votre plainte.<\/span><\/p><p>\u00a0<\/p><p><i><span style=\"font-weight: 400;\">D\u00e9viations de conception ou de couleur<\/span><\/i><\/p><p><span style=\"font-weight: 400;\">En r\u00e9f\u00e9rence \u00e0 nos conditions g\u00e9n\u00e9rales de personnalisation, seuls des \u00e9carts importants dans le design ou la couleur peuvent \u00eatre trait\u00e9s. Si vous avez remarqu\u00e9 cela, vous pouvez soumettre et expliquer la plainte ci-dessous. Veuillez \u00e9galement t\u00e9l\u00e9charger des photos de l&#039;\u00e9cart.<\/span><\/p><p>\u00a0<\/p><p><i><span style=\"font-weight: 400;\">Mauvaise taille\u00a0<\/span><\/i><\/p><p><span style=\"font-weight: 400;\">Si les dimensions ne sont pas correctes, c&#039;est-\u00e0-dire si elles s&#039;\u00e9cartent du tableau des tailles, vous pouvez l&#039;expliquer plus en d\u00e9tail ci-dessous. Veuillez \u00e9galement t\u00e9l\u00e9charger des photos de l&#039;\u00e9cart par rapport au tableau des tailles.<\/span><\/p><p>\u00a0<\/p><p><i><span style=\"font-weight: 400;\">Non re\u00e7u<\/span><\/i><\/p><p><span style=\"font-weight: 400;\">Si vous n&#039;avez pas (encore) re\u00e7u la commande, vous pouvez expliquer plus en d\u00e9tail la r\u00e9clamation ci-dessous.<\/span><\/p>\t\t\t\t\t\t\t\t<\/div>\n\t\t\t\t<\/div>\n\t\t\t\t\t<\/div>\n\t\t<\/div>\n\t\t\t\t\t<\/div>\n\t\t<\/section>\n\t\t\t\t<section class=\"elementor-section elementor-top-section elementor-element elementor-element-ce9ea55 elementor-section-boxed elementor-section-height-default elementor-section-height-default\" data-id=\"ce9ea55\" data-element_type=\"section\" data-e-type=\"section\">\n\t\t\t\t\t\t<div class=\"elementor-container elementor-column-gap-default\">\n\t\t\t\t\t<div class=\"elementor-column elementor-col-100 elementor-top-column elementor-element elementor-element-bf153a9\" data-id=\"bf153a9\" data-element_type=\"column\" data-e-type=\"column\">\n\t\t\t<div class=\"elementor-widget-wrap elementor-element-populated\">\n\t\t\t\t\t\t<div class=\"elementor-element elementor-element-5ea963a elementor-widget elementor-widget-shortcode\" data-id=\"5ea963a\" data-element_type=\"widget\" data-e-type=\"widget\" data-widget_type=\"shortcode.default\">\n\t\t\t\t<div class=\"elementor-widget-container\">\n\t\t\t\t\t\t\t<div class=\"elementor-shortcode\">\n<div class=\"wpcf7 no-js\" id=\"wpcf7-f27597-o1\" lang=\"en-US\" dir=\"ltr\" data-wpcf7-id=\"27597\">\n<div class=\"screen-reader-response\"><p role=\"status\" aria-live=\"polite\" aria-atomic=\"true\"><\/p> <ul><\/ul><\/div>\n<form action=\"\/fr\/wp-json\/wp\/v2\/pages\/27592#wpcf7-f27597-o1\" method=\"post\" class=\"wpcf7-form init\" aria-label=\"Formulaire de contact\" novalidate=\"novalidate\" data-status=\"init\" data-trp-original-action=\"\/fr\/wp-json\/wp\/v2\/pages\/27592#wpcf7-f27597-o1\">\n<fieldset class=\"hidden-fields-container\"><input type=\"hidden\" name=\"_wpcf7\" value=\"27597\" \/><input type=\"hidden\" name=\"_wpcf7_version\" value=\"6.1.5\" \/><input type=\"hidden\" name=\"_wpcf7_locale\" value=\"en_US\" \/><input type=\"hidden\" name=\"_wpcf7_unit_tag\" value=\"wpcf7-f27597-o1\" \/><input type=\"hidden\" name=\"_wpcf7_container_post\" value=\"0\" \/><input type=\"hidden\" name=\"_wpcf7_posted_data_hash\" value=\"\" \/><input type=\"hidden\" name=\"_wpcf7_recaptcha_response\" value=\"\" \/>\n<\/fieldset>\n<p><label><strong>Remplissez les d\u00e9tails de la commande<\/strong><\/label>\n<\/p>\n<table>\n\t<tr>\n\t\t<td>\n\t\t\t<p>Num\u00e9ro de commande:\n\t\t\t<\/p>\n\t\t<\/td>\n\t\t<td>\n\t\t\t<p><span class=\"wpcf7-form-control-wrap\" data-name=\"tmrw-order\"><input size=\"40\" maxlength=\"400\" class=\"wpcf7-form-control wpcf7-text wpcf7-validates-as-required\" aria-required=\"true\" aria-invalid=\"false\" value=\"\" type=\"text\" name=\"tmrw-order\" \/><\/span>\n\t\t\t<\/p>\n\t\t<\/td>\n\t<\/tr>\n\t<tr>\n\t\t<td>\n\t\t\t<p>Nom:\n\t\t\t<\/p>\n\t\t<\/td>\n\t\t<td>\n\t\t\t<p><span class=\"wpcf7-form-control-wrap\" data-name=\"tmrw-name\"><input size=\"40\" maxlength=\"400\" class=\"wpcf7-form-control wpcf7-text wpcf7-validates-as-required\" aria-required=\"true\" aria-invalid=\"false\" value=\"\" type=\"text\" name=\"tmrw-name\" \/><\/span>\n\t\t\t<\/p>\n\t\t<\/td>\n\t<\/tr>\n\t<tr>\n\t\t<td>\n\t\t\t<p>Num\u00e9ro de t\u00e9l\u00e9phone:\n\t\t\t<\/p>\n\t\t<\/td>\n\t\t<td>\n\t\t\t<p><span class=\"wpcf7-form-control-wrap\" data-name=\"tmrw-telephone\"><input size=\"40\" maxlength=\"400\" class=\"wpcf7-form-control wpcf7-tel wpcf7-validates-as-required wpcf7-text wpcf7-validates-as-tel\" aria-required=\"true\" aria-invalid=\"false\" value=\"\" type=\"tel\" name=\"tmrw-telephone\" \/><\/span>\n\t\t\t<\/p>\n\t\t<\/td>\n\t<\/tr>\n\t<tr>\n\t\t<td>\n\t\t\t<p>Adresse e-mail:\n\t\t\t<\/p>\n\t\t<\/td>\n\t\t<td>\n\t\t\t<p><span class=\"wpcf7-form-control-wrap\" data-name=\"tmrw-email\"><input size=\"40\" maxlength=\"400\" class=\"wpcf7-form-control wpcf7-email wpcf7-validates-as-required wpcf7-text wpcf7-validates-as-email\" aria-required=\"true\" aria-invalid=\"false\" value=\"\" type=\"email\" name=\"tmrw-email\" \/><\/span>\n\t\t\t<\/p>\n\t\t<\/td>\n\t<\/tr>\n<\/table>\n<p><label><strong>D\u00e9crivez votre plainte<\/strong><\/label><br \/>\n<span class=\"wpcf7-form-control-wrap\" data-name=\"tmrw-complaint\"><textarea cols=\"40\" rows=\"10\" maxlength=\"2000\" class=\"wpcf7-form-control wpcf7-textarea wpcf7-validates-as-required\" aria-required=\"true\" aria-invalid=\"false\" name=\"tmrw-complaint\"><\/textarea><\/span>\n<\/p>\n<p><label><strong>T\u00e9l\u00e9chargez des photos pertinentes (jpg\/jpeg\/png)<\/strong> (uniquement en cas d&#039;\u00e9carts ou de mauvaise taille)<\/label><br \/>\n<span class=\"wpcf7-form-control-wrap\" data-name=\"tmrw-images\"><input size=\"40\" class=\"wpcf7-form-control wpcf7-drag-n-drop-file d-none\" aria-invalid=\"false\" type=\"file\" multiple=\"multiple\" data-name=\"tmrw-images\" data-type=\"jpg|jpeg|png\" data-max=\"5\" data-id=\"27597\" data-version=\"free version 1.3.9.6\" accept=\".jpg, .jpeg, .png\" \/><\/span>\n<\/p>\n<p><input class=\"wpcf7-form-control wpcf7-submit has-spinner\" type=\"submit\" value=\"exp\u00e9dier\" \/>\n<\/p><div class=\"wpcf7-response-output\" aria-hidden=\"true\"><\/div>\n<input type=\"hidden\" name=\"trp-form-language\" value=\"fr\"\/><\/form>\n<\/div>\n<\/div>\n\t\t\t\t\t\t<\/div>\n\t\t\t\t<\/div>\n\t\t\t\t\t<\/div>\n\t\t<\/div>\n\t\t\t\t\t<\/div>\n\t\t<\/section>\n\t\t\t\t<\/div>","protected":false},"excerpt":{"rendered":"<p>KLACHTENFORMULIER \u00a0 Hier kan je een klacht indienen met betrekking tot je bestelling van een replica van de originele wielerkleding. Onze excuses voor eventuele problemen die je hebt ondervonden bij je aankoop. \u00a0 Om je klacht te kunnen behandelen, vragen wij je vriendelijk om het onderstaande formulier in te vullen. Gelieve alle verplichte velden in [&hellip;]<\/p>\n","protected":false},"author":1,"featured_media":0,"parent":0,"menu_order":0,"comment_status":"closed","ping_status":"closed","template":"","meta":{"footnotes":""},"class_list":["post-27592","page","type-page","status-publish","hentry"],"yoast_head":"<!-- This site is optimized with the Yoast SEO plugin v27.3 - https:\/\/yoast.com\/product\/yoast-seo-wordpress\/ -->\n<title>Klachtenformulier - Ton Merckx Wielershirts - Rondreis door de wereld van wielershirts<\/title>\n<meta name=\"robots\" content=\"index, follow, max-snippet:-1, max-image-preview:large, max-video-preview:-1\" \/>\n<link rel=\"canonical\" href=\"https:\/\/tonmerckxwielershirts.nl\/fr\/formulaire-de-reclamation\/\" \/>\n<meta property=\"og:locale\" content=\"fr_FR\" \/>\n<meta property=\"og:type\" content=\"article\" \/>\n<meta property=\"og:title\" content=\"Klachtenformulier - Ton Merckx Wielershirts - Rondreis door de wereld van wielershirts\" \/>\n<meta property=\"og:description\" content=\"KLACHTENFORMULIER \u00a0 Hier kan je een klacht indienen met betrekking tot je bestelling van een replica van de originele wielerkleding. Onze excuses voor eventuele problemen die je hebt ondervonden bij je aankoop. \u00a0 Om je klacht te kunnen behandelen, vragen wij je vriendelijk om het onderstaande formulier in te vullen. Gelieve alle verplichte velden in [&hellip;]\" \/>\n<meta property=\"og:url\" content=\"https:\/\/tonmerckxwielershirts.nl\/fr\/formulaire-de-reclamation\/\" \/>\n<meta property=\"og:site_name\" content=\"Ton Merckx Wielershirts - Rondreis door de wereld van wielershirts\" \/>\n<meta property=\"article:modified_time\" content=\"2023-08-17T14:51:46+00:00\" \/>\n<meta name=\"twitter:card\" content=\"summary_large_image\" \/>\n<meta name=\"twitter:label1\" content=\"Dur\u00e9e de lecture estim\u00e9e\" \/>\n\t<meta name=\"twitter:data1\" content=\"1 minute\" \/>\n<script type=\"application\/ld+json\" class=\"yoast-schema-graph\">{\"@context\":\"https:\\\/\\\/schema.org\",\"@graph\":[{\"@type\":\"WebPage\",\"@id\":\"https:\\\/\\\/tonmerckxwielershirts.nl\\\/fr\\\/formulaire-de-reclamation\\\/\",\"url\":\"https:\\\/\\\/tonmerckxwielershirts.nl\\\/fr\\\/formulaire-de-reclamation\\\/\",\"name\":\"Klachtenformulier - Ton Merckx Wielershirts - Rondreis door de wereld van wielershirts\",\"isPartOf\":{\"@id\":\"https:\\\/\\\/tonmerckxwielershirts.nl\\\/es\\\/#website\"},\"datePublished\":\"2023-08-17T14:32:07+00:00\",\"dateModified\":\"2023-08-17T14:51:46+00:00\",\"breadcrumb\":{\"@id\":\"https:\\\/\\\/tonmerckxwielershirts.nl\\\/fr\\\/formulaire-de-reclamation\\\/#breadcrumb\"},\"inLanguage\":\"fr-FR\",\"potentialAction\":[{\"@type\":\"ReadAction\",\"target\":[\"https:\\\/\\\/tonmerckxwielershirts.nl\\\/fr\\\/formulaire-de-reclamation\\\/\"]}]},{\"@type\":\"BreadcrumbList\",\"@id\":\"https:\\\/\\\/tonmerckxwielershirts.nl\\\/fr\\\/formulaire-de-reclamation\\\/#breadcrumb\",\"itemListElement\":[{\"@type\":\"ListItem\",\"position\":1,\"name\":\"Home\",\"item\":\"https:\\\/\\\/tonmerckxwielershirts.nl\\\/es\\\/\"},{\"@type\":\"ListItem\",\"position\":2,\"name\":\"Klachtenformulier\"}]},{\"@type\":\"WebSite\",\"@id\":\"https:\\\/\\\/tonmerckxwielershirts.nl\\\/es\\\/#website\",\"url\":\"https:\\\/\\\/tonmerckxwielershirts.nl\\\/es\\\/\",\"name\":\"Ton Merckx Wielershirts - Rondreis door de wereld van wielershirts\",\"description\":\"thousands of original cycling jerseys - order your replica!\",\"publisher\":{\"@id\":\"https:\\\/\\\/tonmerckxwielershirts.nl\\\/es\\\/#organization\"},\"potentialAction\":[{\"@type\":\"SearchAction\",\"target\":{\"@type\":\"EntryPoint\",\"urlTemplate\":\"https:\\\/\\\/tonmerckxwielershirts.nl\\\/es\\\/?s={search_term_string}\"},\"query-input\":{\"@type\":\"PropertyValueSpecification\",\"valueRequired\":true,\"valueName\":\"search_term_string\"}}],\"inLanguage\":\"fr-FR\"},{\"@type\":\"Organization\",\"@id\":\"https:\\\/\\\/tonmerckxwielershirts.nl\\\/es\\\/#organization\",\"name\":\"Ton Merckx Wielershirts - Rondreis door de wereld van wielershirts\",\"url\":\"https:\\\/\\\/tonmerckxwielershirts.nl\\\/es\\\/\",\"logo\":{\"@type\":\"ImageObject\",\"inLanguage\":\"fr-FR\",\"@id\":\"https:\\\/\\\/tonmerckxwielershirts.nl\\\/es\\\/#\\\/schema\\\/logo\\\/image\\\/\",\"url\":\"https:\\\/\\\/tonmerckxwielershirts.nl\\\/wp-content\\\/uploads\\\/2023\\\/03\\\/ton-merckx-logo.jpg\",\"contentUrl\":\"https:\\\/\\\/tonmerckxwielershirts.nl\\\/wp-content\\\/uploads\\\/2023\\\/03\\\/ton-merckx-logo.jpg\",\"width\":391,\"height\":57,\"caption\":\"Ton Merckx Wielershirts - Rondreis door de wereld van wielershirts\"},\"image\":{\"@id\":\"https:\\\/\\\/tonmerckxwielershirts.nl\\\/es\\\/#\\\/schema\\\/logo\\\/image\\\/\"}}]}<\/script>\n<!-- \/ Yoast SEO plugin. -->","yoast_head_json":{"title":"Formulaire de r\u00e9clamation - Ton Merckx Cycling Shirts - Tour \u00e0 travers le monde des chemises de cyclisme","robots":{"index":"index","follow":"follow","max-snippet":"max-snippet:-1","max-image-preview":"max-image-preview:large","max-video-preview":"max-video-preview:-1"},"canonical":"https:\/\/tonmerckxwielershirts.nl\/fr\/formulaire-de-reclamation\/","og_locale":"fr_FR","og_type":"article","og_title":"Klachtenformulier - Ton Merckx Wielershirts - Rondreis door de wereld van wielershirts","og_description":"KLACHTENFORMULIER \u00a0 Hier kan je een klacht indienen met betrekking tot je bestelling van een replica van de originele wielerkleding. Onze excuses voor eventuele problemen die je hebt ondervonden bij je aankoop. \u00a0 Om je klacht te kunnen behandelen, vragen wij je vriendelijk om het onderstaande formulier in te vullen. Gelieve alle verplichte velden in [&hellip;]","og_url":"https:\/\/tonmerckxwielershirts.nl\/fr\/formulaire-de-reclamation\/","og_site_name":"Ton Merckx Wielershirts - Rondreis door de wereld van wielershirts","article_modified_time":"2023-08-17T14:51:46+00:00","twitter_card":"summary_large_image","twitter_misc":{"Dur\u00e9e de lecture estim\u00e9e":"1 minute"},"schema":{"@context":"https:\/\/schema.org","@graph":[{"@type":"WebPage","@id":"https:\/\/tonmerckxwielershirts.nl\/fr\/formulaire-de-reclamation\/","url":"https:\/\/tonmerckxwielershirts.nl\/fr\/formulaire-de-reclamation\/","name":"Formulaire de r\u00e9clamation - Ton Merckx Cycling Shirts - Tour \u00e0 travers le monde des chemises de cyclisme","isPartOf":{"@id":"https:\/\/tonmerckxwielershirts.nl\/es\/#website"},"datePublished":"2023-08-17T14:32:07+00:00","dateModified":"2023-08-17T14:51:46+00:00","breadcrumb":{"@id":"https:\/\/tonmerckxwielershirts.nl\/fr\/formulaire-de-reclamation\/#breadcrumb"},"inLanguage":"fr-FR","potentialAction":[{"@type":"ReadAction","target":["https:\/\/tonmerckxwielershirts.nl\/fr\/formulaire-de-reclamation\/"]}]},{"@type":"BreadcrumbList","@id":"https:\/\/tonmerckxwielershirts.nl\/fr\/formulaire-de-reclamation\/#breadcrumb","itemListElement":[{"@type":"ListItem","position":1,"name":"Home","item":"https:\/\/tonmerckxwielershirts.nl\/es\/"},{"@type":"ListItem","position":2,"name":"Klachtenformulier"}]},{"@type":"WebSite","@id":"https:\/\/tonmerckxwielershirts.nl\/es\/#website","url":"https:\/\/tonmerckxwielershirts.nl\/es\/","name":"Chemises de cyclisme Ton Merckx - Tour \u00e0 travers le monde des chemises de cyclisme","description":"des milliers de maillots de cyclisme originaux - commandez votre r\u00e9plique !","publisher":{"@id":"https:\/\/tonmerckxwielershirts.nl\/es\/#organization"},"potentialAction":[{"@type":"SearchAction","target":{"@type":"EntryPoint","urlTemplate":"https:\/\/tonmerckxwielershirts.nl\/es\/?s={search_term_string}"},"query-input":{"@type":"PropertyValueSpecification","valueRequired":true,"valueName":"search_term_string"}}],"inLanguage":"fr-FR"},{"@type":"Organization","@id":"https:\/\/tonmerckxwielershirts.nl\/es\/#organization","name":"Chemises de cyclisme Ton Merckx - Tour \u00e0 travers le monde des chemises de cyclisme","url":"https:\/\/tonmerckxwielershirts.nl\/es\/","logo":{"@type":"ImageObject","inLanguage":"fr-FR","@id":"https:\/\/tonmerckxwielershirts.nl\/es\/#\/schema\/logo\/image\/","url":"https:\/\/tonmerckxwielershirts.nl\/wp-content\/uploads\/2023\/03\/ton-merckx-logo.jpg","contentUrl":"https:\/\/tonmerckxwielershirts.nl\/wp-content\/uploads\/2023\/03\/ton-merckx-logo.jpg","width":391,"height":57,"caption":"Ton Merckx Wielershirts - Rondreis door de wereld van wielershirts"},"image":{"@id":"https:\/\/tonmerckxwielershirts.nl\/es\/#\/schema\/logo\/image\/"}}]}},"_links":{"self":[{"href":"https:\/\/tonmerckxwielershirts.nl\/fr\/wp-json\/wp\/v2\/pages\/27592","targetHints":{"allow":["GET"]}}],"collection":[{"href":"https:\/\/tonmerckxwielershirts.nl\/fr\/wp-json\/wp\/v2\/pages"}],"about":[{"href":"https:\/\/tonmerckxwielershirts.nl\/fr\/wp-json\/wp\/v2\/types\/page"}],"author":[{"embeddable":true,"href":"https:\/\/tonmerckxwielershirts.nl\/fr\/wp-json\/wp\/v2\/users\/1"}],"replies":[{"embeddable":true,"href":"https:\/\/tonmerckxwielershirts.nl\/fr\/wp-json\/wp\/v2\/comments?post=27592"}],"version-history":[{"count":7,"href":"https:\/\/tonmerckxwielershirts.nl\/fr\/wp-json\/wp\/v2\/pages\/27592\/revisions"}],"predecessor-version":[{"id":27600,"href":"https:\/\/tonmerckxwielershirts.nl\/fr\/wp-json\/wp\/v2\/pages\/27592\/revisions\/27600"}],"wp:attachment":[{"href":"https:\/\/tonmerckxwielershirts.nl\/fr\/wp-json\/wp\/v2\/media?parent=27592"}],"curies":[{"name":"wp","href":"https:\/\/api.w.org\/{rel}","templated":true}]}}