{"id":1758,"date":"2023-01-24T17:41:46","date_gmt":"2023-01-24T17:41:46","guid":{"rendered":"https:\/\/ton.connectingminds.net\/product\/zwarte-trui-zomercross-zolder-8-8-2004\/"},"modified":"2026-01-28T12:04:12","modified_gmt":"2026-01-28T11:04:12","slug":"maillot-noir-summercross-attic-8-8-2004","status":"publish","type":"product","link":"https:\/\/tonmerckxwielershirts.nl\/fr\/retro-wielershirt\/zwarte-trui-zomercross-zolder-8-8-2004\/","title":{"rendered":"SPAARSELECT (j) \u2013 MAILLOT NOIR SUMMER CROSS ZOLDER 8 ao\u00fbt 2004 CHEMISE DE CYCLISME"},"content":{"rendered":"<p>Au printemps 2004, la succursale n\u00e9erlandaise de SPAARSELECT a fait faillite.<\/p>\n<p>En cons\u00e9quence, l&#039;\u00e9quipe de patinage, dont faisait partie le champion olympique Gianni Romme, est dissoute.<\/p>\n<p>Peu de temps apr\u00e8s, au cours de l&#039;\u00e9t\u00e9 2004, le rideau tombait pour la branche belge de SPAARSELECT, ainsi que pour l&#039;\u00e9quipe de cyclocross SPAARSELECT.<\/p>\n<p>Le 8 ao\u00fbt de la m\u00eame ann\u00e9e, un Summer Cross \u00e9tait organis\u00e9 pour la premi\u00e8re fois sur le circuit de Zolder.<\/p>\n<p>Les coureurs SPAARSELECT y apparaissent dans une tenue noire, le champion du monde Bart Wellens roule dans sa tenue arc-en-ciel SPAARSELECT, mais les noms des sponsors SPAARSELECT sont recouverts de ruban noir.<\/p>\n<p>Une triste fin pour l&#039;\u00e9quipe de cyclocross SPAARSELECT \u00e0 succ\u00e8s.  Peu de temps apr\u00e8s, Fidea reprend le sponsoring.<\/p>","protected":false},"excerpt":{"rendered":"<p>In het voorjaar van 2004 gaat de Nederlandse tak van SPAARSELECT failliet. Dien ten gevolge wordt de schaatsploeg met oa Olympisch kampioen Gianni Romme opgedoekt. Niet veel later in de zomer van 2004 valt ook het doek voor Belgische tak van SPAARSELECT alsmede dus ook de SPAARSELECT cyclocrossploeg. Op 8 Augustus van dat jaar wordt [&hellip;]<\/p>\n","protected":false},"featured_media":177544,"template":"","meta":[],"product_brand":[],"product_cat":[151],"product_tag":[],"class_list":{"0":"post-1758","1":"product","2":"type-product","3":"status-publish","4":"has-post-thumbnail","6":"product_cat-pro-team","8":"first","9":"onbackorder","10":"taxable","11":"shipping-taxable","12":"purchasable","13":"product-type-variable"},"yoast_head":"<!-- This site is optimized with the Yoast SEO plugin v27.5 - https:\/\/yoast.com\/product\/yoast-seo-wordpress\/ -->\n<title>SPAARSELECT (j) - ZWARTE TRUI ZOMERCROSS ZOLDER 8 Augustus 2004  WIELERSHIRT - Ton Merckx Wielershirts - Rondreis door de wereld van wielershirts<\/title>\n<meta name=\"robots\" content=\"index, follow, max-snippet:-1, max-image-preview:large, max-video-preview:-1\" \/>\n<link rel=\"canonical\" href=\"https:\/\/tonmerckxwielershirts.nl\/fr\/maillot-de-cyclisme-retro\/maillot-noir-summercross-attic-8-8-2004\/\" \/>\n<meta property=\"og:locale\" content=\"fr_FR\" \/>\n<meta property=\"og:type\" content=\"article\" \/>\n<meta property=\"og:title\" content=\"SPAARSELECT (j) - ZWARTE TRUI ZOMERCROSS ZOLDER 8 Augustus 2004  WIELERSHIRT - Ton Merckx Wielershirts - Rondreis door de wereld van wielershirts\" \/>\n<meta property=\"og:description\" content=\"In het voorjaar van 2004 gaat de Nederlandse tak van SPAARSELECT failliet. Dien ten gevolge wordt de schaatsploeg met oa Olympisch kampioen Gianni Romme opgedoekt. Niet veel later in de zomer van 2004 valt ook het doek voor Belgische tak van SPAARSELECT alsmede dus ook de SPAARSELECT cyclocrossploeg. Op 8 Augustus van dat jaar wordt [&hellip;]\" \/>\n<meta property=\"og:url\" content=\"https:\/\/tonmerckxwielershirts.nl\/fr\/maillot-de-cyclisme-retro\/maillot-noir-summercross-attic-8-8-2004\/\" \/>\n<meta property=\"og:site_name\" content=\"Ton Merckx Wielershirts - Rondreis door de wereld van wielershirts\" \/>\n<meta property=\"article:modified_time\" content=\"2026-01-28T11:04:12+00:00\" \/>\n<meta property=\"og:image\" content=\"https:\/\/tonmerckxwielershirts.nl\/wp-content\/uploads\/2023\/01\/IMG_4637-scaled.jpg\" \/>\n\t<meta property=\"og:image:width\" content=\"1920\" \/>\n\t<meta property=\"og:image:height\" content=\"2560\" \/>\n\t<meta property=\"og:image:type\" content=\"image\/jpeg\" \/>\n<meta name=\"twitter:card\" content=\"summary_large_image\" \/>\n<meta name=\"twitter:label1\" content=\"Dur\u00e9e de lecture estim\u00e9e\" \/>\n\t<meta name=\"twitter:data1\" content=\"1 minute\" \/>\n<script type=\"application\/ld+json\" class=\"yoast-schema-graph\">{\"@context\":\"https:\\\/\\\/schema.org\",\"@graph\":[{\"@type\":\"WebPage\",\"@id\":\"https:\\\/\\\/tonmerckxwielershirts.nl\\\/retro-wielershirt\\\/zwarte-trui-zomercross-zolder-8-8-2004\\\/\",\"url\":\"https:\\\/\\\/tonmerckxwielershirts.nl\\\/retro-wielershirt\\\/zwarte-trui-zomercross-zolder-8-8-2004\\\/\",\"name\":\"SPAARSELECT (j) - ZWARTE TRUI ZOMERCROSS ZOLDER 8 Augustus 2004 WIELERSHIRT - Ton Merckx Wielershirts - Rondreis door de wereld van wielershirts\",\"isPartOf\":{\"@id\":\"https:\\\/\\\/www.tonmerckxwielershirts.nl\\\/es\\\/#website\"},\"primaryImageOfPage\":{\"@id\":\"https:\\\/\\\/tonmerckxwielershirts.nl\\\/retro-wielershirt\\\/zwarte-trui-zomercross-zolder-8-8-2004\\\/#primaryimage\"},\"image\":{\"@id\":\"https:\\\/\\\/tonmerckxwielershirts.nl\\\/retro-wielershirt\\\/zwarte-trui-zomercross-zolder-8-8-2004\\\/#primaryimage\"},\"thumbnailUrl\":\"https:\\\/\\\/tonmerckxwielershirts.nl\\\/wp-content\\\/uploads\\\/2023\\\/01\\\/IMG_4637-scaled.jpg\",\"datePublished\":\"2023-01-24T17:41:46+00:00\",\"dateModified\":\"2026-01-28T11:04:12+00:00\",\"breadcrumb\":{\"@id\":\"https:\\\/\\\/tonmerckxwielershirts.nl\\\/retro-wielershirt\\\/zwarte-trui-zomercross-zolder-8-8-2004\\\/#breadcrumb\"},\"inLanguage\":\"fr-FR\",\"potentialAction\":[{\"@type\":\"ReadAction\",\"target\":[\"https:\\\/\\\/tonmerckxwielershirts.nl\\\/retro-wielershirt\\\/zwarte-trui-zomercross-zolder-8-8-2004\\\/\"]}]},{\"@type\":\"ImageObject\",\"inLanguage\":\"fr-FR\",\"@id\":\"https:\\\/\\\/tonmerckxwielershirts.nl\\\/retro-wielershirt\\\/zwarte-trui-zomercross-zolder-8-8-2004\\\/#primaryimage\",\"url\":\"https:\\\/\\\/tonmerckxwielershirts.nl\\\/wp-content\\\/uploads\\\/2023\\\/01\\\/IMG_4637-scaled.jpg\",\"contentUrl\":\"https:\\\/\\\/tonmerckxwielershirts.nl\\\/wp-content\\\/uploads\\\/2023\\\/01\\\/IMG_4637-scaled.jpg\",\"width\":1920,\"height\":2560},{\"@type\":\"BreadcrumbList\",\"@id\":\"https:\\\/\\\/tonmerckxwielershirts.nl\\\/retro-wielershirt\\\/zwarte-trui-zomercross-zolder-8-8-2004\\\/#breadcrumb\",\"itemListElement\":[{\"@type\":\"ListItem\",\"position\":1,\"name\":\"Home\",\"item\":\"https:\\\/\\\/www.tonmerckxwielershirts.nl\\\/es\\\/\"},{\"@type\":\"ListItem\",\"position\":2,\"name\":\"Retro wielershirts\",\"item\":\"https:\\\/\\\/www.tonmerckxwielershirts.nl\\\/es\\\/camisetas-de-ciclismo-retro\\\/\"},{\"@type\":\"ListItem\",\"position\":3,\"name\":\"SPAARSELECT (j) &#8211; ZWARTE TRUI ZOMERCROSS ZOLDER 8 Augustus 2004 WIELERSHIRT\"}]},{\"@type\":\"WebSite\",\"@id\":\"https:\\\/\\\/www.tonmerckxwielershirts.nl\\\/es\\\/#website\",\"url\":\"https:\\\/\\\/www.tonmerckxwielershirts.nl\\\/es\\\/\",\"name\":\"Ton Merckx Wielershirts - Rondreis door de wereld van wielershirts\",\"description\":\"thousands of original cycling jerseys - order your replica!\",\"publisher\":{\"@id\":\"https:\\\/\\\/www.tonmerckxwielershirts.nl\\\/es\\\/#organization\"},\"potentialAction\":[{\"@type\":\"SearchAction\",\"target\":{\"@type\":\"EntryPoint\",\"urlTemplate\":\"https:\\\/\\\/www.tonmerckxwielershirts.nl\\\/es\\\/?s={search_term_string}\"},\"query-input\":{\"@type\":\"PropertyValueSpecification\",\"valueRequired\":true,\"valueName\":\"search_term_string\"}}],\"inLanguage\":\"fr-FR\"},{\"@type\":\"Organization\",\"@id\":\"https:\\\/\\\/www.tonmerckxwielershirts.nl\\\/es\\\/#organization\",\"name\":\"Ton Merckx Wielershirts - Rondreis door de wereld van wielershirts\",\"url\":\"https:\\\/\\\/www.tonmerckxwielershirts.nl\\\/es\\\/\",\"logo\":{\"@type\":\"ImageObject\",\"inLanguage\":\"fr-FR\",\"@id\":\"https:\\\/\\\/www.tonmerckxwielershirts.nl\\\/es\\\/#\\\/schema\\\/logo\\\/image\\\/\",\"url\":\"https:\\\/\\\/tonmerckxwielershirts.nl\\\/wp-content\\\/uploads\\\/2023\\\/03\\\/ton-merckx-logo.jpg\",\"contentUrl\":\"https:\\\/\\\/tonmerckxwielershirts.nl\\\/wp-content\\\/uploads\\\/2023\\\/03\\\/ton-merckx-logo.jpg\",\"width\":391,\"height\":57,\"caption\":\"Ton Merckx Wielershirts - Rondreis door de wereld van wielershirts\"},\"image\":{\"@id\":\"https:\\\/\\\/www.tonmerckxwielershirts.nl\\\/es\\\/#\\\/schema\\\/logo\\\/image\\\/\"}}]}<\/script>\n<!-- \/ Yoast SEO plugin. -->","yoast_head_json":{"title":"SPAARSELECT (j) - JERSEY NOIR SUMMER CROSS ZOLDER 8 ao\u00fbt 2004 CHEMISE DE CYCLISME - Ton Merckx Chemises de cyclisme - Tour \u00e0 travers le monde des chemises de cyclisme","robots":{"index":"index","follow":"follow","max-snippet":"max-snippet:-1","max-image-preview":"max-image-preview:large","max-video-preview":"max-video-preview:-1"},"canonical":"https:\/\/tonmerckxwielershirts.nl\/fr\/maillot-de-cyclisme-retro\/maillot-noir-summercross-attic-8-8-2004\/","og_locale":"fr_FR","og_type":"article","og_title":"SPAARSELECT (j) - ZWARTE TRUI ZOMERCROSS ZOLDER 8 Augustus 2004  WIELERSHIRT - Ton Merckx Wielershirts - Rondreis door de wereld van wielershirts","og_description":"In het voorjaar van 2004 gaat de Nederlandse tak van SPAARSELECT failliet. Dien ten gevolge wordt de schaatsploeg met oa Olympisch kampioen Gianni Romme opgedoekt. Niet veel later in de zomer van 2004 valt ook het doek voor Belgische tak van SPAARSELECT alsmede dus ook de SPAARSELECT cyclocrossploeg. Op 8 Augustus van dat jaar wordt [&hellip;]","og_url":"https:\/\/tonmerckxwielershirts.nl\/fr\/maillot-de-cyclisme-retro\/maillot-noir-summercross-attic-8-8-2004\/","og_site_name":"Ton Merckx Wielershirts - Rondreis door de wereld van wielershirts","article_modified_time":"2026-01-28T11:04:12+00:00","og_image":[{"width":1920,"height":2560,"url":"https:\/\/tonmerckxwielershirts.nl\/wp-content\/uploads\/2023\/01\/IMG_4637-scaled.jpg","type":"image\/jpeg"}],"twitter_card":"summary_large_image","twitter_misc":{"Dur\u00e9e de lecture estim\u00e9e":"1 minute"},"schema":{"@context":"https:\/\/schema.org","@graph":[{"@type":"WebPage","@id":"https:\/\/tonmerckxwielershirts.nl\/retro-wielershirt\/zwarte-trui-zomercross-zolder-8-8-2004\/","url":"https:\/\/tonmerckxwielershirts.nl\/retro-wielershirt\/zwarte-trui-zomercross-zolder-8-8-2004\/","name":"SPAARSELECT (j) - JERSEY NOIR SUMMER CROSS ZOLDER 8 ao\u00fbt 2004 CHEMISE DE CYCLISME - Ton Merckx Chemises de cyclisme - Tour \u00e0 travers le monde des chemises de cyclisme","isPartOf":{"@id":"https:\/\/www.tonmerckxwielershirts.nl\/es\/#website"},"primaryImageOfPage":{"@id":"https:\/\/tonmerckxwielershirts.nl\/retro-wielershirt\/zwarte-trui-zomercross-zolder-8-8-2004\/#primaryimage"},"image":{"@id":"https:\/\/tonmerckxwielershirts.nl\/retro-wielershirt\/zwarte-trui-zomercross-zolder-8-8-2004\/#primaryimage"},"thumbnailUrl":"https:\/\/tonmerckxwielershirts.nl\/wp-content\/uploads\/2023\/01\/IMG_4637-scaled.jpg","datePublished":"2023-01-24T17:41:46+00:00","dateModified":"2026-01-28T11:04:12+00:00","breadcrumb":{"@id":"https:\/\/tonmerckxwielershirts.nl\/retro-wielershirt\/zwarte-trui-zomercross-zolder-8-8-2004\/#breadcrumb"},"inLanguage":"fr-FR","potentialAction":[{"@type":"ReadAction","target":["https:\/\/tonmerckxwielershirts.nl\/retro-wielershirt\/zwarte-trui-zomercross-zolder-8-8-2004\/"]}]},{"@type":"ImageObject","inLanguage":"fr-FR","@id":"https:\/\/tonmerckxwielershirts.nl\/retro-wielershirt\/zwarte-trui-zomercross-zolder-8-8-2004\/#primaryimage","url":"https:\/\/tonmerckxwielershirts.nl\/wp-content\/uploads\/2023\/01\/IMG_4637-scaled.jpg","contentUrl":"https:\/\/tonmerckxwielershirts.nl\/wp-content\/uploads\/2023\/01\/IMG_4637-scaled.jpg","width":1920,"height":2560},{"@type":"BreadcrumbList","@id":"https:\/\/tonmerckxwielershirts.nl\/retro-wielershirt\/zwarte-trui-zomercross-zolder-8-8-2004\/#breadcrumb","itemListElement":[{"@type":"ListItem","position":1,"name":"Home","item":"https:\/\/www.tonmerckxwielershirts.nl\/es\/"},{"@type":"ListItem","position":2,"name":"Retro wielershirts","item":"https:\/\/www.tonmerckxwielershirts.nl\/es\/camisetas-de-ciclismo-retro\/"},{"@type":"ListItem","position":3,"name":"SPAARSELECT (j) &#8211; ZWARTE TRUI ZOMERCROSS ZOLDER 8 Augustus 2004 WIELERSHIRT"}]},{"@type":"WebSite","@id":"https:\/\/www.tonmerckxwielershirts.nl\/es\/#website","url":"https:\/\/www.tonmerckxwielershirts.nl\/es\/","name":"Chemises de cyclisme Ton Merckx - Tour \u00e0 travers le monde des chemises de cyclisme","description":"des milliers de maillots de cyclisme originaux - commandez votre r\u00e9plique !","publisher":{"@id":"https:\/\/www.tonmerckxwielershirts.nl\/es\/#organization"},"potentialAction":[{"@type":"SearchAction","target":{"@type":"EntryPoint","urlTemplate":"https:\/\/www.tonmerckxwielershirts.nl\/es\/?s={search_term_string}"},"query-input":{"@type":"PropertyValueSpecification","valueRequired":true,"valueName":"search_term_string"}}],"inLanguage":"fr-FR"},{"@type":"Organization","@id":"https:\/\/www.tonmerckxwielershirts.nl\/es\/#organization","name":"Chemises de cyclisme Ton Merckx - Tour \u00e0 travers le monde des chemises de cyclisme","url":"https:\/\/www.tonmerckxwielershirts.nl\/es\/","logo":{"@type":"ImageObject","inLanguage":"fr-FR","@id":"https:\/\/www.tonmerckxwielershirts.nl\/es\/#\/schema\/logo\/image\/","url":"https:\/\/tonmerckxwielershirts.nl\/wp-content\/uploads\/2023\/03\/ton-merckx-logo.jpg","contentUrl":"https:\/\/tonmerckxwielershirts.nl\/wp-content\/uploads\/2023\/03\/ton-merckx-logo.jpg","width":391,"height":57,"caption":"Ton Merckx Wielershirts - Rondreis door de wereld van wielershirts"},"image":{"@id":"https:\/\/www.tonmerckxwielershirts.nl\/es\/#\/schema\/logo\/image\/"}}]}},"_links":{"self":[{"href":"https:\/\/tonmerckxwielershirts.nl\/fr\/wp-json\/wp\/v2\/product\/1758","targetHints":{"allow":["GET"]}}],"collection":[{"href":"https:\/\/tonmerckxwielershirts.nl\/fr\/wp-json\/wp\/v2\/product"}],"about":[{"href":"https:\/\/tonmerckxwielershirts.nl\/fr\/wp-json\/wp\/v2\/types\/product"}],"wp:featuredmedia":[{"embeddable":true,"href":"https:\/\/tonmerckxwielershirts.nl\/fr\/wp-json\/wp\/v2\/media\/177544"}],"wp:attachment":[{"href":"https:\/\/tonmerckxwielershirts.nl\/fr\/wp-json\/wp\/v2\/media?parent=1758"}],"wp:term":[{"taxonomy":"product_brand","embeddable":true,"href":"https:\/\/tonmerckxwielershirts.nl\/fr\/wp-json\/wp\/v2\/product_brand?post=1758"},{"taxonomy":"product_cat","embeddable":true,"href":"https:\/\/tonmerckxwielershirts.nl\/fr\/wp-json\/wp\/v2\/product_cat?post=1758"},{"taxonomy":"product_tag","embeddable":true,"href":"https:\/\/tonmerckxwielershirts.nl\/fr\/wp-json\/wp\/v2\/product_tag?post=1758"}],"curies":[{"name":"wp","href":"https:\/\/api.w.org\/{rel}","templated":true}]}}