{"id":32282,"date":"2025-01-12T08:31:21","date_gmt":"2025-01-12T07:31:21","guid":{"rendered":"https:\/\/tonmerckxwielershirts.nl\/?post_type=product&#038;p=32282"},"modified":"2026-01-28T12:00:26","modified_gmt":"2026-01-28T11:00:26","slug":"maillot-cyclisme-spago-40","status":"publish","type":"product","link":"https:\/\/tonmerckxwielershirts.nl\/fr\/retro-wielershirt\/tour-de-france-algemeen-klassement-1982-wielershirt\/","title":{"rendered":"TOUR DE FRANCE CLASSIFICATION G\u00c9N\u00c9RALE 1982 CHEMISE DE CYCLISME"},"content":{"rendered":"<p>MAILLOT JAUNE de Bernard Hinault de 1982.<\/p>\n<p>Bernard Hinault a roul\u00e9 plusieurs crit\u00e8res Natour sous ce maillot, dont un aux Pays-Bas (Tiel).<\/p>\n<p>L&#039;embl\u00e8me du sponsor du TOUR DE FRANCE MIKO a \u00e9t\u00e9 retir\u00e9 du maillot car il n&#039;\u00e9tait pas sponsor de l&#039;\u00e9quipe Renault de Bernard Hinault.<\/p>\n<p>J&#039;ai re\u00e7u une chemise d&#039;un certain Joke de Tiel, probablement l&#039;\u00e9pouse de l&#039;organisateur du Tour Professionnel de Tiel.<\/p>","protected":false},"excerpt":{"rendered":"<p>De GELE TRUI van Bernard Hinault uit 1982. In dit shirt reed Bernard Hinault enkele Natour-criteriums waaronder een in Nederland (Tiel). Het embleem van de TOUR DE FRANCE Sponsor MIKO is van het shirt gehaald omdat dat geen sponsor was van Bernard Hinaults Renault ploeg. Shirt gekregen van een zekere Joke uit Tiel, hoogstwaarschijnlijk de [&hellip;]<\/p>\n","protected":false},"featured_media":32283,"template":"","meta":[],"product_brand":[],"product_cat":[54],"product_tag":[],"class_list":{"0":"post-32282","1":"product","2":"type-product","3":"status-publish","4":"has-post-thumbnail","6":"product_cat-leiderstruien","8":"first","9":"onbackorder","10":"taxable","11":"shipping-taxable","12":"product-type-simple"},"yoast_head":"<!-- This site is optimized with the Yoast SEO plugin v27.4 - https:\/\/yoast.com\/product\/yoast-seo-wordpress\/ -->\n<title>TOUR DE FRANCE  ALGEMEEN KLASSEMENT 1982   WIELERSHIRT - Ton Merckx Wielershirts - Rondreis door de wereld van wielershirts<\/title>\n<meta name=\"robots\" content=\"index, follow, max-snippet:-1, max-image-preview:large, max-video-preview:-1\" \/>\n<link rel=\"canonical\" href=\"https:\/\/mail.tonmerckxwielershirts.nl\/es\/maillot-ciclista-retro\/maillot-ciclista-spago-40\/\" \/>\n<meta property=\"og:locale\" content=\"fr_FR\" \/>\n<meta property=\"og:type\" content=\"article\" \/>\n<meta property=\"og:title\" content=\"TOUR DE FRANCE  ALGEMEEN KLASSEMENT 1982   WIELERSHIRT - Ton Merckx Wielershirts - Rondreis door de wereld van wielershirts\" \/>\n<meta property=\"og:description\" content=\"De GELE TRUI van Bernard Hinault uit 1982. In dit shirt reed Bernard Hinault enkele Natour-criteriums waaronder een in Nederland (Tiel). Het embleem van de TOUR DE FRANCE Sponsor MIKO is van het shirt gehaald omdat dat geen sponsor was van Bernard Hinaults Renault ploeg. Shirt gekregen van een zekere Joke uit Tiel, hoogstwaarschijnlijk de [&hellip;]\" \/>\n<meta property=\"og:url\" content=\"https:\/\/mail.tonmerckxwielershirts.nl\/es\/maillot-ciclista-retro\/maillot-ciclista-spago-40\/\" \/>\n<meta property=\"og:site_name\" content=\"Ton Merckx Wielershirts - Rondreis door de wereld van wielershirts\" \/>\n<meta property=\"article:modified_time\" content=\"2026-01-28T11:00:26+00:00\" \/>\n<meta property=\"og:image\" content=\"https:\/\/mail.tonmerckxwielershirts.nl\/wp-content\/uploads\/2025\/01\/IMG_0099.png\" \/>\n\t<meta property=\"og:image:width\" content=\"240\" \/>\n\t<meta property=\"og:image:height\" content=\"320\" \/>\n\t<meta property=\"og:image:type\" content=\"image\/png\" \/>\n<meta name=\"twitter:card\" content=\"summary_large_image\" \/>\n<meta name=\"twitter:label1\" content=\"Dur\u00e9e de lecture estim\u00e9e\" \/>\n\t<meta name=\"twitter:data1\" content=\"1 minute\" \/>\n<script type=\"application\/ld+json\" class=\"yoast-schema-graph\">{\"@context\":\"https:\\\/\\\/schema.org\",\"@graph\":[{\"@type\":\"WebPage\",\"@id\":\"https:\\\/\\\/mail.tonmerckxwielershirts.nl\\\/es\\\/maillot-ciclista-retro\\\/maillot-ciclista-spago-40\\\/\",\"url\":\"https:\\\/\\\/mail.tonmerckxwielershirts.nl\\\/es\\\/maillot-ciclista-retro\\\/maillot-ciclista-spago-40\\\/\",\"name\":\"TOUR DE FRANCE ALGEMEEN KLASSEMENT 1982 WIELERSHIRT - Ton Merckx Wielershirts - Rondreis door de wereld van wielershirts\",\"isPartOf\":{\"@id\":\"https:\\\/\\\/tonmerckxwielershirts.nl\\\/es\\\/#website\"},\"primaryImageOfPage\":{\"@id\":\"https:\\\/\\\/mail.tonmerckxwielershirts.nl\\\/es\\\/maillot-ciclista-retro\\\/maillot-ciclista-spago-40\\\/#primaryimage\"},\"image\":{\"@id\":\"https:\\\/\\\/mail.tonmerckxwielershirts.nl\\\/es\\\/maillot-ciclista-retro\\\/maillot-ciclista-spago-40\\\/#primaryimage\"},\"thumbnailUrl\":\"https:\\\/\\\/tonmerckxwielershirts.nl\\\/wp-content\\\/uploads\\\/2025\\\/01\\\/IMG_0099.png\",\"datePublished\":\"2025-01-12T07:31:21+00:00\",\"dateModified\":\"2026-01-28T11:00:26+00:00\",\"breadcrumb\":{\"@id\":\"https:\\\/\\\/mail.tonmerckxwielershirts.nl\\\/es\\\/maillot-ciclista-retro\\\/maillot-ciclista-spago-40\\\/#breadcrumb\"},\"inLanguage\":\"fr-FR\",\"potentialAction\":[{\"@type\":\"ReadAction\",\"target\":[\"https:\\\/\\\/mail.tonmerckxwielershirts.nl\\\/es\\\/maillot-ciclista-retro\\\/maillot-ciclista-spago-40\\\/\"]}]},{\"@type\":\"ImageObject\",\"inLanguage\":\"fr-FR\",\"@id\":\"https:\\\/\\\/mail.tonmerckxwielershirts.nl\\\/es\\\/maillot-ciclista-retro\\\/maillot-ciclista-spago-40\\\/#primaryimage\",\"url\":\"https:\\\/\\\/tonmerckxwielershirts.nl\\\/wp-content\\\/uploads\\\/2025\\\/01\\\/IMG_0099.png\",\"contentUrl\":\"https:\\\/\\\/tonmerckxwielershirts.nl\\\/wp-content\\\/uploads\\\/2025\\\/01\\\/IMG_0099.png\",\"width\":240,\"height\":320,\"caption\":\"TOUR DE FRANCE ALGEMEEN KLASSEMENT 1982\"},{\"@type\":\"BreadcrumbList\",\"@id\":\"https:\\\/\\\/mail.tonmerckxwielershirts.nl\\\/es\\\/maillot-ciclista-retro\\\/maillot-ciclista-spago-40\\\/#breadcrumb\",\"itemListElement\":[{\"@type\":\"ListItem\",\"position\":1,\"name\":\"Home\",\"item\":\"https:\\\/\\\/tonmerckxwielershirts.nl\\\/es\\\/\"},{\"@type\":\"ListItem\",\"position\":2,\"name\":\"Retro wielershirts\",\"item\":\"https:\\\/\\\/tonmerckxwielershirts.nl\\\/es\\\/camisetas-de-ciclismo-retro\\\/\"},{\"@type\":\"ListItem\",\"position\":3,\"name\":\"TOUR DE FRANCE ALGEMEEN KLASSEMENT 1982 WIELERSHIRT\"}]},{\"@type\":\"WebSite\",\"@id\":\"https:\\\/\\\/tonmerckxwielershirts.nl\\\/es\\\/#website\",\"url\":\"https:\\\/\\\/tonmerckxwielershirts.nl\\\/es\\\/\",\"name\":\"Ton Merckx Wielershirts - Rondreis door de wereld van wielershirts\",\"description\":\"thousands of original cycling jerseys - order your replica!\",\"publisher\":{\"@id\":\"https:\\\/\\\/tonmerckxwielershirts.nl\\\/es\\\/#organization\"},\"potentialAction\":[{\"@type\":\"SearchAction\",\"target\":{\"@type\":\"EntryPoint\",\"urlTemplate\":\"https:\\\/\\\/tonmerckxwielershirts.nl\\\/es\\\/?s={search_term_string}\"},\"query-input\":{\"@type\":\"PropertyValueSpecification\",\"valueRequired\":true,\"valueName\":\"search_term_string\"}}],\"inLanguage\":\"fr-FR\"},{\"@type\":\"Organization\",\"@id\":\"https:\\\/\\\/tonmerckxwielershirts.nl\\\/es\\\/#organization\",\"name\":\"Ton Merckx Wielershirts - Rondreis door de wereld van wielershirts\",\"url\":\"https:\\\/\\\/tonmerckxwielershirts.nl\\\/es\\\/\",\"logo\":{\"@type\":\"ImageObject\",\"inLanguage\":\"fr-FR\",\"@id\":\"https:\\\/\\\/tonmerckxwielershirts.nl\\\/es\\\/#\\\/schema\\\/logo\\\/image\\\/\",\"url\":\"https:\\\/\\\/tonmerckxwielershirts.nl\\\/wp-content\\\/uploads\\\/2023\\\/03\\\/ton-merckx-logo.jpg\",\"contentUrl\":\"https:\\\/\\\/tonmerckxwielershirts.nl\\\/wp-content\\\/uploads\\\/2023\\\/03\\\/ton-merckx-logo.jpg\",\"width\":391,\"height\":57,\"caption\":\"Ton Merckx Wielershirts - Rondreis door de wereld van wielershirts\"},\"image\":{\"@id\":\"https:\\\/\\\/tonmerckxwielershirts.nl\\\/es\\\/#\\\/schema\\\/logo\\\/image\\\/\"}}]}<\/script>\n<!-- \/ Yoast SEO plugin. -->","yoast_head_json":{"title":"Maillot cycliste Tour de France 1982 - Maillots de cyclisme Ton Merckx - Tour du monde des maillots de cyclisme","robots":{"index":"index","follow":"follow","max-snippet":"max-snippet:-1","max-image-preview":"max-image-preview:large","max-video-preview":"max-video-preview:-1"},"canonical":"https:\/\/mail.tonmerckxwielershirts.nl\/es\/maillot-ciclista-retro\/maillot-ciclista-spago-40\/","og_locale":"fr_FR","og_type":"article","og_title":"TOUR DE FRANCE  ALGEMEEN KLASSEMENT 1982   WIELERSHIRT - Ton Merckx Wielershirts - Rondreis door de wereld van wielershirts","og_description":"De GELE TRUI van Bernard Hinault uit 1982. In dit shirt reed Bernard Hinault enkele Natour-criteriums waaronder een in Nederland (Tiel). Het embleem van de TOUR DE FRANCE Sponsor MIKO is van het shirt gehaald omdat dat geen sponsor was van Bernard Hinaults Renault ploeg. Shirt gekregen van een zekere Joke uit Tiel, hoogstwaarschijnlijk de [&hellip;]","og_url":"https:\/\/mail.tonmerckxwielershirts.nl\/es\/maillot-ciclista-retro\/maillot-ciclista-spago-40\/","og_site_name":"Ton Merckx Wielershirts - Rondreis door de wereld van wielershirts","article_modified_time":"2026-01-28T11:00:26+00:00","og_image":[{"width":240,"height":320,"url":"https:\/\/mail.tonmerckxwielershirts.nl\/wp-content\/uploads\/2025\/01\/IMG_0099.png","type":"image\/png"}],"twitter_card":"summary_large_image","twitter_misc":{"Dur\u00e9e de lecture estim\u00e9e":"1 minute"},"schema":{"@context":"https:\/\/schema.org","@graph":[{"@type":"WebPage","@id":"https:\/\/mail.tonmerckxwielershirts.nl\/es\/maillot-ciclista-retro\/maillot-ciclista-spago-40\/","url":"https:\/\/mail.tonmerckxwielershirts.nl\/es\/maillot-ciclista-retro\/maillot-ciclista-spago-40\/","name":"Maillot cycliste Tour de France 1982 - Maillots de cyclisme Ton Merckx - Tour du monde des maillots de cyclisme","isPartOf":{"@id":"https:\/\/tonmerckxwielershirts.nl\/es\/#website"},"primaryImageOfPage":{"@id":"https:\/\/mail.tonmerckxwielershirts.nl\/es\/maillot-ciclista-retro\/maillot-ciclista-spago-40\/#primaryimage"},"image":{"@id":"https:\/\/mail.tonmerckxwielershirts.nl\/es\/maillot-ciclista-retro\/maillot-ciclista-spago-40\/#primaryimage"},"thumbnailUrl":"https:\/\/tonmerckxwielershirts.nl\/wp-content\/uploads\/2025\/01\/IMG_0099.png","datePublished":"2025-01-12T07:31:21+00:00","dateModified":"2026-01-28T11:00:26+00:00","breadcrumb":{"@id":"https:\/\/mail.tonmerckxwielershirts.nl\/es\/maillot-ciclista-retro\/maillot-ciclista-spago-40\/#breadcrumb"},"inLanguage":"fr-FR","potentialAction":[{"@type":"ReadAction","target":["https:\/\/mail.tonmerckxwielershirts.nl\/es\/maillot-ciclista-retro\/maillot-ciclista-spago-40\/"]}]},{"@type":"ImageObject","inLanguage":"fr-FR","@id":"https:\/\/mail.tonmerckxwielershirts.nl\/es\/maillot-ciclista-retro\/maillot-ciclista-spago-40\/#primaryimage","url":"https:\/\/tonmerckxwielershirts.nl\/wp-content\/uploads\/2025\/01\/IMG_0099.png","contentUrl":"https:\/\/tonmerckxwielershirts.nl\/wp-content\/uploads\/2025\/01\/IMG_0099.png","width":240,"height":320,"caption":"TOUR DE FRANCE ALGEMEEN KLASSEMENT 1982"},{"@type":"BreadcrumbList","@id":"https:\/\/mail.tonmerckxwielershirts.nl\/es\/maillot-ciclista-retro\/maillot-ciclista-spago-40\/#breadcrumb","itemListElement":[{"@type":"ListItem","position":1,"name":"Home","item":"https:\/\/tonmerckxwielershirts.nl\/es\/"},{"@type":"ListItem","position":2,"name":"Retro wielershirts","item":"https:\/\/tonmerckxwielershirts.nl\/es\/camisetas-de-ciclismo-retro\/"},{"@type":"ListItem","position":3,"name":"TOUR DE FRANCE ALGEMEEN KLASSEMENT 1982 WIELERSHIRT"}]},{"@type":"WebSite","@id":"https:\/\/tonmerckxwielershirts.nl\/es\/#website","url":"https:\/\/tonmerckxwielershirts.nl\/es\/","name":"Chemises de cyclisme Ton Merckx - Tour \u00e0 travers le monde des chemises de cyclisme","description":"des milliers de maillots de cyclisme originaux - commandez votre r\u00e9plique !","publisher":{"@id":"https:\/\/tonmerckxwielershirts.nl\/es\/#organization"},"potentialAction":[{"@type":"SearchAction","target":{"@type":"EntryPoint","urlTemplate":"https:\/\/tonmerckxwielershirts.nl\/es\/?s={search_term_string}"},"query-input":{"@type":"PropertyValueSpecification","valueRequired":true,"valueName":"search_term_string"}}],"inLanguage":"fr-FR"},{"@type":"Organization","@id":"https:\/\/tonmerckxwielershirts.nl\/es\/#organization","name":"Chemises de cyclisme Ton Merckx - Tour \u00e0 travers le monde des chemises de cyclisme","url":"https:\/\/tonmerckxwielershirts.nl\/es\/","logo":{"@type":"ImageObject","inLanguage":"fr-FR","@id":"https:\/\/tonmerckxwielershirts.nl\/es\/#\/schema\/logo\/image\/","url":"https:\/\/tonmerckxwielershirts.nl\/wp-content\/uploads\/2023\/03\/ton-merckx-logo.jpg","contentUrl":"https:\/\/tonmerckxwielershirts.nl\/wp-content\/uploads\/2023\/03\/ton-merckx-logo.jpg","width":391,"height":57,"caption":"Ton Merckx Wielershirts - Rondreis door de wereld van wielershirts"},"image":{"@id":"https:\/\/tonmerckxwielershirts.nl\/es\/#\/schema\/logo\/image\/"}}]}},"_links":{"self":[{"href":"https:\/\/tonmerckxwielershirts.nl\/fr\/wp-json\/wp\/v2\/product\/32282","targetHints":{"allow":["GET"]}}],"collection":[{"href":"https:\/\/tonmerckxwielershirts.nl\/fr\/wp-json\/wp\/v2\/product"}],"about":[{"href":"https:\/\/tonmerckxwielershirts.nl\/fr\/wp-json\/wp\/v2\/types\/product"}],"wp:featuredmedia":[{"embeddable":true,"href":"https:\/\/tonmerckxwielershirts.nl\/fr\/wp-json\/wp\/v2\/media\/32283"}],"wp:attachment":[{"href":"https:\/\/tonmerckxwielershirts.nl\/fr\/wp-json\/wp\/v2\/media?parent=32282"}],"wp:term":[{"taxonomy":"product_brand","embeddable":true,"href":"https:\/\/tonmerckxwielershirts.nl\/fr\/wp-json\/wp\/v2\/product_brand?post=32282"},{"taxonomy":"product_cat","embeddable":true,"href":"https:\/\/tonmerckxwielershirts.nl\/fr\/wp-json\/wp\/v2\/product_cat?post=32282"},{"taxonomy":"product_tag","embeddable":true,"href":"https:\/\/tonmerckxwielershirts.nl\/fr\/wp-json\/wp\/v2\/product_tag?post=32282"}],"curies":[{"name":"wp","href":"https:\/\/api.w.org\/{rel}","templated":true}]}}