{"id":33223,"date":"2025-10-29T13:08:18","date_gmt":"2025-10-29T12:08:18","guid":{"rendered":"https:\/\/tonmerckxwielershirts.nl\/?post_type=product&#038;p=33223"},"modified":"2026-01-28T12:00:19","modified_gmt":"2026-01-28T11:00:19","slug":"bas-dekker-couvreur-jan-janssen-1978-maillot-de-cyclisme","status":"publish","type":"product","link":"https:\/\/tonmerckxwielershirts.nl\/fr\/retro-wielershirt\/bas-dekker-dakbedekking-jan-janssen-1978-wielershirt\/","title":{"rendered":"BAS DEKKER COUVERTURE - T-SHIRT DE CYCLISME JAN JANSSEN 1978"},"content":{"rendered":"<p>TOITURE BAS DEKKER-JAN JANSSEN 1978<\/p>\n<p>L&#039;entreprise Bas Dekker Roofing \u00e9tait le sponsor priv\u00e9 de Wim de Wilde en 1978.<\/p>\n<p>Sur certaines photos, le nom de Jan Janssen est recouvert d&#039;un tissu jaune (voir photo ci-jointe).<\/p>\n<p>En 1977, Wim de Wilde roulait pour le m\u00eame sponsor, mais sous un nom diff\u00e9rent : BADEK.<\/p>\n<p>&nbsp;<\/p>","protected":false},"excerpt":{"rendered":"<p>BAS DEKKER ROOFING - JAN JANSSEN 1978. Bas Dekker Roofing \u00e9tait le sponsor priv\u00e9 de Wim de Wilde en 1978. Sur certaines photos, le nom de Jan Janssen est masqu\u00e9 par un tissu jaune (voir photo jointe). En 1977, Wim de Wilde courait pour le m\u00eame sponsor, mais sous un autre nom\u00a0: BADEK. &nbsp;<\/p>","protected":false},"featured_media":33233,"template":"","meta":[],"product_brand":[],"product_cat":[151],"product_tag":[],"class_list":{"0":"post-33223","1":"product","2":"type-product","3":"status-publish","4":"has-post-thumbnail","6":"product_cat-pro-team","8":"first","9":"onbackorder","10":"taxable","11":"shipping-taxable","12":"purchasable","13":"product-type-variable"},"yoast_head":"<!-- This site is optimized with the Yoast SEO plugin v27.4 - https:\/\/yoast.com\/product\/yoast-seo-wordpress\/ -->\n<title>BAS DEKKER DAKBEDEKKING-JAN JANSSEN 1978  WIELERSHIRT - Ton Merckx Wielershirts - Rondreis door de wereld van wielershirts<\/title>\n<meta name=\"robots\" content=\"index, follow, max-snippet:-1, max-image-preview:large, max-video-preview:-1\" \/>\n<link rel=\"canonical\" href=\"https:\/\/mail.originalcyclingjerseys.com\/de\/retro-radtrikot\/bas-dekker-dachdecker-jan-janssen-radtrikot-1978\/\" \/>\n<meta property=\"og:locale\" content=\"fr_FR\" \/>\n<meta property=\"og:type\" content=\"article\" \/>\n<meta property=\"og:title\" content=\"BAS DEKKER DAKBEDEKKING-JAN JANSSEN 1978  WIELERSHIRT - Ton Merckx Wielershirts - Rondreis door de wereld van wielershirts\" \/>\n<meta property=\"og:description\" content=\"BAS DEKKER DAKBEDEKKING-JAN JANSSEN 1978 Bas Dekker Dakbedekking was de privesponsor van Wim de Wilde in 1978. Op sommige fotos is de naam van Jan Janssen afgeplakt met gele stof (zie bijgevoegde foto) In 1977 reed Wim de Wilde voor dezelfde sponsor, alleen een andere naam BADEK. &nbsp;\" \/>\n<meta property=\"og:url\" content=\"https:\/\/mail.originalcyclingjerseys.com\/de\/retro-radtrikot\/bas-dekker-dachdecker-jan-janssen-radtrikot-1978\/\" \/>\n<meta property=\"og:site_name\" content=\"Ton Merckx Wielershirts - Rondreis door de wereld van wielershirts\" \/>\n<meta property=\"article:modified_time\" content=\"2026-01-28T11:00:19+00:00\" \/>\n<meta property=\"og:image\" content=\"https:\/\/mail.originalcyclingjerseys.com\/wp-content\/uploads\/2025\/10\/IMG_4023-scaled.jpg\" \/>\n\t<meta property=\"og:image:width\" content=\"1920\" \/>\n\t<meta property=\"og:image:height\" content=\"2560\" \/>\n\t<meta property=\"og:image:type\" content=\"image\/jpeg\" \/>\n<meta name=\"twitter:card\" content=\"summary_large_image\" \/>\n<meta name=\"twitter:label1\" content=\"Dur\u00e9e de lecture estim\u00e9e\" \/>\n\t<meta name=\"twitter:data1\" content=\"1 minute\" \/>\n<script type=\"application\/ld+json\" class=\"yoast-schema-graph\">{\"@context\":\"https:\\\/\\\/schema.org\",\"@graph\":[{\"@type\":\"WebPage\",\"@id\":\"https:\\\/\\\/mail.originalcyclingjerseys.com\\\/de\\\/retro-radtrikot\\\/bas-dekker-dachdecker-jan-janssen-radtrikot-1978\\\/\",\"url\":\"https:\\\/\\\/mail.originalcyclingjerseys.com\\\/de\\\/retro-radtrikot\\\/bas-dekker-dachdecker-jan-janssen-radtrikot-1978\\\/\",\"name\":\"BAS DEKKER DAKBEDEKKING-JAN JANSSEN 1978 WIELERSHIRT - Ton Merckx Wielershirts - Rondreis door de wereld van wielershirts\",\"isPartOf\":{\"@id\":\"https:\\\/\\\/tonmerckxwielershirts.nl\\\/de\\\/#website\"},\"primaryImageOfPage\":{\"@id\":\"https:\\\/\\\/mail.originalcyclingjerseys.com\\\/de\\\/retro-radtrikot\\\/bas-dekker-dachdecker-jan-janssen-radtrikot-1978\\\/#primaryimage\"},\"image\":{\"@id\":\"https:\\\/\\\/mail.originalcyclingjerseys.com\\\/de\\\/retro-radtrikot\\\/bas-dekker-dachdecker-jan-janssen-radtrikot-1978\\\/#primaryimage\"},\"thumbnailUrl\":\"https:\\\/\\\/tonmerckxwielershirts.nl\\\/wp-content\\\/uploads\\\/2025\\\/10\\\/IMG_4023-scaled.jpg\",\"datePublished\":\"2025-10-29T12:08:18+00:00\",\"dateModified\":\"2026-01-28T11:00:19+00:00\",\"breadcrumb\":{\"@id\":\"https:\\\/\\\/mail.originalcyclingjerseys.com\\\/de\\\/retro-radtrikot\\\/bas-dekker-dachdecker-jan-janssen-radtrikot-1978\\\/#breadcrumb\"},\"inLanguage\":\"fr-FR\",\"potentialAction\":[{\"@type\":\"ReadAction\",\"target\":[\"https:\\\/\\\/mail.originalcyclingjerseys.com\\\/de\\\/retro-radtrikot\\\/bas-dekker-dachdecker-jan-janssen-radtrikot-1978\\\/\"]}]},{\"@type\":\"ImageObject\",\"inLanguage\":\"fr-FR\",\"@id\":\"https:\\\/\\\/mail.originalcyclingjerseys.com\\\/de\\\/retro-radtrikot\\\/bas-dekker-dachdecker-jan-janssen-radtrikot-1978\\\/#primaryimage\",\"url\":\"https:\\\/\\\/tonmerckxwielershirts.nl\\\/wp-content\\\/uploads\\\/2025\\\/10\\\/IMG_4023-scaled.jpg\",\"contentUrl\":\"https:\\\/\\\/tonmerckxwielershirts.nl\\\/wp-content\\\/uploads\\\/2025\\\/10\\\/IMG_4023-scaled.jpg\",\"width\":1920,\"height\":2560,\"caption\":\"BAS DEKKER DAKBEDEKKING-JAN JANSSEN 1978\"},{\"@type\":\"BreadcrumbList\",\"@id\":\"https:\\\/\\\/mail.originalcyclingjerseys.com\\\/de\\\/retro-radtrikot\\\/bas-dekker-dachdecker-jan-janssen-radtrikot-1978\\\/#breadcrumb\",\"itemListElement\":[{\"@type\":\"ListItem\",\"position\":1,\"name\":\"Home\",\"item\":\"https:\\\/\\\/tonmerckxwielershirts.nl\\\/de\\\/\"},{\"@type\":\"ListItem\",\"position\":2,\"name\":\"Retro wielershirts\",\"item\":\"https:\\\/\\\/tonmerckxwielershirts.nl\\\/de\\\/retro-radtrikots\\\/\"},{\"@type\":\"ListItem\",\"position\":3,\"name\":\"BAS DEKKER DAKBEDEKKING-JAN JANSSEN 1978 WIELERSHIRT\"}]},{\"@type\":\"WebSite\",\"@id\":\"https:\\\/\\\/tonmerckxwielershirts.nl\\\/de\\\/#website\",\"url\":\"https:\\\/\\\/tonmerckxwielershirts.nl\\\/de\\\/\",\"name\":\"Ton Merckx Wielershirts - Rondreis door de wereld van wielershirts\",\"description\":\"thousands of original cycling jerseys - order your replica!\",\"publisher\":{\"@id\":\"https:\\\/\\\/tonmerckxwielershirts.nl\\\/de\\\/#organization\"},\"potentialAction\":[{\"@type\":\"SearchAction\",\"target\":{\"@type\":\"EntryPoint\",\"urlTemplate\":\"https:\\\/\\\/tonmerckxwielershirts.nl\\\/de\\\/?s={search_term_string}\"},\"query-input\":{\"@type\":\"PropertyValueSpecification\",\"valueRequired\":true,\"valueName\":\"search_term_string\"}}],\"inLanguage\":\"fr-FR\"},{\"@type\":\"Organization\",\"@id\":\"https:\\\/\\\/tonmerckxwielershirts.nl\\\/de\\\/#organization\",\"name\":\"Ton Merckx Wielershirts - Rondreis door de wereld van wielershirts\",\"url\":\"https:\\\/\\\/tonmerckxwielershirts.nl\\\/de\\\/\",\"logo\":{\"@type\":\"ImageObject\",\"inLanguage\":\"fr-FR\",\"@id\":\"https:\\\/\\\/tonmerckxwielershirts.nl\\\/de\\\/#\\\/schema\\\/logo\\\/image\\\/\",\"url\":\"https:\\\/\\\/tonmerckxwielershirts.nl\\\/wp-content\\\/uploads\\\/2023\\\/03\\\/ton-merckx-logo.jpg\",\"contentUrl\":\"https:\\\/\\\/tonmerckxwielershirts.nl\\\/wp-content\\\/uploads\\\/2023\\\/03\\\/ton-merckx-logo.jpg\",\"width\":391,\"height\":57,\"caption\":\"Ton Merckx Wielershirts - Rondreis door de wereld van wielershirts\"},\"image\":{\"@id\":\"https:\\\/\\\/tonmerckxwielershirts.nl\\\/de\\\/#\\\/schema\\\/logo\\\/image\\\/\"}}]}<\/script>\n<!-- \/ Yoast SEO plugin. -->","yoast_head_json":{"title":"BAS DEKKER ROOF COVERING - MAILLOT DE CYCLISME JAN JANSSEN 1978 - Maillots de cyclisme Ton Merckx - Tour du monde des maillots de cyclisme","robots":{"index":"index","follow":"follow","max-snippet":"max-snippet:-1","max-image-preview":"max-image-preview:large","max-video-preview":"max-video-preview:-1"},"canonical":"https:\/\/mail.originalcyclingjerseys.com\/de\/retro-radtrikot\/bas-dekker-dachdecker-jan-janssen-radtrikot-1978\/","og_locale":"fr_FR","og_type":"article","og_title":"BAS DEKKER DAKBEDEKKING-JAN JANSSEN 1978  WIELERSHIRT - Ton Merckx Wielershirts - Rondreis door de wereld van wielershirts","og_description":"BAS DEKKER DAKBEDEKKING-JAN JANSSEN 1978 Bas Dekker Dakbedekking was de privesponsor van Wim de Wilde in 1978. Op sommige fotos is de naam van Jan Janssen afgeplakt met gele stof (zie bijgevoegde foto) In 1977 reed Wim de Wilde voor dezelfde sponsor, alleen een andere naam BADEK. &nbsp;","og_url":"https:\/\/mail.originalcyclingjerseys.com\/de\/retro-radtrikot\/bas-dekker-dachdecker-jan-janssen-radtrikot-1978\/","og_site_name":"Ton Merckx Wielershirts - Rondreis door de wereld van wielershirts","article_modified_time":"2026-01-28T11:00:19+00:00","og_image":[{"width":1920,"height":2560,"url":"https:\/\/mail.originalcyclingjerseys.com\/wp-content\/uploads\/2025\/10\/IMG_4023-scaled.jpg","type":"image\/jpeg"}],"twitter_card":"summary_large_image","twitter_misc":{"Dur\u00e9e de lecture estim\u00e9e":"1 minute"},"schema":{"@context":"https:\/\/schema.org","@graph":[{"@type":"WebPage","@id":"https:\/\/mail.originalcyclingjerseys.com\/de\/retro-radtrikot\/bas-dekker-dachdecker-jan-janssen-radtrikot-1978\/","url":"https:\/\/mail.originalcyclingjerseys.com\/de\/retro-radtrikot\/bas-dekker-dachdecker-jan-janssen-radtrikot-1978\/","name":"Maillot de cyclisme Bas Dekker Roofing - Jan Janssen 1978 - Maillots de cyclisme Ton Merckx - Tour du monde des maillots de cyclisme","isPartOf":{"@id":"https:\/\/tonmerckxwielershirts.nl\/de\/#website"},"primaryImageOfPage":{"@id":"https:\/\/mail.originalcyclingjerseys.com\/de\/retro-radtrikot\/bas-dekker-dachdecker-jan-janssen-radtrikot-1978\/#primaryimage"},"image":{"@id":"https:\/\/mail.originalcyclingjerseys.com\/de\/retro-radtrikot\/bas-dekker-dachdecker-jan-janssen-radtrikot-1978\/#primaryimage"},"thumbnailUrl":"https:\/\/tonmerckxwielershirts.nl\/wp-content\/uploads\/2025\/10\/IMG_4023-scaled.jpg","datePublished":"2025-10-29T12:08:18+00:00","dateModified":"2026-01-28T11:00:19+00:00","breadcrumb":{"@id":"https:\/\/mail.originalcyclingjerseys.com\/de\/retro-radtrikot\/bas-dekker-dachdecker-jan-janssen-radtrikot-1978\/#breadcrumb"},"inLanguage":"fr-FR","potentialAction":[{"@type":"ReadAction","target":["https:\/\/mail.originalcyclingjerseys.com\/de\/retro-radtrikot\/bas-dekker-dachdecker-jan-janssen-radtrikot-1978\/"]}]},{"@type":"ImageObject","inLanguage":"fr-FR","@id":"https:\/\/mail.originalcyclingjerseys.com\/de\/retro-radtrikot\/bas-dekker-dachdecker-jan-janssen-radtrikot-1978\/#primaryimage","url":"https:\/\/tonmerckxwielershirts.nl\/wp-content\/uploads\/2025\/10\/IMG_4023-scaled.jpg","contentUrl":"https:\/\/tonmerckxwielershirts.nl\/wp-content\/uploads\/2025\/10\/IMG_4023-scaled.jpg","width":1920,"height":2560,"caption":"BAS DEKKER DAKBEDEKKING-JAN JANSSEN 1978"},{"@type":"BreadcrumbList","@id":"https:\/\/mail.originalcyclingjerseys.com\/de\/retro-radtrikot\/bas-dekker-dachdecker-jan-janssen-radtrikot-1978\/#breadcrumb","itemListElement":[{"@type":"ListItem","position":1,"name":"Home","item":"https:\/\/tonmerckxwielershirts.nl\/de\/"},{"@type":"ListItem","position":2,"name":"Retro wielershirts","item":"https:\/\/tonmerckxwielershirts.nl\/de\/retro-radtrikots\/"},{"@type":"ListItem","position":3,"name":"BAS DEKKER DAKBEDEKKING-JAN JANSSEN 1978 WIELERSHIRT"}]},{"@type":"WebSite","@id":"https:\/\/tonmerckxwielershirts.nl\/de\/#website","url":"https:\/\/tonmerckxwielershirts.nl\/de\/","name":"Chemises de cyclisme Ton Merckx - Tour \u00e0 travers le monde des chemises de cyclisme","description":"des milliers de maillots de cyclisme originaux - commandez votre r\u00e9plique !","publisher":{"@id":"https:\/\/tonmerckxwielershirts.nl\/de\/#organization"},"potentialAction":[{"@type":"SearchAction","target":{"@type":"EntryPoint","urlTemplate":"https:\/\/tonmerckxwielershirts.nl\/de\/?s={search_term_string}"},"query-input":{"@type":"PropertyValueSpecification","valueRequired":true,"valueName":"search_term_string"}}],"inLanguage":"fr-FR"},{"@type":"Organization","@id":"https:\/\/tonmerckxwielershirts.nl\/de\/#organization","name":"Chemises de cyclisme Ton Merckx - Tour \u00e0 travers le monde des chemises de cyclisme","url":"https:\/\/tonmerckxwielershirts.nl\/de\/","logo":{"@type":"ImageObject","inLanguage":"fr-FR","@id":"https:\/\/tonmerckxwielershirts.nl\/de\/#\/schema\/logo\/image\/","url":"https:\/\/tonmerckxwielershirts.nl\/wp-content\/uploads\/2023\/03\/ton-merckx-logo.jpg","contentUrl":"https:\/\/tonmerckxwielershirts.nl\/wp-content\/uploads\/2023\/03\/ton-merckx-logo.jpg","width":391,"height":57,"caption":"Ton Merckx Wielershirts - Rondreis door de wereld van wielershirts"},"image":{"@id":"https:\/\/tonmerckxwielershirts.nl\/de\/#\/schema\/logo\/image\/"}}]}},"_links":{"self":[{"href":"https:\/\/tonmerckxwielershirts.nl\/fr\/wp-json\/wp\/v2\/product\/33223","targetHints":{"allow":["GET"]}}],"collection":[{"href":"https:\/\/tonmerckxwielershirts.nl\/fr\/wp-json\/wp\/v2\/product"}],"about":[{"href":"https:\/\/tonmerckxwielershirts.nl\/fr\/wp-json\/wp\/v2\/types\/product"}],"wp:featuredmedia":[{"embeddable":true,"href":"https:\/\/tonmerckxwielershirts.nl\/fr\/wp-json\/wp\/v2\/media\/33233"}],"wp:attachment":[{"href":"https:\/\/tonmerckxwielershirts.nl\/fr\/wp-json\/wp\/v2\/media?parent=33223"}],"wp:term":[{"taxonomy":"product_brand","embeddable":true,"href":"https:\/\/tonmerckxwielershirts.nl\/fr\/wp-json\/wp\/v2\/product_brand?post=33223"},{"taxonomy":"product_cat","embeddable":true,"href":"https:\/\/tonmerckxwielershirts.nl\/fr\/wp-json\/wp\/v2\/product_cat?post=33223"},{"taxonomy":"product_tag","embeddable":true,"href":"https:\/\/tonmerckxwielershirts.nl\/fr\/wp-json\/wp\/v2\/product_tag?post=33223"}],"curies":[{"name":"wp","href":"https:\/\/api.w.org\/{rel}","templated":true}]}}