{"id":3567,"date":"2023-01-24T18:04:09","date_gmt":"2023-01-24T18:04:09","guid":{"rendered":"https:\/\/ton.connectingminds.net\/product\/canada-dry-gazelle\/"},"modified":"2026-01-28T12:02:29","modified_gmt":"2026-01-28T11:02:29","slug":"gazelle-seche-du-canada","status":"publish","type":"product","link":"https:\/\/tonmerckxwielershirts.nl\/fr\/retro-wielershirt\/canada-dry-gazelle\/","title":{"rendered":"CHEMISE DE CYCLISME CANADA DRY-GAZELLE 1973"},"content":{"rendered":"<p>CANADA DRY-GAZELLE 1973<\/p>\n<p>Cette chemise de cyclisme provient de l&#039;\u00e9quipe cycliste n\u00e9erlandaise Canada Dry \u2013 Gazelle. Cette \u00e9quipe cycliste professionnelle a \u00e9t\u00e9 fond\u00e9e en 1973 avec comme sponsors la marque de boissons gazeuses Canada Dry et la marque de v\u00e9los Gazelle. L&#039;\u00e9quipe a \u00e9t\u00e9 active dans le peloton professionnel pendant 1 saison et, sous la houlette du directeur sportif Ton Vissers, a particip\u00e9 \u00e0 de grandes comp\u00e9titions, dont les classiques et le Tour de France. L&#039;\u00e9quipe \u00e9tait compos\u00e9e d&#039;un m\u00e9lange de coureurs prometteurs et exp\u00e9riment\u00e9s. Y compris les coureurs \u00e0 succ\u00e8s Rini Wagtmans (victoires d&#039;\u00e9tapes du Tour de France) et Jan Krekels (victoire d&#039;\u00e9tapes du Tour de France 1971).<\/p>\n<p>En 1973, ils ont particip\u00e9 au Tour de France, mais ils n&#039;avaient effectivement pas assez de (bons) coureurs pour le Tour. C&#039;est pour cela que 2 coureurs ont \u00e9t\u00e9 engag\u00e9s au Portugal juste pour le Tour de France, personne ne savait les parler, ils ne parlaient pas anglais et ce n&#039;\u00e9tait pas une grande r\u00e9ussite. Apr\u00e8s la tourn\u00e9e, ils ont disparu dans l&#039;anonymat. Il s&#039;agissait de : Herculano de Oliveira et Jos\u00e9 Martins.<\/p>\n<p>Malgr\u00e9 une belle mixit\u00e9 de coureurs, l&#039;\u00e9quipe cycliste Canada Dry \u2013 Gazelle n&#039;a remport\u00e9 que 6 victoires.<\/p>\n<p><img fetchpriority=\"high\" decoding=\"async\" class=\"wp-image-29178 size-full aligncenter\" src=\"https:\/\/tonmerckxwielershirts.nl\/wp-content\/uploads\/2023\/01\/canadadry-gazelle-team-1973.jpg\" alt=\"\u00c9quipe cycliste Canada Dry - Gazelle - 1973\" width=\"709\" height=\"455\" srcset=\"https:\/\/tonmerckxwielershirts.nl\/wp-content\/uploads\/2023\/01\/canadadry-gazelle-team-1973.jpg 709w, https:\/\/tonmerckxwielershirts.nl\/wp-content\/uploads\/2023\/01\/canadadry-gazelle-team-1973-300x193.jpg 300w, https:\/\/tonmerckxwielershirts.nl\/wp-content\/uploads\/2023\/01\/canadadry-gazelle-team-1973-18x12.jpg 18w, https:\/\/tonmerckxwielershirts.nl\/wp-content\/uploads\/2023\/01\/canadadry-gazelle-team-1973-600x385.jpg 600w\" sizes=\"(max-width: 709px) 100vw, 709px\" \/><\/p>\n<p>Cyclistes :<\/p>\n<ul>\n<li>BRINKMAN janvier \u2013 23\/04\/1952<\/li>\n<li>BRUESSING Jules \u2013 10\/11\/1949<\/li>\n<li>LE ROI Mathijs \u2013 18\/03\/1949<br \/>\nL&#039;OLIVEIRA Herculano FERREIRA (Por ) \u2013 20\/04\/1946<\/li>\n<li>HARINGS G\u00e9rard \u00ab Ger \u00bb \u2013 25\/05\/1948<\/li>\n<li>HORDIJK Bas \u2013 25\/02\/1952<\/li>\n<li>JANBROERS Ben (Bernardus) \u2013 09\/09\/1948<\/li>\n<li>KELLENERS Wim \u2013 05\/09\/1950<\/li>\n<li>CUISINIERS Cees (Cornelis Catharina Adrianus) \u2013 29\/10\/1948<\/li>\n<li>CUISINE Ben (Hubertus Theodorus Marie) \u2013 08\/09\/1950<\/li>\n<li>GRILLONS Jan (Jan Jozef Alfons Franciscus) \u2013 26\/08\/1947<\/li>\n<li>MARTINS Jos\u00e9 FREITAS (Por ) \u2013 19\/09\/1951<\/li>\n<li>NOELS Ludovicus \u00ab Ludo \u00bb (Bel) \u2013 22\/12\/1951<\/li>\n<li>PRINCES Wim \u2013 03\/08\/1945<\/li>\n<li>PUSTJENS Johannes \u00ab Mathieu \u00bb (Johannes Mathias Gerardus) \u2013 20\/02\/1948<\/li>\n<li>SPETGENS Johan \u00ab Jan \u00bb \u2013 31\/01\/1947<\/li>\n<li>VAN DER LEEUW Th\u00e9o \u2013 04\/09\/1949<\/li>\n<li>VAN DER LOO Th\u00e9o \u2013 27\/04\/1949<\/li>\n<li>VAN LEEUWEN Harry \u2013 29\/07\/1945<\/li>\n<li>DU MILIEU Albert \u2013 22\/01\/1948<\/li>\n<li>DEPUIS POL Jo \u2013 19\/01\/1948<\/li>\n<li>VRANCKEN Jo \u2013 20\/11\/1948<\/li>\n<li>WAGTMANS Marinus \u00ab Rini \u00bb \u2013 26\/12\/1946<\/li>\n<li>ERRE Wim \u2013 06\/06\/1944<\/li>\n<\/ul>","protected":false},"excerpt":{"rendered":"<p>CANADA DRY-GAZELLE 1973 Dit wielershirt is van de Nederlandse wielerploeg Canada Dry &#8211; Gazelle. Dit professionele wielerteam ontstond 1973 met als sponsors het frisdrankenmerk Canada Dry en het fietsenmerk Gazelle. De ploeg was 1 seizoen actief in het profpeloton en nam onder de leiding van ploegleider Ton Vissers deel aan de grote wedstrijden, waaronder de [&hellip;]<\/p>\n","protected":false},"featured_media":33349,"template":"","meta":[],"product_brand":[],"product_cat":[151],"product_tag":[],"class_list":{"0":"post-3567","1":"product","2":"type-product","3":"status-publish","4":"has-post-thumbnail","6":"product_cat-pro-team","8":"first","9":"onbackorder","10":"taxable","11":"shipping-taxable","12":"purchasable","13":"product-type-variable"},"yoast_head":"<!-- This site is optimized with the Yoast SEO plugin v27.4 - https:\/\/yoast.com\/product\/yoast-seo-wordpress\/ -->\n<title>CANADA DRY-GAZELLE  1973  WIELERSHIRT - Ton Merckx Wielershirts - Rondreis door de wereld van wielershirts<\/title>\n<meta name=\"robots\" content=\"index, follow, max-snippet:-1, max-image-preview:large, max-video-preview:-1\" \/>\n<link rel=\"canonical\" href=\"https:\/\/mail.cyclingoriginals.com\/es\/maillot-ciclista-retro\/canada-dry-gazelle\/\" \/>\n<meta property=\"og:locale\" content=\"fr_FR\" \/>\n<meta property=\"og:type\" content=\"article\" \/>\n<meta property=\"og:title\" content=\"CANADA DRY-GAZELLE  1973  WIELERSHIRT - Ton Merckx Wielershirts - Rondreis door de wereld van wielershirts\" \/>\n<meta property=\"og:description\" content=\"CANADA DRY-GAZELLE 1973 Dit wielershirt is van de Nederlandse wielerploeg Canada Dry &#8211; Gazelle. Dit professionele wielerteam ontstond 1973 met als sponsors het frisdrankenmerk Canada Dry en het fietsenmerk Gazelle. De ploeg was 1 seizoen actief in het profpeloton en nam onder de leiding van ploegleider Ton Vissers deel aan de grote wedstrijden, waaronder de [&hellip;]\" \/>\n<meta property=\"og:url\" content=\"https:\/\/mail.cyclingoriginals.com\/es\/maillot-ciclista-retro\/canada-dry-gazelle\/\" \/>\n<meta property=\"og:site_name\" content=\"Ton Merckx Wielershirts - Rondreis door de wereld van wielershirts\" \/>\n<meta property=\"article:modified_time\" content=\"2026-01-28T11:02:29+00:00\" \/>\n<meta property=\"og:image\" content=\"https:\/\/mail.cyclingoriginals.com\/wp-content\/uploads\/2023\/01\/IMG_2195-scaled.jpg\" \/>\n\t<meta property=\"og:image:width\" content=\"1920\" \/>\n\t<meta property=\"og:image:height\" content=\"2560\" \/>\n\t<meta property=\"og:image:type\" content=\"image\/jpeg\" \/>\n<meta name=\"twitter:card\" content=\"summary_large_image\" \/>\n<meta name=\"twitter:label1\" content=\"Dur\u00e9e de lecture estim\u00e9e\" \/>\n\t<meta name=\"twitter:data1\" content=\"2 minutes\" \/>\n<script type=\"application\/ld+json\" class=\"yoast-schema-graph\">{\"@context\":\"https:\\\/\\\/schema.org\",\"@graph\":[{\"@type\":\"WebPage\",\"@id\":\"https:\\\/\\\/mail.cyclingoriginals.com\\\/es\\\/maillot-ciclista-retro\\\/canada-dry-gazelle\\\/\",\"url\":\"https:\\\/\\\/mail.cyclingoriginals.com\\\/es\\\/maillot-ciclista-retro\\\/canada-dry-gazelle\\\/\",\"name\":\"CANADA DRY-GAZELLE 1973 WIELERSHIRT - Ton Merckx Wielershirts - Rondreis door de wereld van wielershirts\",\"isPartOf\":{\"@id\":\"https:\\\/\\\/mail.ton-merckx-wielershirts.nl\\\/#website\"},\"primaryImageOfPage\":{\"@id\":\"https:\\\/\\\/mail.cyclingoriginals.com\\\/es\\\/maillot-ciclista-retro\\\/canada-dry-gazelle\\\/#primaryimage\"},\"image\":{\"@id\":\"https:\\\/\\\/mail.cyclingoriginals.com\\\/es\\\/maillot-ciclista-retro\\\/canada-dry-gazelle\\\/#primaryimage\"},\"thumbnailUrl\":\"https:\\\/\\\/tonmerckxwielershirts.nl\\\/wp-content\\\/uploads\\\/2023\\\/01\\\/IMG_2195-scaled.jpg\",\"datePublished\":\"2023-01-24T18:04:09+00:00\",\"dateModified\":\"2026-01-28T11:02:29+00:00\",\"breadcrumb\":{\"@id\":\"https:\\\/\\\/mail.cyclingoriginals.com\\\/es\\\/maillot-ciclista-retro\\\/canada-dry-gazelle\\\/#breadcrumb\"},\"inLanguage\":\"fr-FR\",\"potentialAction\":[{\"@type\":\"ReadAction\",\"target\":[\"https:\\\/\\\/mail.cyclingoriginals.com\\\/es\\\/maillot-ciclista-retro\\\/canada-dry-gazelle\\\/\"]}]},{\"@type\":\"ImageObject\",\"inLanguage\":\"fr-FR\",\"@id\":\"https:\\\/\\\/mail.cyclingoriginals.com\\\/es\\\/maillot-ciclista-retro\\\/canada-dry-gazelle\\\/#primaryimage\",\"url\":\"https:\\\/\\\/tonmerckxwielershirts.nl\\\/wp-content\\\/uploads\\\/2023\\\/01\\\/IMG_2195-scaled.jpg\",\"contentUrl\":\"https:\\\/\\\/tonmerckxwielershirts.nl\\\/wp-content\\\/uploads\\\/2023\\\/01\\\/IMG_2195-scaled.jpg\",\"width\":1920,\"height\":2560,\"caption\":\"CANADA DRY-GAZELLE 1973\"},{\"@type\":\"BreadcrumbList\",\"@id\":\"https:\\\/\\\/mail.cyclingoriginals.com\\\/es\\\/maillot-ciclista-retro\\\/canada-dry-gazelle\\\/#breadcrumb\",\"itemListElement\":[{\"@type\":\"ListItem\",\"position\":1,\"name\":\"Home\",\"item\":\"https:\\\/\\\/mail.ton-merckx-wielershirts.nl\\\/\"},{\"@type\":\"ListItem\",\"position\":2,\"name\":\"Retro wielershirts\",\"item\":\"https:\\\/\\\/mail.cyclingoriginals.com\\\/it\\\/maglie-da-ciclismo-retro\\\/\"},{\"@type\":\"ListItem\",\"position\":3,\"name\":\"CANADA DRY-GAZELLE 1973 WIELERSHIRT\"}]},{\"@type\":\"WebSite\",\"@id\":\"https:\\\/\\\/mail.ton-merckx-wielershirts.nl\\\/#website\",\"url\":\"https:\\\/\\\/mail.ton-merckx-wielershirts.nl\\\/\",\"name\":\"Ton Merckx Wielershirts - Rondreis door de wereld van wielershirts\",\"description\":\"thousands of original cycling jerseys - order your replica!\",\"publisher\":{\"@id\":\"https:\\\/\\\/mail.ton-merckx-wielershirts.nl\\\/#organization\"},\"potentialAction\":[{\"@type\":\"SearchAction\",\"target\":{\"@type\":\"EntryPoint\",\"urlTemplate\":\"https:\\\/\\\/mail.ton-merckx-wielershirts.nl\\\/?s={search_term_string}\"},\"query-input\":{\"@type\":\"PropertyValueSpecification\",\"valueRequired\":true,\"valueName\":\"search_term_string\"}}],\"inLanguage\":\"fr-FR\"},{\"@type\":\"Organization\",\"@id\":\"https:\\\/\\\/mail.ton-merckx-wielershirts.nl\\\/#organization\",\"name\":\"Ton Merckx Wielershirts - Rondreis door de wereld van wielershirts\",\"url\":\"https:\\\/\\\/mail.ton-merckx-wielershirts.nl\\\/\",\"logo\":{\"@type\":\"ImageObject\",\"inLanguage\":\"fr-FR\",\"@id\":\"https:\\\/\\\/mail.ton-merckx-wielershirts.nl\\\/#\\\/schema\\\/logo\\\/image\\\/\",\"url\":\"https:\\\/\\\/tonmerckxwielershirts.nl\\\/wp-content\\\/uploads\\\/2023\\\/03\\\/ton-merckx-logo.jpg\",\"contentUrl\":\"https:\\\/\\\/tonmerckxwielershirts.nl\\\/wp-content\\\/uploads\\\/2023\\\/03\\\/ton-merckx-logo.jpg\",\"width\":391,\"height\":57,\"caption\":\"Ton Merckx Wielershirts - Rondreis door de wereld van wielershirts\"},\"image\":{\"@id\":\"https:\\\/\\\/mail.ton-merckx-wielershirts.nl\\\/#\\\/schema\\\/logo\\\/image\\\/\"}}]}<\/script>\n<!-- \/ Yoast SEO plugin. -->","yoast_head_json":{"title":"CHEMISE DE CYCLISME CANADA DRY-GAZELLE 1973 - Maillots de cyclisme Ton Merckx - Tour \u00e0 travers le monde des maillots de cyclisme","robots":{"index":"index","follow":"follow","max-snippet":"max-snippet:-1","max-image-preview":"max-image-preview:large","max-video-preview":"max-video-preview:-1"},"canonical":"https:\/\/mail.cyclingoriginals.com\/es\/maillot-ciclista-retro\/canada-dry-gazelle\/","og_locale":"fr_FR","og_type":"article","og_title":"CANADA DRY-GAZELLE  1973  WIELERSHIRT - Ton Merckx Wielershirts - Rondreis door de wereld van wielershirts","og_description":"CANADA DRY-GAZELLE 1973 Dit wielershirt is van de Nederlandse wielerploeg Canada Dry &#8211; Gazelle. Dit professionele wielerteam ontstond 1973 met als sponsors het frisdrankenmerk Canada Dry en het fietsenmerk Gazelle. De ploeg was 1 seizoen actief in het profpeloton en nam onder de leiding van ploegleider Ton Vissers deel aan de grote wedstrijden, waaronder de [&hellip;]","og_url":"https:\/\/mail.cyclingoriginals.com\/es\/maillot-ciclista-retro\/canada-dry-gazelle\/","og_site_name":"Ton Merckx Wielershirts - Rondreis door de wereld van wielershirts","article_modified_time":"2026-01-28T11:02:29+00:00","og_image":[{"width":1920,"height":2560,"url":"https:\/\/mail.cyclingoriginals.com\/wp-content\/uploads\/2023\/01\/IMG_2195-scaled.jpg","type":"image\/jpeg"}],"twitter_card":"summary_large_image","twitter_misc":{"Dur\u00e9e de lecture estim\u00e9e":"2 minutes"},"schema":{"@context":"https:\/\/schema.org","@graph":[{"@type":"WebPage","@id":"https:\/\/mail.cyclingoriginals.com\/es\/maillot-ciclista-retro\/canada-dry-gazelle\/","url":"https:\/\/mail.cyclingoriginals.com\/es\/maillot-ciclista-retro\/canada-dry-gazelle\/","name":"CHEMISE DE CYCLISME CANADA DRY-GAZELLE 1973 - Maillots de cyclisme Ton Merckx - Tour \u00e0 travers le monde des maillots de cyclisme","isPartOf":{"@id":"https:\/\/mail.ton-merckx-wielershirts.nl\/#website"},"primaryImageOfPage":{"@id":"https:\/\/mail.cyclingoriginals.com\/es\/maillot-ciclista-retro\/canada-dry-gazelle\/#primaryimage"},"image":{"@id":"https:\/\/mail.cyclingoriginals.com\/es\/maillot-ciclista-retro\/canada-dry-gazelle\/#primaryimage"},"thumbnailUrl":"https:\/\/tonmerckxwielershirts.nl\/wp-content\/uploads\/2023\/01\/IMG_2195-scaled.jpg","datePublished":"2023-01-24T18:04:09+00:00","dateModified":"2026-01-28T11:02:29+00:00","breadcrumb":{"@id":"https:\/\/mail.cyclingoriginals.com\/es\/maillot-ciclista-retro\/canada-dry-gazelle\/#breadcrumb"},"inLanguage":"fr-FR","potentialAction":[{"@type":"ReadAction","target":["https:\/\/mail.cyclingoriginals.com\/es\/maillot-ciclista-retro\/canada-dry-gazelle\/"]}]},{"@type":"ImageObject","inLanguage":"fr-FR","@id":"https:\/\/mail.cyclingoriginals.com\/es\/maillot-ciclista-retro\/canada-dry-gazelle\/#primaryimage","url":"https:\/\/tonmerckxwielershirts.nl\/wp-content\/uploads\/2023\/01\/IMG_2195-scaled.jpg","contentUrl":"https:\/\/tonmerckxwielershirts.nl\/wp-content\/uploads\/2023\/01\/IMG_2195-scaled.jpg","width":1920,"height":2560,"caption":"CANADA DRY-GAZELLE 1973"},{"@type":"BreadcrumbList","@id":"https:\/\/mail.cyclingoriginals.com\/es\/maillot-ciclista-retro\/canada-dry-gazelle\/#breadcrumb","itemListElement":[{"@type":"ListItem","position":1,"name":"Home","item":"https:\/\/mail.ton-merckx-wielershirts.nl\/"},{"@type":"ListItem","position":2,"name":"Retro wielershirts","item":"https:\/\/mail.cyclingoriginals.com\/it\/maglie-da-ciclismo-retro\/"},{"@type":"ListItem","position":3,"name":"CANADA DRY-GAZELLE 1973 WIELERSHIRT"}]},{"@type":"WebSite","@id":"https:\/\/mail.ton-merckx-wielershirts.nl\/#website","url":"https:\/\/mail.ton-merckx-wielershirts.nl\/","name":"Chemises de cyclisme Ton Merckx - Tour \u00e0 travers le monde des chemises de cyclisme","description":"des milliers de maillots de cyclisme originaux - commandez votre r\u00e9plique !","publisher":{"@id":"https:\/\/mail.ton-merckx-wielershirts.nl\/#organization"},"potentialAction":[{"@type":"SearchAction","target":{"@type":"EntryPoint","urlTemplate":"https:\/\/mail.ton-merckx-wielershirts.nl\/?s={search_term_string}"},"query-input":{"@type":"PropertyValueSpecification","valueRequired":true,"valueName":"search_term_string"}}],"inLanguage":"fr-FR"},{"@type":"Organization","@id":"https:\/\/mail.ton-merckx-wielershirts.nl\/#organization","name":"Chemises de cyclisme Ton Merckx - Tour \u00e0 travers le monde des chemises de cyclisme","url":"https:\/\/mail.ton-merckx-wielershirts.nl\/","logo":{"@type":"ImageObject","inLanguage":"fr-FR","@id":"https:\/\/mail.ton-merckx-wielershirts.nl\/#\/schema\/logo\/image\/","url":"https:\/\/tonmerckxwielershirts.nl\/wp-content\/uploads\/2023\/03\/ton-merckx-logo.jpg","contentUrl":"https:\/\/tonmerckxwielershirts.nl\/wp-content\/uploads\/2023\/03\/ton-merckx-logo.jpg","width":391,"height":57,"caption":"Ton Merckx Wielershirts - Rondreis door de wereld van wielershirts"},"image":{"@id":"https:\/\/mail.ton-merckx-wielershirts.nl\/#\/schema\/logo\/image\/"}}]}},"_links":{"self":[{"href":"https:\/\/tonmerckxwielershirts.nl\/fr\/wp-json\/wp\/v2\/product\/3567","targetHints":{"allow":["GET"]}}],"collection":[{"href":"https:\/\/tonmerckxwielershirts.nl\/fr\/wp-json\/wp\/v2\/product"}],"about":[{"href":"https:\/\/tonmerckxwielershirts.nl\/fr\/wp-json\/wp\/v2\/types\/product"}],"wp:featuredmedia":[{"embeddable":true,"href":"https:\/\/tonmerckxwielershirts.nl\/fr\/wp-json\/wp\/v2\/media\/33349"}],"wp:attachment":[{"href":"https:\/\/tonmerckxwielershirts.nl\/fr\/wp-json\/wp\/v2\/media?parent=3567"}],"wp:term":[{"taxonomy":"product_brand","embeddable":true,"href":"https:\/\/tonmerckxwielershirts.nl\/fr\/wp-json\/wp\/v2\/product_brand?post=3567"},{"taxonomy":"product_cat","embeddable":true,"href":"https:\/\/tonmerckxwielershirts.nl\/fr\/wp-json\/wp\/v2\/product_cat?post=3567"},{"taxonomy":"product_tag","embeddable":true,"href":"https:\/\/tonmerckxwielershirts.nl\/fr\/wp-json\/wp\/v2\/product_tag?post=3567"}],"curies":[{"name":"wp","href":"https:\/\/api.w.org\/{rel}","templated":true}]}}