{"id":3957,"date":"2023-01-24T18:09:01","date_gmt":"2023-01-24T18:09:01","guid":{"rendered":"https:\/\/ton.connectingminds.net\/product\/nederlands-kampioensshirt-wim-dielissen\/"},"modified":"2026-01-28T12:02:06","modified_gmt":"2026-01-28T11:02:06","slug":"maillot-de-champion-des-pays-bas-wim-dielissen","status":"publish","type":"product","link":"https:\/\/tonmerckxwielershirts.nl\/fr\/retro-wielershirt\/nederlands-kampioensshirt-wim-dielissen\/","title":{"rendered":"CHAMPION N\u00c9ERLANDAIS (a) MAILLOT DE CYCLISME 1950"},"content":{"rendered":"<p>Maillot de champion des Pays-Bas de Wim Dielissen.<\/p>\n<p>Dans le magazine du club de l&#039;\u00e9poque du WV De Dommelstreek, j&#039;ai lu un article d&#039;un de nos membres qui travaillait comme plombier (j&#039;ai oubli\u00e9 son nom). Lors d&#039;un travail \u00e0 Huize Engelsbergen, il a vu une photo d&#039;un cycliste accroch\u00e9e dans le salon. En tant que cycliste, il \u00e9tait bien s\u00fbr curieux de savoir qu&#039;il s&#039;agissait du mari de Mme Dielissen.<\/p>\n<p>Quelques semaines plus tard, il l&#039;a interview\u00e9e pour le magazine du club, quand j&#039;ai lu qu&#039;il n&#039;\u00e9tait pas tr\u00e8s difficile en tant que facteur de retrouver Mme Dielissen, d&#039;autant plus que je livrais r\u00e9guli\u00e8rement le courrier \u00e0 Huize Engelsbergen. J&#039;ai donc mis une note au courrier avec une histoire sur ma collection et que mon p\u00e8re avait couru avec son mari.<\/p>\n<p>Apr\u00e8s quelques semaines, j&#039;ai re\u00e7u une r\u00e9ponse positive et peu de temps apr\u00e8s, j&#039;ai pris un caf\u00e9 avec Mme Dielissen, de belles histoires, etc., etc. J&#039;ai regard\u00e9 des photos sur la carri\u00e8re de son mari. Au bout d&#039;une heure et demie arrive la grande surprise, elle avait encore 2 maillots de championnat des ann\u00e9es 1950 de son mari WIM DIELISSEN et j&#039;en ai re\u00e7u 1 pour ma collection !!!!!!!!!!!!!<\/p>\n<p>Jusqu&#039;\u00e0 pr\u00e9sent, c&#039;est toujours la chemise la plus ancienne de ma collection.<\/p>","protected":false},"excerpt":{"rendered":"<p>Nederlands Kampioenshirt van Wim Dielissen. In het toenmalige clubblad van WV De Dommelstreek las ik een artikel van een van onze leden die werkzaam was als loodgieter (ben zijn naam even vergeten). Bij een klus in Huize Engelsbergen zag hij in de huiskamer een foto hangen van een wielrenner.\u00a0 Als wielrenner was hij daar natuurlijk [&hellip;]<\/p>\n","protected":false},"featured_media":3956,"template":"","meta":[],"product_brand":[],"product_cat":[151],"product_tag":[],"class_list":{"0":"post-3957","1":"product","2":"type-product","3":"status-publish","4":"has-post-thumbnail","6":"product_cat-pro-team","8":"first","9":"onbackorder","10":"taxable","11":"shipping-taxable","12":"purchasable","13":"product-type-variable"},"yoast_head":"<!-- This site is optimized with the Yoast SEO plugin v27.4 - https:\/\/yoast.com\/product\/yoast-seo-wordpress\/ -->\n<title>NEDERLANDS KAMPIOEN (a) 1950  WIELERSHIRT - Ton Merckx Wielershirts - Rondreis door de wereld van wielershirts<\/title>\n<meta name=\"robots\" content=\"index, follow, max-snippet:-1, max-image-preview:large, max-video-preview:-1\" \/>\n<link rel=\"canonical\" href=\"https:\/\/mail.originalcyclingjerseys.com\/retro-wielershirt\/nederlands-kampioensshirt-wim-dielissen\/\" \/>\n<meta property=\"og:locale\" content=\"fr_FR\" \/>\n<meta property=\"og:type\" content=\"article\" \/>\n<meta property=\"og:title\" content=\"NEDERLANDS KAMPIOEN (a) 1950  WIELERSHIRT - Ton Merckx Wielershirts - Rondreis door de wereld van wielershirts\" \/>\n<meta property=\"og:description\" content=\"Nederlands Kampioenshirt van Wim Dielissen. In het toenmalige clubblad van WV De Dommelstreek las ik een artikel van een van onze leden die werkzaam was als loodgieter (ben zijn naam even vergeten). Bij een klus in Huize Engelsbergen zag hij in de huiskamer een foto hangen van een wielrenner.\u00a0 Als wielrenner was hij daar natuurlijk [&hellip;]\" \/>\n<meta property=\"og:url\" content=\"https:\/\/mail.originalcyclingjerseys.com\/retro-wielershirt\/nederlands-kampioensshirt-wim-dielissen\/\" \/>\n<meta property=\"og:site_name\" content=\"Ton Merckx Wielershirts - Rondreis door de wereld van wielershirts\" \/>\n<meta property=\"article:modified_time\" content=\"2026-01-28T11:02:06+00:00\" \/>\n<meta property=\"og:image\" content=\"https:\/\/mail.originalcyclingjerseys.com\/wp-content\/uploads\/2023\/01\/SSA42821.jpg\" \/>\n\t<meta property=\"og:image:width\" content=\"1704\" \/>\n\t<meta property=\"og:image:height\" content=\"2272\" \/>\n\t<meta property=\"og:image:type\" content=\"image\/jpeg\" \/>\n<meta name=\"twitter:card\" content=\"summary_large_image\" \/>\n<meta name=\"twitter:label1\" content=\"Dur\u00e9e de lecture estim\u00e9e\" \/>\n\t<meta name=\"twitter:data1\" content=\"2 minutes\" \/>\n<script type=\"application\/ld+json\" class=\"yoast-schema-graph\">{\"@context\":\"https:\\\/\\\/schema.org\",\"@graph\":[{\"@type\":\"WebPage\",\"@id\":\"https:\\\/\\\/mail.originalcyclingjerseys.com\\\/retro-wielershirt\\\/nederlands-kampioensshirt-wim-dielissen\\\/\",\"url\":\"https:\\\/\\\/mail.originalcyclingjerseys.com\\\/retro-wielershirt\\\/nederlands-kampioensshirt-wim-dielissen\\\/\",\"name\":\"NEDERLANDS KAMPIOEN (a) 1950 WIELERSHIRT - Ton Merckx Wielershirts - Rondreis door de wereld van wielershirts\",\"isPartOf\":{\"@id\":\"https:\\\/\\\/mail.ton-merckx-wielershirts.nl\\\/#website\"},\"primaryImageOfPage\":{\"@id\":\"https:\\\/\\\/mail.originalcyclingjerseys.com\\\/retro-wielershirt\\\/nederlands-kampioensshirt-wim-dielissen\\\/#primaryimage\"},\"image\":{\"@id\":\"https:\\\/\\\/mail.originalcyclingjerseys.com\\\/retro-wielershirt\\\/nederlands-kampioensshirt-wim-dielissen\\\/#primaryimage\"},\"thumbnailUrl\":\"https:\\\/\\\/tonmerckxwielershirts.nl\\\/wp-content\\\/uploads\\\/2023\\\/01\\\/SSA42821.jpg\",\"datePublished\":\"2023-01-24T18:09:01+00:00\",\"dateModified\":\"2026-01-28T11:02:06+00:00\",\"breadcrumb\":{\"@id\":\"https:\\\/\\\/mail.originalcyclingjerseys.com\\\/retro-wielershirt\\\/nederlands-kampioensshirt-wim-dielissen\\\/#breadcrumb\"},\"inLanguage\":\"fr-FR\",\"potentialAction\":[{\"@type\":\"ReadAction\",\"target\":[\"https:\\\/\\\/mail.originalcyclingjerseys.com\\\/retro-wielershirt\\\/nederlands-kampioensshirt-wim-dielissen\\\/\"]}]},{\"@type\":\"ImageObject\",\"inLanguage\":\"fr-FR\",\"@id\":\"https:\\\/\\\/mail.originalcyclingjerseys.com\\\/retro-wielershirt\\\/nederlands-kampioensshirt-wim-dielissen\\\/#primaryimage\",\"url\":\"https:\\\/\\\/tonmerckxwielershirts.nl\\\/wp-content\\\/uploads\\\/2023\\\/01\\\/SSA42821.jpg\",\"contentUrl\":\"https:\\\/\\\/tonmerckxwielershirts.nl\\\/wp-content\\\/uploads\\\/2023\\\/01\\\/SSA42821.jpg\",\"width\":1704,\"height\":2272},{\"@type\":\"BreadcrumbList\",\"@id\":\"https:\\\/\\\/mail.originalcyclingjerseys.com\\\/retro-wielershirt\\\/nederlands-kampioensshirt-wim-dielissen\\\/#breadcrumb\",\"itemListElement\":[{\"@type\":\"ListItem\",\"position\":1,\"name\":\"Home\",\"item\":\"https:\\\/\\\/mail.ton-merckx-wielershirts.nl\\\/\"},{\"@type\":\"ListItem\",\"position\":2,\"name\":\"Retro wielershirts\",\"item\":\"https:\\\/\\\/mail.cyclingoriginals.com\\\/it\\\/maglie-da-ciclismo-retro\\\/\"},{\"@type\":\"ListItem\",\"position\":3,\"name\":\"NEDERLANDS KAMPIOEN (a) 1950 WIELERSHIRT\"}]},{\"@type\":\"WebSite\",\"@id\":\"https:\\\/\\\/mail.ton-merckx-wielershirts.nl\\\/#website\",\"url\":\"https:\\\/\\\/mail.ton-merckx-wielershirts.nl\\\/\",\"name\":\"Ton Merckx Wielershirts - Rondreis door de wereld van wielershirts\",\"description\":\"thousands of original cycling jerseys - order your replica!\",\"publisher\":{\"@id\":\"https:\\\/\\\/mail.ton-merckx-wielershirts.nl\\\/#organization\"},\"potentialAction\":[{\"@type\":\"SearchAction\",\"target\":{\"@type\":\"EntryPoint\",\"urlTemplate\":\"https:\\\/\\\/mail.ton-merckx-wielershirts.nl\\\/?s={search_term_string}\"},\"query-input\":{\"@type\":\"PropertyValueSpecification\",\"valueRequired\":true,\"valueName\":\"search_term_string\"}}],\"inLanguage\":\"fr-FR\"},{\"@type\":\"Organization\",\"@id\":\"https:\\\/\\\/mail.ton-merckx-wielershirts.nl\\\/#organization\",\"name\":\"Ton Merckx Wielershirts - Rondreis door de wereld van wielershirts\",\"url\":\"https:\\\/\\\/mail.ton-merckx-wielershirts.nl\\\/\",\"logo\":{\"@type\":\"ImageObject\",\"inLanguage\":\"fr-FR\",\"@id\":\"https:\\\/\\\/mail.ton-merckx-wielershirts.nl\\\/#\\\/schema\\\/logo\\\/image\\\/\",\"url\":\"https:\\\/\\\/tonmerckxwielershirts.nl\\\/wp-content\\\/uploads\\\/2023\\\/03\\\/ton-merckx-logo.jpg\",\"contentUrl\":\"https:\\\/\\\/tonmerckxwielershirts.nl\\\/wp-content\\\/uploads\\\/2023\\\/03\\\/ton-merckx-logo.jpg\",\"width\":391,\"height\":57,\"caption\":\"Ton Merckx Wielershirts - Rondreis door de wereld van wielershirts\"},\"image\":{\"@id\":\"https:\\\/\\\/mail.ton-merckx-wielershirts.nl\\\/#\\\/schema\\\/logo\\\/image\\\/\"}}]}<\/script>\n<!-- \/ Yoast SEO plugin. -->","yoast_head_json":{"title":"CHAMPION N\u00c9ERLANDAIS (a) MAILLOT DE CYCLISME 1950 - Maillots de cyclisme Ton Merckx - Tour \u00e0 travers le monde des maillots de cyclisme","robots":{"index":"index","follow":"follow","max-snippet":"max-snippet:-1","max-image-preview":"max-image-preview:large","max-video-preview":"max-video-preview:-1"},"canonical":"https:\/\/mail.originalcyclingjerseys.com\/retro-wielershirt\/nederlands-kampioensshirt-wim-dielissen\/","og_locale":"fr_FR","og_type":"article","og_title":"NEDERLANDS KAMPIOEN (a) 1950  WIELERSHIRT - Ton Merckx Wielershirts - Rondreis door de wereld van wielershirts","og_description":"Nederlands Kampioenshirt van Wim Dielissen. In het toenmalige clubblad van WV De Dommelstreek las ik een artikel van een van onze leden die werkzaam was als loodgieter (ben zijn naam even vergeten). Bij een klus in Huize Engelsbergen zag hij in de huiskamer een foto hangen van een wielrenner.\u00a0 Als wielrenner was hij daar natuurlijk [&hellip;]","og_url":"https:\/\/mail.originalcyclingjerseys.com\/retro-wielershirt\/nederlands-kampioensshirt-wim-dielissen\/","og_site_name":"Ton Merckx Wielershirts - Rondreis door de wereld van wielershirts","article_modified_time":"2026-01-28T11:02:06+00:00","og_image":[{"width":1704,"height":2272,"url":"https:\/\/mail.originalcyclingjerseys.com\/wp-content\/uploads\/2023\/01\/SSA42821.jpg","type":"image\/jpeg"}],"twitter_card":"summary_large_image","twitter_misc":{"Dur\u00e9e de lecture estim\u00e9e":"2 minutes"},"schema":{"@context":"https:\/\/schema.org","@graph":[{"@type":"WebPage","@id":"https:\/\/mail.originalcyclingjerseys.com\/retro-wielershirt\/nederlands-kampioensshirt-wim-dielissen\/","url":"https:\/\/mail.originalcyclingjerseys.com\/retro-wielershirt\/nederlands-kampioensshirt-wim-dielissen\/","name":"CHAMPION N\u00c9ERLANDAIS (a) MAILLOT DE CYCLISME 1950 - Maillots de cyclisme Ton Merckx - Tour \u00e0 travers le monde des maillots de cyclisme","isPartOf":{"@id":"https:\/\/mail.ton-merckx-wielershirts.nl\/#website"},"primaryImageOfPage":{"@id":"https:\/\/mail.originalcyclingjerseys.com\/retro-wielershirt\/nederlands-kampioensshirt-wim-dielissen\/#primaryimage"},"image":{"@id":"https:\/\/mail.originalcyclingjerseys.com\/retro-wielershirt\/nederlands-kampioensshirt-wim-dielissen\/#primaryimage"},"thumbnailUrl":"https:\/\/tonmerckxwielershirts.nl\/wp-content\/uploads\/2023\/01\/SSA42821.jpg","datePublished":"2023-01-24T18:09:01+00:00","dateModified":"2026-01-28T11:02:06+00:00","breadcrumb":{"@id":"https:\/\/mail.originalcyclingjerseys.com\/retro-wielershirt\/nederlands-kampioensshirt-wim-dielissen\/#breadcrumb"},"inLanguage":"fr-FR","potentialAction":[{"@type":"ReadAction","target":["https:\/\/mail.originalcyclingjerseys.com\/retro-wielershirt\/nederlands-kampioensshirt-wim-dielissen\/"]}]},{"@type":"ImageObject","inLanguage":"fr-FR","@id":"https:\/\/mail.originalcyclingjerseys.com\/retro-wielershirt\/nederlands-kampioensshirt-wim-dielissen\/#primaryimage","url":"https:\/\/tonmerckxwielershirts.nl\/wp-content\/uploads\/2023\/01\/SSA42821.jpg","contentUrl":"https:\/\/tonmerckxwielershirts.nl\/wp-content\/uploads\/2023\/01\/SSA42821.jpg","width":1704,"height":2272},{"@type":"BreadcrumbList","@id":"https:\/\/mail.originalcyclingjerseys.com\/retro-wielershirt\/nederlands-kampioensshirt-wim-dielissen\/#breadcrumb","itemListElement":[{"@type":"ListItem","position":1,"name":"Home","item":"https:\/\/mail.ton-merckx-wielershirts.nl\/"},{"@type":"ListItem","position":2,"name":"Retro wielershirts","item":"https:\/\/mail.cyclingoriginals.com\/it\/maglie-da-ciclismo-retro\/"},{"@type":"ListItem","position":3,"name":"NEDERLANDS KAMPIOEN (a) 1950 WIELERSHIRT"}]},{"@type":"WebSite","@id":"https:\/\/mail.ton-merckx-wielershirts.nl\/#website","url":"https:\/\/mail.ton-merckx-wielershirts.nl\/","name":"Chemises de cyclisme Ton Merckx - Tour \u00e0 travers le monde des chemises de cyclisme","description":"des milliers de maillots de cyclisme originaux - commandez votre r\u00e9plique !","publisher":{"@id":"https:\/\/mail.ton-merckx-wielershirts.nl\/#organization"},"potentialAction":[{"@type":"SearchAction","target":{"@type":"EntryPoint","urlTemplate":"https:\/\/mail.ton-merckx-wielershirts.nl\/?s={search_term_string}"},"query-input":{"@type":"PropertyValueSpecification","valueRequired":true,"valueName":"search_term_string"}}],"inLanguage":"fr-FR"},{"@type":"Organization","@id":"https:\/\/mail.ton-merckx-wielershirts.nl\/#organization","name":"Chemises de cyclisme Ton Merckx - Tour \u00e0 travers le monde des chemises de cyclisme","url":"https:\/\/mail.ton-merckx-wielershirts.nl\/","logo":{"@type":"ImageObject","inLanguage":"fr-FR","@id":"https:\/\/mail.ton-merckx-wielershirts.nl\/#\/schema\/logo\/image\/","url":"https:\/\/tonmerckxwielershirts.nl\/wp-content\/uploads\/2023\/03\/ton-merckx-logo.jpg","contentUrl":"https:\/\/tonmerckxwielershirts.nl\/wp-content\/uploads\/2023\/03\/ton-merckx-logo.jpg","width":391,"height":57,"caption":"Ton Merckx Wielershirts - Rondreis door de wereld van wielershirts"},"image":{"@id":"https:\/\/mail.ton-merckx-wielershirts.nl\/#\/schema\/logo\/image\/"}}]}},"_links":{"self":[{"href":"https:\/\/tonmerckxwielershirts.nl\/fr\/wp-json\/wp\/v2\/product\/3957","targetHints":{"allow":["GET"]}}],"collection":[{"href":"https:\/\/tonmerckxwielershirts.nl\/fr\/wp-json\/wp\/v2\/product"}],"about":[{"href":"https:\/\/tonmerckxwielershirts.nl\/fr\/wp-json\/wp\/v2\/types\/product"}],"wp:featuredmedia":[{"embeddable":true,"href":"https:\/\/tonmerckxwielershirts.nl\/fr\/wp-json\/wp\/v2\/media\/3956"}],"wp:attachment":[{"href":"https:\/\/tonmerckxwielershirts.nl\/fr\/wp-json\/wp\/v2\/media?parent=3957"}],"wp:term":[{"taxonomy":"product_brand","embeddable":true,"href":"https:\/\/tonmerckxwielershirts.nl\/fr\/wp-json\/wp\/v2\/product_brand?post=3957"},{"taxonomy":"product_cat","embeddable":true,"href":"https:\/\/tonmerckxwielershirts.nl\/fr\/wp-json\/wp\/v2\/product_cat?post=3957"},{"taxonomy":"product_tag","embeddable":true,"href":"https:\/\/tonmerckxwielershirts.nl\/fr\/wp-json\/wp\/v2\/product_tag?post=3957"}],"curies":[{"name":"wp","href":"https:\/\/api.w.org\/{rel}","templated":true}]}}