{"id":4071,"date":"2023-01-24T18:10:14","date_gmt":"2023-01-24T18:10:14","guid":{"rendered":"https:\/\/ton.connectingminds.net\/product\/pjdewit-snacks-koffieshop-frans-vrolijk-gazelle\/"},"modified":"2026-05-13T15:37:47","modified_gmt":"2026-05-13T13:37:47","slug":"pjdewit-snacks-cafe-francais-happy-gazelle","status":"publish","type":"product","link":"https:\/\/tonmerckxwielershirts.nl\/fr\/retro-wielershirt\/pjdewit-snacks-koffieshop-frans-vrolijk-gazelle\/","title":{"rendered":"PJ DE WIT SNACKS (b)-CAF\u00c9 FRANS VROLIJK-GAZELLE 1981 MAILLOT DE CYCLISME"},"content":{"rendered":"<p>PJ DE WIT SNACKS-CAF\u00c9 FRANS VROLIJK-GAZELLE 1981<\/p>\n<p>En 1981, le cycliste professionnel Martin Rietveld a couru pour PJ DE WIT SNACKS.<\/p>\n<p>Comme sur la photo pr\u00e9c\u00e9dente du site web, mais avec une chemise diff\u00e9rente de celle pr\u00e9sent\u00e9e ici.<\/p>\n<p>Dans un article paru en 1981 dans le magazine Wielersport (dont l&#039;article est reproduit ci-dessous), Martin Rietveld est photographi\u00e9 en tant que professionnel parmi les membres de l&#039;\u00e9quipe amateur PJ De Wit Snacks-Frans Vrolijk portant ce maillot.<\/p>\n<p><img decoding=\"async\" class=\"attachment-thumbnail size-thumbnail\" src=\"https:\/\/www.tonmerckxwielershirts.nl\/wp-content\/uploads\/2023\/01\/IMG_5060-150x150.jpg\" alt=\"\" width=\"150\" height=\"150\" \/> <img decoding=\"async\" src=\"https:\/\/www.tonmerckxwielershirts.nl\/wp-content\/uploads\/2023\/01\/IMG_5062-150x150.jpg\" \/><\/p>\n<p>&nbsp;<\/p>","protected":false},"excerpt":{"rendered":"<p>P.J. DE WIT SNACKS-KOFFIESHOP FRANS VROLIJK-GAZELLE 1981 In 1981 reed de individueel prof Martin Rietveld voor P.J. DE WIT SNACKS. Zoals op de vorige foto op de website in een ander shirt als het hier getoonde shirt. In een publicatie van het blad Wielersport uit 1981 (het artikel wat hieronder is geplaatst) staat Martin Rietveld [&hellip;]<\/p>\n","protected":false},"featured_media":178981,"template":"","meta":[],"product_brand":[],"product_cat":[151],"product_tag":[],"class_list":{"0":"post-4071","1":"product","2":"type-product","3":"status-publish","4":"has-post-thumbnail","6":"product_cat-pro-team","8":"first","9":"onbackorder","10":"taxable","11":"shipping-taxable","12":"purchasable","13":"product-type-variable"},"yoast_head":"<!-- This site is optimized with the Yoast SEO plugin v27.6 - https:\/\/yoast.com\/product\/yoast-seo-wordpress\/ -->\n<title>P.J. DE WIT SNACKS (b)-KOFFIESHOP FRANS VROLIJK-GAZELLE 1981 WIELERSHIRT - Ton Merckx Wielershirts - Rondreis door de wereld van wielershirts<\/title>\n<meta name=\"robots\" content=\"index, follow, max-snippet:-1, max-image-preview:large, max-video-preview:-1\" \/>\n<link rel=\"canonical\" href=\"https:\/\/ton.connectingminds.net\/es\/maillot-ciclista-retro\/cafeteria-de-aperitivos-pjdewit-gacela-feliz-francesa\/\" \/>\n<meta property=\"og:locale\" content=\"fr_FR\" \/>\n<meta property=\"og:type\" content=\"article\" \/>\n<meta property=\"og:title\" content=\"P.J. DE WIT SNACKS (b)-KOFFIESHOP FRANS VROLIJK-GAZELLE 1981 WIELERSHIRT - Ton Merckx Wielershirts - Rondreis door de wereld van wielershirts\" \/>\n<meta property=\"og:description\" content=\"P.J. DE WIT SNACKS-KOFFIESHOP FRANS VROLIJK-GAZELLE 1981 In 1981 reed de individueel prof Martin Rietveld voor P.J. DE WIT SNACKS. Zoals op de vorige foto op de website in een ander shirt als het hier getoonde shirt. In een publicatie van het blad Wielersport uit 1981 (het artikel wat hieronder is geplaatst) staat Martin Rietveld [&hellip;]\" \/>\n<meta property=\"og:url\" content=\"https:\/\/ton.connectingminds.net\/es\/maillot-ciclista-retro\/cafeteria-de-aperitivos-pjdewit-gacela-feliz-francesa\/\" \/>\n<meta property=\"og:site_name\" content=\"Ton Merckx Wielershirts - Rondreis door de wereld van wielershirts\" \/>\n<meta property=\"article:modified_time\" content=\"2026-05-13T13:37:47+00:00\" \/>\n<meta property=\"og:image\" content=\"https:\/\/ton.connectingminds.net\/wp-content\/uploads\/2023\/01\/IMG_20260510_080831-scaled.jpg\" \/>\n\t<meta property=\"og:image:width\" content=\"1920\" \/>\n\t<meta property=\"og:image:height\" content=\"2560\" \/>\n\t<meta property=\"og:image:type\" content=\"image\/jpeg\" \/>\n<meta name=\"twitter:card\" content=\"summary_large_image\" \/>\n<meta name=\"twitter:label1\" content=\"Dur\u00e9e de lecture estim\u00e9e\" \/>\n\t<meta name=\"twitter:data1\" content=\"1 minute\" \/>\n<script type=\"application\/ld+json\" class=\"yoast-schema-graph\">{\"@context\":\"https:\\\/\\\/schema.org\",\"@graph\":[{\"@type\":\"WebPage\",\"@id\":\"https:\\\/\\\/ton.connectingminds.net\\\/es\\\/maillot-ciclista-retro\\\/cafeteria-de-aperitivos-pjdewit-gacela-feliz-francesa\\\/\",\"url\":\"https:\\\/\\\/ton.connectingminds.net\\\/es\\\/maillot-ciclista-retro\\\/cafeteria-de-aperitivos-pjdewit-gacela-feliz-francesa\\\/\",\"name\":\"P.J. DE WIT SNACKS (b)-KOFFIESHOP FRANS VROLIJK-GAZELLE 1981 WIELERSHIRT - Ton Merckx Wielershirts - Rondreis door de wereld van wielershirts\",\"isPartOf\":{\"@id\":\"https:\\\/\\\/vintagecycling.store\\\/de\\\/#website\"},\"primaryImageOfPage\":{\"@id\":\"https:\\\/\\\/ton.connectingminds.net\\\/es\\\/maillot-ciclista-retro\\\/cafeteria-de-aperitivos-pjdewit-gacela-feliz-francesa\\\/#primaryimage\"},\"image\":{\"@id\":\"https:\\\/\\\/ton.connectingminds.net\\\/es\\\/maillot-ciclista-retro\\\/cafeteria-de-aperitivos-pjdewit-gacela-feliz-francesa\\\/#primaryimage\"},\"thumbnailUrl\":\"https:\\\/\\\/tonmerckxwielershirts.nl\\\/wp-content\\\/uploads\\\/2023\\\/01\\\/IMG_20260510_080831-scaled.jpg\",\"datePublished\":\"2023-01-24T18:10:14+00:00\",\"dateModified\":\"2026-05-13T13:37:47+00:00\",\"breadcrumb\":{\"@id\":\"https:\\\/\\\/ton.connectingminds.net\\\/es\\\/maillot-ciclista-retro\\\/cafeteria-de-aperitivos-pjdewit-gacela-feliz-francesa\\\/#breadcrumb\"},\"inLanguage\":\"fr-FR\",\"potentialAction\":[{\"@type\":\"ReadAction\",\"target\":[\"https:\\\/\\\/ton.connectingminds.net\\\/es\\\/maillot-ciclista-retro\\\/cafeteria-de-aperitivos-pjdewit-gacela-feliz-francesa\\\/\"]}]},{\"@type\":\"ImageObject\",\"inLanguage\":\"fr-FR\",\"@id\":\"https:\\\/\\\/ton.connectingminds.net\\\/es\\\/maillot-ciclista-retro\\\/cafeteria-de-aperitivos-pjdewit-gacela-feliz-francesa\\\/#primaryimage\",\"url\":\"https:\\\/\\\/tonmerckxwielershirts.nl\\\/wp-content\\\/uploads\\\/2023\\\/01\\\/IMG_20260510_080831-scaled.jpg\",\"contentUrl\":\"https:\\\/\\\/tonmerckxwielershirts.nl\\\/wp-content\\\/uploads\\\/2023\\\/01\\\/IMG_20260510_080831-scaled.jpg\",\"width\":1920,\"height\":2560,\"caption\":\"P.J. DE WIT SNACKS-KOFFIESHOP FRANS VROLIJK-GAZELLE 1981\"},{\"@type\":\"BreadcrumbList\",\"@id\":\"https:\\\/\\\/ton.connectingminds.net\\\/es\\\/maillot-ciclista-retro\\\/cafeteria-de-aperitivos-pjdewit-gacela-feliz-francesa\\\/#breadcrumb\",\"itemListElement\":[{\"@type\":\"ListItem\",\"position\":1,\"name\":\"Home\",\"item\":\"https:\\\/\\\/vintagecycling.store\\\/de\\\/\"},{\"@type\":\"ListItem\",\"position\":2,\"name\":\"Retro wielershirts\",\"item\":\"https:\\\/\\\/vintagecycling.store\\\/de\\\/retro-radtrikots\\\/\"},{\"@type\":\"ListItem\",\"position\":3,\"name\":\"P.J. DE WIT SNACKS (b)-KOFFIESHOP FRANS VROLIJK-GAZELLE 1981 WIELERSHIRT\"}]},{\"@type\":\"WebSite\",\"@id\":\"https:\\\/\\\/vintagecycling.store\\\/de\\\/#website\",\"url\":\"https:\\\/\\\/vintagecycling.store\\\/de\\\/\",\"name\":\"Ton Merckx Wielershirts - Rondreis door de wereld van wielershirts\",\"description\":\"thousands of original cycling jerseys - order your replica!\",\"publisher\":{\"@id\":\"https:\\\/\\\/vintagecycling.store\\\/de\\\/#organization\"},\"potentialAction\":[{\"@type\":\"SearchAction\",\"target\":{\"@type\":\"EntryPoint\",\"urlTemplate\":\"https:\\\/\\\/vintagecycling.store\\\/de\\\/?s={search_term_string}\"},\"query-input\":{\"@type\":\"PropertyValueSpecification\",\"valueRequired\":true,\"valueName\":\"search_term_string\"}}],\"inLanguage\":\"fr-FR\"},{\"@type\":\"Organization\",\"@id\":\"https:\\\/\\\/vintagecycling.store\\\/de\\\/#organization\",\"name\":\"Ton Merckx Wielershirts - Rondreis door de wereld van wielershirts\",\"url\":\"https:\\\/\\\/vintagecycling.store\\\/de\\\/\",\"logo\":{\"@type\":\"ImageObject\",\"inLanguage\":\"fr-FR\",\"@id\":\"https:\\\/\\\/vintagecycling.store\\\/de\\\/#\\\/schema\\\/logo\\\/image\\\/\",\"url\":\"https:\\\/\\\/tonmerckxwielershirts.nl\\\/wp-content\\\/uploads\\\/2023\\\/03\\\/ton-merckx-logo.jpg\",\"contentUrl\":\"https:\\\/\\\/tonmerckxwielershirts.nl\\\/wp-content\\\/uploads\\\/2023\\\/03\\\/ton-merckx-logo.jpg\",\"width\":391,\"height\":57,\"caption\":\"Ton Merckx Wielershirts - Rondreis door de wereld van wielershirts\"},\"image\":{\"@id\":\"https:\\\/\\\/vintagecycling.store\\\/de\\\/#\\\/schema\\\/logo\\\/image\\\/\"}}]}<\/script>\n<!-- \/ Yoast SEO plugin. -->","yoast_head_json":{"title":"PJ DE WIT SNACKS (b) - CAF\u00c9 FRANS VROLIJK - GAZELLE 1981 MAILLOT DE CYCLISME - Maillots de cyclisme Ton Merckx - Un voyage \u00e0 travers le monde des maillots de cyclisme","robots":{"index":"index","follow":"follow","max-snippet":"max-snippet:-1","max-image-preview":"max-image-preview:large","max-video-preview":"max-video-preview:-1"},"canonical":"https:\/\/ton.connectingminds.net\/es\/maillot-ciclista-retro\/cafeteria-de-aperitivos-pjdewit-gacela-feliz-francesa\/","og_locale":"fr_FR","og_type":"article","og_title":"P.J. DE WIT SNACKS (b)-KOFFIESHOP FRANS VROLIJK-GAZELLE 1981 WIELERSHIRT - Ton Merckx Wielershirts - Rondreis door de wereld van wielershirts","og_description":"P.J. DE WIT SNACKS-KOFFIESHOP FRANS VROLIJK-GAZELLE 1981 In 1981 reed de individueel prof Martin Rietveld voor P.J. DE WIT SNACKS. Zoals op de vorige foto op de website in een ander shirt als het hier getoonde shirt. In een publicatie van het blad Wielersport uit 1981 (het artikel wat hieronder is geplaatst) staat Martin Rietveld [&hellip;]","og_url":"https:\/\/ton.connectingminds.net\/es\/maillot-ciclista-retro\/cafeteria-de-aperitivos-pjdewit-gacela-feliz-francesa\/","og_site_name":"Ton Merckx Wielershirts - Rondreis door de wereld van wielershirts","article_modified_time":"2026-05-13T13:37:47+00:00","og_image":[{"width":1920,"height":2560,"url":"https:\/\/ton.connectingminds.net\/wp-content\/uploads\/2023\/01\/IMG_20260510_080831-scaled.jpg","type":"image\/jpeg"}],"twitter_card":"summary_large_image","twitter_misc":{"Dur\u00e9e de lecture estim\u00e9e":"1 minute"},"schema":{"@context":"https:\/\/schema.org","@graph":[{"@type":"WebPage","@id":"https:\/\/ton.connectingminds.net\/es\/maillot-ciclista-retro\/cafeteria-de-aperitivos-pjdewit-gacela-feliz-francesa\/","url":"https:\/\/ton.connectingminds.net\/es\/maillot-ciclista-retro\/cafeteria-de-aperitivos-pjdewit-gacela-feliz-francesa\/","name":"PJ DE WIT SNACKS (b) - CAF\u00c9 FRANS VROLIJK - GAZELLE 1981 MAILLOT DE CYCLISME - Maillots de cyclisme Ton Merckx - Un voyage \u00e0 travers le monde des maillots de cyclisme","isPartOf":{"@id":"https:\/\/vintagecycling.store\/de\/#website"},"primaryImageOfPage":{"@id":"https:\/\/ton.connectingminds.net\/es\/maillot-ciclista-retro\/cafeteria-de-aperitivos-pjdewit-gacela-feliz-francesa\/#primaryimage"},"image":{"@id":"https:\/\/ton.connectingminds.net\/es\/maillot-ciclista-retro\/cafeteria-de-aperitivos-pjdewit-gacela-feliz-francesa\/#primaryimage"},"thumbnailUrl":"https:\/\/tonmerckxwielershirts.nl\/wp-content\/uploads\/2023\/01\/IMG_20260510_080831-scaled.jpg","datePublished":"2023-01-24T18:10:14+00:00","dateModified":"2026-05-13T13:37:47+00:00","breadcrumb":{"@id":"https:\/\/ton.connectingminds.net\/es\/maillot-ciclista-retro\/cafeteria-de-aperitivos-pjdewit-gacela-feliz-francesa\/#breadcrumb"},"inLanguage":"fr-FR","potentialAction":[{"@type":"ReadAction","target":["https:\/\/ton.connectingminds.net\/es\/maillot-ciclista-retro\/cafeteria-de-aperitivos-pjdewit-gacela-feliz-francesa\/"]}]},{"@type":"ImageObject","inLanguage":"fr-FR","@id":"https:\/\/ton.connectingminds.net\/es\/maillot-ciclista-retro\/cafeteria-de-aperitivos-pjdewit-gacela-feliz-francesa\/#primaryimage","url":"https:\/\/tonmerckxwielershirts.nl\/wp-content\/uploads\/2023\/01\/IMG_20260510_080831-scaled.jpg","contentUrl":"https:\/\/tonmerckxwielershirts.nl\/wp-content\/uploads\/2023\/01\/IMG_20260510_080831-scaled.jpg","width":1920,"height":2560,"caption":"P.J. DE WIT SNACKS-KOFFIESHOP FRANS VROLIJK-GAZELLE 1981"},{"@type":"BreadcrumbList","@id":"https:\/\/ton.connectingminds.net\/es\/maillot-ciclista-retro\/cafeteria-de-aperitivos-pjdewit-gacela-feliz-francesa\/#breadcrumb","itemListElement":[{"@type":"ListItem","position":1,"name":"Home","item":"https:\/\/vintagecycling.store\/de\/"},{"@type":"ListItem","position":2,"name":"Retro wielershirts","item":"https:\/\/vintagecycling.store\/de\/retro-radtrikots\/"},{"@type":"ListItem","position":3,"name":"P.J. DE WIT SNACKS (b)-KOFFIESHOP FRANS VROLIJK-GAZELLE 1981 WIELERSHIRT"}]},{"@type":"WebSite","@id":"https:\/\/vintagecycling.store\/de\/#website","url":"https:\/\/vintagecycling.store\/de\/","name":"Chemises de cyclisme Ton Merckx - Tour \u00e0 travers le monde des chemises de cyclisme","description":"des milliers de maillots de cyclisme originaux - commandez votre r\u00e9plique !","publisher":{"@id":"https:\/\/vintagecycling.store\/de\/#organization"},"potentialAction":[{"@type":"SearchAction","target":{"@type":"EntryPoint","urlTemplate":"https:\/\/vintagecycling.store\/de\/?s={search_term_string}"},"query-input":{"@type":"PropertyValueSpecification","valueRequired":true,"valueName":"search_term_string"}}],"inLanguage":"fr-FR"},{"@type":"Organization","@id":"https:\/\/vintagecycling.store\/de\/#organization","name":"Chemises de cyclisme Ton Merckx - Tour \u00e0 travers le monde des chemises de cyclisme","url":"https:\/\/vintagecycling.store\/de\/","logo":{"@type":"ImageObject","inLanguage":"fr-FR","@id":"https:\/\/vintagecycling.store\/de\/#\/schema\/logo\/image\/","url":"https:\/\/tonmerckxwielershirts.nl\/wp-content\/uploads\/2023\/03\/ton-merckx-logo.jpg","contentUrl":"https:\/\/tonmerckxwielershirts.nl\/wp-content\/uploads\/2023\/03\/ton-merckx-logo.jpg","width":391,"height":57,"caption":"Ton Merckx Wielershirts - Rondreis door de wereld van wielershirts"},"image":{"@id":"https:\/\/vintagecycling.store\/de\/#\/schema\/logo\/image\/"}}]}},"_links":{"self":[{"href":"https:\/\/tonmerckxwielershirts.nl\/fr\/wp-json\/wp\/v2\/product\/4071","targetHints":{"allow":["GET"]}}],"collection":[{"href":"https:\/\/tonmerckxwielershirts.nl\/fr\/wp-json\/wp\/v2\/product"}],"about":[{"href":"https:\/\/tonmerckxwielershirts.nl\/fr\/wp-json\/wp\/v2\/types\/product"}],"wp:featuredmedia":[{"embeddable":true,"href":"https:\/\/tonmerckxwielershirts.nl\/fr\/wp-json\/wp\/v2\/media\/178981"}],"wp:attachment":[{"href":"https:\/\/tonmerckxwielershirts.nl\/fr\/wp-json\/wp\/v2\/media?parent=4071"}],"wp:term":[{"taxonomy":"product_brand","embeddable":true,"href":"https:\/\/tonmerckxwielershirts.nl\/fr\/wp-json\/wp\/v2\/product_brand?post=4071"},{"taxonomy":"product_cat","embeddable":true,"href":"https:\/\/tonmerckxwielershirts.nl\/fr\/wp-json\/wp\/v2\/product_cat?post=4071"},{"taxonomy":"product_tag","embeddable":true,"href":"https:\/\/tonmerckxwielershirts.nl\/fr\/wp-json\/wp\/v2\/product_tag?post=4071"}],"curies":[{"name":"wp","href":"https:\/\/api.w.org\/{rel}","templated":true}]}}