{"id":4259,"date":"2023-01-24T18:12:15","date_gmt":"2023-01-24T18:12:15","guid":{"rendered":"https:\/\/ton.connectingminds.net\/product\/televizier-batavus-jack\/"},"modified":"2026-01-28T12:01:49","modified_gmt":"2026-01-28T11:01:49","slug":"veste-tv-batavus","status":"publish","type":"product","link":"https:\/\/tonmerckxwielershirts.nl\/fr\/retro-wielershirt\/televizier-batavus-jack\/","title":{"rendered":"VESTE CYCLISME TELEVIZIER-BATAVUS 1964\/1967"},"content":{"rendered":"<p><strong>TELEVIZIER-BATAVUS\u00a0: la meilleure \u00e9quipe cycliste n\u00e9erlandaise des ann\u00e9es\u00a060<\/strong><\/p>\n<p>TELEVIZIER-BATAVUS a commenc\u00e9 en 1961 en tant que petite \u00e9quipe cycliste avec Televizier comme sponsor, \u00e9galement en 1964, l&#039;ancien cycliste Kees Pellenaars est devenu chef d&#039;\u00e9quipe, il a d\u00e9velopp\u00e9 l&#039;\u00e9quipe en une \u00e9quipe cycliste performante et tr\u00e8s professionnelle.<\/p>\n<div id=\"attachment_27466\" style=\"width: 208px\" class=\"wp-caption aligncenter\"><img fetchpriority=\"high\" decoding=\"async\" aria-describedby=\"caption-attachment-27466\" class=\"wp-image-27466 size-medium\" src=\"https:\/\/cycling-originals.com\/wp-content\/uploads\/2023\/01\/Televizier-Kees-Pellenaars-Nationaal-Archief-foto-Ron-Kroon-198x300.jpg\" alt=\"Kees Pellenaars - Televizier-Batavus\" width=\"198\" height=\"300\" srcset=\"https:\/\/tonmerckxwielershirts.nl\/wp-content\/uploads\/2023\/01\/Televizier-Kees-Pellenaars-Nationaal-Archief-foto-Ron-Kroon-198x300.jpg 198w, https:\/\/tonmerckxwielershirts.nl\/wp-content\/uploads\/2023\/01\/Televizier-Kees-Pellenaars-Nationaal-Archief-foto-Ron-Kroon-scaled-600x910.jpg 600w, https:\/\/tonmerckxwielershirts.nl\/wp-content\/uploads\/2023\/01\/Televizier-Kees-Pellenaars-Nationaal-Archief-foto-Ron-Kroon-675x1024.jpg 675w, https:\/\/tonmerckxwielershirts.nl\/wp-content\/uploads\/2023\/01\/Televizier-Kees-Pellenaars-Nationaal-Archief-foto-Ron-Kroon-768x1164.jpg 768w, https:\/\/tonmerckxwielershirts.nl\/wp-content\/uploads\/2023\/01\/Televizier-Kees-Pellenaars-Nationaal-Archief-foto-Ron-Kroon-1013x1536.jpg 1013w, https:\/\/tonmerckxwielershirts.nl\/wp-content\/uploads\/2023\/01\/Televizier-Kees-Pellenaars-Nationaal-Archief-foto-Ron-Kroon-1351x2048.jpg 1351w, https:\/\/tonmerckxwielershirts.nl\/wp-content\/uploads\/2023\/01\/Televizier-Kees-Pellenaars-Nationaal-Archief-foto-Ron-Kroon-8x12.jpg 8w, https:\/\/tonmerckxwielershirts.nl\/wp-content\/uploads\/2023\/01\/Televizier-Kees-Pellenaars-Nationaal-Archief-foto-Ron-Kroon-scaled.jpg 1688w\" sizes=\"(max-width: 198px) 100vw, 198px\" \/><p id=\"caption-attachment-27466\" class=\"wp-caption-text\"><em>Kees Pelenaars<\/em><\/p><\/div>\n<p>En 1966 et 1967, l&#039;\u00e9quipe Pellenaars roule sous le nom de TELEVIZIER-BATAVUS, devenant l&#039;une des \u00e9quipes n\u00e9erlandaises les plus titr\u00e9es du cyclisme professionnel. L&#039;\u00e9quipe a \u00e9t\u00e9 fond\u00e9e en 1966 en tant que joint-venture entre le guide de t\u00e9l\u00e9vision n\u00e9erlandais Televizier et le fabricant de v\u00e9los n\u00e9erlandais Batavus.<\/p>\n<p>L&#039;\u00e9quipe \u00e9tait compos\u00e9e d&#039;un certain nombre de jeunes coureurs prometteurs tels que le canon de sprint Gerben Karstens, Jos Van Der Vleuten, Cees Haast, Henk Nijdam et Jo de Roo. L&#039;\u00e9quipe est rapidement devenue l&#039;une des \u00e9quipes les plus fortes du peloton et a remport\u00e9 plusieurs courses importantes, dont le Tour des Pays-Bas et le Tour de Belgique. En 1966 l&#039;\u00e9quipe est aussi fortement pr\u00e9sente sur le Tour de France et en 1967 sur la Vuelta.<\/p>\n<div id=\"attachment_27467\" style=\"width: 310px\" class=\"wp-caption aligncenter\"><img decoding=\"async\" aria-describedby=\"caption-attachment-27467\" class=\"size-medium wp-image-27467\" src=\"https:\/\/cycling-originals.com\/wp-content\/uploads\/2023\/01\/televizier-batavus-teamcard-1966g-300x188.jpg\" alt=\"Televizier Batavus 1966\" width=\"300\" height=\"188\" srcset=\"https:\/\/tonmerckxwielershirts.nl\/wp-content\/uploads\/2023\/01\/televizier-batavus-teamcard-1966g-300x188.jpg 300w, https:\/\/tonmerckxwielershirts.nl\/wp-content\/uploads\/2023\/01\/televizier-batavus-teamcard-1966g-600x377.jpg 600w, https:\/\/tonmerckxwielershirts.nl\/wp-content\/uploads\/2023\/01\/televizier-batavus-teamcard-1966g-768x482.jpg 768w, https:\/\/tonmerckxwielershirts.nl\/wp-content\/uploads\/2023\/01\/televizier-batavus-teamcard-1966g-18x12.jpg 18w, https:\/\/tonmerckxwielershirts.nl\/wp-content\/uploads\/2023\/01\/televizier-batavus-teamcard-1966g.jpg 828w\" sizes=\"(max-width: 300px) 100vw, 300px\" \/><p id=\"caption-attachment-27467\" class=\"wp-caption-text\"><em>Televizier Batavus 1966<\/em><\/p><\/div>\n<p>Le succ\u00e8s de TELEVIZIER-BATAVUS n&#039;est pas seulement d\u00fb aux r\u00e9alisations individuelles. L&#039;\u00e9quipe \u00e9tait \u00e9galement connue pour son travail d&#039;\u00e9quipe solide et soud\u00e9, les coureurs s&#039;entraidant pour gagner. L&#039;\u00e9quipe avait un train de sprint solide, ce qui a permis \u00e0 Karstens de remporter de nombreuses victoires.<\/p>\n<p>Il s&#039;agit de la veste de cyclisme originale Televizier-Batavus de 1966.<\/p>\n<p style=\"text-align: center;\"><img decoding=\"async\" class=\"alignnone wp-image-31904 size-large\" src=\"https:\/\/tonmerckxwielershirts.nl\/wp-content\/uploads\/2023\/01\/televizier-batavus-team-1024x675.jpg\" alt=\"t\u00e9l\u00e9vision\" width=\"1024\" height=\"675\" srcset=\"https:\/\/tonmerckxwielershirts.nl\/wp-content\/uploads\/2023\/01\/televizier-batavus-team-1024x675.jpg 1024w, https:\/\/tonmerckxwielershirts.nl\/wp-content\/uploads\/2023\/01\/televizier-batavus-team-300x198.jpg 300w, https:\/\/tonmerckxwielershirts.nl\/wp-content\/uploads\/2023\/01\/televizier-batavus-team-768x507.jpg 768w, https:\/\/tonmerckxwielershirts.nl\/wp-content\/uploads\/2023\/01\/televizier-batavus-team-1536x1013.jpg 1536w, https:\/\/tonmerckxwielershirts.nl\/wp-content\/uploads\/2023\/01\/televizier-batavus-team-2048x1351.jpg 2048w, https:\/\/tonmerckxwielershirts.nl\/wp-content\/uploads\/2023\/01\/televizier-batavus-team-18x12.jpg 18w, https:\/\/tonmerckxwielershirts.nl\/wp-content\/uploads\/2023\/01\/televizier-batavus-team-600x396.jpg 600w\" sizes=\"(max-width: 1024px) 100vw, 1024px\" \/><\/p>","protected":false},"excerpt":{"rendered":"<p>TELEVIZIER-BATAVUS: De Nederlandse Top Wielerploeg uit de Jaren 60 TELEVIZIER-BATAVUS startte in 1961 als kleine wielerploeg met als sponsor Televizier, ook in 1964 werd voormalig wielrenner Kees Pellenaars ploegleider, hij bouwde de ploeg uit naar een succesvolle en zeer professionele wielerploeg. In 1966 en 1967 reed de ploeg van Pellenaars onder de naam TELEVIZIER-BATAVUS, het [&hellip;]<\/p>\n","protected":false},"featured_media":4258,"template":"","meta":[],"product_brand":[],"product_cat":[151],"product_tag":[],"class_list":{"0":"post-4259","1":"product","2":"type-product","3":"status-publish","4":"has-post-thumbnail","6":"product_cat-pro-team","8":"first","9":"onbackorder","10":"taxable","11":"shipping-taxable","12":"purchasable","13":"product-type-variable"},"yoast_head":"<!-- This site is optimized with the Yoast SEO plugin v27.4 - https:\/\/yoast.com\/product\/yoast-seo-wordpress\/ -->\n<title>TELEVIZIER-BATAVUS   1964\/1967   WIELERJACK - Ton Merckx Wielershirts - Rondreis door de wereld van wielershirts<\/title>\n<meta name=\"robots\" content=\"index, follow, max-snippet:-1, max-image-preview:large, max-video-preview:-1\" \/>\n<link rel=\"canonical\" href=\"https:\/\/mail.ton-merckx-wielershirts.nl\/retro-wielershirt\/televizier-batavus-jack\/\" \/>\n<meta property=\"og:locale\" content=\"fr_FR\" \/>\n<meta property=\"og:type\" content=\"article\" \/>\n<meta property=\"og:title\" content=\"TELEVIZIER-BATAVUS   1964\/1967   WIELERJACK - Ton Merckx Wielershirts - Rondreis door de wereld van wielershirts\" \/>\n<meta property=\"og:description\" content=\"TELEVIZIER-BATAVUS: De Nederlandse Top Wielerploeg uit de Jaren 60 TELEVIZIER-BATAVUS startte in 1961 als kleine wielerploeg met als sponsor Televizier, ook in 1964 werd voormalig wielrenner Kees Pellenaars ploegleider, hij bouwde de ploeg uit naar een succesvolle en zeer professionele wielerploeg. In 1966 en 1967 reed de ploeg van Pellenaars onder de naam TELEVIZIER-BATAVUS, het [&hellip;]\" \/>\n<meta property=\"og:url\" content=\"https:\/\/mail.ton-merckx-wielershirts.nl\/retro-wielershirt\/televizier-batavus-jack\/\" \/>\n<meta property=\"og:site_name\" content=\"Ton Merckx Wielershirts - Rondreis door de wereld van wielershirts\" \/>\n<meta property=\"article:modified_time\" content=\"2026-01-28T11:01:49+00:00\" \/>\n<meta property=\"og:image\" content=\"https:\/\/mail.ton-merckx-wielershirts.nl\/wp-content\/uploads\/2023\/01\/SSA42741.jpg\" \/>\n\t<meta property=\"og:image:width\" content=\"1704\" \/>\n\t<meta property=\"og:image:height\" content=\"2272\" \/>\n\t<meta property=\"og:image:type\" content=\"image\/jpeg\" \/>\n<meta name=\"twitter:card\" content=\"summary_large_image\" \/>\n<meta name=\"twitter:label1\" content=\"Dur\u00e9e de lecture estim\u00e9e\" \/>\n\t<meta name=\"twitter:data1\" content=\"2 minutes\" \/>\n<script type=\"application\/ld+json\" class=\"yoast-schema-graph\">{\"@context\":\"https:\\\/\\\/schema.org\",\"@graph\":[{\"@type\":\"WebPage\",\"@id\":\"https:\\\/\\\/mail.ton-merckx-wielershirts.nl\\\/retro-wielershirt\\\/televizier-batavus-jack\\\/\",\"url\":\"https:\\\/\\\/mail.ton-merckx-wielershirts.nl\\\/retro-wielershirt\\\/televizier-batavus-jack\\\/\",\"name\":\"TELEVIZIER-BATAVUS 1964\\\/1967 WIELERJACK - Ton Merckx Wielershirts - Rondreis door de wereld van wielershirts\",\"isPartOf\":{\"@id\":\"https:\\\/\\\/tonmerckxwielershirts.nl\\\/es\\\/#website\"},\"primaryImageOfPage\":{\"@id\":\"https:\\\/\\\/mail.ton-merckx-wielershirts.nl\\\/retro-wielershirt\\\/televizier-batavus-jack\\\/#primaryimage\"},\"image\":{\"@id\":\"https:\\\/\\\/mail.ton-merckx-wielershirts.nl\\\/retro-wielershirt\\\/televizier-batavus-jack\\\/#primaryimage\"},\"thumbnailUrl\":\"https:\\\/\\\/tonmerckxwielershirts.nl\\\/wp-content\\\/uploads\\\/2023\\\/01\\\/SSA42741.jpg\",\"datePublished\":\"2023-01-24T18:12:15+00:00\",\"dateModified\":\"2026-01-28T11:01:49+00:00\",\"breadcrumb\":{\"@id\":\"https:\\\/\\\/mail.ton-merckx-wielershirts.nl\\\/retro-wielershirt\\\/televizier-batavus-jack\\\/#breadcrumb\"},\"inLanguage\":\"fr-FR\",\"potentialAction\":[{\"@type\":\"ReadAction\",\"target\":[\"https:\\\/\\\/mail.ton-merckx-wielershirts.nl\\\/retro-wielershirt\\\/televizier-batavus-jack\\\/\"]}]},{\"@type\":\"ImageObject\",\"inLanguage\":\"fr-FR\",\"@id\":\"https:\\\/\\\/mail.ton-merckx-wielershirts.nl\\\/retro-wielershirt\\\/televizier-batavus-jack\\\/#primaryimage\",\"url\":\"https:\\\/\\\/tonmerckxwielershirts.nl\\\/wp-content\\\/uploads\\\/2023\\\/01\\\/SSA42741.jpg\",\"contentUrl\":\"https:\\\/\\\/tonmerckxwielershirts.nl\\\/wp-content\\\/uploads\\\/2023\\\/01\\\/SSA42741.jpg\",\"width\":1704,\"height\":2272},{\"@type\":\"BreadcrumbList\",\"@id\":\"https:\\\/\\\/mail.ton-merckx-wielershirts.nl\\\/retro-wielershirt\\\/televizier-batavus-jack\\\/#breadcrumb\",\"itemListElement\":[{\"@type\":\"ListItem\",\"position\":1,\"name\":\"Home\",\"item\":\"https:\\\/\\\/tonmerckxwielershirts.nl\\\/es\\\/\"},{\"@type\":\"ListItem\",\"position\":2,\"name\":\"Retro wielershirts\",\"item\":\"https:\\\/\\\/tonmerckxwielershirts.nl\\\/es\\\/camisetas-de-ciclismo-retro\\\/\"},{\"@type\":\"ListItem\",\"position\":3,\"name\":\"TELEVIZIER-BATAVUS 1964\\\/1967 WIELERJACK\"}]},{\"@type\":\"WebSite\",\"@id\":\"https:\\\/\\\/tonmerckxwielershirts.nl\\\/es\\\/#website\",\"url\":\"https:\\\/\\\/tonmerckxwielershirts.nl\\\/es\\\/\",\"name\":\"Ton Merckx Wielershirts - Rondreis door de wereld van wielershirts\",\"description\":\"thousands of original cycling jerseys - order your replica!\",\"publisher\":{\"@id\":\"https:\\\/\\\/tonmerckxwielershirts.nl\\\/es\\\/#organization\"},\"potentialAction\":[{\"@type\":\"SearchAction\",\"target\":{\"@type\":\"EntryPoint\",\"urlTemplate\":\"https:\\\/\\\/tonmerckxwielershirts.nl\\\/es\\\/?s={search_term_string}\"},\"query-input\":{\"@type\":\"PropertyValueSpecification\",\"valueRequired\":true,\"valueName\":\"search_term_string\"}}],\"inLanguage\":\"fr-FR\"},{\"@type\":\"Organization\",\"@id\":\"https:\\\/\\\/tonmerckxwielershirts.nl\\\/es\\\/#organization\",\"name\":\"Ton Merckx Wielershirts - Rondreis door de wereld van wielershirts\",\"url\":\"https:\\\/\\\/tonmerckxwielershirts.nl\\\/es\\\/\",\"logo\":{\"@type\":\"ImageObject\",\"inLanguage\":\"fr-FR\",\"@id\":\"https:\\\/\\\/tonmerckxwielershirts.nl\\\/es\\\/#\\\/schema\\\/logo\\\/image\\\/\",\"url\":\"https:\\\/\\\/tonmerckxwielershirts.nl\\\/wp-content\\\/uploads\\\/2023\\\/03\\\/ton-merckx-logo.jpg\",\"contentUrl\":\"https:\\\/\\\/tonmerckxwielershirts.nl\\\/wp-content\\\/uploads\\\/2023\\\/03\\\/ton-merckx-logo.jpg\",\"width\":391,\"height\":57,\"caption\":\"Ton Merckx Wielershirts - Rondreis door de wereld van wielershirts\"},\"image\":{\"@id\":\"https:\\\/\\\/tonmerckxwielershirts.nl\\\/es\\\/#\\\/schema\\\/logo\\\/image\\\/\"}}]}<\/script>\n<!-- \/ Yoast SEO plugin. -->","yoast_head_json":{"title":"VESTE DE CYCLISME TELEVIZIER-BATAVUS 1964\/1967 - Maillots de cyclisme Ton Merckx - Tour \u00e0 travers le monde des maillots de cyclisme","robots":{"index":"index","follow":"follow","max-snippet":"max-snippet:-1","max-image-preview":"max-image-preview:large","max-video-preview":"max-video-preview:-1"},"canonical":"https:\/\/mail.ton-merckx-wielershirts.nl\/retro-wielershirt\/televizier-batavus-jack\/","og_locale":"fr_FR","og_type":"article","og_title":"TELEVIZIER-BATAVUS   1964\/1967   WIELERJACK - Ton Merckx Wielershirts - Rondreis door de wereld van wielershirts","og_description":"TELEVIZIER-BATAVUS: De Nederlandse Top Wielerploeg uit de Jaren 60 TELEVIZIER-BATAVUS startte in 1961 als kleine wielerploeg met als sponsor Televizier, ook in 1964 werd voormalig wielrenner Kees Pellenaars ploegleider, hij bouwde de ploeg uit naar een succesvolle en zeer professionele wielerploeg. In 1966 en 1967 reed de ploeg van Pellenaars onder de naam TELEVIZIER-BATAVUS, het [&hellip;]","og_url":"https:\/\/mail.ton-merckx-wielershirts.nl\/retro-wielershirt\/televizier-batavus-jack\/","og_site_name":"Ton Merckx Wielershirts - Rondreis door de wereld van wielershirts","article_modified_time":"2026-01-28T11:01:49+00:00","og_image":[{"width":1704,"height":2272,"url":"https:\/\/mail.ton-merckx-wielershirts.nl\/wp-content\/uploads\/2023\/01\/SSA42741.jpg","type":"image\/jpeg"}],"twitter_card":"summary_large_image","twitter_misc":{"Dur\u00e9e de lecture estim\u00e9e":"2 minutes"},"schema":{"@context":"https:\/\/schema.org","@graph":[{"@type":"WebPage","@id":"https:\/\/mail.ton-merckx-wielershirts.nl\/retro-wielershirt\/televizier-batavus-jack\/","url":"https:\/\/mail.ton-merckx-wielershirts.nl\/retro-wielershirt\/televizier-batavus-jack\/","name":"VESTE DE CYCLISME TELEVIZIER-BATAVUS 1964\/1967 - Maillots de cyclisme Ton Merckx - Tour \u00e0 travers le monde des maillots de cyclisme","isPartOf":{"@id":"https:\/\/tonmerckxwielershirts.nl\/es\/#website"},"primaryImageOfPage":{"@id":"https:\/\/mail.ton-merckx-wielershirts.nl\/retro-wielershirt\/televizier-batavus-jack\/#primaryimage"},"image":{"@id":"https:\/\/mail.ton-merckx-wielershirts.nl\/retro-wielershirt\/televizier-batavus-jack\/#primaryimage"},"thumbnailUrl":"https:\/\/tonmerckxwielershirts.nl\/wp-content\/uploads\/2023\/01\/SSA42741.jpg","datePublished":"2023-01-24T18:12:15+00:00","dateModified":"2026-01-28T11:01:49+00:00","breadcrumb":{"@id":"https:\/\/mail.ton-merckx-wielershirts.nl\/retro-wielershirt\/televizier-batavus-jack\/#breadcrumb"},"inLanguage":"fr-FR","potentialAction":[{"@type":"ReadAction","target":["https:\/\/mail.ton-merckx-wielershirts.nl\/retro-wielershirt\/televizier-batavus-jack\/"]}]},{"@type":"ImageObject","inLanguage":"fr-FR","@id":"https:\/\/mail.ton-merckx-wielershirts.nl\/retro-wielershirt\/televizier-batavus-jack\/#primaryimage","url":"https:\/\/tonmerckxwielershirts.nl\/wp-content\/uploads\/2023\/01\/SSA42741.jpg","contentUrl":"https:\/\/tonmerckxwielershirts.nl\/wp-content\/uploads\/2023\/01\/SSA42741.jpg","width":1704,"height":2272},{"@type":"BreadcrumbList","@id":"https:\/\/mail.ton-merckx-wielershirts.nl\/retro-wielershirt\/televizier-batavus-jack\/#breadcrumb","itemListElement":[{"@type":"ListItem","position":1,"name":"Home","item":"https:\/\/tonmerckxwielershirts.nl\/es\/"},{"@type":"ListItem","position":2,"name":"Retro wielershirts","item":"https:\/\/tonmerckxwielershirts.nl\/es\/camisetas-de-ciclismo-retro\/"},{"@type":"ListItem","position":3,"name":"TELEVIZIER-BATAVUS 1964\/1967 WIELERJACK"}]},{"@type":"WebSite","@id":"https:\/\/tonmerckxwielershirts.nl\/es\/#website","url":"https:\/\/tonmerckxwielershirts.nl\/es\/","name":"Chemises de cyclisme Ton Merckx - Tour \u00e0 travers le monde des chemises de cyclisme","description":"des milliers de maillots de cyclisme originaux - commandez votre r\u00e9plique !","publisher":{"@id":"https:\/\/tonmerckxwielershirts.nl\/es\/#organization"},"potentialAction":[{"@type":"SearchAction","target":{"@type":"EntryPoint","urlTemplate":"https:\/\/tonmerckxwielershirts.nl\/es\/?s={search_term_string}"},"query-input":{"@type":"PropertyValueSpecification","valueRequired":true,"valueName":"search_term_string"}}],"inLanguage":"fr-FR"},{"@type":"Organization","@id":"https:\/\/tonmerckxwielershirts.nl\/es\/#organization","name":"Chemises de cyclisme Ton Merckx - Tour \u00e0 travers le monde des chemises de cyclisme","url":"https:\/\/tonmerckxwielershirts.nl\/es\/","logo":{"@type":"ImageObject","inLanguage":"fr-FR","@id":"https:\/\/tonmerckxwielershirts.nl\/es\/#\/schema\/logo\/image\/","url":"https:\/\/tonmerckxwielershirts.nl\/wp-content\/uploads\/2023\/03\/ton-merckx-logo.jpg","contentUrl":"https:\/\/tonmerckxwielershirts.nl\/wp-content\/uploads\/2023\/03\/ton-merckx-logo.jpg","width":391,"height":57,"caption":"Ton Merckx Wielershirts - Rondreis door de wereld van wielershirts"},"image":{"@id":"https:\/\/tonmerckxwielershirts.nl\/es\/#\/schema\/logo\/image\/"}}]}},"_links":{"self":[{"href":"https:\/\/tonmerckxwielershirts.nl\/fr\/wp-json\/wp\/v2\/product\/4259","targetHints":{"allow":["GET"]}}],"collection":[{"href":"https:\/\/tonmerckxwielershirts.nl\/fr\/wp-json\/wp\/v2\/product"}],"about":[{"href":"https:\/\/tonmerckxwielershirts.nl\/fr\/wp-json\/wp\/v2\/types\/product"}],"wp:featuredmedia":[{"embeddable":true,"href":"https:\/\/tonmerckxwielershirts.nl\/fr\/wp-json\/wp\/v2\/media\/4258"}],"wp:attachment":[{"href":"https:\/\/tonmerckxwielershirts.nl\/fr\/wp-json\/wp\/v2\/media?parent=4259"}],"wp:term":[{"taxonomy":"product_brand","embeddable":true,"href":"https:\/\/tonmerckxwielershirts.nl\/fr\/wp-json\/wp\/v2\/product_brand?post=4259"},{"taxonomy":"product_cat","embeddable":true,"href":"https:\/\/tonmerckxwielershirts.nl\/fr\/wp-json\/wp\/v2\/product_cat?post=4259"},{"taxonomy":"product_tag","embeddable":true,"href":"https:\/\/tonmerckxwielershirts.nl\/fr\/wp-json\/wp\/v2\/product_tag?post=4259"}],"curies":[{"name":"wp","href":"https:\/\/api.w.org\/{rel}","templated":true}]}}