{"id":4327,"date":"2023-01-24T18:12:55","date_gmt":"2023-01-24T18:12:55","guid":{"rendered":"https:\/\/ton.connectingminds.net\/product\/tvm-polis-direct-ie-shirt\/"},"modified":"2026-01-28T12:01:44","modified_gmt":"2026-01-28T11:01:44","slug":"t-shirt-politique-direct-de-tvm","status":"publish","type":"product","link":"https:\/\/tonmerckxwielershirts.nl\/fr\/retro-wielershirt\/tvm-polis-direct-ie-shirt\/","title":{"rendered":"TVM (o)-POLIS DIRECT-GAZELLE 1995 1\u00c8RE CHEMISE DE CYCLISME"},"content":{"rendered":"<p>Le vendredi pr\u00e9c\u00e9dant les Championnats n\u00e9erlandais de cyclisme, TVM a trouv\u00e9 un nouveau co-sponsor : POLIS DIRECT.<\/p>\n<p>Les contrats ont \u00e9t\u00e9 sign\u00e9s samedi soir afin que le championnat n\u00e9erlandais pour les pros puisse d\u00e9j\u00e0 se d\u00e9rouler avec le nouveau sponsor. Apr\u00e8s quelques copier-coller, il y avait un premier maillot \u00e0 porter aux Championnats nationaux. Si vous regardez attentivement la photo de la chemise, vous verrez que le nom TVM a \u00e9t\u00e9 d\u00e9coup\u00e9 et cousu.<\/p>\n<p>De l&#039;\u00e9quipe amateur EUROPOLIS, 5 cavaliers ont \u00e9t\u00e9 transf\u00e9r\u00e9s dans l&#039;\u00e9quipe Professionnelle, ils ont particip\u00e9 aux Championnats Nationaux Amateurs samedi et aux Championnats Nationaux Professionnels dimanche.<\/p>\n<p>Ces 5 coureurs (Raymond Th\u00e8bes, Anthony Theus, Marcel Luppes, John den Braber et Pascal Appeldoorn) ont re\u00e7u un contrat professionnel jusqu&#039;\u00e0 la fin de la saison.  John den Braber a remis son contrat au bout d&#039;une semaine car, \u00e0 son avis, ce n&#039;\u00e9tait pas un contrat r\u00e9aliste, trop court et sans perspective de prolongation. R\u00e9trospectivement, il avait raison, car seul Raymond Th\u00e8bes a \u00e9galement roul\u00e9 pour TVM en 1996.<\/p>\n<p>Le 1er novembre, TVM a de nouveau rompu tout lien avec POLIS DIRECT en raison de probl\u00e8mes financiers et juridiques au sein de cette soci\u00e9t\u00e9.<\/p>","protected":false},"excerpt":{"rendered":"<p>Op de vrijdag voor het Nederlands Kampioenschap wielrenner vond TVM een nieuwe co-sponsor : POLIS DIRECT. Op zaterdagavond werden de contracten getekend zodat er op het Nederlands Kampioenschap bij de profs al met de nieuwe sponsor gereden kon worden.\u00a0 Met wat knip en plakwerk was er een 1e shirt om op het NK mee te [&hellip;]<\/p>\n","protected":false},"featured_media":4326,"template":"","meta":[],"product_brand":[],"product_cat":[151],"product_tag":[],"class_list":{"0":"post-4327","1":"product","2":"type-product","3":"status-publish","4":"has-post-thumbnail","6":"product_cat-pro-team","8":"first","9":"onbackorder","10":"taxable","11":"shipping-taxable","12":"purchasable","13":"product-type-variable"},"yoast_head":"<!-- This site is optimized with the Yoast SEO plugin v27.4 - https:\/\/yoast.com\/product\/yoast-seo-wordpress\/ -->\n<title>TVM (o)-POLIS DIRECT-GAZELLE  1995  1E SHIRT   WIELERSHIRT - Ton Merckx Wielershirts - Rondreis door de wereld van wielershirts<\/title>\n<meta name=\"robots\" content=\"index, follow, max-snippet:-1, max-image-preview:large, max-video-preview:-1\" \/>\n<link rel=\"canonical\" href=\"https:\/\/mail.cyclingoriginals.com\/ja\/\u30ec\u30c8\u30ed\u306a\u30b5\u30a4\u30af\u30ea\u30f3\u30b0\u30b8\u30e3\u30fc\u30b8\/tvm\u30dd\u30ea\u30b7\u30fc\u30c0\u30a4\u30ec\u30af\u30c8ie\u30b7\u30e3\u30c4\/\" \/>\n<meta property=\"og:locale\" content=\"fr_FR\" \/>\n<meta property=\"og:type\" content=\"article\" \/>\n<meta property=\"og:title\" content=\"TVM (o)-POLIS DIRECT-GAZELLE  1995  1E SHIRT   WIELERSHIRT - Ton Merckx Wielershirts - Rondreis door de wereld van wielershirts\" \/>\n<meta property=\"og:description\" content=\"Op de vrijdag voor het Nederlands Kampioenschap wielrenner vond TVM een nieuwe co-sponsor : POLIS DIRECT. Op zaterdagavond werden de contracten getekend zodat er op het Nederlands Kampioenschap bij de profs al met de nieuwe sponsor gereden kon worden.\u00a0 Met wat knip en plakwerk was er een 1e shirt om op het NK mee te [&hellip;]\" \/>\n<meta property=\"og:url\" content=\"https:\/\/mail.cyclingoriginals.com\/ja\/\u30ec\u30c8\u30ed\u306a\u30b5\u30a4\u30af\u30ea\u30f3\u30b0\u30b8\u30e3\u30fc\u30b8\/tvm\u30dd\u30ea\u30b7\u30fc\u30c0\u30a4\u30ec\u30af\u30c8ie\u30b7\u30e3\u30c4\/\" \/>\n<meta property=\"og:site_name\" content=\"Ton Merckx Wielershirts - Rondreis door de wereld van wielershirts\" \/>\n<meta property=\"article:modified_time\" content=\"2026-01-28T11:01:44+00:00\" \/>\n<meta property=\"og:image\" content=\"https:\/\/mail.cyclingoriginals.com\/wp-content\/uploads\/2023\/01\/SSA42774.jpg\" \/>\n\t<meta property=\"og:image:width\" content=\"1704\" \/>\n\t<meta property=\"og:image:height\" content=\"2272\" \/>\n\t<meta property=\"og:image:type\" content=\"image\/jpeg\" \/>\n<meta name=\"twitter:card\" content=\"summary_large_image\" \/>\n<meta name=\"twitter:label1\" content=\"Dur\u00e9e de lecture estim\u00e9e\" \/>\n\t<meta name=\"twitter:data1\" content=\"2 minutes\" \/>\n<script type=\"application\/ld+json\" class=\"yoast-schema-graph\">{\"@context\":\"https:\\\/\\\/schema.org\",\"@graph\":[{\"@type\":\"WebPage\",\"@id\":\"https:\\\/\\\/mail.cyclingoriginals.com\\\/ja\\\/%e3%83%ac%e3%83%88%e3%83%ad%e3%81%aa%e3%82%b5%e3%82%a4%e3%82%af%e3%83%aa%e3%83%b3%e3%82%b0%e3%82%b8%e3%83%a3%e3%83%bc%e3%82%b8\\\/tvm%e3%83%9d%e3%83%aa%e3%82%b7%e3%83%bc%e3%83%80%e3%82%a4%e3%83%ac%e3%82%af%e3%83%88ie%e3%82%b7%e3%83%a3%e3%83%84\\\/\",\"url\":\"https:\\\/\\\/mail.cyclingoriginals.com\\\/ja\\\/%e3%83%ac%e3%83%88%e3%83%ad%e3%81%aa%e3%82%b5%e3%82%a4%e3%82%af%e3%83%aa%e3%83%b3%e3%82%b0%e3%82%b8%e3%83%a3%e3%83%bc%e3%82%b8\\\/tvm%e3%83%9d%e3%83%aa%e3%82%b7%e3%83%bc%e3%83%80%e3%82%a4%e3%83%ac%e3%82%af%e3%83%88ie%e3%82%b7%e3%83%a3%e3%83%84\\\/\",\"name\":\"TVM (o)-POLIS DIRECT-GAZELLE 1995 1E SHIRT WIELERSHIRT - Ton Merckx Wielershirts - Rondreis door de wereld van wielershirts\",\"isPartOf\":{\"@id\":\"https:\\\/\\\/tonmerckxwielershirts.nl\\\/de\\\/#website\"},\"primaryImageOfPage\":{\"@id\":\"https:\\\/\\\/mail.cyclingoriginals.com\\\/ja\\\/%e3%83%ac%e3%83%88%e3%83%ad%e3%81%aa%e3%82%b5%e3%82%a4%e3%82%af%e3%83%aa%e3%83%b3%e3%82%b0%e3%82%b8%e3%83%a3%e3%83%bc%e3%82%b8\\\/tvm%e3%83%9d%e3%83%aa%e3%82%b7%e3%83%bc%e3%83%80%e3%82%a4%e3%83%ac%e3%82%af%e3%83%88ie%e3%82%b7%e3%83%a3%e3%83%84\\\/#primaryimage\"},\"image\":{\"@id\":\"https:\\\/\\\/mail.cyclingoriginals.com\\\/ja\\\/%e3%83%ac%e3%83%88%e3%83%ad%e3%81%aa%e3%82%b5%e3%82%a4%e3%82%af%e3%83%aa%e3%83%b3%e3%82%b0%e3%82%b8%e3%83%a3%e3%83%bc%e3%82%b8\\\/tvm%e3%83%9d%e3%83%aa%e3%82%b7%e3%83%bc%e3%83%80%e3%82%a4%e3%83%ac%e3%82%af%e3%83%88ie%e3%82%b7%e3%83%a3%e3%83%84\\\/#primaryimage\"},\"thumbnailUrl\":\"https:\\\/\\\/tonmerckxwielershirts.nl\\\/wp-content\\\/uploads\\\/2023\\\/01\\\/SSA42774.jpg\",\"datePublished\":\"2023-01-24T18:12:55+00:00\",\"dateModified\":\"2026-01-28T11:01:44+00:00\",\"breadcrumb\":{\"@id\":\"https:\\\/\\\/mail.cyclingoriginals.com\\\/ja\\\/%e3%83%ac%e3%83%88%e3%83%ad%e3%81%aa%e3%82%b5%e3%82%a4%e3%82%af%e3%83%aa%e3%83%b3%e3%82%b0%e3%82%b8%e3%83%a3%e3%83%bc%e3%82%b8\\\/tvm%e3%83%9d%e3%83%aa%e3%82%b7%e3%83%bc%e3%83%80%e3%82%a4%e3%83%ac%e3%82%af%e3%83%88ie%e3%82%b7%e3%83%a3%e3%83%84\\\/#breadcrumb\"},\"inLanguage\":\"fr-FR\",\"potentialAction\":[{\"@type\":\"ReadAction\",\"target\":[\"https:\\\/\\\/mail.cyclingoriginals.com\\\/ja\\\/%e3%83%ac%e3%83%88%e3%83%ad%e3%81%aa%e3%82%b5%e3%82%a4%e3%82%af%e3%83%aa%e3%83%b3%e3%82%b0%e3%82%b8%e3%83%a3%e3%83%bc%e3%82%b8\\\/tvm%e3%83%9d%e3%83%aa%e3%82%b7%e3%83%bc%e3%83%80%e3%82%a4%e3%83%ac%e3%82%af%e3%83%88ie%e3%82%b7%e3%83%a3%e3%83%84\\\/\"]}]},{\"@type\":\"ImageObject\",\"inLanguage\":\"fr-FR\",\"@id\":\"https:\\\/\\\/mail.cyclingoriginals.com\\\/ja\\\/%e3%83%ac%e3%83%88%e3%83%ad%e3%81%aa%e3%82%b5%e3%82%a4%e3%82%af%e3%83%aa%e3%83%b3%e3%82%b0%e3%82%b8%e3%83%a3%e3%83%bc%e3%82%b8\\\/tvm%e3%83%9d%e3%83%aa%e3%82%b7%e3%83%bc%e3%83%80%e3%82%a4%e3%83%ac%e3%82%af%e3%83%88ie%e3%82%b7%e3%83%a3%e3%83%84\\\/#primaryimage\",\"url\":\"https:\\\/\\\/tonmerckxwielershirts.nl\\\/wp-content\\\/uploads\\\/2023\\\/01\\\/SSA42774.jpg\",\"contentUrl\":\"https:\\\/\\\/tonmerckxwielershirts.nl\\\/wp-content\\\/uploads\\\/2023\\\/01\\\/SSA42774.jpg\",\"width\":1704,\"height\":2272},{\"@type\":\"BreadcrumbList\",\"@id\":\"https:\\\/\\\/mail.cyclingoriginals.com\\\/ja\\\/%e3%83%ac%e3%83%88%e3%83%ad%e3%81%aa%e3%82%b5%e3%82%a4%e3%82%af%e3%83%aa%e3%83%b3%e3%82%b0%e3%82%b8%e3%83%a3%e3%83%bc%e3%82%b8\\\/tvm%e3%83%9d%e3%83%aa%e3%82%b7%e3%83%bc%e3%83%80%e3%82%a4%e3%83%ac%e3%82%af%e3%83%88ie%e3%82%b7%e3%83%a3%e3%83%84\\\/#breadcrumb\",\"itemListElement\":[{\"@type\":\"ListItem\",\"position\":1,\"name\":\"Home\",\"item\":\"https:\\\/\\\/tonmerckxwielershirts.nl\\\/de\\\/\"},{\"@type\":\"ListItem\",\"position\":2,\"name\":\"Retro wielershirts\",\"item\":\"https:\\\/\\\/tonmerckxwielershirts.nl\\\/de\\\/retro-radtrikots\\\/\"},{\"@type\":\"ListItem\",\"position\":3,\"name\":\"TVM (o)-POLIS DIRECT-GAZELLE 1995 1E SHIRT WIELERSHIRT\"}]},{\"@type\":\"WebSite\",\"@id\":\"https:\\\/\\\/tonmerckxwielershirts.nl\\\/de\\\/#website\",\"url\":\"https:\\\/\\\/tonmerckxwielershirts.nl\\\/de\\\/\",\"name\":\"Ton Merckx Wielershirts - Rondreis door de wereld van wielershirts\",\"description\":\"thousands of original cycling jerseys - order your replica!\",\"publisher\":{\"@id\":\"https:\\\/\\\/tonmerckxwielershirts.nl\\\/de\\\/#organization\"},\"potentialAction\":[{\"@type\":\"SearchAction\",\"target\":{\"@type\":\"EntryPoint\",\"urlTemplate\":\"https:\\\/\\\/tonmerckxwielershirts.nl\\\/de\\\/?s={search_term_string}\"},\"query-input\":{\"@type\":\"PropertyValueSpecification\",\"valueRequired\":true,\"valueName\":\"search_term_string\"}}],\"inLanguage\":\"fr-FR\"},{\"@type\":\"Organization\",\"@id\":\"https:\\\/\\\/tonmerckxwielershirts.nl\\\/de\\\/#organization\",\"name\":\"Ton Merckx Wielershirts - Rondreis door de wereld van wielershirts\",\"url\":\"https:\\\/\\\/tonmerckxwielershirts.nl\\\/de\\\/\",\"logo\":{\"@type\":\"ImageObject\",\"inLanguage\":\"fr-FR\",\"@id\":\"https:\\\/\\\/tonmerckxwielershirts.nl\\\/de\\\/#\\\/schema\\\/logo\\\/image\\\/\",\"url\":\"https:\\\/\\\/tonmerckxwielershirts.nl\\\/wp-content\\\/uploads\\\/2023\\\/03\\\/ton-merckx-logo.jpg\",\"contentUrl\":\"https:\\\/\\\/tonmerckxwielershirts.nl\\\/wp-content\\\/uploads\\\/2023\\\/03\\\/ton-merckx-logo.jpg\",\"width\":391,\"height\":57,\"caption\":\"Ton Merckx Wielershirts - Rondreis door de wereld van wielershirts\"},\"image\":{\"@id\":\"https:\\\/\\\/tonmerckxwielershirts.nl\\\/de\\\/#\\\/schema\\\/logo\\\/image\\\/\"}}]}<\/script>\n<!-- \/ Yoast SEO plugin. -->","yoast_head_json":{"title":"TVM (o)-POLIS DIRECT-GAZELLE 1995 1ER CHEMISE DE CYCLISME - Ton Merckx Cycling Jerseys - Tour \u00e0 travers le monde des maillots de cyclisme","robots":{"index":"index","follow":"follow","max-snippet":"max-snippet:-1","max-image-preview":"max-image-preview:large","max-video-preview":"max-video-preview:-1"},"canonical":"https:\/\/mail.cyclingoriginals.com\/ja\/\u30ec\u30c8\u30ed\u306a\u30b5\u30a4\u30af\u30ea\u30f3\u30b0\u30b8\u30e3\u30fc\u30b8\/tvm\u30dd\u30ea\u30b7\u30fc\u30c0\u30a4\u30ec\u30af\u30c8ie\u30b7\u30e3\u30c4\/","og_locale":"fr_FR","og_type":"article","og_title":"TVM (o)-POLIS DIRECT-GAZELLE  1995  1E SHIRT   WIELERSHIRT - Ton Merckx Wielershirts - Rondreis door de wereld van wielershirts","og_description":"Op de vrijdag voor het Nederlands Kampioenschap wielrenner vond TVM een nieuwe co-sponsor : POLIS DIRECT. Op zaterdagavond werden de contracten getekend zodat er op het Nederlands Kampioenschap bij de profs al met de nieuwe sponsor gereden kon worden.\u00a0 Met wat knip en plakwerk was er een 1e shirt om op het NK mee te [&hellip;]","og_url":"https:\/\/mail.cyclingoriginals.com\/ja\/\u30ec\u30c8\u30ed\u306a\u30b5\u30a4\u30af\u30ea\u30f3\u30b0\u30b8\u30e3\u30fc\u30b8\/tvm\u30dd\u30ea\u30b7\u30fc\u30c0\u30a4\u30ec\u30af\u30c8ie\u30b7\u30e3\u30c4\/","og_site_name":"Ton Merckx Wielershirts - Rondreis door de wereld van wielershirts","article_modified_time":"2026-01-28T11:01:44+00:00","og_image":[{"width":1704,"height":2272,"url":"https:\/\/mail.cyclingoriginals.com\/wp-content\/uploads\/2023\/01\/SSA42774.jpg","type":"image\/jpeg"}],"twitter_card":"summary_large_image","twitter_misc":{"Dur\u00e9e de lecture estim\u00e9e":"2 minutes"},"schema":{"@context":"https:\/\/schema.org","@graph":[{"@type":"WebPage","@id":"https:\/\/mail.cyclingoriginals.com\/ja\/%e3%83%ac%e3%83%88%e3%83%ad%e3%81%aa%e3%82%b5%e3%82%a4%e3%82%af%e3%83%aa%e3%83%b3%e3%82%b0%e3%82%b8%e3%83%a3%e3%83%bc%e3%82%b8\/tvm%e3%83%9d%e3%83%aa%e3%82%b7%e3%83%bc%e3%83%80%e3%82%a4%e3%83%ac%e3%82%af%e3%83%88ie%e3%82%b7%e3%83%a3%e3%83%84\/","url":"https:\/\/mail.cyclingoriginals.com\/ja\/%e3%83%ac%e3%83%88%e3%83%ad%e3%81%aa%e3%82%b5%e3%82%a4%e3%82%af%e3%83%aa%e3%83%b3%e3%82%b0%e3%82%b8%e3%83%a3%e3%83%bc%e3%82%b8\/tvm%e3%83%9d%e3%83%aa%e3%82%b7%e3%83%bc%e3%83%80%e3%82%a4%e3%83%ac%e3%82%af%e3%83%88ie%e3%82%b7%e3%83%a3%e3%83%84\/","name":"TVM (o)-POLIS DIRECT-GAZELLE 1995 1ER CHEMISE DE CYCLISME - Ton Merckx Cycling Jerseys - Tour \u00e0 travers le monde des maillots de cyclisme","isPartOf":{"@id":"https:\/\/tonmerckxwielershirts.nl\/de\/#website"},"primaryImageOfPage":{"@id":"https:\/\/mail.cyclingoriginals.com\/ja\/%e3%83%ac%e3%83%88%e3%83%ad%e3%81%aa%e3%82%b5%e3%82%a4%e3%82%af%e3%83%aa%e3%83%b3%e3%82%b0%e3%82%b8%e3%83%a3%e3%83%bc%e3%82%b8\/tvm%e3%83%9d%e3%83%aa%e3%82%b7%e3%83%bc%e3%83%80%e3%82%a4%e3%83%ac%e3%82%af%e3%83%88ie%e3%82%b7%e3%83%a3%e3%83%84\/#primaryimage"},"image":{"@id":"https:\/\/mail.cyclingoriginals.com\/ja\/%e3%83%ac%e3%83%88%e3%83%ad%e3%81%aa%e3%82%b5%e3%82%a4%e3%82%af%e3%83%aa%e3%83%b3%e3%82%b0%e3%82%b8%e3%83%a3%e3%83%bc%e3%82%b8\/tvm%e3%83%9d%e3%83%aa%e3%82%b7%e3%83%bc%e3%83%80%e3%82%a4%e3%83%ac%e3%82%af%e3%83%88ie%e3%82%b7%e3%83%a3%e3%83%84\/#primaryimage"},"thumbnailUrl":"https:\/\/tonmerckxwielershirts.nl\/wp-content\/uploads\/2023\/01\/SSA42774.jpg","datePublished":"2023-01-24T18:12:55+00:00","dateModified":"2026-01-28T11:01:44+00:00","breadcrumb":{"@id":"https:\/\/mail.cyclingoriginals.com\/ja\/%e3%83%ac%e3%83%88%e3%83%ad%e3%81%aa%e3%82%b5%e3%82%a4%e3%82%af%e3%83%aa%e3%83%b3%e3%82%b0%e3%82%b8%e3%83%a3%e3%83%bc%e3%82%b8\/tvm%e3%83%9d%e3%83%aa%e3%82%b7%e3%83%bc%e3%83%80%e3%82%a4%e3%83%ac%e3%82%af%e3%83%88ie%e3%82%b7%e3%83%a3%e3%83%84\/#breadcrumb"},"inLanguage":"fr-FR","potentialAction":[{"@type":"ReadAction","target":["https:\/\/mail.cyclingoriginals.com\/ja\/%e3%83%ac%e3%83%88%e3%83%ad%e3%81%aa%e3%82%b5%e3%82%a4%e3%82%af%e3%83%aa%e3%83%b3%e3%82%b0%e3%82%b8%e3%83%a3%e3%83%bc%e3%82%b8\/tvm%e3%83%9d%e3%83%aa%e3%82%b7%e3%83%bc%e3%83%80%e3%82%a4%e3%83%ac%e3%82%af%e3%83%88ie%e3%82%b7%e3%83%a3%e3%83%84\/"]}]},{"@type":"ImageObject","inLanguage":"fr-FR","@id":"https:\/\/mail.cyclingoriginals.com\/ja\/%e3%83%ac%e3%83%88%e3%83%ad%e3%81%aa%e3%82%b5%e3%82%a4%e3%82%af%e3%83%aa%e3%83%b3%e3%82%b0%e3%82%b8%e3%83%a3%e3%83%bc%e3%82%b8\/tvm%e3%83%9d%e3%83%aa%e3%82%b7%e3%83%bc%e3%83%80%e3%82%a4%e3%83%ac%e3%82%af%e3%83%88ie%e3%82%b7%e3%83%a3%e3%83%84\/#primaryimage","url":"https:\/\/tonmerckxwielershirts.nl\/wp-content\/uploads\/2023\/01\/SSA42774.jpg","contentUrl":"https:\/\/tonmerckxwielershirts.nl\/wp-content\/uploads\/2023\/01\/SSA42774.jpg","width":1704,"height":2272},{"@type":"BreadcrumbList","@id":"https:\/\/mail.cyclingoriginals.com\/ja\/%e3%83%ac%e3%83%88%e3%83%ad%e3%81%aa%e3%82%b5%e3%82%a4%e3%82%af%e3%83%aa%e3%83%b3%e3%82%b0%e3%82%b8%e3%83%a3%e3%83%bc%e3%82%b8\/tvm%e3%83%9d%e3%83%aa%e3%82%b7%e3%83%bc%e3%83%80%e3%82%a4%e3%83%ac%e3%82%af%e3%83%88ie%e3%82%b7%e3%83%a3%e3%83%84\/#breadcrumb","itemListElement":[{"@type":"ListItem","position":1,"name":"Home","item":"https:\/\/tonmerckxwielershirts.nl\/de\/"},{"@type":"ListItem","position":2,"name":"Retro wielershirts","item":"https:\/\/tonmerckxwielershirts.nl\/de\/retro-radtrikots\/"},{"@type":"ListItem","position":3,"name":"TVM (o)-POLIS DIRECT-GAZELLE 1995 1E SHIRT WIELERSHIRT"}]},{"@type":"WebSite","@id":"https:\/\/tonmerckxwielershirts.nl\/de\/#website","url":"https:\/\/tonmerckxwielershirts.nl\/de\/","name":"Chemises de cyclisme Ton Merckx - Tour \u00e0 travers le monde des chemises de cyclisme","description":"des milliers de maillots de cyclisme originaux - commandez votre r\u00e9plique !","publisher":{"@id":"https:\/\/tonmerckxwielershirts.nl\/de\/#organization"},"potentialAction":[{"@type":"SearchAction","target":{"@type":"EntryPoint","urlTemplate":"https:\/\/tonmerckxwielershirts.nl\/de\/?s={search_term_string}"},"query-input":{"@type":"PropertyValueSpecification","valueRequired":true,"valueName":"search_term_string"}}],"inLanguage":"fr-FR"},{"@type":"Organization","@id":"https:\/\/tonmerckxwielershirts.nl\/de\/#organization","name":"Chemises de cyclisme Ton Merckx - Tour \u00e0 travers le monde des chemises de cyclisme","url":"https:\/\/tonmerckxwielershirts.nl\/de\/","logo":{"@type":"ImageObject","inLanguage":"fr-FR","@id":"https:\/\/tonmerckxwielershirts.nl\/de\/#\/schema\/logo\/image\/","url":"https:\/\/tonmerckxwielershirts.nl\/wp-content\/uploads\/2023\/03\/ton-merckx-logo.jpg","contentUrl":"https:\/\/tonmerckxwielershirts.nl\/wp-content\/uploads\/2023\/03\/ton-merckx-logo.jpg","width":391,"height":57,"caption":"Ton Merckx Wielershirts - Rondreis door de wereld van wielershirts"},"image":{"@id":"https:\/\/tonmerckxwielershirts.nl\/de\/#\/schema\/logo\/image\/"}}]}},"_links":{"self":[{"href":"https:\/\/tonmerckxwielershirts.nl\/fr\/wp-json\/wp\/v2\/product\/4327","targetHints":{"allow":["GET"]}}],"collection":[{"href":"https:\/\/tonmerckxwielershirts.nl\/fr\/wp-json\/wp\/v2\/product"}],"about":[{"href":"https:\/\/tonmerckxwielershirts.nl\/fr\/wp-json\/wp\/v2\/types\/product"}],"wp:featuredmedia":[{"embeddable":true,"href":"https:\/\/tonmerckxwielershirts.nl\/fr\/wp-json\/wp\/v2\/media\/4326"}],"wp:attachment":[{"href":"https:\/\/tonmerckxwielershirts.nl\/fr\/wp-json\/wp\/v2\/media?parent=4327"}],"wp:term":[{"taxonomy":"product_brand","embeddable":true,"href":"https:\/\/tonmerckxwielershirts.nl\/fr\/wp-json\/wp\/v2\/product_brand?post=4327"},{"taxonomy":"product_cat","embeddable":true,"href":"https:\/\/tonmerckxwielershirts.nl\/fr\/wp-json\/wp\/v2\/product_cat?post=4327"},{"taxonomy":"product_tag","embeddable":true,"href":"https:\/\/tonmerckxwielershirts.nl\/fr\/wp-json\/wp\/v2\/product_tag?post=4327"}],"curies":[{"name":"wp","href":"https:\/\/api.w.org\/{rel}","templated":true}]}}