{"id":4455,"date":"2023-01-24T18:14:20","date_gmt":"2023-01-24T18:14:20","guid":{"rendered":"https:\/\/ton.connectingminds.net\/product\/zero\/"},"modified":"2026-01-28T12:01:36","modified_gmt":"2026-01-28T11:01:36","slug":"zero","status":"publish","type":"product","link":"https:\/\/tonmerckxwielershirts.nl\/fr\/retro-wielershirt\/zero\/","title":{"rendered":"Z\u00c9RO (a) CHEMISE DE CYCLISME 1988"},"content":{"rendered":"<p>L&#039;\u00e9quipe Zero \u00e9tait un projet remarquable de Frans Alberts.<\/p>\n<p>L&#039;\u00e9quipe n&#039;avait pas de sponsors, il n&#039;y avait qu&#039;un grand Z\u00c9RO sur le maillot.<\/p>\n<p>L&#039;id\u00e9e derri\u00e8re tout cela \u00e9tait que les coureurs de l&#039;espace puissent trouver leurs propres sponsors dans le ZERO.<\/p>\n<p>Cela n&#039;a pas vraiment \u00e9t\u00e9 un grand succ\u00e8s, seul HISFA a mordu \u00e0 l&#039;hame\u00e7on...<\/p>","protected":false},"excerpt":{"rendered":"<p>L&#039;\u00e9quipe Zero \u00e9tait un projet remarquable de Frans Alberts. L&#039;\u00e9quipe n&#039;avait aucun sponsor et seulement un grand Z\u00c9RO sur le maillot. L\u2019id\u00e9e derri\u00e8re cela \u00e9tait que les coureurs pourraient trouver leurs propres sponsors dans l\u2019espace \u00e0 l\u2019avant du ZERO. Ce n&#039;\u00e9tait pas vraiment un grand succ\u00e8s, seul HISFA a mordu \u00e0 l&#039;hame\u00e7on...<\/p>","protected":false},"featured_media":4454,"template":"","meta":[],"product_brand":[],"product_cat":[151],"product_tag":[],"class_list":{"0":"post-4455","1":"product","2":"type-product","3":"status-publish","4":"has-post-thumbnail","6":"product_cat-pro-team","8":"first","9":"onbackorder","10":"taxable","11":"shipping-taxable","12":"purchasable","13":"product-type-variable"},"yoast_head":"<!-- This site is optimized with the Yoast SEO plugin v27.4 - https:\/\/yoast.com\/product\/yoast-seo-wordpress\/ -->\n<title>ZERO (a) 1988    WIELERSHIRT - Ton Merckx Wielershirts - Rondreis door de wereld van wielershirts<\/title>\n<meta name=\"robots\" content=\"index, follow, max-snippet:-1, max-image-preview:large, max-video-preview:-1\" \/>\n<link rel=\"canonical\" href=\"https:\/\/vintagecycling.store\/retro-wielershirt\/zero\/\" \/>\n<meta property=\"og:locale\" content=\"fr_FR\" \/>\n<meta property=\"og:type\" content=\"article\" \/>\n<meta property=\"og:title\" content=\"ZERO (a) 1988    WIELERSHIRT - Ton Merckx Wielershirts - Rondreis door de wereld van wielershirts\" \/>\n<meta property=\"og:description\" content=\"De Zero ploeg was een opmerkelijk project van Frans Alberts. De ploeg had geen sponsors er stand enkel een grote NUL (ZERO) op het shirt. Het idee hierachter was, dat renners voor in de ruimte in de ZERO hun eigen sponsors konden zoeken. Het werd niet echt een groot succes, enkel HISFA hapte toe&#8230;&#8230;\" \/>\n<meta property=\"og:url\" content=\"https:\/\/vintagecycling.store\/retro-wielershirt\/zero\/\" \/>\n<meta property=\"og:site_name\" content=\"Ton Merckx Wielershirts - Rondreis door de wereld van wielershirts\" \/>\n<meta property=\"article:modified_time\" content=\"2026-01-28T11:01:36+00:00\" \/>\n<meta property=\"og:image\" content=\"https:\/\/vintagecycling.store\/wp-content\/uploads\/2023\/01\/SSA42816.jpg\" \/>\n\t<meta property=\"og:image:width\" content=\"1704\" \/>\n\t<meta property=\"og:image:height\" content=\"2272\" \/>\n\t<meta property=\"og:image:type\" content=\"image\/jpeg\" \/>\n<meta name=\"twitter:card\" content=\"summary_large_image\" \/>\n<meta name=\"twitter:label1\" content=\"Dur\u00e9e de lecture estim\u00e9e\" \/>\n\t<meta name=\"twitter:data1\" content=\"1 minute\" \/>\n<script type=\"application\/ld+json\" class=\"yoast-schema-graph\">{\"@context\":\"https:\\\/\\\/schema.org\",\"@graph\":[{\"@type\":\"WebPage\",\"@id\":\"https:\\\/\\\/vintagecycling.store\\\/retro-wielershirt\\\/zero\\\/\",\"url\":\"https:\\\/\\\/vintagecycling.store\\\/retro-wielershirt\\\/zero\\\/\",\"name\":\"ZERO (a) 1988 WIELERSHIRT - Ton Merckx Wielershirts - Rondreis door de wereld van wielershirts\",\"isPartOf\":{\"@id\":\"https:\\\/\\\/mail.ton-merckx-wielershirts.nl\\\/#website\"},\"primaryImageOfPage\":{\"@id\":\"https:\\\/\\\/vintagecycling.store\\\/retro-wielershirt\\\/zero\\\/#primaryimage\"},\"image\":{\"@id\":\"https:\\\/\\\/vintagecycling.store\\\/retro-wielershirt\\\/zero\\\/#primaryimage\"},\"thumbnailUrl\":\"https:\\\/\\\/tonmerckxwielershirts.nl\\\/wp-content\\\/uploads\\\/2023\\\/01\\\/SSA42816.jpg\",\"datePublished\":\"2023-01-24T18:14:20+00:00\",\"dateModified\":\"2026-01-28T11:01:36+00:00\",\"breadcrumb\":{\"@id\":\"https:\\\/\\\/vintagecycling.store\\\/retro-wielershirt\\\/zero\\\/#breadcrumb\"},\"inLanguage\":\"fr-FR\",\"potentialAction\":[{\"@type\":\"ReadAction\",\"target\":[\"https:\\\/\\\/vintagecycling.store\\\/retro-wielershirt\\\/zero\\\/\"]}]},{\"@type\":\"ImageObject\",\"inLanguage\":\"fr-FR\",\"@id\":\"https:\\\/\\\/vintagecycling.store\\\/retro-wielershirt\\\/zero\\\/#primaryimage\",\"url\":\"https:\\\/\\\/tonmerckxwielershirts.nl\\\/wp-content\\\/uploads\\\/2023\\\/01\\\/SSA42816.jpg\",\"contentUrl\":\"https:\\\/\\\/tonmerckxwielershirts.nl\\\/wp-content\\\/uploads\\\/2023\\\/01\\\/SSA42816.jpg\",\"width\":1704,\"height\":2272},{\"@type\":\"BreadcrumbList\",\"@id\":\"https:\\\/\\\/vintagecycling.store\\\/retro-wielershirt\\\/zero\\\/#breadcrumb\",\"itemListElement\":[{\"@type\":\"ListItem\",\"position\":1,\"name\":\"Home\",\"item\":\"https:\\\/\\\/mail.ton-merckx-wielershirts.nl\\\/\"},{\"@type\":\"ListItem\",\"position\":2,\"name\":\"Retro wielershirts\",\"item\":\"https:\\\/\\\/mail.cyclingoriginals.com\\\/it\\\/maglie-da-ciclismo-retro\\\/\"},{\"@type\":\"ListItem\",\"position\":3,\"name\":\"ZERO (a) 1988 WIELERSHIRT\"}]},{\"@type\":\"WebSite\",\"@id\":\"https:\\\/\\\/mail.ton-merckx-wielershirts.nl\\\/#website\",\"url\":\"https:\\\/\\\/mail.ton-merckx-wielershirts.nl\\\/\",\"name\":\"Ton Merckx Wielershirts - Rondreis door de wereld van wielershirts\",\"description\":\"thousands of original cycling jerseys - order your replica!\",\"publisher\":{\"@id\":\"https:\\\/\\\/mail.ton-merckx-wielershirts.nl\\\/#organization\"},\"potentialAction\":[{\"@type\":\"SearchAction\",\"target\":{\"@type\":\"EntryPoint\",\"urlTemplate\":\"https:\\\/\\\/mail.ton-merckx-wielershirts.nl\\\/?s={search_term_string}\"},\"query-input\":{\"@type\":\"PropertyValueSpecification\",\"valueRequired\":true,\"valueName\":\"search_term_string\"}}],\"inLanguage\":\"fr-FR\"},{\"@type\":\"Organization\",\"@id\":\"https:\\\/\\\/mail.ton-merckx-wielershirts.nl\\\/#organization\",\"name\":\"Ton Merckx Wielershirts - Rondreis door de wereld van wielershirts\",\"url\":\"https:\\\/\\\/mail.ton-merckx-wielershirts.nl\\\/\",\"logo\":{\"@type\":\"ImageObject\",\"inLanguage\":\"fr-FR\",\"@id\":\"https:\\\/\\\/mail.ton-merckx-wielershirts.nl\\\/#\\\/schema\\\/logo\\\/image\\\/\",\"url\":\"https:\\\/\\\/tonmerckxwielershirts.nl\\\/wp-content\\\/uploads\\\/2023\\\/03\\\/ton-merckx-logo.jpg\",\"contentUrl\":\"https:\\\/\\\/tonmerckxwielershirts.nl\\\/wp-content\\\/uploads\\\/2023\\\/03\\\/ton-merckx-logo.jpg\",\"width\":391,\"height\":57,\"caption\":\"Ton Merckx Wielershirts - Rondreis door de wereld van wielershirts\"},\"image\":{\"@id\":\"https:\\\/\\\/mail.ton-merckx-wielershirts.nl\\\/#\\\/schema\\\/logo\\\/image\\\/\"}}]}<\/script>\n<!-- \/ Yoast SEO plugin. -->","yoast_head_json":{"title":"ZERO (a) 1988 CHEMISE DE CYCLISME - Maillots de cyclisme Ton Merckx - Tour \u00e0 travers le monde des maillots de cyclisme","robots":{"index":"index","follow":"follow","max-snippet":"max-snippet:-1","max-image-preview":"max-image-preview:large","max-video-preview":"max-video-preview:-1"},"canonical":"https:\/\/vintagecycling.store\/retro-wielershirt\/zero\/","og_locale":"fr_FR","og_type":"article","og_title":"ZERO (a) 1988    WIELERSHIRT - Ton Merckx Wielershirts - Rondreis door de wereld van wielershirts","og_description":"De Zero ploeg was een opmerkelijk project van Frans Alberts. De ploeg had geen sponsors er stand enkel een grote NUL (ZERO) op het shirt. Het idee hierachter was, dat renners voor in de ruimte in de ZERO hun eigen sponsors konden zoeken. Het werd niet echt een groot succes, enkel HISFA hapte toe&#8230;&#8230;","og_url":"https:\/\/vintagecycling.store\/retro-wielershirt\/zero\/","og_site_name":"Ton Merckx Wielershirts - Rondreis door de wereld van wielershirts","article_modified_time":"2026-01-28T11:01:36+00:00","og_image":[{"width":1704,"height":2272,"url":"https:\/\/vintagecycling.store\/wp-content\/uploads\/2023\/01\/SSA42816.jpg","type":"image\/jpeg"}],"twitter_card":"summary_large_image","twitter_misc":{"Dur\u00e9e de lecture estim\u00e9e":"1 minute"},"schema":{"@context":"https:\/\/schema.org","@graph":[{"@type":"WebPage","@id":"https:\/\/vintagecycling.store\/retro-wielershirt\/zero\/","url":"https:\/\/vintagecycling.store\/retro-wielershirt\/zero\/","name":"ZERO (a) 1988 CHEMISE DE CYCLISME - Maillots de cyclisme Ton Merckx - Tour \u00e0 travers le monde des maillots de cyclisme","isPartOf":{"@id":"https:\/\/mail.ton-merckx-wielershirts.nl\/#website"},"primaryImageOfPage":{"@id":"https:\/\/vintagecycling.store\/retro-wielershirt\/zero\/#primaryimage"},"image":{"@id":"https:\/\/vintagecycling.store\/retro-wielershirt\/zero\/#primaryimage"},"thumbnailUrl":"https:\/\/tonmerckxwielershirts.nl\/wp-content\/uploads\/2023\/01\/SSA42816.jpg","datePublished":"2023-01-24T18:14:20+00:00","dateModified":"2026-01-28T11:01:36+00:00","breadcrumb":{"@id":"https:\/\/vintagecycling.store\/retro-wielershirt\/zero\/#breadcrumb"},"inLanguage":"fr-FR","potentialAction":[{"@type":"ReadAction","target":["https:\/\/vintagecycling.store\/retro-wielershirt\/zero\/"]}]},{"@type":"ImageObject","inLanguage":"fr-FR","@id":"https:\/\/vintagecycling.store\/retro-wielershirt\/zero\/#primaryimage","url":"https:\/\/tonmerckxwielershirts.nl\/wp-content\/uploads\/2023\/01\/SSA42816.jpg","contentUrl":"https:\/\/tonmerckxwielershirts.nl\/wp-content\/uploads\/2023\/01\/SSA42816.jpg","width":1704,"height":2272},{"@type":"BreadcrumbList","@id":"https:\/\/vintagecycling.store\/retro-wielershirt\/zero\/#breadcrumb","itemListElement":[{"@type":"ListItem","position":1,"name":"Home","item":"https:\/\/mail.ton-merckx-wielershirts.nl\/"},{"@type":"ListItem","position":2,"name":"Retro wielershirts","item":"https:\/\/mail.cyclingoriginals.com\/it\/maglie-da-ciclismo-retro\/"},{"@type":"ListItem","position":3,"name":"ZERO (a) 1988 WIELERSHIRT"}]},{"@type":"WebSite","@id":"https:\/\/mail.ton-merckx-wielershirts.nl\/#website","url":"https:\/\/mail.ton-merckx-wielershirts.nl\/","name":"Chemises de cyclisme Ton Merckx - Tour \u00e0 travers le monde des chemises de cyclisme","description":"des milliers de maillots de cyclisme originaux - commandez votre r\u00e9plique !","publisher":{"@id":"https:\/\/mail.ton-merckx-wielershirts.nl\/#organization"},"potentialAction":[{"@type":"SearchAction","target":{"@type":"EntryPoint","urlTemplate":"https:\/\/mail.ton-merckx-wielershirts.nl\/?s={search_term_string}"},"query-input":{"@type":"PropertyValueSpecification","valueRequired":true,"valueName":"search_term_string"}}],"inLanguage":"fr-FR"},{"@type":"Organization","@id":"https:\/\/mail.ton-merckx-wielershirts.nl\/#organization","name":"Chemises de cyclisme Ton Merckx - Tour \u00e0 travers le monde des chemises de cyclisme","url":"https:\/\/mail.ton-merckx-wielershirts.nl\/","logo":{"@type":"ImageObject","inLanguage":"fr-FR","@id":"https:\/\/mail.ton-merckx-wielershirts.nl\/#\/schema\/logo\/image\/","url":"https:\/\/tonmerckxwielershirts.nl\/wp-content\/uploads\/2023\/03\/ton-merckx-logo.jpg","contentUrl":"https:\/\/tonmerckxwielershirts.nl\/wp-content\/uploads\/2023\/03\/ton-merckx-logo.jpg","width":391,"height":57,"caption":"Ton Merckx Wielershirts - Rondreis door de wereld van wielershirts"},"image":{"@id":"https:\/\/mail.ton-merckx-wielershirts.nl\/#\/schema\/logo\/image\/"}}]}},"_links":{"self":[{"href":"https:\/\/tonmerckxwielershirts.nl\/fr\/wp-json\/wp\/v2\/product\/4455","targetHints":{"allow":["GET"]}}],"collection":[{"href":"https:\/\/tonmerckxwielershirts.nl\/fr\/wp-json\/wp\/v2\/product"}],"about":[{"href":"https:\/\/tonmerckxwielershirts.nl\/fr\/wp-json\/wp\/v2\/types\/product"}],"wp:featuredmedia":[{"embeddable":true,"href":"https:\/\/tonmerckxwielershirts.nl\/fr\/wp-json\/wp\/v2\/media\/4454"}],"wp:attachment":[{"href":"https:\/\/tonmerckxwielershirts.nl\/fr\/wp-json\/wp\/v2\/media?parent=4455"}],"wp:term":[{"taxonomy":"product_brand","embeddable":true,"href":"https:\/\/tonmerckxwielershirts.nl\/fr\/wp-json\/wp\/v2\/product_brand?post=4455"},{"taxonomy":"product_cat","embeddable":true,"href":"https:\/\/tonmerckxwielershirts.nl\/fr\/wp-json\/wp\/v2\/product_cat?post=4455"},{"taxonomy":"product_tag","embeddable":true,"href":"https:\/\/tonmerckxwielershirts.nl\/fr\/wp-json\/wp\/v2\/product_tag?post=4455"}],"curies":[{"name":"wp","href":"https:\/\/api.w.org\/{rel}","templated":true}]}}