{"id":4725,"date":"2023-01-24T18:17:54","date_gmt":"2023-01-24T18:17:54","guid":{"rendered":"https:\/\/ton.connectingminds.net\/product\/liberty-seguros-wurth\/"},"modified":"2026-01-28T12:01:21","modified_gmt":"2026-01-28T11:01:21","slug":"liberte-securite-wurth","status":"publish","type":"product","link":"https:\/\/tonmerckxwielershirts.nl\/fr\/retro-wielershirt\/liberty-seguros-wurth\/","title":{"rendered":"LIBERTY SEGUROS (d)-WURTH-BH 2006 CHEMISE DE CYCLISME"},"content":{"rendered":"<p>&nbsp;<\/p>\n<p>Entre le Giro d&#039;Italia et le Tour de France, le directeur sportif Manolo Saiz a \u00e9t\u00e9 discr\u00e9dit\u00e9, tout cela \u00e0 cause d&#039;un examen effectu\u00e9 par le docteur Fuentes qui a administr\u00e9 de l&#039;EPO \u00e0 de nombreux coureurs.<\/p>\n<p>Saiz connaissait bien Fuentes et plusieurs coureurs de Liberty Seguros figuraient \u00e9galement sur la liste de Fuentes. LIBERTY SEGUROS s&#039;est donc retir\u00e9 en tant que sponsor.<\/p>\n<p>Lors du Tour de Suisse ainsi que lors du contre-la-montre par \u00e9quipes du Pro-Tour \u00e0 Eindhoven, les gens ont roul\u00e9 en maillot avec WURTH. Juste avant le d\u00e9part du Tour de France, le Kazakh ASTANA a repris l&#039;\u00e9quipe.<\/p>\n<p>L&#039;\u00e9quipe ASTANA \u00e9tait d\u00e9j\u00e0 pr\u00e9sente \u00e0 Strasbourg avant le d\u00e9part du TOUR DE FRANCE lorsque les noms du scandale FUENTES ont \u00e9t\u00e9 annonc\u00e9s vendredi : Jan Ullrich, Ivan Basso, Francisco Mancebo, Oscar Sevilla et les coureurs ASTANA Joseba Beloki, Allan Davis, Sergio Paulinho, Isidro Nozal et Alberto Contador. Au final, il ne restait plus que 4 coureurs \u00e0 l&#039;\u00e9quipe ASTANA pour prendre le d\u00e9part du TOUR DE FRANCE. Selon le r\u00e8glement, il n&#039;\u00e9tait plus permis d&#039;aligner de nouveaux coureurs et 4 coureurs, c&#039;\u00e9tait \u00e9galement trop peu pour prendre le d\u00e9part du Tour. Les 4 coureurs restants, dont le favori du Tour Alexandre Vinokourov, n&#039;ont donc pas \u00e9t\u00e9 autoris\u00e9s \u00e0 prendre le d\u00e9part.<\/p>\n<p>Entre le Giro d&#039;Italia et le Tour de France, le directeur sportif Manolo Saiz a \u00e9t\u00e9 discr\u00e9dit\u00e9, tout cela \u00e0 cause d&#039;un examen effectu\u00e9 par le docteur Fuentes qui a administr\u00e9 de l&#039;EPO \u00e0 de nombreux coureurs.<\/p>\n<p>Saiz connaissait bien Fuentes et plusieurs coureurs de Liberty Seguros figuraient \u00e9galement sur la liste de Fuentes. LIBERTY SEGUROS s&#039;est donc retir\u00e9 en tant que sponsor.<\/p>\n<p>Lors du Tour de Suisse ainsi que lors du contre-la-montre par \u00e9quipes du Pro-Tour \u00e0 Eindhoven, les gens ont roul\u00e9 en maillot avec WURTH. Juste avant le d\u00e9part du Tour de France, le Kazakh ASTANA a repris l&#039;\u00e9quipe.<\/p>\n<p>L&#039;\u00e9quipe ASTANA \u00e9tait d\u00e9j\u00e0 pr\u00e9sente \u00e0 Strasbourg avant le d\u00e9part du TOUR DE FRANCE lorsque les noms du scandale FUENTES ont \u00e9t\u00e9 annonc\u00e9s vendredi : Jan Ullrich, Ivan Basso, Francisco Mancebo, Oscar Sevilla et les coureurs ASTANA Joseba Beloki, Allan Davis, Sergio Paulinho, Isidro Nozal et Alberto Contador. Au final, il ne restait plus que 4 coureurs \u00e0 l&#039;\u00e9quipe ASTANA pour prendre le d\u00e9part du TOUR DE FRANCE. Selon le r\u00e8glement, il n&#039;\u00e9tait plus permis d&#039;aligner de nouveaux coureurs et 4 coureurs, c&#039;\u00e9tait \u00e9galement trop peu pour prendre le d\u00e9part du Tour. Les 4 coureurs restants, dont le favori du Tour Alexandre Vinokourov, n&#039;ont donc pas \u00e9t\u00e9 autoris\u00e9s \u00e0 prendre le d\u00e9part.<\/p>","protected":false},"excerpt":{"rendered":"<p>&nbsp; In de periode tussen de Giro d Italia en de Tour de France komt ploegleider Manolo saiz in opspraak, dit alles ivm een onderzoek bij dokter Fuentes die vele renners van EPO voorzag. Saiz was een goede bekende van Fuentes en ook enkele renners van Liberty Seguros kwamen op een lijst van Fuentes voor.\u00a0 [&hellip;]<\/p>\n","protected":false},"featured_media":4724,"template":"","meta":[],"product_brand":[],"product_cat":[151],"product_tag":[],"class_list":{"0":"post-4725","1":"product","2":"type-product","3":"status-publish","4":"has-post-thumbnail","6":"product_cat-pro-team","8":"first","9":"onbackorder","10":"taxable","11":"shipping-taxable","12":"purchasable","13":"product-type-variable"},"yoast_head":"<!-- This site is optimized with the Yoast SEO plugin v27.4 - https:\/\/yoast.com\/product\/yoast-seo-wordpress\/ -->\n<title>LIBERTY SEGUROS (d)-WURTH-BH   2006   WIELERSHIRT - Ton Merckx Wielershirts - Rondreis door de wereld van wielershirts<\/title>\n<meta name=\"robots\" content=\"index, follow, max-snippet:-1, max-image-preview:large, max-video-preview:-1\" \/>\n<link rel=\"canonical\" href=\"https:\/\/vintagecycling.store\/it\/maglia-da-ciclismo-retro\/la-liberta-protegge-wurth\/\" \/>\n<meta property=\"og:locale\" content=\"fr_FR\" \/>\n<meta property=\"og:type\" content=\"article\" \/>\n<meta property=\"og:title\" content=\"LIBERTY SEGUROS (d)-WURTH-BH   2006   WIELERSHIRT - Ton Merckx Wielershirts - Rondreis door de wereld van wielershirts\" \/>\n<meta property=\"og:description\" content=\"&nbsp; In de periode tussen de Giro d Italia en de Tour de France komt ploegleider Manolo saiz in opspraak, dit alles ivm een onderzoek bij dokter Fuentes die vele renners van EPO voorzag. Saiz was een goede bekende van Fuentes en ook enkele renners van Liberty Seguros kwamen op een lijst van Fuentes voor.\u00a0 [&hellip;]\" \/>\n<meta property=\"og:url\" content=\"https:\/\/vintagecycling.store\/it\/maglia-da-ciclismo-retro\/la-liberta-protegge-wurth\/\" \/>\n<meta property=\"og:site_name\" content=\"Ton Merckx Wielershirts - Rondreis door de wereld van wielershirts\" \/>\n<meta property=\"article:modified_time\" content=\"2026-01-28T11:01:21+00:00\" \/>\n<meta property=\"og:image\" content=\"https:\/\/vintagecycling.store\/wp-content\/uploads\/2023\/01\/SSA43794.jpg\" \/>\n\t<meta property=\"og:image:width\" content=\"1704\" \/>\n\t<meta property=\"og:image:height\" content=\"2272\" \/>\n\t<meta property=\"og:image:type\" content=\"image\/jpeg\" \/>\n<meta name=\"twitter:card\" content=\"summary_large_image\" \/>\n<meta name=\"twitter:label1\" content=\"Dur\u00e9e de lecture estim\u00e9e\" \/>\n\t<meta name=\"twitter:data1\" content=\"3 minutes\" \/>\n<script type=\"application\/ld+json\" class=\"yoast-schema-graph\">{\"@context\":\"https:\\\/\\\/schema.org\",\"@graph\":[{\"@type\":\"WebPage\",\"@id\":\"https:\\\/\\\/vintagecycling.store\\\/it\\\/maglia-da-ciclismo-retro\\\/la-liberta-protegge-wurth\\\/\",\"url\":\"https:\\\/\\\/vintagecycling.store\\\/it\\\/maglia-da-ciclismo-retro\\\/la-liberta-protegge-wurth\\\/\",\"name\":\"LIBERTY SEGUROS (d)-WURTH-BH 2006 WIELERSHIRT - Ton Merckx Wielershirts - Rondreis door de wereld van wielershirts\",\"isPartOf\":{\"@id\":\"https:\\\/\\\/tonmerckxwielershirts.nl\\\/de\\\/#website\"},\"primaryImageOfPage\":{\"@id\":\"https:\\\/\\\/vintagecycling.store\\\/it\\\/maglia-da-ciclismo-retro\\\/la-liberta-protegge-wurth\\\/#primaryimage\"},\"image\":{\"@id\":\"https:\\\/\\\/vintagecycling.store\\\/it\\\/maglia-da-ciclismo-retro\\\/la-liberta-protegge-wurth\\\/#primaryimage\"},\"thumbnailUrl\":\"https:\\\/\\\/tonmerckxwielershirts.nl\\\/wp-content\\\/uploads\\\/2023\\\/01\\\/SSA43794.jpg\",\"datePublished\":\"2023-01-24T18:17:54+00:00\",\"dateModified\":\"2026-01-28T11:01:21+00:00\",\"breadcrumb\":{\"@id\":\"https:\\\/\\\/vintagecycling.store\\\/it\\\/maglia-da-ciclismo-retro\\\/la-liberta-protegge-wurth\\\/#breadcrumb\"},\"inLanguage\":\"fr-FR\",\"potentialAction\":[{\"@type\":\"ReadAction\",\"target\":[\"https:\\\/\\\/vintagecycling.store\\\/it\\\/maglia-da-ciclismo-retro\\\/la-liberta-protegge-wurth\\\/\"]}]},{\"@type\":\"ImageObject\",\"inLanguage\":\"fr-FR\",\"@id\":\"https:\\\/\\\/vintagecycling.store\\\/it\\\/maglia-da-ciclismo-retro\\\/la-liberta-protegge-wurth\\\/#primaryimage\",\"url\":\"https:\\\/\\\/tonmerckxwielershirts.nl\\\/wp-content\\\/uploads\\\/2023\\\/01\\\/SSA43794.jpg\",\"contentUrl\":\"https:\\\/\\\/tonmerckxwielershirts.nl\\\/wp-content\\\/uploads\\\/2023\\\/01\\\/SSA43794.jpg\",\"width\":1704,\"height\":2272},{\"@type\":\"BreadcrumbList\",\"@id\":\"https:\\\/\\\/vintagecycling.store\\\/it\\\/maglia-da-ciclismo-retro\\\/la-liberta-protegge-wurth\\\/#breadcrumb\",\"itemListElement\":[{\"@type\":\"ListItem\",\"position\":1,\"name\":\"Home\",\"item\":\"https:\\\/\\\/tonmerckxwielershirts.nl\\\/de\\\/\"},{\"@type\":\"ListItem\",\"position\":2,\"name\":\"Retro wielershirts\",\"item\":\"https:\\\/\\\/tonmerckxwielershirts.nl\\\/de\\\/retro-radtrikots\\\/\"},{\"@type\":\"ListItem\",\"position\":3,\"name\":\"LIBERTY SEGUROS (d)-WURTH-BH 2006 WIELERSHIRT\"}]},{\"@type\":\"WebSite\",\"@id\":\"https:\\\/\\\/tonmerckxwielershirts.nl\\\/de\\\/#website\",\"url\":\"https:\\\/\\\/tonmerckxwielershirts.nl\\\/de\\\/\",\"name\":\"Ton Merckx Wielershirts - Rondreis door de wereld van wielershirts\",\"description\":\"thousands of original cycling jerseys - order your replica!\",\"publisher\":{\"@id\":\"https:\\\/\\\/tonmerckxwielershirts.nl\\\/de\\\/#organization\"},\"potentialAction\":[{\"@type\":\"SearchAction\",\"target\":{\"@type\":\"EntryPoint\",\"urlTemplate\":\"https:\\\/\\\/tonmerckxwielershirts.nl\\\/de\\\/?s={search_term_string}\"},\"query-input\":{\"@type\":\"PropertyValueSpecification\",\"valueRequired\":true,\"valueName\":\"search_term_string\"}}],\"inLanguage\":\"fr-FR\"},{\"@type\":\"Organization\",\"@id\":\"https:\\\/\\\/tonmerckxwielershirts.nl\\\/de\\\/#organization\",\"name\":\"Ton Merckx Wielershirts - Rondreis door de wereld van wielershirts\",\"url\":\"https:\\\/\\\/tonmerckxwielershirts.nl\\\/de\\\/\",\"logo\":{\"@type\":\"ImageObject\",\"inLanguage\":\"fr-FR\",\"@id\":\"https:\\\/\\\/tonmerckxwielershirts.nl\\\/de\\\/#\\\/schema\\\/logo\\\/image\\\/\",\"url\":\"https:\\\/\\\/tonmerckxwielershirts.nl\\\/wp-content\\\/uploads\\\/2023\\\/03\\\/ton-merckx-logo.jpg\",\"contentUrl\":\"https:\\\/\\\/tonmerckxwielershirts.nl\\\/wp-content\\\/uploads\\\/2023\\\/03\\\/ton-merckx-logo.jpg\",\"width\":391,\"height\":57,\"caption\":\"Ton Merckx Wielershirts - Rondreis door de wereld van wielershirts\"},\"image\":{\"@id\":\"https:\\\/\\\/tonmerckxwielershirts.nl\\\/de\\\/#\\\/schema\\\/logo\\\/image\\\/\"}}]}<\/script>\n<!-- \/ Yoast SEO plugin. -->","yoast_head_json":{"title":"LIBERTY SEGUROS (d)-WURTH-BH 2006 CHEMISE DE CYCLISME - Maillots de cyclisme Ton Merckx - Tour \u00e0 travers le monde des maillots de cyclisme","robots":{"index":"index","follow":"follow","max-snippet":"max-snippet:-1","max-image-preview":"max-image-preview:large","max-video-preview":"max-video-preview:-1"},"canonical":"https:\/\/vintagecycling.store\/it\/maglia-da-ciclismo-retro\/la-liberta-protegge-wurth\/","og_locale":"fr_FR","og_type":"article","og_title":"LIBERTY SEGUROS (d)-WURTH-BH   2006   WIELERSHIRT - Ton Merckx Wielershirts - Rondreis door de wereld van wielershirts","og_description":"&nbsp; In de periode tussen de Giro d Italia en de Tour de France komt ploegleider Manolo saiz in opspraak, dit alles ivm een onderzoek bij dokter Fuentes die vele renners van EPO voorzag. Saiz was een goede bekende van Fuentes en ook enkele renners van Liberty Seguros kwamen op een lijst van Fuentes voor.\u00a0 [&hellip;]","og_url":"https:\/\/vintagecycling.store\/it\/maglia-da-ciclismo-retro\/la-liberta-protegge-wurth\/","og_site_name":"Ton Merckx Wielershirts - Rondreis door de wereld van wielershirts","article_modified_time":"2026-01-28T11:01:21+00:00","og_image":[{"width":1704,"height":2272,"url":"https:\/\/vintagecycling.store\/wp-content\/uploads\/2023\/01\/SSA43794.jpg","type":"image\/jpeg"}],"twitter_card":"summary_large_image","twitter_misc":{"Dur\u00e9e de lecture estim\u00e9e":"3 minutes"},"schema":{"@context":"https:\/\/schema.org","@graph":[{"@type":"WebPage","@id":"https:\/\/vintagecycling.store\/it\/maglia-da-ciclismo-retro\/la-liberta-protegge-wurth\/","url":"https:\/\/vintagecycling.store\/it\/maglia-da-ciclismo-retro\/la-liberta-protegge-wurth\/","name":"LIBERTY SEGUROS (d)-WURTH-BH 2006 CHEMISE DE CYCLISME - Maillots de cyclisme Ton Merckx - Tour \u00e0 travers le monde des maillots de cyclisme","isPartOf":{"@id":"https:\/\/tonmerckxwielershirts.nl\/de\/#website"},"primaryImageOfPage":{"@id":"https:\/\/vintagecycling.store\/it\/maglia-da-ciclismo-retro\/la-liberta-protegge-wurth\/#primaryimage"},"image":{"@id":"https:\/\/vintagecycling.store\/it\/maglia-da-ciclismo-retro\/la-liberta-protegge-wurth\/#primaryimage"},"thumbnailUrl":"https:\/\/tonmerckxwielershirts.nl\/wp-content\/uploads\/2023\/01\/SSA43794.jpg","datePublished":"2023-01-24T18:17:54+00:00","dateModified":"2026-01-28T11:01:21+00:00","breadcrumb":{"@id":"https:\/\/vintagecycling.store\/it\/maglia-da-ciclismo-retro\/la-liberta-protegge-wurth\/#breadcrumb"},"inLanguage":"fr-FR","potentialAction":[{"@type":"ReadAction","target":["https:\/\/vintagecycling.store\/it\/maglia-da-ciclismo-retro\/la-liberta-protegge-wurth\/"]}]},{"@type":"ImageObject","inLanguage":"fr-FR","@id":"https:\/\/vintagecycling.store\/it\/maglia-da-ciclismo-retro\/la-liberta-protegge-wurth\/#primaryimage","url":"https:\/\/tonmerckxwielershirts.nl\/wp-content\/uploads\/2023\/01\/SSA43794.jpg","contentUrl":"https:\/\/tonmerckxwielershirts.nl\/wp-content\/uploads\/2023\/01\/SSA43794.jpg","width":1704,"height":2272},{"@type":"BreadcrumbList","@id":"https:\/\/vintagecycling.store\/it\/maglia-da-ciclismo-retro\/la-liberta-protegge-wurth\/#breadcrumb","itemListElement":[{"@type":"ListItem","position":1,"name":"Home","item":"https:\/\/tonmerckxwielershirts.nl\/de\/"},{"@type":"ListItem","position":2,"name":"Retro wielershirts","item":"https:\/\/tonmerckxwielershirts.nl\/de\/retro-radtrikots\/"},{"@type":"ListItem","position":3,"name":"LIBERTY SEGUROS (d)-WURTH-BH 2006 WIELERSHIRT"}]},{"@type":"WebSite","@id":"https:\/\/tonmerckxwielershirts.nl\/de\/#website","url":"https:\/\/tonmerckxwielershirts.nl\/de\/","name":"Chemises de cyclisme Ton Merckx - Tour \u00e0 travers le monde des chemises de cyclisme","description":"des milliers de maillots de cyclisme originaux - commandez votre r\u00e9plique !","publisher":{"@id":"https:\/\/tonmerckxwielershirts.nl\/de\/#organization"},"potentialAction":[{"@type":"SearchAction","target":{"@type":"EntryPoint","urlTemplate":"https:\/\/tonmerckxwielershirts.nl\/de\/?s={search_term_string}"},"query-input":{"@type":"PropertyValueSpecification","valueRequired":true,"valueName":"search_term_string"}}],"inLanguage":"fr-FR"},{"@type":"Organization","@id":"https:\/\/tonmerckxwielershirts.nl\/de\/#organization","name":"Chemises de cyclisme Ton Merckx - Tour \u00e0 travers le monde des chemises de cyclisme","url":"https:\/\/tonmerckxwielershirts.nl\/de\/","logo":{"@type":"ImageObject","inLanguage":"fr-FR","@id":"https:\/\/tonmerckxwielershirts.nl\/de\/#\/schema\/logo\/image\/","url":"https:\/\/tonmerckxwielershirts.nl\/wp-content\/uploads\/2023\/03\/ton-merckx-logo.jpg","contentUrl":"https:\/\/tonmerckxwielershirts.nl\/wp-content\/uploads\/2023\/03\/ton-merckx-logo.jpg","width":391,"height":57,"caption":"Ton Merckx Wielershirts - Rondreis door de wereld van wielershirts"},"image":{"@id":"https:\/\/tonmerckxwielershirts.nl\/de\/#\/schema\/logo\/image\/"}}]}},"_links":{"self":[{"href":"https:\/\/tonmerckxwielershirts.nl\/fr\/wp-json\/wp\/v2\/product\/4725","targetHints":{"allow":["GET"]}}],"collection":[{"href":"https:\/\/tonmerckxwielershirts.nl\/fr\/wp-json\/wp\/v2\/product"}],"about":[{"href":"https:\/\/tonmerckxwielershirts.nl\/fr\/wp-json\/wp\/v2\/types\/product"}],"wp:featuredmedia":[{"embeddable":true,"href":"https:\/\/tonmerckxwielershirts.nl\/fr\/wp-json\/wp\/v2\/media\/4724"}],"wp:attachment":[{"href":"https:\/\/tonmerckxwielershirts.nl\/fr\/wp-json\/wp\/v2\/media?parent=4725"}],"wp:term":[{"taxonomy":"product_brand","embeddable":true,"href":"https:\/\/tonmerckxwielershirts.nl\/fr\/wp-json\/wp\/v2\/product_brand?post=4725"},{"taxonomy":"product_cat","embeddable":true,"href":"https:\/\/tonmerckxwielershirts.nl\/fr\/wp-json\/wp\/v2\/product_cat?post=4725"},{"taxonomy":"product_tag","embeddable":true,"href":"https:\/\/tonmerckxwielershirts.nl\/fr\/wp-json\/wp\/v2\/product_tag?post=4725"}],"curies":[{"name":"wp","href":"https:\/\/api.w.org\/{rel}","templated":true}]}}