{"id":4952,"date":"2023-01-24T18:21:08","date_gmt":"2023-01-24T18:21:08","guid":{"rendered":"https:\/\/ton.connectingminds.net\/product\/mercury-amerikaanse-koersen\/"},"modified":"2026-01-28T12:01:08","modified_gmt":"2026-01-28T11:01:08","slug":"tarifs-americains-du-mercure","status":"publish","type":"product","link":"https:\/\/tonmerckxwielershirts.nl\/fr\/retro-wielershirt\/mercury-amerikaanse-koersen\/","title":{"rendered":"CHEMISE DE CYCLISME MERCURY (b)\/VIATEL 2001 COURSES AM\u00c9RICAINES"},"content":{"rendered":"<p>MERCURY\/VIATEL roule avec 2 chemises diff\u00e9rentes !!<\/p>\n<p>Dans les courses am\u00e9ricaines, les gens roulent avec cette chemise.<\/p>\n<p>L&#039;\u00e9quipe est arriv\u00e9e sur la route apr\u00e8s quelques probl\u00e8mes initiaux, ce qui s&#039;est av\u00e9r\u00e9 tr\u00e8s r\u00e9ussi compte tenu du nombre de 82 victoires.<\/p>\n<p>Mais lorsque le sponsor VIATEL a fait faillite en juin 2001, il n&#039;a plus pu payer les passagers.<\/p>\n<p>\u00c0 la mi-septembre, Peter van Petegem a rejoint l&#039;\u00e9quipe belge Collstrop-Palmans et, le 2 octobre, l&#039;\u00e9quipe a \u00e9t\u00e9 suspendue par l&#039;UCI et les coureurs n&#039;\u00e9taient plus autoris\u00e9s \u00e0 participer aux comp\u00e9titions. Triste fin pour une \u00e9quipe tr\u00e8s performante.<\/p>","protected":false},"excerpt":{"rendered":"<p>MERCURY\/VIATEL rijdt met 2 verschillende shirts !! In de Amerikaanse koersen rijdt men met dit shirt. De ploeg kwam na wat aanloopproblemen op de weg, gezien het aantal van 82 overwinningen was dat zeer succesvol. Maar toen sponsor VIATEL in juni 2001 failliet ging kon men de renners niet meer betalen. Half September stapte Peter [&hellip;]<\/p>\n","protected":false},"featured_media":4951,"template":"","meta":[],"product_brand":[],"product_cat":[151],"product_tag":[],"class_list":{"0":"post-4952","1":"product","2":"type-product","3":"status-publish","4":"has-post-thumbnail","6":"product_cat-pro-team","8":"first","9":"onbackorder","10":"taxable","11":"shipping-taxable","12":"purchasable","13":"product-type-variable"},"yoast_head":"<!-- This site is optimized with the Yoast SEO plugin v27.3 - https:\/\/yoast.com\/product\/yoast-seo-wordpress\/ -->\n<title>MERCURY (b)\/VIATEL 2001   AMERIKAANSE KOERSEN  WIELERSHIRT - Ton Merckx Wielershirts - Rondreis door de wereld van wielershirts<\/title>\n<meta name=\"robots\" content=\"index, follow, max-snippet:-1, max-image-preview:large, max-video-preview:-1\" \/>\n<link rel=\"canonical\" href=\"https:\/\/tonmerckxwielershirts.nl\/fr\/maillot-de-cyclisme-retro\/tarifs-americains-du-mercure\/\" \/>\n<meta property=\"og:locale\" content=\"fr_FR\" \/>\n<meta property=\"og:type\" content=\"article\" \/>\n<meta property=\"og:title\" content=\"MERCURY (b)\/VIATEL 2001   AMERIKAANSE KOERSEN  WIELERSHIRT - Ton Merckx Wielershirts - Rondreis door de wereld van wielershirts\" \/>\n<meta property=\"og:description\" content=\"MERCURY\/VIATEL rijdt met 2 verschillende shirts !! In de Amerikaanse koersen rijdt men met dit shirt. De ploeg kwam na wat aanloopproblemen op de weg, gezien het aantal van 82 overwinningen was dat zeer succesvol. Maar toen sponsor VIATEL in juni 2001 failliet ging kon men de renners niet meer betalen. Half September stapte Peter [&hellip;]\" \/>\n<meta property=\"og:url\" content=\"https:\/\/tonmerckxwielershirts.nl\/fr\/maillot-de-cyclisme-retro\/tarifs-americains-du-mercure\/\" \/>\n<meta property=\"og:site_name\" content=\"Ton Merckx Wielershirts - Rondreis door de wereld van wielershirts\" \/>\n<meta property=\"article:modified_time\" content=\"2026-01-28T11:01:08+00:00\" \/>\n<meta property=\"og:image\" content=\"https:\/\/tonmerckxwielershirts.nl\/wp-content\/uploads\/2023\/01\/SSA43847.jpg\" \/>\n\t<meta property=\"og:image:width\" content=\"1704\" \/>\n\t<meta property=\"og:image:height\" content=\"2272\" \/>\n\t<meta property=\"og:image:type\" content=\"image\/jpeg\" \/>\n<meta name=\"twitter:card\" content=\"summary_large_image\" \/>\n<meta name=\"twitter:label1\" content=\"Dur\u00e9e de lecture estim\u00e9e\" \/>\n\t<meta name=\"twitter:data1\" content=\"1 minute\" \/>\n<script type=\"application\/ld+json\" class=\"yoast-schema-graph\">{\"@context\":\"https:\\\/\\\/schema.org\",\"@graph\":[{\"@type\":\"WebPage\",\"@id\":\"https:\\\/\\\/tonmerckxwielershirts.nl\\\/fr\\\/maillot-de-cyclisme-retro\\\/tarifs-americains-du-mercure\\\/\",\"url\":\"https:\\\/\\\/tonmerckxwielershirts.nl\\\/fr\\\/maillot-de-cyclisme-retro\\\/tarifs-americains-du-mercure\\\/\",\"name\":\"MERCURY (b)\\\/VIATEL 2001 AMERIKAANSE KOERSEN WIELERSHIRT - Ton Merckx Wielershirts - Rondreis door de wereld van wielershirts\",\"isPartOf\":{\"@id\":\"https:\\\/\\\/mail.tonmerckxwielershirts.nl\\\/ja\\\/#website\"},\"primaryImageOfPage\":{\"@id\":\"https:\\\/\\\/tonmerckxwielershirts.nl\\\/fr\\\/maillot-de-cyclisme-retro\\\/tarifs-americains-du-mercure\\\/#primaryimage\"},\"image\":{\"@id\":\"https:\\\/\\\/tonmerckxwielershirts.nl\\\/fr\\\/maillot-de-cyclisme-retro\\\/tarifs-americains-du-mercure\\\/#primaryimage\"},\"thumbnailUrl\":\"https:\\\/\\\/tonmerckxwielershirts.nl\\\/wp-content\\\/uploads\\\/2023\\\/01\\\/SSA43847.jpg\",\"datePublished\":\"2023-01-24T18:21:08+00:00\",\"dateModified\":\"2026-01-28T11:01:08+00:00\",\"breadcrumb\":{\"@id\":\"https:\\\/\\\/tonmerckxwielershirts.nl\\\/fr\\\/maillot-de-cyclisme-retro\\\/tarifs-americains-du-mercure\\\/#breadcrumb\"},\"inLanguage\":\"fr-FR\",\"potentialAction\":[{\"@type\":\"ReadAction\",\"target\":[\"https:\\\/\\\/tonmerckxwielershirts.nl\\\/fr\\\/maillot-de-cyclisme-retro\\\/tarifs-americains-du-mercure\\\/\"]}]},{\"@type\":\"ImageObject\",\"inLanguage\":\"fr-FR\",\"@id\":\"https:\\\/\\\/tonmerckxwielershirts.nl\\\/fr\\\/maillot-de-cyclisme-retro\\\/tarifs-americains-du-mercure\\\/#primaryimage\",\"url\":\"https:\\\/\\\/tonmerckxwielershirts.nl\\\/wp-content\\\/uploads\\\/2023\\\/01\\\/SSA43847.jpg\",\"contentUrl\":\"https:\\\/\\\/tonmerckxwielershirts.nl\\\/wp-content\\\/uploads\\\/2023\\\/01\\\/SSA43847.jpg\",\"width\":1704,\"height\":2272},{\"@type\":\"BreadcrumbList\",\"@id\":\"https:\\\/\\\/tonmerckxwielershirts.nl\\\/fr\\\/maillot-de-cyclisme-retro\\\/tarifs-americains-du-mercure\\\/#breadcrumb\",\"itemListElement\":[{\"@type\":\"ListItem\",\"position\":1,\"name\":\"Home\",\"item\":\"https:\\\/\\\/mail.tonmerckxwielershirts.nl\\\/ja\\\/\"},{\"@type\":\"ListItem\",\"position\":2,\"name\":\"Retro wielershirts\",\"item\":\"https:\\\/\\\/mail.tonmerckxwielershirts.nl\\\/ja\\\/%e3%83%ac%e3%83%88%e3%83%ad%e3%81%aa%e3%82%b5%e3%82%a4%e3%82%af%e3%83%ab%e3%82%b8%e3%83%a3%e3%83%bc%e3%82%b8-2\\\/\"},{\"@type\":\"ListItem\",\"position\":3,\"name\":\"MERCURY (b)\\\/VIATEL 2001 AMERIKAANSE KOERSEN WIELERSHIRT\"}]},{\"@type\":\"WebSite\",\"@id\":\"https:\\\/\\\/mail.tonmerckxwielershirts.nl\\\/ja\\\/#website\",\"url\":\"https:\\\/\\\/mail.tonmerckxwielershirts.nl\\\/ja\\\/\",\"name\":\"Ton Merckx Wielershirts - Rondreis door de wereld van wielershirts\",\"description\":\"thousands of original cycling jerseys - order your replica!\",\"publisher\":{\"@id\":\"https:\\\/\\\/mail.tonmerckxwielershirts.nl\\\/ja\\\/#organization\"},\"potentialAction\":[{\"@type\":\"SearchAction\",\"target\":{\"@type\":\"EntryPoint\",\"urlTemplate\":\"https:\\\/\\\/mail.tonmerckxwielershirts.nl\\\/ja\\\/?s={search_term_string}\"},\"query-input\":{\"@type\":\"PropertyValueSpecification\",\"valueRequired\":true,\"valueName\":\"search_term_string\"}}],\"inLanguage\":\"fr-FR\"},{\"@type\":\"Organization\",\"@id\":\"https:\\\/\\\/mail.tonmerckxwielershirts.nl\\\/ja\\\/#organization\",\"name\":\"Ton Merckx Wielershirts - Rondreis door de wereld van wielershirts\",\"url\":\"https:\\\/\\\/mail.tonmerckxwielershirts.nl\\\/ja\\\/\",\"logo\":{\"@type\":\"ImageObject\",\"inLanguage\":\"fr-FR\",\"@id\":\"https:\\\/\\\/mail.tonmerckxwielershirts.nl\\\/ja\\\/#\\\/schema\\\/logo\\\/image\\\/\",\"url\":\"https:\\\/\\\/tonmerckxwielershirts.nl\\\/wp-content\\\/uploads\\\/2023\\\/03\\\/ton-merckx-logo.jpg\",\"contentUrl\":\"https:\\\/\\\/tonmerckxwielershirts.nl\\\/wp-content\\\/uploads\\\/2023\\\/03\\\/ton-merckx-logo.jpg\",\"width\":391,\"height\":57,\"caption\":\"Ton Merckx Wielershirts - Rondreis door de wereld van wielershirts\"},\"image\":{\"@id\":\"https:\\\/\\\/mail.tonmerckxwielershirts.nl\\\/ja\\\/#\\\/schema\\\/logo\\\/image\\\/\"}}]}<\/script>\n<!-- \/ Yoast SEO plugin. -->","yoast_head_json":{"title":"CHEMISE DE CYCLISME MERCURY (b)\/VIATEL 2001 AMERICAN RACES - Chemises de cyclisme Ton Merckx - Tour \u00e0 travers le monde des chemises de cyclisme","robots":{"index":"index","follow":"follow","max-snippet":"max-snippet:-1","max-image-preview":"max-image-preview:large","max-video-preview":"max-video-preview:-1"},"canonical":"https:\/\/tonmerckxwielershirts.nl\/fr\/maillot-de-cyclisme-retro\/tarifs-americains-du-mercure\/","og_locale":"fr_FR","og_type":"article","og_title":"MERCURY (b)\/VIATEL 2001   AMERIKAANSE KOERSEN  WIELERSHIRT - Ton Merckx Wielershirts - Rondreis door de wereld van wielershirts","og_description":"MERCURY\/VIATEL rijdt met 2 verschillende shirts !! In de Amerikaanse koersen rijdt men met dit shirt. De ploeg kwam na wat aanloopproblemen op de weg, gezien het aantal van 82 overwinningen was dat zeer succesvol. Maar toen sponsor VIATEL in juni 2001 failliet ging kon men de renners niet meer betalen. Half September stapte Peter [&hellip;]","og_url":"https:\/\/tonmerckxwielershirts.nl\/fr\/maillot-de-cyclisme-retro\/tarifs-americains-du-mercure\/","og_site_name":"Ton Merckx Wielershirts - Rondreis door de wereld van wielershirts","article_modified_time":"2026-01-28T11:01:08+00:00","og_image":[{"width":1704,"height":2272,"url":"https:\/\/tonmerckxwielershirts.nl\/wp-content\/uploads\/2023\/01\/SSA43847.jpg","type":"image\/jpeg"}],"twitter_card":"summary_large_image","twitter_misc":{"Dur\u00e9e de lecture estim\u00e9e":"1 minute"},"schema":{"@context":"https:\/\/schema.org","@graph":[{"@type":"WebPage","@id":"https:\/\/tonmerckxwielershirts.nl\/fr\/maillot-de-cyclisme-retro\/tarifs-americains-du-mercure\/","url":"https:\/\/tonmerckxwielershirts.nl\/fr\/maillot-de-cyclisme-retro\/tarifs-americains-du-mercure\/","name":"CHEMISE DE CYCLISME MERCURY (b)\/VIATEL 2001 AMERICAN RACES - Chemises de cyclisme Ton Merckx - Tour \u00e0 travers le monde des chemises de cyclisme","isPartOf":{"@id":"https:\/\/mail.tonmerckxwielershirts.nl\/ja\/#website"},"primaryImageOfPage":{"@id":"https:\/\/tonmerckxwielershirts.nl\/fr\/maillot-de-cyclisme-retro\/tarifs-americains-du-mercure\/#primaryimage"},"image":{"@id":"https:\/\/tonmerckxwielershirts.nl\/fr\/maillot-de-cyclisme-retro\/tarifs-americains-du-mercure\/#primaryimage"},"thumbnailUrl":"https:\/\/tonmerckxwielershirts.nl\/wp-content\/uploads\/2023\/01\/SSA43847.jpg","datePublished":"2023-01-24T18:21:08+00:00","dateModified":"2026-01-28T11:01:08+00:00","breadcrumb":{"@id":"https:\/\/tonmerckxwielershirts.nl\/fr\/maillot-de-cyclisme-retro\/tarifs-americains-du-mercure\/#breadcrumb"},"inLanguage":"fr-FR","potentialAction":[{"@type":"ReadAction","target":["https:\/\/tonmerckxwielershirts.nl\/fr\/maillot-de-cyclisme-retro\/tarifs-americains-du-mercure\/"]}]},{"@type":"ImageObject","inLanguage":"fr-FR","@id":"https:\/\/tonmerckxwielershirts.nl\/fr\/maillot-de-cyclisme-retro\/tarifs-americains-du-mercure\/#primaryimage","url":"https:\/\/tonmerckxwielershirts.nl\/wp-content\/uploads\/2023\/01\/SSA43847.jpg","contentUrl":"https:\/\/tonmerckxwielershirts.nl\/wp-content\/uploads\/2023\/01\/SSA43847.jpg","width":1704,"height":2272},{"@type":"BreadcrumbList","@id":"https:\/\/tonmerckxwielershirts.nl\/fr\/maillot-de-cyclisme-retro\/tarifs-americains-du-mercure\/#breadcrumb","itemListElement":[{"@type":"ListItem","position":1,"name":"Home","item":"https:\/\/mail.tonmerckxwielershirts.nl\/ja\/"},{"@type":"ListItem","position":2,"name":"Retro wielershirts","item":"https:\/\/mail.tonmerckxwielershirts.nl\/ja\/%e3%83%ac%e3%83%88%e3%83%ad%e3%81%aa%e3%82%b5%e3%82%a4%e3%82%af%e3%83%ab%e3%82%b8%e3%83%a3%e3%83%bc%e3%82%b8-2\/"},{"@type":"ListItem","position":3,"name":"MERCURY (b)\/VIATEL 2001 AMERIKAANSE KOERSEN WIELERSHIRT"}]},{"@type":"WebSite","@id":"https:\/\/mail.tonmerckxwielershirts.nl\/ja\/#website","url":"https:\/\/mail.tonmerckxwielershirts.nl\/ja\/","name":"Chemises de cyclisme Ton Merckx - Tour \u00e0 travers le monde des chemises de cyclisme","description":"des milliers de maillots de cyclisme originaux - commandez votre r\u00e9plique !","publisher":{"@id":"https:\/\/mail.tonmerckxwielershirts.nl\/ja\/#organization"},"potentialAction":[{"@type":"SearchAction","target":{"@type":"EntryPoint","urlTemplate":"https:\/\/mail.tonmerckxwielershirts.nl\/ja\/?s={search_term_string}"},"query-input":{"@type":"PropertyValueSpecification","valueRequired":true,"valueName":"search_term_string"}}],"inLanguage":"fr-FR"},{"@type":"Organization","@id":"https:\/\/mail.tonmerckxwielershirts.nl\/ja\/#organization","name":"Chemises de cyclisme Ton Merckx - Tour \u00e0 travers le monde des chemises de cyclisme","url":"https:\/\/mail.tonmerckxwielershirts.nl\/ja\/","logo":{"@type":"ImageObject","inLanguage":"fr-FR","@id":"https:\/\/mail.tonmerckxwielershirts.nl\/ja\/#\/schema\/logo\/image\/","url":"https:\/\/tonmerckxwielershirts.nl\/wp-content\/uploads\/2023\/03\/ton-merckx-logo.jpg","contentUrl":"https:\/\/tonmerckxwielershirts.nl\/wp-content\/uploads\/2023\/03\/ton-merckx-logo.jpg","width":391,"height":57,"caption":"Ton Merckx Wielershirts - Rondreis door de wereld van wielershirts"},"image":{"@id":"https:\/\/mail.tonmerckxwielershirts.nl\/ja\/#\/schema\/logo\/image\/"}}]}},"_links":{"self":[{"href":"https:\/\/tonmerckxwielershirts.nl\/fr\/wp-json\/wp\/v2\/product\/4952","targetHints":{"allow":["GET"]}}],"collection":[{"href":"https:\/\/tonmerckxwielershirts.nl\/fr\/wp-json\/wp\/v2\/product"}],"about":[{"href":"https:\/\/tonmerckxwielershirts.nl\/fr\/wp-json\/wp\/v2\/types\/product"}],"wp:featuredmedia":[{"embeddable":true,"href":"https:\/\/tonmerckxwielershirts.nl\/fr\/wp-json\/wp\/v2\/media\/4951"}],"wp:attachment":[{"href":"https:\/\/tonmerckxwielershirts.nl\/fr\/wp-json\/wp\/v2\/media?parent=4952"}],"wp:term":[{"taxonomy":"product_brand","embeddable":true,"href":"https:\/\/tonmerckxwielershirts.nl\/fr\/wp-json\/wp\/v2\/product_brand?post=4952"},{"taxonomy":"product_cat","embeddable":true,"href":"https:\/\/tonmerckxwielershirts.nl\/fr\/wp-json\/wp\/v2\/product_cat?post=4952"},{"taxonomy":"product_tag","embeddable":true,"href":"https:\/\/tonmerckxwielershirts.nl\/fr\/wp-json\/wp\/v2\/product_tag?post=4952"}],"curies":[{"name":"wp","href":"https:\/\/api.w.org\/{rel}","templated":true}]}}