{"id":5012,"date":"2023-01-24T18:22:00","date_gmt":"2023-01-24T18:22:00","guid":{"rendered":"https:\/\/ton.connectingminds.net\/product\/radioshack-trek-nissan-finish-tour-de-france-25-7-10\/"},"modified":"2026-01-28T12:01:05","modified_gmt":"2026-01-28T11:01:05","slug":"radioshack-trek-nissan-finition-tour-de-france-25-7-10","status":"publish","type":"product","link":"https:\/\/tonmerckxwielershirts.nl\/fr\/retro-wielershirt\/radioshack-trek-nissan-finish-tour-de-france-25-7-10\/","title":{"rendered":"RADIOSHACK (b)-CHEMISE DE CYCLISME TREK-NISSAN 2010"},"content":{"rendered":"<p>Maillot sp\u00e9cial pour la derni\u00e8re \u00e9tape du TOUR DE FRANCE 2010 (25 juillet).<\/p>\n<p>Lance Armstrong, sept fois vainqueur du Tour, voulait mettre fin \u00e0 sa deuxi\u00e8me vie cycliste avec une d\u00e9claration.<\/p>\n<p>Cependant, cela n&#039;a pas \u00e9t\u00e9 appr\u00e9ci\u00e9 par les responsables de l&#039;UCI.<\/p>\n<p>Le RADIOSHACK s&#039;est pr\u00e9sent\u00e9 au d\u00e9part avec une chemise noire avec le num\u00e9ro 28 dans le dos.<\/p>\n<p>Le chiffre 28 fait r\u00e9f\u00e9rence aux 28 millions de personnes qui souffrent de cancer, \u00e0 c\u00f4t\u00e9 du nom de la fondation LIVESTRONG, l&#039;organisation avec laquelle Armstrong lutte contre le cancer.<\/p>\n<p>Les maillots devaient \u00eatre enlev\u00e9s avant le d\u00e9part et remplac\u00e9s par les maillots d&#039;origine de l&#039;\u00e9quipe, les r\u00e8gles sont les r\u00e8gles, a-t-on dit \u00e0 l&#039;\u00e9quipe.<\/p>\n<p>A cause de toutes ces chamailleries, l&#039;\u00e9tape est repartie avec quinze minutes de retard.<\/p>\n<p>Les coureurs de RADIOSHACK ont \u00e9t\u00e9 condamn\u00e9s \u00e0 une amende de 200 francs suisses par personne, l&#039;\u00e9quipe de RADIOSHACK \u00e0 une amende suppl\u00e9mentaire de 4500 francs suisses. L&#039;UCI a annonc\u00e9 qu&#039;elle verserait l&#039;\u00e9quivalent de 4 000 euros \u00e0 la lutte contre le cancer.<\/p>","protected":false},"excerpt":{"rendered":"<p>Speciaal shirt voor de laatste etappe van de TOUR DE FRANCE 2010\u00a0 (25 Juli). 7 voudig tourwinnaar Lance Armstrong wilde zijn 2e wielerleven afsluiten met een statement. Dat werd echter niet op prijs gesteld door de officials van de UCI. De RADIOSHACK kwam aan de start met een zwart shirt met daarop het cijfer 28 [&hellip;]<\/p>\n","protected":false},"featured_media":5011,"template":"","meta":[],"product_brand":[],"product_cat":[151],"product_tag":[],"class_list":{"0":"post-5012","1":"product","2":"type-product","3":"status-publish","4":"has-post-thumbnail","6":"product_cat-pro-team","8":"first","9":"onbackorder","10":"taxable","11":"shipping-taxable","12":"purchasable","13":"product-type-variable"},"yoast_head":"<!-- This site is optimized with the Yoast SEO plugin v27.4 - https:\/\/yoast.com\/product\/yoast-seo-wordpress\/ -->\n<title>RADIOSHACK (b)-TREK-NISSAN  2010  WIELERSHIRT - Ton Merckx Wielershirts - Rondreis door de wereld van wielershirts<\/title>\n<meta name=\"robots\" content=\"index, follow, max-snippet:-1, max-image-preview:large, max-video-preview:-1\" \/>\n<link rel=\"canonical\" href=\"https:\/\/vintagecycling.store\/fr\/maillot-de-cyclisme-retro\/radioshack-trek-nissan-finition-tour-de-france-25-7-10\/\" \/>\n<meta property=\"og:locale\" content=\"fr_FR\" \/>\n<meta property=\"og:type\" content=\"article\" \/>\n<meta property=\"og:title\" content=\"RADIOSHACK (b)-TREK-NISSAN  2010  WIELERSHIRT - Ton Merckx Wielershirts - Rondreis door de wereld van wielershirts\" \/>\n<meta property=\"og:description\" content=\"Speciaal shirt voor de laatste etappe van de TOUR DE FRANCE 2010\u00a0 (25 Juli). 7 voudig tourwinnaar Lance Armstrong wilde zijn 2e wielerleven afsluiten met een statement. Dat werd echter niet op prijs gesteld door de officials van de UCI. De RADIOSHACK kwam aan de start met een zwart shirt met daarop het cijfer 28 [&hellip;]\" \/>\n<meta property=\"og:url\" content=\"https:\/\/vintagecycling.store\/fr\/maillot-de-cyclisme-retro\/radioshack-trek-nissan-finition-tour-de-france-25-7-10\/\" \/>\n<meta property=\"og:site_name\" content=\"Ton Merckx Wielershirts - Rondreis door de wereld van wielershirts\" \/>\n<meta property=\"article:modified_time\" content=\"2026-01-28T11:01:05+00:00\" \/>\n<meta property=\"og:image\" content=\"https:\/\/vintagecycling.store\/wp-content\/uploads\/2023\/01\/SSA44893.jpg\" \/>\n\t<meta property=\"og:image:width\" content=\"1704\" \/>\n\t<meta property=\"og:image:height\" content=\"2272\" \/>\n\t<meta property=\"og:image:type\" content=\"image\/jpeg\" \/>\n<meta name=\"twitter:card\" content=\"summary_large_image\" \/>\n<meta name=\"twitter:label1\" content=\"Dur\u00e9e de lecture estim\u00e9e\" \/>\n\t<meta name=\"twitter:data1\" content=\"1 minute\" \/>\n<script type=\"application\/ld+json\" class=\"yoast-schema-graph\">{\"@context\":\"https:\\\/\\\/schema.org\",\"@graph\":[{\"@type\":\"WebPage\",\"@id\":\"https:\\\/\\\/vintagecycling.store\\\/fr\\\/maillot-de-cyclisme-retro\\\/radioshack-trek-nissan-finition-tour-de-france-25-7-10\\\/\",\"url\":\"https:\\\/\\\/vintagecycling.store\\\/fr\\\/maillot-de-cyclisme-retro\\\/radioshack-trek-nissan-finition-tour-de-france-25-7-10\\\/\",\"name\":\"RADIOSHACK (b)-TREK-NISSAN 2010 WIELERSHIRT - Ton Merckx Wielershirts - Rondreis door de wereld van wielershirts\",\"isPartOf\":{\"@id\":\"https:\\\/\\\/tonmerckxwielershirts.nl\\\/es\\\/#website\"},\"primaryImageOfPage\":{\"@id\":\"https:\\\/\\\/vintagecycling.store\\\/fr\\\/maillot-de-cyclisme-retro\\\/radioshack-trek-nissan-finition-tour-de-france-25-7-10\\\/#primaryimage\"},\"image\":{\"@id\":\"https:\\\/\\\/vintagecycling.store\\\/fr\\\/maillot-de-cyclisme-retro\\\/radioshack-trek-nissan-finition-tour-de-france-25-7-10\\\/#primaryimage\"},\"thumbnailUrl\":\"https:\\\/\\\/tonmerckxwielershirts.nl\\\/wp-content\\\/uploads\\\/2023\\\/01\\\/SSA44893.jpg\",\"datePublished\":\"2023-01-24T18:22:00+00:00\",\"dateModified\":\"2026-01-28T11:01:05+00:00\",\"breadcrumb\":{\"@id\":\"https:\\\/\\\/vintagecycling.store\\\/fr\\\/maillot-de-cyclisme-retro\\\/radioshack-trek-nissan-finition-tour-de-france-25-7-10\\\/#breadcrumb\"},\"inLanguage\":\"fr-FR\",\"potentialAction\":[{\"@type\":\"ReadAction\",\"target\":[\"https:\\\/\\\/vintagecycling.store\\\/fr\\\/maillot-de-cyclisme-retro\\\/radioshack-trek-nissan-finition-tour-de-france-25-7-10\\\/\"]}]},{\"@type\":\"ImageObject\",\"inLanguage\":\"fr-FR\",\"@id\":\"https:\\\/\\\/vintagecycling.store\\\/fr\\\/maillot-de-cyclisme-retro\\\/radioshack-trek-nissan-finition-tour-de-france-25-7-10\\\/#primaryimage\",\"url\":\"https:\\\/\\\/tonmerckxwielershirts.nl\\\/wp-content\\\/uploads\\\/2023\\\/01\\\/SSA44893.jpg\",\"contentUrl\":\"https:\\\/\\\/tonmerckxwielershirts.nl\\\/wp-content\\\/uploads\\\/2023\\\/01\\\/SSA44893.jpg\",\"width\":1704,\"height\":2272},{\"@type\":\"BreadcrumbList\",\"@id\":\"https:\\\/\\\/vintagecycling.store\\\/fr\\\/maillot-de-cyclisme-retro\\\/radioshack-trek-nissan-finition-tour-de-france-25-7-10\\\/#breadcrumb\",\"itemListElement\":[{\"@type\":\"ListItem\",\"position\":1,\"name\":\"Home\",\"item\":\"https:\\\/\\\/tonmerckxwielershirts.nl\\\/es\\\/\"},{\"@type\":\"ListItem\",\"position\":2,\"name\":\"Retro wielershirts\",\"item\":\"https:\\\/\\\/tonmerckxwielershirts.nl\\\/es\\\/camisetas-de-ciclismo-retro\\\/\"},{\"@type\":\"ListItem\",\"position\":3,\"name\":\"RADIOSHACK (b)-TREK-NISSAN 2010 WIELERSHIRT\"}]},{\"@type\":\"WebSite\",\"@id\":\"https:\\\/\\\/tonmerckxwielershirts.nl\\\/es\\\/#website\",\"url\":\"https:\\\/\\\/tonmerckxwielershirts.nl\\\/es\\\/\",\"name\":\"Ton Merckx Wielershirts - Rondreis door de wereld van wielershirts\",\"description\":\"thousands of original cycling jerseys - order your replica!\",\"publisher\":{\"@id\":\"https:\\\/\\\/tonmerckxwielershirts.nl\\\/es\\\/#organization\"},\"potentialAction\":[{\"@type\":\"SearchAction\",\"target\":{\"@type\":\"EntryPoint\",\"urlTemplate\":\"https:\\\/\\\/tonmerckxwielershirts.nl\\\/es\\\/?s={search_term_string}\"},\"query-input\":{\"@type\":\"PropertyValueSpecification\",\"valueRequired\":true,\"valueName\":\"search_term_string\"}}],\"inLanguage\":\"fr-FR\"},{\"@type\":\"Organization\",\"@id\":\"https:\\\/\\\/tonmerckxwielershirts.nl\\\/es\\\/#organization\",\"name\":\"Ton Merckx Wielershirts - Rondreis door de wereld van wielershirts\",\"url\":\"https:\\\/\\\/tonmerckxwielershirts.nl\\\/es\\\/\",\"logo\":{\"@type\":\"ImageObject\",\"inLanguage\":\"fr-FR\",\"@id\":\"https:\\\/\\\/tonmerckxwielershirts.nl\\\/es\\\/#\\\/schema\\\/logo\\\/image\\\/\",\"url\":\"https:\\\/\\\/tonmerckxwielershirts.nl\\\/wp-content\\\/uploads\\\/2023\\\/03\\\/ton-merckx-logo.jpg\",\"contentUrl\":\"https:\\\/\\\/tonmerckxwielershirts.nl\\\/wp-content\\\/uploads\\\/2023\\\/03\\\/ton-merckx-logo.jpg\",\"width\":391,\"height\":57,\"caption\":\"Ton Merckx Wielershirts - Rondreis door de wereld van wielershirts\"},\"image\":{\"@id\":\"https:\\\/\\\/tonmerckxwielershirts.nl\\\/es\\\/#\\\/schema\\\/logo\\\/image\\\/\"}}]}<\/script>\n<!-- \/ Yoast SEO plugin. -->","yoast_head_json":{"title":"RADIOSHACK (b)-CHEMISE DE CYCLISME TREK-NISSAN 2010 - Maillots de cyclisme Ton Merckx - Tour \u00e0 travers le monde des maillots de cyclisme","robots":{"index":"index","follow":"follow","max-snippet":"max-snippet:-1","max-image-preview":"max-image-preview:large","max-video-preview":"max-video-preview:-1"},"canonical":"https:\/\/vintagecycling.store\/fr\/maillot-de-cyclisme-retro\/radioshack-trek-nissan-finition-tour-de-france-25-7-10\/","og_locale":"fr_FR","og_type":"article","og_title":"RADIOSHACK (b)-TREK-NISSAN  2010  WIELERSHIRT - Ton Merckx Wielershirts - Rondreis door de wereld van wielershirts","og_description":"Speciaal shirt voor de laatste etappe van de TOUR DE FRANCE 2010\u00a0 (25 Juli). 7 voudig tourwinnaar Lance Armstrong wilde zijn 2e wielerleven afsluiten met een statement. Dat werd echter niet op prijs gesteld door de officials van de UCI. De RADIOSHACK kwam aan de start met een zwart shirt met daarop het cijfer 28 [&hellip;]","og_url":"https:\/\/vintagecycling.store\/fr\/maillot-de-cyclisme-retro\/radioshack-trek-nissan-finition-tour-de-france-25-7-10\/","og_site_name":"Ton Merckx Wielershirts - Rondreis door de wereld van wielershirts","article_modified_time":"2026-01-28T11:01:05+00:00","og_image":[{"width":1704,"height":2272,"url":"https:\/\/vintagecycling.store\/wp-content\/uploads\/2023\/01\/SSA44893.jpg","type":"image\/jpeg"}],"twitter_card":"summary_large_image","twitter_misc":{"Dur\u00e9e de lecture estim\u00e9e":"1 minute"},"schema":{"@context":"https:\/\/schema.org","@graph":[{"@type":"WebPage","@id":"https:\/\/vintagecycling.store\/fr\/maillot-de-cyclisme-retro\/radioshack-trek-nissan-finition-tour-de-france-25-7-10\/","url":"https:\/\/vintagecycling.store\/fr\/maillot-de-cyclisme-retro\/radioshack-trek-nissan-finition-tour-de-france-25-7-10\/","name":"RADIOSHACK (b)-CHEMISE DE CYCLISME TREK-NISSAN 2010 - Maillots de cyclisme Ton Merckx - Tour \u00e0 travers le monde des maillots de cyclisme","isPartOf":{"@id":"https:\/\/tonmerckxwielershirts.nl\/es\/#website"},"primaryImageOfPage":{"@id":"https:\/\/vintagecycling.store\/fr\/maillot-de-cyclisme-retro\/radioshack-trek-nissan-finition-tour-de-france-25-7-10\/#primaryimage"},"image":{"@id":"https:\/\/vintagecycling.store\/fr\/maillot-de-cyclisme-retro\/radioshack-trek-nissan-finition-tour-de-france-25-7-10\/#primaryimage"},"thumbnailUrl":"https:\/\/tonmerckxwielershirts.nl\/wp-content\/uploads\/2023\/01\/SSA44893.jpg","datePublished":"2023-01-24T18:22:00+00:00","dateModified":"2026-01-28T11:01:05+00:00","breadcrumb":{"@id":"https:\/\/vintagecycling.store\/fr\/maillot-de-cyclisme-retro\/radioshack-trek-nissan-finition-tour-de-france-25-7-10\/#breadcrumb"},"inLanguage":"fr-FR","potentialAction":[{"@type":"ReadAction","target":["https:\/\/vintagecycling.store\/fr\/maillot-de-cyclisme-retro\/radioshack-trek-nissan-finition-tour-de-france-25-7-10\/"]}]},{"@type":"ImageObject","inLanguage":"fr-FR","@id":"https:\/\/vintagecycling.store\/fr\/maillot-de-cyclisme-retro\/radioshack-trek-nissan-finition-tour-de-france-25-7-10\/#primaryimage","url":"https:\/\/tonmerckxwielershirts.nl\/wp-content\/uploads\/2023\/01\/SSA44893.jpg","contentUrl":"https:\/\/tonmerckxwielershirts.nl\/wp-content\/uploads\/2023\/01\/SSA44893.jpg","width":1704,"height":2272},{"@type":"BreadcrumbList","@id":"https:\/\/vintagecycling.store\/fr\/maillot-de-cyclisme-retro\/radioshack-trek-nissan-finition-tour-de-france-25-7-10\/#breadcrumb","itemListElement":[{"@type":"ListItem","position":1,"name":"Home","item":"https:\/\/tonmerckxwielershirts.nl\/es\/"},{"@type":"ListItem","position":2,"name":"Retro wielershirts","item":"https:\/\/tonmerckxwielershirts.nl\/es\/camisetas-de-ciclismo-retro\/"},{"@type":"ListItem","position":3,"name":"RADIOSHACK (b)-TREK-NISSAN 2010 WIELERSHIRT"}]},{"@type":"WebSite","@id":"https:\/\/tonmerckxwielershirts.nl\/es\/#website","url":"https:\/\/tonmerckxwielershirts.nl\/es\/","name":"Chemises de cyclisme Ton Merckx - Tour \u00e0 travers le monde des chemises de cyclisme","description":"des milliers de maillots de cyclisme originaux - commandez votre r\u00e9plique !","publisher":{"@id":"https:\/\/tonmerckxwielershirts.nl\/es\/#organization"},"potentialAction":[{"@type":"SearchAction","target":{"@type":"EntryPoint","urlTemplate":"https:\/\/tonmerckxwielershirts.nl\/es\/?s={search_term_string}"},"query-input":{"@type":"PropertyValueSpecification","valueRequired":true,"valueName":"search_term_string"}}],"inLanguage":"fr-FR"},{"@type":"Organization","@id":"https:\/\/tonmerckxwielershirts.nl\/es\/#organization","name":"Chemises de cyclisme Ton Merckx - Tour \u00e0 travers le monde des chemises de cyclisme","url":"https:\/\/tonmerckxwielershirts.nl\/es\/","logo":{"@type":"ImageObject","inLanguage":"fr-FR","@id":"https:\/\/tonmerckxwielershirts.nl\/es\/#\/schema\/logo\/image\/","url":"https:\/\/tonmerckxwielershirts.nl\/wp-content\/uploads\/2023\/03\/ton-merckx-logo.jpg","contentUrl":"https:\/\/tonmerckxwielershirts.nl\/wp-content\/uploads\/2023\/03\/ton-merckx-logo.jpg","width":391,"height":57,"caption":"Ton Merckx Wielershirts - Rondreis door de wereld van wielershirts"},"image":{"@id":"https:\/\/tonmerckxwielershirts.nl\/es\/#\/schema\/logo\/image\/"}}]}},"_links":{"self":[{"href":"https:\/\/tonmerckxwielershirts.nl\/fr\/wp-json\/wp\/v2\/product\/5012","targetHints":{"allow":["GET"]}}],"collection":[{"href":"https:\/\/tonmerckxwielershirts.nl\/fr\/wp-json\/wp\/v2\/product"}],"about":[{"href":"https:\/\/tonmerckxwielershirts.nl\/fr\/wp-json\/wp\/v2\/types\/product"}],"wp:featuredmedia":[{"embeddable":true,"href":"https:\/\/tonmerckxwielershirts.nl\/fr\/wp-json\/wp\/v2\/media\/5011"}],"wp:attachment":[{"href":"https:\/\/tonmerckxwielershirts.nl\/fr\/wp-json\/wp\/v2\/media?parent=5012"}],"wp:term":[{"taxonomy":"product_brand","embeddable":true,"href":"https:\/\/tonmerckxwielershirts.nl\/fr\/wp-json\/wp\/v2\/product_brand?post=5012"},{"taxonomy":"product_cat","embeddable":true,"href":"https:\/\/tonmerckxwielershirts.nl\/fr\/wp-json\/wp\/v2\/product_cat?post=5012"},{"taxonomy":"product_tag","embeddable":true,"href":"https:\/\/tonmerckxwielershirts.nl\/fr\/wp-json\/wp\/v2\/product_tag?post=5012"}],"curies":[{"name":"wp","href":"https:\/\/api.w.org\/{rel}","templated":true}]}}