{"id":885,"date":"2023-01-24T17:32:37","date_gmt":"2023-01-24T17:32:37","guid":{"rendered":"https:\/\/ton.connectingminds.net\/product\/alpecin-fenix-tour-de-france-1e-etappe\/"},"modified":"2026-01-28T12:05:06","modified_gmt":"2026-01-28T11:05:06","slug":"alpecin-fenix-tour-de-france-1ere-etape","status":"publish","type":"product","link":"https:\/\/tonmerckxwielershirts.nl\/fr\/retro-wielershirt\/alpecin-fenix-tour-de-france-1e-etappe\/","title":{"rendered":"ALPECIN (a)-MAILLOT DE CYCLISME FENIX TOUR DE FRANCE 1\u00e8re \u00c9TAPE 2021"},"content":{"rendered":"<p>Maillot sp\u00e9cial pour la premi\u00e8re \u00e9tape du Tour de France 2021.<\/p>\n<p>Destin\u00e9 \u00e0 rendre hommage \u00e0 l&#039;\u00e9quipe MERCIER de Raymond Poulidor des ann\u00e9es 1960, Raymond Poulidor est le grand-p\u00e8re du leader de l&#039;\u00e9quipe ALPECIN Matthieu van der Poel.<\/p>","protected":false},"excerpt":{"rendered":"<p>Maillot sp\u00e9cial pour la premi\u00e8re \u00e9tape du Tour de France 2021. Destin\u00e9 \u00e0 rendre hommage \u00e0 l&#039;\u00e9quipe MERCIER de Raymond Poulidor des ann\u00e9es 1960, Raymond Poulidor est le grand-p\u00e8re du leader de l&#039;\u00e9quipe ALPECIN Matthieu van der Poel.<\/p>","protected":false},"featured_media":884,"template":"","meta":[],"product_brand":[],"product_cat":[151],"product_tag":[],"class_list":{"0":"post-885","1":"product","2":"type-product","3":"status-publish","4":"has-post-thumbnail","6":"product_cat-pro-team","8":"first","9":"outofstock","10":"taxable","11":"shipping-taxable","12":"purchasable","13":"product-type-variable"},"yoast_head":"<!-- This site is optimized with the Yoast SEO plugin v27.4 - https:\/\/yoast.com\/product\/yoast-seo-wordpress\/ -->\n<title>ALPECIN (a)-FENIX TOUR DE FRANCE 1e ETAPPE 2021              WIELERSHIRT - Ton Merckx Wielershirts - Rondreis door de wereld van wielershirts<\/title>\n<meta name=\"robots\" content=\"index, follow, max-snippet:-1, max-image-preview:large, max-video-preview:-1\" \/>\n<link rel=\"canonical\" href=\"https:\/\/vintagecycling.store\/retro-wielershirt\/alpecin-fenix-tour-de-france-1e-etappe\/\" \/>\n<meta property=\"og:locale\" content=\"fr_FR\" \/>\n<meta property=\"og:type\" content=\"article\" \/>\n<meta property=\"og:title\" content=\"ALPECIN (a)-FENIX TOUR DE FRANCE 1e ETAPPE 2021              WIELERSHIRT - Ton Merckx Wielershirts - Rondreis door de wereld van wielershirts\" \/>\n<meta property=\"og:description\" content=\"Speciaal shirt voor de eerste etappe van de Tour de France 2021. Bedoeld als eerbetoon aan Raymond Poulidors MERCIER ploeg uit de jaren 60, Raymond Poulidor is de opa van de kopman van de ALPECIN ploeg Matthieu van der Poel\" \/>\n<meta property=\"og:url\" content=\"https:\/\/vintagecycling.store\/retro-wielershirt\/alpecin-fenix-tour-de-france-1e-etappe\/\" \/>\n<meta property=\"og:site_name\" content=\"Ton Merckx Wielershirts - Rondreis door de wereld van wielershirts\" \/>\n<meta property=\"article:modified_time\" content=\"2026-01-28T11:05:06+00:00\" \/>\n<meta property=\"og:image\" content=\"https:\/\/vintagecycling.store\/wp-content\/uploads\/2023\/01\/IMG_0974-scaled.jpg\" \/>\n\t<meta property=\"og:image:width\" content=\"1920\" \/>\n\t<meta property=\"og:image:height\" content=\"2560\" \/>\n\t<meta property=\"og:image:type\" content=\"image\/jpeg\" \/>\n<meta name=\"twitter:card\" content=\"summary_large_image\" \/>\n<meta name=\"twitter:label1\" content=\"Dur\u00e9e de lecture estim\u00e9e\" \/>\n\t<meta name=\"twitter:data1\" content=\"1 minute\" \/>\n<script type=\"application\/ld+json\" class=\"yoast-schema-graph\">{\"@context\":\"https:\\\/\\\/schema.org\",\"@graph\":[{\"@type\":\"WebPage\",\"@id\":\"https:\\\/\\\/vintagecycling.store\\\/retro-wielershirt\\\/alpecin-fenix-tour-de-france-1e-etappe\\\/\",\"url\":\"https:\\\/\\\/vintagecycling.store\\\/retro-wielershirt\\\/alpecin-fenix-tour-de-france-1e-etappe\\\/\",\"name\":\"ALPECIN (a)-FENIX TOUR DE FRANCE 1e ETAPPE 2021 WIELERSHIRT - Ton Merckx Wielershirts - Rondreis door de wereld van wielershirts\",\"isPartOf\":{\"@id\":\"https:\\\/\\\/mail.ton-merckx-wielershirts.nl\\\/#website\"},\"primaryImageOfPage\":{\"@id\":\"https:\\\/\\\/vintagecycling.store\\\/retro-wielershirt\\\/alpecin-fenix-tour-de-france-1e-etappe\\\/#primaryimage\"},\"image\":{\"@id\":\"https:\\\/\\\/vintagecycling.store\\\/retro-wielershirt\\\/alpecin-fenix-tour-de-france-1e-etappe\\\/#primaryimage\"},\"thumbnailUrl\":\"https:\\\/\\\/tonmerckxwielershirts.nl\\\/wp-content\\\/uploads\\\/2023\\\/01\\\/IMG_0974-scaled.jpg\",\"datePublished\":\"2023-01-24T17:32:37+00:00\",\"dateModified\":\"2026-01-28T11:05:06+00:00\",\"breadcrumb\":{\"@id\":\"https:\\\/\\\/vintagecycling.store\\\/retro-wielershirt\\\/alpecin-fenix-tour-de-france-1e-etappe\\\/#breadcrumb\"},\"inLanguage\":\"fr-FR\",\"potentialAction\":[{\"@type\":\"ReadAction\",\"target\":[\"https:\\\/\\\/vintagecycling.store\\\/retro-wielershirt\\\/alpecin-fenix-tour-de-france-1e-etappe\\\/\"]}]},{\"@type\":\"ImageObject\",\"inLanguage\":\"fr-FR\",\"@id\":\"https:\\\/\\\/vintagecycling.store\\\/retro-wielershirt\\\/alpecin-fenix-tour-de-france-1e-etappe\\\/#primaryimage\",\"url\":\"https:\\\/\\\/tonmerckxwielershirts.nl\\\/wp-content\\\/uploads\\\/2023\\\/01\\\/IMG_0974-scaled.jpg\",\"contentUrl\":\"https:\\\/\\\/tonmerckxwielershirts.nl\\\/wp-content\\\/uploads\\\/2023\\\/01\\\/IMG_0974-scaled.jpg\",\"width\":1920,\"height\":2560},{\"@type\":\"BreadcrumbList\",\"@id\":\"https:\\\/\\\/vintagecycling.store\\\/retro-wielershirt\\\/alpecin-fenix-tour-de-france-1e-etappe\\\/#breadcrumb\",\"itemListElement\":[{\"@type\":\"ListItem\",\"position\":1,\"name\":\"Home\",\"item\":\"https:\\\/\\\/mail.ton-merckx-wielershirts.nl\\\/\"},{\"@type\":\"ListItem\",\"position\":2,\"name\":\"Retro wielershirts\",\"item\":\"https:\\\/\\\/mail.cyclingoriginals.com\\\/it\\\/maglie-da-ciclismo-retro\\\/\"},{\"@type\":\"ListItem\",\"position\":3,\"name\":\"ALPECIN (a)-FENIX TOUR DE FRANCE 1e ETAPPE 2021 WIELERSHIRT\"}]},{\"@type\":\"WebSite\",\"@id\":\"https:\\\/\\\/mail.ton-merckx-wielershirts.nl\\\/#website\",\"url\":\"https:\\\/\\\/mail.ton-merckx-wielershirts.nl\\\/\",\"name\":\"Ton Merckx Wielershirts - Rondreis door de wereld van wielershirts\",\"description\":\"thousands of original cycling jerseys - order your replica!\",\"publisher\":{\"@id\":\"https:\\\/\\\/mail.ton-merckx-wielershirts.nl\\\/#organization\"},\"potentialAction\":[{\"@type\":\"SearchAction\",\"target\":{\"@type\":\"EntryPoint\",\"urlTemplate\":\"https:\\\/\\\/mail.ton-merckx-wielershirts.nl\\\/?s={search_term_string}\"},\"query-input\":{\"@type\":\"PropertyValueSpecification\",\"valueRequired\":true,\"valueName\":\"search_term_string\"}}],\"inLanguage\":\"fr-FR\"},{\"@type\":\"Organization\",\"@id\":\"https:\\\/\\\/mail.ton-merckx-wielershirts.nl\\\/#organization\",\"name\":\"Ton Merckx Wielershirts - Rondreis door de wereld van wielershirts\",\"url\":\"https:\\\/\\\/mail.ton-merckx-wielershirts.nl\\\/\",\"logo\":{\"@type\":\"ImageObject\",\"inLanguage\":\"fr-FR\",\"@id\":\"https:\\\/\\\/mail.ton-merckx-wielershirts.nl\\\/#\\\/schema\\\/logo\\\/image\\\/\",\"url\":\"https:\\\/\\\/tonmerckxwielershirts.nl\\\/wp-content\\\/uploads\\\/2023\\\/03\\\/ton-merckx-logo.jpg\",\"contentUrl\":\"https:\\\/\\\/tonmerckxwielershirts.nl\\\/wp-content\\\/uploads\\\/2023\\\/03\\\/ton-merckx-logo.jpg\",\"width\":391,\"height\":57,\"caption\":\"Ton Merckx Wielershirts - Rondreis door de wereld van wielershirts\"},\"image\":{\"@id\":\"https:\\\/\\\/mail.ton-merckx-wielershirts.nl\\\/#\\\/schema\\\/logo\\\/image\\\/\"}}]}<\/script>\n<!-- \/ Yoast SEO plugin. -->","yoast_head_json":{"title":"ALPECIN (a)-MAILLOT DE CYCLISME FENIX TOUR DE FRANCE 1\u00e8re \u00c9TAPE 2021 - Ton Merckx Cycling Jerseys - Tour \u00e0 travers le monde des maillots de cyclisme","robots":{"index":"index","follow":"follow","max-snippet":"max-snippet:-1","max-image-preview":"max-image-preview:large","max-video-preview":"max-video-preview:-1"},"canonical":"https:\/\/vintagecycling.store\/retro-wielershirt\/alpecin-fenix-tour-de-france-1e-etappe\/","og_locale":"fr_FR","og_type":"article","og_title":"ALPECIN (a)-FENIX TOUR DE FRANCE 1e ETAPPE 2021              WIELERSHIRT - Ton Merckx Wielershirts - Rondreis door de wereld van wielershirts","og_description":"Speciaal shirt voor de eerste etappe van de Tour de France 2021. Bedoeld als eerbetoon aan Raymond Poulidors MERCIER ploeg uit de jaren 60, Raymond Poulidor is de opa van de kopman van de ALPECIN ploeg Matthieu van der Poel","og_url":"https:\/\/vintagecycling.store\/retro-wielershirt\/alpecin-fenix-tour-de-france-1e-etappe\/","og_site_name":"Ton Merckx Wielershirts - Rondreis door de wereld van wielershirts","article_modified_time":"2026-01-28T11:05:06+00:00","og_image":[{"width":1920,"height":2560,"url":"https:\/\/vintagecycling.store\/wp-content\/uploads\/2023\/01\/IMG_0974-scaled.jpg","type":"image\/jpeg"}],"twitter_card":"summary_large_image","twitter_misc":{"Dur\u00e9e de lecture estim\u00e9e":"1 minute"},"schema":{"@context":"https:\/\/schema.org","@graph":[{"@type":"WebPage","@id":"https:\/\/vintagecycling.store\/retro-wielershirt\/alpecin-fenix-tour-de-france-1e-etappe\/","url":"https:\/\/vintagecycling.store\/retro-wielershirt\/alpecin-fenix-tour-de-france-1e-etappe\/","name":"ALPECIN (a)-MAILLOT DE CYCLISME FENIX TOUR DE FRANCE 1\u00e8re \u00c9TAPE 2021 - Ton Merckx Cycling Jerseys - Tour \u00e0 travers le monde des maillots de cyclisme","isPartOf":{"@id":"https:\/\/mail.ton-merckx-wielershirts.nl\/#website"},"primaryImageOfPage":{"@id":"https:\/\/vintagecycling.store\/retro-wielershirt\/alpecin-fenix-tour-de-france-1e-etappe\/#primaryimage"},"image":{"@id":"https:\/\/vintagecycling.store\/retro-wielershirt\/alpecin-fenix-tour-de-france-1e-etappe\/#primaryimage"},"thumbnailUrl":"https:\/\/tonmerckxwielershirts.nl\/wp-content\/uploads\/2023\/01\/IMG_0974-scaled.jpg","datePublished":"2023-01-24T17:32:37+00:00","dateModified":"2026-01-28T11:05:06+00:00","breadcrumb":{"@id":"https:\/\/vintagecycling.store\/retro-wielershirt\/alpecin-fenix-tour-de-france-1e-etappe\/#breadcrumb"},"inLanguage":"fr-FR","potentialAction":[{"@type":"ReadAction","target":["https:\/\/vintagecycling.store\/retro-wielershirt\/alpecin-fenix-tour-de-france-1e-etappe\/"]}]},{"@type":"ImageObject","inLanguage":"fr-FR","@id":"https:\/\/vintagecycling.store\/retro-wielershirt\/alpecin-fenix-tour-de-france-1e-etappe\/#primaryimage","url":"https:\/\/tonmerckxwielershirts.nl\/wp-content\/uploads\/2023\/01\/IMG_0974-scaled.jpg","contentUrl":"https:\/\/tonmerckxwielershirts.nl\/wp-content\/uploads\/2023\/01\/IMG_0974-scaled.jpg","width":1920,"height":2560},{"@type":"BreadcrumbList","@id":"https:\/\/vintagecycling.store\/retro-wielershirt\/alpecin-fenix-tour-de-france-1e-etappe\/#breadcrumb","itemListElement":[{"@type":"ListItem","position":1,"name":"Home","item":"https:\/\/mail.ton-merckx-wielershirts.nl\/"},{"@type":"ListItem","position":2,"name":"Retro wielershirts","item":"https:\/\/mail.cyclingoriginals.com\/it\/maglie-da-ciclismo-retro\/"},{"@type":"ListItem","position":3,"name":"ALPECIN (a)-FENIX TOUR DE FRANCE 1e ETAPPE 2021 WIELERSHIRT"}]},{"@type":"WebSite","@id":"https:\/\/mail.ton-merckx-wielershirts.nl\/#website","url":"https:\/\/mail.ton-merckx-wielershirts.nl\/","name":"Chemises de cyclisme Ton Merckx - Tour \u00e0 travers le monde des chemises de cyclisme","description":"des milliers de maillots de cyclisme originaux - commandez votre r\u00e9plique !","publisher":{"@id":"https:\/\/mail.ton-merckx-wielershirts.nl\/#organization"},"potentialAction":[{"@type":"SearchAction","target":{"@type":"EntryPoint","urlTemplate":"https:\/\/mail.ton-merckx-wielershirts.nl\/?s={search_term_string}"},"query-input":{"@type":"PropertyValueSpecification","valueRequired":true,"valueName":"search_term_string"}}],"inLanguage":"fr-FR"},{"@type":"Organization","@id":"https:\/\/mail.ton-merckx-wielershirts.nl\/#organization","name":"Chemises de cyclisme Ton Merckx - Tour \u00e0 travers le monde des chemises de cyclisme","url":"https:\/\/mail.ton-merckx-wielershirts.nl\/","logo":{"@type":"ImageObject","inLanguage":"fr-FR","@id":"https:\/\/mail.ton-merckx-wielershirts.nl\/#\/schema\/logo\/image\/","url":"https:\/\/tonmerckxwielershirts.nl\/wp-content\/uploads\/2023\/03\/ton-merckx-logo.jpg","contentUrl":"https:\/\/tonmerckxwielershirts.nl\/wp-content\/uploads\/2023\/03\/ton-merckx-logo.jpg","width":391,"height":57,"caption":"Ton Merckx Wielershirts - Rondreis door de wereld van wielershirts"},"image":{"@id":"https:\/\/mail.ton-merckx-wielershirts.nl\/#\/schema\/logo\/image\/"}}]}},"_links":{"self":[{"href":"https:\/\/tonmerckxwielershirts.nl\/fr\/wp-json\/wp\/v2\/product\/885","targetHints":{"allow":["GET"]}}],"collection":[{"href":"https:\/\/tonmerckxwielershirts.nl\/fr\/wp-json\/wp\/v2\/product"}],"about":[{"href":"https:\/\/tonmerckxwielershirts.nl\/fr\/wp-json\/wp\/v2\/types\/product"}],"wp:featuredmedia":[{"embeddable":true,"href":"https:\/\/tonmerckxwielershirts.nl\/fr\/wp-json\/wp\/v2\/media\/884"}],"wp:attachment":[{"href":"https:\/\/tonmerckxwielershirts.nl\/fr\/wp-json\/wp\/v2\/media?parent=885"}],"wp:term":[{"taxonomy":"product_brand","embeddable":true,"href":"https:\/\/tonmerckxwielershirts.nl\/fr\/wp-json\/wp\/v2\/product_brand?post=885"},{"taxonomy":"product_cat","embeddable":true,"href":"https:\/\/tonmerckxwielershirts.nl\/fr\/wp-json\/wp\/v2\/product_cat?post=885"},{"taxonomy":"product_tag","embeddable":true,"href":"https:\/\/tonmerckxwielershirts.nl\/fr\/wp-json\/wp\/v2\/product_tag?post=885"}],"curies":[{"name":"wp","href":"https:\/\/api.w.org\/{rel}","templated":true}]}}