{"id":178092,"date":"2026-02-21T21:21:01","date_gmt":"2026-02-21T20:21:01","guid":{"rendered":"https:\/\/tonmerckxwielershirts.nl\/?post_type=product&#038;p=178092"},"modified":"2026-02-22T10:24:16","modified_gmt":"2026-02-22T09:24:16","slug":"tietema-rockets-unibet-segui-il-tuo-cuore-2025","status":"publish","type":"product","link":"https:\/\/tonmerckxwielershirts.nl\/it\/retro-wielershirt\/tietema-rockets-unibet-follow-your-hearth-2025\/","title":{"rendered":"TIETEMA ROCKETS (b)- UNIBET\/SEGUI IL TUO CUORE 2025"},"content":{"rendered":"<p>TIETEMA ROCKETS \u2013 UNIBET\/SEGUI IL TUO CUORE 2025.<\/p>\n<p>Nel 2023, il ciclista Bas Tietema fonder\u00e0 la sua squadra, la TOUR DE TIETEMA.<\/p>\n<p>Secondo un concetto che lui sostiene essere unico.<\/p>\n<p>La squadra parte con licenza olandese come squadra continentale, l&#039;obiettivo finale \u00e8: la partecipazione al Tour de France.<\/p>\n<p>Nel 2025 verr\u00e0 compiuto un passo importante: verr\u00e0 ottenuta la licenza di squadra professionistica francese, che avviciner\u00e0 a lungo termine la partecipazione al Tour de France.<\/p>\n<p>Lo sponsor principale \u00e8 UNIBET, ma le normative sul gioco d&#039;azzardo online non consentono pi\u00f9 la presenza di questo nome sulla maglia in tutti i Paesi. Da qui la scelta della maglia FOLLOW YOUR HEART.<\/p>","protected":false},"excerpt":{"rendered":"<p>TIETEMA ROCKETS &#8211; UNIBET\/FOLLOW YOUR HEART 2025. In 2023 begint wielrenner Bas Tietema een eigen ploeg, TOUR DE TIETEMA. Volgens een naar zijn zeggen uniek concept. De ploeg begint onder een Nederlandse licentie als Continental team, het uiteindelijke doel is: Deelname aan de Tour de France. In 2025 neemt met daartoe een belangrijke stap, men [&hellip;]<\/p>\n","protected":false},"featured_media":178093,"template":"","meta":[],"product_brand":[],"product_cat":[151],"product_tag":[],"class_list":{"0":"post-178092","1":"product","2":"type-product","3":"status-publish","4":"has-post-thumbnail","6":"product_cat-pro-team","8":"first","9":"outofstock","10":"taxable","11":"shipping-taxable","12":"product-type-simple"},"yoast_head":"<!-- This site is optimized with the Yoast SEO plugin v27.3 - https:\/\/yoast.com\/product\/yoast-seo-wordpress\/ -->\n<title>TIETEMA ROCKETS (b)- UNIBET\/FOLLOW YOUR HEART  2025 - Ton Merckx Wielershirts - Rondreis door de wereld van wielershirts<\/title>\n<meta name=\"robots\" content=\"index, follow, max-snippet:-1, max-image-preview:large, max-video-preview:-1\" \/>\n<link rel=\"canonical\" href=\"https:\/\/tonmerckxwielershirts.nl\/it\/maglia-da-ciclismo-retro\/tietema-rockets-unibet-segui-il-tuo-cuore-2025\/\" \/>\n<meta property=\"og:locale\" content=\"it_IT\" \/>\n<meta property=\"og:type\" content=\"article\" \/>\n<meta property=\"og:title\" content=\"TIETEMA ROCKETS (b)- UNIBET\/FOLLOW YOUR HEART  2025 - Ton Merckx Wielershirts - Rondreis door de wereld van wielershirts\" \/>\n<meta property=\"og:description\" content=\"TIETEMA ROCKETS &#8211; UNIBET\/FOLLOW YOUR HEART 2025. In 2023 begint wielrenner Bas Tietema een eigen ploeg, TOUR DE TIETEMA. Volgens een naar zijn zeggen uniek concept. De ploeg begint onder een Nederlandse licentie als Continental team, het uiteindelijke doel is: Deelname aan de Tour de France. In 2025 neemt met daartoe een belangrijke stap, men [&hellip;]\" \/>\n<meta property=\"og:url\" content=\"https:\/\/tonmerckxwielershirts.nl\/it\/maglia-da-ciclismo-retro\/tietema-rockets-unibet-segui-il-tuo-cuore-2025\/\" \/>\n<meta property=\"og:site_name\" content=\"Ton Merckx Wielershirts - Rondreis door de wereld van wielershirts\" \/>\n<meta property=\"article:modified_time\" content=\"2026-02-22T09:24:16+00:00\" \/>\n<meta property=\"og:image\" content=\"https:\/\/tonmerckxwielershirts.nl\/wp-content\/uploads\/2026\/02\/IMG_4843-scaled.jpg\" \/>\n\t<meta property=\"og:image:width\" content=\"1920\" \/>\n\t<meta property=\"og:image:height\" content=\"2560\" \/>\n\t<meta property=\"og:image:type\" content=\"image\/jpeg\" \/>\n<meta name=\"twitter:card\" content=\"summary_large_image\" \/>\n<meta name=\"twitter:label1\" content=\"Tempo di lettura stimato\" \/>\n\t<meta name=\"twitter:data1\" content=\"1 minuto\" \/>\n<script type=\"application\/ld+json\" class=\"yoast-schema-graph\">{\"@context\":\"https:\\\/\\\/schema.org\",\"@graph\":[{\"@type\":\"WebPage\",\"@id\":\"https:\\\/\\\/tonmerckxwielershirts.nl\\\/pt\\\/camisa-de-ciclismo-retro\\\/tietema-foguetes-unibet-siga-seu-coracao-2025\\\/\",\"url\":\"https:\\\/\\\/tonmerckxwielershirts.nl\\\/pt\\\/camisa-de-ciclismo-retro\\\/tietema-foguetes-unibet-siga-seu-coracao-2025\\\/\",\"name\":\"TIETEMA ROCKETS (b)- UNIBET\\\/FOLLOW YOUR HEART 2025 - Ton Merckx Wielershirts - Rondreis door de wereld van wielershirts\",\"isPartOf\":{\"@id\":\"https:\\\/\\\/tonmerckxwielershirts.nl\\\/es\\\/#website\"},\"primaryImageOfPage\":{\"@id\":\"https:\\\/\\\/tonmerckxwielershirts.nl\\\/pt\\\/camisa-de-ciclismo-retro\\\/tietema-foguetes-unibet-siga-seu-coracao-2025\\\/#primaryimage\"},\"image\":{\"@id\":\"https:\\\/\\\/tonmerckxwielershirts.nl\\\/pt\\\/camisa-de-ciclismo-retro\\\/tietema-foguetes-unibet-siga-seu-coracao-2025\\\/#primaryimage\"},\"thumbnailUrl\":\"https:\\\/\\\/tonmerckxwielershirts.nl\\\/wp-content\\\/uploads\\\/2026\\\/02\\\/IMG_4843-scaled.jpg\",\"datePublished\":\"2026-02-21T20:21:01+00:00\",\"dateModified\":\"2026-02-22T09:24:16+00:00\",\"breadcrumb\":{\"@id\":\"https:\\\/\\\/tonmerckxwielershirts.nl\\\/pt\\\/camisa-de-ciclismo-retro\\\/tietema-foguetes-unibet-siga-seu-coracao-2025\\\/#breadcrumb\"},\"inLanguage\":\"it-IT\",\"potentialAction\":[{\"@type\":\"ReadAction\",\"target\":[\"https:\\\/\\\/tonmerckxwielershirts.nl\\\/pt\\\/camisa-de-ciclismo-retro\\\/tietema-foguetes-unibet-siga-seu-coracao-2025\\\/\"]}]},{\"@type\":\"ImageObject\",\"inLanguage\":\"it-IT\",\"@id\":\"https:\\\/\\\/tonmerckxwielershirts.nl\\\/pt\\\/camisa-de-ciclismo-retro\\\/tietema-foguetes-unibet-siga-seu-coracao-2025\\\/#primaryimage\",\"url\":\"https:\\\/\\\/tonmerckxwielershirts.nl\\\/wp-content\\\/uploads\\\/2026\\\/02\\\/IMG_4843-scaled.jpg\",\"contentUrl\":\"https:\\\/\\\/tonmerckxwielershirts.nl\\\/wp-content\\\/uploads\\\/2026\\\/02\\\/IMG_4843-scaled.jpg\",\"width\":1920,\"height\":2560,\"caption\":\"TIETEMA ROCKETS - UNIBET\\\/FOLLOW YOUR HEARTH 2025\"},{\"@type\":\"BreadcrumbList\",\"@id\":\"https:\\\/\\\/tonmerckxwielershirts.nl\\\/pt\\\/camisa-de-ciclismo-retro\\\/tietema-foguetes-unibet-siga-seu-coracao-2025\\\/#breadcrumb\",\"itemListElement\":[{\"@type\":\"ListItem\",\"position\":1,\"name\":\"Home\",\"item\":\"https:\\\/\\\/tonmerckxwielershirts.nl\\\/es\\\/\"},{\"@type\":\"ListItem\",\"position\":2,\"name\":\"Retro wielershirts\",\"item\":\"https:\\\/\\\/tonmerckxwielershirts.nl\\\/es\\\/camisetas-de-ciclismo-retro\\\/\"},{\"@type\":\"ListItem\",\"position\":3,\"name\":\"TIETEMA ROCKETS (b)- UNIBET\\\/FOLLOW YOUR HEART 2025\"}]},{\"@type\":\"WebSite\",\"@id\":\"https:\\\/\\\/tonmerckxwielershirts.nl\\\/es\\\/#website\",\"url\":\"https:\\\/\\\/tonmerckxwielershirts.nl\\\/es\\\/\",\"name\":\"Ton Merckx Wielershirts - Rondreis door de wereld van wielershirts\",\"description\":\"thousands of original cycling jerseys - order your replica!\",\"publisher\":{\"@id\":\"https:\\\/\\\/tonmerckxwielershirts.nl\\\/es\\\/#organization\"},\"potentialAction\":[{\"@type\":\"SearchAction\",\"target\":{\"@type\":\"EntryPoint\",\"urlTemplate\":\"https:\\\/\\\/tonmerckxwielershirts.nl\\\/es\\\/?s={search_term_string}\"},\"query-input\":{\"@type\":\"PropertyValueSpecification\",\"valueRequired\":true,\"valueName\":\"search_term_string\"}}],\"inLanguage\":\"it-IT\"},{\"@type\":\"Organization\",\"@id\":\"https:\\\/\\\/tonmerckxwielershirts.nl\\\/es\\\/#organization\",\"name\":\"Ton Merckx Wielershirts - Rondreis door de wereld van wielershirts\",\"url\":\"https:\\\/\\\/tonmerckxwielershirts.nl\\\/es\\\/\",\"logo\":{\"@type\":\"ImageObject\",\"inLanguage\":\"it-IT\",\"@id\":\"https:\\\/\\\/tonmerckxwielershirts.nl\\\/es\\\/#\\\/schema\\\/logo\\\/image\\\/\",\"url\":\"https:\\\/\\\/tonmerckxwielershirts.nl\\\/wp-content\\\/uploads\\\/2023\\\/03\\\/ton-merckx-logo.jpg\",\"contentUrl\":\"https:\\\/\\\/tonmerckxwielershirts.nl\\\/wp-content\\\/uploads\\\/2023\\\/03\\\/ton-merckx-logo.jpg\",\"width\":391,\"height\":57,\"caption\":\"Ton Merckx Wielershirts - Rondreis door de wereld van wielershirts\"},\"image\":{\"@id\":\"https:\\\/\\\/tonmerckxwielershirts.nl\\\/es\\\/#\\\/schema\\\/logo\\\/image\\\/\"}}]}<\/script>\n<!-- \/ Yoast SEO plugin. -->","yoast_head_json":{"title":"TIETEMA ROCKETS (b)- UNIBET\/FOLLOW YOUR HEART 2025 - Maglie da ciclismo Ton Merckx - Tour attraverso il mondo delle maglie da ciclismo","robots":{"index":"index","follow":"follow","max-snippet":"max-snippet:-1","max-image-preview":"max-image-preview:large","max-video-preview":"max-video-preview:-1"},"canonical":"https:\/\/tonmerckxwielershirts.nl\/it\/maglia-da-ciclismo-retro\/tietema-rockets-unibet-segui-il-tuo-cuore-2025\/","og_locale":"it_IT","og_type":"article","og_title":"TIETEMA ROCKETS (b)- UNIBET\/FOLLOW YOUR HEART  2025 - Ton Merckx Wielershirts - Rondreis door de wereld van wielershirts","og_description":"TIETEMA ROCKETS &#8211; UNIBET\/FOLLOW YOUR HEART 2025. In 2023 begint wielrenner Bas Tietema een eigen ploeg, TOUR DE TIETEMA. Volgens een naar zijn zeggen uniek concept. De ploeg begint onder een Nederlandse licentie als Continental team, het uiteindelijke doel is: Deelname aan de Tour de France. In 2025 neemt met daartoe een belangrijke stap, men [&hellip;]","og_url":"https:\/\/tonmerckxwielershirts.nl\/it\/maglia-da-ciclismo-retro\/tietema-rockets-unibet-segui-il-tuo-cuore-2025\/","og_site_name":"Ton Merckx Wielershirts - Rondreis door de wereld van wielershirts","article_modified_time":"2026-02-22T09:24:16+00:00","og_image":[{"width":1920,"height":2560,"url":"https:\/\/tonmerckxwielershirts.nl\/wp-content\/uploads\/2026\/02\/IMG_4843-scaled.jpg","type":"image\/jpeg"}],"twitter_card":"summary_large_image","twitter_misc":{"Tempo di lettura stimato":"1 minuto"},"schema":{"@context":"https:\/\/schema.org","@graph":[{"@type":"WebPage","@id":"https:\/\/tonmerckxwielershirts.nl\/pt\/camisa-de-ciclismo-retro\/tietema-foguetes-unibet-siga-seu-coracao-2025\/","url":"https:\/\/tonmerckxwielershirts.nl\/pt\/camisa-de-ciclismo-retro\/tietema-foguetes-unibet-siga-seu-coracao-2025\/","name":"TIETEMA ROCKETS (b)- UNIBET\/FOLLOW YOUR HEART 2025 - Maglie da ciclismo Ton Merckx - Tour attraverso il mondo delle maglie da ciclismo","isPartOf":{"@id":"https:\/\/tonmerckxwielershirts.nl\/es\/#website"},"primaryImageOfPage":{"@id":"https:\/\/tonmerckxwielershirts.nl\/pt\/camisa-de-ciclismo-retro\/tietema-foguetes-unibet-siga-seu-coracao-2025\/#primaryimage"},"image":{"@id":"https:\/\/tonmerckxwielershirts.nl\/pt\/camisa-de-ciclismo-retro\/tietema-foguetes-unibet-siga-seu-coracao-2025\/#primaryimage"},"thumbnailUrl":"https:\/\/tonmerckxwielershirts.nl\/wp-content\/uploads\/2026\/02\/IMG_4843-scaled.jpg","datePublished":"2026-02-21T20:21:01+00:00","dateModified":"2026-02-22T09:24:16+00:00","breadcrumb":{"@id":"https:\/\/tonmerckxwielershirts.nl\/pt\/camisa-de-ciclismo-retro\/tietema-foguetes-unibet-siga-seu-coracao-2025\/#breadcrumb"},"inLanguage":"it-IT","potentialAction":[{"@type":"ReadAction","target":["https:\/\/tonmerckxwielershirts.nl\/pt\/camisa-de-ciclismo-retro\/tietema-foguetes-unibet-siga-seu-coracao-2025\/"]}]},{"@type":"ImageObject","inLanguage":"it-IT","@id":"https:\/\/tonmerckxwielershirts.nl\/pt\/camisa-de-ciclismo-retro\/tietema-foguetes-unibet-siga-seu-coracao-2025\/#primaryimage","url":"https:\/\/tonmerckxwielershirts.nl\/wp-content\/uploads\/2026\/02\/IMG_4843-scaled.jpg","contentUrl":"https:\/\/tonmerckxwielershirts.nl\/wp-content\/uploads\/2026\/02\/IMG_4843-scaled.jpg","width":1920,"height":2560,"caption":"TIETEMA ROCKETS - UNIBET\/FOLLOW YOUR HEARTH 2025"},{"@type":"BreadcrumbList","@id":"https:\/\/tonmerckxwielershirts.nl\/pt\/camisa-de-ciclismo-retro\/tietema-foguetes-unibet-siga-seu-coracao-2025\/#breadcrumb","itemListElement":[{"@type":"ListItem","position":1,"name":"Home","item":"https:\/\/tonmerckxwielershirts.nl\/es\/"},{"@type":"ListItem","position":2,"name":"Retro wielershirts","item":"https:\/\/tonmerckxwielershirts.nl\/es\/camisetas-de-ciclismo-retro\/"},{"@type":"ListItem","position":3,"name":"TIETEMA ROCKETS (b)- UNIBET\/FOLLOW YOUR HEART 2025"}]},{"@type":"WebSite","@id":"https:\/\/tonmerckxwielershirts.nl\/es\/#website","url":"https:\/\/tonmerckxwielershirts.nl\/es\/","name":"Magliette da ciclismo Ton Merckx - Tour nel mondo delle magliette da ciclismo","description":"migliaia di maglie da ciclismo originali - ordina la tua replica!","publisher":{"@id":"https:\/\/tonmerckxwielershirts.nl\/es\/#organization"},"potentialAction":[{"@type":"SearchAction","target":{"@type":"EntryPoint","urlTemplate":"https:\/\/tonmerckxwielershirts.nl\/es\/?s={search_term_string}"},"query-input":{"@type":"PropertyValueSpecification","valueRequired":true,"valueName":"search_term_string"}}],"inLanguage":"it-IT"},{"@type":"Organization","@id":"https:\/\/tonmerckxwielershirts.nl\/es\/#organization","name":"Magliette da ciclismo Ton Merckx - Tour nel mondo delle magliette da ciclismo","url":"https:\/\/tonmerckxwielershirts.nl\/es\/","logo":{"@type":"ImageObject","inLanguage":"it-IT","@id":"https:\/\/tonmerckxwielershirts.nl\/es\/#\/schema\/logo\/image\/","url":"https:\/\/tonmerckxwielershirts.nl\/wp-content\/uploads\/2023\/03\/ton-merckx-logo.jpg","contentUrl":"https:\/\/tonmerckxwielershirts.nl\/wp-content\/uploads\/2023\/03\/ton-merckx-logo.jpg","width":391,"height":57,"caption":"Ton Merckx Wielershirts - Rondreis door de wereld van wielershirts"},"image":{"@id":"https:\/\/tonmerckxwielershirts.nl\/es\/#\/schema\/logo\/image\/"}}]}},"_links":{"self":[{"href":"https:\/\/tonmerckxwielershirts.nl\/it\/wp-json\/wp\/v2\/product\/178092","targetHints":{"allow":["GET"]}}],"collection":[{"href":"https:\/\/tonmerckxwielershirts.nl\/it\/wp-json\/wp\/v2\/product"}],"about":[{"href":"https:\/\/tonmerckxwielershirts.nl\/it\/wp-json\/wp\/v2\/types\/product"}],"wp:featuredmedia":[{"embeddable":true,"href":"https:\/\/tonmerckxwielershirts.nl\/it\/wp-json\/wp\/v2\/media\/178093"}],"wp:attachment":[{"href":"https:\/\/tonmerckxwielershirts.nl\/it\/wp-json\/wp\/v2\/media?parent=178092"}],"wp:term":[{"taxonomy":"product_brand","embeddable":true,"href":"https:\/\/tonmerckxwielershirts.nl\/it\/wp-json\/wp\/v2\/product_brand?post=178092"},{"taxonomy":"product_cat","embeddable":true,"href":"https:\/\/tonmerckxwielershirts.nl\/it\/wp-json\/wp\/v2\/product_cat?post=178092"},{"taxonomy":"product_tag","embeddable":true,"href":"https:\/\/tonmerckxwielershirts.nl\/it\/wp-json\/wp\/v2\/product_tag?post=178092"}],"curies":[{"name":"wp","href":"https:\/\/api.w.org\/{rel}","templated":true}]}}