{"id":29253,"date":"2024-05-23T21:16:39","date_gmt":"2024-05-23T19:16:39","guid":{"rendered":"https:\/\/tonmerckxwielershirts.nl\/?post_type=product&#038;p=29253"},"modified":"2026-01-28T12:00:40","modified_gmt":"2026-01-28T11:00:40","slug":"garmin-sharp-2014","status":"publish","type":"product","link":"https:\/\/tonmerckxwielershirts.nl\/it\/retro-wielershirt\/garmin-sharp-2014\/","title":{"rendered":"GARMIN-SHARP \u2013 2014 \u2013 Maglia da ciclismo"},"content":{"rendered":"<p>GARMIN-SHARP era una squadra di ciclismo professionistica attiva nel 2014. La squadra era nota per la sua forte attenzione allo sport pulito e alle politiche antidoping. GARMIN-SHARP aveva una selezione diversificata di ciclisti provenienti da diversi paesi, inclusi alcuni grandi nomi del ciclismo. Nel 2014 la squadra ha preso parte alle pi\u00f9 importanti gare ciclistiche come il Tour de France, il Giro d&#039;Italia e la Vuelta a Espa\u00f1a. Uno dei risultati pi\u00f9 importanti della squadra quell&#039;anno fu la vittoria di Daniel Martin al Giro di Lombardia. La squadra era guidata da Jonathan Vaughters, un ex ciclista professionista. GARMIN-SHARP era nota anche per il suo approccio innovativo alla formazione e alla tecnologia. Lo sponsor, Garmin, ha fornito apparecchiature GPS avanzate e Sharp \u00e8 stata un partner chiave nel settore della tecnologia e delle comunicazioni. La squadra aveva una forte base di tifosi ed era apprezzata per la sua sportivit\u00e0 e perseveranza.<\/p>","protected":false},"excerpt":{"rendered":"<p>GARMIN-SHARP era una squadra di ciclismo professionistica attiva nel 2014. La squadra era nota per la sua forte attenzione allo sport pulito e alle politiche antidoping.<\/p>","protected":false},"featured_media":29254,"template":"","meta":[],"product_brand":[],"product_cat":[151],"product_tag":[],"class_list":{"0":"post-29253","1":"product","2":"type-product","3":"status-publish","4":"has-post-thumbnail","6":"product_cat-pro-team","8":"first","9":"onbackorder","10":"taxable","11":"shipping-taxable","12":"purchasable","13":"product-type-variable"},"yoast_head":"<!-- This site is optimized with the Yoast SEO plugin v27.4 - https:\/\/yoast.com\/product\/yoast-seo-wordpress\/ -->\n<title>GARMIN-SHARP - 2014 - Wielershirt - Ton Merckx Wielershirts - Rondreis door de wereld van wielershirts<\/title>\n<meta name=\"description\" content=\"Wielershirt GARMIN-SHARP was een professioneel wielerteam dat actief was in 2014. Het team stond bekend om zijn sterke focus op schone sport en anti-dopingbeleid\" \/>\n<meta name=\"robots\" content=\"index, follow, max-snippet:-1, max-image-preview:large, max-video-preview:-1\" \/>\n<link rel=\"canonical\" href=\"https:\/\/mail.ton-merckx-wielershirts.nl\/it\/maglia-da-ciclismo-retro\/garmin-sharp-2014\/\" \/>\n<meta property=\"og:locale\" content=\"it_IT\" \/>\n<meta property=\"og:type\" content=\"article\" \/>\n<meta property=\"og:title\" content=\"GARMIN-SHARP - 2014 - Wielershirt - Ton Merckx Wielershirts - Rondreis door de wereld van wielershirts\" \/>\n<meta property=\"og:description\" content=\"Wielershirt GARMIN-SHARP was een professioneel wielerteam dat actief was in 2014. Het team stond bekend om zijn sterke focus op schone sport en anti-dopingbeleid\" \/>\n<meta property=\"og:url\" content=\"https:\/\/mail.ton-merckx-wielershirts.nl\/it\/maglia-da-ciclismo-retro\/garmin-sharp-2014\/\" \/>\n<meta property=\"og:site_name\" content=\"Ton Merckx Wielershirts - Rondreis door de wereld van wielershirts\" \/>\n<meta property=\"article:modified_time\" content=\"2026-01-28T11:00:40+00:00\" \/>\n<meta property=\"og:image\" content=\"https:\/\/mail.ton-merckx-wielershirts.nl\/wp-content\/uploads\/2024\/05\/GARMIN-SHARP-2014-scaled.jpg\" \/>\n\t<meta property=\"og:image:width\" content=\"1920\" \/>\n\t<meta property=\"og:image:height\" content=\"2560\" \/>\n\t<meta property=\"og:image:type\" content=\"image\/jpeg\" \/>\n<meta name=\"twitter:card\" content=\"summary_large_image\" \/>\n<meta name=\"twitter:label1\" content=\"Tempo di lettura stimato\" \/>\n\t<meta name=\"twitter:data1\" content=\"1 minuto\" \/>\n<script type=\"application\/ld+json\" class=\"yoast-schema-graph\">{\"@context\":\"https:\\\/\\\/schema.org\",\"@graph\":[{\"@type\":\"WebPage\",\"@id\":\"https:\\\/\\\/mail.ton-merckx-wielershirts.nl\\\/it\\\/maglia-da-ciclismo-retro\\\/garmin-sharp-2014\\\/\",\"url\":\"https:\\\/\\\/mail.ton-merckx-wielershirts.nl\\\/it\\\/maglia-da-ciclismo-retro\\\/garmin-sharp-2014\\\/\",\"name\":\"GARMIN-SHARP - 2014 - Wielershirt - Ton Merckx Wielershirts - Rondreis door de wereld van wielershirts\",\"isPartOf\":{\"@id\":\"https:\\\/\\\/mail.ton-merckx-wielershirts.nl\\\/#website\"},\"primaryImageOfPage\":{\"@id\":\"https:\\\/\\\/mail.ton-merckx-wielershirts.nl\\\/it\\\/maglia-da-ciclismo-retro\\\/garmin-sharp-2014\\\/#primaryimage\"},\"image\":{\"@id\":\"https:\\\/\\\/mail.ton-merckx-wielershirts.nl\\\/it\\\/maglia-da-ciclismo-retro\\\/garmin-sharp-2014\\\/#primaryimage\"},\"thumbnailUrl\":\"https:\\\/\\\/tonmerckxwielershirts.nl\\\/wp-content\\\/uploads\\\/2024\\\/05\\\/GARMIN-SHARP-2014-scaled.jpg\",\"datePublished\":\"2024-05-23T19:16:39+00:00\",\"dateModified\":\"2026-01-28T11:00:40+00:00\",\"description\":\"Wielershirt GARMIN-SHARP was een professioneel wielerteam dat actief was in 2014. Het team stond bekend om zijn sterke focus op schone sport en anti-dopingbeleid\",\"breadcrumb\":{\"@id\":\"https:\\\/\\\/mail.ton-merckx-wielershirts.nl\\\/it\\\/maglia-da-ciclismo-retro\\\/garmin-sharp-2014\\\/#breadcrumb\"},\"inLanguage\":\"it-IT\",\"potentialAction\":[{\"@type\":\"ReadAction\",\"target\":[\"https:\\\/\\\/mail.ton-merckx-wielershirts.nl\\\/it\\\/maglia-da-ciclismo-retro\\\/garmin-sharp-2014\\\/\"]}]},{\"@type\":\"ImageObject\",\"inLanguage\":\"it-IT\",\"@id\":\"https:\\\/\\\/mail.ton-merckx-wielershirts.nl\\\/it\\\/maglia-da-ciclismo-retro\\\/garmin-sharp-2014\\\/#primaryimage\",\"url\":\"https:\\\/\\\/tonmerckxwielershirts.nl\\\/wp-content\\\/uploads\\\/2024\\\/05\\\/GARMIN-SHARP-2014-scaled.jpg\",\"contentUrl\":\"https:\\\/\\\/tonmerckxwielershirts.nl\\\/wp-content\\\/uploads\\\/2024\\\/05\\\/GARMIN-SHARP-2014-scaled.jpg\",\"width\":1920,\"height\":2560},{\"@type\":\"BreadcrumbList\",\"@id\":\"https:\\\/\\\/mail.ton-merckx-wielershirts.nl\\\/it\\\/maglia-da-ciclismo-retro\\\/garmin-sharp-2014\\\/#breadcrumb\",\"itemListElement\":[{\"@type\":\"ListItem\",\"position\":1,\"name\":\"Home\",\"item\":\"https:\\\/\\\/mail.ton-merckx-wielershirts.nl\\\/\"},{\"@type\":\"ListItem\",\"position\":2,\"name\":\"Retro wielershirts\",\"item\":\"https:\\\/\\\/mail.cyclingoriginals.com\\\/it\\\/maglie-da-ciclismo-retro\\\/\"},{\"@type\":\"ListItem\",\"position\":3,\"name\":\"GARMIN-SHARP &#8211; 2014 &#8211; Wielershirt\"}]},{\"@type\":\"WebSite\",\"@id\":\"https:\\\/\\\/mail.ton-merckx-wielershirts.nl\\\/#website\",\"url\":\"https:\\\/\\\/mail.ton-merckx-wielershirts.nl\\\/\",\"name\":\"Ton Merckx Wielershirts - Rondreis door de wereld van wielershirts\",\"description\":\"thousands of original cycling jerseys - order your replica!\",\"publisher\":{\"@id\":\"https:\\\/\\\/mail.ton-merckx-wielershirts.nl\\\/#organization\"},\"potentialAction\":[{\"@type\":\"SearchAction\",\"target\":{\"@type\":\"EntryPoint\",\"urlTemplate\":\"https:\\\/\\\/mail.ton-merckx-wielershirts.nl\\\/?s={search_term_string}\"},\"query-input\":{\"@type\":\"PropertyValueSpecification\",\"valueRequired\":true,\"valueName\":\"search_term_string\"}}],\"inLanguage\":\"it-IT\"},{\"@type\":\"Organization\",\"@id\":\"https:\\\/\\\/mail.ton-merckx-wielershirts.nl\\\/#organization\",\"name\":\"Ton Merckx Wielershirts - Rondreis door de wereld van wielershirts\",\"url\":\"https:\\\/\\\/mail.ton-merckx-wielershirts.nl\\\/\",\"logo\":{\"@type\":\"ImageObject\",\"inLanguage\":\"it-IT\",\"@id\":\"https:\\\/\\\/mail.ton-merckx-wielershirts.nl\\\/#\\\/schema\\\/logo\\\/image\\\/\",\"url\":\"https:\\\/\\\/tonmerckxwielershirts.nl\\\/wp-content\\\/uploads\\\/2023\\\/03\\\/ton-merckx-logo.jpg\",\"contentUrl\":\"https:\\\/\\\/tonmerckxwielershirts.nl\\\/wp-content\\\/uploads\\\/2023\\\/03\\\/ton-merckx-logo.jpg\",\"width\":391,\"height\":57,\"caption\":\"Ton Merckx Wielershirts - Rondreis door de wereld van wielershirts\"},\"image\":{\"@id\":\"https:\\\/\\\/mail.ton-merckx-wielershirts.nl\\\/#\\\/schema\\\/logo\\\/image\\\/\"}}]}<\/script>\n<!-- \/ Yoast SEO plugin. -->","yoast_head_json":{"title":"GARMIN-SHARP - 2014 - Maglia da ciclismo - Maglie da ciclismo Ton Merckx - Tour nel mondo delle maglie da ciclismo","description":"La maglia da ciclismo GARMIN-SHARP era una squadra di ciclismo professionista attiva nel 2014. La squadra era nota per la sua forte attenzione allo sport pulito e alle politiche antidoping","robots":{"index":"index","follow":"follow","max-snippet":"max-snippet:-1","max-image-preview":"max-image-preview:large","max-video-preview":"max-video-preview:-1"},"canonical":"https:\/\/mail.ton-merckx-wielershirts.nl\/it\/maglia-da-ciclismo-retro\/garmin-sharp-2014\/","og_locale":"it_IT","og_type":"article","og_title":"GARMIN-SHARP - 2014 - Wielershirt - Ton Merckx Wielershirts - Rondreis door de wereld van wielershirts","og_description":"Wielershirt GARMIN-SHARP was een professioneel wielerteam dat actief was in 2014. Het team stond bekend om zijn sterke focus op schone sport en anti-dopingbeleid","og_url":"https:\/\/mail.ton-merckx-wielershirts.nl\/it\/maglia-da-ciclismo-retro\/garmin-sharp-2014\/","og_site_name":"Ton Merckx Wielershirts - Rondreis door de wereld van wielershirts","article_modified_time":"2026-01-28T11:00:40+00:00","og_image":[{"width":1920,"height":2560,"url":"https:\/\/mail.ton-merckx-wielershirts.nl\/wp-content\/uploads\/2024\/05\/GARMIN-SHARP-2014-scaled.jpg","type":"image\/jpeg"}],"twitter_card":"summary_large_image","twitter_misc":{"Tempo di lettura stimato":"1 minuto"},"schema":{"@context":"https:\/\/schema.org","@graph":[{"@type":"WebPage","@id":"https:\/\/mail.ton-merckx-wielershirts.nl\/it\/maglia-da-ciclismo-retro\/garmin-sharp-2014\/","url":"https:\/\/mail.ton-merckx-wielershirts.nl\/it\/maglia-da-ciclismo-retro\/garmin-sharp-2014\/","name":"GARMIN-SHARP - 2014 - Maglia da ciclismo - Maglie da ciclismo Ton Merckx - Tour nel mondo delle maglie da ciclismo","isPartOf":{"@id":"https:\/\/mail.ton-merckx-wielershirts.nl\/#website"},"primaryImageOfPage":{"@id":"https:\/\/mail.ton-merckx-wielershirts.nl\/it\/maglia-da-ciclismo-retro\/garmin-sharp-2014\/#primaryimage"},"image":{"@id":"https:\/\/mail.ton-merckx-wielershirts.nl\/it\/maglia-da-ciclismo-retro\/garmin-sharp-2014\/#primaryimage"},"thumbnailUrl":"https:\/\/tonmerckxwielershirts.nl\/wp-content\/uploads\/2024\/05\/GARMIN-SHARP-2014-scaled.jpg","datePublished":"2024-05-23T19:16:39+00:00","dateModified":"2026-01-28T11:00:40+00:00","description":"La maglia da ciclismo GARMIN-SHARP era una squadra di ciclismo professionista attiva nel 2014. La squadra era nota per la sua forte attenzione allo sport pulito e alle politiche antidoping","breadcrumb":{"@id":"https:\/\/mail.ton-merckx-wielershirts.nl\/it\/maglia-da-ciclismo-retro\/garmin-sharp-2014\/#breadcrumb"},"inLanguage":"it-IT","potentialAction":[{"@type":"ReadAction","target":["https:\/\/mail.ton-merckx-wielershirts.nl\/it\/maglia-da-ciclismo-retro\/garmin-sharp-2014\/"]}]},{"@type":"ImageObject","inLanguage":"it-IT","@id":"https:\/\/mail.ton-merckx-wielershirts.nl\/it\/maglia-da-ciclismo-retro\/garmin-sharp-2014\/#primaryimage","url":"https:\/\/tonmerckxwielershirts.nl\/wp-content\/uploads\/2024\/05\/GARMIN-SHARP-2014-scaled.jpg","contentUrl":"https:\/\/tonmerckxwielershirts.nl\/wp-content\/uploads\/2024\/05\/GARMIN-SHARP-2014-scaled.jpg","width":1920,"height":2560},{"@type":"BreadcrumbList","@id":"https:\/\/mail.ton-merckx-wielershirts.nl\/it\/maglia-da-ciclismo-retro\/garmin-sharp-2014\/#breadcrumb","itemListElement":[{"@type":"ListItem","position":1,"name":"Home","item":"https:\/\/mail.ton-merckx-wielershirts.nl\/"},{"@type":"ListItem","position":2,"name":"Retro wielershirts","item":"https:\/\/mail.cyclingoriginals.com\/it\/maglie-da-ciclismo-retro\/"},{"@type":"ListItem","position":3,"name":"GARMIN-SHARP &#8211; 2014 &#8211; Wielershirt"}]},{"@type":"WebSite","@id":"https:\/\/mail.ton-merckx-wielershirts.nl\/#website","url":"https:\/\/mail.ton-merckx-wielershirts.nl\/","name":"Magliette da ciclismo Ton Merckx - Tour nel mondo delle magliette da ciclismo","description":"migliaia di maglie da ciclismo originali - ordina la tua replica!","publisher":{"@id":"https:\/\/mail.ton-merckx-wielershirts.nl\/#organization"},"potentialAction":[{"@type":"SearchAction","target":{"@type":"EntryPoint","urlTemplate":"https:\/\/mail.ton-merckx-wielershirts.nl\/?s={search_term_string}"},"query-input":{"@type":"PropertyValueSpecification","valueRequired":true,"valueName":"search_term_string"}}],"inLanguage":"it-IT"},{"@type":"Organization","@id":"https:\/\/mail.ton-merckx-wielershirts.nl\/#organization","name":"Magliette da ciclismo Ton Merckx - Tour nel mondo delle magliette da ciclismo","url":"https:\/\/mail.ton-merckx-wielershirts.nl\/","logo":{"@type":"ImageObject","inLanguage":"it-IT","@id":"https:\/\/mail.ton-merckx-wielershirts.nl\/#\/schema\/logo\/image\/","url":"https:\/\/tonmerckxwielershirts.nl\/wp-content\/uploads\/2023\/03\/ton-merckx-logo.jpg","contentUrl":"https:\/\/tonmerckxwielershirts.nl\/wp-content\/uploads\/2023\/03\/ton-merckx-logo.jpg","width":391,"height":57,"caption":"Ton Merckx Wielershirts - Rondreis door de wereld van wielershirts"},"image":{"@id":"https:\/\/mail.ton-merckx-wielershirts.nl\/#\/schema\/logo\/image\/"}}]}},"_links":{"self":[{"href":"https:\/\/tonmerckxwielershirts.nl\/it\/wp-json\/wp\/v2\/product\/29253","targetHints":{"allow":["GET"]}}],"collection":[{"href":"https:\/\/tonmerckxwielershirts.nl\/it\/wp-json\/wp\/v2\/product"}],"about":[{"href":"https:\/\/tonmerckxwielershirts.nl\/it\/wp-json\/wp\/v2\/types\/product"}],"wp:featuredmedia":[{"embeddable":true,"href":"https:\/\/tonmerckxwielershirts.nl\/it\/wp-json\/wp\/v2\/media\/29254"}],"wp:attachment":[{"href":"https:\/\/tonmerckxwielershirts.nl\/it\/wp-json\/wp\/v2\/media?parent=29253"}],"wp:term":[{"taxonomy":"product_brand","embeddable":true,"href":"https:\/\/tonmerckxwielershirts.nl\/it\/wp-json\/wp\/v2\/product_brand?post=29253"},{"taxonomy":"product_cat","embeddable":true,"href":"https:\/\/tonmerckxwielershirts.nl\/it\/wp-json\/wp\/v2\/product_cat?post=29253"},{"taxonomy":"product_tag","embeddable":true,"href":"https:\/\/tonmerckxwielershirts.nl\/it\/wp-json\/wp\/v2\/product_tag?post=29253"}],"curies":[{"name":"wp","href":"https:\/\/api.w.org\/{rel}","templated":true}]}}