{"id":3613,"date":"2023-01-24T18:04:36","date_gmt":"2023-01-24T18:04:36","guid":{"rendered":"https:\/\/ton.connectingminds.net\/product\/drifter-ski-shebro\/"},"modified":"2026-01-28T12:02:25","modified_gmt":"2026-01-28T11:02:25","slug":"drifter-ski-shebro","status":"publish","type":"product","link":"https:\/\/tonmerckxwielershirts.nl\/it\/retro-wielershirt\/drifter-ski-shebro\/","title":{"rendered":"MAGLIA DA CICLISMO DRIFTER SHEBRO 1980"},"content":{"rendered":"<p>Drifter Ski era una sorta di squadra satellite di HB Alarm Systems.<\/p>\n<p>Nella maggior parte degli elenchi, 6 corridori compaiono come membri di questa squadra, solo Aldert Jongkind, Ton Zuiker e Jan de Jong hanno effettivamente corso con la maglia DRIFTER SKI.<\/p>\n<p>La societ\u00e0 Hoogenboom dietro HB Alarmsystemen era (sulla carta) l&#039;importatore di DRIFTER SKI. Tuttavia, la cosa non \u00e8 mai decollata e quindi i corridori hanno pubblicizzato qualcosa che in realt\u00e0 non c&#039;era.<\/p>","protected":false},"excerpt":{"rendered":"<p>Drifter ski was een soort van Satelietploeg van HB Alarmsystemen. In de meeste lijsten komen 6 renners voor als zijnde lid van deze ploeg, Slechts Aldert Jongkind, Ton Zuiker en Jan de Jong hebben daadwerkelijk in het DRIFTER SKI shirt gereden. De firma Hoogenboom die achter HB Alarmsystemen zat was (op papier) importeur van DRIFTER [&hellip;]<\/p>\n","protected":false},"featured_media":3612,"template":"","meta":[],"product_brand":[],"product_cat":[151],"product_tag":[],"class_list":{"0":"post-3613","1":"product","2":"type-product","3":"status-publish","4":"has-post-thumbnail","6":"product_cat-pro-team","8":"first","9":"onbackorder","10":"taxable","11":"shipping-taxable","12":"purchasable","13":"product-type-variable"},"yoast_head":"<!-- This site is optimized with the Yoast SEO plugin v27.4 - https:\/\/yoast.com\/product\/yoast-seo-wordpress\/ -->\n<title>DRIFTER SKI-SHEBRO  1980  WIELERSHIRT - Ton Merckx Wielershirts - Rondreis door de wereld van wielershirts<\/title>\n<meta name=\"robots\" content=\"index, follow, max-snippet:-1, max-image-preview:large, max-video-preview:-1\" \/>\n<link rel=\"canonical\" href=\"https:\/\/tonmerckxwielershirts.nl\/it\/maglia-da-ciclismo-retro\/drifter-ski-shebro\/\" \/>\n<meta property=\"og:locale\" content=\"it_IT\" \/>\n<meta property=\"og:type\" content=\"article\" \/>\n<meta property=\"og:title\" content=\"DRIFTER SKI-SHEBRO  1980  WIELERSHIRT - Ton Merckx Wielershirts - Rondreis door de wereld van wielershirts\" \/>\n<meta property=\"og:description\" content=\"Drifter ski was een soort van Satelietploeg van HB Alarmsystemen. In de meeste lijsten komen 6 renners voor als zijnde lid van deze ploeg, Slechts Aldert Jongkind, Ton Zuiker en Jan de Jong hebben daadwerkelijk in het DRIFTER SKI shirt gereden. De firma Hoogenboom die achter HB Alarmsystemen zat was (op papier) importeur van DRIFTER [&hellip;]\" \/>\n<meta property=\"og:url\" content=\"https:\/\/tonmerckxwielershirts.nl\/it\/maglia-da-ciclismo-retro\/drifter-ski-shebro\/\" \/>\n<meta property=\"og:site_name\" content=\"Ton Merckx Wielershirts - Rondreis door de wereld van wielershirts\" \/>\n<meta property=\"article:modified_time\" content=\"2026-01-28T11:02:25+00:00\" \/>\n<meta property=\"og:image\" content=\"https:\/\/tonmerckxwielershirts.nl\/wp-content\/uploads\/2023\/01\/SSA42014.jpg\" \/>\n\t<meta property=\"og:image:width\" content=\"1704\" \/>\n\t<meta property=\"og:image:height\" content=\"2272\" \/>\n\t<meta property=\"og:image:type\" content=\"image\/jpeg\" \/>\n<meta name=\"twitter:card\" content=\"summary_large_image\" \/>\n<meta name=\"twitter:label1\" content=\"Tempo di lettura stimato\" \/>\n\t<meta name=\"twitter:data1\" content=\"1 minuto\" \/>\n<script type=\"application\/ld+json\" class=\"yoast-schema-graph\">{\"@context\":\"https:\\\/\\\/schema.org\",\"@graph\":[{\"@type\":\"WebPage\",\"@id\":\"https:\\\/\\\/tonmerckxwielershirts.nl\\\/ja\\\/%e3%83%ac%e3%83%88%e3%83%ad%e3%81%aa%e3%82%b5%e3%82%a4%e3%82%af%e3%83%aa%e3%83%b3%e3%82%b0%e3%82%b8%e3%83%a3%e3%83%bc%e3%82%b8\\\/%e3%83%89%e3%83%aa%e3%83%95%e3%82%bf%e3%83%bc%e3%82%b9%e3%82%ad%e3%83%bc%e3%82%b7%e3%82%a7%e3%83%96%e3%83%ad\\\/\",\"url\":\"https:\\\/\\\/tonmerckxwielershirts.nl\\\/ja\\\/%e3%83%ac%e3%83%88%e3%83%ad%e3%81%aa%e3%82%b5%e3%82%a4%e3%82%af%e3%83%aa%e3%83%b3%e3%82%b0%e3%82%b8%e3%83%a3%e3%83%bc%e3%82%b8\\\/%e3%83%89%e3%83%aa%e3%83%95%e3%82%bf%e3%83%bc%e3%82%b9%e3%82%ad%e3%83%bc%e3%82%b7%e3%82%a7%e3%83%96%e3%83%ad\\\/\",\"name\":\"DRIFTER SKI-SHEBRO 1980 WIELERSHIRT - Ton Merckx Wielershirts - Rondreis door de wereld van wielershirts\",\"isPartOf\":{\"@id\":\"https:\\\/\\\/tonmerckxwielershirts.nl\\\/de\\\/#website\"},\"primaryImageOfPage\":{\"@id\":\"https:\\\/\\\/tonmerckxwielershirts.nl\\\/ja\\\/%e3%83%ac%e3%83%88%e3%83%ad%e3%81%aa%e3%82%b5%e3%82%a4%e3%82%af%e3%83%aa%e3%83%b3%e3%82%b0%e3%82%b8%e3%83%a3%e3%83%bc%e3%82%b8\\\/%e3%83%89%e3%83%aa%e3%83%95%e3%82%bf%e3%83%bc%e3%82%b9%e3%82%ad%e3%83%bc%e3%82%b7%e3%82%a7%e3%83%96%e3%83%ad\\\/#primaryimage\"},\"image\":{\"@id\":\"https:\\\/\\\/tonmerckxwielershirts.nl\\\/ja\\\/%e3%83%ac%e3%83%88%e3%83%ad%e3%81%aa%e3%82%b5%e3%82%a4%e3%82%af%e3%83%aa%e3%83%b3%e3%82%b0%e3%82%b8%e3%83%a3%e3%83%bc%e3%82%b8\\\/%e3%83%89%e3%83%aa%e3%83%95%e3%82%bf%e3%83%bc%e3%82%b9%e3%82%ad%e3%83%bc%e3%82%b7%e3%82%a7%e3%83%96%e3%83%ad\\\/#primaryimage\"},\"thumbnailUrl\":\"https:\\\/\\\/tonmerckxwielershirts.nl\\\/wp-content\\\/uploads\\\/2023\\\/01\\\/SSA42014.jpg\",\"datePublished\":\"2023-01-24T18:04:36+00:00\",\"dateModified\":\"2026-01-28T11:02:25+00:00\",\"breadcrumb\":{\"@id\":\"https:\\\/\\\/tonmerckxwielershirts.nl\\\/ja\\\/%e3%83%ac%e3%83%88%e3%83%ad%e3%81%aa%e3%82%b5%e3%82%a4%e3%82%af%e3%83%aa%e3%83%b3%e3%82%b0%e3%82%b8%e3%83%a3%e3%83%bc%e3%82%b8\\\/%e3%83%89%e3%83%aa%e3%83%95%e3%82%bf%e3%83%bc%e3%82%b9%e3%82%ad%e3%83%bc%e3%82%b7%e3%82%a7%e3%83%96%e3%83%ad\\\/#breadcrumb\"},\"inLanguage\":\"it-IT\",\"potentialAction\":[{\"@type\":\"ReadAction\",\"target\":[\"https:\\\/\\\/tonmerckxwielershirts.nl\\\/ja\\\/%e3%83%ac%e3%83%88%e3%83%ad%e3%81%aa%e3%82%b5%e3%82%a4%e3%82%af%e3%83%aa%e3%83%b3%e3%82%b0%e3%82%b8%e3%83%a3%e3%83%bc%e3%82%b8\\\/%e3%83%89%e3%83%aa%e3%83%95%e3%82%bf%e3%83%bc%e3%82%b9%e3%82%ad%e3%83%bc%e3%82%b7%e3%82%a7%e3%83%96%e3%83%ad\\\/\"]}]},{\"@type\":\"ImageObject\",\"inLanguage\":\"it-IT\",\"@id\":\"https:\\\/\\\/tonmerckxwielershirts.nl\\\/ja\\\/%e3%83%ac%e3%83%88%e3%83%ad%e3%81%aa%e3%82%b5%e3%82%a4%e3%82%af%e3%83%aa%e3%83%b3%e3%82%b0%e3%82%b8%e3%83%a3%e3%83%bc%e3%82%b8\\\/%e3%83%89%e3%83%aa%e3%83%95%e3%82%bf%e3%83%bc%e3%82%b9%e3%82%ad%e3%83%bc%e3%82%b7%e3%82%a7%e3%83%96%e3%83%ad\\\/#primaryimage\",\"url\":\"https:\\\/\\\/tonmerckxwielershirts.nl\\\/wp-content\\\/uploads\\\/2023\\\/01\\\/SSA42014.jpg\",\"contentUrl\":\"https:\\\/\\\/tonmerckxwielershirts.nl\\\/wp-content\\\/uploads\\\/2023\\\/01\\\/SSA42014.jpg\",\"width\":1704,\"height\":2272},{\"@type\":\"BreadcrumbList\",\"@id\":\"https:\\\/\\\/tonmerckxwielershirts.nl\\\/ja\\\/%e3%83%ac%e3%83%88%e3%83%ad%e3%81%aa%e3%82%b5%e3%82%a4%e3%82%af%e3%83%aa%e3%83%b3%e3%82%b0%e3%82%b8%e3%83%a3%e3%83%bc%e3%82%b8\\\/%e3%83%89%e3%83%aa%e3%83%95%e3%82%bf%e3%83%bc%e3%82%b9%e3%82%ad%e3%83%bc%e3%82%b7%e3%82%a7%e3%83%96%e3%83%ad\\\/#breadcrumb\",\"itemListElement\":[{\"@type\":\"ListItem\",\"position\":1,\"name\":\"Home\",\"item\":\"https:\\\/\\\/tonmerckxwielershirts.nl\\\/de\\\/\"},{\"@type\":\"ListItem\",\"position\":2,\"name\":\"Retro wielershirts\",\"item\":\"https:\\\/\\\/tonmerckxwielershirts.nl\\\/de\\\/retro-radtrikots\\\/\"},{\"@type\":\"ListItem\",\"position\":3,\"name\":\"DRIFTER SKI-SHEBRO 1980 WIELERSHIRT\"}]},{\"@type\":\"WebSite\",\"@id\":\"https:\\\/\\\/tonmerckxwielershirts.nl\\\/de\\\/#website\",\"url\":\"https:\\\/\\\/tonmerckxwielershirts.nl\\\/de\\\/\",\"name\":\"Ton Merckx Wielershirts - Rondreis door de wereld van wielershirts\",\"description\":\"thousands of original cycling jerseys - order your replica!\",\"publisher\":{\"@id\":\"https:\\\/\\\/tonmerckxwielershirts.nl\\\/de\\\/#organization\"},\"potentialAction\":[{\"@type\":\"SearchAction\",\"target\":{\"@type\":\"EntryPoint\",\"urlTemplate\":\"https:\\\/\\\/tonmerckxwielershirts.nl\\\/de\\\/?s={search_term_string}\"},\"query-input\":{\"@type\":\"PropertyValueSpecification\",\"valueRequired\":true,\"valueName\":\"search_term_string\"}}],\"inLanguage\":\"it-IT\"},{\"@type\":\"Organization\",\"@id\":\"https:\\\/\\\/tonmerckxwielershirts.nl\\\/de\\\/#organization\",\"name\":\"Ton Merckx Wielershirts - Rondreis door de wereld van wielershirts\",\"url\":\"https:\\\/\\\/tonmerckxwielershirts.nl\\\/de\\\/\",\"logo\":{\"@type\":\"ImageObject\",\"inLanguage\":\"it-IT\",\"@id\":\"https:\\\/\\\/tonmerckxwielershirts.nl\\\/de\\\/#\\\/schema\\\/logo\\\/image\\\/\",\"url\":\"https:\\\/\\\/tonmerckxwielershirts.nl\\\/wp-content\\\/uploads\\\/2023\\\/03\\\/ton-merckx-logo.jpg\",\"contentUrl\":\"https:\\\/\\\/tonmerckxwielershirts.nl\\\/wp-content\\\/uploads\\\/2023\\\/03\\\/ton-merckx-logo.jpg\",\"width\":391,\"height\":57,\"caption\":\"Ton Merckx Wielershirts - Rondreis door de wereld van wielershirts\"},\"image\":{\"@id\":\"https:\\\/\\\/tonmerckxwielershirts.nl\\\/de\\\/#\\\/schema\\\/logo\\\/image\\\/\"}}]}<\/script>\n<!-- \/ Yoast SEO plugin. -->","yoast_head_json":{"title":"MAGLIETTA DA CICLISMO DRIFTER SKI-SHEBRO 1980 - Maglie ciclismo Ton Merckx - Tour nel mondo delle maglie da ciclismo","robots":{"index":"index","follow":"follow","max-snippet":"max-snippet:-1","max-image-preview":"max-image-preview:large","max-video-preview":"max-video-preview:-1"},"canonical":"https:\/\/tonmerckxwielershirts.nl\/it\/maglia-da-ciclismo-retro\/drifter-ski-shebro\/","og_locale":"it_IT","og_type":"article","og_title":"DRIFTER SKI-SHEBRO  1980  WIELERSHIRT - Ton Merckx Wielershirts - Rondreis door de wereld van wielershirts","og_description":"Drifter ski was een soort van Satelietploeg van HB Alarmsystemen. In de meeste lijsten komen 6 renners voor als zijnde lid van deze ploeg, Slechts Aldert Jongkind, Ton Zuiker en Jan de Jong hebben daadwerkelijk in het DRIFTER SKI shirt gereden. De firma Hoogenboom die achter HB Alarmsystemen zat was (op papier) importeur van DRIFTER [&hellip;]","og_url":"https:\/\/tonmerckxwielershirts.nl\/it\/maglia-da-ciclismo-retro\/drifter-ski-shebro\/","og_site_name":"Ton Merckx Wielershirts - Rondreis door de wereld van wielershirts","article_modified_time":"2026-01-28T11:02:25+00:00","og_image":[{"width":1704,"height":2272,"url":"https:\/\/tonmerckxwielershirts.nl\/wp-content\/uploads\/2023\/01\/SSA42014.jpg","type":"image\/jpeg"}],"twitter_card":"summary_large_image","twitter_misc":{"Tempo di lettura stimato":"1 minuto"},"schema":{"@context":"https:\/\/schema.org","@graph":[{"@type":"WebPage","@id":"https:\/\/tonmerckxwielershirts.nl\/ja\/%e3%83%ac%e3%83%88%e3%83%ad%e3%81%aa%e3%82%b5%e3%82%a4%e3%82%af%e3%83%aa%e3%83%b3%e3%82%b0%e3%82%b8%e3%83%a3%e3%83%bc%e3%82%b8\/%e3%83%89%e3%83%aa%e3%83%95%e3%82%bf%e3%83%bc%e3%82%b9%e3%82%ad%e3%83%bc%e3%82%b7%e3%82%a7%e3%83%96%e3%83%ad\/","url":"https:\/\/tonmerckxwielershirts.nl\/ja\/%e3%83%ac%e3%83%88%e3%83%ad%e3%81%aa%e3%82%b5%e3%82%a4%e3%82%af%e3%83%aa%e3%83%b3%e3%82%b0%e3%82%b8%e3%83%a3%e3%83%bc%e3%82%b8\/%e3%83%89%e3%83%aa%e3%83%95%e3%82%bf%e3%83%bc%e3%82%b9%e3%82%ad%e3%83%bc%e3%82%b7%e3%82%a7%e3%83%96%e3%83%ad\/","name":"MAGLIETTA DA CICLISMO DRIFTER SKI-SHEBRO 1980 - Maglie ciclismo Ton Merckx - Tour nel mondo delle maglie da ciclismo","isPartOf":{"@id":"https:\/\/tonmerckxwielershirts.nl\/de\/#website"},"primaryImageOfPage":{"@id":"https:\/\/tonmerckxwielershirts.nl\/ja\/%e3%83%ac%e3%83%88%e3%83%ad%e3%81%aa%e3%82%b5%e3%82%a4%e3%82%af%e3%83%aa%e3%83%b3%e3%82%b0%e3%82%b8%e3%83%a3%e3%83%bc%e3%82%b8\/%e3%83%89%e3%83%aa%e3%83%95%e3%82%bf%e3%83%bc%e3%82%b9%e3%82%ad%e3%83%bc%e3%82%b7%e3%82%a7%e3%83%96%e3%83%ad\/#primaryimage"},"image":{"@id":"https:\/\/tonmerckxwielershirts.nl\/ja\/%e3%83%ac%e3%83%88%e3%83%ad%e3%81%aa%e3%82%b5%e3%82%a4%e3%82%af%e3%83%aa%e3%83%b3%e3%82%b0%e3%82%b8%e3%83%a3%e3%83%bc%e3%82%b8\/%e3%83%89%e3%83%aa%e3%83%95%e3%82%bf%e3%83%bc%e3%82%b9%e3%82%ad%e3%83%bc%e3%82%b7%e3%82%a7%e3%83%96%e3%83%ad\/#primaryimage"},"thumbnailUrl":"https:\/\/tonmerckxwielershirts.nl\/wp-content\/uploads\/2023\/01\/SSA42014.jpg","datePublished":"2023-01-24T18:04:36+00:00","dateModified":"2026-01-28T11:02:25+00:00","breadcrumb":{"@id":"https:\/\/tonmerckxwielershirts.nl\/ja\/%e3%83%ac%e3%83%88%e3%83%ad%e3%81%aa%e3%82%b5%e3%82%a4%e3%82%af%e3%83%aa%e3%83%b3%e3%82%b0%e3%82%b8%e3%83%a3%e3%83%bc%e3%82%b8\/%e3%83%89%e3%83%aa%e3%83%95%e3%82%bf%e3%83%bc%e3%82%b9%e3%82%ad%e3%83%bc%e3%82%b7%e3%82%a7%e3%83%96%e3%83%ad\/#breadcrumb"},"inLanguage":"it-IT","potentialAction":[{"@type":"ReadAction","target":["https:\/\/tonmerckxwielershirts.nl\/ja\/%e3%83%ac%e3%83%88%e3%83%ad%e3%81%aa%e3%82%b5%e3%82%a4%e3%82%af%e3%83%aa%e3%83%b3%e3%82%b0%e3%82%b8%e3%83%a3%e3%83%bc%e3%82%b8\/%e3%83%89%e3%83%aa%e3%83%95%e3%82%bf%e3%83%bc%e3%82%b9%e3%82%ad%e3%83%bc%e3%82%b7%e3%82%a7%e3%83%96%e3%83%ad\/"]}]},{"@type":"ImageObject","inLanguage":"it-IT","@id":"https:\/\/tonmerckxwielershirts.nl\/ja\/%e3%83%ac%e3%83%88%e3%83%ad%e3%81%aa%e3%82%b5%e3%82%a4%e3%82%af%e3%83%aa%e3%83%b3%e3%82%b0%e3%82%b8%e3%83%a3%e3%83%bc%e3%82%b8\/%e3%83%89%e3%83%aa%e3%83%95%e3%82%bf%e3%83%bc%e3%82%b9%e3%82%ad%e3%83%bc%e3%82%b7%e3%82%a7%e3%83%96%e3%83%ad\/#primaryimage","url":"https:\/\/tonmerckxwielershirts.nl\/wp-content\/uploads\/2023\/01\/SSA42014.jpg","contentUrl":"https:\/\/tonmerckxwielershirts.nl\/wp-content\/uploads\/2023\/01\/SSA42014.jpg","width":1704,"height":2272},{"@type":"BreadcrumbList","@id":"https:\/\/tonmerckxwielershirts.nl\/ja\/%e3%83%ac%e3%83%88%e3%83%ad%e3%81%aa%e3%82%b5%e3%82%a4%e3%82%af%e3%83%aa%e3%83%b3%e3%82%b0%e3%82%b8%e3%83%a3%e3%83%bc%e3%82%b8\/%e3%83%89%e3%83%aa%e3%83%95%e3%82%bf%e3%83%bc%e3%82%b9%e3%82%ad%e3%83%bc%e3%82%b7%e3%82%a7%e3%83%96%e3%83%ad\/#breadcrumb","itemListElement":[{"@type":"ListItem","position":1,"name":"Home","item":"https:\/\/tonmerckxwielershirts.nl\/de\/"},{"@type":"ListItem","position":2,"name":"Retro wielershirts","item":"https:\/\/tonmerckxwielershirts.nl\/de\/retro-radtrikots\/"},{"@type":"ListItem","position":3,"name":"DRIFTER SKI-SHEBRO 1980 WIELERSHIRT"}]},{"@type":"WebSite","@id":"https:\/\/tonmerckxwielershirts.nl\/de\/#website","url":"https:\/\/tonmerckxwielershirts.nl\/de\/","name":"Magliette da ciclismo Ton Merckx - Tour nel mondo delle magliette da ciclismo","description":"migliaia di maglie da ciclismo originali - ordina la tua replica!","publisher":{"@id":"https:\/\/tonmerckxwielershirts.nl\/de\/#organization"},"potentialAction":[{"@type":"SearchAction","target":{"@type":"EntryPoint","urlTemplate":"https:\/\/tonmerckxwielershirts.nl\/de\/?s={search_term_string}"},"query-input":{"@type":"PropertyValueSpecification","valueRequired":true,"valueName":"search_term_string"}}],"inLanguage":"it-IT"},{"@type":"Organization","@id":"https:\/\/tonmerckxwielershirts.nl\/de\/#organization","name":"Magliette da ciclismo Ton Merckx - Tour nel mondo delle magliette da ciclismo","url":"https:\/\/tonmerckxwielershirts.nl\/de\/","logo":{"@type":"ImageObject","inLanguage":"it-IT","@id":"https:\/\/tonmerckxwielershirts.nl\/de\/#\/schema\/logo\/image\/","url":"https:\/\/tonmerckxwielershirts.nl\/wp-content\/uploads\/2023\/03\/ton-merckx-logo.jpg","contentUrl":"https:\/\/tonmerckxwielershirts.nl\/wp-content\/uploads\/2023\/03\/ton-merckx-logo.jpg","width":391,"height":57,"caption":"Ton Merckx Wielershirts - Rondreis door de wereld van wielershirts"},"image":{"@id":"https:\/\/tonmerckxwielershirts.nl\/de\/#\/schema\/logo\/image\/"}}]}},"_links":{"self":[{"href":"https:\/\/tonmerckxwielershirts.nl\/it\/wp-json\/wp\/v2\/product\/3613","targetHints":{"allow":["GET"]}}],"collection":[{"href":"https:\/\/tonmerckxwielershirts.nl\/it\/wp-json\/wp\/v2\/product"}],"about":[{"href":"https:\/\/tonmerckxwielershirts.nl\/it\/wp-json\/wp\/v2\/types\/product"}],"wp:featuredmedia":[{"embeddable":true,"href":"https:\/\/tonmerckxwielershirts.nl\/it\/wp-json\/wp\/v2\/media\/3612"}],"wp:attachment":[{"href":"https:\/\/tonmerckxwielershirts.nl\/it\/wp-json\/wp\/v2\/media?parent=3613"}],"wp:term":[{"taxonomy":"product_brand","embeddable":true,"href":"https:\/\/tonmerckxwielershirts.nl\/it\/wp-json\/wp\/v2\/product_brand?post=3613"},{"taxonomy":"product_cat","embeddable":true,"href":"https:\/\/tonmerckxwielershirts.nl\/it\/wp-json\/wp\/v2\/product_cat?post=3613"},{"taxonomy":"product_tag","embeddable":true,"href":"https:\/\/tonmerckxwielershirts.nl\/it\/wp-json\/wp\/v2\/product_tag?post=3613"}],"curies":[{"name":"wp","href":"https:\/\/api.w.org\/{rel}","templated":true}]}}