{"id":3685,"date":"2023-01-24T18:05:20","date_gmt":"2023-01-24T18:05:20","guid":{"rendered":"https:\/\/ton.connectingminds.net\/product\/gouden-leeuw-tuincentrum-veldhoven\/"},"modified":"2026-01-28T12:02:20","modified_gmt":"2026-01-28T11:02:20","slug":"centro-del-giardino-del-leone-doro-di-veldhoven","status":"publish","type":"product","link":"https:\/\/tonmerckxwielershirts.nl\/it\/retro-wielershirt\/gouden-leeuw-tuincentrum-veldhoven\/","title":{"rendered":"MAGLIA CICLISMO LEONE D&#039;ORO (a)-GARDEN CENTER VELDHOVEN 1995"},"content":{"rendered":"<p>Sponsor privato del ciclista professionista John van den Akker.<\/p>\n<p>Questa \u00e8 stata la prima maglia dall&#039;inizio della stagione, perch\u00e9 le magliette originali non erano ancora pronte, \u00e8 stata utilizzata questa maglia del club del TWC DE KEMPEN con GOUDEN LEUW come sponsor del club e ad essa sono stati aggiunti altri sponsor. bv SCHAUFF sul nome del club TWC DE KEMPEN.<\/p>","protected":false},"excerpt":{"rendered":"<p>Sponsor privato del ciclista professionista John van den Akker. Questa \u00e8 stata la prima maglia dall&#039;inizio della stagione, perch\u00e9 le magliette originali non erano ancora pronte, \u00e8 stata utilizzata questa maglia del club del TWC DE KEMPEN con GOUDEN LEUW come sponsor del club e ad essa sono stati aggiunti altri sponsor. bv SCHAUFF sul nome del club TWC DE KEMPEN.<\/p>","protected":false},"featured_media":3684,"template":"","meta":[],"product_brand":[],"product_cat":[151],"product_tag":[],"class_list":{"0":"post-3685","1":"product","2":"type-product","3":"status-publish","4":"has-post-thumbnail","6":"product_cat-pro-team","8":"first","9":"onbackorder","10":"taxable","11":"shipping-taxable","12":"purchasable","13":"product-type-variable"},"yoast_head":"<!-- This site is optimized with the Yoast SEO plugin v27.4 - https:\/\/yoast.com\/product\/yoast-seo-wordpress\/ -->\n<title>GOUDEN LEEUW (a)-TUINCENTRUM VELDHOVEN  1995  WIELERSHIRT - Ton Merckx Wielershirts - Rondreis door de wereld van wielershirts<\/title>\n<meta name=\"robots\" content=\"index, follow, max-snippet:-1, max-image-preview:large, max-video-preview:-1\" \/>\n<link rel=\"canonical\" href=\"https:\/\/ton.connectingminds.net\/it\/maglia-da-ciclismo-retro\/centro-del-giardino-del-leone-doro-di-veldhoven\/\" \/>\n<meta property=\"og:locale\" content=\"it_IT\" \/>\n<meta property=\"og:type\" content=\"article\" \/>\n<meta property=\"og:title\" content=\"GOUDEN LEEUW (a)-TUINCENTRUM VELDHOVEN  1995  WIELERSHIRT - Ton Merckx Wielershirts - Rondreis door de wereld van wielershirts\" \/>\n<meta property=\"og:description\" content=\"Privesponsor van profrenner John van den Akker. Dit was het eerste shirt vanaf het begin van het seizoen, omdat de originele shirts nog niet klaar waren heeft men dit Clubshirt van TWC DE KEMPEN met GOUDEN LEEUW als clubsponsor gebruikt en er wat andere sponsoren opgeplakt.\u00a0 bv SCHAUFF over de clubnaam van TWC DE KEMPEN.\" \/>\n<meta property=\"og:url\" content=\"https:\/\/ton.connectingminds.net\/it\/maglia-da-ciclismo-retro\/centro-del-giardino-del-leone-doro-di-veldhoven\/\" \/>\n<meta property=\"og:site_name\" content=\"Ton Merckx Wielershirts - Rondreis door de wereld van wielershirts\" \/>\n<meta property=\"article:modified_time\" content=\"2026-01-28T11:02:20+00:00\" \/>\n<meta property=\"og:image\" content=\"https:\/\/ton.connectingminds.net\/wp-content\/uploads\/2023\/01\/SSA42613.jpg\" \/>\n\t<meta property=\"og:image:width\" content=\"1704\" \/>\n\t<meta property=\"og:image:height\" content=\"2272\" \/>\n\t<meta property=\"og:image:type\" content=\"image\/jpeg\" \/>\n<meta name=\"twitter:card\" content=\"summary_large_image\" \/>\n<meta name=\"twitter:label1\" content=\"Tempo di lettura stimato\" \/>\n\t<meta name=\"twitter:data1\" content=\"1 minuto\" \/>\n<script type=\"application\/ld+json\" class=\"yoast-schema-graph\">{\"@context\":\"https:\\\/\\\/schema.org\",\"@graph\":[{\"@type\":\"WebPage\",\"@id\":\"https:\\\/\\\/ton.connectingminds.net\\\/it\\\/maglia-da-ciclismo-retro\\\/centro-del-giardino-del-leone-doro-di-veldhoven\\\/\",\"url\":\"https:\\\/\\\/ton.connectingminds.net\\\/it\\\/maglia-da-ciclismo-retro\\\/centro-del-giardino-del-leone-doro-di-veldhoven\\\/\",\"name\":\"GOUDEN LEEUW (a)-TUINCENTRUM VELDHOVEN 1995 WIELERSHIRT - Ton Merckx Wielershirts - Rondreis door de wereld van wielershirts\",\"isPartOf\":{\"@id\":\"https:\\\/\\\/mail.ton-merckx-wielershirts.nl\\\/#website\"},\"primaryImageOfPage\":{\"@id\":\"https:\\\/\\\/ton.connectingminds.net\\\/it\\\/maglia-da-ciclismo-retro\\\/centro-del-giardino-del-leone-doro-di-veldhoven\\\/#primaryimage\"},\"image\":{\"@id\":\"https:\\\/\\\/ton.connectingminds.net\\\/it\\\/maglia-da-ciclismo-retro\\\/centro-del-giardino-del-leone-doro-di-veldhoven\\\/#primaryimage\"},\"thumbnailUrl\":\"https:\\\/\\\/tonmerckxwielershirts.nl\\\/wp-content\\\/uploads\\\/2023\\\/01\\\/SSA42613.jpg\",\"datePublished\":\"2023-01-24T18:05:20+00:00\",\"dateModified\":\"2026-01-28T11:02:20+00:00\",\"breadcrumb\":{\"@id\":\"https:\\\/\\\/ton.connectingminds.net\\\/it\\\/maglia-da-ciclismo-retro\\\/centro-del-giardino-del-leone-doro-di-veldhoven\\\/#breadcrumb\"},\"inLanguage\":\"it-IT\",\"potentialAction\":[{\"@type\":\"ReadAction\",\"target\":[\"https:\\\/\\\/ton.connectingminds.net\\\/it\\\/maglia-da-ciclismo-retro\\\/centro-del-giardino-del-leone-doro-di-veldhoven\\\/\"]}]},{\"@type\":\"ImageObject\",\"inLanguage\":\"it-IT\",\"@id\":\"https:\\\/\\\/ton.connectingminds.net\\\/it\\\/maglia-da-ciclismo-retro\\\/centro-del-giardino-del-leone-doro-di-veldhoven\\\/#primaryimage\",\"url\":\"https:\\\/\\\/tonmerckxwielershirts.nl\\\/wp-content\\\/uploads\\\/2023\\\/01\\\/SSA42613.jpg\",\"contentUrl\":\"https:\\\/\\\/tonmerckxwielershirts.nl\\\/wp-content\\\/uploads\\\/2023\\\/01\\\/SSA42613.jpg\",\"width\":1704,\"height\":2272},{\"@type\":\"BreadcrumbList\",\"@id\":\"https:\\\/\\\/ton.connectingminds.net\\\/it\\\/maglia-da-ciclismo-retro\\\/centro-del-giardino-del-leone-doro-di-veldhoven\\\/#breadcrumb\",\"itemListElement\":[{\"@type\":\"ListItem\",\"position\":1,\"name\":\"Home\",\"item\":\"https:\\\/\\\/mail.ton-merckx-wielershirts.nl\\\/\"},{\"@type\":\"ListItem\",\"position\":2,\"name\":\"Retro wielershirts\",\"item\":\"https:\\\/\\\/mail.cyclingoriginals.com\\\/it\\\/maglie-da-ciclismo-retro\\\/\"},{\"@type\":\"ListItem\",\"position\":3,\"name\":\"GOUDEN LEEUW (a)-TUINCENTRUM VELDHOVEN 1995 WIELERSHIRT\"}]},{\"@type\":\"WebSite\",\"@id\":\"https:\\\/\\\/mail.ton-merckx-wielershirts.nl\\\/#website\",\"url\":\"https:\\\/\\\/mail.ton-merckx-wielershirts.nl\\\/\",\"name\":\"Ton Merckx Wielershirts - Rondreis door de wereld van wielershirts\",\"description\":\"thousands of original cycling jerseys - order your replica!\",\"publisher\":{\"@id\":\"https:\\\/\\\/mail.ton-merckx-wielershirts.nl\\\/#organization\"},\"potentialAction\":[{\"@type\":\"SearchAction\",\"target\":{\"@type\":\"EntryPoint\",\"urlTemplate\":\"https:\\\/\\\/mail.ton-merckx-wielershirts.nl\\\/?s={search_term_string}\"},\"query-input\":{\"@type\":\"PropertyValueSpecification\",\"valueRequired\":true,\"valueName\":\"search_term_string\"}}],\"inLanguage\":\"it-IT\"},{\"@type\":\"Organization\",\"@id\":\"https:\\\/\\\/mail.ton-merckx-wielershirts.nl\\\/#organization\",\"name\":\"Ton Merckx Wielershirts - Rondreis door de wereld van wielershirts\",\"url\":\"https:\\\/\\\/mail.ton-merckx-wielershirts.nl\\\/\",\"logo\":{\"@type\":\"ImageObject\",\"inLanguage\":\"it-IT\",\"@id\":\"https:\\\/\\\/mail.ton-merckx-wielershirts.nl\\\/#\\\/schema\\\/logo\\\/image\\\/\",\"url\":\"https:\\\/\\\/tonmerckxwielershirts.nl\\\/wp-content\\\/uploads\\\/2023\\\/03\\\/ton-merckx-logo.jpg\",\"contentUrl\":\"https:\\\/\\\/tonmerckxwielershirts.nl\\\/wp-content\\\/uploads\\\/2023\\\/03\\\/ton-merckx-logo.jpg\",\"width\":391,\"height\":57,\"caption\":\"Ton Merckx Wielershirts - Rondreis door de wereld van wielershirts\"},\"image\":{\"@id\":\"https:\\\/\\\/mail.ton-merckx-wielershirts.nl\\\/#\\\/schema\\\/logo\\\/image\\\/\"}}]}<\/script>\n<!-- \/ Yoast SEO plugin. -->","yoast_head_json":{"title":"MAGLIA CICLISMO LEONE D&#039;ORO (a)-GARDEN CENTER VELDHOVEN 1995 - Ton Merckx Maglie ciclismo - Tour nel mondo delle maglie ciclismo","robots":{"index":"index","follow":"follow","max-snippet":"max-snippet:-1","max-image-preview":"max-image-preview:large","max-video-preview":"max-video-preview:-1"},"canonical":"https:\/\/ton.connectingminds.net\/it\/maglia-da-ciclismo-retro\/centro-del-giardino-del-leone-doro-di-veldhoven\/","og_locale":"it_IT","og_type":"article","og_title":"GOUDEN LEEUW (a)-TUINCENTRUM VELDHOVEN  1995  WIELERSHIRT - Ton Merckx Wielershirts - Rondreis door de wereld van wielershirts","og_description":"Privesponsor van profrenner John van den Akker. Dit was het eerste shirt vanaf het begin van het seizoen, omdat de originele shirts nog niet klaar waren heeft men dit Clubshirt van TWC DE KEMPEN met GOUDEN LEEUW als clubsponsor gebruikt en er wat andere sponsoren opgeplakt.\u00a0 bv SCHAUFF over de clubnaam van TWC DE KEMPEN.","og_url":"https:\/\/ton.connectingminds.net\/it\/maglia-da-ciclismo-retro\/centro-del-giardino-del-leone-doro-di-veldhoven\/","og_site_name":"Ton Merckx Wielershirts - Rondreis door de wereld van wielershirts","article_modified_time":"2026-01-28T11:02:20+00:00","og_image":[{"width":1704,"height":2272,"url":"https:\/\/ton.connectingminds.net\/wp-content\/uploads\/2023\/01\/SSA42613.jpg","type":"image\/jpeg"}],"twitter_card":"summary_large_image","twitter_misc":{"Tempo di lettura stimato":"1 minuto"},"schema":{"@context":"https:\/\/schema.org","@graph":[{"@type":"WebPage","@id":"https:\/\/ton.connectingminds.net\/it\/maglia-da-ciclismo-retro\/centro-del-giardino-del-leone-doro-di-veldhoven\/","url":"https:\/\/ton.connectingminds.net\/it\/maglia-da-ciclismo-retro\/centro-del-giardino-del-leone-doro-di-veldhoven\/","name":"MAGLIA CICLISMO LEONE D&#039;ORO (a)-GARDEN CENTER VELDHOVEN 1995 - Ton Merckx Maglie ciclismo - Tour nel mondo delle maglie ciclismo","isPartOf":{"@id":"https:\/\/mail.ton-merckx-wielershirts.nl\/#website"},"primaryImageOfPage":{"@id":"https:\/\/ton.connectingminds.net\/it\/maglia-da-ciclismo-retro\/centro-del-giardino-del-leone-doro-di-veldhoven\/#primaryimage"},"image":{"@id":"https:\/\/ton.connectingminds.net\/it\/maglia-da-ciclismo-retro\/centro-del-giardino-del-leone-doro-di-veldhoven\/#primaryimage"},"thumbnailUrl":"https:\/\/tonmerckxwielershirts.nl\/wp-content\/uploads\/2023\/01\/SSA42613.jpg","datePublished":"2023-01-24T18:05:20+00:00","dateModified":"2026-01-28T11:02:20+00:00","breadcrumb":{"@id":"https:\/\/ton.connectingminds.net\/it\/maglia-da-ciclismo-retro\/centro-del-giardino-del-leone-doro-di-veldhoven\/#breadcrumb"},"inLanguage":"it-IT","potentialAction":[{"@type":"ReadAction","target":["https:\/\/ton.connectingminds.net\/it\/maglia-da-ciclismo-retro\/centro-del-giardino-del-leone-doro-di-veldhoven\/"]}]},{"@type":"ImageObject","inLanguage":"it-IT","@id":"https:\/\/ton.connectingminds.net\/it\/maglia-da-ciclismo-retro\/centro-del-giardino-del-leone-doro-di-veldhoven\/#primaryimage","url":"https:\/\/tonmerckxwielershirts.nl\/wp-content\/uploads\/2023\/01\/SSA42613.jpg","contentUrl":"https:\/\/tonmerckxwielershirts.nl\/wp-content\/uploads\/2023\/01\/SSA42613.jpg","width":1704,"height":2272},{"@type":"BreadcrumbList","@id":"https:\/\/ton.connectingminds.net\/it\/maglia-da-ciclismo-retro\/centro-del-giardino-del-leone-doro-di-veldhoven\/#breadcrumb","itemListElement":[{"@type":"ListItem","position":1,"name":"Home","item":"https:\/\/mail.ton-merckx-wielershirts.nl\/"},{"@type":"ListItem","position":2,"name":"Retro wielershirts","item":"https:\/\/mail.cyclingoriginals.com\/it\/maglie-da-ciclismo-retro\/"},{"@type":"ListItem","position":3,"name":"GOUDEN LEEUW (a)-TUINCENTRUM VELDHOVEN 1995 WIELERSHIRT"}]},{"@type":"WebSite","@id":"https:\/\/mail.ton-merckx-wielershirts.nl\/#website","url":"https:\/\/mail.ton-merckx-wielershirts.nl\/","name":"Magliette da ciclismo Ton Merckx - Tour nel mondo delle magliette da ciclismo","description":"migliaia di maglie da ciclismo originali - ordina la tua replica!","publisher":{"@id":"https:\/\/mail.ton-merckx-wielershirts.nl\/#organization"},"potentialAction":[{"@type":"SearchAction","target":{"@type":"EntryPoint","urlTemplate":"https:\/\/mail.ton-merckx-wielershirts.nl\/?s={search_term_string}"},"query-input":{"@type":"PropertyValueSpecification","valueRequired":true,"valueName":"search_term_string"}}],"inLanguage":"it-IT"},{"@type":"Organization","@id":"https:\/\/mail.ton-merckx-wielershirts.nl\/#organization","name":"Magliette da ciclismo Ton Merckx - Tour nel mondo delle magliette da ciclismo","url":"https:\/\/mail.ton-merckx-wielershirts.nl\/","logo":{"@type":"ImageObject","inLanguage":"it-IT","@id":"https:\/\/mail.ton-merckx-wielershirts.nl\/#\/schema\/logo\/image\/","url":"https:\/\/tonmerckxwielershirts.nl\/wp-content\/uploads\/2023\/03\/ton-merckx-logo.jpg","contentUrl":"https:\/\/tonmerckxwielershirts.nl\/wp-content\/uploads\/2023\/03\/ton-merckx-logo.jpg","width":391,"height":57,"caption":"Ton Merckx Wielershirts - Rondreis door de wereld van wielershirts"},"image":{"@id":"https:\/\/mail.ton-merckx-wielershirts.nl\/#\/schema\/logo\/image\/"}}]}},"_links":{"self":[{"href":"https:\/\/tonmerckxwielershirts.nl\/it\/wp-json\/wp\/v2\/product\/3685","targetHints":{"allow":["GET"]}}],"collection":[{"href":"https:\/\/tonmerckxwielershirts.nl\/it\/wp-json\/wp\/v2\/product"}],"about":[{"href":"https:\/\/tonmerckxwielershirts.nl\/it\/wp-json\/wp\/v2\/types\/product"}],"wp:featuredmedia":[{"embeddable":true,"href":"https:\/\/tonmerckxwielershirts.nl\/it\/wp-json\/wp\/v2\/media\/3684"}],"wp:attachment":[{"href":"https:\/\/tonmerckxwielershirts.nl\/it\/wp-json\/wp\/v2\/media?parent=3685"}],"wp:term":[{"taxonomy":"product_brand","embeddable":true,"href":"https:\/\/tonmerckxwielershirts.nl\/it\/wp-json\/wp\/v2\/product_brand?post=3685"},{"taxonomy":"product_cat","embeddable":true,"href":"https:\/\/tonmerckxwielershirts.nl\/it\/wp-json\/wp\/v2\/product_cat?post=3685"},{"taxonomy":"product_tag","embeddable":true,"href":"https:\/\/tonmerckxwielershirts.nl\/it\/wp-json\/wp\/v2\/product_tag?post=3685"}],"curies":[{"name":"wp","href":"https:\/\/api.w.org\/{rel}","templated":true}]}}