{"id":4952,"date":"2023-01-24T18:21:08","date_gmt":"2023-01-24T18:21:08","guid":{"rendered":"https:\/\/ton.connectingminds.net\/product\/mercury-amerikaanse-koersen\/"},"modified":"2026-01-28T12:01:08","modified_gmt":"2026-01-28T11:01:08","slug":"tariffe-americane-di-mercurio","status":"publish","type":"product","link":"https:\/\/tonmerckxwielershirts.nl\/it\/retro-wielershirt\/mercury-amerikaanse-koersen\/","title":{"rendered":"MERCURY (b)\/VIATEL 2001 MAGLIA DA CICLISMO DA CORSA AMERICANA"},"content":{"rendered":"<p>MERCURY\/VIATEL corre con 2 magliette diverse!!<\/p>\n<p>Nelle gare americane si corre con questa maglia.<\/p>\n<p>La squadra \u00e8 arrivata in trasferta dopo alcuni problemi iniziali, cosa che ha avuto molto successo considerando il numero di 82 vittorie.<\/p>\n<p>Ma quando lo sponsor VIATEL fall\u00ec nel giugno 2001, non potevano pi\u00f9 pagare i corridori.<\/p>\n<p>A met\u00e0 settembre, Peter van Petegem \u00e8 passato alla squadra belga Collstrop-Palmans e dal 2 ottobre la squadra \u00e8 stata sospesa dall&#039;UCI e ai corridori non \u00e8 pi\u00f9 stato permesso di partecipare alle competizioni. Triste fine per una squadra di grande successo.<\/p>","protected":false},"excerpt":{"rendered":"<p>MERCURY\/VIATEL rijdt met 2 verschillende shirts !! In de Amerikaanse koersen rijdt men met dit shirt. De ploeg kwam na wat aanloopproblemen op de weg, gezien het aantal van 82 overwinningen was dat zeer succesvol. Maar toen sponsor VIATEL in juni 2001 failliet ging kon men de renners niet meer betalen. Half September stapte Peter [&hellip;]<\/p>\n","protected":false},"featured_media":4951,"template":"","meta":[],"product_brand":[],"product_cat":[151],"product_tag":[],"class_list":{"0":"post-4952","1":"product","2":"type-product","3":"status-publish","4":"has-post-thumbnail","6":"product_cat-pro-team","8":"first","9":"onbackorder","10":"taxable","11":"shipping-taxable","12":"purchasable","13":"product-type-variable"},"yoast_head":"<!-- This site is optimized with the Yoast SEO plugin v27.3 - https:\/\/yoast.com\/product\/yoast-seo-wordpress\/ -->\n<title>MERCURY (b)\/VIATEL 2001   AMERIKAANSE KOERSEN  WIELERSHIRT - Ton Merckx Wielershirts - Rondreis door de wereld van wielershirts<\/title>\n<meta name=\"robots\" content=\"index, follow, max-snippet:-1, max-image-preview:large, max-video-preview:-1\" \/>\n<link rel=\"canonical\" href=\"https:\/\/tonmerckxwielershirts.nl\/it\/maglia-da-ciclismo-retro\/tariffe-americane-di-mercurio\/\" \/>\n<meta property=\"og:locale\" content=\"it_IT\" \/>\n<meta property=\"og:type\" content=\"article\" \/>\n<meta property=\"og:title\" content=\"MERCURY (b)\/VIATEL 2001   AMERIKAANSE KOERSEN  WIELERSHIRT - Ton Merckx Wielershirts - Rondreis door de wereld van wielershirts\" \/>\n<meta property=\"og:description\" content=\"MERCURY\/VIATEL rijdt met 2 verschillende shirts !! In de Amerikaanse koersen rijdt men met dit shirt. De ploeg kwam na wat aanloopproblemen op de weg, gezien het aantal van 82 overwinningen was dat zeer succesvol. Maar toen sponsor VIATEL in juni 2001 failliet ging kon men de renners niet meer betalen. Half September stapte Peter [&hellip;]\" \/>\n<meta property=\"og:url\" content=\"https:\/\/tonmerckxwielershirts.nl\/it\/maglia-da-ciclismo-retro\/tariffe-americane-di-mercurio\/\" \/>\n<meta property=\"og:site_name\" content=\"Ton Merckx Wielershirts - Rondreis door de wereld van wielershirts\" \/>\n<meta property=\"article:modified_time\" content=\"2026-01-28T11:01:08+00:00\" \/>\n<meta property=\"og:image\" content=\"https:\/\/tonmerckxwielershirts.nl\/wp-content\/uploads\/2023\/01\/SSA43847.jpg\" \/>\n\t<meta property=\"og:image:width\" content=\"1704\" \/>\n\t<meta property=\"og:image:height\" content=\"2272\" \/>\n\t<meta property=\"og:image:type\" content=\"image\/jpeg\" \/>\n<meta name=\"twitter:card\" content=\"summary_large_image\" \/>\n<meta name=\"twitter:label1\" content=\"Tempo di lettura stimato\" \/>\n\t<meta name=\"twitter:data1\" content=\"1 minuto\" \/>\n<script type=\"application\/ld+json\" class=\"yoast-schema-graph\">{\"@context\":\"https:\\\/\\\/schema.org\",\"@graph\":[{\"@type\":\"WebPage\",\"@id\":\"https:\\\/\\\/tonmerckxwielershirts.nl\\\/fr\\\/maillot-de-cyclisme-retro\\\/tarifs-americains-du-mercure\\\/\",\"url\":\"https:\\\/\\\/tonmerckxwielershirts.nl\\\/fr\\\/maillot-de-cyclisme-retro\\\/tarifs-americains-du-mercure\\\/\",\"name\":\"MERCURY (b)\\\/VIATEL 2001 AMERIKAANSE KOERSEN WIELERSHIRT - Ton Merckx Wielershirts - Rondreis door de wereld van wielershirts\",\"isPartOf\":{\"@id\":\"https:\\\/\\\/mail.tonmerckxwielershirts.nl\\\/ja\\\/#website\"},\"primaryImageOfPage\":{\"@id\":\"https:\\\/\\\/tonmerckxwielershirts.nl\\\/fr\\\/maillot-de-cyclisme-retro\\\/tarifs-americains-du-mercure\\\/#primaryimage\"},\"image\":{\"@id\":\"https:\\\/\\\/tonmerckxwielershirts.nl\\\/fr\\\/maillot-de-cyclisme-retro\\\/tarifs-americains-du-mercure\\\/#primaryimage\"},\"thumbnailUrl\":\"https:\\\/\\\/tonmerckxwielershirts.nl\\\/wp-content\\\/uploads\\\/2023\\\/01\\\/SSA43847.jpg\",\"datePublished\":\"2023-01-24T18:21:08+00:00\",\"dateModified\":\"2026-01-28T11:01:08+00:00\",\"breadcrumb\":{\"@id\":\"https:\\\/\\\/tonmerckxwielershirts.nl\\\/fr\\\/maillot-de-cyclisme-retro\\\/tarifs-americains-du-mercure\\\/#breadcrumb\"},\"inLanguage\":\"it-IT\",\"potentialAction\":[{\"@type\":\"ReadAction\",\"target\":[\"https:\\\/\\\/tonmerckxwielershirts.nl\\\/fr\\\/maillot-de-cyclisme-retro\\\/tarifs-americains-du-mercure\\\/\"]}]},{\"@type\":\"ImageObject\",\"inLanguage\":\"it-IT\",\"@id\":\"https:\\\/\\\/tonmerckxwielershirts.nl\\\/fr\\\/maillot-de-cyclisme-retro\\\/tarifs-americains-du-mercure\\\/#primaryimage\",\"url\":\"https:\\\/\\\/tonmerckxwielershirts.nl\\\/wp-content\\\/uploads\\\/2023\\\/01\\\/SSA43847.jpg\",\"contentUrl\":\"https:\\\/\\\/tonmerckxwielershirts.nl\\\/wp-content\\\/uploads\\\/2023\\\/01\\\/SSA43847.jpg\",\"width\":1704,\"height\":2272},{\"@type\":\"BreadcrumbList\",\"@id\":\"https:\\\/\\\/tonmerckxwielershirts.nl\\\/fr\\\/maillot-de-cyclisme-retro\\\/tarifs-americains-du-mercure\\\/#breadcrumb\",\"itemListElement\":[{\"@type\":\"ListItem\",\"position\":1,\"name\":\"Home\",\"item\":\"https:\\\/\\\/mail.tonmerckxwielershirts.nl\\\/ja\\\/\"},{\"@type\":\"ListItem\",\"position\":2,\"name\":\"Retro wielershirts\",\"item\":\"https:\\\/\\\/mail.tonmerckxwielershirts.nl\\\/ja\\\/%e3%83%ac%e3%83%88%e3%83%ad%e3%81%aa%e3%82%b5%e3%82%a4%e3%82%af%e3%83%ab%e3%82%b8%e3%83%a3%e3%83%bc%e3%82%b8-2\\\/\"},{\"@type\":\"ListItem\",\"position\":3,\"name\":\"MERCURY (b)\\\/VIATEL 2001 AMERIKAANSE KOERSEN WIELERSHIRT\"}]},{\"@type\":\"WebSite\",\"@id\":\"https:\\\/\\\/mail.tonmerckxwielershirts.nl\\\/ja\\\/#website\",\"url\":\"https:\\\/\\\/mail.tonmerckxwielershirts.nl\\\/ja\\\/\",\"name\":\"Ton Merckx Wielershirts - Rondreis door de wereld van wielershirts\",\"description\":\"thousands of original cycling jerseys - order your replica!\",\"publisher\":{\"@id\":\"https:\\\/\\\/mail.tonmerckxwielershirts.nl\\\/ja\\\/#organization\"},\"potentialAction\":[{\"@type\":\"SearchAction\",\"target\":{\"@type\":\"EntryPoint\",\"urlTemplate\":\"https:\\\/\\\/mail.tonmerckxwielershirts.nl\\\/ja\\\/?s={search_term_string}\"},\"query-input\":{\"@type\":\"PropertyValueSpecification\",\"valueRequired\":true,\"valueName\":\"search_term_string\"}}],\"inLanguage\":\"it-IT\"},{\"@type\":\"Organization\",\"@id\":\"https:\\\/\\\/mail.tonmerckxwielershirts.nl\\\/ja\\\/#organization\",\"name\":\"Ton Merckx Wielershirts - Rondreis door de wereld van wielershirts\",\"url\":\"https:\\\/\\\/mail.tonmerckxwielershirts.nl\\\/ja\\\/\",\"logo\":{\"@type\":\"ImageObject\",\"inLanguage\":\"it-IT\",\"@id\":\"https:\\\/\\\/mail.tonmerckxwielershirts.nl\\\/ja\\\/#\\\/schema\\\/logo\\\/image\\\/\",\"url\":\"https:\\\/\\\/tonmerckxwielershirts.nl\\\/wp-content\\\/uploads\\\/2023\\\/03\\\/ton-merckx-logo.jpg\",\"contentUrl\":\"https:\\\/\\\/tonmerckxwielershirts.nl\\\/wp-content\\\/uploads\\\/2023\\\/03\\\/ton-merckx-logo.jpg\",\"width\":391,\"height\":57,\"caption\":\"Ton Merckx Wielershirts - Rondreis door de wereld van wielershirts\"},\"image\":{\"@id\":\"https:\\\/\\\/mail.tonmerckxwielershirts.nl\\\/ja\\\/#\\\/schema\\\/logo\\\/image\\\/\"}}]}<\/script>\n<!-- \/ Yoast SEO plugin. -->","yoast_head_json":{"title":"MAGLIA CICLISMO MERCURY (b)\/VIATEL 2001 AMERICAN RACES - Ton Merckx Maglie ciclismo - Viaggio nel mondo delle maglie ciclismo","robots":{"index":"index","follow":"follow","max-snippet":"max-snippet:-1","max-image-preview":"max-image-preview:large","max-video-preview":"max-video-preview:-1"},"canonical":"https:\/\/tonmerckxwielershirts.nl\/it\/maglia-da-ciclismo-retro\/tariffe-americane-di-mercurio\/","og_locale":"it_IT","og_type":"article","og_title":"MERCURY (b)\/VIATEL 2001   AMERIKAANSE KOERSEN  WIELERSHIRT - Ton Merckx Wielershirts - Rondreis door de wereld van wielershirts","og_description":"MERCURY\/VIATEL rijdt met 2 verschillende shirts !! In de Amerikaanse koersen rijdt men met dit shirt. De ploeg kwam na wat aanloopproblemen op de weg, gezien het aantal van 82 overwinningen was dat zeer succesvol. Maar toen sponsor VIATEL in juni 2001 failliet ging kon men de renners niet meer betalen. Half September stapte Peter [&hellip;]","og_url":"https:\/\/tonmerckxwielershirts.nl\/it\/maglia-da-ciclismo-retro\/tariffe-americane-di-mercurio\/","og_site_name":"Ton Merckx Wielershirts - Rondreis door de wereld van wielershirts","article_modified_time":"2026-01-28T11:01:08+00:00","og_image":[{"width":1704,"height":2272,"url":"https:\/\/tonmerckxwielershirts.nl\/wp-content\/uploads\/2023\/01\/SSA43847.jpg","type":"image\/jpeg"}],"twitter_card":"summary_large_image","twitter_misc":{"Tempo di lettura stimato":"1 minuto"},"schema":{"@context":"https:\/\/schema.org","@graph":[{"@type":"WebPage","@id":"https:\/\/tonmerckxwielershirts.nl\/fr\/maillot-de-cyclisme-retro\/tarifs-americains-du-mercure\/","url":"https:\/\/tonmerckxwielershirts.nl\/fr\/maillot-de-cyclisme-retro\/tarifs-americains-du-mercure\/","name":"MAGLIA CICLISMO MERCURY (b)\/VIATEL 2001 AMERICAN RACES - Ton Merckx Maglie ciclismo - Viaggio nel mondo delle maglie ciclismo","isPartOf":{"@id":"https:\/\/mail.tonmerckxwielershirts.nl\/ja\/#website"},"primaryImageOfPage":{"@id":"https:\/\/tonmerckxwielershirts.nl\/fr\/maillot-de-cyclisme-retro\/tarifs-americains-du-mercure\/#primaryimage"},"image":{"@id":"https:\/\/tonmerckxwielershirts.nl\/fr\/maillot-de-cyclisme-retro\/tarifs-americains-du-mercure\/#primaryimage"},"thumbnailUrl":"https:\/\/tonmerckxwielershirts.nl\/wp-content\/uploads\/2023\/01\/SSA43847.jpg","datePublished":"2023-01-24T18:21:08+00:00","dateModified":"2026-01-28T11:01:08+00:00","breadcrumb":{"@id":"https:\/\/tonmerckxwielershirts.nl\/fr\/maillot-de-cyclisme-retro\/tarifs-americains-du-mercure\/#breadcrumb"},"inLanguage":"it-IT","potentialAction":[{"@type":"ReadAction","target":["https:\/\/tonmerckxwielershirts.nl\/fr\/maillot-de-cyclisme-retro\/tarifs-americains-du-mercure\/"]}]},{"@type":"ImageObject","inLanguage":"it-IT","@id":"https:\/\/tonmerckxwielershirts.nl\/fr\/maillot-de-cyclisme-retro\/tarifs-americains-du-mercure\/#primaryimage","url":"https:\/\/tonmerckxwielershirts.nl\/wp-content\/uploads\/2023\/01\/SSA43847.jpg","contentUrl":"https:\/\/tonmerckxwielershirts.nl\/wp-content\/uploads\/2023\/01\/SSA43847.jpg","width":1704,"height":2272},{"@type":"BreadcrumbList","@id":"https:\/\/tonmerckxwielershirts.nl\/fr\/maillot-de-cyclisme-retro\/tarifs-americains-du-mercure\/#breadcrumb","itemListElement":[{"@type":"ListItem","position":1,"name":"Home","item":"https:\/\/mail.tonmerckxwielershirts.nl\/ja\/"},{"@type":"ListItem","position":2,"name":"Retro wielershirts","item":"https:\/\/mail.tonmerckxwielershirts.nl\/ja\/%e3%83%ac%e3%83%88%e3%83%ad%e3%81%aa%e3%82%b5%e3%82%a4%e3%82%af%e3%83%ab%e3%82%b8%e3%83%a3%e3%83%bc%e3%82%b8-2\/"},{"@type":"ListItem","position":3,"name":"MERCURY (b)\/VIATEL 2001 AMERIKAANSE KOERSEN WIELERSHIRT"}]},{"@type":"WebSite","@id":"https:\/\/mail.tonmerckxwielershirts.nl\/ja\/#website","url":"https:\/\/mail.tonmerckxwielershirts.nl\/ja\/","name":"Magliette da ciclismo Ton Merckx - Tour nel mondo delle magliette da ciclismo","description":"migliaia di maglie da ciclismo originali - ordina la tua replica!","publisher":{"@id":"https:\/\/mail.tonmerckxwielershirts.nl\/ja\/#organization"},"potentialAction":[{"@type":"SearchAction","target":{"@type":"EntryPoint","urlTemplate":"https:\/\/mail.tonmerckxwielershirts.nl\/ja\/?s={search_term_string}"},"query-input":{"@type":"PropertyValueSpecification","valueRequired":true,"valueName":"search_term_string"}}],"inLanguage":"it-IT"},{"@type":"Organization","@id":"https:\/\/mail.tonmerckxwielershirts.nl\/ja\/#organization","name":"Magliette da ciclismo Ton Merckx - Tour nel mondo delle magliette da ciclismo","url":"https:\/\/mail.tonmerckxwielershirts.nl\/ja\/","logo":{"@type":"ImageObject","inLanguage":"it-IT","@id":"https:\/\/mail.tonmerckxwielershirts.nl\/ja\/#\/schema\/logo\/image\/","url":"https:\/\/tonmerckxwielershirts.nl\/wp-content\/uploads\/2023\/03\/ton-merckx-logo.jpg","contentUrl":"https:\/\/tonmerckxwielershirts.nl\/wp-content\/uploads\/2023\/03\/ton-merckx-logo.jpg","width":391,"height":57,"caption":"Ton Merckx Wielershirts - Rondreis door de wereld van wielershirts"},"image":{"@id":"https:\/\/mail.tonmerckxwielershirts.nl\/ja\/#\/schema\/logo\/image\/"}}]}},"_links":{"self":[{"href":"https:\/\/tonmerckxwielershirts.nl\/it\/wp-json\/wp\/v2\/product\/4952","targetHints":{"allow":["GET"]}}],"collection":[{"href":"https:\/\/tonmerckxwielershirts.nl\/it\/wp-json\/wp\/v2\/product"}],"about":[{"href":"https:\/\/tonmerckxwielershirts.nl\/it\/wp-json\/wp\/v2\/types\/product"}],"wp:featuredmedia":[{"embeddable":true,"href":"https:\/\/tonmerckxwielershirts.nl\/it\/wp-json\/wp\/v2\/media\/4951"}],"wp:attachment":[{"href":"https:\/\/tonmerckxwielershirts.nl\/it\/wp-json\/wp\/v2\/media?parent=4952"}],"wp:term":[{"taxonomy":"product_brand","embeddable":true,"href":"https:\/\/tonmerckxwielershirts.nl\/it\/wp-json\/wp\/v2\/product_brand?post=4952"},{"taxonomy":"product_cat","embeddable":true,"href":"https:\/\/tonmerckxwielershirts.nl\/it\/wp-json\/wp\/v2\/product_cat?post=4952"},{"taxonomy":"product_tag","embeddable":true,"href":"https:\/\/tonmerckxwielershirts.nl\/it\/wp-json\/wp\/v2\/product_tag?post=4952"}],"curies":[{"name":"wp","href":"https:\/\/api.w.org\/{rel}","templated":true}]}}