{"id":27784,"date":"2023-09-29T12:00:24","date_gmt":"2023-09-29T10:00:24","guid":{"rendered":"https:\/\/tonmerckxwielershirts.nl\/?post_type=product&#038;p=27784"},"modified":"2026-01-28T12:00:50","modified_gmt":"2026-01-28T11:00:50","slug":"aa-drinks-leontien-nl-12","status":"publish","type":"product","link":"https:\/\/tonmerckxwielershirts.nl\/pt\/retro-wielershirt\/wielershirt-algemeen-klassement\/","title":{"rendered":"TOUR DE FRANCE \u2013 CLASSIFICA\u00c7\u00c3O GERAL \u2013 2001 \u2013 CAMISA DE CICLISMO"},"content":{"rendered":"<p>Durante o TOUR DE FRANCE de 2001, Marc Wauters vence a 2\u00aa etapa de Calais a Antu\u00e9rpia.<\/p>\n<p>Conquista assim a CAMISA AMARELA, o bom dessa hist\u00f3ria \u00e9 que a pr\u00f3xima etapa vai de Antu\u00e9rpia a Seraing.<\/p>\n<p>E o passeio passa pela cidade natal do usu\u00e1rio da JERSEY AMARELA, Lummen.<\/p>\n<p>Portanto, um dia memor\u00e1vel para Marc Wauters, resta apenas este, pois ap\u00f3s a etapa para o Seraing ele perdeu novamente a camisa amarela. Naquele dia, depois de algumas subidas nas Ardenas, ele terminou em 152\u00ba, 10 minutos e 58 atr\u00e1s do vencedor da etapa.<\/p>\n<p>Mas eles n\u00e3o v\u00e3o tirar isso naquele dia em AMARELO.<\/p>","protected":false},"excerpt":{"rendered":"<p>Tijdens de TOUR DE FRANCE van 2001 wint Marc Wauters de 2e Etappe van Calais naar Antwerpen. Hij verovert daarmee de GELE TRUI, het mooie van dit verhaal is dat de volgende etappe van Antwerpen naar Seraing voert. En de rit gaat door de woonplaats van de GELE TRUI drager Lummen. Dus een memorabele dag [&hellip;]<\/p>\n","protected":false},"featured_media":28316,"template":"","meta":[],"product_brand":[],"product_cat":[54],"product_tag":[],"class_list":{"0":"post-27784","1":"product","2":"type-product","3":"status-publish","4":"has-post-thumbnail","6":"product_cat-leiderstruien","8":"first","9":"onbackorder","10":"taxable","11":"shipping-taxable","12":"purchasable","13":"product-type-variable"},"yoast_head":"<!-- This site is optimized with the Yoast SEO plugin v27.3 - https:\/\/yoast.com\/product\/yoast-seo-wordpress\/ -->\n<title>TOUR DE FRANCE - ALGEMEEN KLASSEMENT - 2001 - WIELERSHIRT - Ton Merckx Wielershirts - Rondreis door de wereld van wielershirts<\/title>\n<meta name=\"robots\" content=\"index, follow, max-snippet:-1, max-image-preview:large, max-video-preview:-1\" \/>\n<link rel=\"canonical\" href=\"https:\/\/mail.ton.connectingminds.net\/ja\/retro-wielershirt\/wielershirt-algemeen-klassement\/\" \/>\n<meta property=\"og:locale\" content=\"pt_PT\" \/>\n<meta property=\"og:type\" content=\"article\" \/>\n<meta property=\"og:title\" content=\"TOUR DE FRANCE - ALGEMEEN KLASSEMENT - 2001 - WIELERSHIRT - Ton Merckx Wielershirts - Rondreis door de wereld van wielershirts\" \/>\n<meta property=\"og:description\" content=\"Tijdens de TOUR DE FRANCE van 2001 wint Marc Wauters de 2e Etappe van Calais naar Antwerpen. Hij verovert daarmee de GELE TRUI, het mooie van dit verhaal is dat de volgende etappe van Antwerpen naar Seraing voert. En de rit gaat door de woonplaats van de GELE TRUI drager Lummen. Dus een memorabele dag [&hellip;]\" \/>\n<meta property=\"og:url\" content=\"https:\/\/mail.ton.connectingminds.net\/ja\/retro-wielershirt\/wielershirt-algemeen-klassement\/\" \/>\n<meta property=\"og:site_name\" content=\"Ton Merckx Wielershirts - Rondreis door de wereld van wielershirts\" \/>\n<meta property=\"article:modified_time\" content=\"2026-01-28T11:00:50+00:00\" \/>\n<meta property=\"og:image\" content=\"https:\/\/mail.ton.connectingminds.net\/wp-content\/uploads\/2023\/09\/SSA45342-1.png\" \/>\n\t<meta property=\"og:image:width\" content=\"240\" \/>\n\t<meta property=\"og:image:height\" content=\"320\" \/>\n\t<meta property=\"og:image:type\" content=\"image\/png\" \/>\n<meta name=\"twitter:card\" content=\"summary_large_image\" \/>\n<meta name=\"twitter:label1\" content=\"Tempo estimado de leitura\" \/>\n\t<meta name=\"twitter:data1\" content=\"1 minuto\" \/>\n<script type=\"application\/ld+json\" class=\"yoast-schema-graph\">{\"@context\":\"https:\\\/\\\/schema.org\",\"@graph\":[{\"@type\":\"WebPage\",\"@id\":\"https:\\\/\\\/mail.ton.connectingminds.net\\\/ja\\\/retro-wielershirt\\\/wielershirt-algemeen-klassement\\\/\",\"url\":\"https:\\\/\\\/mail.ton.connectingminds.net\\\/ja\\\/retro-wielershirt\\\/wielershirt-algemeen-klassement\\\/\",\"name\":\"TOUR DE FRANCE - ALGEMEEN KLASSEMENT - 2001 - WIELERSHIRT - Ton Merckx Wielershirts - Rondreis door de wereld van wielershirts\",\"isPartOf\":{\"@id\":\"https:\\\/\\\/ton.connectingminds.net\\\/de\\\/#website\"},\"primaryImageOfPage\":{\"@id\":\"https:\\\/\\\/mail.ton.connectingminds.net\\\/ja\\\/retro-wielershirt\\\/wielershirt-algemeen-klassement\\\/#primaryimage\"},\"image\":{\"@id\":\"https:\\\/\\\/mail.ton.connectingminds.net\\\/ja\\\/retro-wielershirt\\\/wielershirt-algemeen-klassement\\\/#primaryimage\"},\"thumbnailUrl\":\"https:\\\/\\\/tonmerckxwielershirts.nl\\\/wp-content\\\/uploads\\\/2023\\\/09\\\/SSA45342-1.png\",\"datePublished\":\"2023-09-29T10:00:24+00:00\",\"dateModified\":\"2026-01-28T11:00:50+00:00\",\"breadcrumb\":{\"@id\":\"https:\\\/\\\/mail.ton.connectingminds.net\\\/ja\\\/retro-wielershirt\\\/wielershirt-algemeen-klassement\\\/#breadcrumb\"},\"inLanguage\":\"pt-PT\",\"potentialAction\":[{\"@type\":\"ReadAction\",\"target\":[\"https:\\\/\\\/mail.ton.connectingminds.net\\\/ja\\\/retro-wielershirt\\\/wielershirt-algemeen-klassement\\\/\"]}]},{\"@type\":\"ImageObject\",\"inLanguage\":\"pt-PT\",\"@id\":\"https:\\\/\\\/mail.ton.connectingminds.net\\\/ja\\\/retro-wielershirt\\\/wielershirt-algemeen-klassement\\\/#primaryimage\",\"url\":\"https:\\\/\\\/tonmerckxwielershirts.nl\\\/wp-content\\\/uploads\\\/2023\\\/09\\\/SSA45342-1.png\",\"contentUrl\":\"https:\\\/\\\/tonmerckxwielershirts.nl\\\/wp-content\\\/uploads\\\/2023\\\/09\\\/SSA45342-1.png\",\"width\":240,\"height\":320},{\"@type\":\"BreadcrumbList\",\"@id\":\"https:\\\/\\\/mail.ton.connectingminds.net\\\/ja\\\/retro-wielershirt\\\/wielershirt-algemeen-klassement\\\/#breadcrumb\",\"itemListElement\":[{\"@type\":\"ListItem\",\"position\":1,\"name\":\"Home\",\"item\":\"https:\\\/\\\/ton.connectingminds.net\\\/de\\\/\"},{\"@type\":\"ListItem\",\"position\":2,\"name\":\"Retro wielershirts\",\"item\":\"https:\\\/\\\/ton.connectingminds.net\\\/de\\\/retro-radtrikots\\\/\"},{\"@type\":\"ListItem\",\"position\":3,\"name\":\"TOUR DE FRANCE &#8211; ALGEMEEN KLASSEMENT &#8211; 2001 &#8211; WIELERSHIRT\"}]},{\"@type\":\"WebSite\",\"@id\":\"https:\\\/\\\/ton.connectingminds.net\\\/de\\\/#website\",\"url\":\"https:\\\/\\\/ton.connectingminds.net\\\/de\\\/\",\"name\":\"Ton Merckx Wielershirts - Rondreis door de wereld van wielershirts\",\"description\":\"thousands of original cycling jerseys - order your replica!\",\"publisher\":{\"@id\":\"https:\\\/\\\/ton.connectingminds.net\\\/de\\\/#organization\"},\"potentialAction\":[{\"@type\":\"SearchAction\",\"target\":{\"@type\":\"EntryPoint\",\"urlTemplate\":\"https:\\\/\\\/ton.connectingminds.net\\\/de\\\/?s={search_term_string}\"},\"query-input\":{\"@type\":\"PropertyValueSpecification\",\"valueRequired\":true,\"valueName\":\"search_term_string\"}}],\"inLanguage\":\"pt-PT\"},{\"@type\":\"Organization\",\"@id\":\"https:\\\/\\\/ton.connectingminds.net\\\/de\\\/#organization\",\"name\":\"Ton Merckx Wielershirts - Rondreis door de wereld van wielershirts\",\"url\":\"https:\\\/\\\/ton.connectingminds.net\\\/de\\\/\",\"logo\":{\"@type\":\"ImageObject\",\"inLanguage\":\"pt-PT\",\"@id\":\"https:\\\/\\\/ton.connectingminds.net\\\/de\\\/#\\\/schema\\\/logo\\\/image\\\/\",\"url\":\"https:\\\/\\\/tonmerckxwielershirts.nl\\\/wp-content\\\/uploads\\\/2023\\\/03\\\/ton-merckx-logo.jpg\",\"contentUrl\":\"https:\\\/\\\/tonmerckxwielershirts.nl\\\/wp-content\\\/uploads\\\/2023\\\/03\\\/ton-merckx-logo.jpg\",\"width\":391,\"height\":57,\"caption\":\"Ton Merckx Wielershirts - Rondreis door de wereld van wielershirts\"},\"image\":{\"@id\":\"https:\\\/\\\/ton.connectingminds.net\\\/de\\\/#\\\/schema\\\/logo\\\/image\\\/\"}}]}<\/script>\n<!-- \/ Yoast SEO plugin. -->","yoast_head_json":{"title":"TOUR DE FRANCE - CLASSIFICA\u00c7\u00c3O GERAL - 2001 - CAMISA DE CICLISMO - Ton Merckx Cycling Jerseys - Volta ao mundo das camisas de ciclismo","robots":{"index":"index","follow":"follow","max-snippet":"max-snippet:-1","max-image-preview":"max-image-preview:large","max-video-preview":"max-video-preview:-1"},"canonical":"https:\/\/mail.ton.connectingminds.net\/ja\/retro-wielershirt\/wielershirt-algemeen-klassement\/","og_locale":"pt_PT","og_type":"article","og_title":"TOUR DE FRANCE - ALGEMEEN KLASSEMENT - 2001 - WIELERSHIRT - Ton Merckx Wielershirts - Rondreis door de wereld van wielershirts","og_description":"Tijdens de TOUR DE FRANCE van 2001 wint Marc Wauters de 2e Etappe van Calais naar Antwerpen. Hij verovert daarmee de GELE TRUI, het mooie van dit verhaal is dat de volgende etappe van Antwerpen naar Seraing voert. En de rit gaat door de woonplaats van de GELE TRUI drager Lummen. Dus een memorabele dag [&hellip;]","og_url":"https:\/\/mail.ton.connectingminds.net\/ja\/retro-wielershirt\/wielershirt-algemeen-klassement\/","og_site_name":"Ton Merckx Wielershirts - Rondreis door de wereld van wielershirts","article_modified_time":"2026-01-28T11:00:50+00:00","og_image":[{"width":240,"height":320,"url":"https:\/\/mail.ton.connectingminds.net\/wp-content\/uploads\/2023\/09\/SSA45342-1.png","type":"image\/png"}],"twitter_card":"summary_large_image","twitter_misc":{"Tempo estimado de leitura":"1 minuto"},"schema":{"@context":"https:\/\/schema.org","@graph":[{"@type":"WebPage","@id":"https:\/\/mail.ton.connectingminds.net\/ja\/retro-wielershirt\/wielershirt-algemeen-klassement\/","url":"https:\/\/mail.ton.connectingminds.net\/ja\/retro-wielershirt\/wielershirt-algemeen-klassement\/","name":"TOUR DE FRANCE - CLASSIFICA\u00c7\u00c3O GERAL - 2001 - CAMISA DE CICLISMO - Ton Merckx Cycling Jerseys - Volta ao mundo das camisas de ciclismo","isPartOf":{"@id":"https:\/\/ton.connectingminds.net\/de\/#website"},"primaryImageOfPage":{"@id":"https:\/\/mail.ton.connectingminds.net\/ja\/retro-wielershirt\/wielershirt-algemeen-klassement\/#primaryimage"},"image":{"@id":"https:\/\/mail.ton.connectingminds.net\/ja\/retro-wielershirt\/wielershirt-algemeen-klassement\/#primaryimage"},"thumbnailUrl":"https:\/\/tonmerckxwielershirts.nl\/wp-content\/uploads\/2023\/09\/SSA45342-1.png","datePublished":"2023-09-29T10:00:24+00:00","dateModified":"2026-01-28T11:00:50+00:00","breadcrumb":{"@id":"https:\/\/mail.ton.connectingminds.net\/ja\/retro-wielershirt\/wielershirt-algemeen-klassement\/#breadcrumb"},"inLanguage":"pt-PT","potentialAction":[{"@type":"ReadAction","target":["https:\/\/mail.ton.connectingminds.net\/ja\/retro-wielershirt\/wielershirt-algemeen-klassement\/"]}]},{"@type":"ImageObject","inLanguage":"pt-PT","@id":"https:\/\/mail.ton.connectingminds.net\/ja\/retro-wielershirt\/wielershirt-algemeen-klassement\/#primaryimage","url":"https:\/\/tonmerckxwielershirts.nl\/wp-content\/uploads\/2023\/09\/SSA45342-1.png","contentUrl":"https:\/\/tonmerckxwielershirts.nl\/wp-content\/uploads\/2023\/09\/SSA45342-1.png","width":240,"height":320},{"@type":"BreadcrumbList","@id":"https:\/\/mail.ton.connectingminds.net\/ja\/retro-wielershirt\/wielershirt-algemeen-klassement\/#breadcrumb","itemListElement":[{"@type":"ListItem","position":1,"name":"Home","item":"https:\/\/ton.connectingminds.net\/de\/"},{"@type":"ListItem","position":2,"name":"Retro wielershirts","item":"https:\/\/ton.connectingminds.net\/de\/retro-radtrikots\/"},{"@type":"ListItem","position":3,"name":"TOUR DE FRANCE &#8211; ALGEMEEN KLASSEMENT &#8211; 2001 &#8211; WIELERSHIRT"}]},{"@type":"WebSite","@id":"https:\/\/ton.connectingminds.net\/de\/#website","url":"https:\/\/ton.connectingminds.net\/de\/","name":"Camisas de ciclismo Ton Merckx - Tour pelo mundo das camisas de ciclismo","description":"milhares de camisas de ciclismo originais - encomende a sua r\u00e9plica!","publisher":{"@id":"https:\/\/ton.connectingminds.net\/de\/#organization"},"potentialAction":[{"@type":"SearchAction","target":{"@type":"EntryPoint","urlTemplate":"https:\/\/ton.connectingminds.net\/de\/?s={search_term_string}"},"query-input":{"@type":"PropertyValueSpecification","valueRequired":true,"valueName":"search_term_string"}}],"inLanguage":"pt-PT"},{"@type":"Organization","@id":"https:\/\/ton.connectingminds.net\/de\/#organization","name":"Camisas de ciclismo Ton Merckx - Tour pelo mundo das camisas de ciclismo","url":"https:\/\/ton.connectingminds.net\/de\/","logo":{"@type":"ImageObject","inLanguage":"pt-PT","@id":"https:\/\/ton.connectingminds.net\/de\/#\/schema\/logo\/image\/","url":"https:\/\/tonmerckxwielershirts.nl\/wp-content\/uploads\/2023\/03\/ton-merckx-logo.jpg","contentUrl":"https:\/\/tonmerckxwielershirts.nl\/wp-content\/uploads\/2023\/03\/ton-merckx-logo.jpg","width":391,"height":57,"caption":"Ton Merckx Wielershirts - Rondreis door de wereld van wielershirts"},"image":{"@id":"https:\/\/ton.connectingminds.net\/de\/#\/schema\/logo\/image\/"}}]}},"_links":{"self":[{"href":"https:\/\/tonmerckxwielershirts.nl\/pt\/wp-json\/wp\/v2\/product\/27784","targetHints":{"allow":["GET"]}}],"collection":[{"href":"https:\/\/tonmerckxwielershirts.nl\/pt\/wp-json\/wp\/v2\/product"}],"about":[{"href":"https:\/\/tonmerckxwielershirts.nl\/pt\/wp-json\/wp\/v2\/types\/product"}],"wp:featuredmedia":[{"embeddable":true,"href":"https:\/\/tonmerckxwielershirts.nl\/pt\/wp-json\/wp\/v2\/media\/28316"}],"wp:attachment":[{"href":"https:\/\/tonmerckxwielershirts.nl\/pt\/wp-json\/wp\/v2\/media?parent=27784"}],"wp:term":[{"taxonomy":"product_brand","embeddable":true,"href":"https:\/\/tonmerckxwielershirts.nl\/pt\/wp-json\/wp\/v2\/product_brand?post=27784"},{"taxonomy":"product_cat","embeddable":true,"href":"https:\/\/tonmerckxwielershirts.nl\/pt\/wp-json\/wp\/v2\/product_cat?post=27784"},{"taxonomy":"product_tag","embeddable":true,"href":"https:\/\/tonmerckxwielershirts.nl\/pt\/wp-json\/wp\/v2\/product_tag?post=27784"}],"curies":[{"name":"wp","href":"https:\/\/api.w.org\/{rel}","templated":true}]}}