{"id":2905,"date":"2023-01-24T17:56:05","date_gmt":"2023-01-24T17:56:05","guid":{"rendered":"https:\/\/ton.connectingminds.net\/product\/amore-vita-galatron\/"},"modified":"2026-01-28T12:03:07","modified_gmt":"2026-01-28T11:03:07","slug":"amor-vita-galatron","status":"publish","type":"product","link":"https:\/\/tonmerckxwielershirts.nl\/pt\/retro-wielershirt\/amore-vita-galatron\/","title":{"rendered":"AMORE &amp; VITA (c) - CAMISA DE CICLISMO GALATRON 1993"},"content":{"rendered":"<h3 data-start=\"132\" data-end=\"198\"><strong data-start=\"136\" data-end=\"198\">Amore &amp; Vita-Galatron em 1993: Amor, Vida e Ciclismo<\/strong><\/h3>\n<p data-start=\"200\" data-end=\"671\">A equipe de ciclismo <em data-start=\"215\" data-end=\"229\">Amor e Vita<\/em> (italiano para \u201cAmor e Vida\u201d) foi criado em 1989 a partir da aquisi\u00e7\u00e3o da equipe polonesa <em data-start=\"318\" data-end=\"331\">Rometa\u2013L\u00e9gia<\/em> pelo extravagante italiano <a href=\"https:\/\/it.wikipedia.org\/wiki\/Ivano_Fanini\" target=\"_blank\" rel=\"noopener\"><strong>Ivano Fanini<\/strong><\/a>Fanini deu \u00e0 equipe um car\u00e1ter crist\u00e3o-humanista marcante, enfatizando a \u00e9tica, o antidoping e os valores da vida. O nome da equipe tornou-se um manifesto: n\u00e3o uma marca puramente comercial, mas uma miss\u00e3o \u2014 &quot;Amore &amp; Vita&quot; simbolizava pureza e respeito pela vida, dentro e fora da bicicleta.<\/p>\n<p data-start=\"673\" data-end=\"891\">A equipe costumava ser um ref\u00fagio para ciclistas que haviam sido descartados em outros lugares ou precisavam de uma segunda chance. Mas tamb\u00e9m era um ambiente prop\u00edcio para ciclistas talentosos que ousavam pensar fora da caixa.<\/p>\n<p data-start=\"893\" data-end=\"1354\">Em <strong data-start=\"896\" data-end=\"904\">1993<\/strong> a equipe correu sob o nome <strong data-start=\"933\" data-end=\"958\">Amore e Vita-Galatron<\/strong>, de <em data-start=\"964\" data-end=\"974\">Galatron<\/em> (fabricante italiano de lou\u00e7as sanit\u00e1rias) como copatrocinador. Durante esse per\u00edodo, a equipe teve um car\u00e1ter internacional marcante, com ciclistas da It\u00e1lia, do Leste Europeu e, \u00e0s vezes, at\u00e9 dos EUA ou da Am\u00e9rica Latina. Eles competiram principalmente em corridas europeias menores e em corridas italianas de divis\u00f5es inferiores, mas se tornaram populares por seu estilo ofensivo e natureza idealista.<\/p>\n<p data-start=\"1356\" data-end=\"1662\">Embora a equipe n\u00e3o tenha competido no mais alto n\u00edvel do ProTour em 1993, era conhecida como uma equipe vibrante e nada convencional. Frequentemente servia como trampolim para ciclistas a caminho de equipes maiores, ou como um porto seguro para aqueles que haviam sofrido com les\u00f5es, suspens\u00f5es ou contratempos pessoais.<\/p>\n<p data-start=\"1664\" data-end=\"1968\">A d\u00e9cada de 1990 foi uma \u00e9poca dif\u00edcil para o ciclismo devido ao aumento do doping e \u00e0 press\u00e3o comercial, mas a Amore &amp; Vita se manteve fiel aos seus valores \u2014 \u00e0s vezes contra a corrente, sempre com paix\u00e3o. A equipe de 1993 n\u00e3o era uma m\u00e1quina vencedora, mas personificava o esp\u00edrito do ciclismo como uma arte de viver.<\/p>","protected":false},"excerpt":{"rendered":"<p>Amore &amp; Vita-Galatron in 1993: Liefde, Leven en Wielrennen De wielerploeg Amore &amp; Vita (Italiaans voor \u201cLiefde en Leven\u201d) ontstond in 1989 uit de overname van de Poolse ploeg Romet\u2013Legia door de flamboyante Italiaan Ivano Fanini. Fanini gaf de ploeg een opvallend christelijk-humanistisch karakter, met nadruk op ethiek, anti-doping en levenswaarden. De ploegnaam werd een [&hellip;]<\/p>\n","protected":false},"featured_media":33338,"template":"","meta":[],"product_brand":[],"product_cat":[151],"product_tag":[],"class_list":{"0":"post-2905","1":"product","2":"type-product","3":"status-publish","4":"has-post-thumbnail","6":"product_cat-pro-team","8":"first","9":"onbackorder","10":"taxable","11":"shipping-taxable","12":"purchasable","13":"product-type-variable"},"yoast_head":"<!-- This site is optimized with the Yoast SEO plugin v27.5 - https:\/\/yoast.com\/product\/yoast-seo-wordpress\/ -->\n<title>AMORE &amp; VITA (c)-GALATRON  1993  WIELERSHIRT - Ton Merckx Wielershirts - Rondreis door de wereld van wielershirts<\/title>\n<meta name=\"robots\" content=\"index, follow, max-snippet:-1, max-image-preview:large, max-video-preview:-1\" \/>\n<link rel=\"canonical\" href=\"https:\/\/ton.connectingminds.net\/en\/retro-cycling-jersey\/love-vita-galatron\/\" \/>\n<meta property=\"og:locale\" content=\"pt_PT\" \/>\n<meta property=\"og:type\" content=\"article\" \/>\n<meta property=\"og:title\" content=\"AMORE &amp; VITA (c)-GALATRON  1993  WIELERSHIRT - Ton Merckx Wielershirts - Rondreis door de wereld van wielershirts\" \/>\n<meta property=\"og:description\" content=\"Amore &amp; Vita-Galatron in 1993: Liefde, Leven en Wielrennen De wielerploeg Amore &amp; Vita (Italiaans voor \u201cLiefde en Leven\u201d) ontstond in 1989 uit de overname van de Poolse ploeg Romet\u2013Legia door de flamboyante Italiaan Ivano Fanini. Fanini gaf de ploeg een opvallend christelijk-humanistisch karakter, met nadruk op ethiek, anti-doping en levenswaarden. De ploegnaam werd een [&hellip;]\" \/>\n<meta property=\"og:url\" content=\"https:\/\/ton.connectingminds.net\/en\/retro-cycling-jersey\/love-vita-galatron\/\" \/>\n<meta property=\"og:site_name\" content=\"Ton Merckx Wielershirts - Rondreis door de wereld van wielershirts\" \/>\n<meta property=\"article:modified_time\" content=\"2026-01-28T11:03:07+00:00\" \/>\n<meta property=\"og:image\" content=\"https:\/\/ton.connectingminds.net\/wp-content\/uploads\/2023\/01\/IMG_3752-scaled.jpg\" \/>\n\t<meta property=\"og:image:width\" content=\"1920\" \/>\n\t<meta property=\"og:image:height\" content=\"2560\" \/>\n\t<meta property=\"og:image:type\" content=\"image\/jpeg\" \/>\n<meta name=\"twitter:card\" content=\"summary_large_image\" \/>\n<meta name=\"twitter:label1\" content=\"Tempo estimado de leitura\" \/>\n\t<meta name=\"twitter:data1\" content=\"2 minutos\" \/>\n<script type=\"application\/ld+json\" class=\"yoast-schema-graph\">{\"@context\":\"https:\\\/\\\/schema.org\",\"@graph\":[{\"@type\":\"WebPage\",\"@id\":\"https:\\\/\\\/ton.connectingminds.net\\\/en\\\/retro-cycling-jersey\\\/love-vita-galatron\\\/\",\"url\":\"https:\\\/\\\/ton.connectingminds.net\\\/en\\\/retro-cycling-jersey\\\/love-vita-galatron\\\/\",\"name\":\"AMORE &amp; VITA (c)-GALATRON 1993 WIELERSHIRT - Ton Merckx Wielershirts - Rondreis door de wereld van wielershirts\",\"isPartOf\":{\"@id\":\"https:\\\/\\\/www.tonmerckxwielershirts.nl\\\/es\\\/#website\"},\"primaryImageOfPage\":{\"@id\":\"https:\\\/\\\/ton.connectingminds.net\\\/en\\\/retro-cycling-jersey\\\/love-vita-galatron\\\/#primaryimage\"},\"image\":{\"@id\":\"https:\\\/\\\/ton.connectingminds.net\\\/en\\\/retro-cycling-jersey\\\/love-vita-galatron\\\/#primaryimage\"},\"thumbnailUrl\":\"https:\\\/\\\/tonmerckxwielershirts.nl\\\/wp-content\\\/uploads\\\/2023\\\/01\\\/IMG_3752-scaled.jpg\",\"datePublished\":\"2023-01-24T17:56:05+00:00\",\"dateModified\":\"2026-01-28T11:03:07+00:00\",\"breadcrumb\":{\"@id\":\"https:\\\/\\\/ton.connectingminds.net\\\/en\\\/retro-cycling-jersey\\\/love-vita-galatron\\\/#breadcrumb\"},\"inLanguage\":\"pt-PT\",\"potentialAction\":[{\"@type\":\"ReadAction\",\"target\":[\"https:\\\/\\\/ton.connectingminds.net\\\/en\\\/retro-cycling-jersey\\\/love-vita-galatron\\\/\"]}]},{\"@type\":\"ImageObject\",\"inLanguage\":\"pt-PT\",\"@id\":\"https:\\\/\\\/ton.connectingminds.net\\\/en\\\/retro-cycling-jersey\\\/love-vita-galatron\\\/#primaryimage\",\"url\":\"https:\\\/\\\/tonmerckxwielershirts.nl\\\/wp-content\\\/uploads\\\/2023\\\/01\\\/IMG_3752-scaled.jpg\",\"contentUrl\":\"https:\\\/\\\/tonmerckxwielershirts.nl\\\/wp-content\\\/uploads\\\/2023\\\/01\\\/IMG_3752-scaled.jpg\",\"width\":1920,\"height\":2560,\"caption\":\"AMORE & VITA-GALATRON 1993\"},{\"@type\":\"BreadcrumbList\",\"@id\":\"https:\\\/\\\/ton.connectingminds.net\\\/en\\\/retro-cycling-jersey\\\/love-vita-galatron\\\/#breadcrumb\",\"itemListElement\":[{\"@type\":\"ListItem\",\"position\":1,\"name\":\"Home\",\"item\":\"https:\\\/\\\/www.tonmerckxwielershirts.nl\\\/es\\\/\"},{\"@type\":\"ListItem\",\"position\":2,\"name\":\"Retro wielershirts\",\"item\":\"https:\\\/\\\/www.tonmerckxwielershirts.nl\\\/es\\\/camisetas-de-ciclismo-retro\\\/\"},{\"@type\":\"ListItem\",\"position\":3,\"name\":\"AMORE &amp; VITA (c)-GALATRON 1993 WIELERSHIRT\"}]},{\"@type\":\"WebSite\",\"@id\":\"https:\\\/\\\/www.tonmerckxwielershirts.nl\\\/es\\\/#website\",\"url\":\"https:\\\/\\\/www.tonmerckxwielershirts.nl\\\/es\\\/\",\"name\":\"Ton Merckx Wielershirts - Rondreis door de wereld van wielershirts\",\"description\":\"thousands of original cycling jerseys - order your replica!\",\"publisher\":{\"@id\":\"https:\\\/\\\/www.tonmerckxwielershirts.nl\\\/es\\\/#organization\"},\"potentialAction\":[{\"@type\":\"SearchAction\",\"target\":{\"@type\":\"EntryPoint\",\"urlTemplate\":\"https:\\\/\\\/www.tonmerckxwielershirts.nl\\\/es\\\/?s={search_term_string}\"},\"query-input\":{\"@type\":\"PropertyValueSpecification\",\"valueRequired\":true,\"valueName\":\"search_term_string\"}}],\"inLanguage\":\"pt-PT\"},{\"@type\":\"Organization\",\"@id\":\"https:\\\/\\\/www.tonmerckxwielershirts.nl\\\/es\\\/#organization\",\"name\":\"Ton Merckx Wielershirts - Rondreis door de wereld van wielershirts\",\"url\":\"https:\\\/\\\/www.tonmerckxwielershirts.nl\\\/es\\\/\",\"logo\":{\"@type\":\"ImageObject\",\"inLanguage\":\"pt-PT\",\"@id\":\"https:\\\/\\\/www.tonmerckxwielershirts.nl\\\/es\\\/#\\\/schema\\\/logo\\\/image\\\/\",\"url\":\"https:\\\/\\\/tonmerckxwielershirts.nl\\\/wp-content\\\/uploads\\\/2023\\\/03\\\/ton-merckx-logo.jpg\",\"contentUrl\":\"https:\\\/\\\/tonmerckxwielershirts.nl\\\/wp-content\\\/uploads\\\/2023\\\/03\\\/ton-merckx-logo.jpg\",\"width\":391,\"height\":57,\"caption\":\"Ton Merckx Wielershirts - Rondreis door de wereld van wielershirts\"},\"image\":{\"@id\":\"https:\\\/\\\/www.tonmerckxwielershirts.nl\\\/es\\\/#\\\/schema\\\/logo\\\/image\\\/\"}}]}<\/script>\n<!-- \/ Yoast SEO plugin. -->","yoast_head_json":{"title":"CAMISA DE CICLISMO AMORE &amp; VITA (c)-GALATRON 1993 - Camisas de Ciclismo Ton Merckx - Uma viagem pelo mundo das camisas de ciclismo","robots":{"index":"index","follow":"follow","max-snippet":"max-snippet:-1","max-image-preview":"max-image-preview:large","max-video-preview":"max-video-preview:-1"},"canonical":"https:\/\/ton.connectingminds.net\/en\/retro-cycling-jersey\/love-vita-galatron\/","og_locale":"pt_PT","og_type":"article","og_title":"AMORE &amp; VITA (c)-GALATRON  1993  WIELERSHIRT - Ton Merckx Wielershirts - Rondreis door de wereld van wielershirts","og_description":"Amore &amp; Vita-Galatron in 1993: Liefde, Leven en Wielrennen De wielerploeg Amore &amp; Vita (Italiaans voor \u201cLiefde en Leven\u201d) ontstond in 1989 uit de overname van de Poolse ploeg Romet\u2013Legia door de flamboyante Italiaan Ivano Fanini. Fanini gaf de ploeg een opvallend christelijk-humanistisch karakter, met nadruk op ethiek, anti-doping en levenswaarden. De ploegnaam werd een [&hellip;]","og_url":"https:\/\/ton.connectingminds.net\/en\/retro-cycling-jersey\/love-vita-galatron\/","og_site_name":"Ton Merckx Wielershirts - Rondreis door de wereld van wielershirts","article_modified_time":"2026-01-28T11:03:07+00:00","og_image":[{"width":1920,"height":2560,"url":"https:\/\/ton.connectingminds.net\/wp-content\/uploads\/2023\/01\/IMG_3752-scaled.jpg","type":"image\/jpeg"}],"twitter_card":"summary_large_image","twitter_misc":{"Tempo estimado de leitura":"2 minutos"},"schema":{"@context":"https:\/\/schema.org","@graph":[{"@type":"WebPage","@id":"https:\/\/ton.connectingminds.net\/en\/retro-cycling-jersey\/love-vita-galatron\/","url":"https:\/\/ton.connectingminds.net\/en\/retro-cycling-jersey\/love-vita-galatron\/","name":"AMORE &amp; VITA (c)-GALATRON 1993 CYCLING SHIRT - Ton Merckx Cycling Jerseys - Tour pelo mundo das camisas de ciclismo","isPartOf":{"@id":"https:\/\/www.tonmerckxwielershirts.nl\/es\/#website"},"primaryImageOfPage":{"@id":"https:\/\/ton.connectingminds.net\/en\/retro-cycling-jersey\/love-vita-galatron\/#primaryimage"},"image":{"@id":"https:\/\/ton.connectingminds.net\/en\/retro-cycling-jersey\/love-vita-galatron\/#primaryimage"},"thumbnailUrl":"https:\/\/tonmerckxwielershirts.nl\/wp-content\/uploads\/2023\/01\/IMG_3752-scaled.jpg","datePublished":"2023-01-24T17:56:05+00:00","dateModified":"2026-01-28T11:03:07+00:00","breadcrumb":{"@id":"https:\/\/ton.connectingminds.net\/en\/retro-cycling-jersey\/love-vita-galatron\/#breadcrumb"},"inLanguage":"pt-PT","potentialAction":[{"@type":"ReadAction","target":["https:\/\/ton.connectingminds.net\/en\/retro-cycling-jersey\/love-vita-galatron\/"]}]},{"@type":"ImageObject","inLanguage":"pt-PT","@id":"https:\/\/ton.connectingminds.net\/en\/retro-cycling-jersey\/love-vita-galatron\/#primaryimage","url":"https:\/\/tonmerckxwielershirts.nl\/wp-content\/uploads\/2023\/01\/IMG_3752-scaled.jpg","contentUrl":"https:\/\/tonmerckxwielershirts.nl\/wp-content\/uploads\/2023\/01\/IMG_3752-scaled.jpg","width":1920,"height":2560,"caption":"AMORE & VITA-GALATRON 1993"},{"@type":"BreadcrumbList","@id":"https:\/\/ton.connectingminds.net\/en\/retro-cycling-jersey\/love-vita-galatron\/#breadcrumb","itemListElement":[{"@type":"ListItem","position":1,"name":"Home","item":"https:\/\/www.tonmerckxwielershirts.nl\/es\/"},{"@type":"ListItem","position":2,"name":"Retro wielershirts","item":"https:\/\/www.tonmerckxwielershirts.nl\/es\/camisetas-de-ciclismo-retro\/"},{"@type":"ListItem","position":3,"name":"AMORE &amp; VITA (c)-GALATRON 1993 WIELERSHIRT"}]},{"@type":"WebSite","@id":"https:\/\/www.tonmerckxwielershirts.nl\/es\/#website","url":"https:\/\/www.tonmerckxwielershirts.nl\/es\/","name":"Camisas de ciclismo Ton Merckx - Tour pelo mundo das camisas de ciclismo","description":"milhares de camisas de ciclismo originais - encomende a sua r\u00e9plica!","publisher":{"@id":"https:\/\/www.tonmerckxwielershirts.nl\/es\/#organization"},"potentialAction":[{"@type":"SearchAction","target":{"@type":"EntryPoint","urlTemplate":"https:\/\/www.tonmerckxwielershirts.nl\/es\/?s={search_term_string}"},"query-input":{"@type":"PropertyValueSpecification","valueRequired":true,"valueName":"search_term_string"}}],"inLanguage":"pt-PT"},{"@type":"Organization","@id":"https:\/\/www.tonmerckxwielershirts.nl\/es\/#organization","name":"Camisas de ciclismo Ton Merckx - Tour pelo mundo das camisas de ciclismo","url":"https:\/\/www.tonmerckxwielershirts.nl\/es\/","logo":{"@type":"ImageObject","inLanguage":"pt-PT","@id":"https:\/\/www.tonmerckxwielershirts.nl\/es\/#\/schema\/logo\/image\/","url":"https:\/\/tonmerckxwielershirts.nl\/wp-content\/uploads\/2023\/03\/ton-merckx-logo.jpg","contentUrl":"https:\/\/tonmerckxwielershirts.nl\/wp-content\/uploads\/2023\/03\/ton-merckx-logo.jpg","width":391,"height":57,"caption":"Ton Merckx Wielershirts - Rondreis door de wereld van wielershirts"},"image":{"@id":"https:\/\/www.tonmerckxwielershirts.nl\/es\/#\/schema\/logo\/image\/"}}]}},"_links":{"self":[{"href":"https:\/\/tonmerckxwielershirts.nl\/pt\/wp-json\/wp\/v2\/product\/2905","targetHints":{"allow":["GET"]}}],"collection":[{"href":"https:\/\/tonmerckxwielershirts.nl\/pt\/wp-json\/wp\/v2\/product"}],"about":[{"href":"https:\/\/tonmerckxwielershirts.nl\/pt\/wp-json\/wp\/v2\/types\/product"}],"wp:featuredmedia":[{"embeddable":true,"href":"https:\/\/tonmerckxwielershirts.nl\/pt\/wp-json\/wp\/v2\/media\/33338"}],"wp:attachment":[{"href":"https:\/\/tonmerckxwielershirts.nl\/pt\/wp-json\/wp\/v2\/media?parent=2905"}],"wp:term":[{"taxonomy":"product_brand","embeddable":true,"href":"https:\/\/tonmerckxwielershirts.nl\/pt\/wp-json\/wp\/v2\/product_brand?post=2905"},{"taxonomy":"product_cat","embeddable":true,"href":"https:\/\/tonmerckxwielershirts.nl\/pt\/wp-json\/wp\/v2\/product_cat?post=2905"},{"taxonomy":"product_tag","embeddable":true,"href":"https:\/\/tonmerckxwielershirts.nl\/pt\/wp-json\/wp\/v2\/product_tag?post=2905"}],"curies":[{"name":"wp","href":"https:\/\/api.w.org\/{rel}","templated":true}]}}