{"id":32616,"date":"2025-06-27T19:02:25","date_gmt":"2025-06-27T17:02:25","guid":{"rendered":"https:\/\/tonmerckxwielershirts.nl\/?post_type=product&#038;p=32616"},"modified":"2026-01-28T12:00:23","modified_gmt":"2026-01-28T11:00:23","slug":"camisa-de-ciclismo-lotto-sa-caps-orbea-2025","status":"publish","type":"product","link":"https:\/\/tonmerckxwielershirts.nl\/pt\/retro-wielershirt\/lotto-sa-caps-orbea-2025-wielershirt\/","title":{"rendered":"CAMISA DE CICLISMO LOTTO (sb)-CAPS-ORBEA 2025"},"content":{"rendered":"<p>LOTTO-CAPS-ORBEA 2025.<\/p>\n<p>Para comemorar o 40\u00ba anivers\u00e1rio da equipe LOTTO, eles usaram esta camisa especial de anivers\u00e1rio durante o Tour de Flandres no domingo, 6 de abril de 2025.<\/p>\n<p>Lennert van Eetveldt, Joshua Giddings, Brent van Moer, Jenno Berckmoes, Sebastien Grignard, Arjen Livyns e Alec Segaert cavalgaram naquele dia no Tour de Flandres com esta camisa do Jubileu.<\/p>\n<p>Segaert terminou em 32\u00ba, van Moer em 39\u00ba e Grignard em 70\u00ba<\/p>\n<p>Como a camisa do l\u00edder da Vuelta a Espa\u00f1a \u00e9 VERMELHA, a equipe da LOTTO teve que escolher um kit diferente em 2025 da camisa vermelha da LOTTO usada em 2025.<\/p>\n<p>Foi tomada a decis\u00e3o de usar tamb\u00e9m a camisa especial do Jubileu do Tour de Flandres na Vuelta.<\/p>\n<p>Os seguintes ciclistas usaram esta camisa na Vuelta: Lars Craps, Jasper de Buyst, Arjen Livyns, Alec Segaert, Eduardo Sepulveda, Liam Slock, Elia Viviani e Jonas Gregaard Wilsly.<\/p>","protected":false},"excerpt":{"rendered":"<p>LOTTO-CAPS-ORBEA 2025. Ter gelegenheid van het 40 jarig bestaan van de LOTTO ploeg reed men tijdens de Ronde van Vlaanderen op Zondag 6 April 2025 in dit speciale jubileumshirt. Lennert van Eetveldt, Joshua Giddings, Brent van Moer, Jenno Berckmoes, Sebastien Grignard, Arjen Livyns en Alec Segaert reden die dag in de Ronde van Vlaanderen in [&hellip;]<\/p>\n","protected":false},"featured_media":32617,"template":"","meta":[],"product_brand":[],"product_cat":[151],"product_tag":[],"class_list":{"0":"post-32616","1":"product","2":"type-product","3":"status-publish","4":"has-post-thumbnail","6":"product_cat-pro-team","8":"first","9":"outofstock","10":"taxable","11":"shipping-taxable","12":"product-type-simple"},"yoast_head":"<!-- This site is optimized with the Yoast SEO plugin v27.4 - https:\/\/yoast.com\/product\/yoast-seo-wordpress\/ -->\n<title>LOTTO (sb)-CAPS-ORBEA 2025 WIELERSHIRT - Ton Merckx Wielershirts - Rondreis door de wereld van wielershirts<\/title>\n<meta name=\"robots\" content=\"index, follow, max-snippet:-1, max-image-preview:large, max-video-preview:-1\" \/>\n<link rel=\"canonical\" href=\"https:\/\/tonmerckxwielershirts.nl\/pt\/camisa-de-ciclismo-retro\/camisa-de-ciclismo-lotto-sa-caps-orbea-2025\/\" \/>\n<meta property=\"og:locale\" content=\"pt_PT\" \/>\n<meta property=\"og:type\" content=\"article\" \/>\n<meta property=\"og:title\" content=\"LOTTO (sb)-CAPS-ORBEA 2025 WIELERSHIRT - Ton Merckx Wielershirts - Rondreis door de wereld van wielershirts\" \/>\n<meta property=\"og:description\" content=\"LOTTO-CAPS-ORBEA 2025. Ter gelegenheid van het 40 jarig bestaan van de LOTTO ploeg reed men tijdens de Ronde van Vlaanderen op Zondag 6 April 2025 in dit speciale jubileumshirt. Lennert van Eetveldt, Joshua Giddings, Brent van Moer, Jenno Berckmoes, Sebastien Grignard, Arjen Livyns en Alec Segaert reden die dag in de Ronde van Vlaanderen in [&hellip;]\" \/>\n<meta property=\"og:url\" content=\"https:\/\/tonmerckxwielershirts.nl\/pt\/camisa-de-ciclismo-retro\/camisa-de-ciclismo-lotto-sa-caps-orbea-2025\/\" \/>\n<meta property=\"og:site_name\" content=\"Ton Merckx Wielershirts - Rondreis door de wereld van wielershirts\" \/>\n<meta property=\"article:modified_time\" content=\"2026-01-28T11:00:23+00:00\" \/>\n<meta property=\"og:image\" content=\"https:\/\/tonmerckxwielershirts.nl\/wp-content\/uploads\/2025\/06\/IMG_3689-scaled.jpg\" \/>\n\t<meta property=\"og:image:width\" content=\"1920\" \/>\n\t<meta property=\"og:image:height\" content=\"2560\" \/>\n\t<meta property=\"og:image:type\" content=\"image\/jpeg\" \/>\n<meta name=\"twitter:card\" content=\"summary_large_image\" \/>\n<meta name=\"twitter:label1\" content=\"Tempo estimado de leitura\" \/>\n\t<meta name=\"twitter:data1\" content=\"1 minuto\" \/>\n<script type=\"application\/ld+json\" class=\"yoast-schema-graph\">{\"@context\":\"https:\\\/\\\/schema.org\",\"@graph\":[{\"@type\":\"WebPage\",\"@id\":\"https:\\\/\\\/tonmerckxwielershirts.nl\\\/es\\\/maillot-ciclista-retro\\\/maillot-ciclista-orbea-lotto-sa-caps-2025\\\/\",\"url\":\"https:\\\/\\\/tonmerckxwielershirts.nl\\\/es\\\/maillot-ciclista-retro\\\/maillot-ciclista-orbea-lotto-sa-caps-2025\\\/\",\"name\":\"LOTTO (sb)-CAPS-ORBEA 2025 WIELERSHIRT - Ton Merckx Wielershirts - Rondreis door de wereld van wielershirts\",\"isPartOf\":{\"@id\":\"https:\\\/\\\/tonmerckxwielershirts.nl\\\/de\\\/#website\"},\"primaryImageOfPage\":{\"@id\":\"https:\\\/\\\/tonmerckxwielershirts.nl\\\/es\\\/maillot-ciclista-retro\\\/maillot-ciclista-orbea-lotto-sa-caps-2025\\\/#primaryimage\"},\"image\":{\"@id\":\"https:\\\/\\\/tonmerckxwielershirts.nl\\\/es\\\/maillot-ciclista-retro\\\/maillot-ciclista-orbea-lotto-sa-caps-2025\\\/#primaryimage\"},\"thumbnailUrl\":\"https:\\\/\\\/tonmerckxwielershirts.nl\\\/wp-content\\\/uploads\\\/2025\\\/06\\\/IMG_3689-scaled.jpg\",\"datePublished\":\"2025-06-27T17:02:25+00:00\",\"dateModified\":\"2026-01-28T11:00:23+00:00\",\"breadcrumb\":{\"@id\":\"https:\\\/\\\/tonmerckxwielershirts.nl\\\/es\\\/maillot-ciclista-retro\\\/maillot-ciclista-orbea-lotto-sa-caps-2025\\\/#breadcrumb\"},\"inLanguage\":\"pt-PT\",\"potentialAction\":[{\"@type\":\"ReadAction\",\"target\":[\"https:\\\/\\\/tonmerckxwielershirts.nl\\\/es\\\/maillot-ciclista-retro\\\/maillot-ciclista-orbea-lotto-sa-caps-2025\\\/\"]}]},{\"@type\":\"ImageObject\",\"inLanguage\":\"pt-PT\",\"@id\":\"https:\\\/\\\/tonmerckxwielershirts.nl\\\/es\\\/maillot-ciclista-retro\\\/maillot-ciclista-orbea-lotto-sa-caps-2025\\\/#primaryimage\",\"url\":\"https:\\\/\\\/tonmerckxwielershirts.nl\\\/wp-content\\\/uploads\\\/2025\\\/06\\\/IMG_3689-scaled.jpg\",\"contentUrl\":\"https:\\\/\\\/tonmerckxwielershirts.nl\\\/wp-content\\\/uploads\\\/2025\\\/06\\\/IMG_3689-scaled.jpg\",\"width\":1920,\"height\":2560,\"caption\":\"LOTTO-CAPS-ORBEA 2025\"},{\"@type\":\"BreadcrumbList\",\"@id\":\"https:\\\/\\\/tonmerckxwielershirts.nl\\\/es\\\/maillot-ciclista-retro\\\/maillot-ciclista-orbea-lotto-sa-caps-2025\\\/#breadcrumb\",\"itemListElement\":[{\"@type\":\"ListItem\",\"position\":1,\"name\":\"Home\",\"item\":\"https:\\\/\\\/tonmerckxwielershirts.nl\\\/de\\\/\"},{\"@type\":\"ListItem\",\"position\":2,\"name\":\"Retro wielershirts\",\"item\":\"https:\\\/\\\/tonmerckxwielershirts.nl\\\/de\\\/retro-radtrikots\\\/\"},{\"@type\":\"ListItem\",\"position\":3,\"name\":\"LOTTO (sb)-CAPS-ORBEA 2025 WIELERSHIRT\"}]},{\"@type\":\"WebSite\",\"@id\":\"https:\\\/\\\/tonmerckxwielershirts.nl\\\/de\\\/#website\",\"url\":\"https:\\\/\\\/tonmerckxwielershirts.nl\\\/de\\\/\",\"name\":\"Ton Merckx Wielershirts - Rondreis door de wereld van wielershirts\",\"description\":\"thousands of original cycling jerseys - order your replica!\",\"publisher\":{\"@id\":\"https:\\\/\\\/tonmerckxwielershirts.nl\\\/de\\\/#organization\"},\"potentialAction\":[{\"@type\":\"SearchAction\",\"target\":{\"@type\":\"EntryPoint\",\"urlTemplate\":\"https:\\\/\\\/tonmerckxwielershirts.nl\\\/de\\\/?s={search_term_string}\"},\"query-input\":{\"@type\":\"PropertyValueSpecification\",\"valueRequired\":true,\"valueName\":\"search_term_string\"}}],\"inLanguage\":\"pt-PT\"},{\"@type\":\"Organization\",\"@id\":\"https:\\\/\\\/tonmerckxwielershirts.nl\\\/de\\\/#organization\",\"name\":\"Ton Merckx Wielershirts - Rondreis door de wereld van wielershirts\",\"url\":\"https:\\\/\\\/tonmerckxwielershirts.nl\\\/de\\\/\",\"logo\":{\"@type\":\"ImageObject\",\"inLanguage\":\"pt-PT\",\"@id\":\"https:\\\/\\\/tonmerckxwielershirts.nl\\\/de\\\/#\\\/schema\\\/logo\\\/image\\\/\",\"url\":\"https:\\\/\\\/tonmerckxwielershirts.nl\\\/wp-content\\\/uploads\\\/2023\\\/03\\\/ton-merckx-logo.jpg\",\"contentUrl\":\"https:\\\/\\\/tonmerckxwielershirts.nl\\\/wp-content\\\/uploads\\\/2023\\\/03\\\/ton-merckx-logo.jpg\",\"width\":391,\"height\":57,\"caption\":\"Ton Merckx Wielershirts - Rondreis door de wereld van wielershirts\"},\"image\":{\"@id\":\"https:\\\/\\\/tonmerckxwielershirts.nl\\\/de\\\/#\\\/schema\\\/logo\\\/image\\\/\"}}]}<\/script>\n<!-- \/ Yoast SEO plugin. -->","yoast_head_json":{"title":"CAMISA DE CICLISMO LOTTO (sb)-CAPS-ORBEA 2025 - Camisas de Ciclismo Ton Merckx - Uma viagem pelo mundo das camisas de ciclismo","robots":{"index":"index","follow":"follow","max-snippet":"max-snippet:-1","max-image-preview":"max-image-preview:large","max-video-preview":"max-video-preview:-1"},"canonical":"https:\/\/tonmerckxwielershirts.nl\/pt\/camisa-de-ciclismo-retro\/camisa-de-ciclismo-lotto-sa-caps-orbea-2025\/","og_locale":"pt_PT","og_type":"article","og_title":"LOTTO (sb)-CAPS-ORBEA 2025 WIELERSHIRT - Ton Merckx Wielershirts - Rondreis door de wereld van wielershirts","og_description":"LOTTO-CAPS-ORBEA 2025. Ter gelegenheid van het 40 jarig bestaan van de LOTTO ploeg reed men tijdens de Ronde van Vlaanderen op Zondag 6 April 2025 in dit speciale jubileumshirt. Lennert van Eetveldt, Joshua Giddings, Brent van Moer, Jenno Berckmoes, Sebastien Grignard, Arjen Livyns en Alec Segaert reden die dag in de Ronde van Vlaanderen in [&hellip;]","og_url":"https:\/\/tonmerckxwielershirts.nl\/pt\/camisa-de-ciclismo-retro\/camisa-de-ciclismo-lotto-sa-caps-orbea-2025\/","og_site_name":"Ton Merckx Wielershirts - Rondreis door de wereld van wielershirts","article_modified_time":"2026-01-28T11:00:23+00:00","og_image":[{"width":1920,"height":2560,"url":"https:\/\/tonmerckxwielershirts.nl\/wp-content\/uploads\/2025\/06\/IMG_3689-scaled.jpg","type":"image\/jpeg"}],"twitter_card":"summary_large_image","twitter_misc":{"Tempo estimado de leitura":"1 minuto"},"schema":{"@context":"https:\/\/schema.org","@graph":[{"@type":"WebPage","@id":"https:\/\/tonmerckxwielershirts.nl\/es\/maillot-ciclista-retro\/maillot-ciclista-orbea-lotto-sa-caps-2025\/","url":"https:\/\/tonmerckxwielershirts.nl\/es\/maillot-ciclista-retro\/maillot-ciclista-orbea-lotto-sa-caps-2025\/","name":"CAMISA DE CICLISMO LOTTO (sb)-CAPS-ORBEA 2025 - Camisas de Ciclismo Ton Merckx - Uma viagem pelo mundo das camisas de ciclismo","isPartOf":{"@id":"https:\/\/tonmerckxwielershirts.nl\/de\/#website"},"primaryImageOfPage":{"@id":"https:\/\/tonmerckxwielershirts.nl\/es\/maillot-ciclista-retro\/maillot-ciclista-orbea-lotto-sa-caps-2025\/#primaryimage"},"image":{"@id":"https:\/\/tonmerckxwielershirts.nl\/es\/maillot-ciclista-retro\/maillot-ciclista-orbea-lotto-sa-caps-2025\/#primaryimage"},"thumbnailUrl":"https:\/\/tonmerckxwielershirts.nl\/wp-content\/uploads\/2025\/06\/IMG_3689-scaled.jpg","datePublished":"2025-06-27T17:02:25+00:00","dateModified":"2026-01-28T11:00:23+00:00","breadcrumb":{"@id":"https:\/\/tonmerckxwielershirts.nl\/es\/maillot-ciclista-retro\/maillot-ciclista-orbea-lotto-sa-caps-2025\/#breadcrumb"},"inLanguage":"pt-PT","potentialAction":[{"@type":"ReadAction","target":["https:\/\/tonmerckxwielershirts.nl\/es\/maillot-ciclista-retro\/maillot-ciclista-orbea-lotto-sa-caps-2025\/"]}]},{"@type":"ImageObject","inLanguage":"pt-PT","@id":"https:\/\/tonmerckxwielershirts.nl\/es\/maillot-ciclista-retro\/maillot-ciclista-orbea-lotto-sa-caps-2025\/#primaryimage","url":"https:\/\/tonmerckxwielershirts.nl\/wp-content\/uploads\/2025\/06\/IMG_3689-scaled.jpg","contentUrl":"https:\/\/tonmerckxwielershirts.nl\/wp-content\/uploads\/2025\/06\/IMG_3689-scaled.jpg","width":1920,"height":2560,"caption":"LOTTO-CAPS-ORBEA 2025"},{"@type":"BreadcrumbList","@id":"https:\/\/tonmerckxwielershirts.nl\/es\/maillot-ciclista-retro\/maillot-ciclista-orbea-lotto-sa-caps-2025\/#breadcrumb","itemListElement":[{"@type":"ListItem","position":1,"name":"Home","item":"https:\/\/tonmerckxwielershirts.nl\/de\/"},{"@type":"ListItem","position":2,"name":"Retro wielershirts","item":"https:\/\/tonmerckxwielershirts.nl\/de\/retro-radtrikots\/"},{"@type":"ListItem","position":3,"name":"LOTTO (sb)-CAPS-ORBEA 2025 WIELERSHIRT"}]},{"@type":"WebSite","@id":"https:\/\/tonmerckxwielershirts.nl\/de\/#website","url":"https:\/\/tonmerckxwielershirts.nl\/de\/","name":"Camisas de ciclismo Ton Merckx - Tour pelo mundo das camisas de ciclismo","description":"milhares de camisas de ciclismo originais - encomende a sua r\u00e9plica!","publisher":{"@id":"https:\/\/tonmerckxwielershirts.nl\/de\/#organization"},"potentialAction":[{"@type":"SearchAction","target":{"@type":"EntryPoint","urlTemplate":"https:\/\/tonmerckxwielershirts.nl\/de\/?s={search_term_string}"},"query-input":{"@type":"PropertyValueSpecification","valueRequired":true,"valueName":"search_term_string"}}],"inLanguage":"pt-PT"},{"@type":"Organization","@id":"https:\/\/tonmerckxwielershirts.nl\/de\/#organization","name":"Camisas de ciclismo Ton Merckx - Tour pelo mundo das camisas de ciclismo","url":"https:\/\/tonmerckxwielershirts.nl\/de\/","logo":{"@type":"ImageObject","inLanguage":"pt-PT","@id":"https:\/\/tonmerckxwielershirts.nl\/de\/#\/schema\/logo\/image\/","url":"https:\/\/tonmerckxwielershirts.nl\/wp-content\/uploads\/2023\/03\/ton-merckx-logo.jpg","contentUrl":"https:\/\/tonmerckxwielershirts.nl\/wp-content\/uploads\/2023\/03\/ton-merckx-logo.jpg","width":391,"height":57,"caption":"Ton Merckx Wielershirts - Rondreis door de wereld van wielershirts"},"image":{"@id":"https:\/\/tonmerckxwielershirts.nl\/de\/#\/schema\/logo\/image\/"}}]}},"_links":{"self":[{"href":"https:\/\/tonmerckxwielershirts.nl\/pt\/wp-json\/wp\/v2\/product\/32616","targetHints":{"allow":["GET"]}}],"collection":[{"href":"https:\/\/tonmerckxwielershirts.nl\/pt\/wp-json\/wp\/v2\/product"}],"about":[{"href":"https:\/\/tonmerckxwielershirts.nl\/pt\/wp-json\/wp\/v2\/types\/product"}],"wp:featuredmedia":[{"embeddable":true,"href":"https:\/\/tonmerckxwielershirts.nl\/pt\/wp-json\/wp\/v2\/media\/32617"}],"wp:attachment":[{"href":"https:\/\/tonmerckxwielershirts.nl\/pt\/wp-json\/wp\/v2\/media?parent=32616"}],"wp:term":[{"taxonomy":"product_brand","embeddable":true,"href":"https:\/\/tonmerckxwielershirts.nl\/pt\/wp-json\/wp\/v2\/product_brand?post=32616"},{"taxonomy":"product_cat","embeddable":true,"href":"https:\/\/tonmerckxwielershirts.nl\/pt\/wp-json\/wp\/v2\/product_cat?post=32616"},{"taxonomy":"product_tag","embeddable":true,"href":"https:\/\/tonmerckxwielershirts.nl\/pt\/wp-json\/wp\/v2\/product_tag?post=32616"}],"curies":[{"name":"wp","href":"https:\/\/api.w.org\/{rel}","templated":true}]}}