{"id":3533,"date":"2023-01-24T18:03:49","date_gmt":"2023-01-24T18:03:49","guid":{"rendered":"https:\/\/ton.connectingminds.net\/product\/belkin-giant\/"},"modified":"2026-01-28T12:02:31","modified_gmt":"2026-01-28T11:02:31","slug":"gigante-de-belkin","status":"publish","type":"product","link":"https:\/\/tonmerckxwielershirts.nl\/pt\/retro-wielershirt\/belkin-giant\/","title":{"rendered":"CAMISA DE CICLISMO BELKIN (a)-GIGANTE 2013"},"content":{"rendered":"<p>Durante a temporada de 2012, o RABOBANK decide parar de patrocinar no final do ano devido a alguns esc\u00e2ndalos de doping. RABOBANK RABOBANK continuar\u00e1 com a equipe Continental. O contrato da equipe PRO TOUR tamb\u00e9m ser\u00e1 honrado para 2013, pois ainda existe contrato para 2013 e 2014.<\/p>\n<p>O RABOBANK n\u00e3o estar\u00e1 mais na camisa em 2013, ser\u00e1 o BLANCO.<\/p>\n<p>A partir do TOUR DE FRANCE 2013 (29 de junho de 2013), a equipe passar\u00e1 a vestir a camisa BELKIN.<\/p>","protected":false},"excerpt":{"rendered":"<p>Gedurende het seizoen 2012 besluit de RABOBANK om te stoppen met sponsoring aan het einde van het jaar ivm enkele dopingschandalen.\u00a0 Wel gaat RABOBANK RABOBANK door met het Continental team. Ook voor 2013 komt men het contract van de PRO TOUR ploeg na, omdat er nog een contract is voor 2013 en 2014. RABOBANK staat [&hellip;]<\/p>\n","protected":false},"featured_media":3532,"template":"","meta":[],"product_brand":[],"product_cat":[151],"product_tag":[],"class_list":{"0":"post-3533","1":"product","2":"type-product","3":"status-publish","4":"has-post-thumbnail","6":"product_cat-pro-team","8":"first","9":"onbackorder","10":"taxable","11":"shipping-taxable","12":"purchasable","13":"product-type-variable"},"yoast_head":"<!-- This site is optimized with the Yoast SEO plugin v27.3 - https:\/\/yoast.com\/product\/yoast-seo-wordpress\/ -->\n<title>BELKIN (a)-GIANT  2013  WIELERSHIRT - Ton Merckx Wielershirts - Rondreis door de wereld van wielershirts<\/title>\n<meta name=\"robots\" content=\"index, follow, max-snippet:-1, max-image-preview:large, max-video-preview:-1\" \/>\n<link rel=\"canonical\" href=\"https:\/\/mail.originalcyclingjerseys.com\/es\/retro-wielershirt\/belkin-giant\/\" \/>\n<meta property=\"og:locale\" content=\"pt_PT\" \/>\n<meta property=\"og:type\" content=\"article\" \/>\n<meta property=\"og:title\" content=\"BELKIN (a)-GIANT  2013  WIELERSHIRT - Ton Merckx Wielershirts - Rondreis door de wereld van wielershirts\" \/>\n<meta property=\"og:description\" content=\"Gedurende het seizoen 2012 besluit de RABOBANK om te stoppen met sponsoring aan het einde van het jaar ivm enkele dopingschandalen.\u00a0 Wel gaat RABOBANK RABOBANK door met het Continental team. Ook voor 2013 komt men het contract van de PRO TOUR ploeg na, omdat er nog een contract is voor 2013 en 2014. RABOBANK staat [&hellip;]\" \/>\n<meta property=\"og:url\" content=\"https:\/\/mail.originalcyclingjerseys.com\/es\/retro-wielershirt\/belkin-giant\/\" \/>\n<meta property=\"og:site_name\" content=\"Ton Merckx Wielershirts - Rondreis door de wereld van wielershirts\" \/>\n<meta property=\"article:modified_time\" content=\"2026-01-28T11:02:31+00:00\" \/>\n<meta property=\"og:image\" content=\"https:\/\/mail.originalcyclingjerseys.com\/wp-content\/uploads\/2023\/01\/SSA45169-rotated.jpg\" \/>\n\t<meta property=\"og:image:width\" content=\"1704\" \/>\n\t<meta property=\"og:image:height\" content=\"2272\" \/>\n\t<meta property=\"og:image:type\" content=\"image\/jpeg\" \/>\n<meta name=\"twitter:card\" content=\"summary_large_image\" \/>\n<meta name=\"twitter:label1\" content=\"Tempo estimado de leitura\" \/>\n\t<meta name=\"twitter:data1\" content=\"1 minuto\" \/>\n<script type=\"application\/ld+json\" class=\"yoast-schema-graph\">{\"@context\":\"https:\\\/\\\/schema.org\",\"@graph\":[{\"@type\":\"WebPage\",\"@id\":\"https:\\\/\\\/mail.originalcyclingjerseys.com\\\/es\\\/retro-wielershirt\\\/belkin-giant\\\/\",\"url\":\"https:\\\/\\\/mail.originalcyclingjerseys.com\\\/es\\\/retro-wielershirt\\\/belkin-giant\\\/\",\"name\":\"BELKIN (a)-GIANT 2013 WIELERSHIRT - Ton Merckx Wielershirts - Rondreis door de wereld van wielershirts\",\"isPartOf\":{\"@id\":\"https:\\\/\\\/mail.originalcyclingjerseys.com\\\/pt\\\/#website\"},\"primaryImageOfPage\":{\"@id\":\"https:\\\/\\\/mail.originalcyclingjerseys.com\\\/es\\\/retro-wielershirt\\\/belkin-giant\\\/#primaryimage\"},\"image\":{\"@id\":\"https:\\\/\\\/mail.originalcyclingjerseys.com\\\/es\\\/retro-wielershirt\\\/belkin-giant\\\/#primaryimage\"},\"thumbnailUrl\":\"https:\\\/\\\/tonmerckxwielershirts.nl\\\/wp-content\\\/uploads\\\/2023\\\/01\\\/SSA45169-rotated.jpg\",\"datePublished\":\"2023-01-24T18:03:49+00:00\",\"dateModified\":\"2026-01-28T11:02:31+00:00\",\"breadcrumb\":{\"@id\":\"https:\\\/\\\/mail.originalcyclingjerseys.com\\\/es\\\/retro-wielershirt\\\/belkin-giant\\\/#breadcrumb\"},\"inLanguage\":\"pt-PT\",\"potentialAction\":[{\"@type\":\"ReadAction\",\"target\":[\"https:\\\/\\\/mail.originalcyclingjerseys.com\\\/es\\\/retro-wielershirt\\\/belkin-giant\\\/\"]}]},{\"@type\":\"ImageObject\",\"inLanguage\":\"pt-PT\",\"@id\":\"https:\\\/\\\/mail.originalcyclingjerseys.com\\\/es\\\/retro-wielershirt\\\/belkin-giant\\\/#primaryimage\",\"url\":\"https:\\\/\\\/tonmerckxwielershirts.nl\\\/wp-content\\\/uploads\\\/2023\\\/01\\\/SSA45169-rotated.jpg\",\"contentUrl\":\"https:\\\/\\\/tonmerckxwielershirts.nl\\\/wp-content\\\/uploads\\\/2023\\\/01\\\/SSA45169-rotated.jpg\",\"width\":1704,\"height\":2272},{\"@type\":\"BreadcrumbList\",\"@id\":\"https:\\\/\\\/mail.originalcyclingjerseys.com\\\/es\\\/retro-wielershirt\\\/belkin-giant\\\/#breadcrumb\",\"itemListElement\":[{\"@type\":\"ListItem\",\"position\":1,\"name\":\"Home\",\"item\":\"https:\\\/\\\/mail.originalcyclingjerseys.com\\\/pt\\\/\"},{\"@type\":\"ListItem\",\"position\":2,\"name\":\"Retro wielershirts\",\"item\":\"https:\\\/\\\/mail.originalcyclingjerseys.com\\\/pt\\\/retro-wielershirts\\\/\"},{\"@type\":\"ListItem\",\"position\":3,\"name\":\"BELKIN (a)-GIANT 2013 WIELERSHIRT\"}]},{\"@type\":\"WebSite\",\"@id\":\"https:\\\/\\\/mail.originalcyclingjerseys.com\\\/pt\\\/#website\",\"url\":\"https:\\\/\\\/mail.originalcyclingjerseys.com\\\/pt\\\/\",\"name\":\"Ton Merckx Wielershirts - Rondreis door de wereld van wielershirts\",\"description\":\"thousands of original cycling jerseys - order your replica!\",\"publisher\":{\"@id\":\"https:\\\/\\\/mail.originalcyclingjerseys.com\\\/pt\\\/#organization\"},\"potentialAction\":[{\"@type\":\"SearchAction\",\"target\":{\"@type\":\"EntryPoint\",\"urlTemplate\":\"https:\\\/\\\/mail.originalcyclingjerseys.com\\\/pt\\\/?s={search_term_string}\"},\"query-input\":{\"@type\":\"PropertyValueSpecification\",\"valueRequired\":true,\"valueName\":\"search_term_string\"}}],\"inLanguage\":\"pt-PT\"},{\"@type\":\"Organization\",\"@id\":\"https:\\\/\\\/mail.originalcyclingjerseys.com\\\/pt\\\/#organization\",\"name\":\"Ton Merckx Wielershirts - Rondreis door de wereld van wielershirts\",\"url\":\"https:\\\/\\\/mail.originalcyclingjerseys.com\\\/pt\\\/\",\"logo\":{\"@type\":\"ImageObject\",\"inLanguage\":\"pt-PT\",\"@id\":\"https:\\\/\\\/mail.originalcyclingjerseys.com\\\/pt\\\/#\\\/schema\\\/logo\\\/image\\\/\",\"url\":\"https:\\\/\\\/tonmerckxwielershirts.nl\\\/wp-content\\\/uploads\\\/2023\\\/03\\\/ton-merckx-logo.jpg\",\"contentUrl\":\"https:\\\/\\\/tonmerckxwielershirts.nl\\\/wp-content\\\/uploads\\\/2023\\\/03\\\/ton-merckx-logo.jpg\",\"width\":391,\"height\":57,\"caption\":\"Ton Merckx Wielershirts - Rondreis door de wereld van wielershirts\"},\"image\":{\"@id\":\"https:\\\/\\\/mail.originalcyclingjerseys.com\\\/pt\\\/#\\\/schema\\\/logo\\\/image\\\/\"}}]}<\/script>\n<!-- \/ Yoast SEO plugin. -->","yoast_head_json":{"title":"CAMISA DE CICLISMO BELKIN (a)-GIANT 2013 - Camisas de ciclismo Ton Merckx - Passeio pelo mundo das camisas de ciclismo","robots":{"index":"index","follow":"follow","max-snippet":"max-snippet:-1","max-image-preview":"max-image-preview:large","max-video-preview":"max-video-preview:-1"},"canonical":"https:\/\/mail.originalcyclingjerseys.com\/es\/retro-wielershirt\/belkin-giant\/","og_locale":"pt_PT","og_type":"article","og_title":"BELKIN (a)-GIANT  2013  WIELERSHIRT - Ton Merckx Wielershirts - Rondreis door de wereld van wielershirts","og_description":"Gedurende het seizoen 2012 besluit de RABOBANK om te stoppen met sponsoring aan het einde van het jaar ivm enkele dopingschandalen.\u00a0 Wel gaat RABOBANK RABOBANK door met het Continental team. Ook voor 2013 komt men het contract van de PRO TOUR ploeg na, omdat er nog een contract is voor 2013 en 2014. RABOBANK staat [&hellip;]","og_url":"https:\/\/mail.originalcyclingjerseys.com\/es\/retro-wielershirt\/belkin-giant\/","og_site_name":"Ton Merckx Wielershirts - Rondreis door de wereld van wielershirts","article_modified_time":"2026-01-28T11:02:31+00:00","og_image":[{"width":1704,"height":2272,"url":"https:\/\/mail.originalcyclingjerseys.com\/wp-content\/uploads\/2023\/01\/SSA45169-rotated.jpg","type":"image\/jpeg"}],"twitter_card":"summary_large_image","twitter_misc":{"Tempo estimado de leitura":"1 minuto"},"schema":{"@context":"https:\/\/schema.org","@graph":[{"@type":"WebPage","@id":"https:\/\/mail.originalcyclingjerseys.com\/es\/retro-wielershirt\/belkin-giant\/","url":"https:\/\/mail.originalcyclingjerseys.com\/es\/retro-wielershirt\/belkin-giant\/","name":"CAMISA DE CICLISMO BELKIN (a)-GIANT 2013 - Camisas de ciclismo Ton Merckx - Passeio pelo mundo das camisas de ciclismo","isPartOf":{"@id":"https:\/\/mail.originalcyclingjerseys.com\/pt\/#website"},"primaryImageOfPage":{"@id":"https:\/\/mail.originalcyclingjerseys.com\/es\/retro-wielershirt\/belkin-giant\/#primaryimage"},"image":{"@id":"https:\/\/mail.originalcyclingjerseys.com\/es\/retro-wielershirt\/belkin-giant\/#primaryimage"},"thumbnailUrl":"https:\/\/tonmerckxwielershirts.nl\/wp-content\/uploads\/2023\/01\/SSA45169-rotated.jpg","datePublished":"2023-01-24T18:03:49+00:00","dateModified":"2026-01-28T11:02:31+00:00","breadcrumb":{"@id":"https:\/\/mail.originalcyclingjerseys.com\/es\/retro-wielershirt\/belkin-giant\/#breadcrumb"},"inLanguage":"pt-PT","potentialAction":[{"@type":"ReadAction","target":["https:\/\/mail.originalcyclingjerseys.com\/es\/retro-wielershirt\/belkin-giant\/"]}]},{"@type":"ImageObject","inLanguage":"pt-PT","@id":"https:\/\/mail.originalcyclingjerseys.com\/es\/retro-wielershirt\/belkin-giant\/#primaryimage","url":"https:\/\/tonmerckxwielershirts.nl\/wp-content\/uploads\/2023\/01\/SSA45169-rotated.jpg","contentUrl":"https:\/\/tonmerckxwielershirts.nl\/wp-content\/uploads\/2023\/01\/SSA45169-rotated.jpg","width":1704,"height":2272},{"@type":"BreadcrumbList","@id":"https:\/\/mail.originalcyclingjerseys.com\/es\/retro-wielershirt\/belkin-giant\/#breadcrumb","itemListElement":[{"@type":"ListItem","position":1,"name":"Home","item":"https:\/\/mail.originalcyclingjerseys.com\/pt\/"},{"@type":"ListItem","position":2,"name":"Retro wielershirts","item":"https:\/\/mail.originalcyclingjerseys.com\/pt\/retro-wielershirts\/"},{"@type":"ListItem","position":3,"name":"BELKIN (a)-GIANT 2013 WIELERSHIRT"}]},{"@type":"WebSite","@id":"https:\/\/mail.originalcyclingjerseys.com\/pt\/#website","url":"https:\/\/mail.originalcyclingjerseys.com\/pt\/","name":"Camisas de ciclismo Ton Merckx - Tour pelo mundo das camisas de ciclismo","description":"milhares de camisas de ciclismo originais - encomende a sua r\u00e9plica!","publisher":{"@id":"https:\/\/mail.originalcyclingjerseys.com\/pt\/#organization"},"potentialAction":[{"@type":"SearchAction","target":{"@type":"EntryPoint","urlTemplate":"https:\/\/mail.originalcyclingjerseys.com\/pt\/?s={search_term_string}"},"query-input":{"@type":"PropertyValueSpecification","valueRequired":true,"valueName":"search_term_string"}}],"inLanguage":"pt-PT"},{"@type":"Organization","@id":"https:\/\/mail.originalcyclingjerseys.com\/pt\/#organization","name":"Camisas de ciclismo Ton Merckx - Tour pelo mundo das camisas de ciclismo","url":"https:\/\/mail.originalcyclingjerseys.com\/pt\/","logo":{"@type":"ImageObject","inLanguage":"pt-PT","@id":"https:\/\/mail.originalcyclingjerseys.com\/pt\/#\/schema\/logo\/image\/","url":"https:\/\/tonmerckxwielershirts.nl\/wp-content\/uploads\/2023\/03\/ton-merckx-logo.jpg","contentUrl":"https:\/\/tonmerckxwielershirts.nl\/wp-content\/uploads\/2023\/03\/ton-merckx-logo.jpg","width":391,"height":57,"caption":"Ton Merckx Wielershirts - Rondreis door de wereld van wielershirts"},"image":{"@id":"https:\/\/mail.originalcyclingjerseys.com\/pt\/#\/schema\/logo\/image\/"}}]}},"_links":{"self":[{"href":"https:\/\/tonmerckxwielershirts.nl\/pt\/wp-json\/wp\/v2\/product\/3533","targetHints":{"allow":["GET"]}}],"collection":[{"href":"https:\/\/tonmerckxwielershirts.nl\/pt\/wp-json\/wp\/v2\/product"}],"about":[{"href":"https:\/\/tonmerckxwielershirts.nl\/pt\/wp-json\/wp\/v2\/types\/product"}],"wp:featuredmedia":[{"embeddable":true,"href":"https:\/\/tonmerckxwielershirts.nl\/pt\/wp-json\/wp\/v2\/media\/3532"}],"wp:attachment":[{"href":"https:\/\/tonmerckxwielershirts.nl\/pt\/wp-json\/wp\/v2\/media?parent=3533"}],"wp:term":[{"taxonomy":"product_brand","embeddable":true,"href":"https:\/\/tonmerckxwielershirts.nl\/pt\/wp-json\/wp\/v2\/product_brand?post=3533"},{"taxonomy":"product_cat","embeddable":true,"href":"https:\/\/tonmerckxwielershirts.nl\/pt\/wp-json\/wp\/v2\/product_cat?post=3533"},{"taxonomy":"product_tag","embeddable":true,"href":"https:\/\/tonmerckxwielershirts.nl\/pt\/wp-json\/wp\/v2\/product_tag?post=3533"}],"curies":[{"name":"wp","href":"https:\/\/api.w.org\/{rel}","templated":true}]}}