{"id":3731,"date":"2023-01-24T18:06:07","date_gmt":"2023-01-24T18:06:07","guid":{"rendered":"https:\/\/ton.connectingminds.net\/product\/kela-tapijt-jack\/"},"modified":"2026-01-28T12:02:19","modified_gmt":"2026-01-28T11:02:19","slug":"jaqueta-de-carpete-kela","status":"publish","type":"product","link":"https:\/\/tonmerckxwielershirts.nl\/pt\/retro-wielershirt\/kela-tapijt-jack\/","title":{"rendered":"JAQUETA DE CICLISMO KELA (b) TAPETE 1973"},"content":{"rendered":"<p>Como diabos voc\u00ea consegue uma camisa\/jaqueta dessas????<\/p>\n<p>\u00c0s vezes apenas atrav\u00e9s de pilotos, outros colecionadores e \u00e0s vezes apenas por pura coincid\u00eancia.<\/p>\n<p>Neste caso foi pura coincid\u00eancia!!!!!!!!!<\/p>\n<p>Fiz um passeio de bicicleta de 250 km pelo Veluwe (de Apeldoorn a Apeldoorn) e quase no final do passeio passei por uma f\u00e1brica da KELA TAPIJT. Nome familiar, pensei, equipe de ciclismo ?????<\/p>\n<p>Quando cheguei em casa consultei alguns anu\u00e1rios de ciclismo e, sim, \u2026\u2026\u2026\u2026\u2026\u2026.. uma equipe de ciclismo de 1973.<\/p>\n<p>Ent\u00e3o mandei um bilhete para a f\u00e1brica, atrav\u00e9s deles entrei em contato com o ex-l\u00edder da equipe e ele me encaminhou para Peter van Stralen da Hippolytushoef.<\/p>\n<p>Ele finalmente conseguiu me ajudar com essas camisetas, ent\u00e3o fui dar um passeio de bicicleta novamente.<\/p>","protected":false},"excerpt":{"rendered":"<p>Hoe kom je in hemelsnaam aan zon shirt\/jack ???? Soms gewoon via renners, andere verzamelaars en soms gewoon puur toeval. In dit geval was het puur toeval !!!!!!!!!! Ik maakte een fietstochtje van 250 km over de Veluwe (van Apeldoorn naar Apeldoorn) en bijna op het einde van de rit kwam ik voorbij een fabriek [&hellip;]<\/p>\n","protected":false},"featured_media":3730,"template":"","meta":[],"product_brand":[],"product_cat":[151],"product_tag":[],"class_list":{"0":"post-3731","1":"product","2":"type-product","3":"status-publish","4":"has-post-thumbnail","6":"product_cat-pro-team","8":"first","9":"onbackorder","10":"taxable","11":"shipping-taxable","12":"purchasable","13":"product-type-variable"},"yoast_head":"<!-- This site is optimized with the Yoast SEO plugin v27.4 - https:\/\/yoast.com\/product\/yoast-seo-wordpress\/ -->\n<title>KELA (b) TAPIJT   1973   WIELERJACK - Ton Merckx Wielershirts - Rondreis door de wereld van wielershirts<\/title>\n<meta name=\"robots\" content=\"index, follow, max-snippet:-1, max-image-preview:large, max-video-preview:-1\" \/>\n<link rel=\"canonical\" href=\"https:\/\/mail.ton-merckx-wielershirts.nl\/retro-wielershirt\/kela-tapijt-jack\/\" \/>\n<meta property=\"og:locale\" content=\"pt_PT\" \/>\n<meta property=\"og:type\" content=\"article\" \/>\n<meta property=\"og:title\" content=\"KELA (b) TAPIJT   1973   WIELERJACK - Ton Merckx Wielershirts - Rondreis door de wereld van wielershirts\" \/>\n<meta property=\"og:description\" content=\"Hoe kom je in hemelsnaam aan zon shirt\/jack ???? Soms gewoon via renners, andere verzamelaars en soms gewoon puur toeval. In dit geval was het puur toeval !!!!!!!!!! Ik maakte een fietstochtje van 250 km over de Veluwe (van Apeldoorn naar Apeldoorn) en bijna op het einde van de rit kwam ik voorbij een fabriek [&hellip;]\" \/>\n<meta property=\"og:url\" content=\"https:\/\/mail.ton-merckx-wielershirts.nl\/retro-wielershirt\/kela-tapijt-jack\/\" \/>\n<meta property=\"og:site_name\" content=\"Ton Merckx Wielershirts - Rondreis door de wereld van wielershirts\" \/>\n<meta property=\"article:modified_time\" content=\"2026-01-28T11:02:19+00:00\" \/>\n<meta property=\"og:image\" content=\"https:\/\/mail.ton-merckx-wielershirts.nl\/wp-content\/uploads\/2023\/01\/SSA42622.jpg\" \/>\n\t<meta property=\"og:image:width\" content=\"1704\" \/>\n\t<meta property=\"og:image:height\" content=\"2272\" \/>\n\t<meta property=\"og:image:type\" content=\"image\/jpeg\" \/>\n<meta name=\"twitter:card\" content=\"summary_large_image\" \/>\n<meta name=\"twitter:label1\" content=\"Tempo estimado de leitura\" \/>\n\t<meta name=\"twitter:data1\" content=\"1 minuto\" \/>\n<script type=\"application\/ld+json\" class=\"yoast-schema-graph\">{\"@context\":\"https:\\\/\\\/schema.org\",\"@graph\":[{\"@type\":\"WebPage\",\"@id\":\"https:\\\/\\\/mail.ton-merckx-wielershirts.nl\\\/retro-wielershirt\\\/kela-tapijt-jack\\\/\",\"url\":\"https:\\\/\\\/mail.ton-merckx-wielershirts.nl\\\/retro-wielershirt\\\/kela-tapijt-jack\\\/\",\"name\":\"KELA (b) TAPIJT 1973 WIELERJACK - Ton Merckx Wielershirts - Rondreis door de wereld van wielershirts\",\"isPartOf\":{\"@id\":\"https:\\\/\\\/mail.ton-merckx-wielershirts.nl\\\/#website\"},\"primaryImageOfPage\":{\"@id\":\"https:\\\/\\\/mail.ton-merckx-wielershirts.nl\\\/retro-wielershirt\\\/kela-tapijt-jack\\\/#primaryimage\"},\"image\":{\"@id\":\"https:\\\/\\\/mail.ton-merckx-wielershirts.nl\\\/retro-wielershirt\\\/kela-tapijt-jack\\\/#primaryimage\"},\"thumbnailUrl\":\"https:\\\/\\\/tonmerckxwielershirts.nl\\\/wp-content\\\/uploads\\\/2023\\\/01\\\/SSA42622.jpg\",\"datePublished\":\"2023-01-24T18:06:07+00:00\",\"dateModified\":\"2026-01-28T11:02:19+00:00\",\"breadcrumb\":{\"@id\":\"https:\\\/\\\/mail.ton-merckx-wielershirts.nl\\\/retro-wielershirt\\\/kela-tapijt-jack\\\/#breadcrumb\"},\"inLanguage\":\"pt-PT\",\"potentialAction\":[{\"@type\":\"ReadAction\",\"target\":[\"https:\\\/\\\/mail.ton-merckx-wielershirts.nl\\\/retro-wielershirt\\\/kela-tapijt-jack\\\/\"]}]},{\"@type\":\"ImageObject\",\"inLanguage\":\"pt-PT\",\"@id\":\"https:\\\/\\\/mail.ton-merckx-wielershirts.nl\\\/retro-wielershirt\\\/kela-tapijt-jack\\\/#primaryimage\",\"url\":\"https:\\\/\\\/tonmerckxwielershirts.nl\\\/wp-content\\\/uploads\\\/2023\\\/01\\\/SSA42622.jpg\",\"contentUrl\":\"https:\\\/\\\/tonmerckxwielershirts.nl\\\/wp-content\\\/uploads\\\/2023\\\/01\\\/SSA42622.jpg\",\"width\":1704,\"height\":2272},{\"@type\":\"BreadcrumbList\",\"@id\":\"https:\\\/\\\/mail.ton-merckx-wielershirts.nl\\\/retro-wielershirt\\\/kela-tapijt-jack\\\/#breadcrumb\",\"itemListElement\":[{\"@type\":\"ListItem\",\"position\":1,\"name\":\"Home\",\"item\":\"https:\\\/\\\/mail.ton-merckx-wielershirts.nl\\\/\"},{\"@type\":\"ListItem\",\"position\":2,\"name\":\"Retro wielershirts\",\"item\":\"https:\\\/\\\/mail.cyclingoriginals.com\\\/it\\\/maglie-da-ciclismo-retro\\\/\"},{\"@type\":\"ListItem\",\"position\":3,\"name\":\"KELA (b) TAPIJT 1973 WIELERJACK\"}]},{\"@type\":\"WebSite\",\"@id\":\"https:\\\/\\\/mail.ton-merckx-wielershirts.nl\\\/#website\",\"url\":\"https:\\\/\\\/mail.ton-merckx-wielershirts.nl\\\/\",\"name\":\"Ton Merckx Wielershirts - Rondreis door de wereld van wielershirts\",\"description\":\"thousands of original cycling jerseys - order your replica!\",\"publisher\":{\"@id\":\"https:\\\/\\\/mail.ton-merckx-wielershirts.nl\\\/#organization\"},\"potentialAction\":[{\"@type\":\"SearchAction\",\"target\":{\"@type\":\"EntryPoint\",\"urlTemplate\":\"https:\\\/\\\/mail.ton-merckx-wielershirts.nl\\\/?s={search_term_string}\"},\"query-input\":{\"@type\":\"PropertyValueSpecification\",\"valueRequired\":true,\"valueName\":\"search_term_string\"}}],\"inLanguage\":\"pt-PT\"},{\"@type\":\"Organization\",\"@id\":\"https:\\\/\\\/mail.ton-merckx-wielershirts.nl\\\/#organization\",\"name\":\"Ton Merckx Wielershirts - Rondreis door de wereld van wielershirts\",\"url\":\"https:\\\/\\\/mail.ton-merckx-wielershirts.nl\\\/\",\"logo\":{\"@type\":\"ImageObject\",\"inLanguage\":\"pt-PT\",\"@id\":\"https:\\\/\\\/mail.ton-merckx-wielershirts.nl\\\/#\\\/schema\\\/logo\\\/image\\\/\",\"url\":\"https:\\\/\\\/tonmerckxwielershirts.nl\\\/wp-content\\\/uploads\\\/2023\\\/03\\\/ton-merckx-logo.jpg\",\"contentUrl\":\"https:\\\/\\\/tonmerckxwielershirts.nl\\\/wp-content\\\/uploads\\\/2023\\\/03\\\/ton-merckx-logo.jpg\",\"width\":391,\"height\":57,\"caption\":\"Ton Merckx Wielershirts - Rondreis door de wereld van wielershirts\"},\"image\":{\"@id\":\"https:\\\/\\\/mail.ton-merckx-wielershirts.nl\\\/#\\\/schema\\\/logo\\\/image\\\/\"}}]}<\/script>\n<!-- \/ Yoast SEO plugin. -->","yoast_head_json":{"title":"KELA (b) CARPET 1973 CYCLING JACKET - Ton Merckx Cycling Jerseys - Tour pelo mundo das camisas de ciclismo","robots":{"index":"index","follow":"follow","max-snippet":"max-snippet:-1","max-image-preview":"max-image-preview:large","max-video-preview":"max-video-preview:-1"},"canonical":"https:\/\/mail.ton-merckx-wielershirts.nl\/retro-wielershirt\/kela-tapijt-jack\/","og_locale":"pt_PT","og_type":"article","og_title":"KELA (b) TAPIJT   1973   WIELERJACK - Ton Merckx Wielershirts - Rondreis door de wereld van wielershirts","og_description":"Hoe kom je in hemelsnaam aan zon shirt\/jack ???? Soms gewoon via renners, andere verzamelaars en soms gewoon puur toeval. In dit geval was het puur toeval !!!!!!!!!! Ik maakte een fietstochtje van 250 km over de Veluwe (van Apeldoorn naar Apeldoorn) en bijna op het einde van de rit kwam ik voorbij een fabriek [&hellip;]","og_url":"https:\/\/mail.ton-merckx-wielershirts.nl\/retro-wielershirt\/kela-tapijt-jack\/","og_site_name":"Ton Merckx Wielershirts - Rondreis door de wereld van wielershirts","article_modified_time":"2026-01-28T11:02:19+00:00","og_image":[{"width":1704,"height":2272,"url":"https:\/\/mail.ton-merckx-wielershirts.nl\/wp-content\/uploads\/2023\/01\/SSA42622.jpg","type":"image\/jpeg"}],"twitter_card":"summary_large_image","twitter_misc":{"Tempo estimado de leitura":"1 minuto"},"schema":{"@context":"https:\/\/schema.org","@graph":[{"@type":"WebPage","@id":"https:\/\/mail.ton-merckx-wielershirts.nl\/retro-wielershirt\/kela-tapijt-jack\/","url":"https:\/\/mail.ton-merckx-wielershirts.nl\/retro-wielershirt\/kela-tapijt-jack\/","name":"KELA (b) CARPET 1973 CYCLING JACKET - Ton Merckx Cycling Jerseys - Tour pelo mundo das camisas de ciclismo","isPartOf":{"@id":"https:\/\/mail.ton-merckx-wielershirts.nl\/#website"},"primaryImageOfPage":{"@id":"https:\/\/mail.ton-merckx-wielershirts.nl\/retro-wielershirt\/kela-tapijt-jack\/#primaryimage"},"image":{"@id":"https:\/\/mail.ton-merckx-wielershirts.nl\/retro-wielershirt\/kela-tapijt-jack\/#primaryimage"},"thumbnailUrl":"https:\/\/tonmerckxwielershirts.nl\/wp-content\/uploads\/2023\/01\/SSA42622.jpg","datePublished":"2023-01-24T18:06:07+00:00","dateModified":"2026-01-28T11:02:19+00:00","breadcrumb":{"@id":"https:\/\/mail.ton-merckx-wielershirts.nl\/retro-wielershirt\/kela-tapijt-jack\/#breadcrumb"},"inLanguage":"pt-PT","potentialAction":[{"@type":"ReadAction","target":["https:\/\/mail.ton-merckx-wielershirts.nl\/retro-wielershirt\/kela-tapijt-jack\/"]}]},{"@type":"ImageObject","inLanguage":"pt-PT","@id":"https:\/\/mail.ton-merckx-wielershirts.nl\/retro-wielershirt\/kela-tapijt-jack\/#primaryimage","url":"https:\/\/tonmerckxwielershirts.nl\/wp-content\/uploads\/2023\/01\/SSA42622.jpg","contentUrl":"https:\/\/tonmerckxwielershirts.nl\/wp-content\/uploads\/2023\/01\/SSA42622.jpg","width":1704,"height":2272},{"@type":"BreadcrumbList","@id":"https:\/\/mail.ton-merckx-wielershirts.nl\/retro-wielershirt\/kela-tapijt-jack\/#breadcrumb","itemListElement":[{"@type":"ListItem","position":1,"name":"Home","item":"https:\/\/mail.ton-merckx-wielershirts.nl\/"},{"@type":"ListItem","position":2,"name":"Retro wielershirts","item":"https:\/\/mail.cyclingoriginals.com\/it\/maglie-da-ciclismo-retro\/"},{"@type":"ListItem","position":3,"name":"KELA (b) TAPIJT 1973 WIELERJACK"}]},{"@type":"WebSite","@id":"https:\/\/mail.ton-merckx-wielershirts.nl\/#website","url":"https:\/\/mail.ton-merckx-wielershirts.nl\/","name":"Camisas de ciclismo Ton Merckx - Tour pelo mundo das camisas de ciclismo","description":"milhares de camisas de ciclismo originais - encomende a sua r\u00e9plica!","publisher":{"@id":"https:\/\/mail.ton-merckx-wielershirts.nl\/#organization"},"potentialAction":[{"@type":"SearchAction","target":{"@type":"EntryPoint","urlTemplate":"https:\/\/mail.ton-merckx-wielershirts.nl\/?s={search_term_string}"},"query-input":{"@type":"PropertyValueSpecification","valueRequired":true,"valueName":"search_term_string"}}],"inLanguage":"pt-PT"},{"@type":"Organization","@id":"https:\/\/mail.ton-merckx-wielershirts.nl\/#organization","name":"Camisas de ciclismo Ton Merckx - Tour pelo mundo das camisas de ciclismo","url":"https:\/\/mail.ton-merckx-wielershirts.nl\/","logo":{"@type":"ImageObject","inLanguage":"pt-PT","@id":"https:\/\/mail.ton-merckx-wielershirts.nl\/#\/schema\/logo\/image\/","url":"https:\/\/tonmerckxwielershirts.nl\/wp-content\/uploads\/2023\/03\/ton-merckx-logo.jpg","contentUrl":"https:\/\/tonmerckxwielershirts.nl\/wp-content\/uploads\/2023\/03\/ton-merckx-logo.jpg","width":391,"height":57,"caption":"Ton Merckx Wielershirts - Rondreis door de wereld van wielershirts"},"image":{"@id":"https:\/\/mail.ton-merckx-wielershirts.nl\/#\/schema\/logo\/image\/"}}]}},"_links":{"self":[{"href":"https:\/\/tonmerckxwielershirts.nl\/pt\/wp-json\/wp\/v2\/product\/3731","targetHints":{"allow":["GET"]}}],"collection":[{"href":"https:\/\/tonmerckxwielershirts.nl\/pt\/wp-json\/wp\/v2\/product"}],"about":[{"href":"https:\/\/tonmerckxwielershirts.nl\/pt\/wp-json\/wp\/v2\/types\/product"}],"wp:featuredmedia":[{"embeddable":true,"href":"https:\/\/tonmerckxwielershirts.nl\/pt\/wp-json\/wp\/v2\/media\/3730"}],"wp:attachment":[{"href":"https:\/\/tonmerckxwielershirts.nl\/pt\/wp-json\/wp\/v2\/media?parent=3731"}],"wp:term":[{"taxonomy":"product_brand","embeddable":true,"href":"https:\/\/tonmerckxwielershirts.nl\/pt\/wp-json\/wp\/v2\/product_brand?post=3731"},{"taxonomy":"product_cat","embeddable":true,"href":"https:\/\/tonmerckxwielershirts.nl\/pt\/wp-json\/wp\/v2\/product_cat?post=3731"},{"taxonomy":"product_tag","embeddable":true,"href":"https:\/\/tonmerckxwielershirts.nl\/pt\/wp-json\/wp\/v2\/product_tag?post=3731"}],"curies":[{"name":"wp","href":"https:\/\/api.w.org\/{rel}","templated":true}]}}