{"id":4727,"date":"2023-01-24T18:17:55","date_gmt":"2023-01-24T18:17:55","guid":{"rendered":"https:\/\/ton.connectingminds.net\/product\/wurth-tijdritpak\/"},"modified":"2026-01-28T12:01:21","modified_gmt":"2026-01-28T11:01:21","slug":"traje-de-contra-relogio-wurth","status":"publish","type":"product","link":"https:\/\/tonmerckxwielershirts.nl\/pt\/retro-wielershirt\/wurth-tijdritpak\/","title":{"rendered":"Fato de contra-rel\u00f3gio WURTH-BH 2006"},"content":{"rendered":"<p>A WURTH-BH \u00e9 uma continua\u00e7\u00e3o da equipe LIBERTY SEGUROS-WURTH-BH.<\/p>\n<p>A equipe \u00e9 comandada pelo diretor esportivo Manolo Saiz.<\/p>\n<p>No per\u00edodo entre o Giro d Italia e o Tour de France, o diretor esportivo Manolo Saiz caiu em descr\u00e9dito, tudo devido a um exame do m\u00e9dico Fuentes que forneceu EPO a muitos pilotos.<\/p>\n<p>Saiz era um bom conhecido de Fuentes e v\u00e1rios pilotos da Liberty Seguros tamb\u00e9m apareceram na lista de Fuentes. LIBERTY SEGUROS, portanto, retirou-se como patrocinador.<\/p>\n<p>No Tour da Su\u00ed\u00e7a e tamb\u00e9m no contra-rel\u00f3gio da equipe Pro-tour em Eindhoven, as pessoas andaram com camisas da WURTH-BH. Pouco antes do in\u00edcio do Tour de France, a ASTANA do Cazaquist\u00e3o assumiu o comando da equipe.<\/p>\n<p>A equipa ASTANA j\u00e1 estava presente em Estrasburgo antes do in\u00edcio do TOUR DE FRANCE quando os nomes do esc\u00e2ndalo FUENTES foram anunciados na sexta-feira: Jan Ullrich, Ivan Basso, Francisco Mancebo, Oscar Sevilla e os pilotos ASTANA Joseba Beloki, Allan Davis, Sergio Paulinho, Isidro Nozal e Alberto Contador. No final das contas, a equipe ASTANA tinha apenas 4 pilotos restantes para come\u00e7ar no TOUR DE FRANCE. De acordo com o regulamento, n\u00e3o era mais permitido colocar novos pilotos e 4 pilotos tamb\u00e9m eram poucos para come\u00e7ar o Tour. Assim, os 4 pilotos restantes, incluindo o favorito do Tour, Alexandre Vinokourov, n\u00e3o foram autorizados a largar.<\/p>","protected":false},"excerpt":{"rendered":"<p>WURTH-BH is een voortzetting van de LIBERTY SEGUROS-WURTH-BH ploeg. De ploeg staat onder leiding van ploegleider Manolo Saiz. In de periode tussen de Giro d Italia en de Tour de France komt ploegleider Manolo saiz in opspraak, dit alles ivm een onderzoek bij dokter Fuentes die vele renners van EPO voorzag. Saiz was een goede [&hellip;]<\/p>\n","protected":false},"featured_media":4726,"template":"","meta":[],"product_brand":[],"product_cat":[151],"product_tag":[],"class_list":{"0":"post-4727","1":"product","2":"type-product","3":"status-publish","4":"has-post-thumbnail","6":"product_cat-pro-team","8":"first","9":"onbackorder","10":"taxable","11":"shipping-taxable","12":"purchasable","13":"product-type-variable"},"yoast_head":"<!-- This site is optimized with the Yoast SEO plugin v27.3 - https:\/\/yoast.com\/product\/yoast-seo-wordpress\/ -->\n<title>WURTH-BH  2006  TIJDRITPAK - Ton Merckx Wielershirts - Rondreis door de wereld van wielershirts<\/title>\n<meta name=\"robots\" content=\"index, follow, max-snippet:-1, max-image-preview:large, max-video-preview:-1\" \/>\n<link rel=\"canonical\" href=\"https:\/\/tonmerckxwielershirts.nl\/pt\/camisa-de-ciclismo-retro\/traje-de-contra-relogio-wurth\/\" \/>\n<meta property=\"og:locale\" content=\"pt_PT\" \/>\n<meta property=\"og:type\" content=\"article\" \/>\n<meta property=\"og:title\" content=\"WURTH-BH  2006  TIJDRITPAK - Ton Merckx Wielershirts - Rondreis door de wereld van wielershirts\" \/>\n<meta property=\"og:description\" content=\"WURTH-BH is een voortzetting van de LIBERTY SEGUROS-WURTH-BH ploeg. De ploeg staat onder leiding van ploegleider Manolo Saiz. In de periode tussen de Giro d Italia en de Tour de France komt ploegleider Manolo saiz in opspraak, dit alles ivm een onderzoek bij dokter Fuentes die vele renners van EPO voorzag. Saiz was een goede [&hellip;]\" \/>\n<meta property=\"og:url\" content=\"https:\/\/tonmerckxwielershirts.nl\/pt\/camisa-de-ciclismo-retro\/traje-de-contra-relogio-wurth\/\" \/>\n<meta property=\"og:site_name\" content=\"Ton Merckx Wielershirts - Rondreis door de wereld van wielershirts\" \/>\n<meta property=\"article:modified_time\" content=\"2026-01-28T11:01:21+00:00\" \/>\n<meta property=\"og:image\" content=\"https:\/\/tonmerckxwielershirts.nl\/wp-content\/uploads\/2023\/01\/SSA43796.jpg\" \/>\n\t<meta property=\"og:image:width\" content=\"1704\" \/>\n\t<meta property=\"og:image:height\" content=\"2272\" \/>\n\t<meta property=\"og:image:type\" content=\"image\/jpeg\" \/>\n<meta name=\"twitter:card\" content=\"summary_large_image\" \/>\n<meta name=\"twitter:label1\" content=\"Tempo estimado de leitura\" \/>\n\t<meta name=\"twitter:data1\" content=\"2 minutos\" \/>\n<script type=\"application\/ld+json\" class=\"yoast-schema-graph\">{\"@context\":\"https:\\\/\\\/schema.org\",\"@graph\":[{\"@type\":\"WebPage\",\"@id\":\"https:\\\/\\\/tonmerckxwielershirts.nl\\\/en\\\/retro-cycling-jersey\\\/wurth-time-trial-suit\\\/\",\"url\":\"https:\\\/\\\/tonmerckxwielershirts.nl\\\/en\\\/retro-cycling-jersey\\\/wurth-time-trial-suit\\\/\",\"name\":\"WURTH-BH 2006 TIJDRITPAK - Ton Merckx Wielershirts - Rondreis door de wereld van wielershirts\",\"isPartOf\":{\"@id\":\"https:\\\/\\\/tonmerckxwielershirts.nl\\\/es\\\/#website\"},\"primaryImageOfPage\":{\"@id\":\"https:\\\/\\\/tonmerckxwielershirts.nl\\\/en\\\/retro-cycling-jersey\\\/wurth-time-trial-suit\\\/#primaryimage\"},\"image\":{\"@id\":\"https:\\\/\\\/tonmerckxwielershirts.nl\\\/en\\\/retro-cycling-jersey\\\/wurth-time-trial-suit\\\/#primaryimage\"},\"thumbnailUrl\":\"https:\\\/\\\/tonmerckxwielershirts.nl\\\/wp-content\\\/uploads\\\/2023\\\/01\\\/SSA43796.jpg\",\"datePublished\":\"2023-01-24T18:17:55+00:00\",\"dateModified\":\"2026-01-28T11:01:21+00:00\",\"breadcrumb\":{\"@id\":\"https:\\\/\\\/tonmerckxwielershirts.nl\\\/en\\\/retro-cycling-jersey\\\/wurth-time-trial-suit\\\/#breadcrumb\"},\"inLanguage\":\"pt-PT\",\"potentialAction\":[{\"@type\":\"ReadAction\",\"target\":[\"https:\\\/\\\/tonmerckxwielershirts.nl\\\/en\\\/retro-cycling-jersey\\\/wurth-time-trial-suit\\\/\"]}]},{\"@type\":\"ImageObject\",\"inLanguage\":\"pt-PT\",\"@id\":\"https:\\\/\\\/tonmerckxwielershirts.nl\\\/en\\\/retro-cycling-jersey\\\/wurth-time-trial-suit\\\/#primaryimage\",\"url\":\"https:\\\/\\\/tonmerckxwielershirts.nl\\\/wp-content\\\/uploads\\\/2023\\\/01\\\/SSA43796.jpg\",\"contentUrl\":\"https:\\\/\\\/tonmerckxwielershirts.nl\\\/wp-content\\\/uploads\\\/2023\\\/01\\\/SSA43796.jpg\",\"width\":1704,\"height\":2272},{\"@type\":\"BreadcrumbList\",\"@id\":\"https:\\\/\\\/tonmerckxwielershirts.nl\\\/en\\\/retro-cycling-jersey\\\/wurth-time-trial-suit\\\/#breadcrumb\",\"itemListElement\":[{\"@type\":\"ListItem\",\"position\":1,\"name\":\"Home\",\"item\":\"https:\\\/\\\/tonmerckxwielershirts.nl\\\/es\\\/\"},{\"@type\":\"ListItem\",\"position\":2,\"name\":\"Retro wielershirts\",\"item\":\"https:\\\/\\\/tonmerckxwielershirts.nl\\\/es\\\/camisetas-de-ciclismo-retro\\\/\"},{\"@type\":\"ListItem\",\"position\":3,\"name\":\"WURTH-BH 2006 TIJDRITPAK\"}]},{\"@type\":\"WebSite\",\"@id\":\"https:\\\/\\\/tonmerckxwielershirts.nl\\\/es\\\/#website\",\"url\":\"https:\\\/\\\/tonmerckxwielershirts.nl\\\/es\\\/\",\"name\":\"Ton Merckx Wielershirts - Rondreis door de wereld van wielershirts\",\"description\":\"thousands of original cycling jerseys - order your replica!\",\"publisher\":{\"@id\":\"https:\\\/\\\/tonmerckxwielershirts.nl\\\/es\\\/#organization\"},\"potentialAction\":[{\"@type\":\"SearchAction\",\"target\":{\"@type\":\"EntryPoint\",\"urlTemplate\":\"https:\\\/\\\/tonmerckxwielershirts.nl\\\/es\\\/?s={search_term_string}\"},\"query-input\":{\"@type\":\"PropertyValueSpecification\",\"valueRequired\":true,\"valueName\":\"search_term_string\"}}],\"inLanguage\":\"pt-PT\"},{\"@type\":\"Organization\",\"@id\":\"https:\\\/\\\/tonmerckxwielershirts.nl\\\/es\\\/#organization\",\"name\":\"Ton Merckx Wielershirts - Rondreis door de wereld van wielershirts\",\"url\":\"https:\\\/\\\/tonmerckxwielershirts.nl\\\/es\\\/\",\"logo\":{\"@type\":\"ImageObject\",\"inLanguage\":\"pt-PT\",\"@id\":\"https:\\\/\\\/tonmerckxwielershirts.nl\\\/es\\\/#\\\/schema\\\/logo\\\/image\\\/\",\"url\":\"https:\\\/\\\/tonmerckxwielershirts.nl\\\/wp-content\\\/uploads\\\/2023\\\/03\\\/ton-merckx-logo.jpg\",\"contentUrl\":\"https:\\\/\\\/tonmerckxwielershirts.nl\\\/wp-content\\\/uploads\\\/2023\\\/03\\\/ton-merckx-logo.jpg\",\"width\":391,\"height\":57,\"caption\":\"Ton Merckx Wielershirts - Rondreis door de wereld van wielershirts\"},\"image\":{\"@id\":\"https:\\\/\\\/tonmerckxwielershirts.nl\\\/es\\\/#\\\/schema\\\/logo\\\/image\\\/\"}}]}<\/script>\n<!-- \/ Yoast SEO plugin. -->","yoast_head_json":{"title":"WURTH-BH 2006 TIME TRIAL SUIT - Ton Merckx Cycling Jerseys - Passeio pelo mundo das camisas de ciclismo","robots":{"index":"index","follow":"follow","max-snippet":"max-snippet:-1","max-image-preview":"max-image-preview:large","max-video-preview":"max-video-preview:-1"},"canonical":"https:\/\/tonmerckxwielershirts.nl\/pt\/camisa-de-ciclismo-retro\/traje-de-contra-relogio-wurth\/","og_locale":"pt_PT","og_type":"article","og_title":"WURTH-BH  2006  TIJDRITPAK - Ton Merckx Wielershirts - Rondreis door de wereld van wielershirts","og_description":"WURTH-BH is een voortzetting van de LIBERTY SEGUROS-WURTH-BH ploeg. De ploeg staat onder leiding van ploegleider Manolo Saiz. In de periode tussen de Giro d Italia en de Tour de France komt ploegleider Manolo saiz in opspraak, dit alles ivm een onderzoek bij dokter Fuentes die vele renners van EPO voorzag. Saiz was een goede [&hellip;]","og_url":"https:\/\/tonmerckxwielershirts.nl\/pt\/camisa-de-ciclismo-retro\/traje-de-contra-relogio-wurth\/","og_site_name":"Ton Merckx Wielershirts - Rondreis door de wereld van wielershirts","article_modified_time":"2026-01-28T11:01:21+00:00","og_image":[{"width":1704,"height":2272,"url":"https:\/\/tonmerckxwielershirts.nl\/wp-content\/uploads\/2023\/01\/SSA43796.jpg","type":"image\/jpeg"}],"twitter_card":"summary_large_image","twitter_misc":{"Tempo estimado de leitura":"2 minutos"},"schema":{"@context":"https:\/\/schema.org","@graph":[{"@type":"WebPage","@id":"https:\/\/tonmerckxwielershirts.nl\/en\/retro-cycling-jersey\/wurth-time-trial-suit\/","url":"https:\/\/tonmerckxwielershirts.nl\/en\/retro-cycling-jersey\/wurth-time-trial-suit\/","name":"WURTH-BH 2006 TIME TRIAL SUIT - Ton Merckx Cycling Jerseys - Passeio pelo mundo das camisas de ciclismo","isPartOf":{"@id":"https:\/\/tonmerckxwielershirts.nl\/es\/#website"},"primaryImageOfPage":{"@id":"https:\/\/tonmerckxwielershirts.nl\/en\/retro-cycling-jersey\/wurth-time-trial-suit\/#primaryimage"},"image":{"@id":"https:\/\/tonmerckxwielershirts.nl\/en\/retro-cycling-jersey\/wurth-time-trial-suit\/#primaryimage"},"thumbnailUrl":"https:\/\/tonmerckxwielershirts.nl\/wp-content\/uploads\/2023\/01\/SSA43796.jpg","datePublished":"2023-01-24T18:17:55+00:00","dateModified":"2026-01-28T11:01:21+00:00","breadcrumb":{"@id":"https:\/\/tonmerckxwielershirts.nl\/en\/retro-cycling-jersey\/wurth-time-trial-suit\/#breadcrumb"},"inLanguage":"pt-PT","potentialAction":[{"@type":"ReadAction","target":["https:\/\/tonmerckxwielershirts.nl\/en\/retro-cycling-jersey\/wurth-time-trial-suit\/"]}]},{"@type":"ImageObject","inLanguage":"pt-PT","@id":"https:\/\/tonmerckxwielershirts.nl\/en\/retro-cycling-jersey\/wurth-time-trial-suit\/#primaryimage","url":"https:\/\/tonmerckxwielershirts.nl\/wp-content\/uploads\/2023\/01\/SSA43796.jpg","contentUrl":"https:\/\/tonmerckxwielershirts.nl\/wp-content\/uploads\/2023\/01\/SSA43796.jpg","width":1704,"height":2272},{"@type":"BreadcrumbList","@id":"https:\/\/tonmerckxwielershirts.nl\/en\/retro-cycling-jersey\/wurth-time-trial-suit\/#breadcrumb","itemListElement":[{"@type":"ListItem","position":1,"name":"Home","item":"https:\/\/tonmerckxwielershirts.nl\/es\/"},{"@type":"ListItem","position":2,"name":"Retro wielershirts","item":"https:\/\/tonmerckxwielershirts.nl\/es\/camisetas-de-ciclismo-retro\/"},{"@type":"ListItem","position":3,"name":"WURTH-BH 2006 TIJDRITPAK"}]},{"@type":"WebSite","@id":"https:\/\/tonmerckxwielershirts.nl\/es\/#website","url":"https:\/\/tonmerckxwielershirts.nl\/es\/","name":"Camisas de ciclismo Ton Merckx - Tour pelo mundo das camisas de ciclismo","description":"milhares de camisas de ciclismo originais - encomende a sua r\u00e9plica!","publisher":{"@id":"https:\/\/tonmerckxwielershirts.nl\/es\/#organization"},"potentialAction":[{"@type":"SearchAction","target":{"@type":"EntryPoint","urlTemplate":"https:\/\/tonmerckxwielershirts.nl\/es\/?s={search_term_string}"},"query-input":{"@type":"PropertyValueSpecification","valueRequired":true,"valueName":"search_term_string"}}],"inLanguage":"pt-PT"},{"@type":"Organization","@id":"https:\/\/tonmerckxwielershirts.nl\/es\/#organization","name":"Camisas de ciclismo Ton Merckx - Tour pelo mundo das camisas de ciclismo","url":"https:\/\/tonmerckxwielershirts.nl\/es\/","logo":{"@type":"ImageObject","inLanguage":"pt-PT","@id":"https:\/\/tonmerckxwielershirts.nl\/es\/#\/schema\/logo\/image\/","url":"https:\/\/tonmerckxwielershirts.nl\/wp-content\/uploads\/2023\/03\/ton-merckx-logo.jpg","contentUrl":"https:\/\/tonmerckxwielershirts.nl\/wp-content\/uploads\/2023\/03\/ton-merckx-logo.jpg","width":391,"height":57,"caption":"Ton Merckx Wielershirts - Rondreis door de wereld van wielershirts"},"image":{"@id":"https:\/\/tonmerckxwielershirts.nl\/es\/#\/schema\/logo\/image\/"}}]}},"_links":{"self":[{"href":"https:\/\/tonmerckxwielershirts.nl\/pt\/wp-json\/wp\/v2\/product\/4727","targetHints":{"allow":["GET"]}}],"collection":[{"href":"https:\/\/tonmerckxwielershirts.nl\/pt\/wp-json\/wp\/v2\/product"}],"about":[{"href":"https:\/\/tonmerckxwielershirts.nl\/pt\/wp-json\/wp\/v2\/types\/product"}],"wp:featuredmedia":[{"embeddable":true,"href":"https:\/\/tonmerckxwielershirts.nl\/pt\/wp-json\/wp\/v2\/media\/4726"}],"wp:attachment":[{"href":"https:\/\/tonmerckxwielershirts.nl\/pt\/wp-json\/wp\/v2\/media?parent=4727"}],"wp:term":[{"taxonomy":"product_brand","embeddable":true,"href":"https:\/\/tonmerckxwielershirts.nl\/pt\/wp-json\/wp\/v2\/product_brand?post=4727"},{"taxonomy":"product_cat","embeddable":true,"href":"https:\/\/tonmerckxwielershirts.nl\/pt\/wp-json\/wp\/v2\/product_cat?post=4727"},{"taxonomy":"product_tag","embeddable":true,"href":"https:\/\/tonmerckxwielershirts.nl\/pt\/wp-json\/wp\/v2\/product_tag?post=4727"}],"curies":[{"name":"wp","href":"https:\/\/api.w.org\/{rel}","templated":true}]}}