{"id":5226,"date":"2023-01-24T18:25:03","date_gmt":"2023-01-24T18:25:03","guid":{"rendered":"https:\/\/ton.connectingminds.net\/product\/post-swiss-team\/"},"modified":"2026-01-28T12:00:53","modified_gmt":"2026-01-28T11:00:53","slug":"equipe-pos-suica","status":"publish","type":"product","link":"https:\/\/tonmerckxwielershirts.nl\/pt\/retro-wielershirt\/post-swiss-team\/","title":{"rendered":"EQUIPE P\u00d3S SU\u00cd\u00c7A (a) \u2013 1997 \u2013 CAMISA DE CICLISMO"},"content":{"rendered":"<p><img fetchpriority=\"high\" decoding=\"async\" class=\"alignnone size-medium wp-image-27311\" src=\"https:\/\/cycling-originals.com\/wp-content\/uploads\/2023\/01\/Post-Swiss-Team-1997-TeamFoto-300x208.jpg\" alt=\"P\u00f3s-Equipe Su\u00ed\u00e7a 1997\" width=\"300\" height=\"208\" srcset=\"https:\/\/tonmerckxwielershirts.nl\/wp-content\/uploads\/2023\/01\/Post-Swiss-Team-1997-TeamFoto-300x208.jpg 300w, https:\/\/tonmerckxwielershirts.nl\/wp-content\/uploads\/2023\/01\/Post-Swiss-Team-1997-TeamFoto-18x12.jpg 18w, https:\/\/tonmerckxwielershirts.nl\/wp-content\/uploads\/2023\/01\/Post-Swiss-Team-1997-TeamFoto.jpg 600w\" sizes=\"(max-width: 300px) 100vw, 300px\" \/><\/p>\n<p>Post Swiss Team (POS) foi uma equipe su\u00ed\u00e7a de ciclismo que existiu de 1996 a 2001.<br \/>\nEm 1996, esta equipe profissional correu sob o nome de PMU Romand \u2013 Bepsa em 1996.<\/p>\n<p>Gerentes de equipe Jacques Michaud, Serge Demierre e Jean-Jacques Loup<br \/>\nOs pilotos incluem Niki Aebersold, Richard Chasso, Daniel Paradis e Daniel Schnider.<\/p>\n<p><img decoding=\"async\" class=\"alignnone size-medium wp-image-27312\" src=\"https:\/\/cycling-originals.com\/wp-content\/uploads\/2023\/01\/Post-Swiss-Team-Nikki-Aebersold-1997-212x300.jpg\" alt=\"\" width=\"212\" height=\"300\" srcset=\"https:\/\/tonmerckxwielershirts.nl\/wp-content\/uploads\/2023\/01\/Post-Swiss-Team-Nikki-Aebersold-1997-212x300.jpg 212w, https:\/\/tonmerckxwielershirts.nl\/wp-content\/uploads\/2023\/01\/Post-Swiss-Team-Nikki-Aebersold-1997-8x12.jpg 8w, https:\/\/tonmerckxwielershirts.nl\/wp-content\/uploads\/2023\/01\/Post-Swiss-Team-Nikki-Aebersold-1997.jpg 450w\" sizes=\"(max-width: 212px) 100vw, 212px\" \/><\/p>\n<p><em>\u00a0 \u00a0 \u00a0 foto: Niki Aebersold<\/em><\/p>\n<p>&nbsp;<\/p>\n<p>Niki Aebersold foi um ciclista su\u00ed\u00e7o ativo de 1989 a 2002. Ele era mais conhecido como um forte contra-rel\u00f3gio e conquistou v\u00e1rias vit\u00f3rias nesta disciplina durante sua carreira. Aebersold tamb\u00e9m competiu em v\u00e1rias corridas de ciclismo importantes, incluindo o Tour de France e o Tour da It\u00e1lia. No entanto, ele nunca venceu uma etapa em nenhuma dessas corridas. Depois de sua carreira ativa como ciclista, Aebersold continuou envolvido no esporte como diretor esportivo e treinador.<\/p>","protected":false},"excerpt":{"rendered":"<p>Post Swiss Team (POS) was een Zwitsers wielerteam dat bestond van 1996 tot 2001. In 1996 reed dit pro team onder de naam PMU Romand\u2013Bepsa in 1996. Team managers Jacques Michaud, Serge Demierre en Jean-Jacques Loup Renners o.a. Niki Aebersold, Richard Chasso, Daniel Paradis en Daniel Schnider. \u00a0 \u00a0 \u00a0 foto: Niki Aebersold &nbsp; Niki [&hellip;]<\/p>\n","protected":false},"featured_media":5225,"template":"","meta":[],"product_brand":[],"product_cat":[151],"product_tag":[],"class_list":{"0":"post-5226","1":"product","2":"type-product","3":"status-publish","4":"has-post-thumbnail","6":"product_cat-pro-team","8":"first","9":"onbackorder","10":"taxable","11":"shipping-taxable","12":"purchasable","13":"product-type-variable"},"yoast_head":"<!-- This site is optimized with the Yoast SEO plugin v27.3 - https:\/\/yoast.com\/product\/yoast-seo-wordpress\/ -->\n<title>POST SWISS (a) TEAM - 1997 - WIELERSHIRT - Ton Merckx Wielershirts - Rondreis door de wereld van wielershirts<\/title>\n<meta name=\"robots\" content=\"index, follow, max-snippet:-1, max-image-preview:large, max-video-preview:-1\" \/>\n<link rel=\"canonical\" href=\"https:\/\/vintagecycling.store\/retro-wielershirt\/post-swiss-team\/\" \/>\n<meta property=\"og:locale\" content=\"pt_PT\" \/>\n<meta property=\"og:type\" content=\"article\" \/>\n<meta property=\"og:title\" content=\"POST SWISS (a) TEAM - 1997 - WIELERSHIRT - Ton Merckx Wielershirts - Rondreis door de wereld van wielershirts\" \/>\n<meta property=\"og:description\" content=\"Post Swiss Team (POS) was een Zwitsers wielerteam dat bestond van 1996 tot 2001. In 1996 reed dit pro team onder de naam PMU Romand\u2013Bepsa in 1996. Team managers Jacques Michaud, Serge Demierre en Jean-Jacques Loup Renners o.a. Niki Aebersold, Richard Chasso, Daniel Paradis en Daniel Schnider. \u00a0 \u00a0 \u00a0 foto: Niki Aebersold &nbsp; Niki [&hellip;]\" \/>\n<meta property=\"og:url\" content=\"https:\/\/vintagecycling.store\/retro-wielershirt\/post-swiss-team\/\" \/>\n<meta property=\"og:site_name\" content=\"Ton Merckx Wielershirts - Rondreis door de wereld van wielershirts\" \/>\n<meta property=\"article:modified_time\" content=\"2026-01-28T11:00:53+00:00\" \/>\n<meta property=\"og:image\" content=\"https:\/\/vintagecycling.store\/wp-content\/uploads\/2023\/01\/SSA43926.jpg\" \/>\n\t<meta property=\"og:image:width\" content=\"1704\" \/>\n\t<meta property=\"og:image:height\" content=\"2272\" \/>\n\t<meta property=\"og:image:type\" content=\"image\/jpeg\" \/>\n<meta name=\"twitter:card\" content=\"summary_large_image\" \/>\n<meta name=\"twitter:label1\" content=\"Tempo estimado de leitura\" \/>\n\t<meta name=\"twitter:data1\" content=\"2 minutos\" \/>\n<script type=\"application\/ld+json\" class=\"yoast-schema-graph\">{\"@context\":\"https:\\\/\\\/schema.org\",\"@graph\":[{\"@type\":\"WebPage\",\"@id\":\"https:\\\/\\\/vintagecycling.store\\\/retro-wielershirt\\\/post-swiss-team\\\/\",\"url\":\"https:\\\/\\\/vintagecycling.store\\\/retro-wielershirt\\\/post-swiss-team\\\/\",\"name\":\"POST SWISS (a) TEAM - 1997 - WIELERSHIRT - Ton Merckx Wielershirts - Rondreis door de wereld van wielershirts\",\"isPartOf\":{\"@id\":\"https:\\\/\\\/mail.tonmerckxwielershirts.nl\\\/ja\\\/#website\"},\"primaryImageOfPage\":{\"@id\":\"https:\\\/\\\/vintagecycling.store\\\/retro-wielershirt\\\/post-swiss-team\\\/#primaryimage\"},\"image\":{\"@id\":\"https:\\\/\\\/vintagecycling.store\\\/retro-wielershirt\\\/post-swiss-team\\\/#primaryimage\"},\"thumbnailUrl\":\"https:\\\/\\\/tonmerckxwielershirts.nl\\\/wp-content\\\/uploads\\\/2023\\\/01\\\/SSA43926.jpg\",\"datePublished\":\"2023-01-24T18:25:03+00:00\",\"dateModified\":\"2026-01-28T11:00:53+00:00\",\"breadcrumb\":{\"@id\":\"https:\\\/\\\/vintagecycling.store\\\/retro-wielershirt\\\/post-swiss-team\\\/#breadcrumb\"},\"inLanguage\":\"pt-PT\",\"potentialAction\":[{\"@type\":\"ReadAction\",\"target\":[\"https:\\\/\\\/vintagecycling.store\\\/retro-wielershirt\\\/post-swiss-team\\\/\"]}]},{\"@type\":\"ImageObject\",\"inLanguage\":\"pt-PT\",\"@id\":\"https:\\\/\\\/vintagecycling.store\\\/retro-wielershirt\\\/post-swiss-team\\\/#primaryimage\",\"url\":\"https:\\\/\\\/tonmerckxwielershirts.nl\\\/wp-content\\\/uploads\\\/2023\\\/01\\\/SSA43926.jpg\",\"contentUrl\":\"https:\\\/\\\/tonmerckxwielershirts.nl\\\/wp-content\\\/uploads\\\/2023\\\/01\\\/SSA43926.jpg\",\"width\":1704,\"height\":2272},{\"@type\":\"BreadcrumbList\",\"@id\":\"https:\\\/\\\/vintagecycling.store\\\/retro-wielershirt\\\/post-swiss-team\\\/#breadcrumb\",\"itemListElement\":[{\"@type\":\"ListItem\",\"position\":1,\"name\":\"Home\",\"item\":\"https:\\\/\\\/mail.tonmerckxwielershirts.nl\\\/ja\\\/\"},{\"@type\":\"ListItem\",\"position\":2,\"name\":\"Retro wielershirts\",\"item\":\"https:\\\/\\\/mail.tonmerckxwielershirts.nl\\\/ja\\\/%e3%83%ac%e3%83%88%e3%83%ad%e3%81%aa%e3%82%b5%e3%82%a4%e3%82%af%e3%83%ab%e3%82%b8%e3%83%a3%e3%83%bc%e3%82%b8-2\\\/\"},{\"@type\":\"ListItem\",\"position\":3,\"name\":\"POST SWISS (a) TEAM &#8211; 1997 &#8211; WIELERSHIRT\"}]},{\"@type\":\"WebSite\",\"@id\":\"https:\\\/\\\/mail.tonmerckxwielershirts.nl\\\/ja\\\/#website\",\"url\":\"https:\\\/\\\/mail.tonmerckxwielershirts.nl\\\/ja\\\/\",\"name\":\"Ton Merckx Wielershirts - Rondreis door de wereld van wielershirts\",\"description\":\"thousands of original cycling jerseys - order your replica!\",\"publisher\":{\"@id\":\"https:\\\/\\\/mail.tonmerckxwielershirts.nl\\\/ja\\\/#organization\"},\"potentialAction\":[{\"@type\":\"SearchAction\",\"target\":{\"@type\":\"EntryPoint\",\"urlTemplate\":\"https:\\\/\\\/mail.tonmerckxwielershirts.nl\\\/ja\\\/?s={search_term_string}\"},\"query-input\":{\"@type\":\"PropertyValueSpecification\",\"valueRequired\":true,\"valueName\":\"search_term_string\"}}],\"inLanguage\":\"pt-PT\"},{\"@type\":\"Organization\",\"@id\":\"https:\\\/\\\/mail.tonmerckxwielershirts.nl\\\/ja\\\/#organization\",\"name\":\"Ton Merckx Wielershirts - Rondreis door de wereld van wielershirts\",\"url\":\"https:\\\/\\\/mail.tonmerckxwielershirts.nl\\\/ja\\\/\",\"logo\":{\"@type\":\"ImageObject\",\"inLanguage\":\"pt-PT\",\"@id\":\"https:\\\/\\\/mail.tonmerckxwielershirts.nl\\\/ja\\\/#\\\/schema\\\/logo\\\/image\\\/\",\"url\":\"https:\\\/\\\/tonmerckxwielershirts.nl\\\/wp-content\\\/uploads\\\/2023\\\/03\\\/ton-merckx-logo.jpg\",\"contentUrl\":\"https:\\\/\\\/tonmerckxwielershirts.nl\\\/wp-content\\\/uploads\\\/2023\\\/03\\\/ton-merckx-logo.jpg\",\"width\":391,\"height\":57,\"caption\":\"Ton Merckx Wielershirts - Rondreis door de wereld van wielershirts\"},\"image\":{\"@id\":\"https:\\\/\\\/mail.tonmerckxwielershirts.nl\\\/ja\\\/#\\\/schema\\\/logo\\\/image\\\/\"}}]}<\/script>\n<!-- \/ Yoast SEO plugin. -->","yoast_head_json":{"title":"POST SWISS (a) TEAM - 1997 - CAMISA DE CICLISMO - Ton Merckx Cycling Jerseys - Tour pelo mundo das camisas de ciclismo","robots":{"index":"index","follow":"follow","max-snippet":"max-snippet:-1","max-image-preview":"max-image-preview:large","max-video-preview":"max-video-preview:-1"},"canonical":"https:\/\/vintagecycling.store\/retro-wielershirt\/post-swiss-team\/","og_locale":"pt_PT","og_type":"article","og_title":"POST SWISS (a) TEAM - 1997 - WIELERSHIRT - Ton Merckx Wielershirts - Rondreis door de wereld van wielershirts","og_description":"Post Swiss Team (POS) was een Zwitsers wielerteam dat bestond van 1996 tot 2001. In 1996 reed dit pro team onder de naam PMU Romand\u2013Bepsa in 1996. Team managers Jacques Michaud, Serge Demierre en Jean-Jacques Loup Renners o.a. Niki Aebersold, Richard Chasso, Daniel Paradis en Daniel Schnider. \u00a0 \u00a0 \u00a0 foto: Niki Aebersold &nbsp; Niki [&hellip;]","og_url":"https:\/\/vintagecycling.store\/retro-wielershirt\/post-swiss-team\/","og_site_name":"Ton Merckx Wielershirts - Rondreis door de wereld van wielershirts","article_modified_time":"2026-01-28T11:00:53+00:00","og_image":[{"width":1704,"height":2272,"url":"https:\/\/vintagecycling.store\/wp-content\/uploads\/2023\/01\/SSA43926.jpg","type":"image\/jpeg"}],"twitter_card":"summary_large_image","twitter_misc":{"Tempo estimado de leitura":"2 minutos"},"schema":{"@context":"https:\/\/schema.org","@graph":[{"@type":"WebPage","@id":"https:\/\/vintagecycling.store\/retro-wielershirt\/post-swiss-team\/","url":"https:\/\/vintagecycling.store\/retro-wielershirt\/post-swiss-team\/","name":"POST SWISS (a) TEAM - 1997 - CAMISA DE CICLISMO - Ton Merckx Cycling Jerseys - Tour pelo mundo das camisas de ciclismo","isPartOf":{"@id":"https:\/\/mail.tonmerckxwielershirts.nl\/ja\/#website"},"primaryImageOfPage":{"@id":"https:\/\/vintagecycling.store\/retro-wielershirt\/post-swiss-team\/#primaryimage"},"image":{"@id":"https:\/\/vintagecycling.store\/retro-wielershirt\/post-swiss-team\/#primaryimage"},"thumbnailUrl":"https:\/\/tonmerckxwielershirts.nl\/wp-content\/uploads\/2023\/01\/SSA43926.jpg","datePublished":"2023-01-24T18:25:03+00:00","dateModified":"2026-01-28T11:00:53+00:00","breadcrumb":{"@id":"https:\/\/vintagecycling.store\/retro-wielershirt\/post-swiss-team\/#breadcrumb"},"inLanguage":"pt-PT","potentialAction":[{"@type":"ReadAction","target":["https:\/\/vintagecycling.store\/retro-wielershirt\/post-swiss-team\/"]}]},{"@type":"ImageObject","inLanguage":"pt-PT","@id":"https:\/\/vintagecycling.store\/retro-wielershirt\/post-swiss-team\/#primaryimage","url":"https:\/\/tonmerckxwielershirts.nl\/wp-content\/uploads\/2023\/01\/SSA43926.jpg","contentUrl":"https:\/\/tonmerckxwielershirts.nl\/wp-content\/uploads\/2023\/01\/SSA43926.jpg","width":1704,"height":2272},{"@type":"BreadcrumbList","@id":"https:\/\/vintagecycling.store\/retro-wielershirt\/post-swiss-team\/#breadcrumb","itemListElement":[{"@type":"ListItem","position":1,"name":"Home","item":"https:\/\/mail.tonmerckxwielershirts.nl\/ja\/"},{"@type":"ListItem","position":2,"name":"Retro wielershirts","item":"https:\/\/mail.tonmerckxwielershirts.nl\/ja\/%e3%83%ac%e3%83%88%e3%83%ad%e3%81%aa%e3%82%b5%e3%82%a4%e3%82%af%e3%83%ab%e3%82%b8%e3%83%a3%e3%83%bc%e3%82%b8-2\/"},{"@type":"ListItem","position":3,"name":"POST SWISS (a) TEAM &#8211; 1997 &#8211; WIELERSHIRT"}]},{"@type":"WebSite","@id":"https:\/\/mail.tonmerckxwielershirts.nl\/ja\/#website","url":"https:\/\/mail.tonmerckxwielershirts.nl\/ja\/","name":"Camisas de ciclismo Ton Merckx - Tour pelo mundo das camisas de ciclismo","description":"milhares de camisas de ciclismo originais - encomende a sua r\u00e9plica!","publisher":{"@id":"https:\/\/mail.tonmerckxwielershirts.nl\/ja\/#organization"},"potentialAction":[{"@type":"SearchAction","target":{"@type":"EntryPoint","urlTemplate":"https:\/\/mail.tonmerckxwielershirts.nl\/ja\/?s={search_term_string}"},"query-input":{"@type":"PropertyValueSpecification","valueRequired":true,"valueName":"search_term_string"}}],"inLanguage":"pt-PT"},{"@type":"Organization","@id":"https:\/\/mail.tonmerckxwielershirts.nl\/ja\/#organization","name":"Camisas de ciclismo Ton Merckx - Tour pelo mundo das camisas de ciclismo","url":"https:\/\/mail.tonmerckxwielershirts.nl\/ja\/","logo":{"@type":"ImageObject","inLanguage":"pt-PT","@id":"https:\/\/mail.tonmerckxwielershirts.nl\/ja\/#\/schema\/logo\/image\/","url":"https:\/\/tonmerckxwielershirts.nl\/wp-content\/uploads\/2023\/03\/ton-merckx-logo.jpg","contentUrl":"https:\/\/tonmerckxwielershirts.nl\/wp-content\/uploads\/2023\/03\/ton-merckx-logo.jpg","width":391,"height":57,"caption":"Ton Merckx Wielershirts - Rondreis door de wereld van wielershirts"},"image":{"@id":"https:\/\/mail.tonmerckxwielershirts.nl\/ja\/#\/schema\/logo\/image\/"}}]}},"_links":{"self":[{"href":"https:\/\/tonmerckxwielershirts.nl\/pt\/wp-json\/wp\/v2\/product\/5226","targetHints":{"allow":["GET"]}}],"collection":[{"href":"https:\/\/tonmerckxwielershirts.nl\/pt\/wp-json\/wp\/v2\/product"}],"about":[{"href":"https:\/\/tonmerckxwielershirts.nl\/pt\/wp-json\/wp\/v2\/types\/product"}],"wp:featuredmedia":[{"embeddable":true,"href":"https:\/\/tonmerckxwielershirts.nl\/pt\/wp-json\/wp\/v2\/media\/5225"}],"wp:attachment":[{"href":"https:\/\/tonmerckxwielershirts.nl\/pt\/wp-json\/wp\/v2\/media?parent=5226"}],"wp:term":[{"taxonomy":"product_brand","embeddable":true,"href":"https:\/\/tonmerckxwielershirts.nl\/pt\/wp-json\/wp\/v2\/product_brand?post=5226"},{"taxonomy":"product_cat","embeddable":true,"href":"https:\/\/tonmerckxwielershirts.nl\/pt\/wp-json\/wp\/v2\/product_cat?post=5226"},{"taxonomy":"product_tag","embeddable":true,"href":"https:\/\/tonmerckxwielershirts.nl\/pt\/wp-json\/wp\/v2\/product_tag?post=5226"}],"curies":[{"name":"wp","href":"https:\/\/api.w.org\/{rel}","templated":true}]}}